{"id":83731,"date":"2023-09-09T19:07:17","date_gmt":"2023-09-09T23:07:17","guid":{"rendered":"https:\/\/monatglobal.com\/ca\/?page_id=83731"},"modified":"2023-09-14T15:07:07","modified_gmt":"2023-09-14T19:07:07","slug":"skincare-makeup-launch-party","status":"publish","type":"page","link":"https:\/\/monatglobal.com\/ca\/skincare-makeup-launch-party\/?lang=fr","title":{"rendered":"Skincare Makeup Launch Party"},"content":{"rendered":"\n\n\t    <!-- HERO SECTION -->\n        <img decoding=\"async\" src=\"https:\/\/monatglobal.com\/wp-content\/uploads\/2023\/09\/FR-LogoSkincareMakeup-2.svg\" alt=\"logo Skincare Make up\"\/>\n        <h2>COMPTE \u00c0 REBOURS DU LANCEMENT OFFICIEL :<\/h2>\n  <!-- COUNTDOWN -->\n            <h2 id=\"day\">0<\/h2>\n            JOURS\n            <h2 id=\"hour\">0<\/h2>\n            HEURES\n            <h2 id=\"minute\">0<\/h2>\n            MINUTES\n            <h2 id=\"second\">0<\/h2>\n            SECONDES\n    <!-- END OF COUNTDOWN -->\n  <!-- END OF HERO SECTION -->\n  <!-- IFRAME video -->\n          <!-- USA FR -->\n          <iframe src=\"https:\/\/www.youtube.com\/embed\/4i3-hQuvVYg\" frameborder=\"0\" allow=\"fullscreen; accelerometer; autoplay; clipboard-write; encrypted-media; gyroscope; picture-in-picture; web-share\"><\/iframe>\n  <!-- LAUNCH PARTY SECTION -->\n           <!--<img decoding=\"async\" src=\"images\/logo-ae.gif\" alt=\"logo_launch_party\"\/> -->\n             <img decoding=\"async\" src=\"https:\/\/monatglobal.com\/wp-content\/uploads\/2023\/09\/logo-ae_FR_CAN.gif\" alt=\"Logo MONAT Skincare MakeUp Party Launch\" \/>\n           <h2>Le 14 sept. 2023 | 19 h, HE<\/h2>\n        <h2>Rejoignez-nous. Apprenez. Magasinez.<\/h2>\n        <p>Vous mourez d&#8217;envie d&#8217;en savoir plus sur la NOUVELLE gamme de maquillage soin MONAT?<\/p>\n        <br \/>\n        <p>Vous avez h\u00e2te de les VOIR, les ACHETER et les AIMER?<\/p>\n        <br \/>\n        INSCRIVEZ-VOUS D\u00c8S AUJOURD&#8217;HUI POUR<br \/>\n  recevoir une participation pour nos TIRAGES EN DIRECT<br \/>\n  et courez la chance de gagner le MAQUILLAGE SOIN MONAT PLEINE TAILLE!\n  \n          <a href=\"https:\/\/forms.office.com\/pages\/responsepage.aspx?id=khlLHBrq_UuAR8p4_ZmdfYOCUVV12ZZHnJlDxaRdbrJUQTVISkVVRERVMzA0STFPSENUNjdOS0lZSC4u\">S&#8217;INSCRIRE<\/a>\n  <!-- END OF LAUNCH PARTY SECTION -->\n  <!-- EXPERTS SECTION -->\n          <img decoding=\"async\" src=\"https:\/\/monatglobal.com\/wp-content\/uploads\/2023\/08\/Beth-Balsdon-headshot.jpg\" alt=\"Bethany Balsdon\"\/>\n        <h3>Bethany Balsdon<\/h3>\n        Premi\u00e8re directrice,<br \/>L&#8217;exp\u00e9rience de partenaire de march\u00e9\net la reconnaissance\n\n          <img decoding=\"async\" src=\"https:\/\/monatglobal.com\/wp-content\/uploads\/2023\/08\/Zulima-Garcia-headshot.jpg\" alt=\"Zulima Garcia\"\/>\n        <h3>Zulima Garcia<\/h3>\n        <p>Directrice principale<br \/>D\u00e9veloppement des produits \u00e0 l&#8217;\u00e9chelle mondiale<\/p>\n          <img decoding=\"async\" src=\"https:\/\/monatglobal.com\/wp-content\/uploads\/2023\/08\/Sara-Lininger-headshot.jpeg\" alt=\"Sara Lininger\"\/>\n        <h3>Sara Lininger<\/h3>\n        <p>Directrice ex\u00e9cutive associ\u00e9e<\/p>\n    <h2>Joignez-vous \u00e0 nos experts pour une exposition d\u00e9taill\u00e9e comprenant les faits, les bienfaits et des d\u00e9monstrations en direct de toute la gamme :<\/h2>\n  <!-- END OF EXPERTS SECTION -->\n      <img decoding=\"async\" src=\"https:\/\/monatglobal.com\/wp-content\/uploads\/2023\/08\/MONAT_2023_Makeup-Skin-Care_Product-Group.jpg\" usemap=\"#image_map\"\/>\n  <!-- products grid -->\n          <img decoding=\"async\" src=\"https:\/\/monatglobal.com\/wp-content\/uploads\/2023\/08\/MONAT_2023_Makeup-Skin-Care_Model_Brighten-Correct-Concealer.jpg\" alt=\"\"\/>\n          <p>Anticerne \u00c9clat + Correction Brighten + Correct Concealer<sup>TM<\/sup><\/p>\n          <img decoding=\"async\" src=\"https:\/\/monatglobal.com\/wp-content\/uploads\/2023\/08\/MONAT_2023_SKINCARE-MAKEUP_Transluscent-Loose-Powder.jpg\" alt=\"\"\/>\n            <p>Poudre libre MONAT Perfecting Translucent Loose Powder<sup>TM<\/sup><\/p>\n          <img decoding=\"async\" src=\"https:\/\/monatglobal.com\/wp-content\/uploads\/2023\/08\/MONAT_2023_SKINCARE-MAKEUP_Radiant-Bronzer.jpg\" alt=\"\"\/>\n            <p>Poudre bronzante MONAT Radiant Bronzer<sup>TM<\/sup><\/p>\n          <img decoding=\"async\" src=\"https:\/\/monatglobal.com\/wp-content\/uploads\/2023\/08\/MONAT_2023_SKINCARE-MAKEUP_IR-Clinical-Mascara.jpg\" alt=\"\"\/>\n            <p>Mascara MONAT IR Clinical<sup>TM<\/sup><\/p>\n          <img decoding=\"async\" src=\"https:\/\/monatglobal.com\/wp-content\/uploads\/2023\/08\/MONAT_2023_SKINCARE-MAKEUP_IR-Clear-Brow-Gel.jpg\" alt=\"\"\/>\n            <p>Gel transparent pour sourcils MONAT IR Clinical<sup>TM<\/sup><\/p>\n          <img decoding=\"async\" src=\"https:\/\/monatglobal.com\/wp-content\/uploads\/2023\/08\/MONAT_2023_SKINCARE-MAKEUP_Hydrating-Liquid-Gel-Cream-Blush.jpg\" alt=\"\"\/>\n            <p>Blush cr\u00e8me + gel liquide hydratant MONAT Hydrating Liquid-Gel Cream Blush<sup>TM<\/sup><\/p>\n          <img decoding=\"async\" src=\"https:\/\/monatglobal.com\/wp-content\/uploads\/2023\/08\/MONAT_2023_Makeup-Skin-Care_Product_Liquid-Lipstick.jpg\" alt=\"\"\/>\n            <p>Rouge \u00e0 l\u00e8vres liquide MONAT Liquid Lipstick<sup>TM<\/sup><\/p>\n  <!-- end of products grid -->\n  <!-- party quote -->\n    <h2>Quand la f\u00eate se termine, <br \/>le magasinage commence pour tout le monde.<\/h2>\n    Pr\u00e9parez-vous \u00e0 essayer la gamme de maquillage soin MONAT vous-m\u00eame.\nLes d\u00e9tails seront annonc\u00e9s EN DIRECT pendant l&#8217;\u00e9v\u00e8nement!\n\n  <!-- end of party quote -->\n    <!-- future section -->\n          <h2>L&#8217;avenir du maquillage <br \/>est arriv\u00e9.<\/h2>\n            <a href=\"https:\/\/forms.office.com\/pages\/responsepage.aspx?id=khlLHBrq_UuAR8p4_ZmdfYOCUVV12ZZHnJlDxaRdbrJUQTVISkVVRERVMzA0STFPSENUNjdOS0lZSC4u\">S&#8217;INSCRIRE<\/a>\n        <video src=\"https:\/\/monatglobal.com\/wp-content\/uploads\/2023\/08\/Models-Gif_I.mp4\" alt=\"\" muted autoplay loop><\/video>\n    <!-- end of future section -->\n\n","protected":false},"excerpt":{"rendered":"<p>COMPTE \u00c0 REBOURS DU LANCEMENT OFFICIEL : 0 JOURS 0 HEURES 0 MINUTES 0 SECONDES Le 14 sept. 2023 | 19 h, HE Rejoignez-nous. Apprenez. Magasinez. Vous mourez d&#8217;envie d&#8217;en savoir plus sur la NOUVELLE gamme de maquillage soin MONAT? Vous avez h\u00e2te de les VOIR, les ACHETER et les AIMER? INSCRIVEZ-VOUS D\u00c8S AUJOURD&#8217;HUI POUR&hellip;<\/p>\n","protected":false},"author":34,"featured_media":0,"parent":0,"menu_order":0,"comment_status":"closed","ping_status":"closed","template":"","meta":{"inline_featured_image":false,"om_disable_all_campaigns":false,"_monsterinsights_skip_tracking":false,"_monsterinsights_sitenote_active":false,"_monsterinsights_sitenote_note":"","_monsterinsights_sitenote_category":0,"footnotes":""},"categories":[],"tags":[],"class_list":["post-83731","page","type-page","status-publish","hentry"],"aioseo_notices":[],"aioseo_head":"\n\t\t<!-- All in One SEO Pro 4.9.6 - aioseo.com -->\n\t<meta name=\"description\" content=\"COMPTE \u00c0 REBOURS DU LANCEMENT OFFICIEL : 0 JOURS 0 HEURES 0 MINUTES 0 SECONDES Le 14 sept. 2023 | 19 h, HE Rejoignez-nous. Apprenez. Magasinez. Vous mourez d&#039;envie d&#039;en savoir plus sur la NOUVELLE gamme de maquillage soin MONAT? Vous avez h\u00e2te de les VOIR, les ACHETER et les AIMER? INSCRIVEZ-VOUS D\u00c8S AUJOURD&#039;HUI POUR\" \/>\n\t<meta name=\"robots\" content=\"max-image-preview:large\" \/>\n\t<link rel=\"canonical\" href=\"https:\/\/monatglobal.com\/ca\/skincare-makeup-launch-party\/?lang=fr\" \/>\n\t<meta name=\"generator\" content=\"All in One SEO Pro (AIOSEO) 4.9.6\" \/>\n\t\t<meta property=\"og:locale\" content=\"en_US\" \/>\n\t\t<meta property=\"og:site_name\" content=\"Monat Canada English - We Are Modern Nature\" \/>\n\t\t<meta property=\"og:type\" content=\"article\" \/>\n\t\t<meta property=\"og:title\" content=\"Skincare Makeup Launch Party - Monat Canada English\" \/>\n\t\t<meta property=\"og:description\" content=\"COMPTE \u00c0 REBOURS DU LANCEMENT OFFICIEL : 0 JOURS 0 HEURES 0 MINUTES 0 SECONDES Le 14 sept. 2023 | 19 h, HE Rejoignez-nous. Apprenez. Magasinez. Vous mourez d&#039;envie d&#039;en savoir plus sur la NOUVELLE gamme de maquillage soin MONAT? Vous avez h\u00e2te de les VOIR, les ACHETER et les AIMER? INSCRIVEZ-VOUS D\u00c8S AUJOURD&#039;HUI POUR\" \/>\n\t\t<meta property=\"og:url\" content=\"https:\/\/monatglobal.com\/ca\/skincare-makeup-launch-party\/?lang=fr\" \/>\n\t\t<meta property=\"article:published_time\" content=\"2023-09-09T23:07:17+00:00\" \/>\n\t\t<meta property=\"article:modified_time\" content=\"2023-09-14T19:07:07+00:00\" \/>\n\t\t<meta name=\"twitter:card\" content=\"summary_large_image\" \/>\n\t\t<meta name=\"twitter:title\" content=\"Skincare Makeup Launch Party - Monat Canada English\" \/>\n\t\t<meta name=\"twitter:description\" content=\"COMPTE \u00c0 REBOURS DU LANCEMENT OFFICIEL : 0 JOURS 0 HEURES 0 MINUTES 0 SECONDES Le 14 sept. 2023 | 19 h, HE Rejoignez-nous. Apprenez. Magasinez. Vous mourez d&#039;envie d&#039;en savoir plus sur la NOUVELLE gamme de maquillage soin MONAT? Vous avez h\u00e2te de les VOIR, les ACHETER et les AIMER? INSCRIVEZ-VOUS D\u00c8S AUJOURD&#039;HUI POUR\" \/>\n\t\t<script type=\"application\/ld+json\" class=\"aioseo-schema\">\n\t\t\t{\"@context\":\"https:\\\/\\\/schema.org\",\"@graph\":[{\"@type\":\"BreadcrumbList\",\"@id\":\"https:\\\/\\\/monatglobal.com\\\/ca\\\/skincare-makeup-launch-party\\\/?lang=fr#breadcrumblist\",\"itemListElement\":[{\"@type\":\"ListItem\",\"@id\":\"https:\\\/\\\/monatglobal.com\\\/ca#listItem\",\"position\":1,\"name\":\"Home\",\"item\":\"https:\\\/\\\/monatglobal.com\\\/ca\",\"nextItem\":{\"@type\":\"ListItem\",\"@id\":\"https:\\\/\\\/monatglobal.com\\\/ca\\\/skincare-makeup-launch-party\\\/?lang=fr#listItem\",\"name\":\"Skincare Makeup Launch Party\"}},{\"@type\":\"ListItem\",\"@id\":\"https:\\\/\\\/monatglobal.com\\\/ca\\\/skincare-makeup-launch-party\\\/?lang=fr#listItem\",\"position\":2,\"name\":\"Skincare Makeup Launch Party\",\"previousItem\":{\"@type\":\"ListItem\",\"@id\":\"https:\\\/\\\/monatglobal.com\\\/ca#listItem\",\"name\":\"Home\"}}]},{\"@type\":\"Organization\",\"@id\":\"https:\\\/\\\/monatglobal.com\\\/ca\\\/#organization\",\"name\":\"Monat Canada English\",\"description\":\"We Are Modern Nature\",\"url\":\"https:\\\/\\\/monatglobal.com\\\/ca\\\/\"},{\"@type\":\"WebPage\",\"@id\":\"https:\\\/\\\/monatglobal.com\\\/ca\\\/skincare-makeup-launch-party\\\/?lang=fr#webpage\",\"url\":\"https:\\\/\\\/monatglobal.com\\\/ca\\\/skincare-makeup-launch-party\\\/?lang=fr\",\"name\":\"Skincare Makeup Launch Party - Monat Canada English\",\"description\":\"COMPTE \\u00c0 REBOURS DU LANCEMENT OFFICIEL : 0 JOURS 0 HEURES 0 MINUTES 0 SECONDES Le 14 sept. 2023 | 19 h, HE Rejoignez-nous. Apprenez. Magasinez. Vous mourez d'envie d'en savoir plus sur la NOUVELLE gamme de maquillage soin MONAT? Vous avez h\\u00e2te de les VOIR, les ACHETER et les AIMER? INSCRIVEZ-VOUS D\\u00c8S AUJOURD'HUI POUR\",\"inLanguage\":\"en-US\",\"isPartOf\":{\"@id\":\"https:\\\/\\\/monatglobal.com\\\/ca\\\/#website\"},\"breadcrumb\":{\"@id\":\"https:\\\/\\\/monatglobal.com\\\/ca\\\/skincare-makeup-launch-party\\\/?lang=fr#breadcrumblist\"},\"datePublished\":\"2023-09-09T19:07:17-04:00\",\"dateModified\":\"2023-09-14T15:07:07-04:00\"},{\"@type\":\"WebSite\",\"@id\":\"https:\\\/\\\/monatglobal.com\\\/ca\\\/#website\",\"url\":\"https:\\\/\\\/monatglobal.com\\\/ca\\\/\",\"name\":\"Monat Canada English\",\"description\":\"We Are Modern Nature\",\"inLanguage\":\"en-US\",\"publisher\":{\"@id\":\"https:\\\/\\\/monatglobal.com\\\/ca\\\/#organization\"}}]}\n\t\t<\/script>\n\t\t<!-- All in One SEO Pro -->\r\n\t\t<title>Skincare Makeup Launch Party - Monat Canada English<\/title>\n\n","aioseo_head_json":{"title":"Skincare Makeup Launch Party - Monat Canada English","description":"COMPTE \u00c0 REBOURS DU LANCEMENT OFFICIEL : 0 JOURS 0 HEURES 0 MINUTES 0 SECONDES Le 14 sept. 2023 | 19 h, HE Rejoignez-nous. Apprenez. Magasinez. Vous mourez d'envie d'en savoir plus sur la NOUVELLE gamme de maquillage soin MONAT? Vous avez h\u00e2te de les VOIR, les ACHETER et les AIMER? INSCRIVEZ-VOUS D\u00c8S AUJOURD'HUI POUR","canonical_url":"https:\/\/monatglobal.com\/ca\/skincare-makeup-launch-party\/?lang=fr","robots":"max-image-preview:large","keywords":"","webmasterTools":{"miscellaneous":""},"schema":{"@context":"https:\/\/schema.org","@graph":[{"@type":"BreadcrumbList","@id":"https:\/\/monatglobal.com\/ca\/skincare-makeup-launch-party\/?lang=fr#breadcrumblist","itemListElement":[{"@type":"ListItem","@id":"https:\/\/monatglobal.com\/ca#listItem","position":1,"name":"Home","item":"https:\/\/monatglobal.com\/ca","nextItem":{"@type":"ListItem","@id":"https:\/\/monatglobal.com\/ca\/skincare-makeup-launch-party\/?lang=fr#listItem","name":"Skincare Makeup Launch Party"}},{"@type":"ListItem","@id":"https:\/\/monatglobal.com\/ca\/skincare-makeup-launch-party\/?lang=fr#listItem","position":2,"name":"Skincare Makeup Launch Party","previousItem":{"@type":"ListItem","@id":"https:\/\/monatglobal.com\/ca#listItem","name":"Home"}}]},{"@type":"Organization","@id":"https:\/\/monatglobal.com\/ca\/#organization","name":"Monat Canada English","description":"We Are Modern Nature","url":"https:\/\/monatglobal.com\/ca\/"},{"@type":"WebPage","@id":"https:\/\/monatglobal.com\/ca\/skincare-makeup-launch-party\/?lang=fr#webpage","url":"https:\/\/monatglobal.com\/ca\/skincare-makeup-launch-party\/?lang=fr","name":"Skincare Makeup Launch Party - Monat Canada English","description":"COMPTE \u00c0 REBOURS DU LANCEMENT OFFICIEL : 0 JOURS 0 HEURES 0 MINUTES 0 SECONDES Le 14 sept. 2023 | 19 h, HE Rejoignez-nous. Apprenez. Magasinez. Vous mourez d'envie d'en savoir plus sur la NOUVELLE gamme de maquillage soin MONAT? Vous avez h\u00e2te de les VOIR, les ACHETER et les AIMER? INSCRIVEZ-VOUS D\u00c8S AUJOURD'HUI POUR","inLanguage":"en-US","isPartOf":{"@id":"https:\/\/monatglobal.com\/ca\/#website"},"breadcrumb":{"@id":"https:\/\/monatglobal.com\/ca\/skincare-makeup-launch-party\/?lang=fr#breadcrumblist"},"datePublished":"2023-09-09T19:07:17-04:00","dateModified":"2023-09-14T15:07:07-04:00"},{"@type":"WebSite","@id":"https:\/\/monatglobal.com\/ca\/#website","url":"https:\/\/monatglobal.com\/ca\/","name":"Monat Canada English","description":"We Are Modern Nature","inLanguage":"en-US","publisher":{"@id":"https:\/\/monatglobal.com\/ca\/#organization"}}]},"og:locale":"en_US","og:site_name":"Monat Canada English - We Are Modern Nature","og:type":"article","og:title":"Skincare Makeup Launch Party - Monat Canada English","og:description":"COMPTE \u00c0 REBOURS DU LANCEMENT OFFICIEL : 0 JOURS 0 HEURES 0 MINUTES 0 SECONDES Le 14 sept. 2023 | 19 h, HE Rejoignez-nous. Apprenez. Magasinez. Vous mourez d'envie d'en savoir plus sur la NOUVELLE gamme de maquillage soin MONAT? Vous avez h\u00e2te de les VOIR, les ACHETER et les AIMER? INSCRIVEZ-VOUS D\u00c8S AUJOURD'HUI POUR","og:url":"https:\/\/monatglobal.com\/ca\/skincare-makeup-launch-party\/?lang=fr","article:published_time":"2023-09-09T23:07:17+00:00","article:modified_time":"2023-09-14T19:07:07+00:00","twitter:card":"summary_large_image","twitter:title":"Skincare Makeup Launch Party - Monat Canada English","twitter:description":"COMPTE \u00c0 REBOURS DU LANCEMENT OFFICIEL : 0 JOURS 0 HEURES 0 MINUTES 0 SECONDES Le 14 sept. 2023 | 19 h, HE Rejoignez-nous. Apprenez. Magasinez. Vous mourez d'envie d'en savoir plus sur la NOUVELLE gamme de maquillage soin MONAT? Vous avez h\u00e2te de les VOIR, les ACHETER et les AIMER? INSCRIVEZ-VOUS D\u00c8S AUJOURD'HUI POUR"},"aioseo_meta_data":{"post_id":"83731","title":null,"description":null,"keywords":[],"keyphrases":{"focus":{"keyphrase":"","score":0,"analysis":{"keyphraseInTitle":{"score":0,"maxScore":9,"error":1}}},"additional":[]},"primary_term":null,"canonical_url":null,"og_title":null,"og_description":null,"og_object_type":"default","og_image_type":"default","og_image_url":null,"og_image_width":null,"og_image_height":null,"og_image_custom_url":null,"og_image_custom_fields":null,"og_video":"","og_custom_url":null,"og_article_section":null,"og_article_tags":[],"twitter_use_og":false,"twitter_card":"default","twitter_image_type":"default","twitter_image_url":null,"twitter_image_custom_url":null,"twitter_image_custom_fields":null,"twitter_title":null,"twitter_description":null,"schema":{"blockGraphs":[],"customGraphs":[],"default":{"data":{"Article":[],"Course":[],"Dataset":[],"FAQPage":[],"Movie":[],"Person":[],"Product":[],"ProductReview":[],"Car":[],"Recipe":[],"Service":[],"SoftwareApplication":[],"WebPage":[]},"graphName":"WebPage","isEnabled":true},"graphs":[]},"schema_type":"default","schema_type_options":null,"pillar_content":false,"robots_default":true,"robots_noindex":false,"robots_noarchive":false,"robots_nosnippet":false,"robots_nofollow":false,"robots_noimageindex":false,"robots_noodp":false,"robots_notranslate":false,"robots_max_snippet":"-1","robots_max_videopreview":"-1","robots_max_imagepreview":"large","priority":null,"frequency":"default","local_seo":null,"seo_analyzer_scan_date":"2026-02-10 20:55:34","limit_modified_date":false,"reviewed_by":null,"open_ai":null,"ai":null,"created":"2023-09-01 17:56:55","updated":"2026-02-10 20:55:34"},"aioseo_breadcrumb":"<div class=\"aioseo-breadcrumbs\"><span class=\"aioseo-breadcrumb\">\n\t<a href=\"https:\/\/monatglobal.com\/ca\" title=\"Home\">Home<\/a>\n<\/span><span class=\"aioseo-breadcrumb-separator\">&raquo;<\/span><span class=\"aioseo-breadcrumb\">\n\tSkincare Makeup Launch Party\n<\/span><\/div>","aioseo_breadcrumb_json":[{"label":"Home","link":"https:\/\/monatglobal.com\/ca"},{"label":"Skincare Makeup Launch Party","link":"https:\/\/monatglobal.com\/ca\/skincare-makeup-launch-party\/?lang=fr"}],"_links":{"self":[{"href":"https:\/\/monatglobal.com\/ca\/wp-json\/wp\/v2\/pages\/83731","targetHints":{"allow":["GET"]}}],"collection":[{"href":"https:\/\/monatglobal.com\/ca\/wp-json\/wp\/v2\/pages"}],"about":[{"href":"https:\/\/monatglobal.com\/ca\/wp-json\/wp\/v2\/types\/page"}],"author":[{"embeddable":true,"href":"https:\/\/monatglobal.com\/ca\/wp-json\/wp\/v2\/users\/34"}],"replies":[{"embeddable":true,"href":"https:\/\/monatglobal.com\/ca\/wp-json\/wp\/v2\/comments?post=83731"}],"version-history":[{"count":17,"href":"https:\/\/monatglobal.com\/ca\/wp-json\/wp\/v2\/pages\/83731\/revisions"}],"predecessor-version":[{"id":84136,"href":"https:\/\/monatglobal.com\/ca\/wp-json\/wp\/v2\/pages\/83731\/revisions\/84136"}],"wp:attachment":[{"href":"https:\/\/monatglobal.com\/ca\/wp-json\/wp\/v2\/media?parent=83731"}],"wp:term":[{"taxonomy":"category","embeddable":true,"href":"https:\/\/monatglobal.com\/ca\/wp-json\/wp\/v2\/categories?post=83731"},{"taxonomy":"post_tag","embeddable":true,"href":"https:\/\/monatglobal.com\/ca\/wp-json\/wp\/v2\/tags?post=83731"}],"curies":[{"name":"wp","href":"https:\/\/api.w.org\/{rel}","templated":true}]}}