{"id":83618,"date":"2023-08-26T22:31:45","date_gmt":"2023-08-27T02:31:45","guid":{"rendered":"https:\/\/monatglobal.com\/ca\/?page_id=83618"},"modified":"2026-01-28T17:48:37","modified_gmt":"2026-01-28T22:48:37","slug":"makeup-loose-powder","status":"publish","type":"page","link":"https:\/\/monatglobal.com\/ca\/makeup-loose-powder\/?lang=fr","title":{"rendered":"Translucent Loose Powder | MONAT Makeup | Vegan Loose Powder"},"content":{"rendered":"\n\n\t<link rel=\"stylesheet\" href=\"https:\/\/monatglobal.com\/wp-content\/creative_css\/product_styles_sheet.css\"\/>\n    <!--==================================================== ECOMM SECTION ====================================================-->\n        <!--==================================================== Ecomm image ====================================================-->\n            NOUVEAU\n                    <img decoding=\"async\" alt=\"\" src=\"\" loading=\"lazy\"\/>\n                    <img decoding=\"async\" alt=\"\" src=\"\" loading=\"lazy\"\/>\n                        <img decoding=\"async\" alt=\"\" src=\"\" data-lbxp=\"\" loading=\"lazy\"\/>\n                        <img decoding=\"async\" alt=\"\" src=\"\" loading=\"lazy\"\/>\n        <!--==================================================== Ecomm information  ====================================================-->\n            NOUVEAU\n            <h1>Poudre libre MONAT <br \/>Perfecting Translucent Loose Powder\u2122<\/h1>\n            <p>MONAT<\/p>\n            <p>Vitamine E et pigments min\u00e9raux<\/p>\n            <p>Elle fixe le maquillage pour un look impeccable, digne d&#8217;une application \u00e0&nbsp;l&#8217;a\u00e9rographe.<\/p>\n            <p>Poids net 0,34 oz (9,5 g)<\/p>\n            \n                <label><input type=\"radio\" name=\"toneLoosePowder\"\/><\/label>\n                <label><input type=\"radio\" name=\"toneLoosePowder\"\/><\/label>\n           <!--==================================================== pricing box ====================================================-->    \n                    <p>Prix de d\u00e9tail<br \/>00.00 $ CA<\/p>\n                    <p>Prix de client VIP<br \/>00.00 $ CA<\/p>\n           <!--==================================================== pricing box ====================================================-->  \n            <p>Pour en savoir plus sur la  Poudre libre MONAT Perfecting Translucent Loose Powder\u2122\ufe0f, veuillez contacter votre partenaire de march\u00e9&nbsp;MONAT.<\/p>\n                <a href=\"\" target=\"_blank\" role=\"button\" aria-label=\"\" rel=\"noopener\"><\/a>\n    <!--==================================================== \/ECOMM SECTION  ====================================================-->\n    <!--==================================================== Benefits image ====================================================-->\n    \n        <source id=\"benefitsMobImg\" media=\"(max-width: 700px)\" srcset=\"\" loading=\"lazy\"\/>\n        <img decoding=\"async\" id=\"benefitsImg\" src=\"\" alt=\"\" loading=\"lazy\"\/>\n    \n    <!--==================================================== Benefits text ====================================================-->\n            <h2>BIENFAITS<\/h2>\n            <h3>Ce produit contient des ingr\u00e9dients pour dorloter la peau et donne une finition impeccable.<\/h3>\n            <p> Cette poudre fixatrice sans talc compos\u00e9e de vitamine E et de pigments min\u00e9raux am\u00e9liore l&#8217;apparence de la peau, lisse les imperfections et \u00e9limine l&#8217;exc\u00e8s de brillance pour un look impeccable, digne d&#8217;une application \u00e0&nbsp;l&#8217;a\u00e9rographe.<\/p>\n            <!--==================================================== features image slide  ====================================================-->\n                    <img decoding=\"async\" src=\"\" alt=\"\" loading=\"lazy\"\/>\n                    <img decoding=\"async\" src=\"\" alt=\"\" loading=\"lazy\"\/>\n                    <img decoding=\"async\" src=\"\" alt=\"\" loading=\"lazy\"\/>\n        <!--==================================================== features text ====================================================-->\n                <h3>Caract\u00e9ristiques<\/h3>\n                    <p>\/ Elle se d\u00e9cline en deux teintes qui se fondent \u00e0 la&nbsp;peau<\/p>\n                    <p>\/ La formule sans talc aide \u00e0 hydrater la&nbsp;peau*<\/p> \n                    <p>\/ Elle fixe et scelle le maquillage pour tenir toute la&nbsp;journ\u00e9e*<\/p> \n                    <p>\/ Son effet matifiant r\u00e9duit la&nbsp;brillance*<\/p>\n                    <p>\/ Elle ne p\u00e9n\u00e8tre pas dans les&nbsp;pores*<\/p>\n                    <p>\/ Elle camoufle et lisse les imperfections, les ridules et les&nbsp;rides*<\/p>\n                    <br \/>\n                <p>Parfum \/ Non parfum\u00e9 <\/p>\n                <p>Texture \/ Poudre soyeuse<\/p>\n                <p>*Bas\u00e9 sur une \u00e9tude de consommateurs men\u00e9e aupr\u00e8s de 35 femmes \u00e2g\u00e9es de 20 \u00e0 60 ans qui utilisent une poudre libre \u00e0 pr\u00e9sent. Test\u00e9 par un laboratoire&nbsp;ind\u00e9pendant.<\/p>\n    <!--==================================================== composition image mobile ====================================================-->\n    <img decoding=\"async\" src=\"\" alt=\"\" loading=\"lazy\"\/>\n    <!--==================================================== Why it works text ====================================================-->\n        <h3>Elle nourrit la peau tout en fixant le&nbsp;maquillage.<\/h3>\n        <p>Cette l\u00e9g\u00e8re poudre fixatrice sans talc est translucide et contient de la vitamine E et des pigments min\u00e9raux pour aider \u00e0 hydrater la peau et en am\u00e9liorer l&#8217;apparence. Elle camoufle les pores et r\u00e9duit l&#8217;apparence des ridules et des rides pour un look naturel et&nbsp;radieux.<\/p>\n<!--==================================================== Composition section ====================================================-->\n        <img decoding=\"async\" src=\"\" alt=\"\" loading=\"lazy\"\/>\n        <img decoding=\"async\" id=\"compImg_2\" src=\"\" alt=\"\" loading=\"lazy\"\/>\n                <!--==================================================== Directions text ====================================================--> \n                    <h3>Mode d&#8217;emploi<\/h3>\n                        <p>\/ Tapoter pour verser la quantit\u00e9 de produit d\u00e9sir\u00e9e dans le&nbsp;couvercle.<\/p> \n                        <p>\/ Faire tourner le pinceau ou l&#8217;applicateur souhait\u00e9 dans la poudre pour la&nbsp;r\u00e9cup\u00e9rer.<\/p>\n                        <p>\/ Tapoter pour retirer l&#8217;exc\u00e9dent de poudre et appliquer sur le visage pour fixer le maquillage ou \u00e9liminer l&#8217;exc\u00e9dent de&nbsp;s\u00e9bum.<\/p>\n                <!--==================================================== Directions video ====================================================-->\n         <p>Poudre libre MONAT <br \/>Perfecting Translucent<br \/> Loose Powder\u2122\ufe0f <br \/>7:20<\/p>\n        <a href=\"\" target=\"_blank\" role=\"button\" aria-label=\"\" rel=\"noopener\"><\/a>\n    <!--==================================================== Ingredients section  ====================================================-->\n        <h2>INGR\u00c9DIENTS CL\u00c9S<\/h2>\n                    <img decoding=\"async\" alt=\"rejuveniqe icon\" src=\"https:\/\/monatglobal.com\/wp-content\/uploads\/2022\/11\/REJUVENIQES.svg\"\/> \n                    <p>REJUVENIQE S\u2122<\/p>\n                    <img decoding=\"async\" alt=\"Vitamin E icon\" src=\"https:\/\/monatglobal.com\/wp-content\/uploads\/2022\/09\/Vitamin-E.svg\"\/> \n                    <p>Vitamine E<\/p>\n                    <img decoding=\"async\" alt=\"Vitamin E icon\" src=\"https:\/\/monatglobal.com\/wp-content\/uploads\/2023\/08\/olive-oil.svg\"\/> \n                    <p>Huile d&#8217;olive<\/p>\n        <button id=\"myBtn\" type=\"button\">\nLISTE D&#8217;INGR\u00c9DIENTS<\/button>\n        <!--==================================================== Modal content  ====================================================-->\n            \u00d7\n            <p>Mica, Silica, Lauroyl Lysine, Zea Mays (Corn) Starch, Nylon-12, Caprylic\/Capric Triglyceride, Magnesium Myristate, Tocopheryl Acetate, Helianthus Annuus (Sunflower) Seed Oil, Mauritia Flexuosa Fruit Oil, Moringa Oleifera Seed Oil, Ascorbyl Palmitate, Glycine Soja (Soybean) Oil, Olea Europaea (Olive) Fruit Oil, Limnanthes Alba (Meadowfoam) Seed Oil, Crambe Abyssinica Seed Oil, Camellia Oleifera Seed Oil, Solanum Lycopersicum (Tomato) Seed Oil, Daucus Carota Sativa (Carrot) Seed Oil, Simmondsia Chinensis (Jojoba) Seed Extract, Adansonia Digitata Oil, Caryocar Brasiliense Fruit Oil, Citrus Aurantifolia (Lime) Oil, Citrus Aurantium Bergamia (Bergamot) Fruit Oil, Citrus Limon (Lemon) Peel Oil, Cocos Nucifera (Coconut) Oil, Gardenia Taitensis Flower Extract, Methicone, Aqua\/Water\/Eau, Ethylhexyl Palmitate, May Contain (+\/-): Iron Oxides (CI 77491, CI 77492, CI 77499), Manganese Violet (CI 77742), Blue 1 lake (CI 42090), Ultramarines (CI 77007), Ferric Ammonium Ferrocyanide (CI 77510).<\/p>\n    <!--==================================================== You might also like section ====================================================-->\n        <h2>VOUS POURRIEZ AUSSI AIMER<\/h2>\n        <!--==================================================== Slider YOU MIGHT ALSO LIKE ====================================================-->\n            <!-- If we need navigation buttons -->\n            <!-- If we need paginations -->\n    <a href=\"\" aria-label=\"\"><\/a>\n<!--==================================================== this link has to go last for it to work   ====================================================-->\n\n","protected":false},"excerpt":{"rendered":"<p>NOUVEAU NOUVEAU Poudre libre MONAT Perfecting Translucent Loose Powder\u2122 MONAT Vitamine E et pigments min\u00e9raux Elle fixe le maquillage pour un look impeccable, digne d&#8217;une application \u00e0&nbsp;l&#8217;a\u00e9rographe. Poids net 0,34 oz (9,5 g) Prix de d\u00e9tail00.00 $ CA Prix de client VIP00.00 $ CA Pour en savoir plus sur la Poudre libre MONAT Perfecting Translucent&hellip;<\/p>\n","protected":false},"author":31,"featured_media":83621,"parent":0,"menu_order":0,"comment_status":"closed","ping_status":"closed","template":"","meta":{"inline_featured_image":false,"om_disable_all_campaigns":false,"_monsterinsights_skip_tracking":false,"_monsterinsights_sitenote_active":false,"_monsterinsights_sitenote_note":"","_monsterinsights_sitenote_category":0,"footnotes":""},"categories":[3629],"tags":[],"class_list":["post-83618","page","type-page","status-publish","has-post-thumbnail","hentry","category-product-fra"],"aioseo_notices":[],"aioseo_head":"\n\t\t<!-- All in One SEO Pro 4.9.6 - aioseo.com -->\n\t<meta name=\"description\" content=\"NOUVEAU NOUVEAU Poudre libre MONAT Perfecting Translucent Loose Powder\u2122 MONAT Vitamine E et pigments min\u00e9raux Elle fixe le maquillage pour un look impeccable, digne d&#039;une application \u00e0 l&#039;a\u00e9rographe. Poids net 0,34 oz (9,5 g) Prix de d\u00e9tail00.00 $ CA Prix de client VIP00.00 $ CA Pour en savoir plus sur la Poudre libre MONAT Perfecting Translucent\" \/>\n\t<meta name=\"robots\" content=\"max-image-preview:large\" \/>\n\t<link rel=\"canonical\" href=\"https:\/\/monatglobal.com\/ca\/makeup-loose-powder\/?lang=fr\" \/>\n\t<meta name=\"generator\" content=\"All in One SEO Pro (AIOSEO) 4.9.6\" \/>\n\t\t<meta property=\"og:locale\" content=\"en_US\" \/>\n\t\t<meta property=\"og:site_name\" content=\"Monat Canada English - We Are Modern Nature\" \/>\n\t\t<meta property=\"og:type\" content=\"article\" \/>\n\t\t<meta property=\"og:title\" content=\"Translucent Loose Powder | MONAT Makeup | Vegan Loose Powder - Monat Canada English\" \/>\n\t\t<meta property=\"og:description\" content=\"NOUVEAU NOUVEAU Poudre libre MONAT Perfecting Translucent Loose Powder\u2122 MONAT Vitamine E et pigments min\u00e9raux Elle fixe le maquillage pour un look impeccable, digne d&#039;une application \u00e0 l&#039;a\u00e9rographe. Poids net 0,34 oz (9,5 g) Prix de d\u00e9tail00.00 $ CA Prix de client VIP00.00 $ CA Pour en savoir plus sur la Poudre libre MONAT Perfecting Translucent\" \/>\n\t\t<meta property=\"og:url\" content=\"https:\/\/monatglobal.com\/ca\/makeup-loose-powder\/?lang=fr\" \/>\n\t\t<meta property=\"article:published_time\" content=\"2023-08-27T02:31:45+00:00\" \/>\n\t\t<meta property=\"article:modified_time\" content=\"2026-01-28T22:48:37+00:00\" \/>\n\t\t<meta name=\"twitter:card\" content=\"summary_large_image\" \/>\n\t\t<meta name=\"twitter:title\" content=\"Translucent Loose Powder | MONAT Makeup | Vegan Loose Powder - Monat Canada English\" \/>\n\t\t<meta name=\"twitter:description\" content=\"NOUVEAU NOUVEAU Poudre libre MONAT Perfecting Translucent Loose Powder\u2122 MONAT Vitamine E et pigments min\u00e9raux Elle fixe le maquillage pour un look impeccable, digne d&#039;une application \u00e0 l&#039;a\u00e9rographe. Poids net 0,34 oz (9,5 g) Prix de d\u00e9tail00.00 $ CA Prix de client VIP00.00 $ CA Pour en savoir plus sur la Poudre libre MONAT Perfecting Translucent\" \/>\n\t\t<script type=\"application\/ld+json\" class=\"aioseo-schema\">\n\t\t\t{\"@context\":\"https:\\\/\\\/schema.org\",\"@graph\":[{\"@type\":\"BreadcrumbList\",\"@id\":\"https:\\\/\\\/monatglobal.com\\\/ca\\\/makeup-loose-powder\\\/?lang=fr#breadcrumblist\",\"itemListElement\":[{\"@type\":\"ListItem\",\"@id\":\"https:\\\/\\\/monatglobal.com\\\/ca#listItem\",\"position\":1,\"name\":\"Home\",\"item\":\"https:\\\/\\\/monatglobal.com\\\/ca\",\"nextItem\":{\"@type\":\"ListItem\",\"@id\":\"https:\\\/\\\/monatglobal.com\\\/ca\\\/makeup-loose-powder\\\/?lang=fr#listItem\",\"name\":\"Translucent Loose Powder | MONAT Makeup | Vegan Loose Powder\"}},{\"@type\":\"ListItem\",\"@id\":\"https:\\\/\\\/monatglobal.com\\\/ca\\\/makeup-loose-powder\\\/?lang=fr#listItem\",\"position\":2,\"name\":\"Translucent Loose Powder | MONAT Makeup | Vegan Loose Powder\",\"previousItem\":{\"@type\":\"ListItem\",\"@id\":\"https:\\\/\\\/monatglobal.com\\\/ca#listItem\",\"name\":\"Home\"}}]},{\"@type\":\"Organization\",\"@id\":\"https:\\\/\\\/monatglobal.com\\\/ca\\\/#organization\",\"name\":\"Monat Canada English\",\"description\":\"We Are Modern Nature\",\"url\":\"https:\\\/\\\/monatglobal.com\\\/ca\\\/\"},{\"@type\":\"WebPage\",\"@id\":\"https:\\\/\\\/monatglobal.com\\\/ca\\\/makeup-loose-powder\\\/?lang=fr#webpage\",\"url\":\"https:\\\/\\\/monatglobal.com\\\/ca\\\/makeup-loose-powder\\\/?lang=fr\",\"name\":\"Translucent Loose Powder | MONAT Makeup | Vegan Loose Powder - Monat Canada English\",\"description\":\"NOUVEAU NOUVEAU Poudre libre MONAT Perfecting Translucent Loose Powder\\u2122 MONAT Vitamine E et pigments min\\u00e9raux Elle fixe le maquillage pour un look impeccable, digne d'une application \\u00e0 l'a\\u00e9rographe. Poids net 0,34 oz (9,5 g) Prix de d\\u00e9tail00.00 $ CA Prix de client VIP00.00 $ CA Pour en savoir plus sur la Poudre libre MONAT Perfecting Translucent\",\"inLanguage\":\"en-US\",\"isPartOf\":{\"@id\":\"https:\\\/\\\/monatglobal.com\\\/ca\\\/#website\"},\"breadcrumb\":{\"@id\":\"https:\\\/\\\/monatglobal.com\\\/ca\\\/makeup-loose-powder\\\/?lang=fr#breadcrumblist\"},\"image\":{\"@type\":\"ImageObject\",\"url\":\"https:\\\/\\\/monatglobal.com\\\/ca\\\/wp-content\\\/uploads\\\/sites\\\/5\\\/2023\\\/08\\\/loose_powder_translucent_shade-ecomm-1.png\",\"@id\":\"https:\\\/\\\/monatglobal.com\\\/ca\\\/makeup-loose-powder\\\/?lang=fr\\\/#mainImage\",\"width\":641,\"height\":800},\"primaryImageOfPage\":{\"@id\":\"https:\\\/\\\/monatglobal.com\\\/ca\\\/makeup-loose-powder\\\/?lang=fr#mainImage\"},\"datePublished\":\"2023-08-26T22:31:45-04:00\",\"dateModified\":\"2026-01-28T17:48:37-05:00\"},{\"@type\":\"WebSite\",\"@id\":\"https:\\\/\\\/monatglobal.com\\\/ca\\\/#website\",\"url\":\"https:\\\/\\\/monatglobal.com\\\/ca\\\/\",\"name\":\"Monat Canada English\",\"description\":\"We Are Modern Nature\",\"inLanguage\":\"en-US\",\"publisher\":{\"@id\":\"https:\\\/\\\/monatglobal.com\\\/ca\\\/#organization\"}}]}\n\t\t<\/script>\n\t\t<!-- All in One SEO Pro -->\r\n\t\t<title>Translucent Loose Powder | MONAT Makeup | Vegan Loose Powder - Monat Canada English<\/title>\n\n","aioseo_head_json":{"title":"Translucent Loose Powder | MONAT Makeup | Vegan Loose Powder - Monat Canada English","description":"NOUVEAU NOUVEAU Poudre libre MONAT Perfecting Translucent Loose Powder\u2122 MONAT Vitamine E et pigments min\u00e9raux Elle fixe le maquillage pour un look impeccable, digne d'une application \u00e0 l'a\u00e9rographe. Poids net 0,34 oz (9,5 g) Prix de d\u00e9tail00.00 $ CA Prix de client VIP00.00 $ CA Pour en savoir plus sur la Poudre libre MONAT Perfecting Translucent","canonical_url":"https:\/\/monatglobal.com\/ca\/makeup-loose-powder\/?lang=fr","robots":"max-image-preview:large","keywords":"","webmasterTools":{"miscellaneous":""},"schema":{"@context":"https:\/\/schema.org","@graph":[{"@type":"BreadcrumbList","@id":"https:\/\/monatglobal.com\/ca\/makeup-loose-powder\/?lang=fr#breadcrumblist","itemListElement":[{"@type":"ListItem","@id":"https:\/\/monatglobal.com\/ca#listItem","position":1,"name":"Home","item":"https:\/\/monatglobal.com\/ca","nextItem":{"@type":"ListItem","@id":"https:\/\/monatglobal.com\/ca\/makeup-loose-powder\/?lang=fr#listItem","name":"Translucent Loose Powder | MONAT Makeup | Vegan Loose Powder"}},{"@type":"ListItem","@id":"https:\/\/monatglobal.com\/ca\/makeup-loose-powder\/?lang=fr#listItem","position":2,"name":"Translucent Loose Powder | MONAT Makeup | Vegan Loose Powder","previousItem":{"@type":"ListItem","@id":"https:\/\/monatglobal.com\/ca#listItem","name":"Home"}}]},{"@type":"Organization","@id":"https:\/\/monatglobal.com\/ca\/#organization","name":"Monat Canada English","description":"We Are Modern Nature","url":"https:\/\/monatglobal.com\/ca\/"},{"@type":"WebPage","@id":"https:\/\/monatglobal.com\/ca\/makeup-loose-powder\/?lang=fr#webpage","url":"https:\/\/monatglobal.com\/ca\/makeup-loose-powder\/?lang=fr","name":"Translucent Loose Powder | MONAT Makeup | Vegan Loose Powder - Monat Canada English","description":"NOUVEAU NOUVEAU Poudre libre MONAT Perfecting Translucent Loose Powder\u2122 MONAT Vitamine E et pigments min\u00e9raux Elle fixe le maquillage pour un look impeccable, digne d'une application \u00e0 l'a\u00e9rographe. Poids net 0,34 oz (9,5 g) Prix de d\u00e9tail00.00 $ CA Prix de client VIP00.00 $ CA Pour en savoir plus sur la Poudre libre MONAT Perfecting Translucent","inLanguage":"en-US","isPartOf":{"@id":"https:\/\/monatglobal.com\/ca\/#website"},"breadcrumb":{"@id":"https:\/\/monatglobal.com\/ca\/makeup-loose-powder\/?lang=fr#breadcrumblist"},"image":{"@type":"ImageObject","url":"https:\/\/monatglobal.com\/ca\/wp-content\/uploads\/sites\/5\/2023\/08\/loose_powder_translucent_shade-ecomm-1.png","@id":"https:\/\/monatglobal.com\/ca\/makeup-loose-powder\/?lang=fr\/#mainImage","width":641,"height":800},"primaryImageOfPage":{"@id":"https:\/\/monatglobal.com\/ca\/makeup-loose-powder\/?lang=fr#mainImage"},"datePublished":"2023-08-26T22:31:45-04:00","dateModified":"2026-01-28T17:48:37-05:00"},{"@type":"WebSite","@id":"https:\/\/monatglobal.com\/ca\/#website","url":"https:\/\/monatglobal.com\/ca\/","name":"Monat Canada English","description":"We Are Modern Nature","inLanguage":"en-US","publisher":{"@id":"https:\/\/monatglobal.com\/ca\/#organization"}}]},"og:locale":"en_US","og:site_name":"Monat Canada English - We Are Modern Nature","og:type":"article","og:title":"Translucent Loose Powder | MONAT Makeup | Vegan Loose Powder - Monat Canada English","og:description":"NOUVEAU NOUVEAU Poudre libre MONAT Perfecting Translucent Loose Powder\u2122 MONAT Vitamine E et pigments min\u00e9raux Elle fixe le maquillage pour un look impeccable, digne d'une application \u00e0 l'a\u00e9rographe. Poids net 0,34 oz (9,5 g) Prix de d\u00e9tail00.00 $ CA Prix de client VIP00.00 $ CA Pour en savoir plus sur la Poudre libre MONAT Perfecting Translucent","og:url":"https:\/\/monatglobal.com\/ca\/makeup-loose-powder\/?lang=fr","article:published_time":"2023-08-27T02:31:45+00:00","article:modified_time":"2026-01-28T22:48:37+00:00","twitter:card":"summary_large_image","twitter:title":"Translucent Loose Powder | MONAT Makeup | Vegan Loose Powder - Monat Canada English","twitter:description":"NOUVEAU NOUVEAU Poudre libre MONAT Perfecting Translucent Loose Powder\u2122 MONAT Vitamine E et pigments min\u00e9raux Elle fixe le maquillage pour un look impeccable, digne d'une application \u00e0 l'a\u00e9rographe. Poids net 0,34 oz (9,5 g) Prix de d\u00e9tail00.00 $ CA Prix de client VIP00.00 $ CA Pour en savoir plus sur la Poudre libre MONAT Perfecting Translucent"},"aioseo_meta_data":{"post_id":"83618","title":null,"description":null,"keywords":[],"keyphrases":{"focus":{"keyphrase":"","score":0,"analysis":{"keyphraseInTitle":{"score":0,"maxScore":9,"error":1}}},"additional":[]},"primary_term":null,"canonical_url":null,"og_title":null,"og_description":null,"og_object_type":"default","og_image_type":"default","og_image_url":null,"og_image_width":null,"og_image_height":null,"og_image_custom_url":null,"og_image_custom_fields":null,"og_video":"","og_custom_url":null,"og_article_section":null,"og_article_tags":[],"twitter_use_og":false,"twitter_card":"default","twitter_image_type":"default","twitter_image_url":null,"twitter_image_custom_url":null,"twitter_image_custom_fields":null,"twitter_title":null,"twitter_description":null,"schema":{"blockGraphs":[],"customGraphs":[],"default":{"data":{"Article":[],"Course":[],"Dataset":[],"FAQPage":[],"Movie":[],"Person":[],"Product":[],"ProductReview":[],"Car":[],"Recipe":[],"Service":[],"SoftwareApplication":[],"WebPage":[]},"graphName":"WebPage","isEnabled":true},"graphs":[]},"schema_type":"default","schema_type_options":null,"pillar_content":false,"robots_default":true,"robots_noindex":false,"robots_noarchive":false,"robots_nosnippet":false,"robots_nofollow":false,"robots_noimageindex":false,"robots_noodp":false,"robots_notranslate":false,"robots_max_snippet":"-1","robots_max_videopreview":"-1","robots_max_imagepreview":"large","priority":null,"frequency":"default","local_seo":null,"seo_analyzer_scan_date":"2026-02-10 20:53:32","limit_modified_date":false,"reviewed_by":null,"open_ai":null,"ai":null,"created":"2023-08-27 02:31:47","updated":"2026-02-10 20:53:32"},"aioseo_breadcrumb":"<div class=\"aioseo-breadcrumbs\"><span class=\"aioseo-breadcrumb\">\n\t<a href=\"https:\/\/monatglobal.com\/ca\" title=\"Home\">Home<\/a>\n<\/span><span class=\"aioseo-breadcrumb-separator\">&raquo;<\/span><span class=\"aioseo-breadcrumb\">\n\tTranslucent Loose Powder | MONAT Makeup | Vegan Loose Powder\n<\/span><\/div>","aioseo_breadcrumb_json":[{"label":"Home","link":"https:\/\/monatglobal.com\/ca"},{"label":"Translucent Loose Powder | MONAT Makeup | Vegan Loose Powder","link":"https:\/\/monatglobal.com\/ca\/makeup-loose-powder\/?lang=fr"}],"_links":{"self":[{"href":"https:\/\/monatglobal.com\/ca\/wp-json\/wp\/v2\/pages\/83618","targetHints":{"allow":["GET"]}}],"collection":[{"href":"https:\/\/monatglobal.com\/ca\/wp-json\/wp\/v2\/pages"}],"about":[{"href":"https:\/\/monatglobal.com\/ca\/wp-json\/wp\/v2\/types\/page"}],"author":[{"embeddable":true,"href":"https:\/\/monatglobal.com\/ca\/wp-json\/wp\/v2\/users\/31"}],"replies":[{"embeddable":true,"href":"https:\/\/monatglobal.com\/ca\/wp-json\/wp\/v2\/comments?post=83618"}],"version-history":[{"count":31,"href":"https:\/\/monatglobal.com\/ca\/wp-json\/wp\/v2\/pages\/83618\/revisions"}],"predecessor-version":[{"id":110204,"href":"https:\/\/monatglobal.com\/ca\/wp-json\/wp\/v2\/pages\/83618\/revisions\/110204"}],"wp:featuredmedia":[{"embeddable":true,"href":"https:\/\/monatglobal.com\/ca\/wp-json\/wp\/v2\/media\/83621"}],"wp:attachment":[{"href":"https:\/\/monatglobal.com\/ca\/wp-json\/wp\/v2\/media?parent=83618"}],"wp:term":[{"taxonomy":"category","embeddable":true,"href":"https:\/\/monatglobal.com\/ca\/wp-json\/wp\/v2\/categories?post=83618"},{"taxonomy":"post_tag","embeddable":true,"href":"https:\/\/monatglobal.com\/ca\/wp-json\/wp\/v2\/tags?post=83618"}],"curies":[{"name":"wp","href":"https:\/\/api.w.org\/{rel}","templated":true}]}}