{"id":77477,"date":"2023-09-27T10:32:59","date_gmt":"2023-09-27T14:32:59","guid":{"rendered":"https:\/\/monatglobal.com\/ca\/?page_id=77477"},"modified":"2026-03-19T16:18:01","modified_gmt":"2026-03-19T20:18:01","slug":"join","status":"publish","type":"page","link":"https:\/\/monatglobal.com\/ca\/join\/?lang=fr","title":{"rendered":"Rejoignez MONAT aujourd\u2019hui | D\u00e9couvrez MONAT"},"content":{"rendered":"\n\n\t<section id=\"joinSec\">\n        <img decoding=\"async\" src=\"https:\/\/monatglobal.com\/de\/wp-content\/uploads\/sites\/22\/2025\/01\/oil-drop-MONAT-logo-black-.png\" alt=\"MONAT oild drop logo\" loading=\"lazy\"\/>\n        <p>Bienvenue chez MONAT<\/p>\n        <h1>Qu&#8217;est-ce que vous aimeriez <br \/>faire aujourd&#8217;hui?<\/h1> \n                <a href=\"https:\/\/corp.mymonat.com\/pyr_core\/v2_enrollments\/select_market?sponsor_id=&#038;enroll_params=profile_form_type%3Dexpress&#038;market=ca&#038;lang_code=fr\" target=\"_blank\">\n                    <img decoding=\"async\" src=\"https:\/\/monatglobal.com\/wp-content\/uploads\/2025\/02\/maket-partner-min.jpg\" loading=\"lazy\"\/>\n                        <p>Rentabiliser ma routine beaut\u00e9! <br \/> D\u00e9marrer une petite entreprise <br \/> + B\u00e2tir une \u00e9quipe<\/p>\n                            <p>DEVENIR<\/p>\n                            <button>PARTENAIRE DE MARCH\u00c9 MONAT<\/button> \n                <\/a>\n                <p>Pour plus de renseignements visitez  <br \/> <a href=\"https:\/\/monatglobal.com\/ca\/the-monat-opportunity\/?lang=fr\">https:\/\/monatglobal.com\/ca\/the-monat-opportunity\/?lang=fr<\/a><\/p>\n                <a href=\"https:\/\/corp.mymonat.com\/pyr_core\/v2_enrollments\/select_market?enroll_params=profile_form_type%3Dvip_for_life&#038;lang_code=fr&#038;market=CA\" target=\"_blank\">\n                    <img decoding=\"async\" src=\"https:\/\/monatglobal.com\/wp-content\/uploads\/2025\/02\/join-as-a-VIP-min.jpg\" loading=\"lazy\"\/>\n                        <p>\u00c9conomiser 15% sur des produits haut&nbsp;de&nbsp;gamme <br \/>+ Accumuler des r\u00e9compenses qui me permettent d&#8217;\u00e9conomiser de l&#8217;argent<\/p>\n                            <p>DEVENIR<\/p>\n                            <button>VIP MONAT<\/button>\n                <\/a>\n                <p>Pour plus de renseignements visitez  <br \/> <a href=\"https:\/\/monatglobal.com\/ca\/vip\/?lang=fr\">https:\/\/monatglobal.com\/ca\/vip\/?lang=fr<\/a><\/p>\n                <a href=\"https:\/\/corp.mymonat.com\/pyr_core\/v2_enrollments\/select_market?sponsor_id=&#038;enroll_params=profile_form_type%3Dcustomer&#038;market=ca&#038;lang_code=fr\" target=\"_blank\">\n                    <img decoding=\"async\" src=\"https:\/\/monatglobal.com\/wp-content\/uploads\/2025\/02\/shop-retail-price-min.jpg\" loading=\"lazy\"\/>\n                        <p>Acheter des produits au prix de&nbsp;d\u00e9tail <\/p>\n                            <button>MAGASINER D\u00c8S AUJOURD&#8217;HUI<\/button>\n                <\/a>\n                <p>Pour plus de renseignements visitez <br \/> <a href=\"https:\/\/monatglobal.com\/ca\/products\/?lang=fr\">https:\/\/monatglobal.com\/ca\/products\/?lang=fr<\/a><\/p>\n<!-- TrustBox widget - Mini -->\n  <a href=\"https:\/\/fr.trustpilot.com\/review\/monatglobal.com\" target=\"_blank\" rel=\"noopener\">Trustpilot<\/a>\n<!-- End TrustBox widget -->\n        <!---->\n        <!---->\n        <!---->\n<\/section>\n\n","protected":false},"excerpt":{"rendered":"<p>Bienvenue chez MONAT Qu&#8217;est-ce que vous aimeriez faire aujourd&#8217;hui? Rentabiliser ma routine beaut\u00e9! D\u00e9marrer une petite entreprise + B\u00e2tir une \u00e9quipe DEVENIR PARTENAIRE DE MARCH\u00c9 MONAT Pour plus de renseignements visitez https:\/\/monatglobal.com\/ca\/the-monat-opportunity\/?lang=fr \u00c9conomiser 15% sur des produits haut&nbsp;de&nbsp;gamme + Accumuler des r\u00e9compenses qui me permettent d&#8217;\u00e9conomiser de l&#8217;argent DEVENIR VIP MONAT Pour plus de renseignements&hellip;<\/p>\n","protected":false},"author":39,"featured_media":91898,"parent":0,"menu_order":0,"comment_status":"closed","ping_status":"closed","template":"","meta":{"inline_featured_image":false,"om_disable_all_campaigns":false,"_monsterinsights_skip_tracking":false,"_monsterinsights_sitenote_active":false,"_monsterinsights_sitenote_note":"","_monsterinsights_sitenote_category":0,"footnotes":""},"categories":[],"tags":[],"class_list":["post-77477","page","type-page","status-publish","has-post-thumbnail","hentry"],"aioseo_notices":[],"aioseo_head":"\n\t\t<!-- All in One SEO Pro 4.9.6 - aioseo.com -->\n\t<meta name=\"description\" content=\"D\u00e9couvrez MONAT et commencez votre parcours d\u00e8s aujourd\u2019hui! Que vous vouliez mon\u00e9tiser votre routine beaut\u00e9 en tant que partenaire de march\u00e9, profiter de r\u00e9compenses exclusives en tant que client VIP ou magasiner en tant que client de d\u00e9tail, c\u2019est facile de commencer.\" \/>\n\t<meta name=\"robots\" content=\"max-image-preview:large\" \/>\n\t<link rel=\"canonical\" href=\"https:\/\/monatglobal.com\/ca\/join\/?lang=fr\" \/>\n\t<meta name=\"generator\" content=\"All in One SEO Pro (AIOSEO) 4.9.6\" \/>\n\t\t<meta property=\"og:locale\" content=\"en_US\" \/>\n\t\t<meta property=\"og:site_name\" content=\"Monat Canada English - We Are Modern Nature\" \/>\n\t\t<meta property=\"og:type\" content=\"article\" \/>\n\t\t<meta property=\"og:title\" content=\"Rejoignez MONAT aujourd\u2019hui | D\u00e9couvrez MONAT\" \/>\n\t\t<meta property=\"og:description\" content=\"D\u00e9couvrez MONAT et commencez votre parcours d\u00e8s aujourd\u2019hui! Que vous vouliez mon\u00e9tiser votre routine beaut\u00e9 en tant que partenaire de march\u00e9, profiter de r\u00e9compenses exclusives en tant que client VIP ou magasiner en tant que client de d\u00e9tail, c\u2019est facile de commencer.\" \/>\n\t\t<meta property=\"og:url\" content=\"https:\/\/monatglobal.com\/ca\/join\/?lang=fr\" \/>\n\t\t<meta property=\"article:published_time\" content=\"2023-09-27T14:32:59+00:00\" \/>\n\t\t<meta property=\"article:modified_time\" content=\"2026-03-19T20:18:01+00:00\" \/>\n\t\t<meta name=\"twitter:card\" content=\"summary_large_image\" \/>\n\t\t<meta name=\"twitter:title\" content=\"Rejoignez MONAT aujourd\u2019hui | D\u00e9couvrez MONAT\" \/>\n\t\t<meta name=\"twitter:description\" content=\"D\u00e9couvrez MONAT et commencez votre parcours d\u00e8s aujourd\u2019hui! Que vous vouliez mon\u00e9tiser votre routine beaut\u00e9 en tant que partenaire de march\u00e9, profiter de r\u00e9compenses exclusives en tant que client VIP ou magasiner en tant que client de d\u00e9tail, c\u2019est facile de commencer.\" \/>\n\t\t<script type=\"application\/ld+json\" class=\"aioseo-schema\">\n\t\t\t{\"@context\":\"https:\\\/\\\/schema.org\",\"@graph\":[{\"@type\":\"BreadcrumbList\",\"@id\":\"https:\\\/\\\/monatglobal.com\\\/ca\\\/join\\\/?lang=fr#breadcrumblist\",\"itemListElement\":[{\"@type\":\"ListItem\",\"@id\":\"https:\\\/\\\/monatglobal.com\\\/ca#listItem\",\"position\":1,\"name\":\"Home\",\"item\":\"https:\\\/\\\/monatglobal.com\\\/ca\",\"nextItem\":{\"@type\":\"ListItem\",\"@id\":\"https:\\\/\\\/monatglobal.com\\\/ca\\\/join\\\/?lang=fr#listItem\",\"name\":\"Rejoignez MONAT aujourd\\u2019hui | D\\u00e9couvrez MONAT\"}},{\"@type\":\"ListItem\",\"@id\":\"https:\\\/\\\/monatglobal.com\\\/ca\\\/join\\\/?lang=fr#listItem\",\"position\":2,\"name\":\"Rejoignez MONAT aujourd\\u2019hui | D\\u00e9couvrez MONAT\",\"previousItem\":{\"@type\":\"ListItem\",\"@id\":\"https:\\\/\\\/monatglobal.com\\\/ca#listItem\",\"name\":\"Home\"}}]},{\"@type\":\"Organization\",\"@id\":\"https:\\\/\\\/monatglobal.com\\\/ca\\\/#organization\",\"name\":\"Monat Canada English\",\"description\":\"We Are Modern Nature\",\"url\":\"https:\\\/\\\/monatglobal.com\\\/ca\\\/\"},{\"@type\":\"WebPage\",\"@id\":\"https:\\\/\\\/monatglobal.com\\\/ca\\\/join\\\/?lang=fr#webpage\",\"url\":\"https:\\\/\\\/monatglobal.com\\\/ca\\\/join\\\/?lang=fr\",\"name\":\"Rejoignez MONAT aujourd\\u2019hui | D\\u00e9couvrez MONAT\",\"description\":\"D\\u00e9couvrez MONAT et commencez votre parcours d\\u00e8s aujourd\\u2019hui! Que vous vouliez mon\\u00e9tiser votre routine beaut\\u00e9 en tant que partenaire de march\\u00e9, profiter de r\\u00e9compenses exclusives en tant que client VIP ou magasiner en tant que client de d\\u00e9tail, c\\u2019est facile de commencer.\",\"inLanguage\":\"en-US\",\"isPartOf\":{\"@id\":\"https:\\\/\\\/monatglobal.com\\\/ca\\\/#website\"},\"breadcrumb\":{\"@id\":\"https:\\\/\\\/monatglobal.com\\\/ca\\\/join\\\/?lang=fr#breadcrumblist\"},\"image\":{\"@type\":\"ImageObject\",\"url\":\"https:\\\/\\\/monatglobal.com\\\/ca\\\/wp-content\\\/uploads\\\/sites\\\/5\\\/2025\\\/02\\\/CA-FR_FT_IMG-min.jpg\",\"@id\":\"https:\\\/\\\/monatglobal.com\\\/ca\\\/join\\\/?lang=fr\\\/#mainImage\",\"width\":1200,\"height\":628},\"primaryImageOfPage\":{\"@id\":\"https:\\\/\\\/monatglobal.com\\\/ca\\\/join\\\/?lang=fr#mainImage\"},\"datePublished\":\"2023-09-27T10:32:59-04:00\",\"dateModified\":\"2026-03-19T16:18:01-04:00\"},{\"@type\":\"WebSite\",\"@id\":\"https:\\\/\\\/monatglobal.com\\\/ca\\\/#website\",\"url\":\"https:\\\/\\\/monatglobal.com\\\/ca\\\/\",\"name\":\"Monat Canada English\",\"description\":\"We Are Modern Nature\",\"inLanguage\":\"en-US\",\"publisher\":{\"@id\":\"https:\\\/\\\/monatglobal.com\\\/ca\\\/#organization\"}}]}\n\t\t<\/script>\n\t\t<!-- All in One SEO Pro -->\r\n\t\t<title>Rejoignez MONAT aujourd\u2019hui | D\u00e9couvrez MONAT<\/title>\n\n","aioseo_head_json":{"title":"Rejoignez MONAT aujourd\u2019hui | D\u00e9couvrez MONAT","description":"D\u00e9couvrez MONAT et commencez votre parcours d\u00e8s aujourd\u2019hui! Que vous vouliez mon\u00e9tiser votre routine beaut\u00e9 en tant que partenaire de march\u00e9, profiter de r\u00e9compenses exclusives en tant que client VIP ou magasiner en tant que client de d\u00e9tail, c\u2019est facile de commencer.","canonical_url":"https:\/\/monatglobal.com\/ca\/join\/?lang=fr","robots":"max-image-preview:large","keywords":"","webmasterTools":{"miscellaneous":""},"schema":{"@context":"https:\/\/schema.org","@graph":[{"@type":"BreadcrumbList","@id":"https:\/\/monatglobal.com\/ca\/join\/?lang=fr#breadcrumblist","itemListElement":[{"@type":"ListItem","@id":"https:\/\/monatglobal.com\/ca#listItem","position":1,"name":"Home","item":"https:\/\/monatglobal.com\/ca","nextItem":{"@type":"ListItem","@id":"https:\/\/monatglobal.com\/ca\/join\/?lang=fr#listItem","name":"Rejoignez MONAT aujourd\u2019hui | D\u00e9couvrez MONAT"}},{"@type":"ListItem","@id":"https:\/\/monatglobal.com\/ca\/join\/?lang=fr#listItem","position":2,"name":"Rejoignez MONAT aujourd\u2019hui | D\u00e9couvrez MONAT","previousItem":{"@type":"ListItem","@id":"https:\/\/monatglobal.com\/ca#listItem","name":"Home"}}]},{"@type":"Organization","@id":"https:\/\/monatglobal.com\/ca\/#organization","name":"Monat Canada English","description":"We Are Modern Nature","url":"https:\/\/monatglobal.com\/ca\/"},{"@type":"WebPage","@id":"https:\/\/monatglobal.com\/ca\/join\/?lang=fr#webpage","url":"https:\/\/monatglobal.com\/ca\/join\/?lang=fr","name":"Rejoignez MONAT aujourd\u2019hui | D\u00e9couvrez MONAT","description":"D\u00e9couvrez MONAT et commencez votre parcours d\u00e8s aujourd\u2019hui! Que vous vouliez mon\u00e9tiser votre routine beaut\u00e9 en tant que partenaire de march\u00e9, profiter de r\u00e9compenses exclusives en tant que client VIP ou magasiner en tant que client de d\u00e9tail, c\u2019est facile de commencer.","inLanguage":"en-US","isPartOf":{"@id":"https:\/\/monatglobal.com\/ca\/#website"},"breadcrumb":{"@id":"https:\/\/monatglobal.com\/ca\/join\/?lang=fr#breadcrumblist"},"image":{"@type":"ImageObject","url":"https:\/\/monatglobal.com\/ca\/wp-content\/uploads\/sites\/5\/2025\/02\/CA-FR_FT_IMG-min.jpg","@id":"https:\/\/monatglobal.com\/ca\/join\/?lang=fr\/#mainImage","width":1200,"height":628},"primaryImageOfPage":{"@id":"https:\/\/monatglobal.com\/ca\/join\/?lang=fr#mainImage"},"datePublished":"2023-09-27T10:32:59-04:00","dateModified":"2026-03-19T16:18:01-04:00"},{"@type":"WebSite","@id":"https:\/\/monatglobal.com\/ca\/#website","url":"https:\/\/monatglobal.com\/ca\/","name":"Monat Canada English","description":"We Are Modern Nature","inLanguage":"en-US","publisher":{"@id":"https:\/\/monatglobal.com\/ca\/#organization"}}]},"og:locale":"en_US","og:site_name":"Monat Canada English - We Are Modern Nature","og:type":"article","og:title":"Rejoignez MONAT aujourd\u2019hui | D\u00e9couvrez MONAT","og:description":"D\u00e9couvrez MONAT et commencez votre parcours d\u00e8s aujourd\u2019hui! Que vous vouliez mon\u00e9tiser votre routine beaut\u00e9 en tant que partenaire de march\u00e9, profiter de r\u00e9compenses exclusives en tant que client VIP ou magasiner en tant que client de d\u00e9tail, c\u2019est facile de commencer.","og:url":"https:\/\/monatglobal.com\/ca\/join\/?lang=fr","article:published_time":"2023-09-27T14:32:59+00:00","article:modified_time":"2026-03-19T20:18:01+00:00","twitter:card":"summary_large_image","twitter:title":"Rejoignez MONAT aujourd\u2019hui | D\u00e9couvrez MONAT","twitter:description":"D\u00e9couvrez MONAT et commencez votre parcours d\u00e8s aujourd\u2019hui! Que vous vouliez mon\u00e9tiser votre routine beaut\u00e9 en tant que partenaire de march\u00e9, profiter de r\u00e9compenses exclusives en tant que client VIP ou magasiner en tant que client de d\u00e9tail, c\u2019est facile de commencer."},"aioseo_meta_data":{"post_id":"77477","title":"Rejoignez MONAT aujourd\u2019hui | D\u00e9couvrez MONAT","description":"D\u00e9couvrez MONAT et commencez votre parcours d\u00e8s aujourd\u2019hui! Que vous vouliez mon\u00e9tiser votre routine beaut\u00e9 en tant que partenaire de march\u00e9, profiter de r\u00e9compenses exclusives en tant que client VIP ou magasiner en tant que client de d\u00e9tail, c\u2019est facile de commencer.","keywords":null,"keyphrases":{"focus":{"keyphrase":"","score":0,"analysis":{"keyphraseInTitle":{"score":0,"maxScore":9,"error":1}}},"additional":[]},"primary_term":null,"canonical_url":null,"og_title":null,"og_description":null,"og_object_type":"default","og_image_type":"default","og_image_url":null,"og_image_width":null,"og_image_height":null,"og_image_custom_url":null,"og_image_custom_fields":null,"og_video":"","og_custom_url":null,"og_article_section":null,"og_article_tags":null,"twitter_use_og":false,"twitter_card":"default","twitter_image_type":"default","twitter_image_url":null,"twitter_image_custom_url":null,"twitter_image_custom_fields":null,"twitter_title":null,"twitter_description":null,"schema":{"blockGraphs":[],"customGraphs":[],"default":{"data":{"Article":[],"Course":[],"Dataset":[],"FAQPage":[],"Movie":[],"Person":[],"Product":[],"ProductReview":[],"Car":[],"Recipe":[],"Service":[],"SoftwareApplication":[],"WebPage":[]},"graphName":"WebPage","isEnabled":true},"graphs":[]},"schema_type":"default","schema_type_options":null,"pillar_content":false,"robots_default":true,"robots_noindex":false,"robots_noarchive":false,"robots_nosnippet":false,"robots_nofollow":false,"robots_noimageindex":false,"robots_noodp":false,"robots_notranslate":false,"robots_max_snippet":"-1","robots_max_videopreview":"-1","robots_max_imagepreview":"large","priority":null,"frequency":"default","local_seo":null,"seo_analyzer_scan_date":"2026-03-20 18:32:35","limit_modified_date":false,"reviewed_by":null,"open_ai":null,"ai":null,"created":"2023-09-27 14:34:00","updated":"2026-03-20 18:38:15"},"aioseo_breadcrumb":"<div class=\"aioseo-breadcrumbs\"><span class=\"aioseo-breadcrumb\">\n\t<a href=\"https:\/\/monatglobal.com\/ca\" title=\"Home\">Home<\/a>\n<\/span><span class=\"aioseo-breadcrumb-separator\">&raquo;<\/span><span class=\"aioseo-breadcrumb\">\n\tRejoignez MONAT aujourd\u2019hui | D\u00e9couvrez MONAT\n<\/span><\/div>","aioseo_breadcrumb_json":[{"label":"Home","link":"https:\/\/monatglobal.com\/ca"},{"label":"Rejoignez MONAT aujourd\u2019hui | D\u00e9couvrez MONAT","link":"https:\/\/monatglobal.com\/ca\/join\/?lang=fr"}],"_links":{"self":[{"href":"https:\/\/monatglobal.com\/ca\/wp-json\/wp\/v2\/pages\/77477","targetHints":{"allow":["GET"]}}],"collection":[{"href":"https:\/\/monatglobal.com\/ca\/wp-json\/wp\/v2\/pages"}],"about":[{"href":"https:\/\/monatglobal.com\/ca\/wp-json\/wp\/v2\/types\/page"}],"author":[{"embeddable":true,"href":"https:\/\/monatglobal.com\/ca\/wp-json\/wp\/v2\/users\/39"}],"replies":[{"embeddable":true,"href":"https:\/\/monatglobal.com\/ca\/wp-json\/wp\/v2\/comments?post=77477"}],"version-history":[{"count":17,"href":"https:\/\/monatglobal.com\/ca\/wp-json\/wp\/v2\/pages\/77477\/revisions"}],"predecessor-version":[{"id":110437,"href":"https:\/\/monatglobal.com\/ca\/wp-json\/wp\/v2\/pages\/77477\/revisions\/110437"}],"wp:featuredmedia":[{"embeddable":true,"href":"https:\/\/monatglobal.com\/ca\/wp-json\/wp\/v2\/media\/91898"}],"wp:attachment":[{"href":"https:\/\/monatglobal.com\/ca\/wp-json\/wp\/v2\/media?parent=77477"}],"wp:term":[{"taxonomy":"category","embeddable":true,"href":"https:\/\/monatglobal.com\/ca\/wp-json\/wp\/v2\/categories?post=77477"},{"taxonomy":"post_tag","embeddable":true,"href":"https:\/\/monatglobal.com\/ca\/wp-json\/wp\/v2\/tags?post=77477"}],"curies":[{"name":"wp","href":"https:\/\/api.w.org\/{rel}","templated":true}]}}