{"id":77090,"date":"2023-02-10T11:53:56","date_gmt":"2023-02-10T16:53:56","guid":{"rendered":"https:\/\/monatglobal.com\/ca\/?page_id=77090"},"modified":"2026-01-19T15:09:07","modified_gmt":"2026-01-19T20:09:07","slug":"peel-pads","status":"publish","type":"page","link":"https:\/\/monatglobal.com\/ca\/peel-pads\/?lang=fr","title":{"rendered":"Lingettes de peeling quotidien illuminatrices MONAT Exfoliating Peel Pads\u2122"},"content":{"rendered":"\n\n\t<link rel=\"stylesheet\" href=\"https:\/\/unpkg.com\/swiper\/swiper-bundle.min.css\" \/>\n<link rel=\"stylesheet\" href=\"https:\/\/monatglobal.com\/wp-content\/creative_css\/product_styles_sheet.css\" \/>\n   <!--==================================================== ECOMM SECTION ====================================================-->\n      <!--==================================================== Ecomm image ====================================================-->\n       \n      <img decoding=\"async\" src=\"https:\/\/monatglobal.com\/wp-content\/uploads\/2023\/01\/EXFOLIATING-PEEL-PADSBOX_Ecomm-JAN-2023-ecomm_-min.png\" alt=\"Berry Refined Scrub\u2122\" loading=\"lazy\"\/>\n         \n      <!--==================================================== Ecomm information  ====================================================-->\n         \n            <p>Lingettes de peeling<br \/>quotidien illuminatrices MONAT <\/p> \n         <h1>Exfoliating <br \/> Peel Pads\u2122<\/h1>\n          \n         <p>Minimise l&#8217;apparence des taches fonc\u00e9es, des ridules et des rides.<\/p>\n         <p>30 lingettes (2,5 ml e 0,08 oz liq.)<\/p>\n      <!--==================================================== pricing box ====================================================-->  \n<p>Retail Price<br \/>$00.00 (USD)<\/p>\n<p>VIP Customer Price<br \/>$00.00 (USD)<\/p>\n       <!--==================================================== pricing box ====================================================-->  \n         <p>Pour en savoir plus sur les Lingettes de peeling quotidien illuminatrices MONAT Exfoliating Peel Pads\u2122, veuillez contacter votre partenaire de march\u00e9 MONAT.<\/p>\n           <a href=\"\" target=\"_blank\" role=\"button\" aria-label=\"\" rel=\"noopener\"><\/a>\n   <!--==================================================== \/ECOMM SECTION  ====================================================-->\n   <!--==================================================== Benefits image ====================================================-->\n  \n    <source media=\"(max-width: 700px)\" srcset=\"https:\/\/monatglobal.com\/wp-content\/uploads\/2023\/01\/Benefits-mobile-peel-pads-min.jpg\" loading=\"lazy\"\/>\n      <img decoding=\"async\" src=\"https:\/\/monatglobal.com\/wp-content\/uploads\/2023\/01\/benefits-desk-peel-pads.jpg\" \n      alt=\"picture of a brunette female holding her hair with both hands, smiling and lookin at the camera on a pink background.\" loading=\"lazy\"\/>\n    \n   <!--==================================================== Benefits text ====================================================-->\n         <h2>BIENFAITS<\/h2>\n         <h3>Ces lingettes exfoliantes ciblent la couche externe de la peau, r\u00e9v\u00e9lant une am\u00e9lioration g\u00e9n\u00e9rale du teint, de l&#8217;\u00e9clat, de l&#8217;intensit\u00e9 des taches fonc\u00e9es, de la texture, des ridules et des rides.<\/h3>\n         <!--==================================================== features image  ====================================================-->\n         <img decoding=\"async\" alt=\"female holding monat exfoliating peel pads sachet.\" src=\"https:\/\/monatglobal.com\/wp-content\/uploads\/2023\/01\/Features-peel-pads-min.jpg\" loading=\"lazy\"\/>\n      <!--==================================================== features text ====================================================-->\n            <h3>Votre secret de beaut\u00e9!<\/h3>  \n               <p>\/ Elles contiennent 8 % d&#8217;acide glycolique provenant de la canne \u00e0 sucre, un ingr\u00e9dient exclusif qui convient \u00e0 la peau sensible<\/p>\n               <p>\/ 100 % des utilisateurs ont constat\u00e9 une r\u00e9duction de l&#8217;intensit\u00e9 des taches fonc\u00e9es, des ridules et des rides apr\u00e8s avoir utilis\u00e9 le produit pour 28 jours!*<\/p>\n               <p>\/ Elles exfolient les cellules de peau mortes, r\u00e9v\u00e9lant une peau radieuse et d&#8217;apparence plus nette<\/p>\n               <p>\/ Elles am\u00e9liorent le teint et la texture, laissant la peau douce au toucher et radieuse<\/p>\n               <p>\/ Elles sont suffisamment douces pour permettre une utilisation quotidienne sans ass\u00e9cher ou endommager la peau<\/p> <br \/>\n            <p> *Bas\u00e9 sur un test instrumental men\u00e9 par un laboratoire ind\u00e9pendant.<\/p>\n            <p>Fragrance \/ Fragrance-free <\/p>\n            <p> Texture \/ Cream <\/p>\n   <!--==================================================== composition image mobile ====================================================-->\n   <img decoding=\"async\" alt=\"two MONAT exfoliating peel pads sachets over a pink satin fabric\" src=\"https:\/\/monatglobal.com\/wp-content\/uploads\/2023\/01\/comp1-peel-pads-min.jpg\" loading=\"lazy\"\/>\n   <!--==================================================== Why it works text ====================================================-->\n      <h2>Des ingr\u00e9dients doux. De puissants r\u00e9sultats.<\/h2>\n      <h3>Ces lingettes \u00e0 usage unique contiennent un m\u00e9lange d&#8217;acide glycolique, d&#8217;acides amin\u00e9s, de hamam\u00e9lis de Virginie et d&#8217;eau de concombre rafra\u00eechissante pour exfolier doucement les cellules de peau mortes, r\u00e9v\u00e9lant une peau radieuse et d&#8217;apparence plus nette.<\/h3>\n      <p> This fresh, modern multitasker sneaks in much-needed me-time in under five minutes to exfoliate and refine your&nbsp;skin.<\/p>\n<!--==================================================== Composition section ====================================================-->\n      <img decoding=\"async\" alt=\"two MONAT exfoliating peel pads sachets over a pink satin fabric \" src=\"https:\/\/monatglobal.com\/wp-content\/uploads\/2023\/01\/comp1-peel-pads-min.jpg\" loading=\"lazy\"\/>\n      <img decoding=\"async\" alt=\"female using monat exfoliating peel pads on her cheek on top of cucumber slices into submerged in water background\" \n      src=\"https:\/\/monatglobal.com\/wp-content\/uploads\/2023\/01\/comp2-peel-pads-min.jpg\" loading=\"lazy\"\/>\n            <!--==================================================== Directions text ====================================================--> \n               <h3>Mode d&#8217;emploi<\/h3>\n                    <p>\/ Apr\u00e8s avoir nettoy\u00e9 le visage, appliquer sur le visage, le cou et le d\u00e9colletage, en \u00e9vitant le contour des yeux. <\/p>\n                    <p>\/ Utiliser 2 ou 3 fois la premi\u00e8re semaine pour permettre \u00e0 la peau de d\u00e9velopper une tol\u00e9rance au produit.<\/p>\n                    <p>\/ Utiliser chaque jour une fois que vous avez d\u00e9velopp\u00e9 une tol\u00e9rance au produit. <\/p>\n                    <p>\/ Compl\u00e9ter votre routine de soins de la peau MONAT.<\/p>\n            <!--==================================================== Directions video ====================================================-->\n      <p>MONAT Exfoliating Peel Pads\u2122<br \/>0:49<\/p>\n         <!--==================================================== Suggestions image  ====================================================-->\n         <img decoding=\"async\" alt=\"\" src=\"https:\/\/monatglobal.com\/au\/wp-content\/uploads\/sites\/12\/2021\/12\/berry-refined-scrub-features-SUGGESTIONS.jpg\" loading=\"lazy\"\/>\n      <!--==================================================== Suggestions text ====================================================-->\n            <h3>Suggestions<\/h3>\n               <p>\/ Customise your level of exfoliation by using less water for a stronger exfoliation, or more water for a gentler exfoliation&nbsp;experience.<\/p>\n               <p>\/ Apply sunscreen 15 minutes before heading&nbsp;outside.<\/p>\n    <a href=\"\" target=\"_blank\" role=\"button\" aria-label=\"\" rel=\"noopener\"><\/a>\n   <!--==================================================== Ingredients section  ====================================================-->\n      <h2>INGR\u00c9DIENTS CL\u00c9S<\/h2>\n              <img decoding=\"async\" src=\"https:\/\/monatglobal.com\/wp-content\/uploads\/2022\/11\/Glycolic-Acid-Lactic-Acid.svg\" alt=\"Acide glycolique\"\/>\n      <p>Acide glycolique<\/p>\n          <img decoding=\"async\" src=\"https:\/\/monatglobal.com\/wp-content\/uploads\/2023\/01\/Hyaluronic-Acid.svg\" alt=\"Acide hyaluronique\"\/> \n      <p>Acide hyaluronique<\/p>\n           <img decoding=\"async\" src=\"https:\/\/monatglobal.com\/wp-content\/uploads\/2023\/01\/cucumber-water.svg\" alt=\"Eau de concombre\"\/>\n      <p>Eau de concombre<\/p>\n            <img decoding=\"async\" src=\"https:\/\/monatglobal.com\/wp-content\/uploads\/2023\/01\/Witch-Hazel-Water.svg\" alt=\"Eau de hamam\u00e9lis de Virginie\"\/> \n      <p>Eau de hamam\u00e9lis de Virginie<\/p>\n             <img decoding=\"async\" src=\"https:\/\/monatglobal.com\/wp-content\/uploads\/2023\/01\/Licorice-Root-Extract.svg\" alt=\"Extrait de racine de r\u00e9glisse \"\/> \n      <p>Extrait de racine de r\u00e9glisse <\/p>\n        <button id=\"myBtn\" type=\"button\">LISTE D&#8217;INGR\u00c9DIENTS<\/button>\n      <!--==================================================== Modal content  ====================================================-->\n         &times;\n         <p>Aqua\/Water\/Eau, Alcohol Denat., Potassium Hydroxide, Glycolic Acid, Hamamelis Virginiana (Witch Hazel) Water, Arginine, Glycerin, Propanediol, Chamomilla Recutita (Matricaria) Flower Extract, Sodium Hyaluronate, Glycyrrhiza Glabra (Licorice) Root Extract, Terminalia Ferdinandiana Fruit Extract, Lactococcus Ferment Lysate, Cucumis Sativus (Cucumber) Fruit Water, Sodium Phytate, Benzoic Acid, Lactic Acid, Sodium Chloride, Phenylpropanol, Levulinic Acid, Sodium Levulinate, Caprylhydroxamic Acid, 1,2-Hexanediol, Citric Acid, Potassium Sorbate, Sodium Benzoate.<\/p>\n   <!--==================================================== You might also like section ====================================================-->\n      <h2>VOUS POURRIEZ AUSSI AIMER<\/h2>\n      <!--==================================================== Slider YOU MIGHT ALSO LIKE ====================================================-->\n          <!---->\n          <!--   -->\n                <!-- Slides products-->\n                <!---->\n                <!--   <a href=\"https:\/\/monatglobal.com\/ca\/bb-creme\/#sand\/?lang=fr\" aria-label=\"Go to Cr\u00e8me teint\u00e9e \u00e0 large spectre MONAT BB Cream SPF 40\u2122 page\">-->\n                <!--      <img decoding=\"async\" src=\"https:\/\/monatglobal.com\/wp-content\/uploads\/2022\/12\/bb-cream-sand-ecomm-min.png\" alt=\"Cr\u00e8me teint\u00e9e \u00e0 large spectre MONAT BB Cream SPF 40\u2122\"\/>-->\n                <!--      <p>Cr\u00e8me teint\u00e9e<br \/>\u00e0 large spectre<br \/>MONAT BB Cream SPF 40\u2122<\/p>-->\n                <!--   <\/a>-->\n                <!---->\n          <!--      -->\n          <!--         <a href=\"https:\/\/monatglobal.com\/ca\/skincare-night-age-control-cream\/?lang=fr\" aria-label=\"Go to Cr\u00e8me de nuit anti-\u00e2ge Night Haven\u2122 page\">-->\n          <!--            <img decoding=\"async\" src=\"https:\/\/monatglobal.com\/wp-content\/uploads\/2022\/12\/Night-Haven-Age-control_Ecomm-min.png\" alt=\"Cr\u00e8me de nuit anti-\u00e2ge Night Haven\u2122\" loading=\"lazy\"\/>-->\n          <!--            <p>Cr\u00e8me de nuit anti-\u00e2ge<br \/>Night Haven\u2122<\/p>-->\n          <!--         <\/a>-->\n          <!--      -->\n          <!--   -->\n             <!-- If we need navigation buttons -->\n          <!--   -->\n          <!--   -->\n             <!-- If we need paginations -->\n          <!--   -->\n          <!---->\n<!-- If we need navigation buttons -->\n<!-- If we need paginations -->\n<a href=\"\" aria-label=\"\"><\/a>\n<!--==================================================== this link has to go last for it to work   ====================================================-->\n\n","protected":false},"excerpt":{"rendered":"<p>Lingettes de peelingquotidien illuminatrices MONAT Exfoliating Peel Pads\u2122 Minimise l&#8217;apparence des taches fonc\u00e9es, des ridules et des rides. 30 lingettes (2,5 ml e 0,08 oz liq.) Retail Price$00.00 (USD) VIP Customer Price$00.00 (USD) Pour en savoir plus sur les Lingettes de peeling quotidien illuminatrices MONAT Exfoliating Peel Pads\u2122, veuillez contacter votre partenaire de march\u00e9 MONAT.&hellip;<\/p>\n","protected":false},"author":39,"featured_media":77150,"parent":0,"menu_order":0,"comment_status":"closed","ping_status":"closed","template":"","meta":{"inline_featured_image":false,"om_disable_all_campaigns":false,"_monsterinsights_skip_tracking":false,"_monsterinsights_sitenote_active":false,"_monsterinsights_sitenote_note":"","_monsterinsights_sitenote_category":0,"footnotes":""},"categories":[3629],"tags":[],"class_list":["post-77090","page","type-page","status-publish","has-post-thumbnail","hentry","category-product-fra"],"aioseo_notices":[],"aioseo_head":"\n\t\t<!-- All in One SEO Pro 4.9.6 - aioseo.com -->\n\t<meta name=\"description\" content=\"Lingettes de peelingquotidien illuminatrices MONAT Exfoliating Peel Pads\u2122 Minimise l&#039;apparence des taches fonc\u00e9es, des ridules et des rides. 30 lingettes (2,5 ml e 0,08 oz liq.) Retail Price$00.00 (USD) VIP Customer Price$00.00 (USD) Pour en savoir plus sur les Lingettes de peeling quotidien illuminatrices MONAT Exfoliating Peel Pads\u2122, veuillez contacter votre partenaire de march\u00e9 MONAT.\" \/>\n\t<meta name=\"robots\" content=\"max-image-preview:large\" \/>\n\t<link rel=\"canonical\" href=\"https:\/\/monatglobal.com\/ca\/peel-pads\/?lang=fr\" \/>\n\t<meta name=\"generator\" content=\"All in One SEO Pro (AIOSEO) 4.9.6\" \/>\n\t\t<meta property=\"og:locale\" content=\"en_US\" \/>\n\t\t<meta property=\"og:site_name\" content=\"Monat Canada English - We Are Modern Nature\" \/>\n\t\t<meta property=\"og:type\" content=\"article\" \/>\n\t\t<meta property=\"og:title\" content=\"Lingettes de peeling quotidien illuminatrices MONAT Exfoliating Peel Pads\u2122 - Monat Canada English\" \/>\n\t\t<meta property=\"og:description\" content=\"Lingettes de peelingquotidien illuminatrices MONAT Exfoliating Peel Pads\u2122 Minimise l&#039;apparence des taches fonc\u00e9es, des ridules et des rides. 30 lingettes (2,5 ml e 0,08 oz liq.) Retail Price$00.00 (USD) VIP Customer Price$00.00 (USD) Pour en savoir plus sur les Lingettes de peeling quotidien illuminatrices MONAT Exfoliating Peel Pads\u2122, veuillez contacter votre partenaire de march\u00e9 MONAT.\" \/>\n\t\t<meta property=\"og:url\" content=\"https:\/\/monatglobal.com\/ca\/peel-pads\/?lang=fr\" \/>\n\t\t<meta property=\"article:published_time\" content=\"2023-02-10T16:53:56+00:00\" \/>\n\t\t<meta property=\"article:modified_time\" content=\"2026-01-19T20:09:07+00:00\" \/>\n\t\t<meta name=\"twitter:card\" content=\"summary_large_image\" \/>\n\t\t<meta name=\"twitter:title\" content=\"Lingettes de peeling quotidien illuminatrices MONAT Exfoliating Peel Pads\u2122 - Monat Canada English\" \/>\n\t\t<meta name=\"twitter:description\" content=\"Lingettes de peelingquotidien illuminatrices MONAT Exfoliating Peel Pads\u2122 Minimise l&#039;apparence des taches fonc\u00e9es, des ridules et des rides. 30 lingettes (2,5 ml e 0,08 oz liq.) Retail Price$00.00 (USD) VIP Customer Price$00.00 (USD) Pour en savoir plus sur les Lingettes de peeling quotidien illuminatrices MONAT Exfoliating Peel Pads\u2122, veuillez contacter votre partenaire de march\u00e9 MONAT.\" \/>\n\t\t<script type=\"application\/ld+json\" class=\"aioseo-schema\">\n\t\t\t{\"@context\":\"https:\\\/\\\/schema.org\",\"@graph\":[{\"@type\":\"BreadcrumbList\",\"@id\":\"https:\\\/\\\/monatglobal.com\\\/ca\\\/peel-pads\\\/?lang=fr#breadcrumblist\",\"itemListElement\":[{\"@type\":\"ListItem\",\"@id\":\"https:\\\/\\\/monatglobal.com\\\/ca#listItem\",\"position\":1,\"name\":\"Home\",\"item\":\"https:\\\/\\\/monatglobal.com\\\/ca\",\"nextItem\":{\"@type\":\"ListItem\",\"@id\":\"https:\\\/\\\/monatglobal.com\\\/ca\\\/peel-pads\\\/?lang=fr#listItem\",\"name\":\"Lingettes de peeling quotidien illuminatrices MONAT Exfoliating Peel Pads\\u2122\"}},{\"@type\":\"ListItem\",\"@id\":\"https:\\\/\\\/monatglobal.com\\\/ca\\\/peel-pads\\\/?lang=fr#listItem\",\"position\":2,\"name\":\"Lingettes de peeling quotidien illuminatrices MONAT Exfoliating Peel Pads\\u2122\",\"previousItem\":{\"@type\":\"ListItem\",\"@id\":\"https:\\\/\\\/monatglobal.com\\\/ca#listItem\",\"name\":\"Home\"}}]},{\"@type\":\"Organization\",\"@id\":\"https:\\\/\\\/monatglobal.com\\\/ca\\\/#organization\",\"name\":\"Monat Canada English\",\"description\":\"We Are Modern Nature\",\"url\":\"https:\\\/\\\/monatglobal.com\\\/ca\\\/\"},{\"@type\":\"WebPage\",\"@id\":\"https:\\\/\\\/monatglobal.com\\\/ca\\\/peel-pads\\\/?lang=fr#webpage\",\"url\":\"https:\\\/\\\/monatglobal.com\\\/ca\\\/peel-pads\\\/?lang=fr\",\"name\":\"Lingettes de peeling quotidien illuminatrices MONAT Exfoliating Peel Pads\\u2122 - Monat Canada English\",\"description\":\"Lingettes de peelingquotidien illuminatrices MONAT Exfoliating Peel Pads\\u2122 Minimise l'apparence des taches fonc\\u00e9es, des ridules et des rides. 30 lingettes (2,5 ml e 0,08 oz liq.) Retail Price$00.00 (USD) VIP Customer Price$00.00 (USD) Pour en savoir plus sur les Lingettes de peeling quotidien illuminatrices MONAT Exfoliating Peel Pads\\u2122, veuillez contacter votre partenaire de march\\u00e9 MONAT.\",\"inLanguage\":\"en-US\",\"isPartOf\":{\"@id\":\"https:\\\/\\\/monatglobal.com\\\/ca\\\/#website\"},\"breadcrumb\":{\"@id\":\"https:\\\/\\\/monatglobal.com\\\/ca\\\/peel-pads\\\/?lang=fr#breadcrumblist\"},\"image\":{\"@type\":\"ImageObject\",\"url\":\"https:\\\/\\\/monatglobal.com\\\/ca\\\/wp-content\\\/uploads\\\/sites\\\/5\\\/2023\\\/02\\\/EXFOLIATING-PEEL-PADSBOX_Ecomm-JAN-2023-ecomm_-min.png\",\"@id\":\"https:\\\/\\\/monatglobal.com\\\/ca\\\/peel-pads\\\/?lang=fr\\\/#mainImage\",\"width\":641,\"height\":800},\"primaryImageOfPage\":{\"@id\":\"https:\\\/\\\/monatglobal.com\\\/ca\\\/peel-pads\\\/?lang=fr#mainImage\"},\"datePublished\":\"2023-02-10T11:53:56-05:00\",\"dateModified\":\"2026-01-19T15:09:07-05:00\"},{\"@type\":\"WebSite\",\"@id\":\"https:\\\/\\\/monatglobal.com\\\/ca\\\/#website\",\"url\":\"https:\\\/\\\/monatglobal.com\\\/ca\\\/\",\"name\":\"Monat Canada English\",\"description\":\"We Are Modern Nature\",\"inLanguage\":\"en-US\",\"publisher\":{\"@id\":\"https:\\\/\\\/monatglobal.com\\\/ca\\\/#organization\"}}]}\n\t\t<\/script>\n\t\t<!-- All in One SEO Pro -->\r\n\t\t<title>Lingettes de peeling quotidien illuminatrices MONAT Exfoliating Peel Pads\u2122 - Monat Canada English<\/title>\n\n","aioseo_head_json":{"title":"Lingettes de peeling quotidien illuminatrices MONAT Exfoliating Peel Pads\u2122 - Monat Canada English","description":"Lingettes de peelingquotidien illuminatrices MONAT Exfoliating Peel Pads\u2122 Minimise l'apparence des taches fonc\u00e9es, des ridules et des rides. 30 lingettes (2,5 ml e 0,08 oz liq.) Retail Price$00.00 (USD) VIP Customer Price$00.00 (USD) Pour en savoir plus sur les Lingettes de peeling quotidien illuminatrices MONAT Exfoliating Peel Pads\u2122, veuillez contacter votre partenaire de march\u00e9 MONAT.","canonical_url":"https:\/\/monatglobal.com\/ca\/peel-pads\/?lang=fr","robots":"max-image-preview:large","keywords":"","webmasterTools":{"miscellaneous":""},"schema":{"@context":"https:\/\/schema.org","@graph":[{"@type":"BreadcrumbList","@id":"https:\/\/monatglobal.com\/ca\/peel-pads\/?lang=fr#breadcrumblist","itemListElement":[{"@type":"ListItem","@id":"https:\/\/monatglobal.com\/ca#listItem","position":1,"name":"Home","item":"https:\/\/monatglobal.com\/ca","nextItem":{"@type":"ListItem","@id":"https:\/\/monatglobal.com\/ca\/peel-pads\/?lang=fr#listItem","name":"Lingettes de peeling quotidien illuminatrices MONAT Exfoliating Peel Pads\u2122"}},{"@type":"ListItem","@id":"https:\/\/monatglobal.com\/ca\/peel-pads\/?lang=fr#listItem","position":2,"name":"Lingettes de peeling quotidien illuminatrices MONAT Exfoliating Peel Pads\u2122","previousItem":{"@type":"ListItem","@id":"https:\/\/monatglobal.com\/ca#listItem","name":"Home"}}]},{"@type":"Organization","@id":"https:\/\/monatglobal.com\/ca\/#organization","name":"Monat Canada English","description":"We Are Modern Nature","url":"https:\/\/monatglobal.com\/ca\/"},{"@type":"WebPage","@id":"https:\/\/monatglobal.com\/ca\/peel-pads\/?lang=fr#webpage","url":"https:\/\/monatglobal.com\/ca\/peel-pads\/?lang=fr","name":"Lingettes de peeling quotidien illuminatrices MONAT Exfoliating Peel Pads\u2122 - Monat Canada English","description":"Lingettes de peelingquotidien illuminatrices MONAT Exfoliating Peel Pads\u2122 Minimise l'apparence des taches fonc\u00e9es, des ridules et des rides. 30 lingettes (2,5 ml e 0,08 oz liq.) Retail Price$00.00 (USD) VIP Customer Price$00.00 (USD) Pour en savoir plus sur les Lingettes de peeling quotidien illuminatrices MONAT Exfoliating Peel Pads\u2122, veuillez contacter votre partenaire de march\u00e9 MONAT.","inLanguage":"en-US","isPartOf":{"@id":"https:\/\/monatglobal.com\/ca\/#website"},"breadcrumb":{"@id":"https:\/\/monatglobal.com\/ca\/peel-pads\/?lang=fr#breadcrumblist"},"image":{"@type":"ImageObject","url":"https:\/\/monatglobal.com\/ca\/wp-content\/uploads\/sites\/5\/2023\/02\/EXFOLIATING-PEEL-PADSBOX_Ecomm-JAN-2023-ecomm_-min.png","@id":"https:\/\/monatglobal.com\/ca\/peel-pads\/?lang=fr\/#mainImage","width":641,"height":800},"primaryImageOfPage":{"@id":"https:\/\/monatglobal.com\/ca\/peel-pads\/?lang=fr#mainImage"},"datePublished":"2023-02-10T11:53:56-05:00","dateModified":"2026-01-19T15:09:07-05:00"},{"@type":"WebSite","@id":"https:\/\/monatglobal.com\/ca\/#website","url":"https:\/\/monatglobal.com\/ca\/","name":"Monat Canada English","description":"We Are Modern Nature","inLanguage":"en-US","publisher":{"@id":"https:\/\/monatglobal.com\/ca\/#organization"}}]},"og:locale":"en_US","og:site_name":"Monat Canada English - We Are Modern Nature","og:type":"article","og:title":"Lingettes de peeling quotidien illuminatrices MONAT Exfoliating Peel Pads\u2122 - Monat Canada English","og:description":"Lingettes de peelingquotidien illuminatrices MONAT Exfoliating Peel Pads\u2122 Minimise l'apparence des taches fonc\u00e9es, des ridules et des rides. 30 lingettes (2,5 ml e 0,08 oz liq.) Retail Price$00.00 (USD) VIP Customer Price$00.00 (USD) Pour en savoir plus sur les Lingettes de peeling quotidien illuminatrices MONAT Exfoliating Peel Pads\u2122, veuillez contacter votre partenaire de march\u00e9 MONAT.","og:url":"https:\/\/monatglobal.com\/ca\/peel-pads\/?lang=fr","article:published_time":"2023-02-10T16:53:56+00:00","article:modified_time":"2026-01-19T20:09:07+00:00","twitter:card":"summary_large_image","twitter:title":"Lingettes de peeling quotidien illuminatrices MONAT Exfoliating Peel Pads\u2122 - Monat Canada English","twitter:description":"Lingettes de peelingquotidien illuminatrices MONAT Exfoliating Peel Pads\u2122 Minimise l'apparence des taches fonc\u00e9es, des ridules et des rides. 30 lingettes (2,5 ml e 0,08 oz liq.) Retail Price$00.00 (USD) VIP Customer Price$00.00 (USD) Pour en savoir plus sur les Lingettes de peeling quotidien illuminatrices MONAT Exfoliating Peel Pads\u2122, veuillez contacter votre partenaire de march\u00e9 MONAT."},"aioseo_meta_data":{"post_id":"77090","title":null,"description":null,"keywords":null,"keyphrases":{"focus":{"keyphrase":"","score":0,"analysis":{"keyphraseInTitle":{"score":0,"maxScore":9,"error":1}}},"additional":[]},"primary_term":null,"canonical_url":null,"og_title":null,"og_description":null,"og_object_type":"default","og_image_type":"default","og_image_url":null,"og_image_width":null,"og_image_height":null,"og_image_custom_url":null,"og_image_custom_fields":null,"og_video":"","og_custom_url":null,"og_article_section":null,"og_article_tags":null,"twitter_use_og":false,"twitter_card":"default","twitter_image_type":"default","twitter_image_url":null,"twitter_image_custom_url":null,"twitter_image_custom_fields":null,"twitter_title":null,"twitter_description":null,"schema":{"blockGraphs":[],"customGraphs":[],"default":{"data":{"Article":[],"Course":[],"Dataset":[],"FAQPage":[],"Movie":[],"Person":[],"Product":[],"ProductReview":[],"Car":[],"Recipe":[],"Service":[],"SoftwareApplication":[],"WebPage":[]},"graphName":"WebPage","isEnabled":true},"graphs":[]},"schema_type":"default","schema_type_options":null,"pillar_content":false,"robots_default":true,"robots_noindex":false,"robots_noarchive":false,"robots_nosnippet":false,"robots_nofollow":false,"robots_noimageindex":false,"robots_noodp":false,"robots_notranslate":false,"robots_max_snippet":"-1","robots_max_videopreview":"-1","robots_max_imagepreview":"large","priority":null,"frequency":"default","local_seo":null,"seo_analyzer_scan_date":"2026-02-10 20:48:03","limit_modified_date":false,"reviewed_by":null,"open_ai":null,"ai":null,"created":"2023-07-26 13:10:56","updated":"2026-02-10 20:48:03"},"aioseo_breadcrumb":"<div class=\"aioseo-breadcrumbs\"><span class=\"aioseo-breadcrumb\">\n\t<a href=\"https:\/\/monatglobal.com\/ca\" title=\"Home\">Home<\/a>\n<\/span><span class=\"aioseo-breadcrumb-separator\">&raquo;<\/span><span class=\"aioseo-breadcrumb\">\n\tLingettes de peeling quotidien illuminatrices MONAT Exfoliating Peel Pads\u2122\n<\/span><\/div>","aioseo_breadcrumb_json":[{"label":"Home","link":"https:\/\/monatglobal.com\/ca"},{"label":"Lingettes de peeling quotidien illuminatrices MONAT Exfoliating Peel Pads\u2122","link":"https:\/\/monatglobal.com\/ca\/peel-pads\/?lang=fr"}],"_links":{"self":[{"href":"https:\/\/monatglobal.com\/ca\/wp-json\/wp\/v2\/pages\/77090","targetHints":{"allow":["GET"]}}],"collection":[{"href":"https:\/\/monatglobal.com\/ca\/wp-json\/wp\/v2\/pages"}],"about":[{"href":"https:\/\/monatglobal.com\/ca\/wp-json\/wp\/v2\/types\/page"}],"author":[{"embeddable":true,"href":"https:\/\/monatglobal.com\/ca\/wp-json\/wp\/v2\/users\/39"}],"replies":[{"embeddable":true,"href":"https:\/\/monatglobal.com\/ca\/wp-json\/wp\/v2\/comments?post=77090"}],"version-history":[{"count":29,"href":"https:\/\/monatglobal.com\/ca\/wp-json\/wp\/v2\/pages\/77090\/revisions"}],"predecessor-version":[{"id":110147,"href":"https:\/\/monatglobal.com\/ca\/wp-json\/wp\/v2\/pages\/77090\/revisions\/110147"}],"wp:featuredmedia":[{"embeddable":true,"href":"https:\/\/monatglobal.com\/ca\/wp-json\/wp\/v2\/media\/77150"}],"wp:attachment":[{"href":"https:\/\/monatglobal.com\/ca\/wp-json\/wp\/v2\/media?parent=77090"}],"wp:term":[{"taxonomy":"category","embeddable":true,"href":"https:\/\/monatglobal.com\/ca\/wp-json\/wp\/v2\/categories?post=77090"},{"taxonomy":"post_tag","embeddable":true,"href":"https:\/\/monatglobal.com\/ca\/wp-json\/wp\/v2\/tags?post=77090"}],"curies":[{"name":"wp","href":"https:\/\/api.w.org\/{rel}","templated":true}]}}