{"id":76750,"date":"2023-01-12T11:38:04","date_gmt":"2023-01-12T16:38:04","guid":{"rendered":"https:\/\/monatglobal.com\/ca\/?page_id=76750"},"modified":"2023-02-10T08:24:29","modified_gmt":"2023-02-10T13:24:29","slug":"masterclass","status":"publish","type":"page","link":"https:\/\/monatglobal.com\/ca\/masterclass\/?lang=fr","title":{"rendered":"MONAT Masterclass"},"content":{"rendered":"\n<img decoding=\"async\" src=\"https:\/\/monatglobal.com\/wp-content\/uploads\/2023\/01\/the-phd-Masterclass_logo.svg\" alt=\"Masterclass logo\">\n            <a href=\"\/ca\/?page_id=76750&amp;lang=fr\/#masterclass_form\">Abonnez-vous!<\/a>\n                <h2>Apprenez de la cr\u00e8me de la cr\u00e8me de MONAT!<\/h2>\n                <h3>Nous vous mettons \u00ab dans la m\u00eame pi\u00e8ce \u00bb que des experts! Des partenaires de march\u00e9 qui ma\u00eetrisent leur m\u00e9tier sont pr\u00eats \u00e0 partager leurs connaissances et leurs comp\u00e9tences pendant le nouveau cours de ma\u00eetre!<\/h3>\n                <p>Cette s\u00e9rie unique en son genre vous permettra d&#8217;acqu\u00e9rir des connaissances professionnelles pour vous aider \u00e0 faire passer votre entreprise au prochain niveau. <\/p>\n                <img decoding=\"async\" src=\"https:\/\/monatglobal.com\/wp-content\/uploads\/2023\/01\/mp-enrollments.svg\">\n                \tAugmentez l&#8217;inscription de partenaires de march\u00e9\n\n                <img decoding=\"async\" src=\"https:\/\/monatglobal.com\/wp-content\/uploads\/2023\/01\/vip-enrollments.svg\">\n                \tAccroissez l&#8217;acquisition de VIP\n\n                <img decoding=\"async\" src=\"https:\/\/monatglobal.com\/wp-content\/uploads\/2023\/01\/ticket.svg\">\n                \tRehaussez vos \u00e9v\u00e8nements MONAT\n\n                <img decoding=\"async\" src=\"https:\/\/monatglobal.com\/wp-content\/uploads\/2023\/01\/strategy.svg\">\n                \t\u00c9tablissez des objectifs clairs et cr\u00e9ez un plan d&#8217;action strat\u00e9gique \n \n                <img decoding=\"async\" src=\"https:\/\/monatglobal.com\/wp-content\/uploads\/2023\/01\/empower.svg\">\n                \tGagnez en confiance\n\n            Un nouveau cours sera disponible chaque mois \u00e0 partir de l&#8217;Acad\u00e9mie des partenaires de\nmarch\u00e9.\n                <h2>Abonnez-vous pour acc\u00e9der au contenu exclusif!<\/h2>\n    <h2>Abonnez-vous!<\/h2>\n   <script type=\"text\/javascript\">var gform;gform||(document.addEventListener(\"gform_main_scripts_loaded\",function(){gform.scriptsLoaded=!0}),window.addEventListener(\"DOMContentLoaded\",function(){gform.domLoaded=!0}),gform={domLoaded:!1,scriptsLoaded:!1,initializeOnLoaded:function(o){gform.domLoaded&&gform.scriptsLoaded?o():!gform.domLoaded&&gform.scriptsLoaded?window.addEventListener(\"DOMContentLoaded\",o):document.addEventListener(\"gform_main_scripts_loaded\",o)},hooks:{action:{},filter:{}},addAction:function(o,n,r,t){gform.addHook(\"action\",o,n,r,t)},addFilter:function(o,n,r,t){gform.addHook(\"filter\",o,n,r,t)},doAction:function(o){gform.doHook(\"action\",o,arguments)},applyFilters:function(o){return gform.doHook(\"filter\",o,arguments)},removeAction:function(o,n){gform.removeHook(\"action\",o,n)},removeFilter:function(o,n,r){gform.removeHook(\"filter\",o,n,r)},addHook:function(o,n,r,t,i){null==gform.hooks[o][n]&&(gform.hooks[o][n]=[]);var e=gform.hooks[o][n];null==i&&(i=n+\"_\"+e.length),gform.hooks[o][n].push({tag:i,callable:r,priority:t=null==t?10:t})},doHook:function(n,o,r){var t;if(r=Array.prototype.slice.call(r,1),null!=gform.hooks[n][o]&&((o=gform.hooks[n][o]).sort(function(o,n){return o.priority-n.priority}),o.forEach(function(o){\"function\"!=typeof(t=o.callable)&&(t=window[t]),\"action\"==n?t.apply(null,r):r[0]=t.apply(null,r)})),\"filter\"==n)return r[0]},removeHook:function(o,n,t,i){var r;null!=gform.hooks[o][n]&&(r=(r=gform.hooks[o][n]).filter(function(o,n,r){return!!(null!=i&&i!=o.tag||null!=t&&t!=o.priority)}),gform.hooks[o][n]=r)}});<\/script>\n                <div class='gf_browser_gecko gform_wrapper gravity-theme' id='gform_wrapper_25' >\n                        <div class='gform_heading'>\n                            <span class='gform_description'><\/span>\n                        <\/div><form method='post' enctype='multipart\/form-data'  id='gform_25'  action='\/ca\/wp-json\/wp\/v2\/pages\/76750' >\n                        <div class='gform_body gform-body'><div id='gform_fields_25' class='gform_fields top_label form_sublabel_below description_below'><fieldset id=\"field_25_1\"  class=\"gfield field_sublabel_hidden_label field_description_below gfield_visibility_visible\"  data-js-reload=\"field_25_1\"><legend class='gfield_label gfield_label_before_complex'  >Nom :<\/legend><div class='ginput_complex ginput_container no_prefix has_first_name no_middle_name has_last_name no_suffix gf_name_has_2 ginput_container_name' id='input_25_1'>\n                            \n                            <span id='input_25_1_3_container' class='name_first' >\n                                                    <input type='text' name='input_1.3' id='input_25_1_3' value=''   aria-required='false'   placeholder='Pr\u00e9nom'  \/>\n                                                    <label for='input_25_1_3' class='hidden_sub_label screen-reader-text'>First<\/label>\n                                                <\/span>\n                            \n                            <span id='input_25_1_6_container' class='name_last' >\n                                                    <input type='text' name='input_1.6' id='input_25_1_6' value=''   aria-required='false'   placeholder='Nom de famille'  \/>\n                                                    <label for='input_25_1_6' class='hidden_sub_label screen-reader-text'>Last<\/label>\n                                                <\/span>\n                            \n                        <\/div><\/fieldset><div id=\"field_25_3\"  class=\"gfield gfield--width-half gfield_contains_required field_sublabel_below field_description_below gfield_visibility_visible\"  data-js-reload=\"field_25_3\"><label class='gfield_label' for='input_25_3' >No de PM :<span class=\"gfield_required\"><span class=\"gfield_required gfield_required_text\">(Required)<\/span><\/span><\/label><div class='ginput_container ginput_container_number'><input name='input_3' id='input_25_3' type='text'    value='' class='large'    placeholder='Votre no de partenaire de march\u00e9' aria-required=\"true\" aria-invalid=\"false\"  \/><\/div><\/div><div id=\"field_25_5\"  class=\"gfield gfield--width-half gfield_contains_required field_sublabel_below field_description_below gfield_visibility_visible\"  data-js-reload=\"field_25_5\"><label class='gfield_label' for='input_25_5' >Adresse courriel :<span class=\"gfield_required\"><span class=\"gfield_required gfield_required_text\">(Required)<\/span><\/span><\/label><div class='ginput_container ginput_container_email'>\n                            <input name='input_5' id='input_25_5' type='text' value='' class='large'   placeholder='Votre addresse courriel' aria-required=\"true\" aria-invalid=\"false\"  \/>\n                        <\/div><\/div><\/div><\/div>\n        <div class='gform_footer top_label'> <input type='submit' id='gform_submit_button_25' class='gform_button button' value='Soumettre'  onclick='if(window[\"gf_submitting_25\"]){return false;}  window[\"gf_submitting_25\"]=true;  ' onkeypress='if( event.keyCode == 13 ){ if(window[\"gf_submitting_25\"]){return false;} window[\"gf_submitting_25\"]=true;  jQuery(\"#gform_25\").trigger(\"submit\",[true]); }' \/> \n            <input type='hidden' class='gform_hidden' name='is_submit_25' value='1' \/>\n            <input type='hidden' class='gform_hidden' name='gform_submit' value='25' \/>\n            \n            <input type='hidden' class='gform_hidden' name='gform_unique_id' value='' \/>\n            <input type='hidden' class='gform_hidden' name='state_25' value='WyJbXSIsImNhMjEwMGY5ZWZmOGM1MzhmNDJlZGNlODkwOGRmYzEwIl0=' \/>\n            <input type='hidden' class='gform_hidden' name='gform_target_page_number_25' id='gform_target_page_number_25' value='0' \/>\n            <input type='hidden' class='gform_hidden' name='gform_source_page_number_25' id='gform_source_page_number_25' value='1' \/>\n            <input type='hidden' name='gform_field_values' value='' \/>\n            \n        <\/div>\n                        <\/form>\n                        <\/div>\n    <!--botar aqui la forma-->\n    <img decoding=\"async\" alt=\"Masterclass logo\" src=\"https:\/\/monatglobal.com\/wp-content\/uploads\/2023\/01\/phd-masterclass-dark-logo.svg\">\n","protected":false},"excerpt":{"rendered":"<p>Abonnez-vous! Apprenez de la cr\u00e8me de la cr\u00e8me de MONAT! Nous vous mettons \u00ab dans la m\u00eame pi\u00e8ce \u00bb que des experts! Des partenaires de march\u00e9 qui ma\u00eetrisent leur m\u00e9tier sont pr\u00eats \u00e0 partager leurs connaissances et leurs comp\u00e9tences pendant le nouveau cours de ma\u00eetre! Cette s\u00e9rie unique en son genre vous permettra d&#8217;acqu\u00e9rir des&hellip;<\/p>\n","protected":false},"author":31,"featured_media":76997,"parent":0,"menu_order":0,"comment_status":"closed","ping_status":"closed","template":"","meta":{"inline_featured_image":false,"om_disable_all_campaigns":false,"_monsterinsights_skip_tracking":false,"_monsterinsights_sitenote_active":false,"_monsterinsights_sitenote_note":"","_monsterinsights_sitenote_category":0,"footnotes":""},"categories":[],"tags":[],"class_list":["post-76750","page","type-page","status-publish","has-post-thumbnail","hentry"],"aioseo_notices":[],"aioseo_head":"\n\t\t<!-- All in One SEO Pro 4.9.6 - aioseo.com -->\n\t<meta name=\"description\" content=\"Abonnez-vous! Apprenez de la cr\u00e8me de la cr\u00e8me de MONAT! Nous vous mettons \u00ab dans la m\u00eame pi\u00e8ce \u00bb que des experts! Des partenaires de march\u00e9 qui ma\u00eetrisent leur m\u00e9tier sont pr\u00eats \u00e0 partager leurs connaissances et leurs comp\u00e9tences pendant le nouveau cours de ma\u00eetre! Cette s\u00e9rie unique en son genre vous permettra d&#039;acqu\u00e9rir des\" \/>\n\t<meta name=\"robots\" content=\"max-image-preview:large\" \/>\n\t<link rel=\"canonical\" href=\"https:\/\/monatglobal.com\/ca\/masterclass\/?lang=fr\" \/>\n\t<meta name=\"generator\" content=\"All in One SEO Pro (AIOSEO) 4.9.6\" \/>\n\t\t<meta property=\"og:locale\" content=\"en_US\" \/>\n\t\t<meta property=\"og:site_name\" content=\"Monat Canada English - We Are Modern Nature\" \/>\n\t\t<meta property=\"og:type\" content=\"article\" \/>\n\t\t<meta property=\"og:title\" content=\"MONAT Masterclass - Monat Canada English\" \/>\n\t\t<meta property=\"og:description\" content=\"Abonnez-vous! Apprenez de la cr\u00e8me de la cr\u00e8me de MONAT! Nous vous mettons \u00ab dans la m\u00eame pi\u00e8ce \u00bb que des experts! Des partenaires de march\u00e9 qui ma\u00eetrisent leur m\u00e9tier sont pr\u00eats \u00e0 partager leurs connaissances et leurs comp\u00e9tences pendant le nouveau cours de ma\u00eetre! Cette s\u00e9rie unique en son genre vous permettra d&#039;acqu\u00e9rir des\" \/>\n\t\t<meta property=\"og:url\" content=\"https:\/\/monatglobal.com\/ca\/masterclass\/?lang=fr\" \/>\n\t\t<meta property=\"article:published_time\" content=\"2023-01-12T16:38:04+00:00\" \/>\n\t\t<meta property=\"article:modified_time\" content=\"2023-02-10T13:24:29+00:00\" \/>\n\t\t<meta name=\"twitter:card\" content=\"summary_large_image\" \/>\n\t\t<meta name=\"twitter:title\" content=\"MONAT Masterclass - Monat Canada English\" \/>\n\t\t<meta name=\"twitter:description\" content=\"Abonnez-vous! Apprenez de la cr\u00e8me de la cr\u00e8me de MONAT! Nous vous mettons \u00ab dans la m\u00eame pi\u00e8ce \u00bb que des experts! Des partenaires de march\u00e9 qui ma\u00eetrisent leur m\u00e9tier sont pr\u00eats \u00e0 partager leurs connaissances et leurs comp\u00e9tences pendant le nouveau cours de ma\u00eetre! Cette s\u00e9rie unique en son genre vous permettra d&#039;acqu\u00e9rir des\" \/>\n\t\t<script type=\"application\/ld+json\" class=\"aioseo-schema\">\n\t\t\t{\"@context\":\"https:\\\/\\\/schema.org\",\"@graph\":[{\"@type\":\"BreadcrumbList\",\"@id\":\"https:\\\/\\\/monatglobal.com\\\/ca\\\/masterclass\\\/?lang=fr#breadcrumblist\",\"itemListElement\":[{\"@type\":\"ListItem\",\"@id\":\"https:\\\/\\\/monatglobal.com\\\/ca#listItem\",\"position\":1,\"name\":\"Home\",\"item\":\"https:\\\/\\\/monatglobal.com\\\/ca\",\"nextItem\":{\"@type\":\"ListItem\",\"@id\":\"https:\\\/\\\/monatglobal.com\\\/ca\\\/masterclass\\\/?lang=fr#listItem\",\"name\":\"MONAT Masterclass\"}},{\"@type\":\"ListItem\",\"@id\":\"https:\\\/\\\/monatglobal.com\\\/ca\\\/masterclass\\\/?lang=fr#listItem\",\"position\":2,\"name\":\"MONAT Masterclass\",\"previousItem\":{\"@type\":\"ListItem\",\"@id\":\"https:\\\/\\\/monatglobal.com\\\/ca#listItem\",\"name\":\"Home\"}}]},{\"@type\":\"Organization\",\"@id\":\"https:\\\/\\\/monatglobal.com\\\/ca\\\/#organization\",\"name\":\"Monat Canada English\",\"description\":\"We Are Modern Nature\",\"url\":\"https:\\\/\\\/monatglobal.com\\\/ca\\\/\"},{\"@type\":\"WebPage\",\"@id\":\"https:\\\/\\\/monatglobal.com\\\/ca\\\/masterclass\\\/?lang=fr#webpage\",\"url\":\"https:\\\/\\\/monatglobal.com\\\/ca\\\/masterclass\\\/?lang=fr\",\"name\":\"MONAT Masterclass - Monat Canada English\",\"description\":\"Abonnez-vous! Apprenez de la cr\\u00e8me de la cr\\u00e8me de MONAT! Nous vous mettons \\u00ab dans la m\\u00eame pi\\u00e8ce \\u00bb que des experts! Des partenaires de march\\u00e9 qui ma\\u00eetrisent leur m\\u00e9tier sont pr\\u00eats \\u00e0 partager leurs connaissances et leurs comp\\u00e9tences pendant le nouveau cours de ma\\u00eetre! Cette s\\u00e9rie unique en son genre vous permettra d'acqu\\u00e9rir des\",\"inLanguage\":\"en-US\",\"isPartOf\":{\"@id\":\"https:\\\/\\\/monatglobal.com\\\/ca\\\/#website\"},\"breadcrumb\":{\"@id\":\"https:\\\/\\\/monatglobal.com\\\/ca\\\/masterclass\\\/?lang=fr#breadcrumblist\"},\"image\":{\"@type\":\"ImageObject\",\"url\":\"https:\\\/\\\/monatglobal.com\\\/ca\\\/wp-content\\\/uploads\\\/sites\\\/5\\\/2023\\\/01\\\/masterclass-banner-mobile-min.jpg\",\"@id\":\"https:\\\/\\\/monatglobal.com\\\/ca\\\/masterclass\\\/?lang=fr\\\/#mainImage\",\"width\":800,\"height\":602},\"primaryImageOfPage\":{\"@id\":\"https:\\\/\\\/monatglobal.com\\\/ca\\\/masterclass\\\/?lang=fr#mainImage\"},\"datePublished\":\"2023-01-12T11:38:04-05:00\",\"dateModified\":\"2023-02-10T08:24:29-05:00\"},{\"@type\":\"WebSite\",\"@id\":\"https:\\\/\\\/monatglobal.com\\\/ca\\\/#website\",\"url\":\"https:\\\/\\\/monatglobal.com\\\/ca\\\/\",\"name\":\"Monat Canada English\",\"description\":\"We Are Modern Nature\",\"inLanguage\":\"en-US\",\"publisher\":{\"@id\":\"https:\\\/\\\/monatglobal.com\\\/ca\\\/#organization\"}}]}\n\t\t<\/script>\n\t\t<!-- All in One SEO Pro -->\r\n\t\t<title>MONAT Masterclass - Monat Canada English<\/title>\n\n","aioseo_head_json":{"title":"MONAT Masterclass - Monat Canada English","description":"Abonnez-vous! Apprenez de la cr\u00e8me de la cr\u00e8me de MONAT! Nous vous mettons \u00ab dans la m\u00eame pi\u00e8ce \u00bb que des experts! Des partenaires de march\u00e9 qui ma\u00eetrisent leur m\u00e9tier sont pr\u00eats \u00e0 partager leurs connaissances et leurs comp\u00e9tences pendant le nouveau cours de ma\u00eetre! Cette s\u00e9rie unique en son genre vous permettra d'acqu\u00e9rir des","canonical_url":"https:\/\/monatglobal.com\/ca\/masterclass\/?lang=fr","robots":"max-image-preview:large","keywords":"","webmasterTools":{"miscellaneous":""},"schema":{"@context":"https:\/\/schema.org","@graph":[{"@type":"BreadcrumbList","@id":"https:\/\/monatglobal.com\/ca\/masterclass\/?lang=fr#breadcrumblist","itemListElement":[{"@type":"ListItem","@id":"https:\/\/monatglobal.com\/ca#listItem","position":1,"name":"Home","item":"https:\/\/monatglobal.com\/ca","nextItem":{"@type":"ListItem","@id":"https:\/\/monatglobal.com\/ca\/masterclass\/?lang=fr#listItem","name":"MONAT Masterclass"}},{"@type":"ListItem","@id":"https:\/\/monatglobal.com\/ca\/masterclass\/?lang=fr#listItem","position":2,"name":"MONAT Masterclass","previousItem":{"@type":"ListItem","@id":"https:\/\/monatglobal.com\/ca#listItem","name":"Home"}}]},{"@type":"Organization","@id":"https:\/\/monatglobal.com\/ca\/#organization","name":"Monat Canada English","description":"We Are Modern Nature","url":"https:\/\/monatglobal.com\/ca\/"},{"@type":"WebPage","@id":"https:\/\/monatglobal.com\/ca\/masterclass\/?lang=fr#webpage","url":"https:\/\/monatglobal.com\/ca\/masterclass\/?lang=fr","name":"MONAT Masterclass - Monat Canada English","description":"Abonnez-vous! Apprenez de la cr\u00e8me de la cr\u00e8me de MONAT! Nous vous mettons \u00ab dans la m\u00eame pi\u00e8ce \u00bb que des experts! Des partenaires de march\u00e9 qui ma\u00eetrisent leur m\u00e9tier sont pr\u00eats \u00e0 partager leurs connaissances et leurs comp\u00e9tences pendant le nouveau cours de ma\u00eetre! Cette s\u00e9rie unique en son genre vous permettra d'acqu\u00e9rir des","inLanguage":"en-US","isPartOf":{"@id":"https:\/\/monatglobal.com\/ca\/#website"},"breadcrumb":{"@id":"https:\/\/monatglobal.com\/ca\/masterclass\/?lang=fr#breadcrumblist"},"image":{"@type":"ImageObject","url":"https:\/\/monatglobal.com\/ca\/wp-content\/uploads\/sites\/5\/2023\/01\/masterclass-banner-mobile-min.jpg","@id":"https:\/\/monatglobal.com\/ca\/masterclass\/?lang=fr\/#mainImage","width":800,"height":602},"primaryImageOfPage":{"@id":"https:\/\/monatglobal.com\/ca\/masterclass\/?lang=fr#mainImage"},"datePublished":"2023-01-12T11:38:04-05:00","dateModified":"2023-02-10T08:24:29-05:00"},{"@type":"WebSite","@id":"https:\/\/monatglobal.com\/ca\/#website","url":"https:\/\/monatglobal.com\/ca\/","name":"Monat Canada English","description":"We Are Modern Nature","inLanguage":"en-US","publisher":{"@id":"https:\/\/monatglobal.com\/ca\/#organization"}}]},"og:locale":"en_US","og:site_name":"Monat Canada English - We Are Modern Nature","og:type":"article","og:title":"MONAT Masterclass - Monat Canada English","og:description":"Abonnez-vous! Apprenez de la cr\u00e8me de la cr\u00e8me de MONAT! Nous vous mettons \u00ab dans la m\u00eame pi\u00e8ce \u00bb que des experts! Des partenaires de march\u00e9 qui ma\u00eetrisent leur m\u00e9tier sont pr\u00eats \u00e0 partager leurs connaissances et leurs comp\u00e9tences pendant le nouveau cours de ma\u00eetre! Cette s\u00e9rie unique en son genre vous permettra d'acqu\u00e9rir des","og:url":"https:\/\/monatglobal.com\/ca\/masterclass\/?lang=fr","article:published_time":"2023-01-12T16:38:04+00:00","article:modified_time":"2023-02-10T13:24:29+00:00","twitter:card":"summary_large_image","twitter:title":"MONAT Masterclass - Monat Canada English","twitter:description":"Abonnez-vous! Apprenez de la cr\u00e8me de la cr\u00e8me de MONAT! Nous vous mettons \u00ab dans la m\u00eame pi\u00e8ce \u00bb que des experts! Des partenaires de march\u00e9 qui ma\u00eetrisent leur m\u00e9tier sont pr\u00eats \u00e0 partager leurs connaissances et leurs comp\u00e9tences pendant le nouveau cours de ma\u00eetre! Cette s\u00e9rie unique en son genre vous permettra d'acqu\u00e9rir des"},"aioseo_meta_data":{"post_id":"76750","title":null,"description":null,"keywords":null,"keyphrases":null,"primary_term":null,"canonical_url":null,"og_title":null,"og_description":null,"og_object_type":"default","og_image_type":"default","og_image_url":null,"og_image_width":null,"og_image_height":null,"og_image_custom_url":null,"og_image_custom_fields":null,"og_video":null,"og_custom_url":null,"og_article_section":null,"og_article_tags":null,"twitter_use_og":false,"twitter_card":"default","twitter_image_type":"default","twitter_image_url":null,"twitter_image_custom_url":null,"twitter_image_custom_fields":null,"twitter_title":null,"twitter_description":null,"schema":{"blockGraphs":[],"customGraphs":[],"default":{"data":{"Article":[],"Course":[],"Dataset":[],"FAQPage":[],"Movie":[],"Person":[],"Product":[],"ProductReview":[],"Car":[],"Recipe":[],"Service":[],"SoftwareApplication":[],"WebPage":[]},"graphName":"","isEnabled":true},"graphs":[]},"schema_type":"default","schema_type_options":null,"pillar_content":false,"robots_default":true,"robots_noindex":false,"robots_noarchive":false,"robots_nosnippet":false,"robots_nofollow":false,"robots_noimageindex":false,"robots_noodp":false,"robots_notranslate":false,"robots_max_snippet":null,"robots_max_videopreview":null,"robots_max_imagepreview":"large","priority":null,"frequency":null,"local_seo":null,"seo_analyzer_scan_date":"2026-02-10 20:46:42","limit_modified_date":false,"reviewed_by":null,"open_ai":null,"ai":null,"created":"2023-07-26 13:10:55","updated":"2026-02-10 20:46:42"},"aioseo_breadcrumb":"<div class=\"aioseo-breadcrumbs\"><span class=\"aioseo-breadcrumb\">\n\t<a href=\"https:\/\/monatglobal.com\/ca\" title=\"Home\">Home<\/a>\n<\/span><span class=\"aioseo-breadcrumb-separator\">&raquo;<\/span><span class=\"aioseo-breadcrumb\">\n\tMONAT Masterclass\n<\/span><\/div>","aioseo_breadcrumb_json":[{"label":"Home","link":"https:\/\/monatglobal.com\/ca"},{"label":"MONAT Masterclass","link":"https:\/\/monatglobal.com\/ca\/masterclass\/?lang=fr"}],"_links":{"self":[{"href":"https:\/\/monatglobal.com\/ca\/wp-json\/wp\/v2\/pages\/76750","targetHints":{"allow":["GET"]}}],"collection":[{"href":"https:\/\/monatglobal.com\/ca\/wp-json\/wp\/v2\/pages"}],"about":[{"href":"https:\/\/monatglobal.com\/ca\/wp-json\/wp\/v2\/types\/page"}],"author":[{"embeddable":true,"href":"https:\/\/monatglobal.com\/ca\/wp-json\/wp\/v2\/users\/31"}],"replies":[{"embeddable":true,"href":"https:\/\/monatglobal.com\/ca\/wp-json\/wp\/v2\/comments?post=76750"}],"version-history":[{"count":21,"href":"https:\/\/monatglobal.com\/ca\/wp-json\/wp\/v2\/pages\/76750\/revisions"}],"predecessor-version":[{"id":77148,"href":"https:\/\/monatglobal.com\/ca\/wp-json\/wp\/v2\/pages\/76750\/revisions\/77148"}],"wp:featuredmedia":[{"embeddable":true,"href":"https:\/\/monatglobal.com\/ca\/wp-json\/wp\/v2\/media\/76997"}],"wp:attachment":[{"href":"https:\/\/monatglobal.com\/ca\/wp-json\/wp\/v2\/media?parent=76750"}],"wp:term":[{"taxonomy":"category","embeddable":true,"href":"https:\/\/monatglobal.com\/ca\/wp-json\/wp\/v2\/categories?post=76750"},{"taxonomy":"post_tag","embeddable":true,"href":"https:\/\/monatglobal.com\/ca\/wp-json\/wp\/v2\/tags?post=76750"}],"curies":[{"name":"wp","href":"https:\/\/api.w.org\/{rel}","templated":true}]}}