{"id":75973,"date":"2022-11-28T10:23:54","date_gmt":"2022-11-28T15:23:54","guid":{"rendered":"https:\/\/monatglobal.com\/ca\/?page_id=75973"},"modified":"2025-02-24T15:48:15","modified_gmt":"2025-02-24T20:48:15","slug":"special-annual-awards","status":"publish","type":"page","link":"https:\/\/monatglobal.com\/ca\/special-annual-awards\/?lang=fr","title":{"rendered":"Special Annual Awards 2022"},"content":{"rendered":"\n\n            <img decoding=\"async\" src=\"https:\/\/monatglobal.com\/wp-content\/uploads\/2018\/05\/01.-Managing-market-partner.png\" loading=\"lazy\"\/>\n            <h1>Laur\u00e9ats des <br \/>prix sp\u00e9ciaux 2023<\/h1><br \/>\n            <p>WATCH VIDEO<\/p>\n        <p>Les prix annuels du pr\u00e9sident du conseil, du PDG et du pr\u00e9sident sont d\u00e9cern\u00e9s \u00e0 des partenaires de march\u00e9 qui ont connu un grand succ\u00e8s, qui incarnent la culture et l&#8217;esprit de MONAT, et que les autres cherchent \u00e0 imiter.  <\/p>\n        <p>Ces prix sont d\u00e9cern\u00e9s chaque ann\u00e9e pendant la remise de prix Dream Bigger dans le cadre de MONATions.<\/p>\n                <h2>Prix du pr\u00e9sident <br \/>du conseil<\/h2>\n                <hr \/>\n                <p>Ce prix reconna\u00eet une personne ayant atteint le rang de mentor de march\u00e9 ou plus haut et ayant \u00e9t\u00e9 mis en nomination par ses pairs. Le laur\u00e9at de ce prix incarne les caract\u00e9ristiques pris\u00e9es par MONAT, dont la gratitude, la bienveillance, le service envers la communaut\u00e9, l&#8217;humilit\u00e9, la philanthropie et le leadership.<\/p>\n                <img decoding=\"async\" src=\"https:\/\/monatglobal.com\/wp-content\/uploads\/2023\/12\/chairman-award_2023-min.png\" loading=\"lazy\"\/>\n            <p>Le r\u00e9cipiendaire de ce prix annuel est admir\u00e9 par les partenaires de march\u00e9, montre l&#8217;exemple en tant que mod\u00e8le et participe \u00e0 l&#8217;am\u00e9lioration de sa communaut\u00e9.<\/p>\n        <hr \/>\n                    <img decoding=\"async\" src=\"https:\/\/monatglobal.com\/wp-content\/uploads\/2021\/07\/USA-flag.png\" loading=\"lazy\"\/>\n                    <p>Brittany<br \/>Sauer<\/p>\n                    <h2>Prix du pr\u00e9sident du conseil :<\/h2>\n                    <p>Parmi les six \u00e9ditions de MONATions auxquelles Brittany a assist\u00e9 &#8211; chaque ann\u00e9e depuis qu&#8217;elle a rejoint MONAT en 2017 &#8211; la derni\u00e8re, en 2023, pourrait bien \u00eatre la plus m\u00e9morable.<\/p>\n                    <br \/>\n                    <hr \/>\n                    <br \/>\n                    <p>C&#8217;est l\u00e0 qu&#8217;elle a re\u00e7u le plus grand honneur d\u00e9cern\u00e9 par MONAT : le Prix du pr\u00e9sident du conseil, qui est pr\u00e9sent\u00e9 au partenaire de march\u00e9 choisi par ses pairs et d\u00e9sign\u00e9 H\u00e9ros MONAT de l&#8217;ann\u00e9e.<\/p>\n                    <br \/>\n                    <hr \/>\n                    <br \/>\n                    <p>Brittany d\u00e9tient le titre de carri\u00e8re de directrice ex\u00e9cutive s\u00e9nior et habite \u00e0 Miami Beach, en Floride, avec son conjoint. Elle est fi\u00e8re d&#8217;\u00eatre membre du Club d&#8217;un million de dollars et du MONAT Motor&nbsp;Club.<\/p>\n            <p>C&#8217;est l\u00e0 qu&#8217;elle a re\u00e7u le plus grand honneur d\u00e9cern\u00e9 par MONAT : le Prix du pr\u00e9sident du conseil, qui est pr\u00e9sent\u00e9 au partenaire de march\u00e9 choisi par ses pairs et d\u00e9sign\u00e9 H\u00e9ros MONAT de l&#8217;ann\u00e9e.<\/p>\n            <hr \/>\n            <p>Brittany d\u00e9tient le titre de carri\u00e8re de directrice ex\u00e9cutive s\u00e9nior et habite \u00e0 Miami Beach, en Floride, avec son conjoint. Elle est fi\u00e8re d&#8217;\u00eatre membre du Club d&#8217;un million de dollars et du MONAT Motor&nbsp;Club.<\/p>\n        <hr \/>\n                <h2>Prix\n <br \/>du PDG<\/h2>\n                <hr \/>\n                <p>Le prix du Plus performant de l&#8217;ann\u00e9e MONAT est une personne au rang de directeur ex\u00e9cutif associ\u00e9 ou plus haut qui est avec MONAT depuis au moins un an. Cet individu d\u00e9montre un engagement in\u00e9branlable envers le d\u00e9veloppement de son entreprise MONAT, surmonte des obstacles et est un exemple de r\u00e9ussite pour les autres.<\/p>\n                <img decoding=\"async\" src=\"https:\/\/monatglobal.com\/wp-content\/uploads\/2023\/12\/ceo-award_2023-min.png\" loading=\"lazy\"\/>\n            <p>Le r\u00e9cipiendaire est choisi \u00e0 l&#8217;aide d&#8217;un syst\u00e8me de points. Les points sont accord\u00e9s lorsque la personne se classe en 1re, 2e ou 3e place dans les cat\u00e9gories reconnues lors du spectaculaire \u00e9v\u00e8nement Dream Bigger.<\/p>\n        <hr \/>\n                    <img decoding=\"async\" src=\"https:\/\/monatglobal.com\/wp-content\/uploads\/2021\/07\/USA-flag.png\" loading=\"lazy\"\/>\n                      <p>Jade<br \/>Free<\/p>\n                      <h2>Prix du PDG :<\/h2>\n                    Conjointe, m\u00e8re et r\u00e9sidente de la Californie, Jade Free a v\u00e9cu une aventure excitante couronn\u00e9e de succ\u00e8s depuis ses d\u00e9buts avec MONAT en 2019.\n\n                    <br \/>\n                    <hr \/>\n                    <br \/>\n                    Elle est \u00e0 la fois membre du MONAT Motor Club et du Club de 100k, et a atteint le rang de directrice ex\u00e9cutive associ\u00e9e en juillet 2022.\n\n<br \/>\n                    <hr \/>\n                    <br \/>\n                    <p>Jade a assist\u00e9 \u00e0 MONATions quatre fois, et en 2023 elle a remport\u00e9 le prestigieux Prix du PDG.<\/p>\n            <p>Elle est \u00e0 la fois membre du MONAT Motor Club et du Club de 100k, et a atteint le rang de directrice ex\u00e9cutive associ\u00e9e en juillet 2022.<\/p>\n            <hr \/>\n            <p>Jade a assist\u00e9 \u00e0 MONATions quatre fois, et en 2023 elle a remport\u00e9 le prestigieux Prix du PDG.<\/p>\n        <hr \/>\n                <h2>Prix du <br \/>pr\u00e9sident<\/h2>\n                <hr \/>\n                Chez MONAT, le Prix du pr\u00e9sident est notre version du prix Recrue de l&#8217;ann\u00e9e. Il est d\u00e9cern\u00e9 \u00e0 une personne au rang de mentor de march\u00e9 ou un rang sup\u00e9rieur qui est avec MONAT depuis moins d&#8217;un an. Le laur\u00e9at donne l&#8217;exemple, a une excellente attitude et apporte son soutien aux autres.\n\n                <img decoding=\"async\" src=\"https:\/\/monatglobal.com\/wp-content\/uploads\/2023\/12\/president-award_2023-min.png\" loading=\"lazy\"\/>\n            <p>Ce partenaire de march\u00e9 est le mod\u00e8le que tous les partenaires de march\u00e9 devraient imiter. Le r\u00e9cipiendaire est choisi \u00e0 l&#8217;aide d&#8217;un syst\u00e8me de points. Les points sont accord\u00e9s lorsque la personne se classe en 1re, 2e ou 3e place dans les cat\u00e9gories reconnues lors du spectaculaire \u00e9v\u00e8nement Dream Bigger.<\/p>\n        <hr \/>\n                    <img decoding=\"async\" src=\"https:\/\/monatglobal.com\/wp-content\/uploads\/2021\/09\/Australia-flag.png\" loading=\"lazy\"\/>\n                    <p>Malaahi <br \/>Davis<\/p>\n                        <h2>  Prix du pr\u00e9sident :<\/h2>\n                    <p>Une \u00e9toile brillante au sein de la famille MONAT australienne, Malaahi Davis a commenc\u00e9 son parcours MONAT en d\u00e9cembre 2022 et a connu une mont\u00e9e rapide, devenant mentor de march\u00e9 gestionnaire en mai 2023.<\/p>\n                    <br \/>\n                    <hr \/>\n                    <br \/>\n                    <p>Une r\u00e9alisation impressionnante pour cette maman occup\u00e9e!<\/p>\n                    <br \/>\n                    <hr \/>\n                    <br \/>\n                    <p>Sa passion pour et son d\u00e9vouement envers MONAT l&#8217;ont inspir\u00e9e \u00e0 voyager aux \u00c9.-U. pour assister \u00e0 MONATions 2023, o\u00f9 elle a remport\u00e9 le prestigieux Prix du pr\u00e9sident.<\/p>\n            <p>Une r\u00e9alisation impressionnante pour cette maman occup\u00e9e!<\/p>\n            <hr \/>\n            <p>Sa passion pour et son d\u00e9vouement envers MONAT l&#8217;ont inspir\u00e9e \u00e0 voyager aux \u00c9.-U. pour assister \u00e0 MONATions 2023, o\u00f9 elle a remport\u00e9 le prestigieux Prix du pr\u00e9sident.<\/p>\n            <h2>F\u00e9licitations \u00e0 tous les laur\u00e9ats pour vos r\u00e9alisations exceptionnelles! <\/h2>\n            <p> Ce n&#8217;est que le d\u00e9but!<\/p>\n            <p>SEE OUR 2020<br \/> DREAM BIGGER<br \/> WINNERS<\/p>\n\n","protected":false},"excerpt":{"rendered":"<p>Laur\u00e9ats des prix sp\u00e9ciaux 2023 WATCH VIDEO Les prix annuels du pr\u00e9sident du conseil, du PDG et du pr\u00e9sident sont d\u00e9cern\u00e9s \u00e0 des partenaires de march\u00e9 qui ont connu un grand succ\u00e8s, qui incarnent la culture et l&#8217;esprit de MONAT, et que les autres cherchent \u00e0 imiter. Ces prix sont d\u00e9cern\u00e9s chaque ann\u00e9e pendant la&hellip;<\/p>\n","protected":false},"author":33,"featured_media":0,"parent":0,"menu_order":0,"comment_status":"closed","ping_status":"closed","template":"","meta":{"inline_featured_image":false,"om_disable_all_campaigns":false,"_monsterinsights_skip_tracking":false,"_monsterinsights_sitenote_active":false,"_monsterinsights_sitenote_note":"","_monsterinsights_sitenote_category":0,"footnotes":""},"categories":[],"tags":[],"class_list":["post-75973","page","type-page","status-publish","hentry"],"aioseo_notices":[],"aioseo_head":"\n\t\t<!-- All in One SEO Pro 4.9.5.2 - aioseo.com -->\n\t<meta name=\"description\" content=\"Laur\u00e9ats des prix sp\u00e9ciaux 2023 WATCH VIDEO Les prix annuels du pr\u00e9sident du conseil, du PDG et du pr\u00e9sident sont d\u00e9cern\u00e9s \u00e0 des partenaires de march\u00e9 qui ont connu un grand succ\u00e8s, qui incarnent la culture et l&#039;esprit de MONAT, et que les autres cherchent \u00e0 imiter. Ces prix sont d\u00e9cern\u00e9s chaque ann\u00e9e pendant la\" \/>\n\t<meta name=\"robots\" content=\"max-image-preview:large\" \/>\n\t<link rel=\"canonical\" href=\"https:\/\/monatglobal.com\/ca\/special-annual-awards\/?lang=fr\" \/>\n\t<meta name=\"generator\" content=\"All in One SEO Pro (AIOSEO) 4.9.5.2\" \/>\n\t\t<meta property=\"og:locale\" content=\"en_US\" \/>\n\t\t<meta property=\"og:site_name\" content=\"Monat Canada English - We Are Modern Nature\" \/>\n\t\t<meta property=\"og:type\" content=\"article\" \/>\n\t\t<meta property=\"og:title\" content=\"Special Annual Awards 2022 - Monat Canada English\" \/>\n\t\t<meta property=\"og:description\" content=\"Laur\u00e9ats des prix sp\u00e9ciaux 2023 WATCH VIDEO Les prix annuels du pr\u00e9sident du conseil, du PDG et du pr\u00e9sident sont d\u00e9cern\u00e9s \u00e0 des partenaires de march\u00e9 qui ont connu un grand succ\u00e8s, qui incarnent la culture et l&#039;esprit de MONAT, et que les autres cherchent \u00e0 imiter. Ces prix sont d\u00e9cern\u00e9s chaque ann\u00e9e pendant la\" \/>\n\t\t<meta property=\"og:url\" content=\"https:\/\/monatglobal.com\/ca\/special-annual-awards\/?lang=fr\" \/>\n\t\t<meta property=\"article:published_time\" content=\"2022-11-28T15:23:54+00:00\" \/>\n\t\t<meta property=\"article:modified_time\" content=\"2025-02-24T20:48:15+00:00\" \/>\n\t\t<meta name=\"twitter:card\" content=\"summary_large_image\" \/>\n\t\t<meta name=\"twitter:title\" content=\"Special Annual Awards 2022 - Monat Canada English\" \/>\n\t\t<meta name=\"twitter:description\" content=\"Laur\u00e9ats des prix sp\u00e9ciaux 2023 WATCH VIDEO Les prix annuels du pr\u00e9sident du conseil, du PDG et du pr\u00e9sident sont d\u00e9cern\u00e9s \u00e0 des partenaires de march\u00e9 qui ont connu un grand succ\u00e8s, qui incarnent la culture et l&#039;esprit de MONAT, et que les autres cherchent \u00e0 imiter. Ces prix sont d\u00e9cern\u00e9s chaque ann\u00e9e pendant la\" \/>\n\t\t<script type=\"application\/ld+json\" class=\"aioseo-schema\">\n\t\t\t{\"@context\":\"https:\\\/\\\/schema.org\",\"@graph\":[{\"@type\":\"BreadcrumbList\",\"@id\":\"https:\\\/\\\/monatglobal.com\\\/ca\\\/special-annual-awards\\\/?lang=fr#breadcrumblist\",\"itemListElement\":[{\"@type\":\"ListItem\",\"@id\":\"https:\\\/\\\/monatglobal.com\\\/ca#listItem\",\"position\":1,\"name\":\"Home\",\"item\":\"https:\\\/\\\/monatglobal.com\\\/ca\",\"nextItem\":{\"@type\":\"ListItem\",\"@id\":\"https:\\\/\\\/monatglobal.com\\\/ca\\\/special-annual-awards\\\/?lang=fr#listItem\",\"name\":\"Special Annual Awards 2022\"}},{\"@type\":\"ListItem\",\"@id\":\"https:\\\/\\\/monatglobal.com\\\/ca\\\/special-annual-awards\\\/?lang=fr#listItem\",\"position\":2,\"name\":\"Special Annual Awards 2022\",\"previousItem\":{\"@type\":\"ListItem\",\"@id\":\"https:\\\/\\\/monatglobal.com\\\/ca#listItem\",\"name\":\"Home\"}}]},{\"@type\":\"Organization\",\"@id\":\"https:\\\/\\\/monatglobal.com\\\/ca\\\/#organization\",\"name\":\"Monat Canada English\",\"description\":\"We Are Modern Nature\",\"url\":\"https:\\\/\\\/monatglobal.com\\\/ca\\\/\"},{\"@type\":\"WebPage\",\"@id\":\"https:\\\/\\\/monatglobal.com\\\/ca\\\/special-annual-awards\\\/?lang=fr#webpage\",\"url\":\"https:\\\/\\\/monatglobal.com\\\/ca\\\/special-annual-awards\\\/?lang=fr\",\"name\":\"Special Annual Awards 2022 - Monat Canada English\",\"description\":\"Laur\\u00e9ats des prix sp\\u00e9ciaux 2023 WATCH VIDEO Les prix annuels du pr\\u00e9sident du conseil, du PDG et du pr\\u00e9sident sont d\\u00e9cern\\u00e9s \\u00e0 des partenaires de march\\u00e9 qui ont connu un grand succ\\u00e8s, qui incarnent la culture et l'esprit de MONAT, et que les autres cherchent \\u00e0 imiter. Ces prix sont d\\u00e9cern\\u00e9s chaque ann\\u00e9e pendant la\",\"inLanguage\":\"en-US\",\"isPartOf\":{\"@id\":\"https:\\\/\\\/monatglobal.com\\\/ca\\\/#website\"},\"breadcrumb\":{\"@id\":\"https:\\\/\\\/monatglobal.com\\\/ca\\\/special-annual-awards\\\/?lang=fr#breadcrumblist\"},\"datePublished\":\"2022-11-28T10:23:54-05:00\",\"dateModified\":\"2025-02-24T15:48:15-05:00\"},{\"@type\":\"WebSite\",\"@id\":\"https:\\\/\\\/monatglobal.com\\\/ca\\\/#website\",\"url\":\"https:\\\/\\\/monatglobal.com\\\/ca\\\/\",\"name\":\"Monat Canada English\",\"description\":\"We Are Modern Nature\",\"inLanguage\":\"en-US\",\"publisher\":{\"@id\":\"https:\\\/\\\/monatglobal.com\\\/ca\\\/#organization\"}}]}\n\t\t<\/script>\n\t\t<!-- All in One SEO Pro -->\r\n\t\t<title>Special Annual Awards 2022 - Monat Canada English<\/title>\n\n","aioseo_head_json":{"title":"Special Annual Awards 2022 - Monat Canada English","description":"Laur\u00e9ats des prix sp\u00e9ciaux 2023 WATCH VIDEO Les prix annuels du pr\u00e9sident du conseil, du PDG et du pr\u00e9sident sont d\u00e9cern\u00e9s \u00e0 des partenaires de march\u00e9 qui ont connu un grand succ\u00e8s, qui incarnent la culture et l'esprit de MONAT, et que les autres cherchent \u00e0 imiter. Ces prix sont d\u00e9cern\u00e9s chaque ann\u00e9e pendant la","canonical_url":"https:\/\/monatglobal.com\/ca\/special-annual-awards\/?lang=fr","robots":"max-image-preview:large","keywords":"","webmasterTools":{"miscellaneous":""},"schema":{"@context":"https:\/\/schema.org","@graph":[{"@type":"BreadcrumbList","@id":"https:\/\/monatglobal.com\/ca\/special-annual-awards\/?lang=fr#breadcrumblist","itemListElement":[{"@type":"ListItem","@id":"https:\/\/monatglobal.com\/ca#listItem","position":1,"name":"Home","item":"https:\/\/monatglobal.com\/ca","nextItem":{"@type":"ListItem","@id":"https:\/\/monatglobal.com\/ca\/special-annual-awards\/?lang=fr#listItem","name":"Special Annual Awards 2022"}},{"@type":"ListItem","@id":"https:\/\/monatglobal.com\/ca\/special-annual-awards\/?lang=fr#listItem","position":2,"name":"Special Annual Awards 2022","previousItem":{"@type":"ListItem","@id":"https:\/\/monatglobal.com\/ca#listItem","name":"Home"}}]},{"@type":"Organization","@id":"https:\/\/monatglobal.com\/ca\/#organization","name":"Monat Canada English","description":"We Are Modern Nature","url":"https:\/\/monatglobal.com\/ca\/"},{"@type":"WebPage","@id":"https:\/\/monatglobal.com\/ca\/special-annual-awards\/?lang=fr#webpage","url":"https:\/\/monatglobal.com\/ca\/special-annual-awards\/?lang=fr","name":"Special Annual Awards 2022 - Monat Canada English","description":"Laur\u00e9ats des prix sp\u00e9ciaux 2023 WATCH VIDEO Les prix annuels du pr\u00e9sident du conseil, du PDG et du pr\u00e9sident sont d\u00e9cern\u00e9s \u00e0 des partenaires de march\u00e9 qui ont connu un grand succ\u00e8s, qui incarnent la culture et l'esprit de MONAT, et que les autres cherchent \u00e0 imiter. Ces prix sont d\u00e9cern\u00e9s chaque ann\u00e9e pendant la","inLanguage":"en-US","isPartOf":{"@id":"https:\/\/monatglobal.com\/ca\/#website"},"breadcrumb":{"@id":"https:\/\/monatglobal.com\/ca\/special-annual-awards\/?lang=fr#breadcrumblist"},"datePublished":"2022-11-28T10:23:54-05:00","dateModified":"2025-02-24T15:48:15-05:00"},{"@type":"WebSite","@id":"https:\/\/monatglobal.com\/ca\/#website","url":"https:\/\/monatglobal.com\/ca\/","name":"Monat Canada English","description":"We Are Modern Nature","inLanguage":"en-US","publisher":{"@id":"https:\/\/monatglobal.com\/ca\/#organization"}}]},"og:locale":"en_US","og:site_name":"Monat Canada English - We Are Modern Nature","og:type":"article","og:title":"Special Annual Awards 2022 - Monat Canada English","og:description":"Laur\u00e9ats des prix sp\u00e9ciaux 2023 WATCH VIDEO Les prix annuels du pr\u00e9sident du conseil, du PDG et du pr\u00e9sident sont d\u00e9cern\u00e9s \u00e0 des partenaires de march\u00e9 qui ont connu un grand succ\u00e8s, qui incarnent la culture et l'esprit de MONAT, et que les autres cherchent \u00e0 imiter. Ces prix sont d\u00e9cern\u00e9s chaque ann\u00e9e pendant la","og:url":"https:\/\/monatglobal.com\/ca\/special-annual-awards\/?lang=fr","article:published_time":"2022-11-28T15:23:54+00:00","article:modified_time":"2025-02-24T20:48:15+00:00","twitter:card":"summary_large_image","twitter:title":"Special Annual Awards 2022 - Monat Canada English","twitter:description":"Laur\u00e9ats des prix sp\u00e9ciaux 2023 WATCH VIDEO Les prix annuels du pr\u00e9sident du conseil, du PDG et du pr\u00e9sident sont d\u00e9cern\u00e9s \u00e0 des partenaires de march\u00e9 qui ont connu un grand succ\u00e8s, qui incarnent la culture et l'esprit de MONAT, et que les autres cherchent \u00e0 imiter. Ces prix sont d\u00e9cern\u00e9s chaque ann\u00e9e pendant la"},"aioseo_meta_data":{"post_id":"75973","title":null,"description":null,"keywords":null,"keyphrases":null,"primary_term":null,"canonical_url":null,"og_title":null,"og_description":null,"og_object_type":"default","og_image_type":"default","og_image_url":null,"og_image_width":null,"og_image_height":null,"og_image_custom_url":null,"og_image_custom_fields":null,"og_video":null,"og_custom_url":null,"og_article_section":null,"og_article_tags":null,"twitter_use_og":false,"twitter_card":"default","twitter_image_type":"default","twitter_image_url":null,"twitter_image_custom_url":null,"twitter_image_custom_fields":null,"twitter_title":null,"twitter_description":null,"schema":{"blockGraphs":[],"customGraphs":[],"default":{"data":{"Article":[],"Course":[],"Dataset":[],"FAQPage":[],"Movie":[],"Person":[],"Product":[],"ProductReview":[],"Car":[],"Recipe":[],"Service":[],"SoftwareApplication":[],"WebPage":[]},"graphName":"WebPage","isEnabled":true},"graphs":[]},"schema_type":"default","schema_type_options":null,"pillar_content":false,"robots_default":true,"robots_noindex":false,"robots_noarchive":false,"robots_nosnippet":false,"robots_nofollow":false,"robots_noimageindex":false,"robots_noodp":false,"robots_notranslate":false,"robots_max_snippet":null,"robots_max_videopreview":null,"robots_max_imagepreview":"large","priority":null,"frequency":null,"local_seo":null,"seo_analyzer_scan_date":"2026-02-10 20:42:37","limit_modified_date":false,"reviewed_by":null,"open_ai":null,"ai":null,"created":"2023-07-26 13:10:16","updated":"2026-02-10 20:42:37"},"aioseo_breadcrumb":"<div class=\"aioseo-breadcrumbs\"><span class=\"aioseo-breadcrumb\">\n\t<a href=\"https:\/\/monatglobal.com\/ca\" title=\"Home\">Home<\/a>\n<\/span><span class=\"aioseo-breadcrumb-separator\">&raquo;<\/span><span class=\"aioseo-breadcrumb\">\n\tSpecial Annual Awards 2022\n<\/span><\/div>","aioseo_breadcrumb_json":[{"label":"Home","link":"https:\/\/monatglobal.com\/ca"},{"label":"Special Annual Awards 2022","link":"https:\/\/monatglobal.com\/ca\/special-annual-awards\/?lang=fr"}],"_links":{"self":[{"href":"https:\/\/monatglobal.com\/ca\/wp-json\/wp\/v2\/pages\/75973","targetHints":{"allow":["GET"]}}],"collection":[{"href":"https:\/\/monatglobal.com\/ca\/wp-json\/wp\/v2\/pages"}],"about":[{"href":"https:\/\/monatglobal.com\/ca\/wp-json\/wp\/v2\/types\/page"}],"author":[{"embeddable":true,"href":"https:\/\/monatglobal.com\/ca\/wp-json\/wp\/v2\/users\/33"}],"replies":[{"embeddable":true,"href":"https:\/\/monatglobal.com\/ca\/wp-json\/wp\/v2\/comments?post=75973"}],"version-history":[{"count":7,"href":"https:\/\/monatglobal.com\/ca\/wp-json\/wp\/v2\/pages\/75973\/revisions"}],"predecessor-version":[{"id":91879,"href":"https:\/\/monatglobal.com\/ca\/wp-json\/wp\/v2\/pages\/75973\/revisions\/91879"}],"wp:attachment":[{"href":"https:\/\/monatglobal.com\/ca\/wp-json\/wp\/v2\/media?parent=75973"}],"wp:term":[{"taxonomy":"category","embeddable":true,"href":"https:\/\/monatglobal.com\/ca\/wp-json\/wp\/v2\/categories?post=75973"},{"taxonomy":"post_tag","embeddable":true,"href":"https:\/\/monatglobal.com\/ca\/wp-json\/wp\/v2\/tags?post=75973"}],"curies":[{"name":"wp","href":"https:\/\/api.w.org\/{rel}","templated":true}]}}