{"id":72734,"date":"2022-09-06T20:24:53","date_gmt":"2022-09-07T00:24:53","guid":{"rendered":"https:\/\/monatglobal.com\/ca\/?page_id=72734"},"modified":"2026-01-19T09:22:14","modified_gmt":"2026-01-19T14:22:14","slug":"intense-repair-serum","status":"publish","type":"page","link":"https:\/\/monatglobal.com\/ca\/intense-repair-serum\/?lang=fr","title":{"rendered":"IR Clinical Serum"},"content":{"rendered":"\n\n\t<link rel=\"stylesheet\" href=\"https:\/\/unpkg.com\/swiper\/swiper-bundle.min.css\" \/>\n<link rel=\"stylesheet\" href=\"https:\/\/monatglobal.com\/wp-content\/creative_css\/product_styles_sheet.css\" \/>\n\t<!--==================================================== ECOMM SECTION ====================================================-->\n\t<p>MEILLEUR VENDEUR<\/p>\n\t\t<!--==================================================== Ecomm image ====================================================-->\n\t\t<img decoding=\"async\" src=\"https:\/\/monatglobal.com\/wp-content\/uploads\/2026\/01\/IR-CLINICAL-HAIR-THINNING-DEFENSE-SERUM_ecomm-2022_webpage-logo.png\" alt=\"Product shot of IR Clinical\u2122 Hair Thinning Defense.\" loading=\"lazy\"\/>\n\t\t<!--==================================================== Ecomm information  ====================================================-->\n\t\t\t\n\t\t\t<p>MEILLEUR VENDEUR<\/p>\n\t\t\t<h1>Soin pour cheveux amincissants<\/h1> \n\t\t\t<p>IR Clinical\u2122 <\/p>\n\t\t\t\n\t\t\t<p>Ce s\u00e9rum l\u00e9ger et non graisseux r\u00e9duit imm\u00e9diatement la casse, r\u00e9duit la chute de cheveux de 92 %* et laisse les cheveux visiblement plus \u00e9pais et d&#8217;apparence plus volumineuse en 60 jours.**<\/p>\n\t\t\t*Ce s\u00e9rum l\u00e9ger et non graisseux r\u00e9duit imm\u00e9diatement la casse, r\u00e9duit la chute de cheveux de 92 %* et laisse les cheveux visiblement plus \u00e9pais et d&#8217;apparence plus volumineuse en 60 jours.**<br \/>\n                ** Bas\u00e9 sur les tests instrumentaux mesurant le diam\u00e8tre de la fibre capillaire apr\u00e8s l&#8217;application du Soin pour cheveux amincissants IR Clinical\u2122.\n\t\t\t<p>50 ml \u212e 1,7 oz liq.<\/p>  \n\t <!--==================================================== pricing box ====================================================-->    \n   <p>Prix de d\u00e9tail<br \/>$00.00 $ CA<\/p>\n   <p>Prix de client VIP<br \/>$00.00 $ CA<\/p> \n\t <!--==================================================== pricing box ====================================================-->    \n\t\t\t<p>Pour en savoir plus sur le Soin pour cheveux amincissants IR Clinical\u2122, veuillez contacter votre partenaire de march\u00e9&nbsp;MONAT.<\/p>\n\t\t\t  <a href=\"\" target=\"_blank\" role=\"button\" aria-label=\"\" rel=\"noopener\"><\/a>\n\t<!--==================================================== \/ECOMM SECTION  ====================================================-->\n\t<!--==================================================== Benefits image ====================================================-->\n\t \n\t\t<source media=\"(max-width: 700px)\" srcset=\"https:\/\/monatglobal.com\/wp-content\/uploads\/2022\/08\/benefits-mobile-Ir-clinical-scalp-serum.jpg\" loading=\"lazy\"\/>\n\t\t\t<img decoding=\"async\" alt=\"Female with brown curly hair smiling while holding IR Clinical\u2122 Hair Thinning Defense.\" src=\"https:\/\/monatglobal.com\/wp-content\/uploads\/2022\/08\/IRC-scalp-serum-desktop.jpg\" loading=\"lazy\"\/>\n\t\t\n\t\t<!--==================================================== Benefits text ====================================================-->\n\t\t\t\t<h2>BIENFAITS<\/h2>\n\t\t\t\t<h3>Ce s\u00e9rum pour cuir chevelu innovateur r\u00e9duit la chute de cheveux de 92 %*, laissant les cheveux plus forts, plus radieux et d&#8217;apparence plus volumineuse!**<\/h3>\n\t\t\t<p>Il contient de la caf\u00e9ine pour l&#8217;\u00e9nergie, de la m\u00e9latonine pour la sant\u00e9 du cuir chevelu et des antioxydants qui offrent une protection; l&#8217;utilisation r\u00e9p\u00e9t\u00e9e am\u00e9liore le cuir chevelu et les cheveux.<\/p>\n                    *Bas\u00e9 sur une \u00e9tude \u00e9valuant la cassure des cheveux en raison du peignage et du brossage. <br \/>\n**Bas\u00e9 sur les tests instrumentaux mesurant le diam\u00e8tre de la fibre capillaire apr\u00e8s l&#8217;application du Soin pour cheveux amincissants IR Clinical\u2122. \n\t\t\t\t<!--==================================================== features image  ====================================================-->\n\t\t\t\t<img decoding=\"async\" alt=\"Petri dishes with different ingredients sitting on a lavendar surface.\" src=\"https:\/\/monatglobal.com\/wp-content\/uploads\/2022\/08\/IR-Clinical-scalp-serum-ingredients-2-.jpg\" loading=\"lazy\"\/>\n\t\t\t<!--==================================================== features text ====================================================-->\n\t\t\t\t\t<h3>Caract\u00e9ristiques<\/h3> \n\t\t\t\t\t    <p>\/ La m\u00e9latonine et la caf\u00e9ine, connus pour r\u00e9duire le DHT, qui contribue aux cheveux amincissants<\/p>\n\t\t\t\t\t\t<p>\/ Le CAPIXYL\u2122 aide \u00e0 renforce, \u00e0 \u00e9paissir et \u00e0 augmenter la densit\u00e9 des cheveux<\/p>\n\t\t\t\t\t\t<p>\/ La D-biotine bioactive est essentielle pour la sant\u00e9 des cheveux<\/p>\n\t\t\t\t\t\t<p>\/ Le r\u00e9servatrol offre des propri\u00e9t\u00e9s apaisantes au cuir chevelu<\/p>\n\t\t\t\t\t\t<br \/>\n\t\t\t\t\t<p>Parfum \/ Non parfum\u00e9 <\/p>\n\t\t\t\t\t<p> Texture \/ S\u00e9rum l\u00e9ger et non gras<\/p>\n\t\t<!--==================================================== composition image mobile ====================================================-->\n\t\t<img decoding=\"async\" alt=\"IR Clinical\u2122 Hair Thinning Defense sitting on a clear cylinder, next to different clear and white ceramic objects.\" src=\"https:\/\/monatglobal.com\/wp-content\/uploads\/2022\/08\/IR-Clinical-Composition-1-scalp-serum.jpg\" loading=\"lazy\"\/>\n\t\t<!--==================================================== Why it works text ====================================================-->\n\t\t\t\n\t\t\t<h3>8 consommateurs sur 10 ont constat\u00e9 que le produit am\u00e9liore la pousse de&nbsp;cheveux*<\/h3>\n              <p>Ce s\u00e9rum d\u00e9velopp\u00e9 en clinique en instance de brevet contient un puissant m\u00e9lange de technologies qui p\u00e9n\u00e8trent le cuir chevelu pour nourrir les cheveux \u00e0 la&nbsp;base.<\/p>\n              <p>*Selon une \u00e9tude dirig\u00e9e et men\u00e9e par un dermatologue aupr\u00e8s de 39 femmes de 18 \u00e0 70&nbsp;ans.<\/p>\n\t<!--==================================================== Composition section ====================================================-->\n\t\t\t<img decoding=\"async\" alt=\"IR Clinical\u2122 Hair Thinning Defense sitting on a clear cylinder, next to different clear and white ceramic objects.\" src=\"https:\/\/monatglobal.com\/wp-content\/uploads\/2022\/08\/IR-Clinical-Composition-1-scalp-serum.jpg\" loading=\"lazy\"\/>\n\t\t\t<img decoding=\"async\" alt=\"Brunette female smiling while applying IR Clinical\u2122 Hair Thinning Defense to her curly hair, overlaying a photo of bubbles on a purple surface.\" src=\"https:\/\/monatglobal.com\/wp-content\/uploads\/2022\/08\/IR-Clinical-scalp-serum-Composition-2-.jpg\" loading=\"lazy\"\/>\n\t\t\t\t\t<!--==================================================== Directions text ====================================================--> \n\t\t\t\t\t\t<h3>Mode d&#8217;emploi<\/h3>\n\t\t\t\t\t\t\t<p>\/ Appliquer le s\u00e9rum directement sur cuir chevelu sec ou humide en s\u00e9parant les cheveux en sections \u00e0 l&#8217;aide de la pipette du compte-gouttes. Appliquer 1 \u00e0 3 compte-gouttes pour couvrir le cuir chevelu en&nbsp;entier.<\/p>\n\t\t\t\t\t\t\t<p>\/ Masser avec les doigts. Ne pas rincer. Utiliser une fois par&nbsp;jour.<\/p>\n\t\t\t\t\t\t\t\t<p>\/ Pour de meilleurs r\u00e9sultats, utiliser avec le <a href=\"https:\/\/monatglobal.com\/ca\/shampooing-intense-repair\/?lang=fr\"  aria-label=\"Go to IR Clinical\u2122 Thickening Shampoo web page\">Shampooing \u00e9paississant<\/a> et  <a href=\"https:\/\/monatglobal.com\/ca\/revitalisant-intense-repair\/?lang=fr\" aria-label=\"Go to IR Clinical\u2122 Thickening Conditioner web page\">l&#8217;Apr\u00e8s-shampooing \u00e9paississant IR Clinical\u2122<\/a>. Pour des r\u00e9sultats optimaux, le Soin pour cheveux amincissants IR Clinical\u2122 devrait faire partie de votre routine de soins capillaires quotidienne.<\/p>\n\t\t\t\t\t<!--==================================================== Directions video ====================================================-->\n\t\t<p>Soin pour cheveux amincissants<br \/>IR Clinical\u2122<br \/>0:43<\/p>\n<a href=\"\" target=\"_blank\" role=\"button\" aria-label=\"\" rel=\"noopener\"><\/a>\n\t<!--==================================================== Ingredients section  ====================================================-->\n\t\t<h2>INGR\u00c9DIENTS CL\u00c9S<\/h2>\n\t\t\t\t<img decoding=\"async\" src=\"https:\/\/monatglobal.com\/wp-content\/uploads\/2022\/11\/Caffeine.svg\" alt=\"Caf\u00e9ine\"\/>\n\t\t\t\t<p>Caf\u00e9ine<\/p>\n\t\t\t<img decoding=\"async\" src=\"https:\/\/monatglobal.com\/wp-content\/uploads\/2022\/11\/Melatonin.svg\" alt=\"M\u00e9latonine\"\/>\n\t\t\t<p>M\u00e9latonine<\/p>\n\t\t<img decoding=\"async\" src=\"https:\/\/monatglobal.com\/wp-content\/uploads\/2022\/11\/capixyl.svg\" alt=\"CAPIXYL\u2122 \"\/>\n\t\t<p>CAPIXYL\u2122 <\/p>\n\t\t<img decoding=\"async\" src=\"https:\/\/monatglobal.com\/wp-content\/uploads\/2022\/11\/Resveratrol.svg\" alt=\"R\u00e9servatrol\"\/>\n\t<p>R\u00e9servatrol<\/p>\n<img decoding=\"async\" src=\"https:\/\/monatglobal.com\/wp-content\/uploads\/2022\/11\/Biotin.svg\" alt=\"D-biotine\"\/>\n\t<p>D-biotine<\/p>\n<img decoding=\"async\" src=\"https:\/\/monatglobal.com\/wp-content\/uploads\/2022\/08\/bakuchiol.svg\" alt=\"Bakuchiol\"\/>\n\t<p>Bakuchiol<\/p>\n\t<button id=\"myBtn\" type=\"button\">LISTE D&#8217;INGR\u00c9DIENTS<\/button>\n\t<!--==================================================== Modal content  ====================================================-->\n\t\t&times;\n\t\tAqua\/Water\/Eau, Propanediol, Glycerin, Butylene Glycol, Acetyl Tetrapeptide-3, Bakuchiol, Trifolium Pratense (Clover) Flower Extract, Pisum Sativum (Pea) Extract, Picea Mariana Bark Extract, Sodium Hyaluronate, Biotin, Caffeine, Dextran, Melatonin, 1,2-Hexanediol, Hydroxyethyl Acrylate\/Sodium Acryloyldimethyl Taurate Copolymer, Polyglyceryl-4 Laurate\/Sebacate, Polyglyceryl-6 Caprylate\/Caprate, Xanthan Gum, Resveratrol, Sodium Ascorbyl Phosphate, Sodium Benzoate, Sodium Gluconate, Sodium Polyglutamate, Citric Acid, Sorbitan Isostearate, Tocopherol, Ethylhexylglycerin, Benzyl Alcohol.\n\n<!--==================================================== You might also like section ====================================================-->\n\t<h2>VOUS POURRIEZ AUSSI AIMER<\/h2>\n\t<!--==================================================== Slider YOU MIGHT ALSO LIKE ====================================================-->\n\t<!---->\n\t<!--\t-->\n\t\t\t<!--==================================================== Slides products ====================================================-->\n\t<!--\t\t-->\n\t<!--\t\t\t<a href=\"\/ca\/irt-shampoo\/?lang=fr\" aria-label=\"Go to Shampooing \u00e9paississant IR Clinical\u2122 page\">-->\n\t<!--\t\t\t\t<img decoding=\"async\" src=\"https:\/\/monatglobal.com\/wp-content\/uploads\/2022\/12\/IR-CLINICAL-THICKENING-SHAMPOO_Ecomm-min-1.png\" alt=\"Shampooing \u00e9paississant IR Clinical\u2122\" loading=\"lazy\"\/>-->\n\t<!--\t\t\t\t<p>Shampooing \u00e9paississant <br \/> IR Clinical\u2122<\/p>-->\n\t<!--\t\t\t<\/a>-->\n\t<!--\t\t-->\n\t<!--\t\t-->\n\t<!--\t\t\t<a href=\"\/ca\/intense-repair-treatment-conditioner\/?lang=fr\" aria-label=\"Go to Apr\u00e8s-shampooing \u00e9paississant IR Clinical\u2122 page\">-->\n\t<!--\t\t\t\t<img decoding=\"async\" src=\"https:\/\/monatglobal.com\/wp-content\/uploads\/2022\/12\/IR-CLINICAL-THICKENING-CONDITIONER_E_comm-min.png\" alt=\"Apr\u00e8s-shampooing \u00e9paississant IR Clinical\u2122\" loading=\"lazy\"\/>-->\n\t<!--\t\t\t\t<p>Apr\u00e8s-shampooing \u00e9paississant <br \/> IR Clinical\u2122<\/p>-->\n\t<!--\t\t\t<\/a>-->\n\t<!--\t\t-->\n\t<!--\t\t-->\n\t<!--\t\t\t<a href=\"\/ca\/volume-spray\/?lang=fr\" aria-label=\"Go to MONAT STUDIO ONE\u2122 Volume & Lift Spray page\">-->\n\t<!--\t\t\t\t<img decoding=\"async\" src=\"https:\/\/monatglobal.com\/wp-content\/uploads\/2022\/12\/STUDIO-ONE-VOLUME-LIFT-SPRAY_-ecomm-min.png\" alt=\"MONAT STUDIO ONE\u2122 Volume & Lift Spray\" loading=\"lazy\"\/>-->\n\t<!--\t\t\t\t<p>Spray volumisant et amplifiant <br \/> MONAT STUDIO ONE\u2122<\/p>-->\n\t<!--\t\t\t<\/a>-->\n\t<!--\t\t-->\n\t<!--\t-->\n\t\t<!--==================================================== If we need navigation buttons  ====================================================-->\n\t<!--\t-->\n\t<!--\t-->\n\t\t<!--==================================================== If we need paginations  ====================================================-->\n\t<!--\t-->\n\t<!---->\n             <!-- If we need navigation buttons -->\n             <!-- If we need paginations -->\n    <a href=\"\" aria-label=\"\"><\/a>\n<!--==================================================== this link has to go last for it to work   ====================================================-->\n\n","protected":false},"excerpt":{"rendered":"<p>MEILLEUR VENDEUR MEILLEUR VENDEUR Soin pour cheveux amincissants IR Clinical\u2122 Ce s\u00e9rum l\u00e9ger et non graisseux r\u00e9duit imm\u00e9diatement la casse, r\u00e9duit la chute de cheveux de 92 %* et laisse les cheveux visiblement plus \u00e9pais et d&#8217;apparence plus volumineuse en 60 jours.** *Ce s\u00e9rum l\u00e9ger et non graisseux r\u00e9duit imm\u00e9diatement la casse, r\u00e9duit la chute&hellip;<\/p>\n","protected":false},"author":33,"featured_media":72967,"parent":0,"menu_order":0,"comment_status":"closed","ping_status":"closed","template":"","meta":{"inline_featured_image":false,"om_disable_all_campaigns":false,"_monsterinsights_skip_tracking":false,"_monsterinsights_sitenote_active":false,"_monsterinsights_sitenote_note":"","_monsterinsights_sitenote_category":0,"footnotes":""},"categories":[3629],"tags":[],"class_list":["post-72734","page","type-page","status-publish","has-post-thumbnail","hentry","category-product-fra"],"aioseo_notices":[],"aioseo_head":"\n\t\t<!-- All in One SEO Pro 4.9.5.2 - aioseo.com -->\n\t<meta name=\"description\" content=\"MEILLEUR VENDEUR MEILLEUR VENDEUR Soin pour cheveux amincissants IR Clinical\u2122 Ce s\u00e9rum l\u00e9ger et non graisseux r\u00e9duit imm\u00e9diatement la casse, r\u00e9duit la chute de cheveux de 92 %* et laisse les cheveux visiblement plus \u00e9pais et d&#039;apparence plus volumineuse en 60 jours.** *Ce s\u00e9rum l\u00e9ger et non graisseux r\u00e9duit imm\u00e9diatement la casse, r\u00e9duit la chute\" \/>\n\t<meta name=\"robots\" content=\"max-image-preview:large\" \/>\n\t<link rel=\"canonical\" href=\"https:\/\/monatglobal.com\/ca\/intense-repair-serum\/?lang=fr\" \/>\n\t<meta name=\"generator\" content=\"All in One SEO Pro (AIOSEO) 4.9.5.2\" \/>\n\t\t<meta property=\"og:locale\" content=\"en_US\" \/>\n\t\t<meta property=\"og:site_name\" content=\"Monat Canada English - We Are Modern Nature\" \/>\n\t\t<meta property=\"og:type\" content=\"article\" \/>\n\t\t<meta property=\"og:title\" content=\"IR Clinical Serum - Monat Canada English\" \/>\n\t\t<meta property=\"og:description\" content=\"MEILLEUR VENDEUR MEILLEUR VENDEUR Soin pour cheveux amincissants IR Clinical\u2122 Ce s\u00e9rum l\u00e9ger et non graisseux r\u00e9duit imm\u00e9diatement la casse, r\u00e9duit la chute de cheveux de 92 %* et laisse les cheveux visiblement plus \u00e9pais et d&#039;apparence plus volumineuse en 60 jours.** *Ce s\u00e9rum l\u00e9ger et non graisseux r\u00e9duit imm\u00e9diatement la casse, r\u00e9duit la chute\" \/>\n\t\t<meta property=\"og:url\" content=\"https:\/\/monatglobal.com\/ca\/intense-repair-serum\/?lang=fr\" \/>\n\t\t<meta property=\"article:published_time\" content=\"2022-09-07T00:24:53+00:00\" \/>\n\t\t<meta property=\"article:modified_time\" content=\"2026-01-19T14:22:14+00:00\" \/>\n\t\t<meta name=\"twitter:card\" content=\"summary_large_image\" \/>\n\t\t<meta name=\"twitter:title\" content=\"IR Clinical Serum - Monat Canada English\" \/>\n\t\t<meta name=\"twitter:description\" content=\"MEILLEUR VENDEUR MEILLEUR VENDEUR Soin pour cheveux amincissants IR Clinical\u2122 Ce s\u00e9rum l\u00e9ger et non graisseux r\u00e9duit imm\u00e9diatement la casse, r\u00e9duit la chute de cheveux de 92 %* et laisse les cheveux visiblement plus \u00e9pais et d&#039;apparence plus volumineuse en 60 jours.** *Ce s\u00e9rum l\u00e9ger et non graisseux r\u00e9duit imm\u00e9diatement la casse, r\u00e9duit la chute\" \/>\n\t\t<script type=\"application\/ld+json\" class=\"aioseo-schema\">\n\t\t\t{\"@context\":\"https:\\\/\\\/schema.org\",\"@graph\":[{\"@type\":\"BreadcrumbList\",\"@id\":\"https:\\\/\\\/monatglobal.com\\\/ca\\\/intense-repair-serum\\\/?lang=fr#breadcrumblist\",\"itemListElement\":[{\"@type\":\"ListItem\",\"@id\":\"https:\\\/\\\/monatglobal.com\\\/ca#listItem\",\"position\":1,\"name\":\"Home\",\"item\":\"https:\\\/\\\/monatglobal.com\\\/ca\",\"nextItem\":{\"@type\":\"ListItem\",\"@id\":\"https:\\\/\\\/monatglobal.com\\\/ca\\\/intense-repair-serum\\\/?lang=fr#listItem\",\"name\":\"IR Clinical Serum\"}},{\"@type\":\"ListItem\",\"@id\":\"https:\\\/\\\/monatglobal.com\\\/ca\\\/intense-repair-serum\\\/?lang=fr#listItem\",\"position\":2,\"name\":\"IR Clinical Serum\",\"previousItem\":{\"@type\":\"ListItem\",\"@id\":\"https:\\\/\\\/monatglobal.com\\\/ca#listItem\",\"name\":\"Home\"}}]},{\"@type\":\"Organization\",\"@id\":\"https:\\\/\\\/monatglobal.com\\\/ca\\\/#organization\",\"name\":\"Monat Canada English\",\"description\":\"We Are Modern Nature\",\"url\":\"https:\\\/\\\/monatglobal.com\\\/ca\\\/\"},{\"@type\":\"WebPage\",\"@id\":\"https:\\\/\\\/monatglobal.com\\\/ca\\\/intense-repair-serum\\\/?lang=fr#webpage\",\"url\":\"https:\\\/\\\/monatglobal.com\\\/ca\\\/intense-repair-serum\\\/?lang=fr\",\"name\":\"IR Clinical Serum - Monat Canada English\",\"description\":\"MEILLEUR VENDEUR MEILLEUR VENDEUR Soin pour cheveux amincissants IR Clinical\\u2122 Ce s\\u00e9rum l\\u00e9ger et non graisseux r\\u00e9duit imm\\u00e9diatement la casse, r\\u00e9duit la chute de cheveux de 92 %* et laisse les cheveux visiblement plus \\u00e9pais et d'apparence plus volumineuse en 60 jours.** *Ce s\\u00e9rum l\\u00e9ger et non graisseux r\\u00e9duit imm\\u00e9diatement la casse, r\\u00e9duit la chute\",\"inLanguage\":\"en-US\",\"isPartOf\":{\"@id\":\"https:\\\/\\\/monatglobal.com\\\/ca\\\/#website\"},\"breadcrumb\":{\"@id\":\"https:\\\/\\\/monatglobal.com\\\/ca\\\/intense-repair-serum\\\/?lang=fr#breadcrumblist\"},\"image\":{\"@type\":\"ImageObject\",\"url\":\"https:\\\/\\\/monatglobal.com\\\/ca\\\/wp-content\\\/uploads\\\/sites\\\/5\\\/2022\\\/09\\\/IR-CLINICAL-HAIR-THINNING-DEFENSE-SERUM_ecomm-2022_webpage-1.png\",\"@id\":\"https:\\\/\\\/monatglobal.com\\\/ca\\\/intense-repair-serum\\\/?lang=fr\\\/#mainImage\",\"width\":641,\"height\":800},\"primaryImageOfPage\":{\"@id\":\"https:\\\/\\\/monatglobal.com\\\/ca\\\/intense-repair-serum\\\/?lang=fr#mainImage\"},\"datePublished\":\"2022-09-06T20:24:53-04:00\",\"dateModified\":\"2026-01-19T09:22:14-05:00\"},{\"@type\":\"WebSite\",\"@id\":\"https:\\\/\\\/monatglobal.com\\\/ca\\\/#website\",\"url\":\"https:\\\/\\\/monatglobal.com\\\/ca\\\/\",\"name\":\"Monat Canada English\",\"description\":\"We Are Modern Nature\",\"inLanguage\":\"en-US\",\"publisher\":{\"@id\":\"https:\\\/\\\/monatglobal.com\\\/ca\\\/#organization\"}}]}\n\t\t<\/script>\n\t\t<!-- All in One SEO Pro -->\r\n\t\t<title>IR Clinical Serum - Monat Canada English<\/title>\n\n","aioseo_head_json":{"title":"IR Clinical Serum - Monat Canada English","description":"MEILLEUR VENDEUR MEILLEUR VENDEUR Soin pour cheveux amincissants IR Clinical\u2122 Ce s\u00e9rum l\u00e9ger et non graisseux r\u00e9duit imm\u00e9diatement la casse, r\u00e9duit la chute de cheveux de 92 %* et laisse les cheveux visiblement plus \u00e9pais et d'apparence plus volumineuse en 60 jours.** *Ce s\u00e9rum l\u00e9ger et non graisseux r\u00e9duit imm\u00e9diatement la casse, r\u00e9duit la chute","canonical_url":"https:\/\/monatglobal.com\/ca\/intense-repair-serum\/?lang=fr","robots":"max-image-preview:large","keywords":"","webmasterTools":{"miscellaneous":""},"schema":{"@context":"https:\/\/schema.org","@graph":[{"@type":"BreadcrumbList","@id":"https:\/\/monatglobal.com\/ca\/intense-repair-serum\/?lang=fr#breadcrumblist","itemListElement":[{"@type":"ListItem","@id":"https:\/\/monatglobal.com\/ca#listItem","position":1,"name":"Home","item":"https:\/\/monatglobal.com\/ca","nextItem":{"@type":"ListItem","@id":"https:\/\/monatglobal.com\/ca\/intense-repair-serum\/?lang=fr#listItem","name":"IR Clinical Serum"}},{"@type":"ListItem","@id":"https:\/\/monatglobal.com\/ca\/intense-repair-serum\/?lang=fr#listItem","position":2,"name":"IR Clinical Serum","previousItem":{"@type":"ListItem","@id":"https:\/\/monatglobal.com\/ca#listItem","name":"Home"}}]},{"@type":"Organization","@id":"https:\/\/monatglobal.com\/ca\/#organization","name":"Monat Canada English","description":"We Are Modern Nature","url":"https:\/\/monatglobal.com\/ca\/"},{"@type":"WebPage","@id":"https:\/\/monatglobal.com\/ca\/intense-repair-serum\/?lang=fr#webpage","url":"https:\/\/monatglobal.com\/ca\/intense-repair-serum\/?lang=fr","name":"IR Clinical Serum - Monat Canada English","description":"MEILLEUR VENDEUR MEILLEUR VENDEUR Soin pour cheveux amincissants IR Clinical\u2122 Ce s\u00e9rum l\u00e9ger et non graisseux r\u00e9duit imm\u00e9diatement la casse, r\u00e9duit la chute de cheveux de 92 %* et laisse les cheveux visiblement plus \u00e9pais et d'apparence plus volumineuse en 60 jours.** *Ce s\u00e9rum l\u00e9ger et non graisseux r\u00e9duit imm\u00e9diatement la casse, r\u00e9duit la chute","inLanguage":"en-US","isPartOf":{"@id":"https:\/\/monatglobal.com\/ca\/#website"},"breadcrumb":{"@id":"https:\/\/monatglobal.com\/ca\/intense-repair-serum\/?lang=fr#breadcrumblist"},"image":{"@type":"ImageObject","url":"https:\/\/monatglobal.com\/ca\/wp-content\/uploads\/sites\/5\/2022\/09\/IR-CLINICAL-HAIR-THINNING-DEFENSE-SERUM_ecomm-2022_webpage-1.png","@id":"https:\/\/monatglobal.com\/ca\/intense-repair-serum\/?lang=fr\/#mainImage","width":641,"height":800},"primaryImageOfPage":{"@id":"https:\/\/monatglobal.com\/ca\/intense-repair-serum\/?lang=fr#mainImage"},"datePublished":"2022-09-06T20:24:53-04:00","dateModified":"2026-01-19T09:22:14-05:00"},{"@type":"WebSite","@id":"https:\/\/monatglobal.com\/ca\/#website","url":"https:\/\/monatglobal.com\/ca\/","name":"Monat Canada English","description":"We Are Modern Nature","inLanguage":"en-US","publisher":{"@id":"https:\/\/monatglobal.com\/ca\/#organization"}}]},"og:locale":"en_US","og:site_name":"Monat Canada English - We Are Modern Nature","og:type":"article","og:title":"IR Clinical Serum - Monat Canada English","og:description":"MEILLEUR VENDEUR MEILLEUR VENDEUR Soin pour cheveux amincissants IR Clinical\u2122 Ce s\u00e9rum l\u00e9ger et non graisseux r\u00e9duit imm\u00e9diatement la casse, r\u00e9duit la chute de cheveux de 92 %* et laisse les cheveux visiblement plus \u00e9pais et d'apparence plus volumineuse en 60 jours.** *Ce s\u00e9rum l\u00e9ger et non graisseux r\u00e9duit imm\u00e9diatement la casse, r\u00e9duit la chute","og:url":"https:\/\/monatglobal.com\/ca\/intense-repair-serum\/?lang=fr","article:published_time":"2022-09-07T00:24:53+00:00","article:modified_time":"2026-01-19T14:22:14+00:00","twitter:card":"summary_large_image","twitter:title":"IR Clinical Serum - Monat Canada English","twitter:description":"MEILLEUR VENDEUR MEILLEUR VENDEUR Soin pour cheveux amincissants IR Clinical\u2122 Ce s\u00e9rum l\u00e9ger et non graisseux r\u00e9duit imm\u00e9diatement la casse, r\u00e9duit la chute de cheveux de 92 %* et laisse les cheveux visiblement plus \u00e9pais et d'apparence plus volumineuse en 60 jours.** *Ce s\u00e9rum l\u00e9ger et non graisseux r\u00e9duit imm\u00e9diatement la casse, r\u00e9duit la chute"},"aioseo_meta_data":{"post_id":"72734","title":null,"description":null,"keywords":null,"keyphrases":null,"primary_term":null,"canonical_url":null,"og_title":null,"og_description":null,"og_object_type":"default","og_image_type":"default","og_image_url":null,"og_image_width":null,"og_image_height":null,"og_image_custom_url":null,"og_image_custom_fields":null,"og_video":null,"og_custom_url":null,"og_article_section":null,"og_article_tags":null,"twitter_use_og":false,"twitter_card":"default","twitter_image_type":"default","twitter_image_url":null,"twitter_image_custom_url":null,"twitter_image_custom_fields":null,"twitter_title":null,"twitter_description":null,"schema":{"blockGraphs":[],"customGraphs":[],"default":{"data":{"Article":[],"Course":[],"Dataset":[],"FAQPage":[],"Movie":[],"Person":[],"Product":[],"ProductReview":[],"Car":[],"Recipe":[],"Service":[],"SoftwareApplication":[],"WebPage":[]},"graphName":"WebPage","isEnabled":true},"graphs":[]},"schema_type":"default","schema_type_options":null,"pillar_content":false,"robots_default":true,"robots_noindex":false,"robots_noarchive":false,"robots_nosnippet":false,"robots_nofollow":false,"robots_noimageindex":false,"robots_noodp":false,"robots_notranslate":false,"robots_max_snippet":null,"robots_max_videopreview":null,"robots_max_imagepreview":"large","priority":null,"frequency":null,"local_seo":null,"seo_analyzer_scan_date":"2026-02-10 20:42:27","limit_modified_date":false,"reviewed_by":null,"open_ai":null,"ai":null,"created":"2023-07-26 13:07:55","updated":"2026-02-10 20:42:27"},"aioseo_breadcrumb":"<div class=\"aioseo-breadcrumbs\"><span class=\"aioseo-breadcrumb\">\n\t<a href=\"https:\/\/monatglobal.com\/ca\" title=\"Home\">Home<\/a>\n<\/span><span class=\"aioseo-breadcrumb-separator\">&raquo;<\/span><span class=\"aioseo-breadcrumb\">\n\tIR Clinical Serum\n<\/span><\/div>","aioseo_breadcrumb_json":[{"label":"Home","link":"https:\/\/monatglobal.com\/ca"},{"label":"IR Clinical Serum","link":"https:\/\/monatglobal.com\/ca\/intense-repair-serum\/?lang=fr"}],"_links":{"self":[{"href":"https:\/\/monatglobal.com\/ca\/wp-json\/wp\/v2\/pages\/72734","targetHints":{"allow":["GET"]}}],"collection":[{"href":"https:\/\/monatglobal.com\/ca\/wp-json\/wp\/v2\/pages"}],"about":[{"href":"https:\/\/monatglobal.com\/ca\/wp-json\/wp\/v2\/types\/page"}],"author":[{"embeddable":true,"href":"https:\/\/monatglobal.com\/ca\/wp-json\/wp\/v2\/users\/33"}],"replies":[{"embeddable":true,"href":"https:\/\/monatglobal.com\/ca\/wp-json\/wp\/v2\/comments?post=72734"}],"version-history":[{"count":37,"href":"https:\/\/monatglobal.com\/ca\/wp-json\/wp\/v2\/pages\/72734\/revisions"}],"predecessor-version":[{"id":110104,"href":"https:\/\/monatglobal.com\/ca\/wp-json\/wp\/v2\/pages\/72734\/revisions\/110104"}],"wp:featuredmedia":[{"embeddable":true,"href":"https:\/\/monatglobal.com\/ca\/wp-json\/wp\/v2\/media\/72967"}],"wp:attachment":[{"href":"https:\/\/monatglobal.com\/ca\/wp-json\/wp\/v2\/media?parent=72734"}],"wp:term":[{"taxonomy":"category","embeddable":true,"href":"https:\/\/monatglobal.com\/ca\/wp-json\/wp\/v2\/categories?post=72734"},{"taxonomy":"post_tag","embeddable":true,"href":"https:\/\/monatglobal.com\/ca\/wp-json\/wp\/v2\/tags?post=72734"}],"curies":[{"name":"wp","href":"https:\/\/api.w.org\/{rel}","templated":true}]}}