{"id":72292,"date":"2022-08-05T17:34:27","date_gmt":"2022-08-05T21:34:27","guid":{"rendered":"https:\/\/monatglobal.com\/ca\/?page_id=72292"},"modified":"2024-02-12T14:52:36","modified_gmt":"2024-02-12T19:52:36","slug":"reunion","status":"publish","type":"page","link":"https:\/\/monatglobal.com\/ca\/reunion\/?lang=fr","title":{"rendered":"Reunion 2023"},"content":{"rendered":"\n\n      <p>Du 4 au 7 mars&nbsp;2024<\/p>\n      <img decoding=\"async\" id=\"reunion_logo_banner\" alt=\"Reunion 2024 logo\" src=\"https:\/\/monatglobal.com\/ca\/wp-content\/uploads\/sites\/5\/2023\/08\/reunion-logo-fr.svg\"\/>\n   <img decoding=\"async\" src=\"https:\/\/monatglobal.com\/wp-content\/uploads\/2023\/07\/star-3.svg\" alt=\"Star illustration\"\/> \n      <p>P\u00c9RIODE DE QUALIFICATION : <br \/>DU 1ER AO\u00dbT 2023 AU 31 JANVIER 2024<\/p>\n            <img decoding=\"async\" src=\"https:\/\/monatglobal.com\/wp-content\/uploads\/2023\/07\/star-1.svg\" alt=\"Star illustration\"\/>\n            <h2>VOUS FOURNISSEZ L&#8217;AMBIANCE.<br \/> ET NOUS FOURNISSONS LE&nbsp;PLAISIR.<\/h2>\n            <h3>MGM GRAND HOTEL &#038; CASINO <br \/>LAS VEGAS, NEVADA <\/h3>\n            <img decoding=\"async\" src=\"https:\/\/monatglobal.com\/wp-content\/uploads\/2023\/07\/star-2.svg\" alt=\"Star illustration\"\/>\n            <img decoding=\"async\" src=\"https:\/\/monatglobal.com\/wp-content\/uploads\/2023\/07\/bring-the-feeling-min.png\" alt=\"Picture of a group of people with Reunion 2022 stage background\"\/>\n      <h2>Nous allons c\u00e9l\u00e9brer en famille!<\/h2> \n      <p>PROFITEZ DE LA SPLENDEUR ET DE <br \/> L&#8217;EXCITATION DE LAS VEGAS AVEC VOTRE FAMILLE MONAT!<\/p>\n         <img decoding=\"async\" alt=\"A group of ten women are gathered in a room, all wearing fashionable clothing. \" src=\"https:\/\/monatglobal.com\/wp-content\/uploads\/2023\/07\/reunion-slide-1-min.jpg\" \/>\n         <img decoding=\"async\" alt=\"A group of three women posing for a photo.\" src=\"https:\/\/monatglobal.com\/wp-content\/uploads\/2023\/07\/reunion-slide-6-min.jpg\" \/> \n         <img decoding=\"async\" alt=\"group of four women standing in front of a large sign\" src=\"https:\/\/monatglobal.com\/wp-content\/uploads\/2023\/07\/reunion-slide-4-min.jpg\"\/>\n         <img decoding=\"async\" alt=\"A woman wearing a pink shirt stands in front of an illuminated Las Vegas sign\" src=\"https:\/\/monatglobal.com\/wp-content\/uploads\/2023\/07\/reunion-slide-3-min.jpg\"\/>\n         <img decoding=\"async\" alt=\"group of people sitting in chairs, facing a stage.\" src=\"https:\/\/monatglobal.com\/wp-content\/uploads\/2023\/07\/reunion-slide-2-min.jpg\" \/>\n         <img decoding=\"async\" alt=\"A woman standing behind a counter with a purple ribbon\" src=\"https:\/\/monatglobal.com\/wp-content\/uploads\/2023\/07\/reunion-slide-5-min.jpg\"\/>\n         <img decoding=\"async\" alt=\"picture of a large group of people gathered in a conference room\" src=\"https:\/\/monatglobal.com\/wp-content\/uploads\/2023\/07\/reunion-slide-7-min.jpg\"\/>\n         <img decoding=\"async\" alt=\"Picture of a DJ on stage lively social gathering\" src=\"https:\/\/monatglobal.com\/wp-content\/uploads\/2023\/07\/reunion-slide-8-min.jpg\" \/>\n   <!---->\n         <img decoding=\"async\" src=\"https:\/\/monatglobal.com\/wp-content\/uploads\/2023\/07\/star-1.svg\" alt=\"Star illustration\"\/>\n         <p>Ce sera une aventure \u00e0 ne pas manquer; <br \/> quatre jours de plaisir et de glamour!<\/p>\n         <img decoding=\"async\" src=\"https:\/\/monatglobal.com\/wp-content\/uploads\/2023\/07\/star-3.svg\" alt=\"Star illustration\"\/>\n      <h2>PROGRAMME <br \/> POUR R\u00c9UNION<\/h2>\n            <p>JOUR&nbsp;1:<\/p>\n               <p>LE LUNDI 4 MARS<\/p>\n               <p>Arriv\u00e9es, enregistrement \u00e0 l&#8217;h\u00f4tel<\/p>\n            <p>JOUR&nbsp;2:<\/p>\n               <p>LE MARDI 5 MARS<\/p>\n               <p>Session g\u00e9n\u00e9rale 9 h \u00e0 12 h<br \/>R\u00e9ception 18 h 30 \u00e0 20 h<br \/><br \/> <\/p>\n            <p>JOUR&nbsp;3:<\/p>\n               <p>LE MERCREDI 6 MARS<\/p>\n               <p>Journ\u00e9e libre<\/p>\n            <p>JOUR&nbsp;4:<\/p>\n               <p>LE JEUDI 7 MARS<\/p>\n               <p>D\u00e9parts de l&#8217;h\u00f4tel et d\u00e9parts<\/p>\n         <p>Le programme peut changer.<\/p>\n         <img decoding=\"async\" src=\"https:\/\/monatglobal.com\/wp-content\/uploads\/2023\/07\/star-1.svg\" alt=\"Star illustration\"\/>\n                <h2>Il vous faut 2 mois de plus  pour vous qualifier?<\/h2>  \n                    <img decoding=\"async\" src=\"https:\/\/monatglobal.com\/wp-content\/uploads\/2023\/07\/star-3.svg\" alt=\"Star illustration\"\/>\n                    <p>La chance vous sourit.<\/p>  \n                    <img decoding=\"async\" src=\"https:\/\/monatglobal.com\/wp-content\/uploads\/2023\/07\/star-1.svg\" alt=\"Star illustration\"\/>\n                <p>DOUBLEZ VOS R\u00c9SULTATS DE JANVIER!<\/p>\n                <p>LES PARTENAIRES DE MARCH\u00c9 QUI AYANT 3 MOIS QUALIFI\u00c9S EN VUE DE LEUR QUALIFICATION EN DATE DU 31 D\u00c9CEMBRE&nbsp;2023 :<\/p>\n                <p>G\u00e9n\u00e9rez le VP requis en janvier<br \/> et il comptera comme<\/p>\n                <p>2 <br \/> MOIS<\/p>\n                <p>pour l&#8217;atteinte de l&#8217;\u00e9chelon 1 des exigences de qualification pour R\u00e9union.<\/p>\n                <p><em>Excluant votre billet d&#8217;avion. Vous ne pouvez pas atteindre un \u00e9chelon sup\u00e9rieur ou vous qualifier pour R\u00e9union + votre billet d&#8217;avion en doublant vos r\u00e9sultats de janvier.<\/em><\/p>\n                    <p>TOUS LES PARTENAIRES DE MARCH\u00c9 :<\/p>\n                    <p>L&#8217;exigence d&#8217;\u00eatre pay\u00e9 en tant que PMG en janvier : Vous devez g\u00e9n\u00e9rer un VG de 1200 et 50 % du VG doit s&#8217;\u00e9lever \u00e0 600 ou plus, ou vous devez \u00eatre pay\u00e9 en tant que PMG ou plus haut en janvier pour \u00eatre admissible.<\/p>\n      <h2>Il y a DEUX fa\u00e7ons de se qualifier pour R\u00e9union&nbsp;2024!<\/h2> \n            1\n            <img decoding=\"async\" src=\"https:\/\/monatglobal.com\/wp-content\/uploads\/2023\/07\/qualification-icon.svg\" alt=\"Qualification icon 1\"\/>\n            <p>REUNION<\/p>\n            <a href=\"\/ca\/?page_id=72288&#038;lang=fr#qualification-1\">VOIR LES D\u00c9TAILS<\/a>\n         <img decoding=\"async\" src=\"https:\/\/monatglobal.com\/wp-content\/uploads\/2023\/07\/star-4.svg\" alt=\"Star illustration\"\/>  \n            2\n               <img decoding=\"async\" src=\"https:\/\/monatglobal.com\/wp-content\/uploads\/2023\/07\/airfare-icon.svg\" alt=\"Qualification airfare icon\"\/> \n               <p>REUNION <br \/>+ BILLET D&#8217;AVION<\/p>\n            <a href=\"\/ca\/?page_id=72288&#038;lang=fr#qualification-2\">VOIR LES D\u00c9TAILS<\/a>\n      <h3 id=\"qualification-1\">P\u00c9RIODE DE QUALIFICATION : <br \/>DU 1ER AO\u00dbT 2023 AU 31 JANVIER 2024<\/h3>\n      <p>Tous les partenaires de march\u00e9 aux \u00c9tats-Unis et au Canada peuvent y participer!<\/p>\n               1\n               <h3>CRIT\u00c8RES DE QUALIFICATION <br \/> POUR R\u00c9UNION <\/h3>\n            <img decoding=\"async\" src=\"https:\/\/monatglobal.com\/wp-content\/uploads\/2023\/07\/qualification-icon.svg\" alt=\"Qualification icon 1\"\/>\n         <p>VP REQUIS : ATTEINDRE 5 MOIS SUR 6<\/p>\n            <p>TITRE DE CARRI\u00c8RE : <\/p>\n            <p>PM, PMG, BMA et BM inscrits en date du 1er ao\u00fbt 2023<\/p>\n            <p>TITRE DE CARRI\u00c8RE : <\/p>\n            <p>BMG et rangs sup\u00e9rieurs inscrits en date du 1er ao\u00fbt 2023<\/p>\n         <p>\u00c9CHELON 1<\/p>\n         <p>VP de 1500*<\/p>\n         <p>VP de 2000**<\/p>\n            <p>R\u00c9COMPENSE<\/p>\n            <p>Chambre simple<\/p>\n         <p>\u00c9CHELON 2<\/p>\n         <p>VP de 3000*<\/p>\n         <p>VP de 3500**<\/p>\n            <p>R\u00c9COMPENSE<\/p>\n            <p>Chambre simple + 200 $ US pour vos repas<\/p>\n         <p>\u00c9CHELON 3<\/p>\n         <p>VP de 4000*<\/p>\n         <p>VP de 5000**<\/p>\n            <p>R\u00c9COMPENSE<\/p>\n            <p>Chambre simple + 300 $ US pour vos repas<\/p>\n         <p>EXIGENCES EN MATI\u00c8RE D&#8217;INSCRIPTION (tous les \u00e9chelons, tous les rangs)<\/p>\n         <p>B\u00e2itr 1 superbloc  (10 VIP et 2 PM) pendant la p\u00e9riode de qualification<\/p>\n         <p>*Au moins 1000 du VP chaque mois dois provenir des achats des clients (VIP ou de&nbsp;d\u00e9tail)<\/p>\n         <p>**Au moins 1500 du VP chaque mois dois provenir des achats des clients (VIP ou de&nbsp;d\u00e9tail)<\/p>\n      <p><em>Tous les partenaires de march\u00e9 doivent \u00eatre pay\u00e9s \u00e0 titre de PMG ou un rang sup\u00e9rieur en janvier 2024 afin d&#8217;\u00eatre&nbsp;admissibles.  (Voir ci-dessus)<\/em><\/p>\n            1\n            <img decoding=\"async\" src=\"https:\/\/monatglobal.com\/wp-content\/uploads\/2023\/07\/qualification-icon.svg\" alt=\"Qualification icon 1\"\/>\n            <h3>QU&#8217;EST-CE QUI EST COMPRIS DANS LE VOYAGE R\u00c9UNION 2024 \u00c0 LAS VEGAS SI JE ME QUALIFIE POUR&nbsp;R\u00c9UNION?<\/h3>\n               <p>\u00c9CHELON 1<\/p>\n               <ul>\n                  <li>Trois nuits \u00e0 l&#8217;h\u00f4tel <\/li>\n               <\/ul>\n               <p>\u00c9CHELON 2<\/p>\n               <ul>\n                  <li>Trois nuits \u00e0 l&#8217;h\u00f4tel <\/li>\n                  <li>Un cr\u00e9dit de 200 $ US pour la nourriture et les boissons<\/li>\n               <\/ul>\n               <p>\u00c9CHELON 3<\/p>\n               <ul>\n                  <li>Trois nuits \u00e0 l&#8217;h\u00f4tel <\/li>\n                  <li>Un cr\u00e9dit de 300 $ US pour la nourriture et les boissons<\/li>\n               <\/ul>\n                  2\n                  <h3>CRIT\u00c8RES DE QUALIFICATION <br \/> POUR R\u00c9UNION + BILLET D&#8217;AVION<\/h3>\n               <img decoding=\"async\" src=\"https:\/\/monatglobal.com\/wp-content\/uploads\/2023\/07\/airfare-icon.svg\" alt=\"Qualification airfare icon\"\/>\n            <p>VP REQUIS : ATTEINDRE 6 MOIS SUR 6<\/p>\n               <p>TITRE DE CARRI\u00c8RE : <\/p>\n               <p>PM, PMG, BMA et BM inscrits en date du 1er ao\u00fbt 2023<\/p>\n               <p>TITRE DE CARRI\u00c8RE : <\/p>\n               <p>BMG et rangs sup\u00e9rieurs inscrits en date du 1er ao\u00fbt 2023<\/p>\n            <p>\u00c9CHELON 1<\/p>\n            <p>VP de 1500*<\/p>\n            <p>VP de 2000**<\/p>\n               <p>R\u00c9COMPENSE<\/p>\n               <p>Chambre simple + billet d&#8217;avion<\/p>\n            <p>\u00c9CHELON 2<\/p>\n            <p>VP de 3000*<\/p>\n            <p>VP de 3500**<\/p>\n               <p>R\u00c9COMPENSE<\/p>\n               <p>Chambre simple + billet d&#8217;avion + 200 $ US pour vos repas<\/p>\n            <p>\u00c9CHELON 3<\/p>\n            <p>VP de 4000*<\/p>\n            <p>VP de 5000**<\/p>\n               <p>R\u00c9COMPENSE<\/p>\n               <p>Chambre simple + billet d&#8217;avion +billet d&#8217;avion pour votre invit\u00e9 (votre invit\u00e9 doit avoir le m\u00eame itin\u00e9raire que vous) ou 300 $ pour vos repas<\/p> \n            <p>EXIGENCES EN MATI\u00c8RE D&#8217;INSCRIPTION (tous les \u00e9chelons, tous les rangs)<\/p>\n            <p>Complete 1 Super Block (10 VIPS + 2 MPs) during the qualification period.<\/p>\n            <p>*Au moins 1000 du VP chaque mois dois provenir des achats des clients (VIP ou de&nbsp;d\u00e9tail)<\/p>\n            <p>**Au moins 1500 du VP chaque mois dois provenir des achats des clients (VIP ou de&nbsp;d\u00e9tail)<\/p>\n         <p><em>Tous les partenaires de march\u00e9 doivent \u00eatre pay\u00e9s \u00e0 titre de PMG ou un rang sup\u00e9rieur en janvier 2024 afin d&#8217;\u00eatre admissibles. (Voir ci-dessus)<\/em><\/p>\n            2\n            <img decoding=\"async\" src=\"https:\/\/monatglobal.com\/wp-content\/uploads\/2023\/07\/airfare-icon.svg\" alt=\"Qualification airfare icon\"\/>\n            <h3>QU&#8217;EST-CE QUI EST COMPRIS DANS LE VOYAGE R\u00c9UNION 2024 \u00c0 LAS VEGAS SI JE ME QUALIFIE POUR R\u00c9UNION ET LE BILLET&nbsp;D&#8217;AVION?<\/h3>\n               <p>\u00c9CHELON 1<\/p>\n               <ul>\n                  <li>Trois nuits \u00e0 l&#8217;h\u00f4tel <\/li>\n                  <li>Un billet d&#8217;avion aller-retour de classe \u00e9conomique \u00e0 l&#8217;a\u00e9roport Las Vegas McCarren International (LAS)<\/li>\n               <\/ul>\n               <p>\u00c9CHELON 2<\/p>\n               <ul>\n                  <li>Trois nuits \u00e0 l&#8217;h\u00f4tel <\/li>\n                  <li>Un billet d&#8217;avion aller-retour de classe \u00e9conomique \u00e0 l&#8217;a\u00e9roport Las Vegas McCarren International (LAS)<\/li>\n                  <li>Un cr\u00e9dit de 200 $ US pour la nourriture et les boissons <\/li>\n               <\/ul>\n               <p>\u00c9CHELON 3<\/p>\n               <ul>\n                  <li>Trois nuits \u00e0 l&#8217;h\u00f4tel <\/li>\n                  <li>Un billet d&#8217;avion aller-retour de classe \u00e9conomique \u00e0 l&#8217;a\u00e9roport Las Vegas McCarren International (LAS)<\/li>\n                  <li>Un billet d&#8217;avion aller-retour de classe \u00e9conomique \u00e0 l&#8217;a\u00e9roport Las Vegas McCarren International (LAS) pour votre conjoint(e)\/invit\u00e9(e) non partenaire de march\u00e9 (vous devez avoir le m\u00eame itin\u00e9raire) ou un cr\u00e9dit de 300 $ US pour les repas et les boissons<\/li>\n               <\/ul>\n      <a id=\"faq_btn\" href=\"https:\/\/monatglobal.com\/ca\/wp-content\/uploads\/sites\/5\/2023\/08\/CAN_MONATReunion2024_FAQ_FR-1.pdf\" target=\"_blank\" rel=\"noopener\">FAQ<\/a>\n      <a id=\"termsAndC\" href=\"https:\/\/monatglobal.com\/ca\/wp-content\/uploads\/sites\/5\/2023\/08\/CAN_MONAT_Reunion2024_TermsConditions_FR.pdf\" target=\"_blank\" rel=\"noopener\">\n         <p>Conditions g\u00e9n\u00e9rales<\/p>\n      <\/a>\n\n","protected":false},"excerpt":{"rendered":"<p>Du 4 au 7 mars&nbsp;2024 P\u00c9RIODE DE QUALIFICATION : DU 1ER AO\u00dbT 2023 AU 31 JANVIER 2024 VOUS FOURNISSEZ L&#8217;AMBIANCE. ET NOUS FOURNISSONS LE&nbsp;PLAISIR. MGM GRAND HOTEL &#038; CASINO LAS VEGAS, NEVADA Nous allons c\u00e9l\u00e9brer en famille! PROFITEZ DE LA SPLENDEUR ET DE L&#8217;EXCITATION DE LAS VEGAS AVEC VOTRE FAMILLE MONAT! Ce sera une aventure&hellip;<\/p>\n","protected":false},"author":33,"featured_media":72322,"parent":0,"menu_order":0,"comment_status":"closed","ping_status":"closed","template":"","meta":{"inline_featured_image":false,"om_disable_all_campaigns":false,"_monsterinsights_skip_tracking":false,"_monsterinsights_sitenote_active":false,"_monsterinsights_sitenote_note":"","_monsterinsights_sitenote_category":0,"footnotes":""},"categories":[],"tags":[],"class_list":["post-72292","page","type-page","status-publish","has-post-thumbnail","hentry"],"aioseo_notices":[],"aioseo_head":"\n\t\t<!-- All in One SEO Pro 4.9.6 - aioseo.com -->\n\t<meta name=\"description\" content=\"Du 4 au 7 mars 2024 P\u00c9RIODE DE QUALIFICATION : DU 1ER AO\u00dbT 2023 AU 31 JANVIER 2024 VOUS FOURNISSEZ L&#039;AMBIANCE. ET NOUS FOURNISSONS LE PLAISIR. MGM GRAND HOTEL &amp; CASINO LAS VEGAS, NEVADA Nous allons c\u00e9l\u00e9brer en famille! PROFITEZ DE LA SPLENDEUR ET DE L&#039;EXCITATION DE LAS VEGAS AVEC VOTRE FAMILLE MONAT! Ce sera une aventure\" \/>\n\t<meta name=\"robots\" content=\"max-image-preview:large\" \/>\n\t<link rel=\"canonical\" href=\"https:\/\/monatglobal.com\/ca\/reunion\/?lang=fr\" \/>\n\t<meta name=\"generator\" content=\"All in One SEO Pro (AIOSEO) 4.9.6\" \/>\n\t\t<meta property=\"og:locale\" content=\"en_US\" \/>\n\t\t<meta property=\"og:site_name\" content=\"Monat Canada English - We Are Modern Nature\" \/>\n\t\t<meta property=\"og:type\" content=\"article\" \/>\n\t\t<meta property=\"og:title\" content=\"Reunion 2023 - Monat Canada English\" \/>\n\t\t<meta property=\"og:description\" content=\"Du 4 au 7 mars 2024 P\u00c9RIODE DE QUALIFICATION : DU 1ER AO\u00dbT 2023 AU 31 JANVIER 2024 VOUS FOURNISSEZ L&#039;AMBIANCE. ET NOUS FOURNISSONS LE PLAISIR. MGM GRAND HOTEL &amp; CASINO LAS VEGAS, NEVADA Nous allons c\u00e9l\u00e9brer en famille! PROFITEZ DE LA SPLENDEUR ET DE L&#039;EXCITATION DE LAS VEGAS AVEC VOTRE FAMILLE MONAT! Ce sera une aventure\" \/>\n\t\t<meta property=\"og:url\" content=\"https:\/\/monatglobal.com\/ca\/reunion\/?lang=fr\" \/>\n\t\t<meta property=\"article:published_time\" content=\"2022-08-05T21:34:27+00:00\" \/>\n\t\t<meta property=\"article:modified_time\" content=\"2024-02-12T19:52:36+00:00\" \/>\n\t\t<meta name=\"twitter:card\" content=\"summary_large_image\" \/>\n\t\t<meta name=\"twitter:title\" content=\"Reunion 2023 - Monat Canada English\" \/>\n\t\t<meta name=\"twitter:description\" content=\"Du 4 au 7 mars 2024 P\u00c9RIODE DE QUALIFICATION : DU 1ER AO\u00dbT 2023 AU 31 JANVIER 2024 VOUS FOURNISSEZ L&#039;AMBIANCE. ET NOUS FOURNISSONS LE PLAISIR. MGM GRAND HOTEL &amp; CASINO LAS VEGAS, NEVADA Nous allons c\u00e9l\u00e9brer en famille! PROFITEZ DE LA SPLENDEUR ET DE L&#039;EXCITATION DE LAS VEGAS AVEC VOTRE FAMILLE MONAT! Ce sera une aventure\" \/>\n\t\t<script type=\"application\/ld+json\" class=\"aioseo-schema\">\n\t\t\t{\"@context\":\"https:\\\/\\\/schema.org\",\"@graph\":[{\"@type\":\"BreadcrumbList\",\"@id\":\"https:\\\/\\\/monatglobal.com\\\/ca\\\/reunion\\\/?lang=fr#breadcrumblist\",\"itemListElement\":[{\"@type\":\"ListItem\",\"@id\":\"https:\\\/\\\/monatglobal.com\\\/ca#listItem\",\"position\":1,\"name\":\"Home\",\"item\":\"https:\\\/\\\/monatglobal.com\\\/ca\",\"nextItem\":{\"@type\":\"ListItem\",\"@id\":\"https:\\\/\\\/monatglobal.com\\\/ca\\\/reunion\\\/?lang=fr#listItem\",\"name\":\"Reunion 2023\"}},{\"@type\":\"ListItem\",\"@id\":\"https:\\\/\\\/monatglobal.com\\\/ca\\\/reunion\\\/?lang=fr#listItem\",\"position\":2,\"name\":\"Reunion 2023\",\"previousItem\":{\"@type\":\"ListItem\",\"@id\":\"https:\\\/\\\/monatglobal.com\\\/ca#listItem\",\"name\":\"Home\"}}]},{\"@type\":\"Organization\",\"@id\":\"https:\\\/\\\/monatglobal.com\\\/ca\\\/#organization\",\"name\":\"Monat Canada English\",\"description\":\"We Are Modern Nature\",\"url\":\"https:\\\/\\\/monatglobal.com\\\/ca\\\/\"},{\"@type\":\"WebPage\",\"@id\":\"https:\\\/\\\/monatglobal.com\\\/ca\\\/reunion\\\/?lang=fr#webpage\",\"url\":\"https:\\\/\\\/monatglobal.com\\\/ca\\\/reunion\\\/?lang=fr\",\"name\":\"Reunion 2023 - Monat Canada English\",\"description\":\"Du 4 au 7 mars 2024 P\\u00c9RIODE DE QUALIFICATION : DU 1ER AO\\u00dbT 2023 AU 31 JANVIER 2024 VOUS FOURNISSEZ L'AMBIANCE. ET NOUS FOURNISSONS LE PLAISIR. MGM GRAND HOTEL & CASINO LAS VEGAS, NEVADA Nous allons c\\u00e9l\\u00e9brer en famille! PROFITEZ DE LA SPLENDEUR ET DE L'EXCITATION DE LAS VEGAS AVEC VOTRE FAMILLE MONAT! Ce sera une aventure\",\"inLanguage\":\"en-US\",\"isPartOf\":{\"@id\":\"https:\\\/\\\/monatglobal.com\\\/ca\\\/#website\"},\"breadcrumb\":{\"@id\":\"https:\\\/\\\/monatglobal.com\\\/ca\\\/reunion\\\/?lang=fr#breadcrumblist\"},\"image\":{\"@type\":\"ImageObject\",\"url\":\"https:\\\/\\\/monatglobal.com\\\/ca\\\/wp-content\\\/uploads\\\/sites\\\/5\\\/2022\\\/08\\\/reunion_23_thumb.png\",\"@id\":\"https:\\\/\\\/monatglobal.com\\\/ca\\\/reunion\\\/?lang=fr\\\/#mainImage\",\"width\":450,\"height\":350},\"primaryImageOfPage\":{\"@id\":\"https:\\\/\\\/monatglobal.com\\\/ca\\\/reunion\\\/?lang=fr#mainImage\"},\"datePublished\":\"2022-08-05T17:34:27-04:00\",\"dateModified\":\"2024-02-12T14:52:36-05:00\"},{\"@type\":\"WebSite\",\"@id\":\"https:\\\/\\\/monatglobal.com\\\/ca\\\/#website\",\"url\":\"https:\\\/\\\/monatglobal.com\\\/ca\\\/\",\"name\":\"Monat Canada English\",\"description\":\"We Are Modern Nature\",\"inLanguage\":\"en-US\",\"publisher\":{\"@id\":\"https:\\\/\\\/monatglobal.com\\\/ca\\\/#organization\"}}]}\n\t\t<\/script>\n\t\t<!-- All in One SEO Pro -->\r\n\t\t<title>Reunion 2023 - Monat Canada English<\/title>\n\n","aioseo_head_json":{"title":"Reunion 2023 - Monat Canada English","description":"Du 4 au 7 mars 2024 P\u00c9RIODE DE QUALIFICATION : DU 1ER AO\u00dbT 2023 AU 31 JANVIER 2024 VOUS FOURNISSEZ L'AMBIANCE. ET NOUS FOURNISSONS LE PLAISIR. MGM GRAND HOTEL & CASINO LAS VEGAS, NEVADA Nous allons c\u00e9l\u00e9brer en famille! PROFITEZ DE LA SPLENDEUR ET DE L'EXCITATION DE LAS VEGAS AVEC VOTRE FAMILLE MONAT! Ce sera une aventure","canonical_url":"https:\/\/monatglobal.com\/ca\/reunion\/?lang=fr","robots":"max-image-preview:large","keywords":"","webmasterTools":{"miscellaneous":""},"schema":{"@context":"https:\/\/schema.org","@graph":[{"@type":"BreadcrumbList","@id":"https:\/\/monatglobal.com\/ca\/reunion\/?lang=fr#breadcrumblist","itemListElement":[{"@type":"ListItem","@id":"https:\/\/monatglobal.com\/ca#listItem","position":1,"name":"Home","item":"https:\/\/monatglobal.com\/ca","nextItem":{"@type":"ListItem","@id":"https:\/\/monatglobal.com\/ca\/reunion\/?lang=fr#listItem","name":"Reunion 2023"}},{"@type":"ListItem","@id":"https:\/\/monatglobal.com\/ca\/reunion\/?lang=fr#listItem","position":2,"name":"Reunion 2023","previousItem":{"@type":"ListItem","@id":"https:\/\/monatglobal.com\/ca#listItem","name":"Home"}}]},{"@type":"Organization","@id":"https:\/\/monatglobal.com\/ca\/#organization","name":"Monat Canada English","description":"We Are Modern Nature","url":"https:\/\/monatglobal.com\/ca\/"},{"@type":"WebPage","@id":"https:\/\/monatglobal.com\/ca\/reunion\/?lang=fr#webpage","url":"https:\/\/monatglobal.com\/ca\/reunion\/?lang=fr","name":"Reunion 2023 - Monat Canada English","description":"Du 4 au 7 mars 2024 P\u00c9RIODE DE QUALIFICATION : DU 1ER AO\u00dbT 2023 AU 31 JANVIER 2024 VOUS FOURNISSEZ L'AMBIANCE. ET NOUS FOURNISSONS LE PLAISIR. MGM GRAND HOTEL & CASINO LAS VEGAS, NEVADA Nous allons c\u00e9l\u00e9brer en famille! PROFITEZ DE LA SPLENDEUR ET DE L'EXCITATION DE LAS VEGAS AVEC VOTRE FAMILLE MONAT! Ce sera une aventure","inLanguage":"en-US","isPartOf":{"@id":"https:\/\/monatglobal.com\/ca\/#website"},"breadcrumb":{"@id":"https:\/\/monatglobal.com\/ca\/reunion\/?lang=fr#breadcrumblist"},"image":{"@type":"ImageObject","url":"https:\/\/monatglobal.com\/ca\/wp-content\/uploads\/sites\/5\/2022\/08\/reunion_23_thumb.png","@id":"https:\/\/monatglobal.com\/ca\/reunion\/?lang=fr\/#mainImage","width":450,"height":350},"primaryImageOfPage":{"@id":"https:\/\/monatglobal.com\/ca\/reunion\/?lang=fr#mainImage"},"datePublished":"2022-08-05T17:34:27-04:00","dateModified":"2024-02-12T14:52:36-05:00"},{"@type":"WebSite","@id":"https:\/\/monatglobal.com\/ca\/#website","url":"https:\/\/monatglobal.com\/ca\/","name":"Monat Canada English","description":"We Are Modern Nature","inLanguage":"en-US","publisher":{"@id":"https:\/\/monatglobal.com\/ca\/#organization"}}]},"og:locale":"en_US","og:site_name":"Monat Canada English - We Are Modern Nature","og:type":"article","og:title":"Reunion 2023 - Monat Canada English","og:description":"Du 4 au 7 mars 2024 P\u00c9RIODE DE QUALIFICATION : DU 1ER AO\u00dbT 2023 AU 31 JANVIER 2024 VOUS FOURNISSEZ L'AMBIANCE. ET NOUS FOURNISSONS LE PLAISIR. MGM GRAND HOTEL &amp; CASINO LAS VEGAS, NEVADA Nous allons c\u00e9l\u00e9brer en famille! PROFITEZ DE LA SPLENDEUR ET DE L'EXCITATION DE LAS VEGAS AVEC VOTRE FAMILLE MONAT! Ce sera une aventure","og:url":"https:\/\/monatglobal.com\/ca\/reunion\/?lang=fr","article:published_time":"2022-08-05T21:34:27+00:00","article:modified_time":"2024-02-12T19:52:36+00:00","twitter:card":"summary_large_image","twitter:title":"Reunion 2023 - Monat Canada English","twitter:description":"Du 4 au 7 mars 2024 P\u00c9RIODE DE QUALIFICATION : DU 1ER AO\u00dbT 2023 AU 31 JANVIER 2024 VOUS FOURNISSEZ L'AMBIANCE. ET NOUS FOURNISSONS LE PLAISIR. MGM GRAND HOTEL &amp; CASINO LAS VEGAS, NEVADA Nous allons c\u00e9l\u00e9brer en famille! PROFITEZ DE LA SPLENDEUR ET DE L'EXCITATION DE LAS VEGAS AVEC VOTRE FAMILLE MONAT! Ce sera une aventure"},"aioseo_meta_data":{"post_id":"72292","title":null,"description":null,"keywords":[],"keyphrases":{"focus":{"keyphrase":"","score":0,"analysis":{"keyphraseInTitle":{"score":0,"maxScore":9,"error":1}}},"additional":[]},"primary_term":null,"canonical_url":null,"og_title":null,"og_description":null,"og_object_type":"default","og_image_type":"default","og_image_url":null,"og_image_width":null,"og_image_height":null,"og_image_custom_url":null,"og_image_custom_fields":null,"og_video":"","og_custom_url":null,"og_article_section":null,"og_article_tags":[],"twitter_use_og":false,"twitter_card":"default","twitter_image_type":"default","twitter_image_url":null,"twitter_image_custom_url":null,"twitter_image_custom_fields":null,"twitter_title":null,"twitter_description":null,"schema":{"blockGraphs":[],"customGraphs":[],"default":{"data":{"Article":[],"Course":[],"Dataset":[],"FAQPage":[],"Movie":[],"Person":[],"Product":[],"ProductReview":[],"Car":[],"Recipe":[],"Service":[],"SoftwareApplication":[],"WebPage":[]},"graphName":"WebPage","isEnabled":true},"graphs":[]},"schema_type":"default","schema_type_options":null,"pillar_content":false,"robots_default":true,"robots_noindex":false,"robots_noarchive":false,"robots_nosnippet":false,"robots_nofollow":false,"robots_noimageindex":false,"robots_noodp":false,"robots_notranslate":false,"robots_max_snippet":"-1","robots_max_videopreview":"-1","robots_max_imagepreview":"large","priority":null,"frequency":"default","local_seo":null,"seo_analyzer_scan_date":"2026-02-10 20:36:51","limit_modified_date":false,"reviewed_by":null,"open_ai":null,"ai":null,"created":"2023-08-02 16:21:08","updated":"2026-02-10 20:36:51"},"aioseo_breadcrumb":"<div class=\"aioseo-breadcrumbs\"><span class=\"aioseo-breadcrumb\">\n\t<a href=\"https:\/\/monatglobal.com\/ca\" title=\"Home\">Home<\/a>\n<\/span><span class=\"aioseo-breadcrumb-separator\">&raquo;<\/span><span class=\"aioseo-breadcrumb\">\n\tReunion 2023\n<\/span><\/div>","aioseo_breadcrumb_json":[{"label":"Home","link":"https:\/\/monatglobal.com\/ca"},{"label":"Reunion 2023","link":"https:\/\/monatglobal.com\/ca\/reunion\/?lang=fr"}],"_links":{"self":[{"href":"https:\/\/monatglobal.com\/ca\/wp-json\/wp\/v2\/pages\/72292","targetHints":{"allow":["GET"]}}],"collection":[{"href":"https:\/\/monatglobal.com\/ca\/wp-json\/wp\/v2\/pages"}],"about":[{"href":"https:\/\/monatglobal.com\/ca\/wp-json\/wp\/v2\/types\/page"}],"author":[{"embeddable":true,"href":"https:\/\/monatglobal.com\/ca\/wp-json\/wp\/v2\/users\/33"}],"replies":[{"embeddable":true,"href":"https:\/\/monatglobal.com\/ca\/wp-json\/wp\/v2\/comments?post=72292"}],"version-history":[{"count":32,"href":"https:\/\/monatglobal.com\/ca\/wp-json\/wp\/v2\/pages\/72292\/revisions"}],"predecessor-version":[{"id":87784,"href":"https:\/\/monatglobal.com\/ca\/wp-json\/wp\/v2\/pages\/72292\/revisions\/87784"}],"wp:featuredmedia":[{"embeddable":true,"href":"https:\/\/monatglobal.com\/ca\/wp-json\/wp\/v2\/media\/72322"}],"wp:attachment":[{"href":"https:\/\/monatglobal.com\/ca\/wp-json\/wp\/v2\/media?parent=72292"}],"wp:term":[{"taxonomy":"category","embeddable":true,"href":"https:\/\/monatglobal.com\/ca\/wp-json\/wp\/v2\/categories?post=72292"},{"taxonomy":"post_tag","embeddable":true,"href":"https:\/\/monatglobal.com\/ca\/wp-json\/wp\/v2\/tags?post=72292"}],"curies":[{"name":"wp","href":"https:\/\/api.w.org\/{rel}","templated":true}]}}