{"id":71209,"date":"2022-06-07T12:23:10","date_gmt":"2022-06-07T16:23:10","guid":{"rendered":"https:\/\/monatglobal.com\/ca\/?page_id=71209"},"modified":"2025-06-18T09:06:55","modified_gmt":"2025-06-18T13:06:55","slug":"monathero","status":"publish","type":"page","link":"https:\/\/monatglobal.com\/ca\/monathero\/?lang=fr","title":{"rendered":"Prix du pr\u00e9sident du conseil 2025"},"content":{"rendered":"\n<!--<a id=\"scrollBtn\">Nominate Your Hero Now<\/a>-->\n<!--<a id=\"scrollBtn\">-->\n<!--    -->\n<!--        <input id=\"language-toggle\" type=\"checkbox\"\/>-->\n<!--        <label for=\"language-toggle\"><\/label>-->\n<!--        Nominate Your Hero Now-->\n<!--    -->\n<!---->\n            <p>MONAT GRATITUDE pr\u00e9sente<\/p>\n            <h1>LE PRIX DU PR\u00c9SIDENT<br> DU CONSEIL 2025<\/h1>\n            <img decoding=\"async\" width=\"150\" src=\"https:\/\/monatglobal.com\/wp-content\/uploads\/2023\/06\/drop-logo-lines.svg\"> \n      La plus haute distinction d\u00e9cern\u00e9e chaque ann\u00e9e<br> pendant MONATions UnitedLa p\u00e9riode de mise en nomination s&#8217;\u00e9tend du <br>18 juin au 3 juillet\n            <h2>Quelles sont les qualit\u00e9s d&#8217;un H\u00e9ros de MONAT?<\/h2>\n            <h3>Un leader MONAT qui dessert les autres et passe \u00e0 l&#8217;action afin d&#8217;avoir un impact positif sur sa communaut\u00e9.<\/h3>\n         <img decoding=\"async\" src=\"https:\/\/monatglobal.com\/wp-content\/uploads\/2025\/05\/chairman-award_2025-min-1.png\" loading=\"lazy\"> \n               Voici les qualit\u00e9s d&#8217;un H\u00e9ros de MONAT :<br>\n               \n            <ul>\n               <li>Une vie de service.  \n               <\/li>\n               <li> \n                  Un c\u0153ur qui aime redonner. \n               <\/li>\n               <li> \n                  Une source d&#8217;inspiration pour nous tous.\n               <\/li>\n            <\/ul>\n      <br>\n      Notre prix le plus prestigieux, le Prix du pr\u00e9sident du conseil est d\u00e9cern\u00e9 chaque ann\u00e9e \u00e0 un individu choisi par les partenaires de&nbsp;march\u00e9.  \n      <p>Le 23 ao\u00fbt, sur sc\u00e8ne \u00e0 MONATions United 2025 pendant la c\u00e9l\u00e9bration Dream Bigger, nous serons fiers de reconna\u00eetre le H\u00e9ros de MONAT de l&#8217;ann\u00e9e, le prix \u00e9tant remis personnellement par Luis Urdaneta, pr\u00e9sident du conseil de MONAT.<\/p>\n   <img decoding=\"async\" src=\"https:\/\/monatglobal.com\/wp-content\/uploads\/2025\/05\/chairman-award_2025-min-1.png\" loading=\"lazy\"> \n      <a target=\"_blank\" href=\"https:\/\/form.jotform.com\/251325880627157\" aria-label=\"Go to nomination form\" rel=\"noopener\">Mettez votre H\u00e9ros de MONAT en candidature<\/a>\n         <img decoding=\"async\" src=\"https:\/\/monatglobal.com\/wp-content\/uploads\/2025\/05\/chairman-awards-NOMINATIONS-OPEN_2025-min.jpg\" loading=\"lazy\">\n            Du 18 juin au 3 juillet, nous vous invitons \u00e0 mettre en nomination un leader MONAT qui, d&#8217;apr\u00e8s vous, m\u00e9rite l&#8217;honneur de recevoir ce prix prestigieux et d&#8217;\u00eatre reconnu de mani\u00e8re spectaculaire.\n            <br>\n            <img decoding=\"async\" src=\"https:\/\/monatglobal.com\/wp-content\/uploads\/2025\/05\/monathero-stage-2024-min.jpg\" loading=\"lazy\">\n         <img decoding=\"async\" src=\"https:\/\/monatglobal.com\/wp-content\/uploads\/2025\/05\/chairman-award-2025-min.jpg\" loading=\"lazy\"> \n            <h2>Qui est admissible?<\/h2>\n            <p>Tout partenaire de march\u00e9 actif en r\u00e8gle ayant atteint le titre de carri\u00e8re de mentor de march\u00e9 ou plus&nbsp;haut.<\/p>\n            <a target=\"_blank\" href=\"https:\/\/form.jotform.com\/251325880627157\" aria-label=\"Go to nomination form\" rel=\"noopener\">Mettez votre H\u00e9ros de MONAT en candidature<\/a>\n   <h2>Qu&#8217;est-ce qui d\u00e9finit un <br> h\u00e9ros de MONAT?<\/h2>\n         <p>Beaucoup plus qu&#8217;un partenaire de march\u00e9 prosp\u00e8re, le h\u00e9ros de MONAT fait une diff\u00e9rence dans sa communaut\u00e9.  <br>Cette personne consacre son temps, son talent et ses ressources afin d&#8217;avoir un impact positif et de redonner. Cette personne fait plus que mener une \u00e9quipe, elle m\u00e8ne avec Gratitude.<\/p>\n         <p>Un h\u00e9ros de MONAT incarne les qualit\u00e9s suivantes :<\/p>\n         <ul>\n            <li>Service<\/li>\n            <li>Engagement communautaire<\/li>\n            <li>B\u00e9n\u00e9volat<\/li>\n            <li>Charit\u00e9<\/li>\n            <li>Gratitude<\/li>\n            <li>Leadership<\/li>\n            <li>Humilit\u00e9<\/li>\n            <li>Bienveillance<\/li>\n         <\/ul>\n   <h2>Mettez votre H\u00e9ros de MONAT <br>en nomination d\u00e8s aujourd&#8217;hui.<\/h2>\n   <p>Cliquez ci-dessous pour remplir le formulaire. Assurez-vous d&#8217;inclure le plus de d\u00e9tails possible sur les fa\u00e7ons dont votre candidat m\u00e8ne avec gratitude ET a un impact positif sur sa communaut\u00e9. Les auto-nominations sont aussi accept\u00e9es.<\/p>\n      <a target=\"_blank\" href=\"https:\/\/form.jotform.com\/251325880627157\" aria-label=\"Go to nomination form\" rel=\"noopener\">Mettez votre H\u00e9ros de MONAT en candidature<\/a>\n   <img decoding=\"async\" src=\"https:\/\/monatglobal.com\/wp-content\/uploads\/2024\/05\/Brittany-Sauer-Chairmans-Award-USA_2023.jpg\" loading=\"lazy\">\n      <h2><a target=\"_blank\" href=\"https:\/\/monatgratitude.com\/pages\/chairmans-award\" rel=\"noopener\">En savoir plus <\/a> sur les anciens <br>laur\u00e9ats du Prix <br> du pr\u00e9sident du conseil<\/h2>\n","protected":false},"excerpt":{"rendered":"<p>MONAT GRATITUDE pr\u00e9sente LE PRIX DU PR\u00c9SIDENT DU CONSEIL 2025 La plus haute distinction d\u00e9cern\u00e9e chaque ann\u00e9e pendant MONATions UnitedLa p\u00e9riode de mise en nomination s&#8217;\u00e9tend du 18 juin au 3 juillet Quelles sont les qualit\u00e9s d&#8217;un H\u00e9ros de MONAT? Un leader MONAT qui dessert les autres et passe \u00e0 l&#8217;action afin d&#8217;avoir un impact&hellip;<\/p>\n","protected":false},"author":33,"featured_media":92711,"parent":0,"menu_order":0,"comment_status":"closed","ping_status":"closed","template":"","meta":{"inline_featured_image":false,"om_disable_all_campaigns":false,"_monsterinsights_skip_tracking":false,"_monsterinsights_sitenote_active":false,"_monsterinsights_sitenote_note":"","_monsterinsights_sitenote_category":0,"footnotes":""},"categories":[],"tags":[],"class_list":["post-71209","page","type-page","status-publish","has-post-thumbnail","hentry"],"aioseo_notices":[],"aioseo_head":"\n\t\t<!-- All in One SEO Pro 4.9.6 - aioseo.com -->\n\t<meta name=\"description\" content=\"Mettez un partenaire de march\u00e9 MONAT en candidature pour le Prix du pr\u00e9sident du conseil 2025! Les candidatures sont ouvertes du 18 juin au 3 juillet. Ensemble, c\u00e9l\u00e9brons le leadership et l\u2019engagement communautaire.\" \/>\n\t<meta name=\"robots\" content=\"max-image-preview:large\" \/>\n\t<link rel=\"canonical\" href=\"https:\/\/monatglobal.com\/ca\/monathero\/?lang=fr\" \/>\n\t<meta name=\"generator\" content=\"All in One SEO Pro (AIOSEO) 4.9.6\" \/>\n\t\t<meta property=\"og:locale\" content=\"en_US\" \/>\n\t\t<meta property=\"og:site_name\" content=\"Monat Canada English - We Are Modern Nature\" \/>\n\t\t<meta property=\"og:type\" content=\"article\" \/>\n\t\t<meta property=\"og:title\" content=\"H\u00e9ros de MONAT | Prix du pr\u00e9sident du conseil 2025 | MONATions\" \/>\n\t\t<meta property=\"og:description\" content=\"Mettez un partenaire de march\u00e9 MONAT en candidature pour le Prix du pr\u00e9sident du conseil 2025! Les candidatures sont ouvertes du 18 juin au 3 juillet. Ensemble, c\u00e9l\u00e9brons le leadership et l\u2019engagement communautaire.\" \/>\n\t\t<meta property=\"og:url\" content=\"https:\/\/monatglobal.com\/ca\/monathero\/?lang=fr\" \/>\n\t\t<meta property=\"article:published_time\" content=\"2022-06-07T16:23:10+00:00\" \/>\n\t\t<meta property=\"article:modified_time\" content=\"2025-06-18T13:06:55+00:00\" \/>\n\t\t<meta name=\"twitter:card\" content=\"summary_large_image\" \/>\n\t\t<meta name=\"twitter:title\" content=\"H\u00e9ros de MONAT | Prix du pr\u00e9sident du conseil 2025 | MONATions\" \/>\n\t\t<meta name=\"twitter:description\" content=\"Mettez un partenaire de march\u00e9 MONAT en candidature pour le Prix du pr\u00e9sident du conseil 2025! Les candidatures sont ouvertes du 18 juin au 3 juillet. Ensemble, c\u00e9l\u00e9brons le leadership et l\u2019engagement communautaire.\" \/>\n\t\t<script type=\"application\/ld+json\" class=\"aioseo-schema\">\n\t\t\t{\"@context\":\"https:\\\/\\\/schema.org\",\"@graph\":[{\"@type\":\"BreadcrumbList\",\"@id\":\"https:\\\/\\\/monatglobal.com\\\/ca\\\/monathero\\\/?lang=fr#breadcrumblist\",\"itemListElement\":[{\"@type\":\"ListItem\",\"@id\":\"https:\\\/\\\/monatglobal.com\\\/ca#listItem\",\"position\":1,\"name\":\"Home\",\"item\":\"https:\\\/\\\/monatglobal.com\\\/ca\",\"nextItem\":{\"@type\":\"ListItem\",\"@id\":\"https:\\\/\\\/monatglobal.com\\\/ca\\\/monathero\\\/?lang=fr#listItem\",\"name\":\"Prix du pr\\u00e9sident du conseil 2025\"}},{\"@type\":\"ListItem\",\"@id\":\"https:\\\/\\\/monatglobal.com\\\/ca\\\/monathero\\\/?lang=fr#listItem\",\"position\":2,\"name\":\"Prix du pr\\u00e9sident du conseil 2025\",\"previousItem\":{\"@type\":\"ListItem\",\"@id\":\"https:\\\/\\\/monatglobal.com\\\/ca#listItem\",\"name\":\"Home\"}}]},{\"@type\":\"Organization\",\"@id\":\"https:\\\/\\\/monatglobal.com\\\/ca\\\/#organization\",\"name\":\"Monat Canada English\",\"description\":\"We Are Modern Nature\",\"url\":\"https:\\\/\\\/monatglobal.com\\\/ca\\\/\"},{\"@type\":\"WebPage\",\"@id\":\"https:\\\/\\\/monatglobal.com\\\/ca\\\/monathero\\\/?lang=fr#webpage\",\"url\":\"https:\\\/\\\/monatglobal.com\\\/ca\\\/monathero\\\/?lang=fr\",\"name\":\"H\\u00e9ros de MONAT | Prix du pr\\u00e9sident du conseil 2025 | MONATions\",\"description\":\"Mettez un partenaire de march\\u00e9 MONAT en candidature pour le Prix du pr\\u00e9sident du conseil 2025! Les candidatures sont ouvertes du 18 juin au 3 juillet. Ensemble, c\\u00e9l\\u00e9brons le leadership et l\\u2019engagement communautaire.\",\"inLanguage\":\"en-US\",\"isPartOf\":{\"@id\":\"https:\\\/\\\/monatglobal.com\\\/ca\\\/#website\"},\"breadcrumb\":{\"@id\":\"https:\\\/\\\/monatglobal.com\\\/ca\\\/monathero\\\/?lang=fr#breadcrumblist\"},\"image\":{\"@type\":\"ImageObject\",\"url\":\"https:\\\/\\\/monatglobal.com\\\/ca\\\/wp-content\\\/uploads\\\/sites\\\/5\\\/2025\\\/06\\\/monathero-2025-ft-img-ca-fr-min.jpg\",\"@id\":\"https:\\\/\\\/monatglobal.com\\\/ca\\\/monathero\\\/?lang=fr\\\/#mainImage\",\"width\":1200,\"height\":628},\"primaryImageOfPage\":{\"@id\":\"https:\\\/\\\/monatglobal.com\\\/ca\\\/monathero\\\/?lang=fr#mainImage\"},\"datePublished\":\"2022-06-07T12:23:10-04:00\",\"dateModified\":\"2025-06-18T09:06:55-04:00\"},{\"@type\":\"WebSite\",\"@id\":\"https:\\\/\\\/monatglobal.com\\\/ca\\\/#website\",\"url\":\"https:\\\/\\\/monatglobal.com\\\/ca\\\/\",\"name\":\"Monat Canada English\",\"description\":\"We Are Modern Nature\",\"inLanguage\":\"en-US\",\"publisher\":{\"@id\":\"https:\\\/\\\/monatglobal.com\\\/ca\\\/#organization\"}}]}\n\t\t<\/script>\n\t\t<!-- All in One SEO Pro -->\r\n\t\t<title>H\u00e9ros de MONAT | Prix du pr\u00e9sident du conseil 2025 | MONATions<\/title>\n\n","aioseo_head_json":{"title":"H\u00e9ros de MONAT | Prix du pr\u00e9sident du conseil 2025 | MONATions","description":"Mettez un partenaire de march\u00e9 MONAT en candidature pour le Prix du pr\u00e9sident du conseil 2025! Les candidatures sont ouvertes du 18 juin au 3 juillet. Ensemble, c\u00e9l\u00e9brons le leadership et l\u2019engagement communautaire.","canonical_url":"https:\/\/monatglobal.com\/ca\/monathero\/?lang=fr","robots":"max-image-preview:large","keywords":"","webmasterTools":{"miscellaneous":""},"schema":{"@context":"https:\/\/schema.org","@graph":[{"@type":"BreadcrumbList","@id":"https:\/\/monatglobal.com\/ca\/monathero\/?lang=fr#breadcrumblist","itemListElement":[{"@type":"ListItem","@id":"https:\/\/monatglobal.com\/ca#listItem","position":1,"name":"Home","item":"https:\/\/monatglobal.com\/ca","nextItem":{"@type":"ListItem","@id":"https:\/\/monatglobal.com\/ca\/monathero\/?lang=fr#listItem","name":"Prix du pr\u00e9sident du conseil 2025"}},{"@type":"ListItem","@id":"https:\/\/monatglobal.com\/ca\/monathero\/?lang=fr#listItem","position":2,"name":"Prix du pr\u00e9sident du conseil 2025","previousItem":{"@type":"ListItem","@id":"https:\/\/monatglobal.com\/ca#listItem","name":"Home"}}]},{"@type":"Organization","@id":"https:\/\/monatglobal.com\/ca\/#organization","name":"Monat Canada English","description":"We Are Modern Nature","url":"https:\/\/monatglobal.com\/ca\/"},{"@type":"WebPage","@id":"https:\/\/monatglobal.com\/ca\/monathero\/?lang=fr#webpage","url":"https:\/\/monatglobal.com\/ca\/monathero\/?lang=fr","name":"H\u00e9ros de MONAT | Prix du pr\u00e9sident du conseil 2025 | MONATions","description":"Mettez un partenaire de march\u00e9 MONAT en candidature pour le Prix du pr\u00e9sident du conseil 2025! Les candidatures sont ouvertes du 18 juin au 3 juillet. Ensemble, c\u00e9l\u00e9brons le leadership et l\u2019engagement communautaire.","inLanguage":"en-US","isPartOf":{"@id":"https:\/\/monatglobal.com\/ca\/#website"},"breadcrumb":{"@id":"https:\/\/monatglobal.com\/ca\/monathero\/?lang=fr#breadcrumblist"},"image":{"@type":"ImageObject","url":"https:\/\/monatglobal.com\/ca\/wp-content\/uploads\/sites\/5\/2025\/06\/monathero-2025-ft-img-ca-fr-min.jpg","@id":"https:\/\/monatglobal.com\/ca\/monathero\/?lang=fr\/#mainImage","width":1200,"height":628},"primaryImageOfPage":{"@id":"https:\/\/monatglobal.com\/ca\/monathero\/?lang=fr#mainImage"},"datePublished":"2022-06-07T12:23:10-04:00","dateModified":"2025-06-18T09:06:55-04:00"},{"@type":"WebSite","@id":"https:\/\/monatglobal.com\/ca\/#website","url":"https:\/\/monatglobal.com\/ca\/","name":"Monat Canada English","description":"We Are Modern Nature","inLanguage":"en-US","publisher":{"@id":"https:\/\/monatglobal.com\/ca\/#organization"}}]},"og:locale":"en_US","og:site_name":"Monat Canada English - We Are Modern Nature","og:type":"article","og:title":"H\u00e9ros de MONAT | Prix du pr\u00e9sident du conseil 2025 | MONATions","og:description":"Mettez un partenaire de march\u00e9 MONAT en candidature pour le Prix du pr\u00e9sident du conseil 2025! Les candidatures sont ouvertes du 18 juin au 3 juillet. Ensemble, c\u00e9l\u00e9brons le leadership et l\u2019engagement communautaire.","og:url":"https:\/\/monatglobal.com\/ca\/monathero\/?lang=fr","article:published_time":"2022-06-07T16:23:10+00:00","article:modified_time":"2025-06-18T13:06:55+00:00","twitter:card":"summary_large_image","twitter:title":"H\u00e9ros de MONAT | Prix du pr\u00e9sident du conseil 2025 | MONATions","twitter:description":"Mettez un partenaire de march\u00e9 MONAT en candidature pour le Prix du pr\u00e9sident du conseil 2025! Les candidatures sont ouvertes du 18 juin au 3 juillet. Ensemble, c\u00e9l\u00e9brons le leadership et l\u2019engagement communautaire."},"aioseo_meta_data":{"post_id":"71209","title":"H\u00e9ros de MONAT | Prix du pr\u00e9sident du conseil 2025 | MONATions","description":"Mettez un partenaire de march\u00e9 MONAT en candidature pour le Prix du pr\u00e9sident du conseil 2025! Les candidatures sont ouvertes du 18 juin au 3 juillet. Ensemble, c\u00e9l\u00e9brons le leadership et l\u2019engagement communautaire.","keywords":null,"keyphrases":{"focus":{"keyphrase":"","score":0,"analysis":{"keyphraseInTitle":{"score":0,"maxScore":9,"error":1}}},"additional":[]},"primary_term":null,"canonical_url":null,"og_title":null,"og_description":null,"og_object_type":"default","og_image_type":"default","og_image_url":null,"og_image_width":null,"og_image_height":null,"og_image_custom_url":null,"og_image_custom_fields":null,"og_video":"","og_custom_url":null,"og_article_section":null,"og_article_tags":null,"twitter_use_og":false,"twitter_card":"default","twitter_image_type":"default","twitter_image_url":null,"twitter_image_custom_url":null,"twitter_image_custom_fields":null,"twitter_title":null,"twitter_description":null,"schema":{"blockGraphs":[],"customGraphs":[],"default":{"data":{"Article":[],"Course":[],"Dataset":[],"FAQPage":[],"Movie":[],"Person":[],"Product":[],"ProductReview":[],"Car":[],"Recipe":[],"Service":[],"SoftwareApplication":[],"WebPage":[]},"graphName":"WebPage","isEnabled":true},"graphs":[]},"schema_type":"default","schema_type_options":null,"pillar_content":false,"robots_default":true,"robots_noindex":false,"robots_noarchive":false,"robots_nosnippet":false,"robots_nofollow":false,"robots_noimageindex":false,"robots_noodp":false,"robots_notranslate":false,"robots_max_snippet":"-1","robots_max_videopreview":"-1","robots_max_imagepreview":"large","priority":null,"frequency":"default","local_seo":null,"seo_analyzer_scan_date":"2026-02-10 20:33:37","limit_modified_date":false,"reviewed_by":"0","open_ai":"{\"title\":{\"suggestions\":[],\"usage\":0},\"description\":{\"suggestions\":[],\"usage\":0}}","ai":null,"created":"2023-07-26 13:07:13","updated":"2026-02-10 20:33:37"},"aioseo_breadcrumb":"<div class=\"aioseo-breadcrumbs\"><span class=\"aioseo-breadcrumb\">\n\t<a href=\"https:\/\/monatglobal.com\/ca\" title=\"Home\">Home<\/a>\n<\/span><span class=\"aioseo-breadcrumb-separator\">&raquo;<\/span><span class=\"aioseo-breadcrumb\">\n\tPrix du pr\u00e9sident du conseil 2025\n<\/span><\/div>","aioseo_breadcrumb_json":[{"label":"Home","link":"https:\/\/monatglobal.com\/ca"},{"label":"Prix du pr\u00e9sident du conseil 2025","link":"https:\/\/monatglobal.com\/ca\/monathero\/?lang=fr"}],"_links":{"self":[{"href":"https:\/\/monatglobal.com\/ca\/wp-json\/wp\/v2\/pages\/71209","targetHints":{"allow":["GET"]}}],"collection":[{"href":"https:\/\/monatglobal.com\/ca\/wp-json\/wp\/v2\/pages"}],"about":[{"href":"https:\/\/monatglobal.com\/ca\/wp-json\/wp\/v2\/types\/page"}],"author":[{"embeddable":true,"href":"https:\/\/monatglobal.com\/ca\/wp-json\/wp\/v2\/users\/33"}],"replies":[{"embeddable":true,"href":"https:\/\/monatglobal.com\/ca\/wp-json\/wp\/v2\/comments?post=71209"}],"version-history":[{"count":25,"href":"https:\/\/monatglobal.com\/ca\/wp-json\/wp\/v2\/pages\/71209\/revisions"}],"predecessor-version":[{"id":92834,"href":"https:\/\/monatglobal.com\/ca\/wp-json\/wp\/v2\/pages\/71209\/revisions\/92834"}],"wp:featuredmedia":[{"embeddable":true,"href":"https:\/\/monatglobal.com\/ca\/wp-json\/wp\/v2\/media\/92711"}],"wp:attachment":[{"href":"https:\/\/monatglobal.com\/ca\/wp-json\/wp\/v2\/media?parent=71209"}],"wp:term":[{"taxonomy":"category","embeddable":true,"href":"https:\/\/monatglobal.com\/ca\/wp-json\/wp\/v2\/categories?post=71209"},{"taxonomy":"post_tag","embeddable":true,"href":"https:\/\/monatglobal.com\/ca\/wp-json\/wp\/v2\/tags?post=71209"}],"curies":[{"name":"wp","href":"https:\/\/api.w.org\/{rel}","templated":true}]}}