{"id":70969,"date":"2022-05-25T16:54:40","date_gmt":"2022-05-25T20:54:40","guid":{"rendered":"https:\/\/monatglobal.com\/ca\/?page_id=70969"},"modified":"2026-01-19T10:25:26","modified_gmt":"2026-01-19T15:25:26","slug":"smoothing-anti-frizz-treatment","status":"publish","type":"page","link":"https:\/\/monatglobal.com\/ca\/smoothing-anti-frizz-treatment\/?lang=fr","title":{"rendered":"Smoothing Anti-Frizz\u2122 Deep Intensive Treatment"},"content":{"rendered":"\n\n\t<link rel=\"stylesheet\" href=\"https:\/\/unpkg.com\/swiper\/swiper-bundle.min.css\" \/>\n<link rel=\"stylesheet\" href=\"https:\/\/monatglobal.com\/wp-content\/creative_css\/product_styles_sheet.css\" \/>\n   <!--==================================================== ECOMM SECTION ====================================================-->\n      <!--==================================================== Ecomm image ====================================================-->\n      <img decoding=\"async\" src=\"https:\/\/monatglobal.com\/wp-content\/uploads\/2022\/05\/anti-frizz-deep-treatment-ecomm.png\" alt=\"Smoothing Anti-Frizz\u2122 Deep Intensive Treatment\" loading=\"lazy\"\/>\n      <!--==================================================== Ecomm information  ====================================================-->\n         \n         <h1>Traitement<br \/> intensif<\/h1>\n         <p>Smoothing Anti-Frizz\u2122<\/p>\n         <p>Un riche traitement quotidien pour cheveux moyens \u00e0 \u00e9pais, y compris les cheveux boucl\u00e9s et cr\u00e9pus, qui r\u00e9duit les&nbsp;frisottis.<\/p>\n         <p>178 ml \u212e 6 oz liq.<\/p>\n       <!--==================================================== pricing box ====================================================-->    \n   <p>Prix de d\u00e9tail<br \/>$00.00 $ CA<\/p>\n   <p>Prix de client VIP<br \/>$00.00 $ CA<\/p> \n       <!--==================================================== pricing box ====================================================-->    \n         <p>Pour en savoir plus sur le Traitement intensif Smoothing Anti-Frizz\u2122, veuillez contacter votre partenaire de march\u00e9&nbsp;MONAT.<\/p>\n            <a href=\"\" target=\"_blank\" role=\"button\" aria-label=\"\" rel=\"noopener\"><\/a>\n   <!--==================================================== \/ECOMM SECTION  ====================================================-->\n   <!--==================================================== Benefits image ====================================================-->\n   \n      <source media=\"(max-width: 700px)\" srcset=\"https:\/\/monatglobal.com\/wp-content\/uploads\/2022\/05\/anti-frizz-Deep-Intensive-Treatment-benefits-mobile.jpg\" loading=\"lazy\"\/>\n      <img decoding=\"async\" alt=\"Brunette woman with curly hair smiling while holding Smoothing Anti-Frizz\u2122 Deep Intensive Treatment.\" \n      src=\"https:\/\/monatglobal.com\/wp-content\/uploads\/2022\/05\/anti-frizz-Deep-Intensive-Treatment-benefits.jpg\" loading=\"lazy\"\/>\n   \n   <!--==================================================== Benefits text ====================================================-->\n         <h2>BIENFAITS<\/h2>\n         <h3>Con\u00e7u pour un usage quotidien, laissant les cheveux plus lisses et plus doux, avec moins de frisottis, d&#8217;\u00e9lectricit\u00e9 statique et de m\u00e8ches&nbsp;rebelles.<\/h3>\n         <p>Contient un complexe anti-humidit\u00e9 exclusif \u00e0 MONAT comprenant du REJUVENIQE<sup>\u00ae<\/sup>, des beurres tropicaux et des&nbsp;huiles.<\/p>\n         <!--==================================================== features image  ====================================================-->\n         <img decoding=\"async\" alt=\"Smoothing Anti-Frizz\u2122 Deep Intensive Treatment laying on a piece of lettuce, next to raspberries and a green tomato.\" src=\"https:\/\/monatglobal.com\/wp-content\/uploads\/2022\/05\/featutes-Deep-Intensive-Treatment.jpg\" loading=\"lazy\"\/>\n      <!--==================================================== features text ====================================================-->\n            <h3>Notre riche formule ma\u00eetrise les frisottis et r\u00e9duit la casse.<\/h3>\n                <p>\/ Laisse les cheveux 6 fois plus lisses et plus doux, avec moins de frisottis, d&#8217;\u00e9lectricit\u00e9 et de m\u00e8ches&nbsp;rebelles<sup> 1, 2<\/sup><\/p>\n                <p>\/ R\u00e9duit la casse de 91 % pour des cheveux plus&nbsp;maniables<sup> 1, 3<\/sup><\/p>\n                <p>\/ R\u00e9duit les frisottis de 50 %, y compris les cheveux boucl\u00e9s et&nbsp;cr\u00e9pus<sup> 1, 2<\/sup><\/p>\n                <p>\/ \u00c9limine les frisottis et les m\u00e8ches rebelles pendant 72&nbsp;heures<sup> 1, 2<\/sup><\/p>\n               <br \/>\n            <p>Parfum \/ Ce somptueux parfum velout\u00e9 combine des fruits acidul\u00e9s et des fleurs pr\u00e9cieuses, compl\u00e9t\u00e9 par des notes de rhubarbe, de poire, de violette, de gard\u00e9nia, de vanille et de bois de&nbsp;c\u00e8dre. <\/p>\n            <p> Texture \/ Riche cr\u00e8me<\/p>\n   <!--==================================================== composition image mobile ====================================================-->\n   <img decoding=\"async\" alt=\"Smoothing Anti-Frizz\u2122 Deep Intensive Treatment laying on a ceramic plate, next to drops of REJUVENIQE\u00ae and Smoothing Anti-Frizz\u2122 Deep Intensive Treatment.\" src=\"https:\/\/monatglobal.com\/wp-content\/uploads\/2022\/05\/comp1-anti-frizz-Deep-Intensive-Treatment.jpg\" loading=\"lazy\"\/>\n   <!--==================================================== Why it works text ====================================================-->\n      <h2>Il a \u00e9t\u00e9 con\u00e7u pour lisser les cheveux moyens \u00e0&nbsp;\u00e9pais.<\/h2>\n      <h3>Ce riche traitement lisse et adoucit les&nbsp;cheveux.<\/h3>\n        <p> Sa formule performante contient des lipides v\u00e9g\u00e9taux d&#8217;origine naturelle dont les beurres d&#8217;illip\u00e9 et de kokum, qui travaillent en harmonie pour minimiser les frisottis, l&#8217;\u00e9lectricit\u00e9 statique et les m\u00e8ches&nbsp;rebelles.<\/p>\n<!--==================================================== Composition section ====================================================-->\n      <img decoding=\"async\" alt=\"Smoothing Anti-Frizz\u2122 Deep Intensive Treatment laying on a ceramic plate, next to drops of REJUVENIQE\u00ae and Smoothing Anti-Frizz\u2122 Deep Intensive Treatment.\" src=\"https:\/\/monatglobal.com\/wp-content\/uploads\/2022\/05\/comp1-anti-frizz-Deep-Intensive-Treatment.jpg\" loading=\"lazy\"\/>\n      <img decoding=\"async\" alt=\"A brunette woman with curly hair holding Smoothing Anti-Frizz\u2122 Deep Intensive Treatment.\" src=\"https:\/\/monatglobal.com\/wp-content\/uploads\/2022\/05\/comp3-anti-frizz-Deep-Intensive-Treatment.jpg\" loading=\"lazy\"\/>\n            <!--==================================================== Directions text ====================================================--> \n               <h3>Mode d&#8217;emploi<\/h3>\n               <p>\/ \u00c9mulsionner le produit et r\u00e9partir sur toute la chevelure.<\/p>\n               <p>\/ Laisser agir 3 \u00e0 5 minutes.<\/p>\n               <p>\/ Rincer. <\/p>\n               <p>\/ Utiliser ensuite le Spray pour brushing Smoothing Anti-Frizz\u2122 ou vos produits coiffants MONAT STUDIO ONE\u2122 favoris.<\/p>\n            <!--==================================================== Directions video ====================================================-->\n      <p>Traitement intensif<br \/>Smoothing Anti-Frizz\u2122 <br \/> 0:57 <\/p>\n  <a href=\"\" target=\"_blank\" role=\"button\" aria-label=\"\" rel=\"noopener\"><\/a>\n   <!--==================================================== Ingredients section  ====================================================-->\n      <h2>INGR\u00c9DIENTS CL\u00c9S<\/h2>\n               <p>REJUVENIQE<sup>\u00ae<\/sup><\/p>\n               <p>Beurre d&#8217;illip\u00e9<\/p>\n               <p>Beurre de kokum<\/p>\n        <button id=\"myBtn\" type=\"button\">LISTE D&#8217;INGR\u00c9DIENTS<\/button>\n      <!--==================================================== Modal content  ====================================================-->\n         &times;\n         <p>Aqua\/Water\/Eau, Cetyl Alcohol, Cetearyl Alcohol, Cetrimonium Methosulfate, Quaternium 91, Brassicamidopropyl Dimethylamine, Isoamyl Laurate, Fragrance\/Parfum, Cocos Nucifera (Coconut) Oil, Adansonia Digitata Oil, Caryocar Brasiliense Fruit Oil, Gardenia Taitensis Flower Extract, Mauritia Flexuosa Fruit Oil, Moringa Oleifera Seed Oil, Sodium Phosphate, Citrus Aurantifolia (Lime) Oil, Citrus Aurantium Bergamia (Bergamot) Fruit Oil, Tocopherol, Citrus Limon (Lemon) Peel Oil, Picea Mariana Bark Extract, Daucus Carota Sativa (Carrot) Seed Oil, Disodium Phosphate, Polysorbate 60, Pouteria Sapota Seed Oil, Solanum Lycopersicum (Tomato) Seed Oil, Caprylic Acid, Xylitol, Glycerin, Camellia Oleifera Seed Oil, Glyceryl Caprylate, Glyceryl Undecylenate, Hypnea Musciformis Extract, Polyglyceryl-10 Dipalmitate, Behentrimonium Chloride, Polyquaternium-37, Sodium Lignosulfonate, Crambe Abyssinica Seed Oil, Magnesium Aluminum Silicate, Glycolic Acid, Polyglyceryl-10 Laurate, Ethyl Linoleate, Ethyl Oleate, Polyglyceryl-10 Dioleate, Trehalose, Limnanthes Alba (Meadowfoam) Seed Oil, Brassica Napus Extract, Butylene Glycol, Lactic Acid, Helianthus Annuus (Sunflower) Seed Oil, Opuntia Ficus-Indica Seed Oil, Tocopheryl Acetate, Ethylhexylglycerin, Olea Europaea (Olive) Oil Unsaponifiables, Citric Acid, Cetearyl Glucoside, Hydroxyethylcellulose, Butyrospermum Parkii (Shea) Butter, Glyceryl Rosinate, Garcinia Indica Seed Butter, Shorea Stenoptera Seed Butter, Balanites Roxburghii Seed Oil, Benzyl Alcohol, Sodium Hydroxide,&nbsp;Linalool.<\/p>\n        <p><sup>1<\/sup> Bas\u00e9 sur les tests instrumentaux men\u00e9s par un laboratoire&nbsp;tiers.<\/p>\n        <p><sup>2<\/sup> Le Traitement intensif Smoothing Anti-Frizz\u2122 comparativement \u00e0 un shampooing non&nbsp;revitalisant.<\/p>\n        <p><sup>3<\/sup> Bas\u00e9 sur une \u00e9tude statistiquement significative sur la casse de cheveux \u00e9valuant la r\u00e9duction du nombre de fibres bris\u00e9es par le peignage et le brossage&nbsp;r\u00e9p\u00e9t\u00e9s.<\/p>\n   <!--==================================================== You might also like section ====================================================-->\n      <h2>VOUS POURRIEZ AUSSI AIMER<\/h2>\n      <!--==================================================== Slider YOU MIGHT ALSO LIKE ====================================================-->\n      <!---->\n      <!--   -->\n            <!--==================================================== Slides products ====================================================-->\n      <!--      -->\n      <!--         <a href=\"\/ca\/smoothing-shampoo\/?lang=fr\" aria-label=\"Go to Smoothing Anti-Frizz\u2122 Shampoo page\">-->\n      <!--            <img decoding=\"async\" src=\"https:\/\/monatglobal.com\/wp-content\/uploads\/2022\/12\/anti-frizz-shampoo-ecomm-min.png\" alt=\"Smoothing Anti-Frizz\u2122 Shampoo\" loading=\"lazy\"\/>-->\n      <!--            <p>Shampooing<br \/>Smoothing Anti-Frizz\u2122<\/p>-->\n      <!--         <\/a>-->\n      <!--      -->\n      <!--      -->\n      <!--         <a href=\"\/ca\/smoothing-anti-frizz-spray\/?lang=fr\" aria-label=\"Go to Smoothing Anti-Frizz\u2122 Blow Out Spray  page\">-->\n      <!--            <img decoding=\"async\" src=\"https:\/\/monatglobal.com\/wp-content\/uploads\/2022\/12\/anti-frizz-blow-out-spray-ecomm-min.png\" alt=\"Smoothing Anti-Frizz\u2122 Blow Out Spray\" loading=\"lazy\"\/>-->\n      <!--            <p>Spray pour brushing<br \/>Smoothing Anti-Frizz\u2122<\/p>-->\n      <!--         <\/a>-->\n      <!--      -->\n      <!--      -->\n      <!--         <a href=\"\/ca\/blow-out-cream\/?lang=fr\" aria-label=\"Go to MONAT STUDIO ONE\u2122 Blow Out Cream page\">-->\n      <!--            <img decoding=\"async\" src=\"https:\/\/monatglobal.com\/wp-content\/uploads\/2022\/12\/blow-out-cream-e-comm-min.png\" alt=\"MONAT STUDIO ONE\u2122 Blow Out Cream\" loading=\"lazy\"\/>-->\n      <!--            <p>Cr\u00e8me pour brushing<br \/>MONAT STUDIO ONE\u2122<\/p>-->\n      <!--         <\/a>-->\n      <!--      -->\n      <!--   -->\n         <!--==================================================== If we need navigation buttons  ====================================================-->\n      <!--   -->\n      <!--   -->\n         <!--==================================================== If we need paginations  ====================================================-->\n      <!--   -->\n      <!---->\n             <!-- If we need navigation buttons -->\n             <!-- If we need paginations -->\n    <a href=\"\" aria-label=\"\"><\/a>\n<!--==================================================== this link has to go last for it to work   ====================================================-->\n\n","protected":false},"excerpt":{"rendered":"<p>Traitement intensif Smoothing Anti-Frizz\u2122 Un riche traitement quotidien pour cheveux moyens \u00e0 \u00e9pais, y compris les cheveux boucl\u00e9s et cr\u00e9pus, qui r\u00e9duit les&nbsp;frisottis. 178 ml \u212e 6 oz liq. Prix de d\u00e9tail$00.00 $ CA Prix de client VIP$00.00 $ CA Pour en savoir plus sur le Traitement intensif Smoothing Anti-Frizz\u2122, veuillez contacter votre partenaire de&hellip;<\/p>\n","protected":false},"author":31,"featured_media":71159,"parent":0,"menu_order":0,"comment_status":"closed","ping_status":"closed","template":"","meta":{"inline_featured_image":false,"om_disable_all_campaigns":false,"_monsterinsights_skip_tracking":false,"_monsterinsights_sitenote_active":false,"_monsterinsights_sitenote_note":"","_monsterinsights_sitenote_category":0,"footnotes":""},"categories":[3629],"tags":[],"class_list":["post-70969","page","type-page","status-publish","has-post-thumbnail","hentry","category-product-fra"],"aioseo_notices":[],"aioseo_head":"\n\t\t<!-- All in One SEO Pro 4.9.5.2 - aioseo.com -->\n\t<meta name=\"description\" content=\"Traitement intensif Smoothing Anti-Frizz\u2122 Un riche traitement quotidien pour cheveux moyens \u00e0 \u00e9pais, y compris les cheveux boucl\u00e9s et cr\u00e9pus, qui r\u00e9duit les frisottis. 178 ml \u212e 6 oz liq. Prix de d\u00e9tail$00.00 $ CA Prix de client VIP$00.00 $ CA Pour en savoir plus sur le Traitement intensif Smoothing Anti-Frizz\u2122, veuillez contacter votre partenaire de\" \/>\n\t<meta name=\"robots\" content=\"max-image-preview:large\" \/>\n\t<link rel=\"canonical\" href=\"https:\/\/monatglobal.com\/ca\/smoothing-anti-frizz-treatment\/?lang=fr\" \/>\n\t<meta name=\"generator\" content=\"All in One SEO Pro (AIOSEO) 4.9.5.2\" \/>\n\t\t<meta property=\"og:locale\" content=\"en_US\" \/>\n\t\t<meta property=\"og:site_name\" content=\"Monat Canada English - We Are Modern Nature\" \/>\n\t\t<meta property=\"og:type\" content=\"article\" \/>\n\t\t<meta property=\"og:title\" content=\"Smoothing Anti-Frizz\u2122 Deep Intensive Treatment - Monat Canada English\" \/>\n\t\t<meta property=\"og:description\" content=\"Traitement intensif Smoothing Anti-Frizz\u2122 Un riche traitement quotidien pour cheveux moyens \u00e0 \u00e9pais, y compris les cheveux boucl\u00e9s et cr\u00e9pus, qui r\u00e9duit les frisottis. 178 ml \u212e 6 oz liq. Prix de d\u00e9tail$00.00 $ CA Prix de client VIP$00.00 $ CA Pour en savoir plus sur le Traitement intensif Smoothing Anti-Frizz\u2122, veuillez contacter votre partenaire de\" \/>\n\t\t<meta property=\"og:url\" content=\"https:\/\/monatglobal.com\/ca\/smoothing-anti-frizz-treatment\/?lang=fr\" \/>\n\t\t<meta property=\"article:published_time\" content=\"2022-05-25T20:54:40+00:00\" \/>\n\t\t<meta property=\"article:modified_time\" content=\"2026-01-19T15:25:26+00:00\" \/>\n\t\t<meta name=\"twitter:card\" content=\"summary_large_image\" \/>\n\t\t<meta name=\"twitter:title\" content=\"Smoothing Anti-Frizz\u2122 Deep Intensive Treatment - Monat Canada English\" \/>\n\t\t<meta name=\"twitter:description\" content=\"Traitement intensif Smoothing Anti-Frizz\u2122 Un riche traitement quotidien pour cheveux moyens \u00e0 \u00e9pais, y compris les cheveux boucl\u00e9s et cr\u00e9pus, qui r\u00e9duit les frisottis. 178 ml \u212e 6 oz liq. Prix de d\u00e9tail$00.00 $ CA Prix de client VIP$00.00 $ CA Pour en savoir plus sur le Traitement intensif Smoothing Anti-Frizz\u2122, veuillez contacter votre partenaire de\" \/>\n\t\t<script type=\"application\/ld+json\" class=\"aioseo-schema\">\n\t\t\t{\"@context\":\"https:\\\/\\\/schema.org\",\"@graph\":[{\"@type\":\"BreadcrumbList\",\"@id\":\"https:\\\/\\\/monatglobal.com\\\/ca\\\/smoothing-anti-frizz-treatment\\\/?lang=fr#breadcrumblist\",\"itemListElement\":[{\"@type\":\"ListItem\",\"@id\":\"https:\\\/\\\/monatglobal.com\\\/ca#listItem\",\"position\":1,\"name\":\"Home\",\"item\":\"https:\\\/\\\/monatglobal.com\\\/ca\",\"nextItem\":{\"@type\":\"ListItem\",\"@id\":\"https:\\\/\\\/monatglobal.com\\\/ca\\\/smoothing-anti-frizz-treatment\\\/?lang=fr#listItem\",\"name\":\"Smoothing Anti-Frizz\\u2122 Deep Intensive Treatment\"}},{\"@type\":\"ListItem\",\"@id\":\"https:\\\/\\\/monatglobal.com\\\/ca\\\/smoothing-anti-frizz-treatment\\\/?lang=fr#listItem\",\"position\":2,\"name\":\"Smoothing Anti-Frizz\\u2122 Deep Intensive Treatment\",\"previousItem\":{\"@type\":\"ListItem\",\"@id\":\"https:\\\/\\\/monatglobal.com\\\/ca#listItem\",\"name\":\"Home\"}}]},{\"@type\":\"Organization\",\"@id\":\"https:\\\/\\\/monatglobal.com\\\/ca\\\/#organization\",\"name\":\"Monat Canada English\",\"description\":\"We Are Modern Nature\",\"url\":\"https:\\\/\\\/monatglobal.com\\\/ca\\\/\"},{\"@type\":\"WebPage\",\"@id\":\"https:\\\/\\\/monatglobal.com\\\/ca\\\/smoothing-anti-frizz-treatment\\\/?lang=fr#webpage\",\"url\":\"https:\\\/\\\/monatglobal.com\\\/ca\\\/smoothing-anti-frizz-treatment\\\/?lang=fr\",\"name\":\"Smoothing Anti-Frizz\\u2122 Deep Intensive Treatment - Monat Canada English\",\"description\":\"Traitement intensif Smoothing Anti-Frizz\\u2122 Un riche traitement quotidien pour cheveux moyens \\u00e0 \\u00e9pais, y compris les cheveux boucl\\u00e9s et cr\\u00e9pus, qui r\\u00e9duit les frisottis. 178 ml \\u212e 6 oz liq. Prix de d\\u00e9tail$00.00 $ CA Prix de client VIP$00.00 $ CA Pour en savoir plus sur le Traitement intensif Smoothing Anti-Frizz\\u2122, veuillez contacter votre partenaire de\",\"inLanguage\":\"en-US\",\"isPartOf\":{\"@id\":\"https:\\\/\\\/monatglobal.com\\\/ca\\\/#website\"},\"breadcrumb\":{\"@id\":\"https:\\\/\\\/monatglobal.com\\\/ca\\\/smoothing-anti-frizz-treatment\\\/?lang=fr#breadcrumblist\"},\"image\":{\"@type\":\"ImageObject\",\"url\":\"https:\\\/\\\/monatglobal.com\\\/ca\\\/wp-content\\\/uploads\\\/sites\\\/5\\\/2022\\\/06\\\/anti-frizz-deep-treatment-ecomm.png\",\"@id\":\"https:\\\/\\\/monatglobal.com\\\/ca\\\/smoothing-anti-frizz-treatment\\\/?lang=fr\\\/#mainImage\",\"width\":641,\"height\":800},\"primaryImageOfPage\":{\"@id\":\"https:\\\/\\\/monatglobal.com\\\/ca\\\/smoothing-anti-frizz-treatment\\\/?lang=fr#mainImage\"},\"datePublished\":\"2022-05-25T16:54:40-04:00\",\"dateModified\":\"2026-01-19T10:25:26-05:00\"},{\"@type\":\"WebSite\",\"@id\":\"https:\\\/\\\/monatglobal.com\\\/ca\\\/#website\",\"url\":\"https:\\\/\\\/monatglobal.com\\\/ca\\\/\",\"name\":\"Monat Canada English\",\"description\":\"We Are Modern Nature\",\"inLanguage\":\"en-US\",\"publisher\":{\"@id\":\"https:\\\/\\\/monatglobal.com\\\/ca\\\/#organization\"}}]}\n\t\t<\/script>\n\t\t<!-- All in One SEO Pro -->\r\n\t\t<title>Smoothing Anti-Frizz\u2122 Deep Intensive Treatment - Monat Canada English<\/title>\n\n","aioseo_head_json":{"title":"Smoothing Anti-Frizz\u2122 Deep Intensive Treatment - Monat Canada English","description":"Traitement intensif Smoothing Anti-Frizz\u2122 Un riche traitement quotidien pour cheveux moyens \u00e0 \u00e9pais, y compris les cheveux boucl\u00e9s et cr\u00e9pus, qui r\u00e9duit les frisottis. 178 ml \u212e 6 oz liq. Prix de d\u00e9tail$00.00 $ CA Prix de client VIP$00.00 $ CA Pour en savoir plus sur le Traitement intensif Smoothing Anti-Frizz\u2122, veuillez contacter votre partenaire de","canonical_url":"https:\/\/monatglobal.com\/ca\/smoothing-anti-frizz-treatment\/?lang=fr","robots":"max-image-preview:large","keywords":"","webmasterTools":{"miscellaneous":""},"schema":{"@context":"https:\/\/schema.org","@graph":[{"@type":"BreadcrumbList","@id":"https:\/\/monatglobal.com\/ca\/smoothing-anti-frizz-treatment\/?lang=fr#breadcrumblist","itemListElement":[{"@type":"ListItem","@id":"https:\/\/monatglobal.com\/ca#listItem","position":1,"name":"Home","item":"https:\/\/monatglobal.com\/ca","nextItem":{"@type":"ListItem","@id":"https:\/\/monatglobal.com\/ca\/smoothing-anti-frizz-treatment\/?lang=fr#listItem","name":"Smoothing Anti-Frizz\u2122 Deep Intensive Treatment"}},{"@type":"ListItem","@id":"https:\/\/monatglobal.com\/ca\/smoothing-anti-frizz-treatment\/?lang=fr#listItem","position":2,"name":"Smoothing Anti-Frizz\u2122 Deep Intensive Treatment","previousItem":{"@type":"ListItem","@id":"https:\/\/monatglobal.com\/ca#listItem","name":"Home"}}]},{"@type":"Organization","@id":"https:\/\/monatglobal.com\/ca\/#organization","name":"Monat Canada English","description":"We Are Modern Nature","url":"https:\/\/monatglobal.com\/ca\/"},{"@type":"WebPage","@id":"https:\/\/monatglobal.com\/ca\/smoothing-anti-frizz-treatment\/?lang=fr#webpage","url":"https:\/\/monatglobal.com\/ca\/smoothing-anti-frizz-treatment\/?lang=fr","name":"Smoothing Anti-Frizz\u2122 Deep Intensive Treatment - Monat Canada English","description":"Traitement intensif Smoothing Anti-Frizz\u2122 Un riche traitement quotidien pour cheveux moyens \u00e0 \u00e9pais, y compris les cheveux boucl\u00e9s et cr\u00e9pus, qui r\u00e9duit les frisottis. 178 ml \u212e 6 oz liq. Prix de d\u00e9tail$00.00 $ CA Prix de client VIP$00.00 $ CA Pour en savoir plus sur le Traitement intensif Smoothing Anti-Frizz\u2122, veuillez contacter votre partenaire de","inLanguage":"en-US","isPartOf":{"@id":"https:\/\/monatglobal.com\/ca\/#website"},"breadcrumb":{"@id":"https:\/\/monatglobal.com\/ca\/smoothing-anti-frizz-treatment\/?lang=fr#breadcrumblist"},"image":{"@type":"ImageObject","url":"https:\/\/monatglobal.com\/ca\/wp-content\/uploads\/sites\/5\/2022\/06\/anti-frizz-deep-treatment-ecomm.png","@id":"https:\/\/monatglobal.com\/ca\/smoothing-anti-frizz-treatment\/?lang=fr\/#mainImage","width":641,"height":800},"primaryImageOfPage":{"@id":"https:\/\/monatglobal.com\/ca\/smoothing-anti-frizz-treatment\/?lang=fr#mainImage"},"datePublished":"2022-05-25T16:54:40-04:00","dateModified":"2026-01-19T10:25:26-05:00"},{"@type":"WebSite","@id":"https:\/\/monatglobal.com\/ca\/#website","url":"https:\/\/monatglobal.com\/ca\/","name":"Monat Canada English","description":"We Are Modern Nature","inLanguage":"en-US","publisher":{"@id":"https:\/\/monatglobal.com\/ca\/#organization"}}]},"og:locale":"en_US","og:site_name":"Monat Canada English - We Are Modern Nature","og:type":"article","og:title":"Smoothing Anti-Frizz\u2122 Deep Intensive Treatment - Monat Canada English","og:description":"Traitement intensif Smoothing Anti-Frizz\u2122 Un riche traitement quotidien pour cheveux moyens \u00e0 \u00e9pais, y compris les cheveux boucl\u00e9s et cr\u00e9pus, qui r\u00e9duit les frisottis. 178 ml \u212e 6 oz liq. Prix de d\u00e9tail$00.00 $ CA Prix de client VIP$00.00 $ CA Pour en savoir plus sur le Traitement intensif Smoothing Anti-Frizz\u2122, veuillez contacter votre partenaire de","og:url":"https:\/\/monatglobal.com\/ca\/smoothing-anti-frizz-treatment\/?lang=fr","article:published_time":"2022-05-25T20:54:40+00:00","article:modified_time":"2026-01-19T15:25:26+00:00","twitter:card":"summary_large_image","twitter:title":"Smoothing Anti-Frizz\u2122 Deep Intensive Treatment - Monat Canada English","twitter:description":"Traitement intensif Smoothing Anti-Frizz\u2122 Un riche traitement quotidien pour cheveux moyens \u00e0 \u00e9pais, y compris les cheveux boucl\u00e9s et cr\u00e9pus, qui r\u00e9duit les frisottis. 178 ml \u212e 6 oz liq. Prix de d\u00e9tail$00.00 $ CA Prix de client VIP$00.00 $ CA Pour en savoir plus sur le Traitement intensif Smoothing Anti-Frizz\u2122, veuillez contacter votre partenaire de"},"aioseo_meta_data":{"post_id":"70969","title":null,"description":null,"keywords":null,"keyphrases":null,"primary_term":null,"canonical_url":null,"og_title":null,"og_description":null,"og_object_type":"default","og_image_type":"default","og_image_url":null,"og_image_width":null,"og_image_height":null,"og_image_custom_url":null,"og_image_custom_fields":null,"og_video":null,"og_custom_url":null,"og_article_section":null,"og_article_tags":null,"twitter_use_og":false,"twitter_card":"default","twitter_image_type":"default","twitter_image_url":null,"twitter_image_custom_url":null,"twitter_image_custom_fields":null,"twitter_title":null,"twitter_description":null,"schema":{"blockGraphs":[],"customGraphs":[],"default":{"data":{"Article":[],"Course":[],"Dataset":[],"FAQPage":[],"Movie":[],"Person":[],"Product":[],"ProductReview":[],"Car":[],"Recipe":[],"Service":[],"SoftwareApplication":[],"WebPage":[]},"graphName":"WebPage","isEnabled":true},"graphs":[]},"schema_type":"default","schema_type_options":null,"pillar_content":false,"robots_default":true,"robots_noindex":false,"robots_noarchive":false,"robots_nosnippet":false,"robots_nofollow":false,"robots_noimageindex":false,"robots_noodp":false,"robots_notranslate":false,"robots_max_snippet":null,"robots_max_videopreview":null,"robots_max_imagepreview":"large","priority":null,"frequency":null,"local_seo":null,"seo_analyzer_scan_date":"2026-02-10 20:33:33","limit_modified_date":false,"reviewed_by":null,"open_ai":null,"ai":null,"created":"2023-07-26 13:07:13","updated":"2026-02-10 20:33:33"},"aioseo_breadcrumb":"<div class=\"aioseo-breadcrumbs\"><span class=\"aioseo-breadcrumb\">\n\t<a href=\"https:\/\/monatglobal.com\/ca\" title=\"Home\">Home<\/a>\n<\/span><span class=\"aioseo-breadcrumb-separator\">&raquo;<\/span><span class=\"aioseo-breadcrumb\">\n\tSmoothing Anti-Frizz\u2122 Deep Intensive Treatment\n<\/span><\/div>","aioseo_breadcrumb_json":[{"label":"Home","link":"https:\/\/monatglobal.com\/ca"},{"label":"Smoothing Anti-Frizz\u2122 Deep Intensive Treatment","link":"https:\/\/monatglobal.com\/ca\/smoothing-anti-frizz-treatment\/?lang=fr"}],"_links":{"self":[{"href":"https:\/\/monatglobal.com\/ca\/wp-json\/wp\/v2\/pages\/70969","targetHints":{"allow":["GET"]}}],"collection":[{"href":"https:\/\/monatglobal.com\/ca\/wp-json\/wp\/v2\/pages"}],"about":[{"href":"https:\/\/monatglobal.com\/ca\/wp-json\/wp\/v2\/types\/page"}],"author":[{"embeddable":true,"href":"https:\/\/monatglobal.com\/ca\/wp-json\/wp\/v2\/users\/31"}],"replies":[{"embeddable":true,"href":"https:\/\/monatglobal.com\/ca\/wp-json\/wp\/v2\/comments?post=70969"}],"version-history":[{"count":31,"href":"https:\/\/monatglobal.com\/ca\/wp-json\/wp\/v2\/pages\/70969\/revisions"}],"predecessor-version":[{"id":110116,"href":"https:\/\/monatglobal.com\/ca\/wp-json\/wp\/v2\/pages\/70969\/revisions\/110116"}],"wp:featuredmedia":[{"embeddable":true,"href":"https:\/\/monatglobal.com\/ca\/wp-json\/wp\/v2\/media\/71159"}],"wp:attachment":[{"href":"https:\/\/monatglobal.com\/ca\/wp-json\/wp\/v2\/media?parent=70969"}],"wp:term":[{"taxonomy":"category","embeddable":true,"href":"https:\/\/monatglobal.com\/ca\/wp-json\/wp\/v2\/categories?post=70969"},{"taxonomy":"post_tag","embeddable":true,"href":"https:\/\/monatglobal.com\/ca\/wp-json\/wp\/v2\/tags?post=70969"}],"curies":[{"name":"wp","href":"https:\/\/api.w.org\/{rel}","templated":true}]}}