{"id":70954,"date":"2022-05-25T16:32:28","date_gmt":"2022-05-25T20:32:28","guid":{"rendered":"https:\/\/monatglobal.com\/ca\/?page_id=70954"},"modified":"2026-01-19T10:26:32","modified_gmt":"2026-01-19T15:26:32","slug":"smoothing-anti-frizz-spray","status":"publish","type":"page","link":"https:\/\/monatglobal.com\/ca\/smoothing-anti-frizz-spray\/?lang=fr","title":{"rendered":"Smoothing Anti-Frizz\u2122 Blow Out Spray"},"content":{"rendered":"\n\n\t<link rel=\"stylesheet\" href=\"https:\/\/unpkg.com\/swiper\/swiper-bundle.min.css\" \/>\n<link rel=\"stylesheet\" href=\"https:\/\/monatglobal.com\/wp-content\/creative_css\/product_styles_sheet.css\" \/>\n   <!--==================================================== ECOMM SECTION ====================================================-->\n      <!--==================================================== Ecomm image ====================================================-->\n      <img decoding=\"async\" src=\"https:\/\/monatglobal.com\/wp-content\/uploads\/2022\/05\/anti-frizz-blow-out-spray-ecomm.png\" alt=\"Smoothing Anti-Frizz\u2122 Blow Out Spray\" loading=\"lazy\"\/>\n      <!--==================================================== Ecomm information  ====================================================-->\n         \n         <h1>Spray <br \/>pour brushing<\/h1>\n         <p>Smoothing Anti-Frizz\u2122<\/p>\n         <p>Il lisse, adoucit et renforce les cheveux pour un brushing impeccable qui dure pendant 72&nbsp;heures. <\/p>\n         <p>134 ml \u212e 4,5 oz liq.<\/p>\n       <!--==================================================== pricing box ====================================================-->    \n   <p>Prix de d\u00e9tail<br \/>$00.00 $ CA<\/p>\n   <p>Prix de client VIP<br \/>$00.00 $ CA<\/p> \n       <!--==================================================== pricing box ====================================================-->    \n         <p>Pour en savoir plus sur le Spray pour brushing Smoothing Anti-Frizz\u2122, veuillez contacter votre partenaire de march\u00e9&nbsp;MONAT.<\/p>\n            <a href=\"\" target=\"_blank\" role=\"button\" aria-label=\"\" rel=\"noopener\"><\/a>\n   <!--==================================================== \/ECOMM SECTION  ====================================================-->\n   <!--==================================================== Benefits image ====================================================-->\n   \n      <source media=\"(max-width: 700px)\" srcset=\"https:\/\/monatglobal.com\/wp-content\/uploads\/2022\/05\/anti-frizz-blow-out-spray-benefits-mobile.jpg\" loading=\"lazy\"\/>\n      <img decoding=\"async\" alt=\"A blonde female with damp hair applying Smoothing Anti-Frizz\u2122 Blow Out Spray.\" \n      src=\"https:\/\/monatglobal.com\/wp-content\/uploads\/2022\/05\/anti-frizz-Blow-Out-Spray-benefits.jpg\" loading=\"lazy\"\/>\n   \n   <!--==================================================== Benefits text ====================================================-->\n         <h2>BIENFAITS<\/h2>\n         <h3>Le produit coiffant multifonction id\u00e9al pour des cheveux plus lisses, plus doux et moins&nbsp;frisott\u00e9s. <\/h3>\n         <p>Procure une protection thermique jusqu&#8217;\u00e0 450\u00a0\u00b0F et pr\u00e9serve les colorations jusqu&#8217;\u00e0 20 lavages tout en minimisant les pointes fourchues et les frisottis pour des looks lisses qui r\u00e9sistent \u00e0&nbsp;l&#8217;humidit\u00e9.<sup>1<\/sup>   <\/p>\n         <!--==================================================== features image  ====================================================-->\n         <img decoding=\"async\" alt=\"Smoothing Anti-Frizz\u2122 Blow Out Spray laying on piece of lettuce, next to different ingredients.\" src=\"https:\/\/monatglobal.com\/wp-content\/uploads\/2022\/05\/featutes-anti-frizz-Blow-Out-Spray-.jpg\" loading=\"lazy\"\/>\n      <!--==================================================== features text ====================================================-->\n            <h3>Une protection de longue dur\u00e9e contre l&#8217;humidit\u00e9 pour des cheveux doux au&nbsp;toucher <\/h3>\n                <p>\/ Les cheveux sont 4 fois plus lisses et plus doux, avec moins de frisottis et d&#8217;\u00e9lectricit\u00e9 statique <sup>1<\/sup><\/p>\n                <p>\/ Il renforce les cheveux et am\u00e9liore la r\u00e9sistance \u00e0 la casse caus\u00e9e par les outils chauffants <sup>2<\/sup><\/p>\n                <p>\/ Il \u00e9limine les frisottis et les m\u00e8ches rebelles pendant 72 heures <sup>1<\/sup><\/p>\n                <p>\/ 91 % moins de pointes fourchues <sup>1<\/sup><\/p>\n                <p>\/ 78 % moins de frisottis apr\u00e8s un s\u00e9chage au s\u00e8che-cheveux1 <sup>1<\/sup><\/p>\n               <br \/>\n            <p>Parfum \/ Ce somptueux parfum velout\u00e9 combine des fruits acidul\u00e9s et des fleurs pr\u00e9cieuses, compl\u00e9t\u00e9 par des notes de rhubarbe, de poire, de violette, de gard\u00e9nia, de vanille et de bois de c\u00e8dre. <\/p>\n            <p> Texture \/ Vaporisateur liquide <\/p>\n   <!--==================================================== composition image mobile ====================================================-->\n   <img decoding=\"async\" alt=\"Smoothing Anti-Frizz\u2122 Blow Out Spray laying on a white sheet, next to white flowers.\" src=\"https:\/\/monatglobal.com\/wp-content\/uploads\/2022\/05\/comp1_Anti-Frizz-Blow-Out-Spray.jpg\" loading=\"lazy\"\/>\n   <!--==================================================== Why it works text ====================================================-->\n        \n        <h3>Ce produit coiffant tr\u00e8s performant contient des actifs v\u00e9g\u00e9taux, des lipides et un biopolym\u00e8re v\u00e9g\u00e9tal&nbsp;unique.<\/h3>\n        <p>Il a \u00e9t\u00e9 con\u00e7u pour aider \u00e0 laisser les cheveux plus lisses, plus doux et moins frisott\u00e9s tout en les prot\u00e9geant contre les agresseurs&nbsp;environnementaux.<\/p>\n<!--==================================================== Composition section ====================================================-->\n      <img decoding=\"async\" alt=\"Smoothing Anti-Frizz\u2122 Blow Out Spray laying on a white sheet, next to white flowers.\" src=\"https:\/\/monatglobal.com\/wp-content\/uploads\/2022\/05\/comp1_Anti-Frizz-Blow-Out-Spray.jpg\" loading=\"lazy\"\/>\n      <img decoding=\"async\" alt=\"A blonde female spraying her damp hair with Smoothing Anti-Frizz\u2122 Blow Out Spray, overlapping a photo of raspberries and an apple.\" src=\"https:\/\/monatglobal.com\/wp-content\/uploads\/2022\/05\/comp-3-blow-out-spray.jpg\" loading=\"lazy\"\/>\n            <!--==================================================== Directions text ====================================================--> \n               <h3>Mode d&#8217;emploi<\/h3>\n               <p>\/ Bien secouer. <\/p>\n               <p>\/ Vaporiser de fa\u00e7on uniforme sur cheveux&nbsp;humides. <\/p>\n               <p>\/ S\u00e9cher au s\u00e8che-cheveux et coiffer comme&nbsp;d&#8217;habitude. <\/p>\n               <p>\/ Utiliser ensuite vos produits coiffants MONAT STUDIO ONE\u2122&nbsp;favoris. <\/p>\n            <!--==================================================== Directions video ====================================================-->\n      <p>Spray pour brushing<br \/>Smoothing Anti-Frizz\u2122<br \/> 0:57 <\/p>\n   <a href=\"\" target=\"_blank\" role=\"button\" aria-label=\"\" rel=\"noopener\"><\/a>\n   <!--==================================================== Ingredients section  ====================================================-->\n      <h2>INGR\u00c9DIENTS CL\u00c9S<\/h2>\n               <p> REJUVENIQE<sup>\u00ae<\/sup><\/p>\n               <p>Huile de dattier du d\u00e9sert<\/p>\n               <p>M\u00e9lange d&#8217;huiles et de beurres v\u00e9g\u00e9taux <\/p>\n               <p>Extrait d&#8217;algue rouge <\/p>\n               <p>Extrait d&#8217;\u00e9corce d&#8217;\u00e9pinette noire <\/p>\n               <p>Biopolym\u00e8re v\u00e9g\u00e9tal<\/p>\n        <button id=\"myBtn\" type=\"button\">LISTE D&#8217;INGR\u00c9DIENTS<\/button>\n      <!--==================================================== Modal content  ====================================================-->\n         &times;\n         <p>Aqua\/Water\/Eau, Caprylic\/Capric Triglyceride, Cetearyl Alcohol, Adansonia Digitata Oil, Mauritia Flexuosa Fruit Oil, Gardenia Taitensis Flower Extract, Moringa Oleifera Seed Oil, Cocos Nucifera (Coconut) Oil, Hypnea Musciformis Extract, Limnanthes Alba (Meadowfoam) Seed Oil, Shorea Stenoptera Seed Butter, Glycerin, Polysorbate 20, Polyglyceryl-6 Laurate, Cinnamidopropyltrimonium Chloride, Lauryl Glucoside, Myristyl Glucoside, Myristyl Myristate, Lactic Acid, Garcinia Indica Seed Butter, Ethyl Linoleate, Ethyl Oleate, Trehalose, Behentrimonium Chloride, Polyglyceryl-10 Laurate, Glycolic Acid, Balanites Roxburghii Seed Oil, Picea Mariana Bark Extract, Magnesium Aluminum Silicate, Butyrospermum Parkii (Shea) Butter, Caryocar Brasiliense Fruit Oil, Helianthus Annuus (Sunflower) Seed Oil, Glyceryl Rosinate, Sodium Lignosulfonate, Olea Europaea (Olive) Oil Unsaponifiables, Crambe Abyssinica Seed Oil, Opuntia Ficus-Indica Seed Oil, Xylitol, Caprylic Acid, Solanum Lycopersicum (Tomato) Seed Oil, Daucus Carota Sativa (Carrot) Seed Oil, Citrus Limon (Lemon) Peel Oil, Olea Europaea (Olive) Fruit Oil, Camellia Oleifera Seed Oil, Brassicamidopropyl Dimethylamine, Pouteria Sapota Seed Oil, Citrus Aurantifolia (Lime) Oil, Citrus Aurantium Bergamia (Bergamot) Fruit Oil, Sodium Levulinate, Brassica Napus Extract, Butylene Glycol, Polyglyceryl-10 Dioleate, Simmondsia Chinensis (Jojoba) Seed Extract, Glyceryl Caprylate, Polyglyceryl-10 Dipalmitate, Glyceryl Undecylenate, Polyquaternium-37, Quaternium-91, Tocopherol, Fragrance\/Parfum, Potassium Sorbate, Ethylhexylglycerin, Benzyl Alcohol, Limonene, Hydroxycitronellal,&nbsp;Linalool.<\/p>\n        <p><sup>1<\/sup> Bas\u00e9 sur les tests instrumentaux men\u00e9s par un laboratoire tiers.<\/p>\n        <p><sup>2<\/sup> Bas\u00e9 sur une \u00e9tude statistiquement significative sur la casse de cheveux \u00e9valuant la r\u00e9duction du nombre de fibres bris\u00e9es par le peignage et le brossage r\u00e9p\u00e9t\u00e9s.<\/p>\n   <!--==================================================== You might also like section ====================================================-->\n      <h2>VOUS POURRIEZ AUSSI AIMER<\/h2>\n      <!--==================================================== Slider YOU MIGHT ALSO LIKE ====================================================-->\n      <!---->\n      <!--   -->\n            <!--==================================================== Slides products ====================================================-->\n      <!--      -->\n      <!--         <a href=\"\/ca\/smoothing-shampoo\/?lang=fr\" aria-label=\"Go to Smoothing Anti-Frizz\u2122 Shampoo  page\">-->\n      <!--            <img decoding=\"async\" src=\"https:\/\/monatglobal.com\/wp-content\/uploads\/2022\/12\/anti-frizz-shampoo-ecomm-min.png\" alt=\"Smoothing Anti-Frizz\u2122 Shampoo\" loading=\"lazy\"\/>-->\n      <!--            <p>Shampooing<br \/>Smoothing Anti-Frizz\u2122<\/p>-->\n      <!--         <\/a>-->\n      <!--      -->\n      <!--      -->\n      <!--         <a href=\"\/ca\/blow-out-cream\/?lang=fr\" aria-label=\"Go to MONAT STUDIO ONE\u2122 Blow Out Cream page\">-->\n      <!--            <img decoding=\"async\" src=\"https:\/\/monatglobal.com\/wp-content\/uploads\/2022\/12\/blow-out-cream-e-comm-min.png\" alt=\"MONAT STUDIO ONE\u2122 Blow Out Cream\" loading=\"lazy\"\/>-->\n      <!--            <p>Cr\u00e8me pour brushing<br \/>MONAT STUDIO ONE\u2122 <\/p>-->\n      <!--         <\/a>-->\n      <!--      -->\n      <!--      -->\n      <!--         <a href=\"\/ca\/volume-spray\/?lang=fr\" aria-label=\"Go to Spray volumisant et amplifiant MONAT STUDIO ONE\u2122  page\">-->\n      <!--            <img decoding=\"async\" src=\"https:\/\/monatglobal.com\/wp-content\/uploads\/2022\/12\/STUDIO-ONE-VOLUME-LIFT-SPRAY_-ecomm-min.png\" alt=\"Spray volumisant et amplifiant MONAT STUDIO ONE\u2122\" loading=\"lazy\"\/>-->\n      <!--            <p>Spray volumisant et amplifiant <br \/>MONAT STUDIO ONE\u2122 <\/p>-->\n      <!--         <\/a>-->\n      <!--       -->\n            <!---->\n            <!--   <a href=\"\/ca\/control-hairspray\/?lang=fr\" aria-label=\"Go to MONAT STUDIO ONE\u2122 Flex Control Hairspray page\">-->\n            <!--      <img decoding=\"async\" src=\"https:\/\/monatglobal.com\/wp-content\/uploads\/2021\/08\/STUDIO-ONE-FLEX-CONTROL-HAIRSPRAY-_ecomm.png\" alt=\"MONAT STUDIO ONE\u2122 Flex Control Hairspray\"\/>-->\n            <!--      <p>Laque \u00e0 tenue flexible<br \/>MONAT STUDIO ONE\u2122 <\/p>-->\n            <!--   <\/a>-->\n            <!---->\n      <!--   -->\n         <!--==================================================== If we need navigation buttons  ====================================================-->\n      <!--   -->\n      <!--   -->\n         <!--==================================================== If we need paginations  ====================================================-->\n      <!--   -->\n      <!---->\n             <!-- If we need navigation buttons -->\n             <!-- If we need paginations -->\n    <a href=\"\" aria-label=\"\"><\/a>\n<!--==================================================== this link has to go last for it to work   ====================================================-->\n\n","protected":false},"excerpt":{"rendered":"<p>Spray pour brushing Smoothing Anti-Frizz\u2122 Il lisse, adoucit et renforce les cheveux pour un brushing impeccable qui dure pendant 72&nbsp;heures. 134 ml \u212e 4,5 oz liq. Prix de d\u00e9tail$00.00 $ CA Prix de client VIP$00.00 $ CA Pour en savoir plus sur le Spray pour brushing Smoothing Anti-Frizz\u2122, veuillez contacter votre partenaire de march\u00e9&nbsp;MONAT. BIENFAITS&hellip;<\/p>\n","protected":false},"author":31,"featured_media":71156,"parent":0,"menu_order":0,"comment_status":"closed","ping_status":"closed","template":"","meta":{"inline_featured_image":false,"om_disable_all_campaigns":false,"_monsterinsights_skip_tracking":false,"_monsterinsights_sitenote_active":false,"_monsterinsights_sitenote_note":"","_monsterinsights_sitenote_category":0,"footnotes":""},"categories":[3629],"tags":[],"class_list":["post-70954","page","type-page","status-publish","has-post-thumbnail","hentry","category-product-fra"],"aioseo_notices":[],"aioseo_head":"\n\t\t<!-- All in One SEO Pro 4.9.6 - aioseo.com -->\n\t<meta name=\"description\" content=\"Spray pour brushing Smoothing Anti-Frizz\u2122 Il lisse, adoucit et renforce les cheveux pour un brushing impeccable qui dure pendant 72 heures. 134 ml \u212e 4,5 oz liq. Prix de d\u00e9tail$00.00 $ CA Prix de client VIP$00.00 $ CA Pour en savoir plus sur le Spray pour brushing Smoothing Anti-Frizz\u2122, veuillez contacter votre partenaire de march\u00e9 MONAT. BIENFAITS\" \/>\n\t<meta name=\"robots\" content=\"max-image-preview:large\" \/>\n\t<link rel=\"canonical\" href=\"https:\/\/monatglobal.com\/ca\/smoothing-anti-frizz-spray\/?lang=fr\" \/>\n\t<meta name=\"generator\" content=\"All in One SEO Pro (AIOSEO) 4.9.6\" \/>\n\t\t<meta property=\"og:locale\" content=\"en_US\" \/>\n\t\t<meta property=\"og:site_name\" content=\"Monat Canada English - We Are Modern Nature\" \/>\n\t\t<meta property=\"og:type\" content=\"article\" \/>\n\t\t<meta property=\"og:title\" content=\"Smoothing Anti-Frizz\u2122 Blow Out Spray - Monat Canada English\" \/>\n\t\t<meta property=\"og:description\" content=\"Spray pour brushing Smoothing Anti-Frizz\u2122 Il lisse, adoucit et renforce les cheveux pour un brushing impeccable qui dure pendant 72 heures. 134 ml \u212e 4,5 oz liq. Prix de d\u00e9tail$00.00 $ CA Prix de client VIP$00.00 $ CA Pour en savoir plus sur le Spray pour brushing Smoothing Anti-Frizz\u2122, veuillez contacter votre partenaire de march\u00e9 MONAT. BIENFAITS\" \/>\n\t\t<meta property=\"og:url\" content=\"https:\/\/monatglobal.com\/ca\/smoothing-anti-frizz-spray\/?lang=fr\" \/>\n\t\t<meta property=\"article:published_time\" content=\"2022-05-25T20:32:28+00:00\" \/>\n\t\t<meta property=\"article:modified_time\" content=\"2026-01-19T15:26:32+00:00\" \/>\n\t\t<meta name=\"twitter:card\" content=\"summary_large_image\" \/>\n\t\t<meta name=\"twitter:title\" content=\"Smoothing Anti-Frizz\u2122 Blow Out Spray - Monat Canada English\" \/>\n\t\t<meta name=\"twitter:description\" content=\"Spray pour brushing Smoothing Anti-Frizz\u2122 Il lisse, adoucit et renforce les cheveux pour un brushing impeccable qui dure pendant 72 heures. 134 ml \u212e 4,5 oz liq. Prix de d\u00e9tail$00.00 $ CA Prix de client VIP$00.00 $ CA Pour en savoir plus sur le Spray pour brushing Smoothing Anti-Frizz\u2122, veuillez contacter votre partenaire de march\u00e9 MONAT. BIENFAITS\" \/>\n\t\t<script type=\"application\/ld+json\" class=\"aioseo-schema\">\n\t\t\t{\"@context\":\"https:\\\/\\\/schema.org\",\"@graph\":[{\"@type\":\"BreadcrumbList\",\"@id\":\"https:\\\/\\\/monatglobal.com\\\/ca\\\/smoothing-anti-frizz-spray\\\/?lang=fr#breadcrumblist\",\"itemListElement\":[{\"@type\":\"ListItem\",\"@id\":\"https:\\\/\\\/monatglobal.com\\\/ca#listItem\",\"position\":1,\"name\":\"Home\",\"item\":\"https:\\\/\\\/monatglobal.com\\\/ca\",\"nextItem\":{\"@type\":\"ListItem\",\"@id\":\"https:\\\/\\\/monatglobal.com\\\/ca\\\/smoothing-anti-frizz-spray\\\/?lang=fr#listItem\",\"name\":\"Smoothing Anti-Frizz\\u2122 Blow Out Spray\"}},{\"@type\":\"ListItem\",\"@id\":\"https:\\\/\\\/monatglobal.com\\\/ca\\\/smoothing-anti-frizz-spray\\\/?lang=fr#listItem\",\"position\":2,\"name\":\"Smoothing Anti-Frizz\\u2122 Blow Out Spray\",\"previousItem\":{\"@type\":\"ListItem\",\"@id\":\"https:\\\/\\\/monatglobal.com\\\/ca#listItem\",\"name\":\"Home\"}}]},{\"@type\":\"Organization\",\"@id\":\"https:\\\/\\\/monatglobal.com\\\/ca\\\/#organization\",\"name\":\"Monat Canada English\",\"description\":\"We Are Modern Nature\",\"url\":\"https:\\\/\\\/monatglobal.com\\\/ca\\\/\"},{\"@type\":\"WebPage\",\"@id\":\"https:\\\/\\\/monatglobal.com\\\/ca\\\/smoothing-anti-frizz-spray\\\/?lang=fr#webpage\",\"url\":\"https:\\\/\\\/monatglobal.com\\\/ca\\\/smoothing-anti-frizz-spray\\\/?lang=fr\",\"name\":\"Smoothing Anti-Frizz\\u2122 Blow Out Spray - Monat Canada English\",\"description\":\"Spray pour brushing Smoothing Anti-Frizz\\u2122 Il lisse, adoucit et renforce les cheveux pour un brushing impeccable qui dure pendant 72 heures. 134 ml \\u212e 4,5 oz liq. Prix de d\\u00e9tail$00.00 $ CA Prix de client VIP$00.00 $ CA Pour en savoir plus sur le Spray pour brushing Smoothing Anti-Frizz\\u2122, veuillez contacter votre partenaire de march\\u00e9 MONAT. BIENFAITS\",\"inLanguage\":\"en-US\",\"isPartOf\":{\"@id\":\"https:\\\/\\\/monatglobal.com\\\/ca\\\/#website\"},\"breadcrumb\":{\"@id\":\"https:\\\/\\\/monatglobal.com\\\/ca\\\/smoothing-anti-frizz-spray\\\/?lang=fr#breadcrumblist\"},\"image\":{\"@type\":\"ImageObject\",\"url\":\"https:\\\/\\\/monatglobal.com\\\/ca\\\/wp-content\\\/uploads\\\/sites\\\/5\\\/2022\\\/06\\\/anti-frizz-blow-out-spray-ecomm.png\",\"@id\":\"https:\\\/\\\/monatglobal.com\\\/ca\\\/smoothing-anti-frizz-spray\\\/?lang=fr\\\/#mainImage\",\"width\":641,\"height\":800},\"primaryImageOfPage\":{\"@id\":\"https:\\\/\\\/monatglobal.com\\\/ca\\\/smoothing-anti-frizz-spray\\\/?lang=fr#mainImage\"},\"datePublished\":\"2022-05-25T16:32:28-04:00\",\"dateModified\":\"2026-01-19T10:26:32-05:00\"},{\"@type\":\"WebSite\",\"@id\":\"https:\\\/\\\/monatglobal.com\\\/ca\\\/#website\",\"url\":\"https:\\\/\\\/monatglobal.com\\\/ca\\\/\",\"name\":\"Monat Canada English\",\"description\":\"We Are Modern Nature\",\"inLanguage\":\"en-US\",\"publisher\":{\"@id\":\"https:\\\/\\\/monatglobal.com\\\/ca\\\/#organization\"}}]}\n\t\t<\/script>\n\t\t<!-- All in One SEO Pro -->\r\n\t\t<title>Smoothing Anti-Frizz\u2122 Blow Out Spray - Monat Canada English<\/title>\n\n","aioseo_head_json":{"title":"Smoothing Anti-Frizz\u2122 Blow Out Spray - Monat Canada English","description":"Spray pour brushing Smoothing Anti-Frizz\u2122 Il lisse, adoucit et renforce les cheveux pour un brushing impeccable qui dure pendant 72 heures. 134 ml \u212e 4,5 oz liq. Prix de d\u00e9tail$00.00 $ CA Prix de client VIP$00.00 $ CA Pour en savoir plus sur le Spray pour brushing Smoothing Anti-Frizz\u2122, veuillez contacter votre partenaire de march\u00e9 MONAT. BIENFAITS","canonical_url":"https:\/\/monatglobal.com\/ca\/smoothing-anti-frizz-spray\/?lang=fr","robots":"max-image-preview:large","keywords":"","webmasterTools":{"miscellaneous":""},"schema":{"@context":"https:\/\/schema.org","@graph":[{"@type":"BreadcrumbList","@id":"https:\/\/monatglobal.com\/ca\/smoothing-anti-frizz-spray\/?lang=fr#breadcrumblist","itemListElement":[{"@type":"ListItem","@id":"https:\/\/monatglobal.com\/ca#listItem","position":1,"name":"Home","item":"https:\/\/monatglobal.com\/ca","nextItem":{"@type":"ListItem","@id":"https:\/\/monatglobal.com\/ca\/smoothing-anti-frizz-spray\/?lang=fr#listItem","name":"Smoothing Anti-Frizz\u2122 Blow Out Spray"}},{"@type":"ListItem","@id":"https:\/\/monatglobal.com\/ca\/smoothing-anti-frizz-spray\/?lang=fr#listItem","position":2,"name":"Smoothing Anti-Frizz\u2122 Blow Out Spray","previousItem":{"@type":"ListItem","@id":"https:\/\/monatglobal.com\/ca#listItem","name":"Home"}}]},{"@type":"Organization","@id":"https:\/\/monatglobal.com\/ca\/#organization","name":"Monat Canada English","description":"We Are Modern Nature","url":"https:\/\/monatglobal.com\/ca\/"},{"@type":"WebPage","@id":"https:\/\/monatglobal.com\/ca\/smoothing-anti-frizz-spray\/?lang=fr#webpage","url":"https:\/\/monatglobal.com\/ca\/smoothing-anti-frizz-spray\/?lang=fr","name":"Smoothing Anti-Frizz\u2122 Blow Out Spray - Monat Canada English","description":"Spray pour brushing Smoothing Anti-Frizz\u2122 Il lisse, adoucit et renforce les cheveux pour un brushing impeccable qui dure pendant 72 heures. 134 ml \u212e 4,5 oz liq. Prix de d\u00e9tail$00.00 $ CA Prix de client VIP$00.00 $ CA Pour en savoir plus sur le Spray pour brushing Smoothing Anti-Frizz\u2122, veuillez contacter votre partenaire de march\u00e9 MONAT. BIENFAITS","inLanguage":"en-US","isPartOf":{"@id":"https:\/\/monatglobal.com\/ca\/#website"},"breadcrumb":{"@id":"https:\/\/monatglobal.com\/ca\/smoothing-anti-frizz-spray\/?lang=fr#breadcrumblist"},"image":{"@type":"ImageObject","url":"https:\/\/monatglobal.com\/ca\/wp-content\/uploads\/sites\/5\/2022\/06\/anti-frizz-blow-out-spray-ecomm.png","@id":"https:\/\/monatglobal.com\/ca\/smoothing-anti-frizz-spray\/?lang=fr\/#mainImage","width":641,"height":800},"primaryImageOfPage":{"@id":"https:\/\/monatglobal.com\/ca\/smoothing-anti-frizz-spray\/?lang=fr#mainImage"},"datePublished":"2022-05-25T16:32:28-04:00","dateModified":"2026-01-19T10:26:32-05:00"},{"@type":"WebSite","@id":"https:\/\/monatglobal.com\/ca\/#website","url":"https:\/\/monatglobal.com\/ca\/","name":"Monat Canada English","description":"We Are Modern Nature","inLanguage":"en-US","publisher":{"@id":"https:\/\/monatglobal.com\/ca\/#organization"}}]},"og:locale":"en_US","og:site_name":"Monat Canada English - We Are Modern Nature","og:type":"article","og:title":"Smoothing Anti-Frizz\u2122 Blow Out Spray - Monat Canada English","og:description":"Spray pour brushing Smoothing Anti-Frizz\u2122 Il lisse, adoucit et renforce les cheveux pour un brushing impeccable qui dure pendant 72 heures. 134 ml \u212e 4,5 oz liq. Prix de d\u00e9tail$00.00 $ CA Prix de client VIP$00.00 $ CA Pour en savoir plus sur le Spray pour brushing Smoothing Anti-Frizz\u2122, veuillez contacter votre partenaire de march\u00e9 MONAT. BIENFAITS","og:url":"https:\/\/monatglobal.com\/ca\/smoothing-anti-frizz-spray\/?lang=fr","article:published_time":"2022-05-25T20:32:28+00:00","article:modified_time":"2026-01-19T15:26:32+00:00","twitter:card":"summary_large_image","twitter:title":"Smoothing Anti-Frizz\u2122 Blow Out Spray - Monat Canada English","twitter:description":"Spray pour brushing Smoothing Anti-Frizz\u2122 Il lisse, adoucit et renforce les cheveux pour un brushing impeccable qui dure pendant 72 heures. 134 ml \u212e 4,5 oz liq. Prix de d\u00e9tail$00.00 $ CA Prix de client VIP$00.00 $ CA Pour en savoir plus sur le Spray pour brushing Smoothing Anti-Frizz\u2122, veuillez contacter votre partenaire de march\u00e9 MONAT. BIENFAITS"},"aioseo_meta_data":{"post_id":"70954","title":null,"description":null,"keywords":null,"keyphrases":null,"primary_term":null,"canonical_url":null,"og_title":null,"og_description":null,"og_object_type":"default","og_image_type":"default","og_image_url":null,"og_image_width":null,"og_image_height":null,"og_image_custom_url":null,"og_image_custom_fields":null,"og_video":null,"og_custom_url":null,"og_article_section":null,"og_article_tags":null,"twitter_use_og":false,"twitter_card":"default","twitter_image_type":"default","twitter_image_url":null,"twitter_image_custom_url":null,"twitter_image_custom_fields":null,"twitter_title":null,"twitter_description":null,"schema":{"blockGraphs":[],"customGraphs":[],"default":{"data":{"Article":[],"Course":[],"Dataset":[],"FAQPage":[],"Movie":[],"Person":[],"Product":[],"ProductReview":[],"Car":[],"Recipe":[],"Service":[],"SoftwareApplication":[],"WebPage":[]},"graphName":"WebPage","isEnabled":true},"graphs":[]},"schema_type":"default","schema_type_options":null,"pillar_content":false,"robots_default":true,"robots_noindex":false,"robots_noarchive":false,"robots_nosnippet":false,"robots_nofollow":false,"robots_noimageindex":false,"robots_noodp":false,"robots_notranslate":false,"robots_max_snippet":null,"robots_max_videopreview":null,"robots_max_imagepreview":"large","priority":null,"frequency":null,"local_seo":null,"seo_analyzer_scan_date":"2026-02-10 20:31:47","limit_modified_date":false,"reviewed_by":null,"open_ai":null,"ai":null,"created":"2023-07-26 13:05:59","updated":"2026-02-10 20:31:47"},"aioseo_breadcrumb":"<div class=\"aioseo-breadcrumbs\"><span class=\"aioseo-breadcrumb\">\n\t<a href=\"https:\/\/monatglobal.com\/ca\" title=\"Home\">Home<\/a>\n<\/span><span class=\"aioseo-breadcrumb-separator\">&raquo;<\/span><span class=\"aioseo-breadcrumb\">\n\tSmoothing Anti-Frizz\u2122 Blow Out Spray\n<\/span><\/div>","aioseo_breadcrumb_json":[{"label":"Home","link":"https:\/\/monatglobal.com\/ca"},{"label":"Smoothing Anti-Frizz\u2122 Blow Out Spray","link":"https:\/\/monatglobal.com\/ca\/smoothing-anti-frizz-spray\/?lang=fr"}],"_links":{"self":[{"href":"https:\/\/monatglobal.com\/ca\/wp-json\/wp\/v2\/pages\/70954","targetHints":{"allow":["GET"]}}],"collection":[{"href":"https:\/\/monatglobal.com\/ca\/wp-json\/wp\/v2\/pages"}],"about":[{"href":"https:\/\/monatglobal.com\/ca\/wp-json\/wp\/v2\/types\/page"}],"author":[{"embeddable":true,"href":"https:\/\/monatglobal.com\/ca\/wp-json\/wp\/v2\/users\/31"}],"replies":[{"embeddable":true,"href":"https:\/\/monatglobal.com\/ca\/wp-json\/wp\/v2\/comments?post=70954"}],"version-history":[{"count":34,"href":"https:\/\/monatglobal.com\/ca\/wp-json\/wp\/v2\/pages\/70954\/revisions"}],"predecessor-version":[{"id":110117,"href":"https:\/\/monatglobal.com\/ca\/wp-json\/wp\/v2\/pages\/70954\/revisions\/110117"}],"wp:featuredmedia":[{"embeddable":true,"href":"https:\/\/monatglobal.com\/ca\/wp-json\/wp\/v2\/media\/71156"}],"wp:attachment":[{"href":"https:\/\/monatglobal.com\/ca\/wp-json\/wp\/v2\/media?parent=70954"}],"wp:term":[{"taxonomy":"category","embeddable":true,"href":"https:\/\/monatglobal.com\/ca\/wp-json\/wp\/v2\/categories?post=70954"},{"taxonomy":"post_tag","embeddable":true,"href":"https:\/\/monatglobal.com\/ca\/wp-json\/wp\/v2\/tags?post=70954"}],"curies":[{"name":"wp","href":"https:\/\/api.w.org\/{rel}","templated":true}]}}