{"id":67982,"date":"2022-02-04T09:00:36","date_gmt":"2022-02-04T14:00:36","guid":{"rendered":"https:\/\/monatglobal.com\/ca\/?page_id=67982"},"modified":"2026-01-19T09:41:33","modified_gmt":"2026-01-19T14:41:33","slug":"men-styling-clay","status":"publish","type":"page","link":"https:\/\/monatglobal.com\/ca\/men-styling-clay\/?lang=fr","title":{"rendered":"P\u00e2te coiffante fini mat MONAT FOR MEN\u2122"},"content":{"rendered":"\n\n\t<link rel=\"stylesheet\" href=\"https:\/\/unpkg.com\/swiper\/swiper-bundle.min.css\" \/>\n<link rel=\"stylesheet\" href=\"https:\/\/monatglobal.com\/wp-content\/creative_css\/product_styles_sheet.css\" \/>\n   <!--==================================================== ECOMM SECTION ====================================================-->\n      <!--==================================================== Ecomm image ====================================================-->\n           \n      <source media=\"(max-width: 700px)\" srcset=\"https:\/\/monatglobal.com\/wp-content\/uploads\/2022\/02\/MONAT-FOR-MEN-Matte-Styling-Clay-ecomm-2022_mobile.png\" loading=\"lazy\"\/>\n      <img decoding=\"async\" src=\"https:\/\/monatglobal.com\/wp-content\/uploads\/2022\/02\/MONAT-FOR-MEN-Matte-Styling-Clay-ecomm-2022.png\" alt=\"P\u00e2te coiffante fini mat MONAT FOR MEN\u2122\" loading=\"lazy\"\/>\n         \n      <!--==================================================== Ecomm information  ====================================================-->\n         \n         <h1>P\u00e2te coiffante <br \/>fini mat<\/h1>\n         <p>MONAT FOR MEN\u2122<\/p>\n         Cette p\u00e2te coiffante flexible, offrant une tenue moyenne \u00e0 forte, contient du beurre de karit\u00e9 et de \n         l&#8217;argile bentonite pour donner forme et d\u00e9finition aux cheveux avec un fini mat&nbsp;naturel. \n         <p>45 ml \u212e 1,52 oz liq.<\/p>\n       <!--==================================================== pricing box ====================================================-->       \n   <p>Prix de d\u00e9tail<br \/>$00.00 $ CA<\/p>\n   <p>Prix de client VIP<br \/>$00.00 $ CA<\/p> \n        <!--==================================================== pricing box ====================================================-->      \n         Pour en savoir plus sur le \n             P\u00e2te coiffante fini mat MONAT FOR MEN\u2122, veuillez contacter votre partenaire de march\u00e9 MONAT.\n<a href=\"\" target=\"_blank\" role=\"button\" aria-label=\"\" rel=\"noopener\"><\/a>\n   <!--==================================================== \/ECOMM SECTION  ====================================================-->\n   <!--==================================================== Benefits image ====================================================-->\n   \n      <source media=\"(max-width: 700px)\" srcset=\"https:\/\/monatglobal.com\/wp-content\/uploads\/2022\/01\/matte-styling-clay_mobile.jpg\" loading=\"lazy\"\/>\n      <img decoding=\"async\" alt=\"\" src=\"https:\/\/monatglobal.com\/wp-content\/uploads\/2022\/01\/Matte-Styling-Clay-benefits.jpg\" loading=\"lazy\"\/>\n   \n   <!--==================================================== Benefits text ====================================================-->\n         <h2>BIENFAITS<\/h2>\n         <h3>Cette p\u00e2te coiffante au fini mat ma\u00eetrise les frisottis et offre une tenue qui dure toute \n         la journ\u00e9e; elle est id\u00e9ale pour ceux qui veulent donner un aspect plus \u00e9pais \u00e0 leurs&nbsp;cheveux.<\/h3>\n         La p\u00e2te coiffante fini mat MONAT FOR MEN\u2122 peut s&#8217;appliquer sur cheveux humides ou secs, et ajoute texture \n         et d\u00e9finition aux cheveux tout en leur donnant de la forme, pour des coiffures&nbsp;impeccables.  \n         <!--==================================================== features image  ====================================================-->\n         <img decoding=\"async\" alt=\"MONAT's Silky &#038; Soothing Hand Cream lays centered over a solid peach color background exhibiting its main ingredients such \n         as coconut &#038; oils ornamenting the main product. \" src=\"https:\/\/monatglobal.com\/wp-content\/uploads\/2022\/01\/Matte-Styling-Clay-features.jpg\" loading=\"lazy\"\/>\n      <!--==================================================== features text ====================================================-->\n            <h3>Une p\u00e2te coiffante mall\u00e9able, offrant une tenue moyenne \u00e0&nbsp;forte.<\/h3>\n               <p>\/ Une p\u00e2te coiffante flexible au beurre de karit\u00e9 qui aide \u00e0 hydrater les&nbsp;cheveux<\/p>\n               <p>\/ Un humectant d&#8217;origine naturelle aide \u00e0 coiffer et \u00e0 donner de la forme aux&nbsp;cheveux<\/p>\n               <p>\/ L&#8217;argile bentonite offre un fini soyeux, mat et non&nbsp;collant<\/p>\n               <p>\/ La formule \u00e0 base d&#8217;eau se rince&nbsp;facilement<\/p>\n               <br \/>\n            <p>Parfum \/ Au l\u00e9ger parfum de bois et d&#8217;agrumes rehauss\u00e9 de notes d&#8217;orange, d&#8217;eau de noix de coco, de vanille et de&nbsp;tonka.<\/p>\n            <p> Texture \/ P\u00e2te coiffante \u00e0&nbsp;l&#8217;argile <\/p>\n   <!--==================================================== composition image mobile ====================================================-->\n   <img decoding=\"async\" alt=\"An abstract beauty shot showing a caucassian as well as an african american women's hands. \n   It is intended to portray its use on any type of skin.\" src=\"https:\/\/monatglobal.com\/wp-content\/uploads\/2022\/01\/Matte-Styling-Clay-comp-1.jpg\" loading=\"lazy\"\/>\n   <!--==================================================== Why it works text ====================================================-->\n      \n      <h3>Cette p\u00e2te coiffante mall\u00e9able et polyvalente a \u00e9t\u00e9 con\u00e7ue pour offrir une \n      tenue qui dure toute la journ\u00e9e pour des coiffures sans&nbsp;effort.<\/h3>\n      Notre formule l\u00e9g\u00e8re et mall\u00e9able contient de l&#8217;argile bentonite et de la cire d&#8217;origine v\u00e9g\u00e9tale pour cr\u00e9er de la texture \n      flexible et donner de l&#8217;\u00e9paisseur avec un fini mat&nbsp;impeccable.\n<!--==================================================== Composition section ====================================================-->\n      <img decoding=\"async\" alt=\"An abstract beauty shot showing a caucassian as well as an african american women's hands. It is intended to portray its \n      use on any type of skin.\" src=\"https:\/\/monatglobal.com\/wp-content\/uploads\/2022\/01\/Matte-Styling-Clay-comp-1.jpg\" loading=\"lazy\"\/>\n      <img decoding=\"async\" alt=\"A closeup of a woman applying MONAT's Silky &#038; Soothing Hand Cream onto her hands. This image reveals the cream's white \n      texture.\" src=\"https:\/\/monatglobal.com\/wp-content\/uploads\/2022\/01\/matte-styling-compositon-3.jpg\" loading=\"lazy\"\/>\n            <!--==================================================== Directions text ====================================================--> \n               <h3>Mode d&#8217;emploi<\/h3>\n               <p>\/ Travailler une petite quantit\u00e9 du produit dans les mains. <\/p>\n               <p>\/ Appliquer sur cheveux propres, qu&#8217;ils soient secs ou essor\u00e9s. <\/p>\n               <p>\/ Coiffer comme d\u00e9sir\u00e9. <\/p>\n               \/ Conseil de pro : Appliquer de l&#8217;arri\u00e8re vers l&#8217;avant pour une \n               coiffure r\u00e9ussie \u00e0 tout&nbsp;coup.\n            <!--==================================================== Directions video ====================================================-->\n      MONAT FOR MEN\u2122<br \/>P\u00e2te coiffante\nfini mat <br \/>0:30\n<a href=\"\" target=\"_blank\" role=\"button\" aria-label=\"\" rel=\"noopener\"><\/a>\n   <!--==================================================== Ingredients section  ====================================================-->\n      <h2>INGR\u00c9DIENTS CL\u00c9S<\/h2>\n       <img decoding=\"async\" src=\"https:\/\/monatglobal.com\/wp-content\/uploads\/2022\/11\/Shea-Butter.svg\" alt=\"Beurre de karit\u00e9\"\/>\n               <p>Beurre de karit\u00e9 <\/p>\n                <img decoding=\"async\" big_icon  src=\"https:\/\/monatglobal.com\/wp-content\/uploads\/2022\/11\/Glycerin.svg\" alt=\"Glyc\u00e9rine\"\/>            \n               <p>Glyc\u00e9rine<\/p>\n                <img decoding=\"async\" src=\"https:\/\/monatglobal.com\/wp-content\/uploads\/2022\/11\/Carnauba-wax.svg\" alt=\"Cire d'origine v\u00e9g\u00e9tale\"\/>\n               <p>Cire d&#8217;origine v\u00e9g\u00e9tale<\/p>\n              <img decoding=\"async\" src=\"https:\/\/monatglobal.com\/wp-content\/uploads\/2022\/11\/Bentonite-Clay.svg\" alt=\"Argile bentonite\"\/>\n               <p>Argile bentonite<\/p>\n               <img decoding=\"async\" src=\"https:\/\/monatglobal.com\/wp-content\/uploads\/2022\/11\/Tocopherol.svg\" alt=\"Tocoph\u00e9rol (vitamine E)\"\/>\n               <p>Tocoph\u00e9rol (vitamine E) <\/p>\n        <button id=\"myBtn\" type=\"button\">LISTE D&#8217;INGR\u00c9DIENTS<\/button>\n      <!--==================================================== Modal content  ====================================================-->\n         &times;\n         Water\/Aqua\/Eau, Coco-Caprylate, Stearyl Behenate, C32-36 Isoalkyl Stearate, Polyhydroxystearic Acid, \n         Cetearyl Alcohol, Butyrospermum Parkii (Shea) Butter, PVP, Glycerin, Copernicia Cerifera (Carnauba) Wax\/Cire de Carnauba, \n         Bentonite, Hydrogenated Castor Oil Dimer Dilinoleate, Ceteareth-20, Arachidyl Alcohol, Fragrance\/Parfum, Polysorbate 20, \n         Polyglyceryl-3 Stearate, Behenyl Alcohol, Helianthus Annuus (Sunflower) Seed Oil, 1,2-Hexanediol, Hydroxyacetophenone, VP\/VA \n         Copolymer, Arachidyl Glucoside, Dehydroxanthan Gum, Polysorbate 60, Tetrasodium Glutamate Diacetate, Glucose, Citric Acid, \n         Tocopherol, Sodium Hydroxide, Caprylyl Glycol, Citronellol, Coumarin, Limonene,&nbsp;Linalool.\n   <!--==================================================== You might also like section ====================================================-->\n      <h2>VOUS POURRIEZ AUSSI AIMER<\/h2>\n      <!--==================================================== Slider YOU MIGHT ALSO LIKE ====================================================-->\n      <!---->\n      <!--   -->\n            <!--==================================================== Slides products ====================================================-->\n      <!--      -->\n      <!--         <a href=\"\/ca\/monat-black-shampoo-conditioner\/?lang=fr\" aria-label=\"Go to Shampooing + apr\u00e8s-shampooing MONAT BLACK\u2122  page\">-->\n      <!--            <img decoding=\"async\" src=\"https:\/\/monatglobal.com\/wp-content\/uploads\/2022\/12\/Monat-Black-shampoo-conditioner-Ecomm.png\" alt=\" MONAT Shampooing + apr\u00e8s-shampooing MONAT BLACK\u2122\" loading=\"lazy\"\/>-->\n      <!--            <p>Shampooing + apr\u00e8s-shampooing <br \/>MONAT BLACK\u2122 <\/p>-->\n      <!--         <\/a>-->\n      <!--      -->\n      <!--      -->\n      <!--         <a href=\"\/ca\/volume-spray\/?lang=fr\" aria-label=\"Go to Spray volumisant et amplifiant MONAT STUDIO ONE\u2122  page\">-->\n      <!--            <img decoding=\"async\" src=\"https:\/\/monatglobal.com\/wp-content\/uploads\/2022\/12\/STUDIO-ONE-VOLUME-LIFT-SPRAY_-ecomm-min.png\" alt=\"Spray volumisant et amplifiant MONAT STUDIO ONE\u2122\" loading=\"lazy\"\/>-->\n      <!--            <p>Spray volumisant et amplifiant <br \/>MONAT STUDIO ONE\u2122 <\/p>-->\n      <!--         <\/a>-->\n      <!--      -->\n      <!--      -->\n      <!--         <a href=\"\/ca\/laque-fixation-forte-tenue-flexible\/?lang=fr\" aria-label=\"Go to Laque fixation forte, tenue flexible MONAT STUDIO ONE\u2122  page\">-->\n      <!--            <img decoding=\"async\" src=\"https:\/\/monatglobal.com\/wp-content\/uploads\/2022\/12\/STUDIO-ONE-STRONG-FLEXI-HOLD-ecomm-1-min.png\" alt=\"Laque fixation forte, tenue flexible MONAT STUDIO ONE\u2122\" loading=\"lazy\"\/>-->\n      <!--            <p>Laque fixation forte, tenue flexible<br \/> MONAT STUDIO ONE\u2122 <\/p>-->\n      <!--         <\/a>-->\n      <!--      -->\n      <!--   -->\n         <!--==================================================== If we need navigation buttons  ====================================================-->\n      <!--   -->\n      <!--   -->\n         <!--==================================================== If we need paginations  ====================================================-->\n      <!--   -->\n      <!---->\n             <!-- If we need navigation buttons -->\n             <!-- If we need paginations -->\n    <a href=\"\" aria-label=\"\"><\/a>\n<!--==================================================== this link has to go last for it to work   ====================================================-->\n\n","protected":false},"excerpt":{"rendered":"<p>P\u00e2te coiffante fini mat MONAT FOR MEN\u2122 Cette p\u00e2te coiffante flexible, offrant une tenue moyenne \u00e0 forte, contient du beurre de karit\u00e9 et de l&#8217;argile bentonite pour donner forme et d\u00e9finition aux cheveux avec un fini mat&nbsp;naturel. 45 ml \u212e 1,52 oz liq. Prix de d\u00e9tail$00.00 $ CA Prix de client VIP$00.00 $ CA Pour&hellip;<\/p>\n","protected":false},"author":31,"featured_media":68015,"parent":0,"menu_order":0,"comment_status":"closed","ping_status":"closed","template":"","meta":{"inline_featured_image":false,"om_disable_all_campaigns":false,"_monsterinsights_skip_tracking":false,"_monsterinsights_sitenote_active":false,"_monsterinsights_sitenote_note":"","_monsterinsights_sitenote_category":0,"footnotes":""},"categories":[3629],"tags":[],"class_list":["post-67982","page","type-page","status-publish","has-post-thumbnail","hentry","category-product-fra"],"aioseo_notices":[],"aioseo_head":"\n\t\t<!-- All in One SEO Pro 4.9.6 - aioseo.com -->\n\t<meta name=\"description\" content=\"P\u00e2te coiffante fini mat MONAT FOR MEN\u2122 Cette p\u00e2te coiffante flexible, offrant une tenue moyenne \u00e0 forte, contient du beurre de karit\u00e9 et de l&#039;argile bentonite pour donner forme et d\u00e9finition aux cheveux avec un fini mat naturel. 45 ml \u212e 1,52 oz liq. Prix de d\u00e9tail$00.00 $ CA Prix de client VIP$00.00 $ CA Pour\" \/>\n\t<meta name=\"robots\" content=\"max-image-preview:large\" \/>\n\t<link rel=\"canonical\" href=\"https:\/\/monatglobal.com\/ca\/men-styling-clay\/?lang=fr\" \/>\n\t<meta name=\"generator\" content=\"All in One SEO Pro (AIOSEO) 4.9.6\" \/>\n\t\t<meta property=\"og:locale\" content=\"en_US\" \/>\n\t\t<meta property=\"og:site_name\" content=\"Monat Canada English - We Are Modern Nature\" \/>\n\t\t<meta property=\"og:type\" content=\"article\" \/>\n\t\t<meta property=\"og:title\" content=\"P\u00e2te coiffante fini mat MONAT FOR MEN\u2122 - Monat Canada English\" \/>\n\t\t<meta property=\"og:description\" content=\"P\u00e2te coiffante fini mat MONAT FOR MEN\u2122 Cette p\u00e2te coiffante flexible, offrant une tenue moyenne \u00e0 forte, contient du beurre de karit\u00e9 et de l&#039;argile bentonite pour donner forme et d\u00e9finition aux cheveux avec un fini mat naturel. 45 ml \u212e 1,52 oz liq. Prix de d\u00e9tail$00.00 $ CA Prix de client VIP$00.00 $ CA Pour\" \/>\n\t\t<meta property=\"og:url\" content=\"https:\/\/monatglobal.com\/ca\/men-styling-clay\/?lang=fr\" \/>\n\t\t<meta property=\"article:published_time\" content=\"2022-02-04T14:00:36+00:00\" \/>\n\t\t<meta property=\"article:modified_time\" content=\"2026-01-19T14:41:33+00:00\" \/>\n\t\t<meta name=\"twitter:card\" content=\"summary_large_image\" \/>\n\t\t<meta name=\"twitter:title\" content=\"P\u00e2te coiffante fini mat MONAT FOR MEN\u2122 - Monat Canada English\" \/>\n\t\t<meta name=\"twitter:description\" content=\"P\u00e2te coiffante fini mat MONAT FOR MEN\u2122 Cette p\u00e2te coiffante flexible, offrant une tenue moyenne \u00e0 forte, contient du beurre de karit\u00e9 et de l&#039;argile bentonite pour donner forme et d\u00e9finition aux cheveux avec un fini mat naturel. 45 ml \u212e 1,52 oz liq. Prix de d\u00e9tail$00.00 $ CA Prix de client VIP$00.00 $ CA Pour\" \/>\n\t\t<script type=\"application\/ld+json\" class=\"aioseo-schema\">\n\t\t\t{\"@context\":\"https:\\\/\\\/schema.org\",\"@graph\":[{\"@type\":\"BreadcrumbList\",\"@id\":\"https:\\\/\\\/monatglobal.com\\\/ca\\\/men-styling-clay\\\/?lang=fr#breadcrumblist\",\"itemListElement\":[{\"@type\":\"ListItem\",\"@id\":\"https:\\\/\\\/monatglobal.com\\\/ca#listItem\",\"position\":1,\"name\":\"Home\",\"item\":\"https:\\\/\\\/monatglobal.com\\\/ca\",\"nextItem\":{\"@type\":\"ListItem\",\"@id\":\"https:\\\/\\\/monatglobal.com\\\/ca\\\/men-styling-clay\\\/?lang=fr#listItem\",\"name\":\"P\\u00e2te coiffante fini mat MONAT FOR MEN\\u2122\"}},{\"@type\":\"ListItem\",\"@id\":\"https:\\\/\\\/monatglobal.com\\\/ca\\\/men-styling-clay\\\/?lang=fr#listItem\",\"position\":2,\"name\":\"P\\u00e2te coiffante fini mat MONAT FOR MEN\\u2122\",\"previousItem\":{\"@type\":\"ListItem\",\"@id\":\"https:\\\/\\\/monatglobal.com\\\/ca#listItem\",\"name\":\"Home\"}}]},{\"@type\":\"Organization\",\"@id\":\"https:\\\/\\\/monatglobal.com\\\/ca\\\/#organization\",\"name\":\"Monat Canada English\",\"description\":\"We Are Modern Nature\",\"url\":\"https:\\\/\\\/monatglobal.com\\\/ca\\\/\"},{\"@type\":\"WebPage\",\"@id\":\"https:\\\/\\\/monatglobal.com\\\/ca\\\/men-styling-clay\\\/?lang=fr#webpage\",\"url\":\"https:\\\/\\\/monatglobal.com\\\/ca\\\/men-styling-clay\\\/?lang=fr\",\"name\":\"P\\u00e2te coiffante fini mat MONAT FOR MEN\\u2122 - Monat Canada English\",\"description\":\"P\\u00e2te coiffante fini mat MONAT FOR MEN\\u2122 Cette p\\u00e2te coiffante flexible, offrant une tenue moyenne \\u00e0 forte, contient du beurre de karit\\u00e9 et de l'argile bentonite pour donner forme et d\\u00e9finition aux cheveux avec un fini mat naturel. 45 ml \\u212e 1,52 oz liq. Prix de d\\u00e9tail$00.00 $ CA Prix de client VIP$00.00 $ CA Pour\",\"inLanguage\":\"en-US\",\"isPartOf\":{\"@id\":\"https:\\\/\\\/monatglobal.com\\\/ca\\\/#website\"},\"breadcrumb\":{\"@id\":\"https:\\\/\\\/monatglobal.com\\\/ca\\\/men-styling-clay\\\/?lang=fr#breadcrumblist\"},\"image\":{\"@type\":\"ImageObject\",\"url\":\"https:\\\/\\\/monatglobal.com\\\/ca\\\/wp-content\\\/uploads\\\/sites\\\/5\\\/2022\\\/02\\\/MONAT-FOR-MEN-Matte-Styling-Clay-ecomm-2022.png\",\"@id\":\"https:\\\/\\\/monatglobal.com\\\/ca\\\/men-styling-clay\\\/?lang=fr\\\/#mainImage\",\"width\":641,\"height\":800},\"primaryImageOfPage\":{\"@id\":\"https:\\\/\\\/monatglobal.com\\\/ca\\\/men-styling-clay\\\/?lang=fr#mainImage\"},\"datePublished\":\"2022-02-04T09:00:36-05:00\",\"dateModified\":\"2026-01-19T09:41:33-05:00\"},{\"@type\":\"WebSite\",\"@id\":\"https:\\\/\\\/monatglobal.com\\\/ca\\\/#website\",\"url\":\"https:\\\/\\\/monatglobal.com\\\/ca\\\/\",\"name\":\"Monat Canada English\",\"description\":\"We Are Modern Nature\",\"inLanguage\":\"en-US\",\"publisher\":{\"@id\":\"https:\\\/\\\/monatglobal.com\\\/ca\\\/#organization\"}}]}\n\t\t<\/script>\n\t\t<!-- All in One SEO Pro -->\r\n\t\t<title>P\u00e2te coiffante fini mat MONAT FOR MEN\u2122 - Monat Canada English<\/title>\n\n","aioseo_head_json":{"title":"P\u00e2te coiffante fini mat MONAT FOR MEN\u2122 - Monat Canada English","description":"P\u00e2te coiffante fini mat MONAT FOR MEN\u2122 Cette p\u00e2te coiffante flexible, offrant une tenue moyenne \u00e0 forte, contient du beurre de karit\u00e9 et de l'argile bentonite pour donner forme et d\u00e9finition aux cheveux avec un fini mat naturel. 45 ml \u212e 1,52 oz liq. Prix de d\u00e9tail$00.00 $ CA Prix de client VIP$00.00 $ CA Pour","canonical_url":"https:\/\/monatglobal.com\/ca\/men-styling-clay\/?lang=fr","robots":"max-image-preview:large","keywords":"","webmasterTools":{"miscellaneous":""},"schema":{"@context":"https:\/\/schema.org","@graph":[{"@type":"BreadcrumbList","@id":"https:\/\/monatglobal.com\/ca\/men-styling-clay\/?lang=fr#breadcrumblist","itemListElement":[{"@type":"ListItem","@id":"https:\/\/monatglobal.com\/ca#listItem","position":1,"name":"Home","item":"https:\/\/monatglobal.com\/ca","nextItem":{"@type":"ListItem","@id":"https:\/\/monatglobal.com\/ca\/men-styling-clay\/?lang=fr#listItem","name":"P\u00e2te coiffante fini mat MONAT FOR MEN\u2122"}},{"@type":"ListItem","@id":"https:\/\/monatglobal.com\/ca\/men-styling-clay\/?lang=fr#listItem","position":2,"name":"P\u00e2te coiffante fini mat MONAT FOR MEN\u2122","previousItem":{"@type":"ListItem","@id":"https:\/\/monatglobal.com\/ca#listItem","name":"Home"}}]},{"@type":"Organization","@id":"https:\/\/monatglobal.com\/ca\/#organization","name":"Monat Canada English","description":"We Are Modern Nature","url":"https:\/\/monatglobal.com\/ca\/"},{"@type":"WebPage","@id":"https:\/\/monatglobal.com\/ca\/men-styling-clay\/?lang=fr#webpage","url":"https:\/\/monatglobal.com\/ca\/men-styling-clay\/?lang=fr","name":"P\u00e2te coiffante fini mat MONAT FOR MEN\u2122 - Monat Canada English","description":"P\u00e2te coiffante fini mat MONAT FOR MEN\u2122 Cette p\u00e2te coiffante flexible, offrant une tenue moyenne \u00e0 forte, contient du beurre de karit\u00e9 et de l'argile bentonite pour donner forme et d\u00e9finition aux cheveux avec un fini mat naturel. 45 ml \u212e 1,52 oz liq. Prix de d\u00e9tail$00.00 $ CA Prix de client VIP$00.00 $ CA Pour","inLanguage":"en-US","isPartOf":{"@id":"https:\/\/monatglobal.com\/ca\/#website"},"breadcrumb":{"@id":"https:\/\/monatglobal.com\/ca\/men-styling-clay\/?lang=fr#breadcrumblist"},"image":{"@type":"ImageObject","url":"https:\/\/monatglobal.com\/ca\/wp-content\/uploads\/sites\/5\/2022\/02\/MONAT-FOR-MEN-Matte-Styling-Clay-ecomm-2022.png","@id":"https:\/\/monatglobal.com\/ca\/men-styling-clay\/?lang=fr\/#mainImage","width":641,"height":800},"primaryImageOfPage":{"@id":"https:\/\/monatglobal.com\/ca\/men-styling-clay\/?lang=fr#mainImage"},"datePublished":"2022-02-04T09:00:36-05:00","dateModified":"2026-01-19T09:41:33-05:00"},{"@type":"WebSite","@id":"https:\/\/monatglobal.com\/ca\/#website","url":"https:\/\/monatglobal.com\/ca\/","name":"Monat Canada English","description":"We Are Modern Nature","inLanguage":"en-US","publisher":{"@id":"https:\/\/monatglobal.com\/ca\/#organization"}}]},"og:locale":"en_US","og:site_name":"Monat Canada English - We Are Modern Nature","og:type":"article","og:title":"P\u00e2te coiffante fini mat MONAT FOR MEN\u2122 - Monat Canada English","og:description":"P\u00e2te coiffante fini mat MONAT FOR MEN\u2122 Cette p\u00e2te coiffante flexible, offrant une tenue moyenne \u00e0 forte, contient du beurre de karit\u00e9 et de l'argile bentonite pour donner forme et d\u00e9finition aux cheveux avec un fini mat naturel. 45 ml \u212e 1,52 oz liq. Prix de d\u00e9tail$00.00 $ CA Prix de client VIP$00.00 $ CA Pour","og:url":"https:\/\/monatglobal.com\/ca\/men-styling-clay\/?lang=fr","article:published_time":"2022-02-04T14:00:36+00:00","article:modified_time":"2026-01-19T14:41:33+00:00","twitter:card":"summary_large_image","twitter:title":"P\u00e2te coiffante fini mat MONAT FOR MEN\u2122 - Monat Canada English","twitter:description":"P\u00e2te coiffante fini mat MONAT FOR MEN\u2122 Cette p\u00e2te coiffante flexible, offrant une tenue moyenne \u00e0 forte, contient du beurre de karit\u00e9 et de l'argile bentonite pour donner forme et d\u00e9finition aux cheveux avec un fini mat naturel. 45 ml \u212e 1,52 oz liq. Prix de d\u00e9tail$00.00 $ CA Prix de client VIP$00.00 $ CA Pour"},"aioseo_meta_data":{"post_id":"67982","title":null,"description":null,"keywords":null,"keyphrases":null,"primary_term":null,"canonical_url":null,"og_title":null,"og_description":null,"og_object_type":"default","og_image_type":"default","og_image_url":null,"og_image_width":null,"og_image_height":null,"og_image_custom_url":null,"og_image_custom_fields":null,"og_video":null,"og_custom_url":null,"og_article_section":null,"og_article_tags":null,"twitter_use_og":false,"twitter_card":"default","twitter_image_type":"default","twitter_image_url":null,"twitter_image_custom_url":null,"twitter_image_custom_fields":null,"twitter_title":null,"twitter_description":null,"schema":{"blockGraphs":[],"customGraphs":[],"default":{"data":{"Article":[],"Course":[],"Dataset":[],"FAQPage":[],"Movie":[],"Person":[],"Product":[],"ProductReview":[],"Car":[],"Recipe":[],"Service":[],"SoftwareApplication":[],"WebPage":[]},"graphName":"WebPage","isEnabled":true},"graphs":[]},"schema_type":"default","schema_type_options":null,"pillar_content":false,"robots_default":true,"robots_noindex":false,"robots_noarchive":false,"robots_nosnippet":false,"robots_nofollow":false,"robots_noimageindex":false,"robots_noodp":false,"robots_notranslate":false,"robots_max_snippet":null,"robots_max_videopreview":null,"robots_max_imagepreview":"large","priority":null,"frequency":null,"local_seo":null,"seo_analyzer_scan_date":"2026-02-10 20:27:52","limit_modified_date":false,"reviewed_by":null,"open_ai":null,"ai":null,"created":"2023-07-26 13:05:19","updated":"2026-02-10 20:27:52"},"aioseo_breadcrumb":"<div class=\"aioseo-breadcrumbs\"><span class=\"aioseo-breadcrumb\">\n\t<a href=\"https:\/\/monatglobal.com\/ca\" title=\"Home\">Home<\/a>\n<\/span><span class=\"aioseo-breadcrumb-separator\">&raquo;<\/span><span class=\"aioseo-breadcrumb\">\n\tP\u00e2te coiffante fini mat MONAT FOR MEN\u2122\n<\/span><\/div>","aioseo_breadcrumb_json":[{"label":"Home","link":"https:\/\/monatglobal.com\/ca"},{"label":"P\u00e2te coiffante fini mat MONAT FOR MEN\u2122","link":"https:\/\/monatglobal.com\/ca\/men-styling-clay\/?lang=fr"}],"_links":{"self":[{"href":"https:\/\/monatglobal.com\/ca\/wp-json\/wp\/v2\/pages\/67982","targetHints":{"allow":["GET"]}}],"collection":[{"href":"https:\/\/monatglobal.com\/ca\/wp-json\/wp\/v2\/pages"}],"about":[{"href":"https:\/\/monatglobal.com\/ca\/wp-json\/wp\/v2\/types\/page"}],"author":[{"embeddable":true,"href":"https:\/\/monatglobal.com\/ca\/wp-json\/wp\/v2\/users\/31"}],"replies":[{"embeddable":true,"href":"https:\/\/monatglobal.com\/ca\/wp-json\/wp\/v2\/comments?post=67982"}],"version-history":[{"count":39,"href":"https:\/\/monatglobal.com\/ca\/wp-json\/wp\/v2\/pages\/67982\/revisions"}],"predecessor-version":[{"id":110107,"href":"https:\/\/monatglobal.com\/ca\/wp-json\/wp\/v2\/pages\/67982\/revisions\/110107"}],"wp:featuredmedia":[{"embeddable":true,"href":"https:\/\/monatglobal.com\/ca\/wp-json\/wp\/v2\/media\/68015"}],"wp:attachment":[{"href":"https:\/\/monatglobal.com\/ca\/wp-json\/wp\/v2\/media?parent=67982"}],"wp:term":[{"taxonomy":"category","embeddable":true,"href":"https:\/\/monatglobal.com\/ca\/wp-json\/wp\/v2\/categories?post=67982"},{"taxonomy":"post_tag","embeddable":true,"href":"https:\/\/monatglobal.com\/ca\/wp-json\/wp\/v2\/tags?post=67982"}],"curies":[{"name":"wp","href":"https:\/\/api.w.org\/{rel}","templated":true}]}}