{"id":67416,"date":"2022-02-04T09:00:21","date_gmt":"2022-02-04T14:00:21","guid":{"rendered":"https:\/\/monatglobal.com\/ca\/?page_id=67416"},"modified":"2026-03-09T13:38:47","modified_gmt":"2026-03-09T17:38:47","slug":"men-shaving-cream","status":"publish","type":"page","link":"https:\/\/monatglobal.com\/ca\/men-shaving-cream\/?lang=fr","title":{"rendered":"MONAT FOR MEN\u2122 Essential Shaving Cream"},"content":{"rendered":"\n\n\t<link rel=\"stylesheet\" href=\"https:\/\/unpkg.com\/swiper\/swiper-bundle.min.css\" \/>\n<link rel=\"stylesheet\" href=\"https:\/\/monatglobal.com\/wp-content\/creative_css\/product_styles_sheet.css\" \/>\n   <!--==================================================== ECOMM SECTION ====================================================-->\n      <!--==================================================== Ecomm image ====================================================-->\n           \n      <source media=\"(max-width: 700px)\" srcset=\"https:\/\/monatglobal.com\/ca\/wp-content\/uploads\/sites\/5\/2022\/02\/essential-shaving-cream.png\" loading=\"lazy\"\/>\n      <img decoding=\"async\" src=\"https:\/\/monatglobal.com\/ca\/wp-content\/uploads\/sites\/5\/2022\/02\/essential-shaving-cream.png\" alt=\"MONAT FOR MEN\u2122 Essential Shaving Creamcream\" loading=\"lazy\"\/>\n         \n      <!--==================================================== Ecomm information  ====================================================-->\n         <h1>Cr\u00e8me de rasage<br \/> Essentiel <\/h1>\n           <p>MONAT FOR MEN\u2122<\/p>\n         \n         <p>Le rasage lisse et simple que vous m\u00e9ritez. <\/p>\n         <p>120 ml \u212e 4 oz liq.<\/p>\n       <!--==================================================== pricing box ====================================================-->     \n<p>Retail Price<br \/>$00.00 (USD)<\/p>\n<p>VIP Customer Price<br \/>$00.00 (USD)<\/p>\n       <!--==================================================== pricing box ====================================================-->       \n         <p>Pour en savoir plus sur Cr\u00e8me de rasage Essentiel MONAT FOR MEN\u2122, veuillez contacter votre partenaire de march\u00e9 MONAT. <\/p>\n            <a href=\"\" target=\"_blank\" role=\"button\" aria-label=\"\" rel=\"noopener\"><\/a>\n   <!--==================================================== \/ECOMM SECTION  ====================================================-->\n   <!--==================================================== Benefits image ====================================================-->\n   \n      <source media=\"(max-width: 700px)\" srcset=\"https:\/\/monatglobal.com\/wp-content\/uploads\/2022\/01\/essential_cream_shave-benefits_mobile.jpg\" loading=\"lazy\"\/>\n      <img decoding=\"async\" alt=\"Closeup of a woman's hands applying MONAT's Silky &#038; Soothing Hand Cream over a light peach background.\" \n      src=\"https:\/\/monatglobal.com\/wp-content\/uploads\/2022\/01\/essential_cream_shave-benefits.jpg\" loading=\"lazy\"\/>\n   \n   <!--==================================================== Benefits text ====================================================-->\n         <h2>BIENFAITS<\/h2>\n         <h3>Gr\u00e2ce \u00e0 de puissants ingr\u00e9dients et des ingr\u00e9dients v\u00e9g\u00e9taux d&#8217;origine naturelle, cette cr\u00e8me de rasage nourrit la peau s\u00e8che, offrant une exp\u00e9rience rafra\u00eechissante, hydratante et apaisante.<\/h3>\n         \n         <!--==================================================== features image  ====================================================-->\n         <img decoding=\"async\" alt=\"MONAT's Silky &#038; Soothing Hand Cream lays centered over a solid peach color background exhibiting its main ingredients such \n         as coconut &#038; oils ornamenting the main product. \" src=\"https:\/\/monatglobal.com\/wp-content\/uploads\/2022\/01\/essential_cream_shave-features.jpg\" loading=\"lazy\"\/>\n      <!--==================================================== features text ====================================================-->\n            <h3>Con\u00e7ue pour adoucir les poils du visage pour un rasage plus lisse et plus confortable. <\/h3>\n               <p>\/ Contient du REJUVENIQE S\u2122 et des ingr\u00e9dients v\u00e9g\u00e9taux d&#8217;origine naturelle<\/p>\n               <p>\/  Convient \u00e0 tous les types de peau, y compris la peau sensible<\/p>\n               <p>\/ Test\u00e9 cliniquement et sous contr\u00f4le dermatologique<\/p>\n               <br \/>\n            <p>Parfum \/ Menthol, brume de mer, arbre \u00e0 th\u00e9<\/p>\n            <p> Texture \/ cr\u00e9meuse\/l\u00e9g\u00e8re<\/p>\n   <!--==================================================== composition image mobile ====================================================-->\n   <img decoding=\"async\" alt=\"An abstract beauty shot showing a caucassian as well as an african american women's hands. \n   It is intended to portray its use on any type of skin.\" src=\"https:\/\/monatglobal.com\/wp-content\/uploads\/2021\/12\/essential_cream_shave-comp-1.jpg\" loading=\"lazy\"\/>\n   <!--==================================================== Why it works text ====================================================-->\n      <h2>Un m\u00e9lange dynamisant d&#8217;ingr\u00e9dients d&#8217;origine naturelle. <\/h2>\n      <h3>Nourrit, apaise et prot\u00e8ge la peau s\u00e8che, offrant un rasage confortable et une exp\u00e9rience optimale. <\/h3>\n<!--==================================================== Composition section ====================================================-->\n      <img decoding=\"async\" alt=\"An abstract beauty shot showing a caucassian as well as an african american women's hands. It is intended to portray its \n      use on any type of skin.\" src=\"https:\/\/monatglobal.com\/wp-content\/uploads\/2021\/12\/essential_cream_shave-comp-1.jpg\" loading=\"lazy\"\/>\n      <img decoding=\"async\" alt=\"A closeup of a woman applying MONAT's Silky &#038; Soothing Hand Cream onto her hands. This image reveals the cream's white \n      texture.\" src=\"https:\/\/monatglobal.com\/wp-content\/uploads\/2022\/01\/essential_cream_shave-comp-3.jpg\" loading=\"lazy\"\/>\n            <!--==================================================== Directions text ====================================================--> \n               <h3>Mode d&#8217;emploi<\/h3>\n               <p>\/ Appliquer une petite quantit\u00e9 du produit sur la peau du bout des doigts.<\/p>\n               <p>\/ Faire glisser le rasoir sur la peau pour un rasage lisse.<\/p>\n               <p>\/ Rincer abondamment.<\/p>\n               <p>\/ S\u00e9cher en tamponnant doucement avec une serviette&nbsp;propre.<\/p>\n            <!--==================================================== Directions video ====================================================-->\n      <p>Cr\u00e8me de rasage Essentiel<br \/> MONAT FOR MEN\u2122<br \/>0:26<\/p>\n            <p>BIENT\u00d4T DISPONIBLE<\/p>\n<a href=\"\" target=\"_blank\" role=\"button\" aria-label=\"\" rel=\"noopener\"><\/a>\n   <!--==================================================== Ingredients section  ====================================================-->\n      <h2>INGR\u00c9DIENTS ACTIFS CL\u00c9S<\/h2>\n               <p>REJUVENIQE S\u2122<\/p>\n               <p> Huile de noix de coco<\/p>\n               <p>Beurre de karit\u00e9<\/p>\n               <p>Alo\u00e8s<\/p>\n               <p>Avenacare<\/p>\n               <p>Extrait de racine de gingembre<\/p>\n               <p>Huile de graines de caf\u00e9<\/p>\n               <p>Panth\u00e9nol<\/p>\n        <button id=\"myBtn\" type=\"button\">LISTE D&#8217;INGR\u00c9DIENTS<\/button>\n      <!--==================================================== Modal content  ====================================================-->\n         &times;\n         Aqua\/Water\/Eau, Palmitic Acid, Stearic Acid, Cetyl Alcohol, Glycerin, Glyceryl Stearate, \n         Cocos Nucifera (Coconut) Oil, Caprylic\/Capric Triglyceride, Butyrospermum Parkii (Shea) Butter, \n         Adansonia Digitata Oil, Caryocar Brasiliense Fruit Oil, Gardenia Taitensis Flower Extract, Helianthus Annuus (Sunflower) Seed Oil, \n         Mauritia Flexuosa Fruit Oil, Moringa Oleifera Seed Oil, Tocopherol, Beta-Glucan, Simmondsia Chinensis (Jojoba) Seed Extract, \n         Zingiber Officinale (Ginger) Root Extract, Maltodextrin, Citrus Aurantifolia (Lime) Oil, Citrus Aurantium Bergamia (Bergamot) Fruit Oil, \n         Camellia Oleifera Seed Oil, Olea Europaea (Olive) Fruit Oil, Citrus Limon (Lemon) Peel Oil, Daucus Carota Sativa (Carrot) Seed Oil, \n         Solanum Lycopersicum (Tomato) Seed Oil, Citric Acid, Coffea Arabica (Coffee) Seed Oil, Lauric Acid, Myristic Acid, Bisabolol, \n         Ethylhexylglycerin, Crambe Abyssinica Seed Oil, Lavandula Angustifolia (Lavender) Oil, Sodium Hydroxide, Xanthan Gum, \n         Aloe Barbadensis Leaf Juice, Menthol, Panthenol, Limnanthes Alba (Meadowfoam) Seed Oil, Fragrance\/Parfum, Tocopheryl Acetate, \n         Benzyl Alcohol, Potassium Sorbate, Sodium Benzoate, Phenoxyethanol, Benzoic Acid, Dehydroacetic Acid, Benzyl Benzoate, Limonene, Linalool.\n   <!--==================================================== You might also like section ====================================================-->\n      <h2>VOUS POURRIEZ AUSSI AIMER<\/h2>\n      <!--==================================================== Slider YOU MIGHT ALSO LIKE ====================================================-->\n      <!---->\n      <!--   -->\n            <!--==================================================== Slides products ====================================================-->\n      <!--      -->\n      <!--         <a href=\"\/ca\/men-face-wash\/?lang=fr\" aria-label=\"Go to MONAT FOR MEN\u2122 Nettoyant facial essentiel page\">-->\n      <!--            <img decoding=\"async\" src=\"https:\/\/monatglobal.com\/wp-content\/uploads\/2022\/12\/essential-face-wash-ecomm-2022-min.png\" alt=\"MONAT FOR MEN\u2122 Nettoyant facial essentiel\" loading=\"lazy\"\/>-->\n      <!--            <p>Nettoyant facial essentiel <br \/> MONAT FOR MEN\u2122<\/p>-->\n      <!--         <\/a>-->\n      <!--      -->\n      <!--      -->\n      <!--         <a href=\"\/ca\/men-face-scrub\/?lang=fr\" aria-label=\"Go to MONAT FOR MEN\u2122 Essential Face Scrub page\">-->\n      <!--            <img decoding=\"async\" src=\"https:\/\/monatglobal.com\/wp-content\/uploads\/2022\/12\/essential-face-scrub-ecomm-2022-min.png\" alt=\"MONAT FOR MEN\u2122 Essential Face Scrub\" loading=\"lazy\"\/>-->\n      <!--            <p>Exfoliant facial essentiel<br \/>  MONAT FOR MEN\u2122<\/p>-->\n      <!--         <\/a>-->\n      <!--      -->\n      <!--      -->\n      <!--         <a href=\"\/ca\/men-face-moisturizer\/?lang=fr\" aria-label=\"Go to MONAT FOR MEN\u2122 Essential Face Moisturizer page\">-->\n      <!--            <img decoding=\"async\" src=\"https:\/\/monatglobal.com\/wp-content\/uploads\/2022\/12\/essential-face-moisturizer-ecomm-2022-min.png\" alt=\"MONAT FOR MEN\u2122 Essential Face Moisturizer\" loading=\"lazy\"\/>-->\n      <!--            <p>Hydratant facial essentiel<br \/>  MONAT FOR MEN\u2122<\/p>-->\n      <!--         <\/a>-->\n      <!--      -->\n      <!--   -->\n         <!--==================================================== If we need navigation buttons  ====================================================-->\n      <!--   -->\n      <!--   -->\n         <!--==================================================== If we need paginations  ====================================================-->\n      <!--   -->\n      <!---->\n<!-- If we need navigation buttons -->\n<!-- If we need paginations -->\n<a href=\"\" aria-label=\"\"><\/a>\n<!--==================================================== this link has to go last for it to work   ====================================================-->\n\n","protected":false},"excerpt":{"rendered":"<p>Cr\u00e8me de rasage Essentiel MONAT FOR MEN\u2122 Le rasage lisse et simple que vous m\u00e9ritez. 120 ml \u212e 4 oz liq. Retail Price$00.00 (USD) VIP Customer Price$00.00 (USD) Pour en savoir plus sur Cr\u00e8me de rasage Essentiel MONAT FOR MEN\u2122, veuillez contacter votre partenaire de march\u00e9 MONAT. BIENFAITS Gr\u00e2ce \u00e0 de puissants ingr\u00e9dients et des&hellip;<\/p>\n","protected":false},"author":31,"featured_media":110361,"parent":0,"menu_order":0,"comment_status":"closed","ping_status":"closed","template":"","meta":{"inline_featured_image":false,"om_disable_all_campaigns":false,"_monsterinsights_skip_tracking":false,"_monsterinsights_sitenote_active":false,"_monsterinsights_sitenote_note":"","_monsterinsights_sitenote_category":0,"footnotes":""},"categories":[3629],"tags":[],"class_list":["post-67416","page","type-page","status-publish","has-post-thumbnail","hentry","category-product-fra"],"aioseo_notices":[],"aioseo_head":"\n\t\t<!-- All in One SEO Pro 4.9.5.2 - aioseo.com -->\n\t<meta name=\"description\" content=\"Cr\u00e8me de rasage Essentiel MONAT FOR MEN\u2122 Le rasage lisse et simple que vous m\u00e9ritez. 120 ml \u212e 4 oz liq. Retail Price$00.00 (USD) VIP Customer Price$00.00 (USD) Pour en savoir plus sur Cr\u00e8me de rasage Essentiel MONAT FOR MEN\u2122, veuillez contacter votre partenaire de march\u00e9 MONAT. BIENFAITS Gr\u00e2ce \u00e0 de puissants ingr\u00e9dients et des\" \/>\n\t<meta name=\"robots\" content=\"max-image-preview:large\" \/>\n\t<link rel=\"canonical\" href=\"https:\/\/monatglobal.com\/ca\/men-shaving-cream\/?lang=fr\" \/>\n\t<meta name=\"generator\" content=\"All in One SEO Pro (AIOSEO) 4.9.5.2\" \/>\n\t\t<meta property=\"og:locale\" content=\"en_US\" \/>\n\t\t<meta property=\"og:site_name\" content=\"Monat Canada English - We Are Modern Nature\" \/>\n\t\t<meta property=\"og:type\" content=\"article\" \/>\n\t\t<meta property=\"og:title\" content=\"MONAT FOR MEN\u2122 Essential Shaving Cream - Monat Canada English\" \/>\n\t\t<meta property=\"og:description\" content=\"Cr\u00e8me de rasage Essentiel MONAT FOR MEN\u2122 Le rasage lisse et simple que vous m\u00e9ritez. 120 ml \u212e 4 oz liq. Retail Price$00.00 (USD) VIP Customer Price$00.00 (USD) Pour en savoir plus sur Cr\u00e8me de rasage Essentiel MONAT FOR MEN\u2122, veuillez contacter votre partenaire de march\u00e9 MONAT. BIENFAITS Gr\u00e2ce \u00e0 de puissants ingr\u00e9dients et des\" \/>\n\t\t<meta property=\"og:url\" content=\"https:\/\/monatglobal.com\/ca\/men-shaving-cream\/?lang=fr\" \/>\n\t\t<meta property=\"article:published_time\" content=\"2022-02-04T14:00:21+00:00\" \/>\n\t\t<meta property=\"article:modified_time\" content=\"2026-03-09T17:38:47+00:00\" \/>\n\t\t<meta name=\"twitter:card\" content=\"summary_large_image\" \/>\n\t\t<meta name=\"twitter:title\" content=\"MONAT FOR MEN\u2122 Essential Shaving Cream - Monat Canada English\" \/>\n\t\t<meta name=\"twitter:description\" content=\"Cr\u00e8me de rasage Essentiel MONAT FOR MEN\u2122 Le rasage lisse et simple que vous m\u00e9ritez. 120 ml \u212e 4 oz liq. Retail Price$00.00 (USD) VIP Customer Price$00.00 (USD) Pour en savoir plus sur Cr\u00e8me de rasage Essentiel MONAT FOR MEN\u2122, veuillez contacter votre partenaire de march\u00e9 MONAT. BIENFAITS Gr\u00e2ce \u00e0 de puissants ingr\u00e9dients et des\" \/>\n\t\t<script type=\"application\/ld+json\" class=\"aioseo-schema\">\n\t\t\t{\"@context\":\"https:\\\/\\\/schema.org\",\"@graph\":[{\"@type\":\"BreadcrumbList\",\"@id\":\"https:\\\/\\\/monatglobal.com\\\/ca\\\/men-shaving-cream\\\/?lang=fr#breadcrumblist\",\"itemListElement\":[{\"@type\":\"ListItem\",\"@id\":\"https:\\\/\\\/monatglobal.com\\\/ca#listItem\",\"position\":1,\"name\":\"Home\",\"item\":\"https:\\\/\\\/monatglobal.com\\\/ca\",\"nextItem\":{\"@type\":\"ListItem\",\"@id\":\"https:\\\/\\\/monatglobal.com\\\/ca\\\/men-shaving-cream\\\/?lang=fr#listItem\",\"name\":\"MONAT FOR MEN\\u2122 Essential Shaving Cream\"}},{\"@type\":\"ListItem\",\"@id\":\"https:\\\/\\\/monatglobal.com\\\/ca\\\/men-shaving-cream\\\/?lang=fr#listItem\",\"position\":2,\"name\":\"MONAT FOR MEN\\u2122 Essential Shaving Cream\",\"previousItem\":{\"@type\":\"ListItem\",\"@id\":\"https:\\\/\\\/monatglobal.com\\\/ca#listItem\",\"name\":\"Home\"}}]},{\"@type\":\"Organization\",\"@id\":\"https:\\\/\\\/monatglobal.com\\\/ca\\\/#organization\",\"name\":\"Monat Canada English\",\"description\":\"We Are Modern Nature\",\"url\":\"https:\\\/\\\/monatglobal.com\\\/ca\\\/\"},{\"@type\":\"WebPage\",\"@id\":\"https:\\\/\\\/monatglobal.com\\\/ca\\\/men-shaving-cream\\\/?lang=fr#webpage\",\"url\":\"https:\\\/\\\/monatglobal.com\\\/ca\\\/men-shaving-cream\\\/?lang=fr\",\"name\":\"MONAT FOR MEN\\u2122 Essential Shaving Cream - Monat Canada English\",\"description\":\"Cr\\u00e8me de rasage Essentiel MONAT FOR MEN\\u2122 Le rasage lisse et simple que vous m\\u00e9ritez. 120 ml \\u212e 4 oz liq. Retail Price$00.00 (USD) VIP Customer Price$00.00 (USD) Pour en savoir plus sur Cr\\u00e8me de rasage Essentiel MONAT FOR MEN\\u2122, veuillez contacter votre partenaire de march\\u00e9 MONAT. BIENFAITS Gr\\u00e2ce \\u00e0 de puissants ingr\\u00e9dients et des\",\"inLanguage\":\"en-US\",\"isPartOf\":{\"@id\":\"https:\\\/\\\/monatglobal.com\\\/ca\\\/#website\"},\"breadcrumb\":{\"@id\":\"https:\\\/\\\/monatglobal.com\\\/ca\\\/men-shaving-cream\\\/?lang=fr#breadcrumblist\"},\"image\":{\"@type\":\"ImageObject\",\"url\":\"https:\\\/\\\/monatglobal.com\\\/ca\\\/wp-content\\\/uploads\\\/sites\\\/5\\\/2026\\\/03\\\/essential-shaving-cream-1.png\",\"@id\":\"https:\\\/\\\/monatglobal.com\\\/ca\\\/men-shaving-cream\\\/?lang=fr\\\/#mainImage\",\"width\":438,\"height\":500},\"primaryImageOfPage\":{\"@id\":\"https:\\\/\\\/monatglobal.com\\\/ca\\\/men-shaving-cream\\\/?lang=fr#mainImage\"},\"datePublished\":\"2022-02-04T09:00:21-05:00\",\"dateModified\":\"2026-03-09T13:38:47-04:00\"},{\"@type\":\"WebSite\",\"@id\":\"https:\\\/\\\/monatglobal.com\\\/ca\\\/#website\",\"url\":\"https:\\\/\\\/monatglobal.com\\\/ca\\\/\",\"name\":\"Monat Canada English\",\"description\":\"We Are Modern Nature\",\"inLanguage\":\"en-US\",\"publisher\":{\"@id\":\"https:\\\/\\\/monatglobal.com\\\/ca\\\/#organization\"}}]}\n\t\t<\/script>\n\t\t<!-- All in One SEO Pro -->\r\n\t\t<title>MONAT FOR MEN\u2122 Essential Shaving Cream - Monat Canada English<\/title>\n\n","aioseo_head_json":{"title":"MONAT FOR MEN\u2122 Essential Shaving Cream - Monat Canada English","description":"Cr\u00e8me de rasage Essentiel MONAT FOR MEN\u2122 Le rasage lisse et simple que vous m\u00e9ritez. 120 ml \u212e 4 oz liq. Retail Price$00.00 (USD) VIP Customer Price$00.00 (USD) Pour en savoir plus sur Cr\u00e8me de rasage Essentiel MONAT FOR MEN\u2122, veuillez contacter votre partenaire de march\u00e9 MONAT. BIENFAITS Gr\u00e2ce \u00e0 de puissants ingr\u00e9dients et des","canonical_url":"https:\/\/monatglobal.com\/ca\/men-shaving-cream\/?lang=fr","robots":"max-image-preview:large","keywords":"","webmasterTools":{"miscellaneous":""},"schema":{"@context":"https:\/\/schema.org","@graph":[{"@type":"BreadcrumbList","@id":"https:\/\/monatglobal.com\/ca\/men-shaving-cream\/?lang=fr#breadcrumblist","itemListElement":[{"@type":"ListItem","@id":"https:\/\/monatglobal.com\/ca#listItem","position":1,"name":"Home","item":"https:\/\/monatglobal.com\/ca","nextItem":{"@type":"ListItem","@id":"https:\/\/monatglobal.com\/ca\/men-shaving-cream\/?lang=fr#listItem","name":"MONAT FOR MEN\u2122 Essential Shaving Cream"}},{"@type":"ListItem","@id":"https:\/\/monatglobal.com\/ca\/men-shaving-cream\/?lang=fr#listItem","position":2,"name":"MONAT FOR MEN\u2122 Essential Shaving Cream","previousItem":{"@type":"ListItem","@id":"https:\/\/monatglobal.com\/ca#listItem","name":"Home"}}]},{"@type":"Organization","@id":"https:\/\/monatglobal.com\/ca\/#organization","name":"Monat Canada English","description":"We Are Modern Nature","url":"https:\/\/monatglobal.com\/ca\/"},{"@type":"WebPage","@id":"https:\/\/monatglobal.com\/ca\/men-shaving-cream\/?lang=fr#webpage","url":"https:\/\/monatglobal.com\/ca\/men-shaving-cream\/?lang=fr","name":"MONAT FOR MEN\u2122 Essential Shaving Cream - Monat Canada English","description":"Cr\u00e8me de rasage Essentiel MONAT FOR MEN\u2122 Le rasage lisse et simple que vous m\u00e9ritez. 120 ml \u212e 4 oz liq. Retail Price$00.00 (USD) VIP Customer Price$00.00 (USD) Pour en savoir plus sur Cr\u00e8me de rasage Essentiel MONAT FOR MEN\u2122, veuillez contacter votre partenaire de march\u00e9 MONAT. BIENFAITS Gr\u00e2ce \u00e0 de puissants ingr\u00e9dients et des","inLanguage":"en-US","isPartOf":{"@id":"https:\/\/monatglobal.com\/ca\/#website"},"breadcrumb":{"@id":"https:\/\/monatglobal.com\/ca\/men-shaving-cream\/?lang=fr#breadcrumblist"},"image":{"@type":"ImageObject","url":"https:\/\/monatglobal.com\/ca\/wp-content\/uploads\/sites\/5\/2026\/03\/essential-shaving-cream-1.png","@id":"https:\/\/monatglobal.com\/ca\/men-shaving-cream\/?lang=fr\/#mainImage","width":438,"height":500},"primaryImageOfPage":{"@id":"https:\/\/monatglobal.com\/ca\/men-shaving-cream\/?lang=fr#mainImage"},"datePublished":"2022-02-04T09:00:21-05:00","dateModified":"2026-03-09T13:38:47-04:00"},{"@type":"WebSite","@id":"https:\/\/monatglobal.com\/ca\/#website","url":"https:\/\/monatglobal.com\/ca\/","name":"Monat Canada English","description":"We Are Modern Nature","inLanguage":"en-US","publisher":{"@id":"https:\/\/monatglobal.com\/ca\/#organization"}}]},"og:locale":"en_US","og:site_name":"Monat Canada English - We Are Modern Nature","og:type":"article","og:title":"MONAT FOR MEN\u2122 Essential Shaving Cream - Monat Canada English","og:description":"Cr\u00e8me de rasage Essentiel MONAT FOR MEN\u2122 Le rasage lisse et simple que vous m\u00e9ritez. 120 ml \u212e 4 oz liq. Retail Price$00.00 (USD) VIP Customer Price$00.00 (USD) Pour en savoir plus sur Cr\u00e8me de rasage Essentiel MONAT FOR MEN\u2122, veuillez contacter votre partenaire de march\u00e9 MONAT. BIENFAITS Gr\u00e2ce \u00e0 de puissants ingr\u00e9dients et des","og:url":"https:\/\/monatglobal.com\/ca\/men-shaving-cream\/?lang=fr","article:published_time":"2022-02-04T14:00:21+00:00","article:modified_time":"2026-03-09T17:38:47+00:00","twitter:card":"summary_large_image","twitter:title":"MONAT FOR MEN\u2122 Essential Shaving Cream - Monat Canada English","twitter:description":"Cr\u00e8me de rasage Essentiel MONAT FOR MEN\u2122 Le rasage lisse et simple que vous m\u00e9ritez. 120 ml \u212e 4 oz liq. Retail Price$00.00 (USD) VIP Customer Price$00.00 (USD) Pour en savoir plus sur Cr\u00e8me de rasage Essentiel MONAT FOR MEN\u2122, veuillez contacter votre partenaire de march\u00e9 MONAT. BIENFAITS Gr\u00e2ce \u00e0 de puissants ingr\u00e9dients et des"},"aioseo_meta_data":{"post_id":"67416","title":null,"description":null,"keywords":null,"keyphrases":{"focus":{"keyphrase":"","score":0,"analysis":{"keyphraseInTitle":{"score":0,"maxScore":9,"error":1}}},"additional":[]},"primary_term":null,"canonical_url":null,"og_title":null,"og_description":null,"og_object_type":"default","og_image_type":"default","og_image_url":null,"og_image_width":null,"og_image_height":null,"og_image_custom_url":null,"og_image_custom_fields":null,"og_video":"","og_custom_url":null,"og_article_section":null,"og_article_tags":null,"twitter_use_og":false,"twitter_card":"default","twitter_image_type":"default","twitter_image_url":null,"twitter_image_custom_url":null,"twitter_image_custom_fields":null,"twitter_title":null,"twitter_description":null,"schema":{"blockGraphs":[],"customGraphs":[],"default":{"data":{"Article":[],"Course":[],"Dataset":[],"FAQPage":[],"Movie":[],"Person":[],"Product":[],"ProductReview":[],"Car":[],"Recipe":[],"Service":[],"SoftwareApplication":[],"WebPage":[]},"graphName":"WebPage","isEnabled":true},"graphs":[]},"schema_type":"default","schema_type_options":null,"pillar_content":false,"robots_default":true,"robots_noindex":false,"robots_noarchive":false,"robots_nosnippet":false,"robots_nofollow":false,"robots_noimageindex":false,"robots_noodp":false,"robots_notranslate":false,"robots_max_snippet":"-1","robots_max_videopreview":"-1","robots_max_imagepreview":"large","priority":null,"frequency":"default","local_seo":null,"seo_analyzer_scan_date":"2026-03-09 18:24:30","limit_modified_date":false,"reviewed_by":"0","open_ai":null,"ai":{"faqs":[],"keyPoints":[],"titles":[],"descriptions":[],"socialPosts":{"email":[],"linkedin":[],"twitter":[],"facebook":[],"instagram":[]}},"created":"2023-07-26 13:05:19","updated":"2026-03-09 18:26:24"},"aioseo_breadcrumb":"<div class=\"aioseo-breadcrumbs\"><span class=\"aioseo-breadcrumb\">\n\t<a href=\"https:\/\/monatglobal.com\/ca\" title=\"Home\">Home<\/a>\n<\/span><span class=\"aioseo-breadcrumb-separator\">&raquo;<\/span><span class=\"aioseo-breadcrumb\">\n\tMONAT FOR MEN\u2122 Essential Shaving Cream\n<\/span><\/div>","aioseo_breadcrumb_json":[{"label":"Home","link":"https:\/\/monatglobal.com\/ca"},{"label":"MONAT FOR MEN\u2122 Essential Shaving Cream","link":"https:\/\/monatglobal.com\/ca\/men-shaving-cream\/?lang=fr"}],"_links":{"self":[{"href":"https:\/\/monatglobal.com\/ca\/wp-json\/wp\/v2\/pages\/67416","targetHints":{"allow":["GET"]}}],"collection":[{"href":"https:\/\/monatglobal.com\/ca\/wp-json\/wp\/v2\/pages"}],"about":[{"href":"https:\/\/monatglobal.com\/ca\/wp-json\/wp\/v2\/types\/page"}],"author":[{"embeddable":true,"href":"https:\/\/monatglobal.com\/ca\/wp-json\/wp\/v2\/users\/31"}],"replies":[{"embeddable":true,"href":"https:\/\/monatglobal.com\/ca\/wp-json\/wp\/v2\/comments?post=67416"}],"version-history":[{"count":36,"href":"https:\/\/monatglobal.com\/ca\/wp-json\/wp\/v2\/pages\/67416\/revisions"}],"predecessor-version":[{"id":110154,"href":"https:\/\/monatglobal.com\/ca\/wp-json\/wp\/v2\/pages\/67416\/revisions\/110154"}],"wp:featuredmedia":[{"embeddable":true,"href":"https:\/\/monatglobal.com\/ca\/wp-json\/wp\/v2\/media\/110361"}],"wp:attachment":[{"href":"https:\/\/monatglobal.com\/ca\/wp-json\/wp\/v2\/media?parent=67416"}],"wp:term":[{"taxonomy":"category","embeddable":true,"href":"https:\/\/monatglobal.com\/ca\/wp-json\/wp\/v2\/categories?post=67416"},{"taxonomy":"post_tag","embeddable":true,"href":"https:\/\/monatglobal.com\/ca\/wp-json\/wp\/v2\/tags?post=67416"}],"curies":[{"name":"wp","href":"https:\/\/api.w.org\/{rel}","templated":true}]}}