{"id":66109,"date":"2021-11-19T12:00:27","date_gmt":"2021-11-19T17:00:27","guid":{"rendered":"https:\/\/monatglobal.com\/ca\/?page_id=66109"},"modified":"2021-11-21T20:18:22","modified_gmt":"2021-11-22T01:18:22","slug":"bright-friday-trio","status":"publish","type":"page","link":"https:\/\/monatglobal.com\/ca\/bright-friday-trio\/?lang=fr","title":{"rendered":"Vendredi brillant 2021 MONAT | Trio d\u00e9tente | Ensemble-cadeau"},"content":{"rendered":"\n\t<style>\n    .col_3 { grid-template-columns: repeat(3, 1fr); }\n    .col_2 { grid-template-columns: repeat(2, 1fr); }\n    @media screen and (max-width: 992px) {\n        .med_col_2 { grid-template-columns: repeat(2, 1fr); }\n    }\n    @media screen and (max-width: 700px) {\n      .small_col_1 { grid-template-columns: repeat(1, 1fr); }\n    }\n<\/style>\n<link rel=\"stylesheet\" href=\"https:\/\/unpkg.com\/swiper\/swiper-bundle.min.css\" \/>\n       <a href=\"\/ca\/bright-friday\/?lang=fr\">\n<!-- Generator: Adobe Illustrator 24.2.1, SVG Export Plug-In . SVG Version: 6.00 Build 0)  -->\n<\/a>\n      <img decoding=\"async\" src=\"https:\/\/monatglobal.com\/ca\/wp-content\/uploads\/sites\/5\/2021\/11\/Total-Unwind-Trio-ecomm-CA.jpg\" alt=\"Total Unwind Trio  ecomm usa\">\n                <p>Prix de d\u00e9tail r\u00e9duit<br>201 $ CA<\/p>\n                      <p>Valeur au d\u00e9tail <br>366 $ CA<\/p>\n                      <p>Prix de VIP<br>171 $ CA<\/p>\n               <p>*While Supplies last<\/p>\n                    <a target=\"_blank\" href=\"https:\/\/mymonat.com\/shop\/products\/total-unwind-trio-6000002611\" aria-label=\"Total Unwind Trio\" >MAGASINEZ<\/a>\n        <h1>Trio d\u00e9tente<\/h1>\n        <p>DE BRILLANTES OFFRES ANTICIP\u00c9ES&nbsp;2021<\/p>\n      <h2>Comprend <\/h2>\n                    <p>REJUVENIQE\u00ae <br> (30 ml \u212e 1 oz liq.) <\/p>\n                    <hr>\n                    <p>Cr\u00e8me de nuit anti-\u00e2ge <br>Night Haven\u2122<br> ( 50 ml e 1,7 oz liq.)<\/p>\n                    <hr>\n                    <p>Gouttes pour le&nbsp;sommeil <br> (30 ml \u212e 1 oz liq.) <\/p>\n                    <hr>\n                         <p>Accessoire: <\/p>\n                         <p>Masque pour les yeux Sons&nbsp;paisibles<\/p>\n                         <p>Sac de rangement rose<\/p>\n                <p>Prix de d\u00e9tail r\u00e9duit<br>201 $ CA<\/p>\n                      <p>Valeur au d\u00e9tail <br>366 $ CA<\/p>\n                      <p>Prix de VIP<br>171 $ CA<\/p>\n               <p>*While Supplies last<\/p>\n            <a target=\"_blank\" href=\"https:\/\/mymonat.com\/shop\/products\/total-unwind-trio-6000002611\" aria-label=\"Total Unwind Trio\">MAGASINEZ<\/a>\n\n    <img>\n   <source media=\"(max-width: 700px)\" srcset=\"https:\/\/monatglobal.com\/ca\/wp-content\/uploads\/sites\/5\/2021\/11\/Total-Unwind-Trio-EARLY-BRIGHT-2021-main-img_mainpage-ca.jpg\">\n   <img decoding=\"async\" alt=\"\" \n   src=\"https:\/\/monatglobal.com\/ca\/wp-content\/uploads\/sites\/5\/2021\/11\/Total-Unwind-Trio-EARLY-BRIGHT-2021-main-img-CA.jpg\">\n\n   <!--==================================================== Why it works text ====================================================-->\n      <h2>Oubliez le stress des F\u00eates et offrez la touche parfaite de tranquillit\u00e9 et de soins personnels biens&nbsp;m\u00e9rit\u00e9s.<\/h2>\n      Voici le Trio d\u00e9tente de MONAT, en \u00e9dition limit\u00e9e. Il comprend un soin capillaire, un soin de la peau et un produit de bien-\u00eatre \n      populaires; l\u2019ensemble id\u00e9al de soins personnels pour favoriser la&nbsp;d\u00e9tente.\n<!--==================================================== Composition section ====================================================-->\n    <h2>TRIO <br>D\u00c9TENTE <\/h2>\n                <h2>Mettant en vedette REJUVENIQE\u00ae, le produit phare de MONAT et une huile \n                polyvalente qui r\u00e9g\u00e9n\u00e8re et donne une apparence plus saine aux cheveux et \u00e0 la&nbsp;peau. <\/h2>\n            <img decoding=\"async\" src=\"https:\/\/monatglobal.com\/ca\/wp-content\/uploads\/sites\/5\/2021\/11\/calming-combo-rejuveniqe-1.jpg\">\n            <img decoding=\"async\" src=\"https:\/\/monatglobal.com\/ca\/wp-content\/uploads\/sites\/5\/2021\/11\/calming-combo-rejuveniqe-2.jpg\">\n                <h2>R\u00e9veillez-vous avec une peau rafra\u00eechie, radieuse et renouvel\u00e9e gr\u00e2ce \n                \u00e0 la Cr\u00e8me de nuit anti-\u00e2ge Night Haven\u2122, notre cr\u00e8me de nuit r\u00e9paratrice et nourrissante qui se fond dans la peau, \n                offrant une hydratation&nbsp;intense.<\/h2>\n            <img decoding=\"async\" src=\"https:\/\/monatglobal.com\/ca\/wp-content\/uploads\/sites\/5\/2021\/11\/Overnight-Age-Control-Cream-1.jpg\">\n            <img decoding=\"async\" src=\"https:\/\/monatglobal.com\/ca\/wp-content\/uploads\/sites\/5\/2021\/11\/Overnight-Age-Control-Cream-2.jpg\">\n                <h2>Compl\u00e9tez votre routine de soins de soi avec les Gouttes pour le sommeil, \n                un \u00e9lixir apaisant qui contient un m\u00e9lange exclusif d&#8217;acides amin\u00e9s dont la L-th\u00e9anine pour aider \u00e0 favoriser temporairement \n                la&nbsp;d\u00e9tente. <\/h2>\n            <img decoding=\"async\" src=\"https:\/\/monatglobal.com\/ca\/wp-content\/uploads\/sites\/5\/2021\/11\/soothing-blend-of-herbal-extracts-ca.jpg\">\n            <img decoding=\"async\" src=\"https:\/\/monatglobal.com\/wp-content\/uploads\/2021\/11\/Eye-Mask-with-built-in-Bluetooth-headphones.jpg\">\n                <h2>Ainsi que le Masque pour les yeux Sons paisibles en \u00e9dition \n                limit\u00e9e. Ce masque pour les yeux ultra confortable est dot\u00e9 d\u2019\u00e9couteurs Bluetooth int\u00e9gr\u00e9s pour offrir une \n                exp\u00e9rience audio enveloppante et filtrer les bruits&nbsp;ind\u00e9sirables. <\/h2>\n                Les courroies r\u00e9glables permettent un bon ajustement et sont confortables pour les \n                personnes qui dorment sur le c\u00f4t\u00e9 ou sur le dos. Il est id\u00e9al pour la d\u00e9tente \u00e0 la maison et les&nbsp;voyages.\n        <a target=\"_blank\" href=\"https:\/\/mymonat.com\/shop\/products\/total-unwind-trio-6000002611\" aria-label=\"Total Unwind Trio\">MAGASINEZ<\/a>\n    <h2>Cet ensemble comprend <\/h2>\n            <img decoding=\"async\" src=\"https:\/\/monatglobal.com\/wp-content\/uploads\/2020\/07\/REJUVENIQUE-500x438.png\" alt=\"REJUVENIQE\u00ae\">\n          <p>REJUVENIQE\u00ae<\/p>\n          <p>(30 ml \u212e 1 oz liq.)<\/p>\n          Cette huile multifonction contient un m\u00e9lange exclusif de plus de 13 huiles v\u00e9g\u00e9tales et \n          essentielles qui donnent une allure saine aux cheveux et \u00e0 la peau, tout en leur procurant des antioxydants, connus pour \n          leurs propri\u00e9t\u00e9s&nbsp;anti-\u00e2ge. \n            <img decoding=\"async\" src=\"https:\/\/monatglobal.com\/wp-content\/uploads\/2021\/11\/NIGHT-HAVEN-OVERNIGHT-AGE-CONTROL-CREAM__.jpg\" alt=\"Night Haven\u2122 Overnight Age Control Cream \">\n          <p>Cr\u00e8me de nuit anti-\u00e2ge <br>Night Haven\u2122<\/p>\n          <p>( 50 ml e 1,7 oz liq.)<\/p>\n          Cette luxueuse cr\u00e8me de nuit r\u00e9paratrice fond dans la peau, lui offrant des \u00e9l\u00e9ments nutritifs et une \n          hydratation intense. Le matin, la peau est rafra\u00eechie, \u00e9clatante et renouvel\u00e9e. Utiliser chaque soir pour une peau repulp\u00e9e, resserr\u00e9e \n          et d\u2019apparence plus&nbsp;lisse. \n            <img decoding=\"async\" src=\"https:\/\/monatglobal.com\/wp-content\/uploads\/2021\/11\/SLEEP-DROPS__.jpg\" alt=\"Refreshing Facial Globes\">\n          <p>Gouttes pour le sommeil <\/p>\n          <p>(30 ml \u212e 1 oz liq.)<\/p>\n          Cet \u00e9lixir apaisant fait \u00e0 partir d\u2019extraits de plantes et d\u2019acides amin\u00e9s favorise \n          temporairement la d\u00e9tente et r\u00e9initialise le cycle de sommeil du corps pour un sommeil r\u00e9parateur et&nbsp;reposant. \n            <img decoding=\"async\" src=\"https:\/\/monatglobal.com\/wp-content\/uploads\/2021\/11\/SLEEP-SOUNDS-EYE-MASK.jpg\" alt=\"Sleep Sounds Eye Mask\">\n          <p>Masque pour les yeux Sons&nbsp;paisibles<\/p>\n          <p>Dot\u00e9 d\u2019\u00e9couteurs Bluetooth<sup>\u00ae<\/sup> int\u00e9gr\u00e9s, c\u2019est l\u2019accessoire id\u00e9al pour favoriser la d\u00e9tente. \u00c9coutez vos chansons ou vos balados favoris tout en bloquant compl\u00e8tement la lumi\u00e8re pour un sommeil reposant.<\/p>\n            <img decoding=\"async\" src=\"https:\/\/monatglobal.com\/wp-content\/uploads\/2021\/11\/pink-bag.jpg\" alt=\"Square Reusable Pink Bag\">\n          <p>Sac de rangement rose<\/p>\n          <p>Id\u00e9al pour ranger vos produits, o\u00f9 que vous alliez pendant les F\u00eates!<\/p>\n    <img decoding=\"async\" src=\"https:\/\/monatglobal.com\/wp-content\/uploads\/2021\/10\/merry-and-magical.png\">\n    <p><em>HOLIDAYS BEGIN AT MONAT<\/em><\/p>\n   <!--==================================================== You might also like section ====================================================-->\n      <h2>VOUS POURRIEZ AUSSI AIMER<\/h2>\n      <!--==================================================== Slider YOU MIGHT ALSO LIKE ====================================================-->\n            <!--==================================================== Slides products ====================================================-->\n               <a href=\"\/ca\/bright-friday-hair-waves\/?lang=fr\" aria-label=\"Go to Vagues bondissantes page\">\n                  <img decoding=\"async\" src=\"https:\/\/monatglobal.com\/wp-content\/uploads\/2021\/11\/Wondrous-Waves-FRIDAY-2021-ymal-.jpg\" alt=\"Vagues bondissantes\"\/>\n                  <p>Vagues bondissantes<\/p>\n               <\/a>\n               <a href=\"\/ca\/bright-friday-skincare\/?lang=fr\" aria-label=\"Go to Trousse de voyage \u00c9clat sur le pouce page\">\n                  <img decoding=\"async\" src=\"https:\/\/monatglobal.com\/wp-content\/uploads\/2021\/11\/Go-Glow-Skincare-Travel-Kit-ymal-.jpg\" alt=\"Trousse de voyage \u00c9clat sur le pouce\"\/>\n                  <p>Trousse de voyage <br>\u00c9clat sur le pouce<\/p>\n               <\/a>\n               <a href=\"\/ca\/bright-friday-hair-volume\/?lang=fr\" aria-label=\"Go to Montez le volume page\">\n                  <img decoding=\"async\" src=\"https:\/\/monatglobal.com\/wp-content\/uploads\/2021\/11\/Turn-Up-the-Volume-EARLY-BRIGHT-2021-ymal-.jpg\" alt=\"Montez le volume\"\/>\n                  <p>Montez le volume<\/p>\n               <\/a>\n         <!--==================================================== If we need navigation buttons  ====================================================-->\n         <!--==================================================== If we need paginations  ====================================================-->\n        <a href=\"\/ca\/bright-friday\/?lang=fr\" aria-label=\"Go to DE BRILLANTES OFFRES ANTICIP\u00c9ES 2021\"><p>De brillantes offres anticip\u00e9es&nbsp;2021<\/p><\/a>\n<!--==================================================== this link has to go last for it to work   ====================================================-->\n","protected":false},"excerpt":{"rendered":"<p>Prix de d\u00e9tail r\u00e9duit201 $ CA Valeur au d\u00e9tail 366 $ CA Prix de VIP171 $ CA *While Supplies last MAGASINEZ Trio d\u00e9tente DE BRILLANTES OFFRES ANTICIP\u00c9ES&nbsp;2021 Comprend REJUVENIQE\u00ae (30 ml \u212e 1 oz liq.) Cr\u00e8me de nuit anti-\u00e2ge Night Haven\u2122 ( 50 ml e 1,7 oz liq.) Gouttes pour le&nbsp;sommeil (30 ml \u212e 1&hellip;<\/p>\n","protected":false},"author":31,"featured_media":65997,"parent":0,"menu_order":0,"comment_status":"closed","ping_status":"closed","template":"template-full-custom.php","meta":{"inline_featured_image":false,"om_disable_all_campaigns":false,"_monsterinsights_skip_tracking":false,"_monsterinsights_sitenote_active":false,"_monsterinsights_sitenote_note":"","_monsterinsights_sitenote_category":0,"footnotes":""},"categories":[],"tags":[],"class_list":["post-66109","page","type-page","status-publish","has-post-thumbnail","hentry"],"aioseo_notices":[],"aioseo_head":"\n\t\t<!-- All in One SEO Pro 4.9.5.2 - aioseo.com -->\n\t<meta name=\"description\" content=\"Vagues bondissantes Trousse de voyage \u00c9clat sur le pouce Montez le volume De brillantes offres anticip\u00e9es 2021\" \/>\n\t<meta name=\"robots\" content=\"max-image-preview:large\" \/>\n\t<link rel=\"canonical\" href=\"https:\/\/monatglobal.com\/ca\/bright-friday-trio\/?lang=fr\" \/>\n\t<meta name=\"generator\" content=\"All in One SEO Pro (AIOSEO) 4.9.5.2\" \/>\n\t\t<meta property=\"og:locale\" content=\"en_US\" \/>\n\t\t<meta property=\"og:site_name\" content=\"Monat Canada English - We Are Modern Nature\" \/>\n\t\t<meta property=\"og:type\" content=\"article\" \/>\n\t\t<meta property=\"og:title\" content=\"Vendredi brillant 2021 MONAT | Trio d\u00e9tente | Ensemble-cadeau - Monat Canada English\" \/>\n\t\t<meta property=\"og:description\" content=\"Vagues bondissantes Trousse de voyage \u00c9clat sur le pouce Montez le volume De brillantes offres anticip\u00e9es 2021\" \/>\n\t\t<meta property=\"og:url\" content=\"https:\/\/monatglobal.com\/ca\/bright-friday-trio\/?lang=fr\" \/>\n\t\t<meta property=\"article:published_time\" content=\"2021-11-19T17:00:27+00:00\" \/>\n\t\t<meta property=\"article:modified_time\" content=\"2021-11-22T01:18:22+00:00\" \/>\n\t\t<meta name=\"twitter:card\" content=\"summary_large_image\" \/>\n\t\t<meta name=\"twitter:title\" content=\"Vendredi brillant 2021 MONAT | Trio d\u00e9tente | Ensemble-cadeau - Monat Canada English\" \/>\n\t\t<meta name=\"twitter:description\" content=\"Vagues bondissantes Trousse de voyage \u00c9clat sur le pouce Montez le volume De brillantes offres anticip\u00e9es 2021\" \/>\n\t\t<script type=\"application\/ld+json\" class=\"aioseo-schema\">\n\t\t\t{\"@context\":\"https:\\\/\\\/schema.org\",\"@graph\":[{\"@type\":\"BreadcrumbList\",\"@id\":\"https:\\\/\\\/monatglobal.com\\\/ca\\\/bright-friday-trio\\\/?lang=fr#breadcrumblist\",\"itemListElement\":[{\"@type\":\"ListItem\",\"@id\":\"https:\\\/\\\/monatglobal.com\\\/ca#listItem\",\"position\":1,\"name\":\"Home\",\"item\":\"https:\\\/\\\/monatglobal.com\\\/ca\",\"nextItem\":{\"@type\":\"ListItem\",\"@id\":\"https:\\\/\\\/monatglobal.com\\\/ca\\\/bright-friday-trio\\\/?lang=fr#listItem\",\"name\":\"Vendredi brillant 2021 MONAT | Trio d\\u00e9tente | Ensemble-cadeau\"}},{\"@type\":\"ListItem\",\"@id\":\"https:\\\/\\\/monatglobal.com\\\/ca\\\/bright-friday-trio\\\/?lang=fr#listItem\",\"position\":2,\"name\":\"Vendredi brillant 2021 MONAT | Trio d\\u00e9tente | Ensemble-cadeau\",\"previousItem\":{\"@type\":\"ListItem\",\"@id\":\"https:\\\/\\\/monatglobal.com\\\/ca#listItem\",\"name\":\"Home\"}}]},{\"@type\":\"Organization\",\"@id\":\"https:\\\/\\\/monatglobal.com\\\/ca\\\/#organization\",\"name\":\"Monat Canada English\",\"description\":\"We Are Modern Nature\",\"url\":\"https:\\\/\\\/monatglobal.com\\\/ca\\\/\"},{\"@type\":\"WebPage\",\"@id\":\"https:\\\/\\\/monatglobal.com\\\/ca\\\/bright-friday-trio\\\/?lang=fr#webpage\",\"url\":\"https:\\\/\\\/monatglobal.com\\\/ca\\\/bright-friday-trio\\\/?lang=fr\",\"name\":\"Vendredi brillant 2021 MONAT | Trio d\\u00e9tente | Ensemble-cadeau - Monat Canada English\",\"description\":\"Vagues bondissantes Trousse de voyage \\u00c9clat sur le pouce Montez le volume De brillantes offres anticip\\u00e9es 2021\",\"inLanguage\":\"en-US\",\"isPartOf\":{\"@id\":\"https:\\\/\\\/monatglobal.com\\\/ca\\\/#website\"},\"breadcrumb\":{\"@id\":\"https:\\\/\\\/monatglobal.com\\\/ca\\\/bright-friday-trio\\\/?lang=fr#breadcrumblist\"},\"image\":{\"@type\":\"ImageObject\",\"url\":\"https:\\\/\\\/monatglobal.com\\\/ca\\\/wp-content\\\/uploads\\\/sites\\\/5\\\/2021\\\/11\\\/Total-Unwind-Trio-ecomm-usa-1.jpg\",\"@id\":\"https:\\\/\\\/monatglobal.com\\\/ca\\\/bright-friday-trio\\\/?lang=fr\\\/#mainImage\",\"width\":984,\"height\":645},\"primaryImageOfPage\":{\"@id\":\"https:\\\/\\\/monatglobal.com\\\/ca\\\/bright-friday-trio\\\/?lang=fr#mainImage\"},\"datePublished\":\"2021-11-19T12:00:27-05:00\",\"dateModified\":\"2021-11-21T20:18:22-05:00\"},{\"@type\":\"WebSite\",\"@id\":\"https:\\\/\\\/monatglobal.com\\\/ca\\\/#website\",\"url\":\"https:\\\/\\\/monatglobal.com\\\/ca\\\/\",\"name\":\"Monat Canada English\",\"description\":\"We Are Modern Nature\",\"inLanguage\":\"en-US\",\"publisher\":{\"@id\":\"https:\\\/\\\/monatglobal.com\\\/ca\\\/#organization\"}}]}\n\t\t<\/script>\n\t\t<!-- All in One SEO Pro -->\r\n\t\t<title>Vendredi brillant 2021 MONAT | Trio d\u00e9tente | Ensemble-cadeau - Monat Canada English<\/title>\n\n","aioseo_head_json":{"title":"Vendredi brillant 2021 MONAT | Trio d\u00e9tente | Ensemble-cadeau - Monat Canada English","description":"Vagues bondissantes Trousse de voyage \u00c9clat sur le pouce Montez le volume De brillantes offres anticip\u00e9es 2021","canonical_url":"https:\/\/monatglobal.com\/ca\/bright-friday-trio\/?lang=fr","robots":"max-image-preview:large","keywords":"","webmasterTools":{"miscellaneous":""},"schema":{"@context":"https:\/\/schema.org","@graph":[{"@type":"BreadcrumbList","@id":"https:\/\/monatglobal.com\/ca\/bright-friday-trio\/?lang=fr#breadcrumblist","itemListElement":[{"@type":"ListItem","@id":"https:\/\/monatglobal.com\/ca#listItem","position":1,"name":"Home","item":"https:\/\/monatglobal.com\/ca","nextItem":{"@type":"ListItem","@id":"https:\/\/monatglobal.com\/ca\/bright-friday-trio\/?lang=fr#listItem","name":"Vendredi brillant 2021 MONAT | Trio d\u00e9tente | Ensemble-cadeau"}},{"@type":"ListItem","@id":"https:\/\/monatglobal.com\/ca\/bright-friday-trio\/?lang=fr#listItem","position":2,"name":"Vendredi brillant 2021 MONAT | Trio d\u00e9tente | Ensemble-cadeau","previousItem":{"@type":"ListItem","@id":"https:\/\/monatglobal.com\/ca#listItem","name":"Home"}}]},{"@type":"Organization","@id":"https:\/\/monatglobal.com\/ca\/#organization","name":"Monat Canada English","description":"We Are Modern Nature","url":"https:\/\/monatglobal.com\/ca\/"},{"@type":"WebPage","@id":"https:\/\/monatglobal.com\/ca\/bright-friday-trio\/?lang=fr#webpage","url":"https:\/\/monatglobal.com\/ca\/bright-friday-trio\/?lang=fr","name":"Vendredi brillant 2021 MONAT | Trio d\u00e9tente | Ensemble-cadeau - Monat Canada English","description":"Vagues bondissantes Trousse de voyage \u00c9clat sur le pouce Montez le volume De brillantes offres anticip\u00e9es 2021","inLanguage":"en-US","isPartOf":{"@id":"https:\/\/monatglobal.com\/ca\/#website"},"breadcrumb":{"@id":"https:\/\/monatglobal.com\/ca\/bright-friday-trio\/?lang=fr#breadcrumblist"},"image":{"@type":"ImageObject","url":"https:\/\/monatglobal.com\/ca\/wp-content\/uploads\/sites\/5\/2021\/11\/Total-Unwind-Trio-ecomm-usa-1.jpg","@id":"https:\/\/monatglobal.com\/ca\/bright-friday-trio\/?lang=fr\/#mainImage","width":984,"height":645},"primaryImageOfPage":{"@id":"https:\/\/monatglobal.com\/ca\/bright-friday-trio\/?lang=fr#mainImage"},"datePublished":"2021-11-19T12:00:27-05:00","dateModified":"2021-11-21T20:18:22-05:00"},{"@type":"WebSite","@id":"https:\/\/monatglobal.com\/ca\/#website","url":"https:\/\/monatglobal.com\/ca\/","name":"Monat Canada English","description":"We Are Modern Nature","inLanguage":"en-US","publisher":{"@id":"https:\/\/monatglobal.com\/ca\/#organization"}}]},"og:locale":"en_US","og:site_name":"Monat Canada English - We Are Modern Nature","og:type":"article","og:title":"Vendredi brillant 2021 MONAT | Trio d\u00e9tente | Ensemble-cadeau - Monat Canada English","og:description":"Vagues bondissantes Trousse de voyage \u00c9clat sur le pouce Montez le volume De brillantes offres anticip\u00e9es 2021","og:url":"https:\/\/monatglobal.com\/ca\/bright-friday-trio\/?lang=fr","article:published_time":"2021-11-19T17:00:27+00:00","article:modified_time":"2021-11-22T01:18:22+00:00","twitter:card":"summary_large_image","twitter:title":"Vendredi brillant 2021 MONAT | Trio d\u00e9tente | Ensemble-cadeau - Monat Canada English","twitter:description":"Vagues bondissantes Trousse de voyage \u00c9clat sur le pouce Montez le volume De brillantes offres anticip\u00e9es 2021"},"aioseo_meta_data":{"post_id":"66109","title":null,"description":null,"keywords":null,"keyphrases":null,"primary_term":null,"canonical_url":null,"og_title":null,"og_description":null,"og_object_type":"default","og_image_type":"default","og_image_url":null,"og_image_width":null,"og_image_height":null,"og_image_custom_url":null,"og_image_custom_fields":null,"og_video":null,"og_custom_url":null,"og_article_section":null,"og_article_tags":null,"twitter_use_og":false,"twitter_card":"default","twitter_image_type":"default","twitter_image_url":null,"twitter_image_custom_url":null,"twitter_image_custom_fields":null,"twitter_title":null,"twitter_description":null,"schema":{"blockGraphs":[],"customGraphs":[],"default":{"data":{"Article":[],"Course":[],"Dataset":[],"FAQPage":[],"Movie":[],"Person":[],"Product":[],"ProductReview":[],"Car":[],"Recipe":[],"Service":[],"SoftwareApplication":[],"WebPage":[]},"graphName":"","isEnabled":true},"graphs":[]},"schema_type":"default","schema_type_options":null,"pillar_content":false,"robots_default":true,"robots_noindex":false,"robots_noarchive":false,"robots_nosnippet":false,"robots_nofollow":false,"robots_noimageindex":false,"robots_noodp":false,"robots_notranslate":false,"robots_max_snippet":null,"robots_max_videopreview":null,"robots_max_imagepreview":"large","priority":null,"frequency":null,"local_seo":null,"seo_analyzer_scan_date":"2026-02-10 20:19:41","limit_modified_date":false,"reviewed_by":null,"open_ai":null,"ai":null,"created":"2023-07-26 13:02:00","updated":"2026-02-10 20:19:41"},"aioseo_breadcrumb":"<div class=\"aioseo-breadcrumbs\"><span class=\"aioseo-breadcrumb\">\n\t<a href=\"https:\/\/monatglobal.com\/ca\" title=\"Home\">Home<\/a>\n<\/span><span class=\"aioseo-breadcrumb-separator\">&raquo;<\/span><span class=\"aioseo-breadcrumb\">\n\tVendredi brillant 2021 MONAT | Trio d\u00e9tente | Ensemble-cadeau\n<\/span><\/div>","aioseo_breadcrumb_json":[{"label":"Home","link":"https:\/\/monatglobal.com\/ca"},{"label":"Vendredi brillant 2021 MONAT | Trio d\u00e9tente | Ensemble-cadeau","link":"https:\/\/monatglobal.com\/ca\/bright-friday-trio\/?lang=fr"}],"_links":{"self":[{"href":"https:\/\/monatglobal.com\/ca\/wp-json\/wp\/v2\/pages\/66109","targetHints":{"allow":["GET"]}}],"collection":[{"href":"https:\/\/monatglobal.com\/ca\/wp-json\/wp\/v2\/pages"}],"about":[{"href":"https:\/\/monatglobal.com\/ca\/wp-json\/wp\/v2\/types\/page"}],"author":[{"embeddable":true,"href":"https:\/\/monatglobal.com\/ca\/wp-json\/wp\/v2\/users\/31"}],"replies":[{"embeddable":true,"href":"https:\/\/monatglobal.com\/ca\/wp-json\/wp\/v2\/comments?post=66109"}],"version-history":[{"count":12,"href":"https:\/\/monatglobal.com\/ca\/wp-json\/wp\/v2\/pages\/66109\/revisions"}],"predecessor-version":[{"id":66160,"href":"https:\/\/monatglobal.com\/ca\/wp-json\/wp\/v2\/pages\/66109\/revisions\/66160"}],"wp:featuredmedia":[{"embeddable":true,"href":"https:\/\/monatglobal.com\/ca\/wp-json\/wp\/v2\/media\/65997"}],"wp:attachment":[{"href":"https:\/\/monatglobal.com\/ca\/wp-json\/wp\/v2\/media?parent=66109"}],"wp:term":[{"taxonomy":"category","embeddable":true,"href":"https:\/\/monatglobal.com\/ca\/wp-json\/wp\/v2\/categories?post=66109"},{"taxonomy":"post_tag","embeddable":true,"href":"https:\/\/monatglobal.com\/ca\/wp-json\/wp\/v2\/tags?post=66109"}],"curies":[{"name":"wp","href":"https:\/\/api.w.org\/{rel}","templated":true}]}}