{"id":66060,"date":"2021-11-18T18:10:29","date_gmt":"2021-11-18T23:10:29","guid":{"rendered":"https:\/\/monatglobal.com\/ca\/?page_id=66060"},"modified":"2021-11-21T20:19:21","modified_gmt":"2021-11-22T01:19:21","slug":"bright-friday-skincare","status":"publish","type":"page","link":"https:\/\/monatglobal.com\/ca\/bright-friday-skincare\/?lang=fr","title":{"rendered":"De brillantes offres anticip\u00e9es 2021 MONAT | Trousse de voyage | Ensemble-cadeau"},"content":{"rendered":"\n\t<style>\n    .col_3 { grid-template-columns: repeat(3, 1fr); }\n    .col_2 { grid-template-columns: repeat(2, 1fr); }\n    @media screen and (max-width: 992px) {\n        .med_col_2 { grid-template-columns: repeat(2, 1fr); }\n    }\n    @media screen and (max-width: 700px) {\n      .small_col_1 { grid-template-columns: repeat(1, 1fr); }\n    }\n<\/style>\n<link rel=\"stylesheet\" href=\"https:\/\/unpkg.com\/swiper\/swiper-bundle.min.css\" \/>\n       <a href=\"\/ca\/bright-friday\/?lang=fr\">\n<!-- Generator: Adobe Illustrator 24.2.1, SVG Export Plug-In . SVG Version: 6.00 Build 0)  -->\n<\/a>\n      <img decoding=\"async\" src=\"https:\/\/monatglobal.com\/wp-content\/uploads\/2021\/11\/Go-Glow-Skincare-Travel-Kit-ecomm-usa-.jpg\" alt=\"Go &#038; Glow Skincare Travel Kit usa\">\n                <p>Prix de d\u00e9tail r\u00e9duit<br>116 $ CA<\/p>\n                      <p>Valeur au d\u00e9tail <br>166 $ CA<\/p>\n                      <p>Prix de VIP<br>99 $ CA<\/p>\n               <p>*While Supplies last<\/p>\n                    <a target=\"_blank\" href=\"https:\/\/mymonat.com\/shop\/products\/go-glow-skincare-travel-kit-6000002662\" aria-label=\"Go &#038; Glow Skincare Travel Kit\">MAGASINEZ<\/a>\n        <h1>Trousse de voyage <br>\u00c9clat sur le pouce <\/h1>\n        <p>De brillantes offres anticip\u00e9es&nbsp;2021<\/p>\n      <h2>COMPREND<\/h2>\n                    <p>Makeup Vanishing&nbsp;Balm\u2122 <br> (30 ml \u212e 1 oz liq.) <\/p>\n                    <hr>\n                    <p>Skin Revitalizing&nbsp;Essence\u2122  <br> (30 ml \u212e 1 oz liq.) <\/p>\n                    <hr>\n                    <p>Berry Refined&nbsp;Scrub\u2122  <br> (30 ml \u212e 1 oz liq.) <\/p>\n                    <hr>\n                         <p>Accessoire :<\/p>\n                         <p>Douces serviettes biod\u00e9gradables pour le visage (paquet&nbsp;de&nbsp;50) <\/p>\n                         <p>Sac de voyage en&nbsp;silicone<\/p>\n                <p>Prix de d\u00e9tail r\u00e9duit<br>116 $ CA<\/p>\n                      <p>Valeur au d\u00e9tail <br>166 $ CA<\/p>\n                      <p>Prix de VIP<br>99 $ CA<\/p>\n               <p>*While Supplies last<\/p>\n            <a target=\"_blank\" href=\"https:\/\/mymonat.com\/shop\/products\/go-glow-skincare-travel-kit-6000002662\" aria-label=\"Go &#038; Glow Skincare Travel Kit\">MAGASINEZ<\/a>\n\n    <img>\n   <source media=\"(max-width: 700px)\" srcset=\"https:\/\/monatglobal.com\/wp-content\/uploads\/2021\/11\/Go-Glow-Skincare-Travel-Kit-EARLY-BRIGHT-2021-main-img-_mobile.jpg\">\n   <img decoding=\"async\" alt=\"\" \n   src=\"https:\/\/monatglobal.com\/wp-content\/uploads\/2021\/11\/Go-Glow-Skincare-Travel-Kit-EARLY-BRIGHT-2021-main-img.jpg\">\n\n   <!--==================================================== Why it works text ====================================================-->\n      <h2>Brillez o\u00f9 que vous soyez pendant les F\u00eates gr\u00e2ce \u00e0 la Trousse de voyage \u00c9clat sur le pouce&nbsp;MONAT!<\/h2>\n      <p>Cet ensemble-cadeau luxueux comprend un trio de soins de la peau MONAT populaires pour garder la peau radieuse, dynamis\u00e9e et pr\u00eate pour vos \u00e9v\u00e8nements&nbsp;festifs!<\/p>\n<!--==================================================== Composition section ====================================================-->\n    <h2> Trousse de voyage <br>\u00c9clat sur le pouce <\/h2>\n                <h2>Le Makeup Vanishing Balm\u2122 s\u2019ajoute \u00e0 votre routine de soins de la \n                peau comme \u00e9tape de pr\u00e9-nettoyage et retire doucement le maquillage tout en nettoyant et en hydratant la&nbsp;peau. <\/h2>\n        <img decoding=\"async\" src=\" https:\/\/monatglobal.com\/wp-content\/uploads\/2021\/11\/Flex-Go-Silicone-Travel-Bag-in-Pink.jpg\">\n        <img decoding=\"async\" src=\"https:\/\/monatglobal.com\/wp-content\/uploads\/2021\/11\/gentle-2-in-1-exfoliator-buffs.jpg\">\n            <h2>Le Berry Refined Scrub\u2122 est un doux produit 2-en-1 qui exfolie et \n            \u00e9limine les cellules de peau mortes pour d\u00e9vloiler une peau plus douce et un teint plus&nbsp;uniforme.<\/h2>\n        <img decoding=\"async\" src=\"https:\/\/monatglobal.com\/wp-content\/uploads\/2021\/11\/hydrates-and-replenishes-prepares-skin.jpg\">\n        <img decoding=\"async\" src=\"https:\/\/monatglobal.com\/wp-content\/uploads\/2021\/11\/Skin-Revitalizing-Essence-quickly-hydrates.jpg\">\n            <h2>Le Skin Revitalizing Essence\u2122 hydrate et renouvelle rapidement la peau, la \n            pr\u00e9parant \u00e0 recevoir les nutriments essentiels de vos soins de la peau MONAT, en plus de raffiner les pores et de r\u00e9duire \n            l\u2019apparence des ridules et des&nbsp;rides.<\/h2>\n        <img decoding=\"async\" src=\"https:\/\/monatglobal.com\/wp-content\/uploads\/2021\/11\/pre-cleanse-step-of-your-skincare-routine.jpg\">\n                <h2>Notre accessoire en \u00e9dition limit\u00e9e compl\u00e8te cet ensemble \u00e0&nbsp;merveille&nbsp;: <\/h2>\n                Ces douces serviettes biod\u00e9gradables pour le visage sont ultra-absorbantes, 100 % \n                biod\u00e9gradables et mettent la touche finale \u00e0 toute routine de soins de la peau. De plus, elle est facile \u00e0 transporter \n                gr\u00e2ce au sac de voyage en silicone&nbsp;rose!\n        <a target=\"_blank\" href=\"https:\/\/mymonat.com\/shop\/products\/go-glow-skincare-travel-kit-6000002662\" aria-label=\"Go &#038; Glow Skincare Travel Kit\">MAGASINEZ<\/a>\n    <h2>Regardez le contenu <br>de cet ensemble-cadeau!<\/h2>\n            <img decoding=\"async\" src=\"https:\/\/monatglobal.com\/wp-content\/uploads\/2021\/11\/MAKEUP-VANISHING-BALM_mini.jpg\" alt=\"Makeup Vanishing Balm\u2122\">\n          <p>Makeup Vanishing&nbsp;Balm\u2122<\/p>\n          <p>(30 ml \u212e 1 oz liq.)<\/p>\n          <p>Il s\u2019ajoute \u00e0 votre routine de soins de la peau comme \u00e9tape de pr\u00e9-nettoyage et retire doucement le maquillage tout en nettoyant et en hydratant la&nbsp;peau.<\/p>\n            <img decoding=\"async\" src=\"https:\/\/monatglobal.com\/wp-content\/uploads\/2021\/10\/mini-revitalizing-essence.png\" alt=\"Skin Revitalizing Essence\u2122\">\n          <p>Skin Revitalizing&nbsp;Essence\u2122<\/p>\n             <p>(30 ml \u212e 1 oz liq.)<\/p>\n          Cette l\u00e9g\u00e8re eau miracle hydrate et renouvelle rapidement la peau en plus de raffiner les pores, \n          r\u00e9v\u00e9lant un teint plus lisse, plus lumineux et plus radieux. Convient \u00e0 tous types de&nbsp;peau.\n            <img decoding=\"async\" src=\"https:\/\/monatglobal.com\/wp-content\/uploads\/2021\/11\/berry-refined-scrub__.jpg\" alt=\"Skin Revitalizing Essence\u2122\">\n          <p>Berry Refined&nbsp;Scrub\u2122<\/p>\n             <p>(30 ml \u212e 1 oz liq.)<\/p>\n          Cet exfoliant et masque pour le visage 2-en-1 contient des acides de fruits naturels (AHA), des \n          extraits de sucre granul\u00e9 naturel qui sont des exfoliants naturels, du REJUVENIQE S\u2122, et des graines de baies. Il \u00e9limine \n          doucement les cellules de peau mortes, r\u00e9v\u00e9lant une peau plus lisse, plus douce et un teint plus&nbsp;uniforme.\n            <img decoding=\"async\" src=\"https:\/\/monatglobal.com\/wp-content\/uploads\/2021\/11\/GENTLE-BIODEGRADABLE-FACIAL-TOWELS.jpg\" alt=\"Douces serviettes biod\u00e9gradables pour le visage\">\n          <p>Douces serviettes biod\u00e9gradables pour le&nbsp;visage<\/p>\n          Remplacez vos serviettes pour le visage traditionnelles et rehaussez votre routine de soins de la \n          peau avec ces douces serviettes pour le visage qui sont 100 % biod\u00e9gradables. Ultra-douces et tr\u00e8s absorbantes, ces serviettes en \n          \u00e9dition limit\u00e9e sont durables et peuvent \u00eatre utilis\u00e9es soit mouill\u00e9es, soit&nbsp;s\u00e8ches.\n            <img decoding=\"async\" src=\"https:\/\/monatglobal.com\/wp-content\/uploads\/2021\/11\/FLEX-GO-SILICONE-TRAVEL-BAG-IN-PINK.jpg\" alt=\"Square Reusable Pink Bag\">\n          <p>Sac de voyage en silicone&nbsp;rose<\/p>\n          <p>Ce sac de voyage r\u00e9utilisable en \u00e9dition limit\u00e9e est id\u00e9al pour ranger tous vos produits MONAT favoris lorsque vous voyagez pendant la saison des&nbsp;F\u00eates.<\/p>\n    <img decoding=\"async\" src=\"https:\/\/monatglobal.com\/wp-content\/uploads\/2021\/10\/merry-and-magical.png\">\n    <p><em>HOLIDAYS BEGIN AT MONAT<\/em><\/p>\n   <!--==================================================== You might also like section ====================================================-->\n      <h2>VOUS POURRIEZ AUSSI AIMER<\/h2>\n      <!--==================================================== Slider YOU MIGHT ALSO LIKE ====================================================-->\n            <!--==================================================== Slides products ====================================================-->\n               <a href=\"\/ca\/bright-friday-trio\/?lang=fr\" aria-label=\"Go to Trio d\u00e9tente page\">\n                  <img decoding=\"async\" src=\"https:\/\/monatglobal.com\/wp-content\/uploads\/2021\/11\/Total-Unwind-Trio-ymal-.jpg\" alt=\"Trio d\u00e9tente\"\/>\n                  <p>Trio d\u00e9tente<\/p>\n               <\/a>\n               <a href=\"\/ca\/bright-friday-hair-waves\/?lang=fr\" aria-label=\"Go to Vagues bondissantes page\">\n                  <img decoding=\"async\" src=\"https:\/\/monatglobal.com\/wp-content\/uploads\/2021\/11\/Wondrous-Waves-FRIDAY-2021-ymal-.jpg\" alt=\"Vagues bondissantes\"\/>\n                  <p>Vagues bondissantes<\/p>\n               <\/a>\n               <a href=\"\/ca\/bright-friday-hair-volume\/?lang=fr\" aria-label=\"Go to Montez le volume page\">\n                  <img decoding=\"async\" src=\"https:\/\/monatglobal.com\/wp-content\/uploads\/2021\/11\/Turn-Up-the-Volume-EARLY-BRIGHT-2021-ymal-.jpg\" alt=\"Montez le volume\"\/>\n                  <p>Montez le volume<\/p>\n               <\/a>\n         <!--==================================================== If we need navigation buttons  ====================================================-->\n         <!--==================================================== If we need paginations  ====================================================-->\n        <a href=\"\/ca\/bright-friday\/?lang=fr\" aria-label=\"Go to De brillantes offres anticip\u00e9es 2021\"><p>De brillantes offres anticip\u00e9es&nbsp;2021<\/p><\/a>\n<!--==================================================== this link has to go last for it to work   ====================================================-->\n","protected":false},"excerpt":{"rendered":"<p>Prix de d\u00e9tail r\u00e9duit116 $ CA Valeur au d\u00e9tail 166 $ CA Prix de VIP99 $ CA *While Supplies last MAGASINEZ Trousse de voyage \u00c9clat sur le pouce De brillantes offres anticip\u00e9es&nbsp;2021 COMPREND Makeup Vanishing&nbsp;Balm\u2122 (30 ml \u212e 1 oz liq.) Skin Revitalizing&nbsp;Essence\u2122 (30 ml \u212e 1 oz liq.) Berry Refined&nbsp;Scrub\u2122 (30 ml \u212e 1&hellip;<\/p>\n","protected":false},"author":31,"featured_media":66053,"parent":0,"menu_order":0,"comment_status":"closed","ping_status":"closed","template":"template-full-custom.php","meta":{"inline_featured_image":false,"om_disable_all_campaigns":false,"_monsterinsights_skip_tracking":false,"_monsterinsights_sitenote_active":false,"_monsterinsights_sitenote_note":"","_monsterinsights_sitenote_category":0,"footnotes":""},"categories":[],"tags":[],"class_list":["post-66060","page","type-page","status-publish","has-post-thumbnail","hentry"],"aioseo_notices":[],"aioseo_head":"\n\t\t<!-- All in One SEO Pro 4.9.5.2 - aioseo.com -->\n\t<meta name=\"description\" content=\"Trio d\u00e9tente Vagues bondissantes Montez le volume De brillantes offres anticip\u00e9es 2021\" \/>\n\t<meta name=\"robots\" content=\"max-image-preview:large\" \/>\n\t<link rel=\"canonical\" href=\"https:\/\/monatglobal.com\/ca\/bright-friday-skincare\/?lang=fr\" \/>\n\t<meta name=\"generator\" content=\"All in One SEO Pro (AIOSEO) 4.9.5.2\" \/>\n\t\t<meta property=\"og:locale\" content=\"en_US\" \/>\n\t\t<meta property=\"og:site_name\" content=\"Monat Canada English - We Are Modern Nature\" \/>\n\t\t<meta property=\"og:type\" content=\"article\" \/>\n\t\t<meta property=\"og:title\" content=\"De brillantes offres anticip\u00e9es 2021 MONAT | Trousse de voyage | Ensemble-cadeau - Monat Canada English\" \/>\n\t\t<meta property=\"og:description\" content=\"Trio d\u00e9tente Vagues bondissantes Montez le volume De brillantes offres anticip\u00e9es 2021\" \/>\n\t\t<meta property=\"og:url\" content=\"https:\/\/monatglobal.com\/ca\/bright-friday-skincare\/?lang=fr\" \/>\n\t\t<meta property=\"article:published_time\" content=\"2021-11-18T23:10:29+00:00\" \/>\n\t\t<meta property=\"article:modified_time\" content=\"2021-11-22T01:19:21+00:00\" \/>\n\t\t<meta name=\"twitter:card\" content=\"summary_large_image\" \/>\n\t\t<meta name=\"twitter:title\" content=\"De brillantes offres anticip\u00e9es 2021 MONAT | Trousse de voyage | Ensemble-cadeau - Monat Canada English\" \/>\n\t\t<meta name=\"twitter:description\" content=\"Trio d\u00e9tente Vagues bondissantes Montez le volume De brillantes offres anticip\u00e9es 2021\" \/>\n\t\t<script type=\"application\/ld+json\" class=\"aioseo-schema\">\n\t\t\t{\"@context\":\"https:\\\/\\\/schema.org\",\"@graph\":[{\"@type\":\"BreadcrumbList\",\"@id\":\"https:\\\/\\\/monatglobal.com\\\/ca\\\/bright-friday-skincare\\\/?lang=fr#breadcrumblist\",\"itemListElement\":[{\"@type\":\"ListItem\",\"@id\":\"https:\\\/\\\/monatglobal.com\\\/ca#listItem\",\"position\":1,\"name\":\"Home\",\"item\":\"https:\\\/\\\/monatglobal.com\\\/ca\",\"nextItem\":{\"@type\":\"ListItem\",\"@id\":\"https:\\\/\\\/monatglobal.com\\\/ca\\\/bright-friday-skincare\\\/?lang=fr#listItem\",\"name\":\"De brillantes offres anticip\\u00e9es 2021 MONAT | Trousse de voyage | Ensemble-cadeau\"}},{\"@type\":\"ListItem\",\"@id\":\"https:\\\/\\\/monatglobal.com\\\/ca\\\/bright-friday-skincare\\\/?lang=fr#listItem\",\"position\":2,\"name\":\"De brillantes offres anticip\\u00e9es 2021 MONAT | Trousse de voyage | Ensemble-cadeau\",\"previousItem\":{\"@type\":\"ListItem\",\"@id\":\"https:\\\/\\\/monatglobal.com\\\/ca#listItem\",\"name\":\"Home\"}}]},{\"@type\":\"Organization\",\"@id\":\"https:\\\/\\\/monatglobal.com\\\/ca\\\/#organization\",\"name\":\"Monat Canada English\",\"description\":\"We Are Modern Nature\",\"url\":\"https:\\\/\\\/monatglobal.com\\\/ca\\\/\"},{\"@type\":\"WebPage\",\"@id\":\"https:\\\/\\\/monatglobal.com\\\/ca\\\/bright-friday-skincare\\\/?lang=fr#webpage\",\"url\":\"https:\\\/\\\/monatglobal.com\\\/ca\\\/bright-friday-skincare\\\/?lang=fr\",\"name\":\"De brillantes offres anticip\\u00e9es 2021 MONAT | Trousse de voyage | Ensemble-cadeau - Monat Canada English\",\"description\":\"Trio d\\u00e9tente Vagues bondissantes Montez le volume De brillantes offres anticip\\u00e9es 2021\",\"inLanguage\":\"en-US\",\"isPartOf\":{\"@id\":\"https:\\\/\\\/monatglobal.com\\\/ca\\\/#website\"},\"breadcrumb\":{\"@id\":\"https:\\\/\\\/monatglobal.com\\\/ca\\\/bright-friday-skincare\\\/?lang=fr#breadcrumblist\"},\"image\":{\"@type\":\"ImageObject\",\"url\":\"https:\\\/\\\/monatglobal.com\\\/ca\\\/wp-content\\\/uploads\\\/sites\\\/5\\\/2021\\\/11\\\/Go-Glow-Skincare-Travel-Kit-ecomm-usa-1.jpg\",\"@id\":\"https:\\\/\\\/monatglobal.com\\\/ca\\\/bright-friday-skincare\\\/?lang=fr\\\/#mainImage\",\"width\":984,\"height\":510},\"primaryImageOfPage\":{\"@id\":\"https:\\\/\\\/monatglobal.com\\\/ca\\\/bright-friday-skincare\\\/?lang=fr#mainImage\"},\"datePublished\":\"2021-11-18T18:10:29-05:00\",\"dateModified\":\"2021-11-21T20:19:21-05:00\"},{\"@type\":\"WebSite\",\"@id\":\"https:\\\/\\\/monatglobal.com\\\/ca\\\/#website\",\"url\":\"https:\\\/\\\/monatglobal.com\\\/ca\\\/\",\"name\":\"Monat Canada English\",\"description\":\"We Are Modern Nature\",\"inLanguage\":\"en-US\",\"publisher\":{\"@id\":\"https:\\\/\\\/monatglobal.com\\\/ca\\\/#organization\"}}]}\n\t\t<\/script>\n\t\t<!-- All in One SEO Pro -->\r\n\t\t<title>De brillantes offres anticip\u00e9es 2021 MONAT | Trousse de voyage | Ensemble-cadeau - Monat Canada English<\/title>\n\n","aioseo_head_json":{"title":"De brillantes offres anticip\u00e9es 2021 MONAT | Trousse de voyage | Ensemble-cadeau - Monat Canada English","description":"Trio d\u00e9tente Vagues bondissantes Montez le volume De brillantes offres anticip\u00e9es 2021","canonical_url":"https:\/\/monatglobal.com\/ca\/bright-friday-skincare\/?lang=fr","robots":"max-image-preview:large","keywords":"","webmasterTools":{"miscellaneous":""},"schema":{"@context":"https:\/\/schema.org","@graph":[{"@type":"BreadcrumbList","@id":"https:\/\/monatglobal.com\/ca\/bright-friday-skincare\/?lang=fr#breadcrumblist","itemListElement":[{"@type":"ListItem","@id":"https:\/\/monatglobal.com\/ca#listItem","position":1,"name":"Home","item":"https:\/\/monatglobal.com\/ca","nextItem":{"@type":"ListItem","@id":"https:\/\/monatglobal.com\/ca\/bright-friday-skincare\/?lang=fr#listItem","name":"De brillantes offres anticip\u00e9es 2021 MONAT | Trousse de voyage | Ensemble-cadeau"}},{"@type":"ListItem","@id":"https:\/\/monatglobal.com\/ca\/bright-friday-skincare\/?lang=fr#listItem","position":2,"name":"De brillantes offres anticip\u00e9es 2021 MONAT | Trousse de voyage | Ensemble-cadeau","previousItem":{"@type":"ListItem","@id":"https:\/\/monatglobal.com\/ca#listItem","name":"Home"}}]},{"@type":"Organization","@id":"https:\/\/monatglobal.com\/ca\/#organization","name":"Monat Canada English","description":"We Are Modern Nature","url":"https:\/\/monatglobal.com\/ca\/"},{"@type":"WebPage","@id":"https:\/\/monatglobal.com\/ca\/bright-friday-skincare\/?lang=fr#webpage","url":"https:\/\/monatglobal.com\/ca\/bright-friday-skincare\/?lang=fr","name":"De brillantes offres anticip\u00e9es 2021 MONAT | Trousse de voyage | Ensemble-cadeau - Monat Canada English","description":"Trio d\u00e9tente Vagues bondissantes Montez le volume De brillantes offres anticip\u00e9es 2021","inLanguage":"en-US","isPartOf":{"@id":"https:\/\/monatglobal.com\/ca\/#website"},"breadcrumb":{"@id":"https:\/\/monatglobal.com\/ca\/bright-friday-skincare\/?lang=fr#breadcrumblist"},"image":{"@type":"ImageObject","url":"https:\/\/monatglobal.com\/ca\/wp-content\/uploads\/sites\/5\/2021\/11\/Go-Glow-Skincare-Travel-Kit-ecomm-usa-1.jpg","@id":"https:\/\/monatglobal.com\/ca\/bright-friday-skincare\/?lang=fr\/#mainImage","width":984,"height":510},"primaryImageOfPage":{"@id":"https:\/\/monatglobal.com\/ca\/bright-friday-skincare\/?lang=fr#mainImage"},"datePublished":"2021-11-18T18:10:29-05:00","dateModified":"2021-11-21T20:19:21-05:00"},{"@type":"WebSite","@id":"https:\/\/monatglobal.com\/ca\/#website","url":"https:\/\/monatglobal.com\/ca\/","name":"Monat Canada English","description":"We Are Modern Nature","inLanguage":"en-US","publisher":{"@id":"https:\/\/monatglobal.com\/ca\/#organization"}}]},"og:locale":"en_US","og:site_name":"Monat Canada English - We Are Modern Nature","og:type":"article","og:title":"De brillantes offres anticip\u00e9es 2021 MONAT | Trousse de voyage | Ensemble-cadeau - Monat Canada English","og:description":"Trio d\u00e9tente Vagues bondissantes Montez le volume De brillantes offres anticip\u00e9es 2021","og:url":"https:\/\/monatglobal.com\/ca\/bright-friday-skincare\/?lang=fr","article:published_time":"2021-11-18T23:10:29+00:00","article:modified_time":"2021-11-22T01:19:21+00:00","twitter:card":"summary_large_image","twitter:title":"De brillantes offres anticip\u00e9es 2021 MONAT | Trousse de voyage | Ensemble-cadeau - Monat Canada English","twitter:description":"Trio d\u00e9tente Vagues bondissantes Montez le volume De brillantes offres anticip\u00e9es 2021"},"aioseo_meta_data":{"post_id":"66060","title":null,"description":null,"keywords":null,"keyphrases":null,"primary_term":null,"canonical_url":null,"og_title":null,"og_description":null,"og_object_type":"default","og_image_type":"default","og_image_url":null,"og_image_width":null,"og_image_height":null,"og_image_custom_url":null,"og_image_custom_fields":null,"og_video":null,"og_custom_url":null,"og_article_section":null,"og_article_tags":null,"twitter_use_og":false,"twitter_card":"default","twitter_image_type":"default","twitter_image_url":null,"twitter_image_custom_url":null,"twitter_image_custom_fields":null,"twitter_title":null,"twitter_description":null,"schema":{"blockGraphs":[],"customGraphs":[],"default":{"data":{"Article":[],"Course":[],"Dataset":[],"FAQPage":[],"Movie":[],"Person":[],"Product":[],"ProductReview":[],"Car":[],"Recipe":[],"Service":[],"SoftwareApplication":[],"WebPage":[]},"graphName":"","isEnabled":true},"graphs":[]},"schema_type":"default","schema_type_options":null,"pillar_content":false,"robots_default":true,"robots_noindex":false,"robots_noarchive":false,"robots_nosnippet":false,"robots_nofollow":false,"robots_noimageindex":false,"robots_noodp":false,"robots_notranslate":false,"robots_max_snippet":null,"robots_max_videopreview":null,"robots_max_imagepreview":"large","priority":null,"frequency":null,"local_seo":null,"seo_analyzer_scan_date":"2026-02-10 20:17:40","limit_modified_date":false,"reviewed_by":null,"open_ai":null,"ai":null,"created":"2023-07-26 13:01:59","updated":"2026-02-10 20:17:40"},"aioseo_breadcrumb":"<div class=\"aioseo-breadcrumbs\"><span class=\"aioseo-breadcrumb\">\n\t<a href=\"https:\/\/monatglobal.com\/ca\" title=\"Home\">Home<\/a>\n<\/span><span class=\"aioseo-breadcrumb-separator\">&raquo;<\/span><span class=\"aioseo-breadcrumb\">\n\tDe brillantes offres anticip\u00e9es 2021 MONAT | Trousse de voyage | Ensemble-cadeau\n<\/span><\/div>","aioseo_breadcrumb_json":[{"label":"Home","link":"https:\/\/monatglobal.com\/ca"},{"label":"De brillantes offres anticip\u00e9es 2021 MONAT | Trousse de voyage | Ensemble-cadeau","link":"https:\/\/monatglobal.com\/ca\/bright-friday-skincare\/?lang=fr"}],"_links":{"self":[{"href":"https:\/\/monatglobal.com\/ca\/wp-json\/wp\/v2\/pages\/66060","targetHints":{"allow":["GET"]}}],"collection":[{"href":"https:\/\/monatglobal.com\/ca\/wp-json\/wp\/v2\/pages"}],"about":[{"href":"https:\/\/monatglobal.com\/ca\/wp-json\/wp\/v2\/types\/page"}],"author":[{"embeddable":true,"href":"https:\/\/monatglobal.com\/ca\/wp-json\/wp\/v2\/users\/31"}],"replies":[{"embeddable":true,"href":"https:\/\/monatglobal.com\/ca\/wp-json\/wp\/v2\/comments?post=66060"}],"version-history":[{"count":9,"href":"https:\/\/monatglobal.com\/ca\/wp-json\/wp\/v2\/pages\/66060\/revisions"}],"predecessor-version":[{"id":66152,"href":"https:\/\/monatglobal.com\/ca\/wp-json\/wp\/v2\/pages\/66060\/revisions\/66152"}],"wp:featuredmedia":[{"embeddable":true,"href":"https:\/\/monatglobal.com\/ca\/wp-json\/wp\/v2\/media\/66053"}],"wp:attachment":[{"href":"https:\/\/monatglobal.com\/ca\/wp-json\/wp\/v2\/media?parent=66060"}],"wp:term":[{"taxonomy":"category","embeddable":true,"href":"https:\/\/monatglobal.com\/ca\/wp-json\/wp\/v2\/categories?post=66060"},{"taxonomy":"post_tag","embeddable":true,"href":"https:\/\/monatglobal.com\/ca\/wp-json\/wp\/v2\/tags?post=66060"}],"curies":[{"name":"wp","href":"https:\/\/api.w.org\/{rel}","templated":true}]}}