{"id":66015,"date":"2021-11-18T12:57:19","date_gmt":"2021-11-18T17:57:19","guid":{"rendered":"https:\/\/monatglobal.com\/ca\/?page_id=66015"},"modified":"2021-11-22T08:20:35","modified_gmt":"2021-11-22T13:20:35","slug":"bright-friday","status":"publish","type":"page","link":"https:\/\/monatglobal.com\/ca\/bright-friday\/?lang=fr","title":{"rendered":"Bright &#038; Early 2021"},"content":{"rendered":"\r\n\t<link rel=\"stylesheet\" href=\"https:\/\/unpkg.com\/swiper\/swiper-bundle.min.css\" \/>\r\n        COLLECTION 2021\r\n<p>4 nouveaux ensembles-cadeaux.<br> Des accessoires  en \u00e9dition&nbsp;limit\u00e9e. <br>5 jours seulement.<\/p>\r\n    <h2>Magasinez t\u00f4t et&nbsp;\u00e9conomisez! <\/h2>\r\n    Choisissez parmi quatre NOUVEAUX ensembles-cadeaux en \u00e9dition limit\u00e9e mettant en vedette des soins capillaires, \r\n    des soins de la peau et des produits de bien-\u00eatre populaires, ainsi que des accessoires exclusifs, y compris de NOUVEAUX OUTILS \r\n    CHAUFFANTS que vous voudrez absolument&nbsp;avoir! \r\n    <p>Off Standard Retail Value!<\/p>\r\n            <p>\u00c9conomisez  56 % <\/p>\r\n            <p>sur la valeur au d\u00e9tail!<\/p>\r\n                <h2>Montez le <br>volume<\/h2>\r\n                 Personnalisez votre ensemble!  Choisissez quatre produits parmi \r\n                une vaste s\u00e9lection de shampooings, d\u2019apr\u00e8s-shampooings et de produits coiffants MONAT STUDIO ONE\u2122 et cr\u00e9ez des coiffures \r\n                magnifiques pendant les F\u00eates. R\u00e9alisez des brushings lisses, volumineux ou ondul\u00e9s gr\u00e2ce \u00e0 la  \r\n                 Brosse soufflante \u00e0 barils interchangeables pour&nbsp;brushing!\r\n                    <a href=\"\/ca\/bright-friday-hair-volume\/?lang=fr\"  aria-label=\"Go to Montez le volume page\">VOIR LES D\u00c9TAILS<\/a>\r\n                <h2>Vagues <br>bondissantes  <\/h2>\r\n                 Personnalisez votre ensemble!  Choisissez quatre produits parmi \r\n                une vaste s\u00e9lection de soins capillaires populaires pour cr\u00e9er des coiffures spectaculaires tout au long de l\u2019ann\u00e9e. De plus, \r\n                cr\u00e9ez des boucles sans frisottis \u00e0 l\u2019aide du Fer \u00e0 onduler en c\u00e9ramique  en \u00e9dition&nbsp;limit\u00e9e!\r\n                    <a href=\"\/ca\/bright-friday-hair-waves\/?lang=fr\"  aria-label=\"Go to Vagues bondissantes page\">VOIR LES D\u00c9TAILS<\/a>\r\n            <p>\u00c9conomisez 40 % <\/p>\r\n            <p>sur la valeur au d\u00e9tail!<\/p>\r\n            <p>\u00c9conomisez 45 % <\/p>\r\n            <p>sur la valeur au d\u00e9tail!<\/p>\r\n                <h2>Trio d\u00e9tente<\/h2>\r\n                D\u00e9tendez-vous et d\u00e9voilez une peau radieuse gr\u00e2ce \u00e0 cet ensemble nourrissant et apaisant \r\n                comprenant notre produit phare, le REJUVENIQE\u00ae, ainsi que le Night Haven\u2122 et les Gouttes pour le sommeil. Le  \r\n                Masque pour les yeux Sons paisibles en \u00e9dition limit\u00e9e, dot\u00e9 d\u2019\u00e9couteurs Bluetooth \r\n                int\u00e9gr\u00e9s, est l\u2019accessoire id\u00e9al pour vous permettre de vous d\u00e9tendre tout en \u00e9coutant vos chansons&nbsp;pr\u00e9f\u00e9r\u00e9es!\r\n                    <a href=\"\/ca\/bright-friday-trio\/?lang=fr\"  aria-label=\"Go to Trio d\u00e9tente page\">VOIR LES D\u00c9TAILS<\/a>\r\n                <h2>Trousse de voyage <br>\u00c9clat sur le pouce<\/h2>\r\n                Brillez de mille feux o\u00f9 que vous soyez pendant la saison des F\u00eates gr\u00e2ce \u00e0 ce luxueux trio de \r\n                soins de la peau MONAT en format voyage. Les Douces serviettes biod\u00e9gradables pour le visage \r\n                compl\u00e8tent \u00e0 merveille votre routine de soins de la peau, \u00e0 la maison ou pendant vos&nbsp;d\u00e9placements!\r\n                    <a href=\"\/ca\/bright-friday-skincare\/?lang=fr\"  aria-label=\"Go to Trousse de voyage \u00c9clat sur le pouce page\">VOIR LES D\u00c9TAILS<\/a>\r\n            <p>\u00c9conomisez 30 % <\/p>\r\n            <p>sur la valeur au d\u00e9tail!<\/p>\r\n","protected":false},"excerpt":{"rendered":"<p>COLLECTION 2021 4 nouveaux ensembles-cadeaux. Des accessoires en \u00e9dition&nbsp;limit\u00e9e. 5 jours seulement. Magasinez t\u00f4t et&nbsp;\u00e9conomisez! Choisissez parmi quatre NOUVEAUX ensembles-cadeaux en \u00e9dition limit\u00e9e mettant en vedette des soins capillaires, des soins de la peau et des produits de bien-\u00eatre populaires, ainsi que des accessoires exclusifs, y compris de NOUVEAUX OUTILS CHAUFFANTS que vous voudrez absolument&nbsp;avoir!&hellip;<\/p>\n","protected":false},"author":31,"featured_media":66008,"parent":0,"menu_order":0,"comment_status":"closed","ping_status":"closed","template":"template-full-custom.php","meta":{"inline_featured_image":false,"om_disable_all_campaigns":false,"_monsterinsights_skip_tracking":false,"_monsterinsights_sitenote_active":false,"_monsterinsights_sitenote_note":"","_monsterinsights_sitenote_category":0,"footnotes":""},"categories":[],"tags":[],"class_list":["post-66015","page","type-page","status-publish","has-post-thumbnail","hentry"],"aioseo_notices":[],"aioseo_head":"\n\t\t<!-- All in One SEO Pro 4.9.6 - aioseo.com -->\n\t<meta name=\"description\" content=\"COLLECTION 2021 4 nouveaux ensembles-cadeaux. Des accessoires en \u00e9dition limit\u00e9e. 5 jours seulement. Magasinez t\u00f4t et \u00e9conomisez! Choisissez parmi quatre NOUVEAUX ensembles-cadeaux en \u00e9dition limit\u00e9e mettant en vedette des soins capillaires, des soins de la peau et des produits de bien-\u00eatre populaires, ainsi que des accessoires exclusifs, y compris de NOUVEAUX OUTILS CHAUFFANTS que vous voudrez absolument avoir!\" \/>\n\t<meta name=\"robots\" content=\"max-image-preview:large\" \/>\n\t<link rel=\"canonical\" href=\"https:\/\/monatglobal.com\/ca\/bright-friday\/?lang=fr\" \/>\n\t<meta name=\"generator\" content=\"All in One SEO Pro (AIOSEO) 4.9.6\" \/>\n\t\t<meta property=\"og:locale\" content=\"en_US\" \/>\n\t\t<meta property=\"og:site_name\" content=\"Monat Canada English - We Are Modern Nature\" \/>\n\t\t<meta property=\"og:type\" content=\"article\" \/>\n\t\t<meta property=\"og:title\" content=\"Bright &amp; Early 2021 - Monat Canada English\" \/>\n\t\t<meta property=\"og:description\" content=\"COLLECTION 2021 4 nouveaux ensembles-cadeaux. Des accessoires en \u00e9dition limit\u00e9e. 5 jours seulement. Magasinez t\u00f4t et \u00e9conomisez! Choisissez parmi quatre NOUVEAUX ensembles-cadeaux en \u00e9dition limit\u00e9e mettant en vedette des soins capillaires, des soins de la peau et des produits de bien-\u00eatre populaires, ainsi que des accessoires exclusifs, y compris de NOUVEAUX OUTILS CHAUFFANTS que vous voudrez absolument avoir!\" \/>\n\t\t<meta property=\"og:url\" content=\"https:\/\/monatglobal.com\/ca\/bright-friday\/?lang=fr\" \/>\n\t\t<meta property=\"article:published_time\" content=\"2021-11-18T17:57:19+00:00\" \/>\n\t\t<meta property=\"article:modified_time\" content=\"2021-11-22T13:20:35+00:00\" \/>\n\t\t<meta name=\"twitter:card\" content=\"summary_large_image\" \/>\n\t\t<meta name=\"twitter:title\" content=\"Bright &amp; Early 2021 - Monat Canada English\" \/>\n\t\t<meta name=\"twitter:description\" content=\"COLLECTION 2021 4 nouveaux ensembles-cadeaux. Des accessoires en \u00e9dition limit\u00e9e. 5 jours seulement. Magasinez t\u00f4t et \u00e9conomisez! Choisissez parmi quatre NOUVEAUX ensembles-cadeaux en \u00e9dition limit\u00e9e mettant en vedette des soins capillaires, des soins de la peau et des produits de bien-\u00eatre populaires, ainsi que des accessoires exclusifs, y compris de NOUVEAUX OUTILS CHAUFFANTS que vous voudrez absolument avoir!\" \/>\n\t\t<script type=\"application\/ld+json\" class=\"aioseo-schema\">\n\t\t\t{\"@context\":\"https:\\\/\\\/schema.org\",\"@graph\":[{\"@type\":\"BreadcrumbList\",\"@id\":\"https:\\\/\\\/monatglobal.com\\\/ca\\\/bright-friday\\\/?lang=fr#breadcrumblist\",\"itemListElement\":[{\"@type\":\"ListItem\",\"@id\":\"https:\\\/\\\/monatglobal.com\\\/ca#listItem\",\"position\":1,\"name\":\"Home\",\"item\":\"https:\\\/\\\/monatglobal.com\\\/ca\",\"nextItem\":{\"@type\":\"ListItem\",\"@id\":\"https:\\\/\\\/monatglobal.com\\\/ca\\\/bright-friday\\\/?lang=fr#listItem\",\"name\":\"Bright &#038; Early 2021\"}},{\"@type\":\"ListItem\",\"@id\":\"https:\\\/\\\/monatglobal.com\\\/ca\\\/bright-friday\\\/?lang=fr#listItem\",\"position\":2,\"name\":\"Bright &#038; Early 2021\",\"previousItem\":{\"@type\":\"ListItem\",\"@id\":\"https:\\\/\\\/monatglobal.com\\\/ca#listItem\",\"name\":\"Home\"}}]},{\"@type\":\"Organization\",\"@id\":\"https:\\\/\\\/monatglobal.com\\\/ca\\\/#organization\",\"name\":\"Monat Canada English\",\"description\":\"We Are Modern Nature\",\"url\":\"https:\\\/\\\/monatglobal.com\\\/ca\\\/\"},{\"@type\":\"WebPage\",\"@id\":\"https:\\\/\\\/monatglobal.com\\\/ca\\\/bright-friday\\\/?lang=fr#webpage\",\"url\":\"https:\\\/\\\/monatglobal.com\\\/ca\\\/bright-friday\\\/?lang=fr\",\"name\":\"Bright & Early 2021 - Monat Canada English\",\"description\":\"COLLECTION 2021 4 nouveaux ensembles-cadeaux. Des accessoires en \\u00e9dition limit\\u00e9e. 5 jours seulement. Magasinez t\\u00f4t et \\u00e9conomisez! Choisissez parmi quatre NOUVEAUX ensembles-cadeaux en \\u00e9dition limit\\u00e9e mettant en vedette des soins capillaires, des soins de la peau et des produits de bien-\\u00eatre populaires, ainsi que des accessoires exclusifs, y compris de NOUVEAUX OUTILS CHAUFFANTS que vous voudrez absolument avoir!\",\"inLanguage\":\"en-US\",\"isPartOf\":{\"@id\":\"https:\\\/\\\/monatglobal.com\\\/ca\\\/#website\"},\"breadcrumb\":{\"@id\":\"https:\\\/\\\/monatglobal.com\\\/ca\\\/bright-friday\\\/?lang=fr#breadcrumblist\"},\"image\":{\"@type\":\"ImageObject\",\"url\":\"https:\\\/\\\/monatglobal.com\\\/ca\\\/wp-content\\\/uploads\\\/sites\\\/5\\\/2021\\\/11\\\/Bright-and-Early-2021.jpg\",\"@id\":\"https:\\\/\\\/monatglobal.com\\\/ca\\\/bright-friday\\\/?lang=fr\\\/#mainImage\",\"width\":1000,\"height\":541},\"primaryImageOfPage\":{\"@id\":\"https:\\\/\\\/monatglobal.com\\\/ca\\\/bright-friday\\\/?lang=fr#mainImage\"},\"datePublished\":\"2021-11-18T12:57:19-05:00\",\"dateModified\":\"2021-11-22T08:20:35-05:00\"},{\"@type\":\"WebSite\",\"@id\":\"https:\\\/\\\/monatglobal.com\\\/ca\\\/#website\",\"url\":\"https:\\\/\\\/monatglobal.com\\\/ca\\\/\",\"name\":\"Monat Canada English\",\"description\":\"We Are Modern Nature\",\"inLanguage\":\"en-US\",\"publisher\":{\"@id\":\"https:\\\/\\\/monatglobal.com\\\/ca\\\/#organization\"}}]}\n\t\t<\/script>\n\t\t<!-- All in One SEO Pro -->\r\n\t\t<title>Bright &amp; Early 2021 - Monat Canada English<\/title>\n\n","aioseo_head_json":{"title":"Bright & Early 2021 - Monat Canada English","description":"COLLECTION 2021 4 nouveaux ensembles-cadeaux. Des accessoires en \u00e9dition limit\u00e9e. 5 jours seulement. Magasinez t\u00f4t et \u00e9conomisez! Choisissez parmi quatre NOUVEAUX ensembles-cadeaux en \u00e9dition limit\u00e9e mettant en vedette des soins capillaires, des soins de la peau et des produits de bien-\u00eatre populaires, ainsi que des accessoires exclusifs, y compris de NOUVEAUX OUTILS CHAUFFANTS que vous voudrez absolument avoir!","canonical_url":"https:\/\/monatglobal.com\/ca\/bright-friday\/?lang=fr","robots":"max-image-preview:large","keywords":"","webmasterTools":{"miscellaneous":""},"schema":{"@context":"https:\/\/schema.org","@graph":[{"@type":"BreadcrumbList","@id":"https:\/\/monatglobal.com\/ca\/bright-friday\/?lang=fr#breadcrumblist","itemListElement":[{"@type":"ListItem","@id":"https:\/\/monatglobal.com\/ca#listItem","position":1,"name":"Home","item":"https:\/\/monatglobal.com\/ca","nextItem":{"@type":"ListItem","@id":"https:\/\/monatglobal.com\/ca\/bright-friday\/?lang=fr#listItem","name":"Bright &#038; Early 2021"}},{"@type":"ListItem","@id":"https:\/\/monatglobal.com\/ca\/bright-friday\/?lang=fr#listItem","position":2,"name":"Bright &#038; Early 2021","previousItem":{"@type":"ListItem","@id":"https:\/\/monatglobal.com\/ca#listItem","name":"Home"}}]},{"@type":"Organization","@id":"https:\/\/monatglobal.com\/ca\/#organization","name":"Monat Canada English","description":"We Are Modern Nature","url":"https:\/\/monatglobal.com\/ca\/"},{"@type":"WebPage","@id":"https:\/\/monatglobal.com\/ca\/bright-friday\/?lang=fr#webpage","url":"https:\/\/monatglobal.com\/ca\/bright-friday\/?lang=fr","name":"Bright & Early 2021 - Monat Canada English","description":"COLLECTION 2021 4 nouveaux ensembles-cadeaux. Des accessoires en \u00e9dition limit\u00e9e. 5 jours seulement. Magasinez t\u00f4t et \u00e9conomisez! Choisissez parmi quatre NOUVEAUX ensembles-cadeaux en \u00e9dition limit\u00e9e mettant en vedette des soins capillaires, des soins de la peau et des produits de bien-\u00eatre populaires, ainsi que des accessoires exclusifs, y compris de NOUVEAUX OUTILS CHAUFFANTS que vous voudrez absolument avoir!","inLanguage":"en-US","isPartOf":{"@id":"https:\/\/monatglobal.com\/ca\/#website"},"breadcrumb":{"@id":"https:\/\/monatglobal.com\/ca\/bright-friday\/?lang=fr#breadcrumblist"},"image":{"@type":"ImageObject","url":"https:\/\/monatglobal.com\/ca\/wp-content\/uploads\/sites\/5\/2021\/11\/Bright-and-Early-2021.jpg","@id":"https:\/\/monatglobal.com\/ca\/bright-friday\/?lang=fr\/#mainImage","width":1000,"height":541},"primaryImageOfPage":{"@id":"https:\/\/monatglobal.com\/ca\/bright-friday\/?lang=fr#mainImage"},"datePublished":"2021-11-18T12:57:19-05:00","dateModified":"2021-11-22T08:20:35-05:00"},{"@type":"WebSite","@id":"https:\/\/monatglobal.com\/ca\/#website","url":"https:\/\/monatglobal.com\/ca\/","name":"Monat Canada English","description":"We Are Modern Nature","inLanguage":"en-US","publisher":{"@id":"https:\/\/monatglobal.com\/ca\/#organization"}}]},"og:locale":"en_US","og:site_name":"Monat Canada English - We Are Modern Nature","og:type":"article","og:title":"Bright &amp; Early 2021 - Monat Canada English","og:description":"COLLECTION 2021 4 nouveaux ensembles-cadeaux. Des accessoires en \u00e9dition limit\u00e9e. 5 jours seulement. Magasinez t\u00f4t et \u00e9conomisez! Choisissez parmi quatre NOUVEAUX ensembles-cadeaux en \u00e9dition limit\u00e9e mettant en vedette des soins capillaires, des soins de la peau et des produits de bien-\u00eatre populaires, ainsi que des accessoires exclusifs, y compris de NOUVEAUX OUTILS CHAUFFANTS que vous voudrez absolument avoir!","og:url":"https:\/\/monatglobal.com\/ca\/bright-friday\/?lang=fr","article:published_time":"2021-11-18T17:57:19+00:00","article:modified_time":"2021-11-22T13:20:35+00:00","twitter:card":"summary_large_image","twitter:title":"Bright &amp; Early 2021 - Monat Canada English","twitter:description":"COLLECTION 2021 4 nouveaux ensembles-cadeaux. Des accessoires en \u00e9dition limit\u00e9e. 5 jours seulement. Magasinez t\u00f4t et \u00e9conomisez! Choisissez parmi quatre NOUVEAUX ensembles-cadeaux en \u00e9dition limit\u00e9e mettant en vedette des soins capillaires, des soins de la peau et des produits de bien-\u00eatre populaires, ainsi que des accessoires exclusifs, y compris de NOUVEAUX OUTILS CHAUFFANTS que vous voudrez absolument avoir!"},"aioseo_meta_data":{"post_id":"66015","title":null,"description":null,"keywords":null,"keyphrases":null,"primary_term":null,"canonical_url":null,"og_title":null,"og_description":null,"og_object_type":"default","og_image_type":"default","og_image_url":null,"og_image_width":null,"og_image_height":null,"og_image_custom_url":null,"og_image_custom_fields":null,"og_video":null,"og_custom_url":null,"og_article_section":null,"og_article_tags":null,"twitter_use_og":false,"twitter_card":"default","twitter_image_type":"default","twitter_image_url":null,"twitter_image_custom_url":null,"twitter_image_custom_fields":null,"twitter_title":null,"twitter_description":null,"schema":{"blockGraphs":[],"customGraphs":[],"default":{"data":{"Article":[],"Course":[],"Dataset":[],"FAQPage":[],"Movie":[],"Person":[],"Product":[],"ProductReview":[],"Car":[],"Recipe":[],"Service":[],"SoftwareApplication":[],"WebPage":[]},"graphName":"","isEnabled":true},"graphs":[]},"schema_type":"default","schema_type_options":null,"pillar_content":false,"robots_default":true,"robots_noindex":false,"robots_noarchive":false,"robots_nosnippet":false,"robots_nofollow":false,"robots_noimageindex":false,"robots_noodp":false,"robots_notranslate":false,"robots_max_snippet":null,"robots_max_videopreview":null,"robots_max_imagepreview":"large","priority":null,"frequency":null,"local_seo":null,"seo_analyzer_scan_date":"2026-02-10 20:17:36","limit_modified_date":false,"reviewed_by":null,"open_ai":null,"ai":null,"created":"2023-07-26 13:01:59","updated":"2026-02-10 20:17:36"},"aioseo_breadcrumb":"<div class=\"aioseo-breadcrumbs\"><span class=\"aioseo-breadcrumb\">\n\t<a href=\"https:\/\/monatglobal.com\/ca\" title=\"Home\">Home<\/a>\n<\/span><span class=\"aioseo-breadcrumb-separator\">&raquo;<\/span><span class=\"aioseo-breadcrumb\">\n\tBright &amp; Early 2021\n<\/span><\/div>","aioseo_breadcrumb_json":[{"label":"Home","link":"https:\/\/monatglobal.com\/ca"},{"label":"Bright &#038; Early 2021","link":"https:\/\/monatglobal.com\/ca\/bright-friday\/?lang=fr"}],"_links":{"self":[{"href":"https:\/\/monatglobal.com\/ca\/wp-json\/wp\/v2\/pages\/66015","targetHints":{"allow":["GET"]}}],"collection":[{"href":"https:\/\/monatglobal.com\/ca\/wp-json\/wp\/v2\/pages"}],"about":[{"href":"https:\/\/monatglobal.com\/ca\/wp-json\/wp\/v2\/types\/page"}],"author":[{"embeddable":true,"href":"https:\/\/monatglobal.com\/ca\/wp-json\/wp\/v2\/users\/31"}],"replies":[{"embeddable":true,"href":"https:\/\/monatglobal.com\/ca\/wp-json\/wp\/v2\/comments?post=66015"}],"version-history":[{"count":7,"href":"https:\/\/monatglobal.com\/ca\/wp-json\/wp\/v2\/pages\/66015\/revisions"}],"predecessor-version":[{"id":66130,"href":"https:\/\/monatglobal.com\/ca\/wp-json\/wp\/v2\/pages\/66015\/revisions\/66130"}],"wp:featuredmedia":[{"embeddable":true,"href":"https:\/\/monatglobal.com\/ca\/wp-json\/wp\/v2\/media\/66008"}],"wp:attachment":[{"href":"https:\/\/monatglobal.com\/ca\/wp-json\/wp\/v2\/media?parent=66015"}],"wp:term":[{"taxonomy":"category","embeddable":true,"href":"https:\/\/monatglobal.com\/ca\/wp-json\/wp\/v2\/categories?post=66015"},{"taxonomy":"post_tag","embeddable":true,"href":"https:\/\/monatglobal.com\/ca\/wp-json\/wp\/v2\/tags?post=66015"}],"curies":[{"name":"wp","href":"https:\/\/api.w.org\/{rel}","templated":true}]}}