{"id":65782,"date":"2021-11-04T10:05:27","date_gmt":"2021-11-04T14:05:27","guid":{"rendered":"https:\/\/monatglobal.com\/ca\/?page_id=65782"},"modified":"2025-02-24T15:23:15","modified_gmt":"2025-02-24T20:23:15","slug":"new-leadership-experience","status":"publish","type":"page","link":"https:\/\/monatglobal.com\/ca\/new-leadership-experience\/?lang=fr","title":{"rendered":"Exp\u00e9rience pour nouveaux leaders"},"content":{"rendered":"\n\n  <img decoding=\"async\" src=\"https:\/\/monatglobal.com\/ca\/wp-content\/uploads\/sites\/5\/2021\/11\/fr-logo-leadership.png\" loading=\"lazy\"\/>\n<img decoding=\"async\" src=\"https:\/\/monatglobal.com\/wp-content\/uploads\/2022\/12\/leadership-experience-dots.svg\" alt=\"Golden arrows aiming up diagonally toward the right.\"\/>\n<p>Du 26 au 28 juillet 2024 <br \/> Miami, Floride<\/p>\nPRENEZ LES CHOSES<br \/>  EN MAIN.\n      <p>\u00cates-vous pr\u00eats \u00e0 commencer la prochaine \u00e9tape de votre parcours de&nbsp;leader? <br \/>Voici l&#8217;occasion tout&nbsp;indiqu\u00e9e.<\/p>\n      <p>L&#8217;Exp\u00e9rience pour nouveaux leaders est un apprentissage immersif et en profondeur, con\u00e7u pour vous fournir les comp\u00e9tences, les connaissances et l&#8217;\u00e9tat d&#8217;esprit qui d\u00e9finissent le leadership r\u00e9ussi chez MONAT. <\/p>\n      <p>Vous suivrez une formation offerte par les meilleurs leaders sur le terrain et des cadres, participerez \u00e0 un atelier exclusif et repartirez pr\u00eat \u00e0 devenir un meilleur leader. <\/p>\n   <img decoding=\"async\" src=\"https:\/\/monatglobal.com\/wp-content\/uploads\/2021\/11\/monat-leadership.png\" alt=\"Hashtag Monat Leadership\" loading=\"lazy\"\/>\n      <img decoding=\"async\" src=\"https:\/\/monatglobal.com\/wp-content\/uploads\/2022\/12\/yellow-Arrows.svg\" alt=\"Golden arrows aiming up diagonally toward the right.\"\/>\n        <img decoding=\"async\" src=\"https:\/\/monatglobal.com\/au\/wp-content\/uploads\/sites\/12\/2022\/07\/usa-falg.jpg\" alt=\"USA Flag\" loading=\"lazy\"\/>\n        <img decoding=\"async\" src=\"https:\/\/monatglobal.com\/uk\/wp-content\/uploads\/sites\/6\/2021\/07\/canada-flag.png\" alt=\"CA Flag\" loading=\"lazy\"\/>\n   <h2>Crit\u00e8res de qualification<\/h2>\n   <p>Du 1er janvier au 30 juin 2024<\/p>\n               <p>Tous les partenaires de march\u00e9 aux \u00c9.-U. et au Canada qui satisfont aux exigences suivantes seront admissibles pour y&nbsp;participer.<\/p> \n            <h2>GROUPE 1<\/h2>\n            <p>Les partenaires de march\u00e9 qui ont atteint le rang de b\u00e2tisseur de march\u00e9 gestionnaire (BMG) \u00e0 mentor de march\u00e9 gestionnaire (MMG) pour la premi\u00e8re fois de juin \u00e0 d\u00e9cembre&nbsp;2023.<\/p>\n                    <p>Ceux qui ont atteint le rang de BMG \u00e0 MMG pour la premi\u00e8re fois de juin \u00e0 d\u00e9cembre&nbsp;2023<\/p> \n                    <p>Au moins 4 mois sur 6, vous devez \u00eatre pay\u00e9 en tant que votre titre de carri\u00e8re en date du 1er janvier 2024 ou un rang sup\u00e9rieur, et compl\u00e9ter 3&nbsp;blocs. <\/p>\n            <h2>GROUPE 2<\/h2>\n            <p>Les partenaires de march\u00e9 qui atteignent le rang de b\u00e2tisseur de march\u00e9 gestionnaire (BMG) \u00e0 mentor de march\u00e9 gestionnaire (MMG) pour la premi\u00e8re fois pendant la p\u00e9riode de qualification, de janvier \u00e0 mai&nbsp;2024.<\/p>\n                    <p>Ceux qui atteignent le rang de BMG \u00e0 MMG pour la premi\u00e8re fois de janvier \u00e0 mai&nbsp;2024<\/p> \n                    <p>Nouveaux BMG \u00e0 MMG <br \/>en janvier 2024<\/p>\n                    <p>Maintenez ce rang pay\u00e9 pendant 3 mois additionnels au cours des 5 mois restants de la p\u00e9riode de qualification (de f\u00e9vr. \u00e0 juin) et compl\u00e9tez 3&nbsp;blocs.*<\/p>\n                    <p>Nouveaux BMG \u00e0 MMG <br \/>en f\u00e9vrier 2024<\/p>\n                    <p>Maintenez ce rang pay\u00e9 pendant 3 mois additionnels au cours des 4 mois restants de la p\u00e9riode de qualification (de mars \u00e0 juin) et compl\u00e9tez 3&nbsp;blocs.* <\/p>\n                    <p>Nouveaux BMG \u00e0 MMG <br \/>en mars 2024<\/p>\n                    <p>Maintenez ce rang pay\u00e9 pendant 2 mois additionnels au cours des 3 mois restants de la p\u00e9riode de qualification (d&#8217;avril \u00e0 juin) et compl\u00e9tez 3&nbsp;blocs.*<\/p>\n                    <p>Nouveaux BMG \u00e0 MMG <br \/>en avril 2024<\/p>\n                    <p>Maintenez ce rang pay\u00e9 pendant 1 mois additionnel au cours des 2 mois restants de la p\u00e9riode de qualification (mai et juin) et compl\u00e9tez 3&nbsp;blocs.*<\/p>\n                    <p>Nouveaux BMG \u00e0 MMG <br \/>en mai 2024<\/p>\n                    <p>Maintenez ce rang pay\u00e9 jusqu&#8217;\u00e0 la fin de juin et compl\u00e9tez 3&nbsp;blocs.<\/p> \n              <p>*Blocs requis : Vous devez compl\u00e9ter 3 blocs pendant la p\u00e9riode de&nbsp;qualification.<\/p>\n              <ul>\n                  <li>Les VIP que vous avez inscrits doivent avoir une commande Flexship active jusqu&#8217;au 15e jour du mois suivant leur mois d&#8217;inscription pour faire partie de votre&nbsp;bloc.<\/li>\n                  <li>Les partenaires de march\u00e9 doivent s&#8217;inscrire avec un ensemble de produits pour faire partie d&#8217;un&nbsp;bloc. <\/li>\n                  <li>Les partenaires de march\u00e9 qui s&#8217;inscrivent sans frais au Canada doivent g\u00e9n\u00e9rer un VP de 200 ou plus au cours de leurs 30 premiers jours pour compter en vue d&#8217;un&nbsp;bloc.<\/li>\n                  <li>Les blocs sont cumulatifs pendant la p\u00e9riode de&nbsp;qualification.<\/li>\n              <\/ul>\n   <img decoding=\"async\" src=\"https:\/\/monatglobal.com\/wp-content\/uploads\/2022\/12\/leadership-experience-dots-left-1.svg\" alt=\"Golden arrows aiming up diagonally toward the right.\"\/>     \n   <img decoding=\"async\" src=\"https:\/\/monatglobal.com\/wp-content\/uploads\/2022\/12\/yellow-Arrows-left.svg\" alt=\"Golden arrows aiming up diagonally toward the left.\"\/>\n   <h2>CE QUI EST INCLUS<\/h2>\n                  <p>Un billet d&#8217;avion aller-retour \u00e0 Miami, en&nbsp;Floride<\/p>\n                  <p>2 nuits \u00e0 l&#8217;h\u00f4tel <\/p>\n                  <p>Une demi-journ\u00e9e de formation avec des cadres et des experts sur le&nbsp;terrain<\/p>\n                  <p>Une visite guid\u00e9e des installations de&nbsp;MONAT<\/p>\n                  <p>Surprise visitors!<\/p>\n      <a href=\"https:\/\/mymonat.com\/crm\/resource_library\/c\/466\/r\/14287\" target=\"_blank\" rel=\"noopener\">FAQ<\/a>    \n      <p><a href=\"https:\/\/mymonat.com\/crm\/resource_library\/c\/466\/r\/14289\" target=\"_blank\" rel=\"noopener\">Conditions g\u00e9n\u00e9rales<\/a><\/p>\n\n","protected":false},"excerpt":{"rendered":"<p>Du 26 au 28 juillet 2024 Miami, Floride PRENEZ LES CHOSES EN MAIN. \u00cates-vous pr\u00eats \u00e0 commencer la prochaine \u00e9tape de votre parcours de&nbsp;leader? Voici l&#8217;occasion tout&nbsp;indiqu\u00e9e. L&#8217;Exp\u00e9rience pour nouveaux leaders est un apprentissage immersif et en profondeur, con\u00e7u pour vous fournir les comp\u00e9tences, les connaissances et l&#8217;\u00e9tat d&#8217;esprit qui d\u00e9finissent le leadership r\u00e9ussi chez&hellip;<\/p>\n","protected":false},"author":33,"featured_media":65772,"parent":0,"menu_order":0,"comment_status":"closed","ping_status":"closed","template":"","meta":{"inline_featured_image":false,"om_disable_all_campaigns":false,"_monsterinsights_skip_tracking":false,"_monsterinsights_sitenote_active":false,"_monsterinsights_sitenote_note":"","_monsterinsights_sitenote_category":0,"footnotes":""},"categories":[],"tags":[],"class_list":["post-65782","page","type-page","status-publish","has-post-thumbnail","hentry"],"aioseo_notices":[],"aioseo_head":"\n\t\t<!-- All in One SEO Pro 4.9.6 - aioseo.com -->\n\t<meta name=\"description\" content=\"\u00c9levez votre leadership au prochain niveau et qualifiez-vous pour participer \u00e0 la TOUTE PREMI\u00c8RE Exp\u00e9rience pour nouveaux leaders qui aura lieu en janvier 2022!\" \/>\n\t<meta name=\"robots\" content=\"max-image-preview:large\" \/>\n\t<link rel=\"canonical\" href=\"https:\/\/monatglobal.com\/ca\/new-leadership-experience\/?lang=fr\" \/>\n\t<meta name=\"generator\" content=\"All in One SEO Pro (AIOSEO) 4.9.6\" \/>\n\t\t<meta property=\"og:locale\" content=\"en_US\" \/>\n\t\t<meta property=\"og:site_name\" content=\"Monat Canada English - We Are Modern Nature\" \/>\n\t\t<meta property=\"og:type\" content=\"article\" \/>\n\t\t<meta property=\"og:title\" content=\"Exp\u00e9rience pour nouveaux leaders - Monat Canada English\" \/>\n\t\t<meta property=\"og:description\" content=\"\u00c9levez votre leadership au prochain niveau et qualifiez-vous pour participer \u00e0 la TOUTE PREMI\u00c8RE Exp\u00e9rience pour nouveaux leaders qui aura lieu en janvier 2022!\" \/>\n\t\t<meta property=\"og:url\" content=\"https:\/\/monatglobal.com\/ca\/new-leadership-experience\/?lang=fr\" \/>\n\t\t<meta property=\"article:published_time\" content=\"2021-11-04T14:05:27+00:00\" \/>\n\t\t<meta property=\"article:modified_time\" content=\"2025-02-24T20:23:15+00:00\" \/>\n\t\t<meta name=\"twitter:card\" content=\"summary_large_image\" \/>\n\t\t<meta name=\"twitter:title\" content=\"Exp\u00e9rience pour nouveaux leaders - Monat Canada English\" \/>\n\t\t<meta name=\"twitter:description\" content=\"\u00c9levez votre leadership au prochain niveau et qualifiez-vous pour participer \u00e0 la TOUTE PREMI\u00c8RE Exp\u00e9rience pour nouveaux leaders qui aura lieu en janvier 2022!\" \/>\n\t\t<script type=\"application\/ld+json\" class=\"aioseo-schema\">\n\t\t\t{\"@context\":\"https:\\\/\\\/schema.org\",\"@graph\":[{\"@type\":\"BreadcrumbList\",\"@id\":\"https:\\\/\\\/monatglobal.com\\\/ca\\\/new-leadership-experience\\\/?lang=fr#breadcrumblist\",\"itemListElement\":[{\"@type\":\"ListItem\",\"@id\":\"https:\\\/\\\/monatglobal.com\\\/ca#listItem\",\"position\":1,\"name\":\"Home\",\"item\":\"https:\\\/\\\/monatglobal.com\\\/ca\",\"nextItem\":{\"@type\":\"ListItem\",\"@id\":\"https:\\\/\\\/monatglobal.com\\\/ca\\\/new-leadership-experience\\\/?lang=fr#listItem\",\"name\":\"Exp\\u00e9rience pour nouveaux leaders\"}},{\"@type\":\"ListItem\",\"@id\":\"https:\\\/\\\/monatglobal.com\\\/ca\\\/new-leadership-experience\\\/?lang=fr#listItem\",\"position\":2,\"name\":\"Exp\\u00e9rience pour nouveaux leaders\",\"previousItem\":{\"@type\":\"ListItem\",\"@id\":\"https:\\\/\\\/monatglobal.com\\\/ca#listItem\",\"name\":\"Home\"}}]},{\"@type\":\"Organization\",\"@id\":\"https:\\\/\\\/monatglobal.com\\\/ca\\\/#organization\",\"name\":\"Monat Canada English\",\"description\":\"We Are Modern Nature\",\"url\":\"https:\\\/\\\/monatglobal.com\\\/ca\\\/\"},{\"@type\":\"WebPage\",\"@id\":\"https:\\\/\\\/monatglobal.com\\\/ca\\\/new-leadership-experience\\\/?lang=fr#webpage\",\"url\":\"https:\\\/\\\/monatglobal.com\\\/ca\\\/new-leadership-experience\\\/?lang=fr\",\"name\":\"Exp\\u00e9rience pour nouveaux leaders - Monat Canada English\",\"description\":\"\\u00c9levez votre leadership au prochain niveau et qualifiez-vous pour participer \\u00e0 la TOUTE PREMI\\u00c8RE Exp\\u00e9rience pour nouveaux leaders qui aura lieu en janvier 2022!\",\"inLanguage\":\"en-US\",\"isPartOf\":{\"@id\":\"https:\\\/\\\/monatglobal.com\\\/ca\\\/#website\"},\"breadcrumb\":{\"@id\":\"https:\\\/\\\/monatglobal.com\\\/ca\\\/new-leadership-experience\\\/?lang=fr#breadcrumblist\"},\"image\":{\"@type\":\"ImageObject\",\"url\":\"https:\\\/\\\/monatglobal.com\\\/ca\\\/wp-content\\\/uploads\\\/sites\\\/5\\\/2021\\\/11\\\/thumb-new-leadership.jpg\",\"@id\":\"https:\\\/\\\/monatglobal.com\\\/ca\\\/new-leadership-experience\\\/?lang=fr\\\/#mainImage\",\"width\":1000,\"height\":562},\"primaryImageOfPage\":{\"@id\":\"https:\\\/\\\/monatglobal.com\\\/ca\\\/new-leadership-experience\\\/?lang=fr#mainImage\"},\"datePublished\":\"2021-11-04T10:05:27-04:00\",\"dateModified\":\"2025-02-24T15:23:15-05:00\"},{\"@type\":\"WebSite\",\"@id\":\"https:\\\/\\\/monatglobal.com\\\/ca\\\/#website\",\"url\":\"https:\\\/\\\/monatglobal.com\\\/ca\\\/\",\"name\":\"Monat Canada English\",\"description\":\"We Are Modern Nature\",\"inLanguage\":\"en-US\",\"publisher\":{\"@id\":\"https:\\\/\\\/monatglobal.com\\\/ca\\\/#organization\"}}]}\n\t\t<\/script>\n\t\t<!-- All in One SEO Pro -->\r\n\t\t<title>Exp\u00e9rience pour nouveaux leaders - Monat Canada English<\/title>\n\n","aioseo_head_json":{"title":"Exp\u00e9rience pour nouveaux leaders - Monat Canada English","description":"\u00c9levez votre leadership au prochain niveau et qualifiez-vous pour participer \u00e0 la TOUTE PREMI\u00c8RE Exp\u00e9rience pour nouveaux leaders qui aura lieu en janvier 2022!","canonical_url":"https:\/\/monatglobal.com\/ca\/new-leadership-experience\/?lang=fr","robots":"max-image-preview:large","keywords":"","webmasterTools":{"miscellaneous":""},"schema":{"@context":"https:\/\/schema.org","@graph":[{"@type":"BreadcrumbList","@id":"https:\/\/monatglobal.com\/ca\/new-leadership-experience\/?lang=fr#breadcrumblist","itemListElement":[{"@type":"ListItem","@id":"https:\/\/monatglobal.com\/ca#listItem","position":1,"name":"Home","item":"https:\/\/monatglobal.com\/ca","nextItem":{"@type":"ListItem","@id":"https:\/\/monatglobal.com\/ca\/new-leadership-experience\/?lang=fr#listItem","name":"Exp\u00e9rience pour nouveaux leaders"}},{"@type":"ListItem","@id":"https:\/\/monatglobal.com\/ca\/new-leadership-experience\/?lang=fr#listItem","position":2,"name":"Exp\u00e9rience pour nouveaux leaders","previousItem":{"@type":"ListItem","@id":"https:\/\/monatglobal.com\/ca#listItem","name":"Home"}}]},{"@type":"Organization","@id":"https:\/\/monatglobal.com\/ca\/#organization","name":"Monat Canada English","description":"We Are Modern Nature","url":"https:\/\/monatglobal.com\/ca\/"},{"@type":"WebPage","@id":"https:\/\/monatglobal.com\/ca\/new-leadership-experience\/?lang=fr#webpage","url":"https:\/\/monatglobal.com\/ca\/new-leadership-experience\/?lang=fr","name":"Exp\u00e9rience pour nouveaux leaders - Monat Canada English","description":"\u00c9levez votre leadership au prochain niveau et qualifiez-vous pour participer \u00e0 la TOUTE PREMI\u00c8RE Exp\u00e9rience pour nouveaux leaders qui aura lieu en janvier 2022!","inLanguage":"en-US","isPartOf":{"@id":"https:\/\/monatglobal.com\/ca\/#website"},"breadcrumb":{"@id":"https:\/\/monatglobal.com\/ca\/new-leadership-experience\/?lang=fr#breadcrumblist"},"image":{"@type":"ImageObject","url":"https:\/\/monatglobal.com\/ca\/wp-content\/uploads\/sites\/5\/2021\/11\/thumb-new-leadership.jpg","@id":"https:\/\/monatglobal.com\/ca\/new-leadership-experience\/?lang=fr\/#mainImage","width":1000,"height":562},"primaryImageOfPage":{"@id":"https:\/\/monatglobal.com\/ca\/new-leadership-experience\/?lang=fr#mainImage"},"datePublished":"2021-11-04T10:05:27-04:00","dateModified":"2025-02-24T15:23:15-05:00"},{"@type":"WebSite","@id":"https:\/\/monatglobal.com\/ca\/#website","url":"https:\/\/monatglobal.com\/ca\/","name":"Monat Canada English","description":"We Are Modern Nature","inLanguage":"en-US","publisher":{"@id":"https:\/\/monatglobal.com\/ca\/#organization"}}]},"og:locale":"en_US","og:site_name":"Monat Canada English - We Are Modern Nature","og:type":"article","og:title":"Exp\u00e9rience pour nouveaux leaders - Monat Canada English","og:description":"\u00c9levez votre leadership au prochain niveau et qualifiez-vous pour participer \u00e0 la TOUTE PREMI\u00c8RE Exp\u00e9rience pour nouveaux leaders qui aura lieu en janvier 2022!","og:url":"https:\/\/monatglobal.com\/ca\/new-leadership-experience\/?lang=fr","article:published_time":"2021-11-04T14:05:27+00:00","article:modified_time":"2025-02-24T20:23:15+00:00","twitter:card":"summary_large_image","twitter:title":"Exp\u00e9rience pour nouveaux leaders - Monat Canada English","twitter:description":"\u00c9levez votre leadership au prochain niveau et qualifiez-vous pour participer \u00e0 la TOUTE PREMI\u00c8RE Exp\u00e9rience pour nouveaux leaders qui aura lieu en janvier 2022!"},"aioseo_meta_data":{"post_id":"65782","title":null,"description":"\u00c9levez votre leadership au prochain niveau et qualifiez-vous pour participer \u00e0 la TOUTE PREMI\u00c8RE Exp\u00e9rience pour nouveaux leaders qui aura lieu en janvier 2022!","keywords":null,"keyphrases":{"focus":{"keyphrase":"","score":0,"analysis":{"keyphraseInTitle":{"score":0,"maxScore":9,"error":1}}},"additional":[]},"primary_term":null,"canonical_url":null,"og_title":null,"og_description":null,"og_object_type":"default","og_image_type":"default","og_image_url":null,"og_image_width":null,"og_image_height":null,"og_image_custom_url":null,"og_image_custom_fields":null,"og_video":"","og_custom_url":null,"og_article_section":null,"og_article_tags":null,"twitter_use_og":false,"twitter_card":"default","twitter_image_type":"default","twitter_image_url":null,"twitter_image_custom_url":null,"twitter_image_custom_fields":null,"twitter_title":null,"twitter_description":null,"schema":{"blockGraphs":[],"customGraphs":[],"default":{"data":{"Article":[],"Course":[],"Dataset":[],"FAQPage":[],"Movie":[],"Person":[],"Product":[],"ProductReview":[],"Car":[],"Recipe":[],"Service":[],"SoftwareApplication":[],"WebPage":[]},"graphName":"WebPage","isEnabled":true},"graphs":[]},"schema_type":"default","schema_type_options":null,"pillar_content":false,"robots_default":true,"robots_noindex":false,"robots_noarchive":false,"robots_nosnippet":false,"robots_nofollow":false,"robots_noimageindex":false,"robots_noodp":false,"robots_notranslate":false,"robots_max_snippet":"-1","robots_max_videopreview":"-1","robots_max_imagepreview":"large","priority":null,"frequency":"default","local_seo":null,"seo_analyzer_scan_date":"2026-02-10 20:15:41","limit_modified_date":false,"reviewed_by":null,"open_ai":"{\"title\":{\"suggestions\":[],\"usage\":0},\"description\":{\"suggestions\":[],\"usage\":0}}","ai":null,"created":"2023-07-26 13:00:52","updated":"2026-02-10 20:15:41"},"aioseo_breadcrumb":"<div class=\"aioseo-breadcrumbs\"><span class=\"aioseo-breadcrumb\">\n\t<a href=\"https:\/\/monatglobal.com\/ca\" title=\"Home\">Home<\/a>\n<\/span><span class=\"aioseo-breadcrumb-separator\">&raquo;<\/span><span class=\"aioseo-breadcrumb\">\n\tExp\u00e9rience pour nouveaux leaders\n<\/span><\/div>","aioseo_breadcrumb_json":[{"label":"Home","link":"https:\/\/monatglobal.com\/ca"},{"label":"Exp\u00e9rience pour nouveaux leaders","link":"https:\/\/monatglobal.com\/ca\/new-leadership-experience\/?lang=fr"}],"_links":{"self":[{"href":"https:\/\/monatglobal.com\/ca\/wp-json\/wp\/v2\/pages\/65782","targetHints":{"allow":["GET"]}}],"collection":[{"href":"https:\/\/monatglobal.com\/ca\/wp-json\/wp\/v2\/pages"}],"about":[{"href":"https:\/\/monatglobal.com\/ca\/wp-json\/wp\/v2\/types\/page"}],"author":[{"embeddable":true,"href":"https:\/\/monatglobal.com\/ca\/wp-json\/wp\/v2\/users\/33"}],"replies":[{"embeddable":true,"href":"https:\/\/monatglobal.com\/ca\/wp-json\/wp\/v2\/comments?post=65782"}],"version-history":[{"count":29,"href":"https:\/\/monatglobal.com\/ca\/wp-json\/wp\/v2\/pages\/65782\/revisions"}],"predecessor-version":[{"id":91874,"href":"https:\/\/monatglobal.com\/ca\/wp-json\/wp\/v2\/pages\/65782\/revisions\/91874"}],"wp:featuredmedia":[{"embeddable":true,"href":"https:\/\/monatglobal.com\/ca\/wp-json\/wp\/v2\/media\/65772"}],"wp:attachment":[{"href":"https:\/\/monatglobal.com\/ca\/wp-json\/wp\/v2\/media?parent=65782"}],"wp:term":[{"taxonomy":"category","embeddable":true,"href":"https:\/\/monatglobal.com\/ca\/wp-json\/wp\/v2\/categories?post=65782"},{"taxonomy":"post_tag","embeddable":true,"href":"https:\/\/monatglobal.com\/ca\/wp-json\/wp\/v2\/tags?post=65782"}],"curies":[{"name":"wp","href":"https:\/\/api.w.org\/{rel}","templated":true}]}}