{"id":65529,"date":"2021-10-25T14:56:16","date_gmt":"2021-10-25T18:56:16","guid":{"rendered":"https:\/\/monatglobal.com\/ca\/?page_id=65529"},"modified":"2024-07-08T15:57:57","modified_gmt":"2024-07-08T19:57:57","slug":"immune-support","status":"publish","type":"page","link":"https:\/\/monatglobal.com\/ca\/immune-support\/?lang=fr","title":{"rendered":"Soutien immunitaire MONAT"},"content":{"rendered":"\n\n\t<style>\n  .col_3 { grid-template-columns: repeat(3, 1fr); }\n  @media screen and (max-width: 576px) {\n      .peq_col_1 { grid-template-columns: repeat(1, 1fr); }\n  }\n<\/style>\n<link rel=\"stylesheet\" href=\"https:\/\/unpkg.com\/swiper\/swiper-bundle.min.css\"\/>\n<link rel=\"stylesheet\" href=\"https:\/\/monatglobal.com\/wp-content\/creative_css\/product_styles_sheet.css\"\/>\n   <!--==================================================== ECOMM SECTION ====================================================-->\n      <!--==================================================== Ecomm image ====================================================-->\n      <img decoding=\"async\" src=\"https:\/\/monatglobal.com\/ca\/wp-content\/uploads\/sites\/5\/2021\/10\/immune-support-ca-ecomm-.png\" alt=\"Soutien immunitaire\"\/>\n      <!--==================================================== Ecomm information  ====================================================-->\n         \n         <h1>Support <br \/>immunitaire<\/h1>\n         <p>Profitez du soutien n\u00e9cessaire pour maintenir la sant\u00e9 du syst\u00e8me&nbsp;immunitaire!<\/p>\n         <p>30 capsules v\u00e9g\u00e9taliennes<\/p>\n         <!--==================================================== pricing ====================================================-->\n               <p>Prix de d\u00e9tail<br \/>72,00 $ CA<\/p>\n               <p>Prix de VIP<br \/>61,00 $ CA<\/p>\n               <p>Prix de d\u00e9tail<br \/>76,00 $ CA<\/p>\n               <p>Prix de VIP<br \/>65,00 $ CA<\/p>\n         <!--==================================================== pricing ====================================================-->\n         <p>Pour en savoir plus sur le Support immunitaire, veuillez contacter votre partenaire de march\u00e9&nbsp;MONAT.<\/p>\n              <p>STOCKS \u00e9puis\u00e9<\/p>\n             <a href=\"https:\/\/corp.mymonat.com\/shop\/products\/immune-support\/?globallanguage=fr&amp;globalmarket=ca\" target=\"_blank\" aria-label=\"Go to Immune Support shop\" rel=\"noopener\">MAGASINEZ<\/a>\n   <!--==================================================== \/ECOMM SECTION  ====================================================-->\n   <!--==================================================== Benefits image ====================================================-->\n   \n      <source media=\"(max-width: 700px)\" srcset=\"https:\/\/monatglobal.com\/ca\/wp-content\/uploads\/sites\/5\/2021\/10\/immune-support-benefits_mobile.jpg\"\/>\n      <img decoding=\"async\" src=\"https:\/\/monatglobal.com\/ca\/wp-content\/uploads\/sites\/5\/2021\/10\/immune-support-benefits.jpg\"\/>\n   \n   <!--==================================================== Benefits text ====================================================-->\n         <h2>BIENFAITS<\/h2>\n         <h3>Le Support immunitaire est aliment\u00e9 par des vitamines, des min\u00e9raux et des adaptog\u00e8nes \n         v\u00e9g\u00e9taux, sous forme de capsule facile \u00e0 avaler pour aider \u00e0 maintenir et \u00e0 soutenir la fonction du syst\u00e8me&nbsp;immunitaire.<\/h3>\n         <!--==================================================== features image  ====================================================-->\n         <img decoding=\"async\" src=\"https:\/\/monatglobal.com\/ca\/wp-content\/uploads\/sites\/5\/2021\/10\/immune-Support-features.jpg\"\/>\n      <!--==================================================== features text ====================================================-->\n            <h3>Con\u00e7u pour soutenir et aider \u00e0 favoriser les d\u00e9fenses naturelles du&nbsp;corps<\/h3>\n               <p>\/ Il contient les vitamines C et D et des min\u00e9raux dont le zinc, le s\u00e9l\u00e9nium et le&nbsp;fer<\/p>\n               <p>\/ Il contient 1000 UI de vitamine D2 d&#8217;origine&nbsp;v\u00e9g\u00e9tale<\/p>\n               <p>\/ Il contient du ginseng et de l&#8217;\u00e9chinac\u00e9e, des plantes adaptog\u00e8nes utilis\u00e9es&nbsp;traditionnellement<\/p>\n               <p>\/ Il contient un m\u00e9lange de vitamine B dont la thiamine, la riboflavine, la niacine, la vitamine B6, le folate et la vitamine&nbsp;B12<\/p>\n               <p>\/ Il a \u00e9t\u00e9 con\u00e7u pour offrir un soutien au syst\u00e8me immunitaire sous forme d&#8217;une capsule \u00e0 prendre chaque&nbsp;jour<\/p>\n               <p>\/ Les capsules v\u00e9g\u00e9taliennes sont color\u00e9es \u00e0 la chlorophylle, qui est naturellement verte, pour prot\u00e9ger la qualit\u00e9 des ingr\u00e9dients contre la lumi\u00e8re du&nbsp;soleil <\/p>\n               <br \/>\n            <p>Fragrance \/ Peony and Pink Pepper<\/p>\n            <p> Texture \/ Lightweight Gel<\/p>\n   <!--==================================================== composition image mobile ====================================================-->\n   <img decoding=\"async\" src=\"https:\/\/monatglobal.com\/ca\/wp-content\/uploads\/sites\/5\/2021\/10\/immune-Support-composition-1.1.jpg\"\/>\n   <!--==================================================== Why it works text ====================================================-->\n      <h2> Il n&#8217;a jamais \u00e9t\u00e9 aussi facile de prot\u00e9ger votre syst\u00e8me immunitaire pendant les p\u00e9riodes de&nbsp;stress.<\/h2>\n      <h3>Le Support immunitaire contient des quantit\u00e9s efficaces de zinc et des vitamines C et D qui, \n      selon les \u00e9tudes scientifiques, soutiennent la r\u00e9action immunitaire naturelle du&nbsp;corps.<\/h3>\n      Les effets de ces puissants ingr\u00e9dients sont rehauss\u00e9s par des extraits de plantes comme l&#8217;\u00e9chinac\u00e9e et le ginseng ainsi \n      que des adaptog\u00e8nes comme notre m\u00e9lange de champignons cr\u00e9\u00e9 sur&nbsp;mesure.\n<!--==================================================== Composition section ====================================================-->\n      <img decoding=\"async\" src=\"https:\/\/monatglobal.com\/ca\/wp-content\/uploads\/sites\/5\/2021\/10\/immune-Support-composition-1.1.jpg\"\/>\n      <img decoding=\"async\" src=\"https:\/\/monatglobal.com\/ca\/wp-content\/uploads\/sites\/5\/2021\/10\/immune-support-composition-1-1-fr.png\"\/>\n            <!--==================================================== Directions text ====================================================--> \n               <h3>Mode d&#8217;emploi<\/h3>\n               <p>\/ Prendre une capsule une fois par jour.<\/p>\n               <p>\/ Prendre avec nourriture afin d&#8217;\u00e9viter les troubles digestifs, quelques heures avant ou apr\u00e8s avoir pris d&#8217;autres m\u00e9dicaments ou produits de sant\u00e9 naturels.<\/p>\n               <p>DUR\u00c9E D&#8217;UTILISATION<\/p>\n               <p>\/ Consulter un professionnel de la sant\u00e9 avant d&#8217;utiliser le produit pendant plus de 8&nbsp;semaines.<\/p>\n            <!--==================================================== Directions video ====================================================-->\n      <p>Soutien immunitaire<br \/>0:00<\/p>\n       <p>STOCKS \u00e9puis\u00e9<\/p>\n      <a href=\"https:\/\/corp.mymonat.com\/shop\/products\/immune-support\/?globallanguage=fr&amp;globalmarket=ca\" target=\"_blank\" aria-label=\"Go to Soutien immunitaire shop\" rel=\"noopener\">MAGASINEZ<\/a>\n   <!--==================================================== Ingredients section  ====================================================-->\n      <h2>INGR\u00c9DIENTS CL\u00c9S<\/h2>\n               <p>M\u00e9lange de vitamine B<\/p>\n               <p>Vitamine C<\/p>\n               <p>Vitamine D<\/p>\n               <p>Ginseng<\/p>\n               <p>Fer<\/p>\n               <p>Zinc<\/p>\n               <p>\u00c9chinac\u00e9e<\/p>\n               <p>M\u00e9lange de champignons<\/p>\n        <button id=\"myBtn\" type=\"button\">LISTE D&#8217;INGR\u00c9DIENTS<\/button>\n      <!--==================================================== Modal content  ====================================================-->\n         \u00d7\n               <h3>Ingr\u00e9dients m\u00e9dicinaux<\/h3>\n               Chaque capsule contient : Vitamine C (acide ascorbique) 120 mg, Vitamine D2 (ergocalcif\u00e9rol) 25 mcg (1000 UI), Vitamine \n               B1 (mononitrate de thiamine) 240 mcg, Vitamine B2 (riboflavine) 260 mcg, Niacine (acide nicotinique) 3,2 mg, Vitamine B6 \n               (chlorhydrate de pyridoxine) 340 mcg, Folate (L-5-M\u00e9thylt\u00e9trahydrofolate) 80 mcg, Vitamine B12 (cyanocobalamine) 0,48 mcg, \n               Biotine 6 mcg, Acide pantoth\u00e9nique (D-pantoth\u00e9nate de calcium) 1 mg, Sulfate de fer (II) 3,6 mg, Zinc (oxyde de zinc) 11 mg, \n               S\u00e9l\u00e9nium (s\u00e9l\u00e9nom\u00e9thionine) 55 mcg, Reishi (Ganoderma lucidum, fructifications) (30 % de  polysaccharides) (QBE 125 mg, 10:1) \n               12,5 mg, Chaga (Inonotus obliquus, fructifications) (30 % de polysaccharides) (QBE 50 mg, 4:1) 12,5 mg, Hydne h\u00e9risson \n               (Hericium erinaceus, fructifications) 12,5 mg, Tram\u00e8te versicolore (Trametes versicolor, fructifications) (10 % de \n               polysaccharides) (QBE 100 \u00e0 312,5 mg, 8 \u00e0 25:1) 12.5 mg, \u00c9chinac\u00e9e pourpre (Echinacea purpurea, partie a\u00e9rienne et racine) \n               (QBE 250 mg, 10:1) 25 mg, Panax ginseng (racine) (contenu total de ginsenosides de 5 %) (QBE 80 mg, 4:1) 20 mg\n               <h3>INGR\u00c9DIENTS NON M\u00c9DICINAUX<\/h3>\n               <p>St\u00e9arate de magn\u00e9sium, dioxyde de silicium, hypromellose, inuline, maltodextrine, chlorophylle<\/p>\n               <p>Conserver dans un endroit frais et sec.<\/p>\n               <hr \/>\n               AVERTISSEMENTS ET MISES EN GARDE : CONSULTER UN PROFESSIONNEL DE LA SANT\u00c9 AVANT L&#8217;UTILISATION SI VOUS \u00caTES ENCEINTE, VOUS ALLAITEZ OU VOUS SOUFFREZ DE \n               DIAB\u00c8TE. CONSULTER UN PROFESSIONNEL DE LA SANT\u00c9 AVANT D&#8217;UTILISER LE PRODUIT SI VOUS PRENEZ DES ANTID\u00c9PRESSEURS, DES \n               ANTICOAGULANTS OU DE LA DIGOXINE. CONSULTER UN PROFESSIONNEL DE LA SANT\u00c9 AVANT D&#8217;UTILISER LE PRODUIT SI VOUS PRENEZ \n               DES M\u00c9DICAMENTS POUR AFFAIBLIR LE SYST\u00c8ME IMMUNITAIRE (M\u00c9DICAMENTS IMMUNOSUPPRESSEURS). CONSULTER UN PROFESSIONNEL \n               DE LA SANT\u00c9 AVANT D&#8217;UTILISER LE PRODUIT SI VOUS SOUFFREZ D&#8217;UNE MALADIE SYST\u00c9MIQUE \u00c9VOLUTIVE COMME LA TUBERCULOSE, LA \n               COLLAG\u00c9NOSE, LA SCL\u00c9ROSE EN PLAQUES, LE SIDA ET\/OU L&#8217;INFECTION PAR LE VIH OU UNE MALADIE AUTO-IMMUNE.\n               <p>EFFETS IND\u00c9SIRABLES CONNUS : CESSER D&#8217;UTILISER LE PRODUIT EN CAS D&#8217;HYPERSENSIBILIT\u00c9 OU D&#8217;ALLERGIE. CESSER D&#8217;UTILISER LE PRODUIT EN CAS D&#8217;INSOMNIE, D&#8217;ANXI\u00c9T\u00c9 OU DE MAUX DE T\u00caTE.<\/p>\n   <!--==================================================== You might also like section ====================================================-->\n      <h2>VOUS POURRIEZ AUSSI AIMER<\/h2>\n      <!--==================================================== Slider YOU MIGHT ALSO LIKE ====================================================-->\n            <!--==================================================== Slides products ====================================================-->\n               <a href=\"\/ca\/?page_id=63200&#038;lang=fr\" aria-label=\"Go to Collagen Key\u2122 page\">\n                  <img decoding=\"async\" src=\"https:\/\/monatglobal.com\/ca\/wp-content\/uploads\/sites\/5\/2021\/08\/collagen-key-canada-ecomm.png\" alt=\"Collagen Key\u2122\"\/>\n                  <p>Collagen Key\u2122<\/p>\n               <\/a>\n               <a href=\"\/ca\/?page_id=64508&#038;lang=fr\" aria-label=\"Go to Sleep Drops page\">\n                  <img decoding=\"async\" src=\"https:\/\/monatglobal.com\/ca\/wp-content\/uploads\/sites\/5\/2021\/10\/sleep_drops-ecomm_CA.png\" alt=\"Sleep Drops\"\/>\n                  <p>Gouttes pour le sommeil<\/p>\n               <\/a>\n         <!--==================================================== If we need navigation buttons  ====================================================-->\n         <!--==================================================== If we need paginations  ====================================================-->\n       <a href=\"\/ca\/?page_id=88427&#038;lang=fr#produits-de-bien-etre\" aria-label=\"All Wellness Products\"><p>Tous les produits de bien-\u00eatre<\/p><\/a>\n<!--==================================================== this link has to go last for it to work   ====================================================-->\n\n","protected":false},"excerpt":{"rendered":"<p>Support immunitaire Profitez du soutien n\u00e9cessaire pour maintenir la sant\u00e9 du syst\u00e8me&nbsp;immunitaire! 30 capsules v\u00e9g\u00e9taliennes Prix de d\u00e9tail72,00 $ CA Prix de VIP61,00 $ CA Prix de d\u00e9tail76,00 $ CA Prix de VIP65,00 $ CA Pour en savoir plus sur le Support immunitaire, veuillez contacter votre partenaire de march\u00e9&nbsp;MONAT. STOCKS \u00e9puis\u00e9 MAGASINEZ BIENFAITS Le Support&hellip;<\/p>\n","protected":false},"author":31,"featured_media":0,"parent":0,"menu_order":0,"comment_status":"closed","ping_status":"closed","template":"","meta":{"inline_featured_image":false,"om_disable_all_campaigns":false,"_monsterinsights_skip_tracking":false,"_monsterinsights_sitenote_active":false,"_monsterinsights_sitenote_note":"","_monsterinsights_sitenote_category":0,"footnotes":""},"categories":[],"tags":[],"class_list":["post-65529","page","type-page","status-publish","hentry"],"aioseo_notices":[],"aioseo_head":"\n\t\t<!-- All in One SEO Pro 4.9.6 - aioseo.com -->\n\t<meta name=\"description\" content=\"Support immunitaire Profitez du soutien n\u00e9cessaire pour maintenir la sant\u00e9 du syst\u00e8me immunitaire! 30 capsules v\u00e9g\u00e9taliennes Prix de d\u00e9tail72,00 $ CA Prix de VIP61,00 $ CA Prix de d\u00e9tail76,00 $ CA Prix de VIP65,00 $ CA Pour en savoir plus sur le Support immunitaire, veuillez contacter votre partenaire de march\u00e9 MONAT. STOCKS \u00e9puis\u00e9 MAGASINEZ BIENFAITS Le Support\" \/>\n\t<meta name=\"robots\" content=\"max-image-preview:large\" \/>\n\t<link rel=\"canonical\" href=\"https:\/\/monatglobal.com\/ca\/immune-support\/?lang=fr\" \/>\n\t<meta name=\"generator\" content=\"All in One SEO Pro (AIOSEO) 4.9.6\" \/>\n\t\t<meta property=\"og:locale\" content=\"en_US\" \/>\n\t\t<meta property=\"og:site_name\" content=\"Monat Canada English - We Are Modern Nature\" \/>\n\t\t<meta property=\"og:type\" content=\"article\" \/>\n\t\t<meta property=\"og:title\" content=\"Soutien immunitaire MONAT - Monat Canada English\" \/>\n\t\t<meta property=\"og:description\" content=\"Support immunitaire Profitez du soutien n\u00e9cessaire pour maintenir la sant\u00e9 du syst\u00e8me immunitaire! 30 capsules v\u00e9g\u00e9taliennes Prix de d\u00e9tail72,00 $ CA Prix de VIP61,00 $ CA Prix de d\u00e9tail76,00 $ CA Prix de VIP65,00 $ CA Pour en savoir plus sur le Support immunitaire, veuillez contacter votre partenaire de march\u00e9 MONAT. STOCKS \u00e9puis\u00e9 MAGASINEZ BIENFAITS Le Support\" \/>\n\t\t<meta property=\"og:url\" content=\"https:\/\/monatglobal.com\/ca\/immune-support\/?lang=fr\" \/>\n\t\t<meta property=\"article:published_time\" content=\"2021-10-25T18:56:16+00:00\" \/>\n\t\t<meta property=\"article:modified_time\" content=\"2024-07-08T19:57:57+00:00\" \/>\n\t\t<meta name=\"twitter:card\" content=\"summary_large_image\" \/>\n\t\t<meta name=\"twitter:title\" content=\"Soutien immunitaire MONAT - Monat Canada English\" \/>\n\t\t<meta name=\"twitter:description\" content=\"Support immunitaire Profitez du soutien n\u00e9cessaire pour maintenir la sant\u00e9 du syst\u00e8me immunitaire! 30 capsules v\u00e9g\u00e9taliennes Prix de d\u00e9tail72,00 $ CA Prix de VIP61,00 $ CA Prix de d\u00e9tail76,00 $ CA Prix de VIP65,00 $ CA Pour en savoir plus sur le Support immunitaire, veuillez contacter votre partenaire de march\u00e9 MONAT. STOCKS \u00e9puis\u00e9 MAGASINEZ BIENFAITS Le Support\" \/>\n\t\t<script type=\"application\/ld+json\" class=\"aioseo-schema\">\n\t\t\t{\"@context\":\"https:\\\/\\\/schema.org\",\"@graph\":[{\"@type\":\"BreadcrumbList\",\"@id\":\"https:\\\/\\\/monatglobal.com\\\/ca\\\/immune-support\\\/?lang=fr#breadcrumblist\",\"itemListElement\":[{\"@type\":\"ListItem\",\"@id\":\"https:\\\/\\\/monatglobal.com\\\/ca#listItem\",\"position\":1,\"name\":\"Home\",\"item\":\"https:\\\/\\\/monatglobal.com\\\/ca\",\"nextItem\":{\"@type\":\"ListItem\",\"@id\":\"https:\\\/\\\/monatglobal.com\\\/ca\\\/immune-support\\\/?lang=fr#listItem\",\"name\":\"Soutien immunitaire MONAT\"}},{\"@type\":\"ListItem\",\"@id\":\"https:\\\/\\\/monatglobal.com\\\/ca\\\/immune-support\\\/?lang=fr#listItem\",\"position\":2,\"name\":\"Soutien immunitaire MONAT\",\"previousItem\":{\"@type\":\"ListItem\",\"@id\":\"https:\\\/\\\/monatglobal.com\\\/ca#listItem\",\"name\":\"Home\"}}]},{\"@type\":\"Organization\",\"@id\":\"https:\\\/\\\/monatglobal.com\\\/ca\\\/#organization\",\"name\":\"Monat Canada English\",\"description\":\"We Are Modern Nature\",\"url\":\"https:\\\/\\\/monatglobal.com\\\/ca\\\/\"},{\"@type\":\"WebPage\",\"@id\":\"https:\\\/\\\/monatglobal.com\\\/ca\\\/immune-support\\\/?lang=fr#webpage\",\"url\":\"https:\\\/\\\/monatglobal.com\\\/ca\\\/immune-support\\\/?lang=fr\",\"name\":\"Soutien immunitaire MONAT - Monat Canada English\",\"description\":\"Support immunitaire Profitez du soutien n\\u00e9cessaire pour maintenir la sant\\u00e9 du syst\\u00e8me immunitaire! 30 capsules v\\u00e9g\\u00e9taliennes Prix de d\\u00e9tail72,00 $ CA Prix de VIP61,00 $ CA Prix de d\\u00e9tail76,00 $ CA Prix de VIP65,00 $ CA Pour en savoir plus sur le Support immunitaire, veuillez contacter votre partenaire de march\\u00e9 MONAT. STOCKS \\u00e9puis\\u00e9 MAGASINEZ BIENFAITS Le Support\",\"inLanguage\":\"en-US\",\"isPartOf\":{\"@id\":\"https:\\\/\\\/monatglobal.com\\\/ca\\\/#website\"},\"breadcrumb\":{\"@id\":\"https:\\\/\\\/monatglobal.com\\\/ca\\\/immune-support\\\/?lang=fr#breadcrumblist\"},\"datePublished\":\"2021-10-25T14:56:16-04:00\",\"dateModified\":\"2024-07-08T15:57:57-04:00\"},{\"@type\":\"WebSite\",\"@id\":\"https:\\\/\\\/monatglobal.com\\\/ca\\\/#website\",\"url\":\"https:\\\/\\\/monatglobal.com\\\/ca\\\/\",\"name\":\"Monat Canada English\",\"description\":\"We Are Modern Nature\",\"inLanguage\":\"en-US\",\"publisher\":{\"@id\":\"https:\\\/\\\/monatglobal.com\\\/ca\\\/#organization\"}}]}\n\t\t<\/script>\n\t\t<!-- All in One SEO Pro -->\r\n\t\t<title>Soutien immunitaire MONAT - Monat Canada English<\/title>\n\n","aioseo_head_json":{"title":"Soutien immunitaire MONAT - Monat Canada English","description":"Support immunitaire Profitez du soutien n\u00e9cessaire pour maintenir la sant\u00e9 du syst\u00e8me immunitaire! 30 capsules v\u00e9g\u00e9taliennes Prix de d\u00e9tail72,00 $ CA Prix de VIP61,00 $ CA Prix de d\u00e9tail76,00 $ CA Prix de VIP65,00 $ CA Pour en savoir plus sur le Support immunitaire, veuillez contacter votre partenaire de march\u00e9 MONAT. STOCKS \u00e9puis\u00e9 MAGASINEZ BIENFAITS Le Support","canonical_url":"https:\/\/monatglobal.com\/ca\/immune-support\/?lang=fr","robots":"max-image-preview:large","keywords":"","webmasterTools":{"miscellaneous":""},"schema":{"@context":"https:\/\/schema.org","@graph":[{"@type":"BreadcrumbList","@id":"https:\/\/monatglobal.com\/ca\/immune-support\/?lang=fr#breadcrumblist","itemListElement":[{"@type":"ListItem","@id":"https:\/\/monatglobal.com\/ca#listItem","position":1,"name":"Home","item":"https:\/\/monatglobal.com\/ca","nextItem":{"@type":"ListItem","@id":"https:\/\/monatglobal.com\/ca\/immune-support\/?lang=fr#listItem","name":"Soutien immunitaire MONAT"}},{"@type":"ListItem","@id":"https:\/\/monatglobal.com\/ca\/immune-support\/?lang=fr#listItem","position":2,"name":"Soutien immunitaire MONAT","previousItem":{"@type":"ListItem","@id":"https:\/\/monatglobal.com\/ca#listItem","name":"Home"}}]},{"@type":"Organization","@id":"https:\/\/monatglobal.com\/ca\/#organization","name":"Monat Canada English","description":"We Are Modern Nature","url":"https:\/\/monatglobal.com\/ca\/"},{"@type":"WebPage","@id":"https:\/\/monatglobal.com\/ca\/immune-support\/?lang=fr#webpage","url":"https:\/\/monatglobal.com\/ca\/immune-support\/?lang=fr","name":"Soutien immunitaire MONAT - Monat Canada English","description":"Support immunitaire Profitez du soutien n\u00e9cessaire pour maintenir la sant\u00e9 du syst\u00e8me immunitaire! 30 capsules v\u00e9g\u00e9taliennes Prix de d\u00e9tail72,00 $ CA Prix de VIP61,00 $ CA Prix de d\u00e9tail76,00 $ CA Prix de VIP65,00 $ CA Pour en savoir plus sur le Support immunitaire, veuillez contacter votre partenaire de march\u00e9 MONAT. STOCKS \u00e9puis\u00e9 MAGASINEZ BIENFAITS Le Support","inLanguage":"en-US","isPartOf":{"@id":"https:\/\/monatglobal.com\/ca\/#website"},"breadcrumb":{"@id":"https:\/\/monatglobal.com\/ca\/immune-support\/?lang=fr#breadcrumblist"},"datePublished":"2021-10-25T14:56:16-04:00","dateModified":"2024-07-08T15:57:57-04:00"},{"@type":"WebSite","@id":"https:\/\/monatglobal.com\/ca\/#website","url":"https:\/\/monatglobal.com\/ca\/","name":"Monat Canada English","description":"We Are Modern Nature","inLanguage":"en-US","publisher":{"@id":"https:\/\/monatglobal.com\/ca\/#organization"}}]},"og:locale":"en_US","og:site_name":"Monat Canada English - We Are Modern Nature","og:type":"article","og:title":"Soutien immunitaire MONAT - Monat Canada English","og:description":"Support immunitaire Profitez du soutien n\u00e9cessaire pour maintenir la sant\u00e9 du syst\u00e8me immunitaire! 30 capsules v\u00e9g\u00e9taliennes Prix de d\u00e9tail72,00 $ CA Prix de VIP61,00 $ CA Prix de d\u00e9tail76,00 $ CA Prix de VIP65,00 $ CA Pour en savoir plus sur le Support immunitaire, veuillez contacter votre partenaire de march\u00e9 MONAT. STOCKS \u00e9puis\u00e9 MAGASINEZ BIENFAITS Le Support","og:url":"https:\/\/monatglobal.com\/ca\/immune-support\/?lang=fr","article:published_time":"2021-10-25T18:56:16+00:00","article:modified_time":"2024-07-08T19:57:57+00:00","twitter:card":"summary_large_image","twitter:title":"Soutien immunitaire MONAT - Monat Canada English","twitter:description":"Support immunitaire Profitez du soutien n\u00e9cessaire pour maintenir la sant\u00e9 du syst\u00e8me immunitaire! 30 capsules v\u00e9g\u00e9taliennes Prix de d\u00e9tail72,00 $ CA Prix de VIP61,00 $ CA Prix de d\u00e9tail76,00 $ CA Prix de VIP65,00 $ CA Pour en savoir plus sur le Support immunitaire, veuillez contacter votre partenaire de march\u00e9 MONAT. STOCKS \u00e9puis\u00e9 MAGASINEZ BIENFAITS Le Support"},"aioseo_meta_data":{"post_id":"65529","title":null,"description":null,"keywords":null,"keyphrases":null,"primary_term":null,"canonical_url":null,"og_title":null,"og_description":null,"og_object_type":"default","og_image_type":"default","og_image_url":null,"og_image_width":null,"og_image_height":null,"og_image_custom_url":null,"og_image_custom_fields":null,"og_video":null,"og_custom_url":null,"og_article_section":null,"og_article_tags":null,"twitter_use_og":false,"twitter_card":"default","twitter_image_type":"default","twitter_image_url":null,"twitter_image_custom_url":null,"twitter_image_custom_fields":null,"twitter_title":null,"twitter_description":null,"schema":{"blockGraphs":[],"customGraphs":[],"default":{"data":{"Article":[],"Course":[],"Dataset":[],"FAQPage":[],"Movie":[],"Person":[],"Product":[],"ProductReview":[],"Car":[],"Recipe":[],"Service":[],"SoftwareApplication":[],"WebPage":[]},"graphName":"WebPage","isEnabled":true},"graphs":[]},"schema_type":"default","schema_type_options":null,"pillar_content":false,"robots_default":true,"robots_noindex":false,"robots_noarchive":false,"robots_nosnippet":false,"robots_nofollow":false,"robots_noimageindex":false,"robots_noodp":false,"robots_notranslate":false,"robots_max_snippet":null,"robots_max_videopreview":null,"robots_max_imagepreview":"large","priority":null,"frequency":null,"local_seo":null,"seo_analyzer_scan_date":"2026-02-10 20:08:41","limit_modified_date":false,"reviewed_by":null,"open_ai":null,"ai":null,"created":"2023-07-26 13:00:52","updated":"2026-02-10 20:08:41"},"aioseo_breadcrumb":"<div class=\"aioseo-breadcrumbs\"><span class=\"aioseo-breadcrumb\">\n\t<a href=\"https:\/\/monatglobal.com\/ca\" title=\"Home\">Home<\/a>\n<\/span><span class=\"aioseo-breadcrumb-separator\">&raquo;<\/span><span class=\"aioseo-breadcrumb\">\n\tSoutien immunitaire MONAT\n<\/span><\/div>","aioseo_breadcrumb_json":[{"label":"Home","link":"https:\/\/monatglobal.com\/ca"},{"label":"Soutien immunitaire MONAT","link":"https:\/\/monatglobal.com\/ca\/immune-support\/?lang=fr"}],"_links":{"self":[{"href":"https:\/\/monatglobal.com\/ca\/wp-json\/wp\/v2\/pages\/65529","targetHints":{"allow":["GET"]}}],"collection":[{"href":"https:\/\/monatglobal.com\/ca\/wp-json\/wp\/v2\/pages"}],"about":[{"href":"https:\/\/monatglobal.com\/ca\/wp-json\/wp\/v2\/types\/page"}],"author":[{"embeddable":true,"href":"https:\/\/monatglobal.com\/ca\/wp-json\/wp\/v2\/users\/31"}],"replies":[{"embeddable":true,"href":"https:\/\/monatglobal.com\/ca\/wp-json\/wp\/v2\/comments?post=65529"}],"version-history":[{"count":39,"href":"https:\/\/monatglobal.com\/ca\/wp-json\/wp\/v2\/pages\/65529\/revisions"}],"predecessor-version":[{"id":89006,"href":"https:\/\/monatglobal.com\/ca\/wp-json\/wp\/v2\/pages\/65529\/revisions\/89006"}],"wp:attachment":[{"href":"https:\/\/monatglobal.com\/ca\/wp-json\/wp\/v2\/media?parent=65529"}],"wp:term":[{"taxonomy":"category","embeddable":true,"href":"https:\/\/monatglobal.com\/ca\/wp-json\/wp\/v2\/categories?post=65529"},{"taxonomy":"post_tag","embeddable":true,"href":"https:\/\/monatglobal.com\/ca\/wp-json\/wp\/v2\/tags?post=65529"}],"curies":[{"name":"wp","href":"https:\/\/api.w.org\/{rel}","templated":true}]}}