{"id":63672,"date":"2021-09-07T12:14:19","date_gmt":"2021-09-07T16:14:19","guid":{"rendered":"https:\/\/monatglobal.com\/ca\/?page_id=63672"},"modified":"2026-01-19T15:11:33","modified_gmt":"2026-01-19T20:11:33","slug":"body-lotion","status":"publish","type":"page","link":"https:\/\/monatglobal.com\/ca\/body-lotion\/?lang=fr","title":{"rendered":"Lotion pour le corps lissante et renouvelante | MONAT BODY CARE\u2122 | Soins de la peau"},"content":{"rendered":"\n\n\t<link rel=\"stylesheet\" href=\"https:\/\/unpkg.com\/swiper\/swiper-bundle.min.css\" \/>\n<link rel=\"stylesheet\" href=\"https:\/\/monatglobal.com\/wp-content\/creative_css\/product_styles_sheet.css\" \/>\n   <!--==================================================== ECOMM SECTION ====================================================-->\n      <!--==================================================== Ecomm image ====================================================-->\n      <img decoding=\"async\" src=\"https:\/\/monatglobal.com\/wp-content\/uploads\/2021\/08\/SMOOTH-RENEW-BODY-LOTION-ecomm-1.png\" alt=\"MONAT BODY CARE\u2122 Hydrate &#038; Repair Body Serum\" loading=\"lazy\"\/>\n      <!--==================================================== Ecomm information  ====================================================-->\n         \n         <h1>Lotion pour le corps lissante et renouvelante<\/h1>\n         <p>MONAT BODY CARE\u2122<\/p>\n         <p>\u00c0 la fois riche et l\u00e9g\u00e8re, cette lotion douce pour le corps adoucit et lisse la peau, la laissant&nbsp;renouvel\u00e9e.<\/p>\n         <p>208 ml \u212e 7 oz liq.<\/p>\n    <!--==================================================== pricing box ====================================================-->  \n<p>Retail Price<br \/>$00.00 (USD)<\/p>\n<p>VIP Customer Price<br \/>$00.00 (USD)<\/p>\n     <!--==================================================== pricing box ====================================================-->  \n         <p>Pour en savoir plus sur la Lotion pour le corps lissante et renouvelante MONAT BODY CARE\u2122, veuillez contacter votre partenaire de march\u00e9 MONAT.<\/p>\n            <a href=\"\" target=\"_blank\" role=\"button\" aria-label=\"\" rel=\"noopener\"><\/a>\n   <!--==================================================== \/ECOMM SECTION  ====================================================-->\n   <!--==================================================== Benefits image ====================================================-->\n   \n      <source media=\"(max-width: 700px)\" srcset=\"https:\/\/monatglobal.com\/wp-content\/uploads\/2021\/09\/Smooth-Renew-Body-Lotion-benefits-mobile.jpg\" loading=\"lazy\"\/>\n      <img decoding=\"async\" src=\"https:\/\/monatglobal.com\/wp-content\/uploads\/2021\/09\/Smooth-Renew-Body-Lotion-benefits.jpg\" loading=\"lazy\"\/>\n   \n   <!--==================================================== Benefits text ====================================================-->\n         <h2>BIENFAITS<\/h2>\n         <h3>Appliquez une lotion pour le corps qui fait plus que simplement&nbsp;hydrater. <\/h3>\n         Cette formule unique restaure l&#8217;hydratation et aide \u00e0 r\u00e9duire les signes du vieillissement, laissant \n         la peau souple, renouvel\u00e9e et radieuse. \n         <!--==================================================== features image  ====================================================-->\n         <img decoding=\"async\" src=\"https:\/\/monatglobal.com\/wp-content\/uploads\/2021\/09\/Smooth-Renew-Body-Lotion-Features.jpg\" loading=\"lazy\"\/>\n      <!--==================================================== features text ====================================================-->\n            <h3>Une douceur irr\u00e9sistible.<\/h3>\n               <p>\/ Aide \u00e0 prot\u00e9ger et \u00e0 renforcer la barri\u00e8re cutan\u00e9e <\/p>\n               <p>\/ Laisse la peau douce, lisse et souple<\/p>\n               <p>\/ Aide \u00e0 am\u00e9liorer l&#8217;aspect frip\u00e9 de la peau <\/p>\n               <p>\/ Aide \u00e0 restaurer l&#8217;\u00e9quilibre et \u00e0 soutenir le microbiome cutan\u00e9 pour une apparence plus saine <\/p>\n               <p>\/ Hydrate la peau pendant 24 heures apr\u00e8s l&#8217;application* <\/p>\n               <p>\/ Aide \u00e0 raffermir et \u00e0 am\u00e9liorer l&#8217;\u00e9lasticit\u00e9<\/p>\n               <br \/>\n            <p>Parfum \/ Pivoine et poivre rose<\/p>\n            <p> Texture \/ Une l\u00e9g\u00e8re cr\u00e8me ultra-hydratante<\/p>\n   <!--==================================================== composition image mobile ====================================================-->\n   <img decoding=\"async\" src=\"https:\/\/monatglobal.com\/wp-content\/uploads\/2021\/09\/comp1-Smooth-Renew-Body-Lotion.jpg\" loading=\"lazy\"\/>\n   <!--==================================================== Why it works text ====================================================-->\n      <h2>Une peau plus ferme, plus lisse et plus douce est \u00e0 votre port\u00e9e.<\/h2>\n      <h3>Profitez de cette lotion \u00e0 la fois luxueuse et l\u00e9g\u00e8re, con\u00e7ue pour hydrater et nourrir tout en \n      aidant \u00e0 r\u00e9duire les signes du&nbsp;vieillissement.<\/h3>\n      <p>Des extraits de fruits exclusifs et du beurre de karit\u00e9 offrent une hydratation intense tout en r\u00e9duisant l&#8217;apparence des rides et l&#8217;aspect frip\u00e9 de la&nbsp;peau. <\/p>\n<!--==================================================== Composition section ====================================================-->\n      <img decoding=\"async\" src=\"https:\/\/monatglobal.com\/wp-content\/uploads\/2021\/09\/comp1-Smooth-Renew-Body-Lotion.jpg\" loading=\"lazy\"\/>\n      <img decoding=\"async\" src=\"https:\/\/monatglobal.com\/wp-content\/uploads\/2021\/09\/comp3-Smooth__Renew-Body-Lotion.jpg\" loading=\"lazy\"\/>\n            <!--==================================================== Directions text ====================================================--> \n               <h3>Mode d&#8217;emploi<\/h3>\n               <p>\/ Utiliser apr\u00e8s votre routine de soins du corps MONAT BODY CARE\u2122 pour une hydratation&nbsp;additionnelle.<\/p>\n               <p>\/ Appliquer directement sur la&nbsp;peau. <\/p>\n               <p>\/ Masser en faisant des mouvements circulaires jusqu&#8217;\u00e0 ce que le produit soit compl\u00e8tement&nbsp;absorb\u00e9.<\/p>\n            <!--==================================================== Directions video ====================================================-->\n      <p>Lotion pour le corps lissante et renouvelante <br \/>MONAT BODY CARE\u2122<br \/>1:34<\/p>\n <a href=\"\" target=\"_blank\" role=\"button\" aria-label=\"\" rel=\"noopener\"><\/a>\n   <!--==================================================== Ingredients section  ====================================================-->\n      <h2>INGR\u00c9DIENTS CL\u00c9S<\/h2>\n               <p>Extrait de fruit exclusif<\/p>\n               <p>Extrait de graines de caf\u00e9<\/p>\n               <p>Extrait d&#8217;anigosanthe de Mangles<\/p>\n               <p>Beurre de karit\u00e9<\/p>\n        <button id=\"myBtn\" type=\"button\">LISTE D&#8217;INGR\u00c9DIENTS<\/button>\n      <!--==================================================== Modal content  ====================================================-->\n         &times;\n         Aqua\/Water\/Eau, Caprylic\/Capric Triglyceride, Cetearyl Alcohol, Glycerin, Cetyl Alcohol, Butyrospermum Parkii (Shea) Butter, Isononyl \n         Isononanoate, Cocos Nucifera (Coconut) Oil, Adansonia Digitata Oil, Caryocar Brasiliense Fruit Oil, Gardenia Taitensis Flower Extract, Helianthus \n         Annuus (Sunflower) Seed Oil, Mauritia Flexuosa Fruit Oil, Moringa Oleifera Seed Oil, Palmitoyl Hexapeptide-12, Simmondsia Chinensis (Jojoba) Seed Extract, \n         Tocopherol, Citrus Aurantifolia (Lime) Oil, Citrus Aurantium Bergamia (Bergamot) Fruit Oil, Anigozanthos Flavidus Extract, Lactic Acid, Camellia Oleifera \n         Seed Oil, Olea Europaea (Olive) Fruit Oil, Citrus Limon (Lemon) Peel Oil, Daucus Carota Sativa (Carrot) Seed Oil, Solanum Lycopersicum (Tomato) Seed Oil, \n         Potassium Sorbate, Ceramide NG, Crambe Abyssinica Seed Oil, Saccharum Officinarum (Sugarcane) Extract, Limnanthes Alba (Meadowfoam) Seed Oil, Coffea Arabica \n         (Coffee) Seed Extract, Glycolic Acid, Fragrance\/Parfum, Niacinamide, Tribehenin, Caffeine, Musa Sapientum (Banana) Pulp Extract, Ethylhexylglycerin, Lecithin, \n         Mangifera Indica (Mango) Pulp Extract, Capryloyl Glycerin\/Sebacic Acid Copolymer, Diheptyl Succinate, Tocopheryl Acetate, C12-15 Alkyl Benzoate, Sodium \n         Acrylates Copolymer, Glyceryl Stearate SE, Cetearyl Glucoside, Citric Acid, Benzyl Alcohol, Limonene, Hexyl Cinnamal, Linalool.\n   <!--==================================================== You might also like section ====================================================-->\n      <h2>VOUS POURRIEZ AUSSI AIMER<\/h2>\n      <!--==================================================== Slider YOU MIGHT ALSO LIKE ====================================================-->\n<!--      -->\n<!--         -->\n            <!--==================================================== Slides products ====================================================-->\n<!--            -->\n<!--               <a href=\"\/ca\/body-hydrate-serum\/?lang=fr\" aria-label=\"Go to S\u00e9rum pour le corps Hydratation et r\u00e9paration MONAT BODY CARE\u2122 page\">-->\n<!--                  <img decoding=\"async\" src=\"https:\/\/monatglobal.com\/wp-content\/uploads\/2022\/12\/HYDRATE-REPAIR-BODY-SERUM-ecomm-min.png\" alt=\"S\u00e9rum pour le corps Hydratation et r\u00e9paration MONAT BODY CARE\u2122\" loading=\"lazy\"\/>-->\n<!--                  <p>S\u00e9rum pour le corps Hydratation <br \/>et r\u00e9paration MONAT BODY CARE\u2122<\/p>-->\n<!--               <\/a>-->\n<!--            -->\n<!--               -->\n<!--               <a href=\"\/ca\/body-wash\/?lang=fr\" aria-label=\"Go to Soin nettoyant pour le corps Hydratation et renouvellement MONAT BODY CARE\u2122 page\">-->\n<!--                  <img decoding=\"async\" src=\"https:\/\/monatglobal.com\/wp-content\/uploads\/2022\/12\/Moistturizw-replenish-body-wash-ecomm-min.png\" alt=\"Soin nettoyant pour le corps Hydratation et renouvellement MONAT BODY CARE\u2122\" loading=\"lazy\"\/>-->\n<!--                  <p>Soin nettoyant pour le corps Hydratation <br \/>et renouvellement MONAT BODY CARE\u2122<\/p>-->\n<!--               <\/a>-->\n<!--            -->\n<!--            -->\n<!--               <a href=\"\/ca\/body-exfoliator\/?lang=fr\" aria-label=\"Go to MONAT BODY CARE\u2122-->\n<!--EXFOLIATE & REFINE BODY POLISH page\">-->\n<!--                  <img decoding=\"async\" src=\"https:\/\/monatglobal.com\/wp-content\/uploads\/2022\/12\/exfoliate-refine-body-polish-ecomm-min.png\" alt=\"MONAT BODY CARE\u2122--\/>\n<!--EXFOLIATE & REFINE BODY POLISH\" loading=\"lazy\"\/>-->\n<!--                  <p>Gommage pour le corps Exfoliation <br \/>et affinement MONAT BODY CARE\u2122<\/p>-->\n<!--               <\/a>-->\n<!--            -->\n<!--         -->\n         <!--==================================================== If we need navigation buttons  ====================================================-->\n<!--         -->\n<!--         -->\n         <!--==================================================== If we need paginations  ====================================================-->\n<!--         -->\n<!--      -->\n<!-- If we need navigation buttons -->\n<!-- If we need paginations -->\n<a href=\"\" aria-label=\"\"><\/a>\n<!--==================================================== this link has to go last for it to work   ====================================================-->\n\n","protected":false},"excerpt":{"rendered":"<p>Lotion pour le corps lissante et renouvelante MONAT BODY CARE\u2122 \u00c0 la fois riche et l\u00e9g\u00e8re, cette lotion douce pour le corps adoucit et lisse la peau, la laissant&nbsp;renouvel\u00e9e. 208 ml \u212e 7 oz liq. Retail Price$00.00 (USD) VIP Customer Price$00.00 (USD) Pour en savoir plus sur la Lotion pour le corps lissante et renouvelante&hellip;<\/p>\n","protected":false},"author":31,"featured_media":63922,"parent":0,"menu_order":0,"comment_status":"closed","ping_status":"closed","template":"","meta":{"inline_featured_image":false,"om_disable_all_campaigns":false,"_monsterinsights_skip_tracking":false,"_monsterinsights_sitenote_active":false,"_monsterinsights_sitenote_note":"","_monsterinsights_sitenote_category":0,"footnotes":""},"categories":[3629],"tags":[],"class_list":["post-63672","page","type-page","status-publish","has-post-thumbnail","hentry","category-product-fra"],"aioseo_notices":[],"aioseo_head":"\n\t\t<!-- All in One SEO Pro 4.9.6 - aioseo.com -->\n\t<meta name=\"description\" content=\"Lotion pour le corps lissante et renouvelante MONAT BODY CARE\u2122 \u00c0 la fois riche et l\u00e9g\u00e8re, cette lotion douce pour le corps adoucit et lisse la peau, la laissant renouvel\u00e9e. 208 ml \u212e 7 oz liq. Retail Price$00.00 (USD) VIP Customer Price$00.00 (USD) Pour en savoir plus sur la Lotion pour le corps lissante et renouvelante\" \/>\n\t<meta name=\"robots\" content=\"max-image-preview:large\" \/>\n\t<link rel=\"canonical\" href=\"https:\/\/monatglobal.com\/ca\/body-lotion\/?lang=fr\" \/>\n\t<meta name=\"generator\" content=\"All in One SEO Pro (AIOSEO) 4.9.6\" \/>\n\t\t<meta property=\"og:locale\" content=\"en_US\" \/>\n\t\t<meta property=\"og:site_name\" content=\"Monat Canada English - We Are Modern Nature\" \/>\n\t\t<meta property=\"og:type\" content=\"article\" \/>\n\t\t<meta property=\"og:title\" content=\"Lotion pour le corps lissante et renouvelante | MONAT BODY CARE\u2122 | Soins de la peau - Monat Canada English\" \/>\n\t\t<meta property=\"og:description\" content=\"Lotion pour le corps lissante et renouvelante MONAT BODY CARE\u2122 \u00c0 la fois riche et l\u00e9g\u00e8re, cette lotion douce pour le corps adoucit et lisse la peau, la laissant renouvel\u00e9e. 208 ml \u212e 7 oz liq. Retail Price$00.00 (USD) VIP Customer Price$00.00 (USD) Pour en savoir plus sur la Lotion pour le corps lissante et renouvelante\" \/>\n\t\t<meta property=\"og:url\" content=\"https:\/\/monatglobal.com\/ca\/body-lotion\/?lang=fr\" \/>\n\t\t<meta property=\"article:published_time\" content=\"2021-09-07T16:14:19+00:00\" \/>\n\t\t<meta property=\"article:modified_time\" content=\"2026-01-19T20:11:33+00:00\" \/>\n\t\t<meta name=\"twitter:card\" content=\"summary_large_image\" \/>\n\t\t<meta name=\"twitter:title\" content=\"Lotion pour le corps lissante et renouvelante | MONAT BODY CARE\u2122 | Soins de la peau - Monat Canada English\" \/>\n\t\t<meta name=\"twitter:description\" content=\"Lotion pour le corps lissante et renouvelante MONAT BODY CARE\u2122 \u00c0 la fois riche et l\u00e9g\u00e8re, cette lotion douce pour le corps adoucit et lisse la peau, la laissant renouvel\u00e9e. 208 ml \u212e 7 oz liq. Retail Price$00.00 (USD) VIP Customer Price$00.00 (USD) Pour en savoir plus sur la Lotion pour le corps lissante et renouvelante\" \/>\n\t\t<script type=\"application\/ld+json\" class=\"aioseo-schema\">\n\t\t\t{\"@context\":\"https:\\\/\\\/schema.org\",\"@graph\":[{\"@type\":\"BreadcrumbList\",\"@id\":\"https:\\\/\\\/monatglobal.com\\\/ca\\\/body-lotion\\\/?lang=fr#breadcrumblist\",\"itemListElement\":[{\"@type\":\"ListItem\",\"@id\":\"https:\\\/\\\/monatglobal.com\\\/ca#listItem\",\"position\":1,\"name\":\"Home\",\"item\":\"https:\\\/\\\/monatglobal.com\\\/ca\",\"nextItem\":{\"@type\":\"ListItem\",\"@id\":\"https:\\\/\\\/monatglobal.com\\\/ca\\\/body-lotion\\\/?lang=fr#listItem\",\"name\":\"Lotion pour le corps lissante et renouvelante | MONAT BODY CARE\\u2122 | Soins de la peau\"}},{\"@type\":\"ListItem\",\"@id\":\"https:\\\/\\\/monatglobal.com\\\/ca\\\/body-lotion\\\/?lang=fr#listItem\",\"position\":2,\"name\":\"Lotion pour le corps lissante et renouvelante | MONAT BODY CARE\\u2122 | Soins de la peau\",\"previousItem\":{\"@type\":\"ListItem\",\"@id\":\"https:\\\/\\\/monatglobal.com\\\/ca#listItem\",\"name\":\"Home\"}}]},{\"@type\":\"Organization\",\"@id\":\"https:\\\/\\\/monatglobal.com\\\/ca\\\/#organization\",\"name\":\"Monat Canada English\",\"description\":\"We Are Modern Nature\",\"url\":\"https:\\\/\\\/monatglobal.com\\\/ca\\\/\"},{\"@type\":\"WebPage\",\"@id\":\"https:\\\/\\\/monatglobal.com\\\/ca\\\/body-lotion\\\/?lang=fr#webpage\",\"url\":\"https:\\\/\\\/monatglobal.com\\\/ca\\\/body-lotion\\\/?lang=fr\",\"name\":\"Lotion pour le corps lissante et renouvelante | MONAT BODY CARE\\u2122 | Soins de la peau - Monat Canada English\",\"description\":\"Lotion pour le corps lissante et renouvelante MONAT BODY CARE\\u2122 \\u00c0 la fois riche et l\\u00e9g\\u00e8re, cette lotion douce pour le corps adoucit et lisse la peau, la laissant renouvel\\u00e9e. 208 ml \\u212e 7 oz liq. Retail Price$00.00 (USD) VIP Customer Price$00.00 (USD) Pour en savoir plus sur la Lotion pour le corps lissante et renouvelante\",\"inLanguage\":\"en-US\",\"isPartOf\":{\"@id\":\"https:\\\/\\\/monatglobal.com\\\/ca\\\/#website\"},\"breadcrumb\":{\"@id\":\"https:\\\/\\\/monatglobal.com\\\/ca\\\/body-lotion\\\/?lang=fr#breadcrumblist\"},\"image\":{\"@type\":\"ImageObject\",\"url\":\"https:\\\/\\\/monatglobal.com\\\/ca\\\/wp-content\\\/uploads\\\/sites\\\/5\\\/2021\\\/09\\\/SMOOTH-RENEW-BODY-LOTION-ecomm-1-1.png\",\"@id\":\"https:\\\/\\\/monatglobal.com\\\/ca\\\/body-lotion\\\/?lang=fr\\\/#mainImage\",\"width\":641,\"height\":800},\"primaryImageOfPage\":{\"@id\":\"https:\\\/\\\/monatglobal.com\\\/ca\\\/body-lotion\\\/?lang=fr#mainImage\"},\"datePublished\":\"2021-09-07T12:14:19-04:00\",\"dateModified\":\"2026-01-19T15:11:33-05:00\"},{\"@type\":\"WebSite\",\"@id\":\"https:\\\/\\\/monatglobal.com\\\/ca\\\/#website\",\"url\":\"https:\\\/\\\/monatglobal.com\\\/ca\\\/\",\"name\":\"Monat Canada English\",\"description\":\"We Are Modern Nature\",\"inLanguage\":\"en-US\",\"publisher\":{\"@id\":\"https:\\\/\\\/monatglobal.com\\\/ca\\\/#organization\"}}]}\n\t\t<\/script>\n\t\t<!-- All in One SEO Pro -->\r\n\t\t<title>Lotion pour le corps lissante et renouvelante | MONAT BODY CARE\u2122 | Soins de la peau - Monat Canada English<\/title>\n\n","aioseo_head_json":{"title":"Lotion pour le corps lissante et renouvelante | MONAT BODY CARE\u2122 | Soins de la peau - Monat Canada English","description":"Lotion pour le corps lissante et renouvelante MONAT BODY CARE\u2122 \u00c0 la fois riche et l\u00e9g\u00e8re, cette lotion douce pour le corps adoucit et lisse la peau, la laissant renouvel\u00e9e. 208 ml \u212e 7 oz liq. Retail Price$00.00 (USD) VIP Customer Price$00.00 (USD) Pour en savoir plus sur la Lotion pour le corps lissante et renouvelante","canonical_url":"https:\/\/monatglobal.com\/ca\/body-lotion\/?lang=fr","robots":"max-image-preview:large","keywords":"","webmasterTools":{"miscellaneous":""},"schema":{"@context":"https:\/\/schema.org","@graph":[{"@type":"BreadcrumbList","@id":"https:\/\/monatglobal.com\/ca\/body-lotion\/?lang=fr#breadcrumblist","itemListElement":[{"@type":"ListItem","@id":"https:\/\/monatglobal.com\/ca#listItem","position":1,"name":"Home","item":"https:\/\/monatglobal.com\/ca","nextItem":{"@type":"ListItem","@id":"https:\/\/monatglobal.com\/ca\/body-lotion\/?lang=fr#listItem","name":"Lotion pour le corps lissante et renouvelante | MONAT BODY CARE\u2122 | Soins de la peau"}},{"@type":"ListItem","@id":"https:\/\/monatglobal.com\/ca\/body-lotion\/?lang=fr#listItem","position":2,"name":"Lotion pour le corps lissante et renouvelante | MONAT BODY CARE\u2122 | Soins de la peau","previousItem":{"@type":"ListItem","@id":"https:\/\/monatglobal.com\/ca#listItem","name":"Home"}}]},{"@type":"Organization","@id":"https:\/\/monatglobal.com\/ca\/#organization","name":"Monat Canada English","description":"We Are Modern Nature","url":"https:\/\/monatglobal.com\/ca\/"},{"@type":"WebPage","@id":"https:\/\/monatglobal.com\/ca\/body-lotion\/?lang=fr#webpage","url":"https:\/\/monatglobal.com\/ca\/body-lotion\/?lang=fr","name":"Lotion pour le corps lissante et renouvelante | MONAT BODY CARE\u2122 | Soins de la peau - Monat Canada English","description":"Lotion pour le corps lissante et renouvelante MONAT BODY CARE\u2122 \u00c0 la fois riche et l\u00e9g\u00e8re, cette lotion douce pour le corps adoucit et lisse la peau, la laissant renouvel\u00e9e. 208 ml \u212e 7 oz liq. Retail Price$00.00 (USD) VIP Customer Price$00.00 (USD) Pour en savoir plus sur la Lotion pour le corps lissante et renouvelante","inLanguage":"en-US","isPartOf":{"@id":"https:\/\/monatglobal.com\/ca\/#website"},"breadcrumb":{"@id":"https:\/\/monatglobal.com\/ca\/body-lotion\/?lang=fr#breadcrumblist"},"image":{"@type":"ImageObject","url":"https:\/\/monatglobal.com\/ca\/wp-content\/uploads\/sites\/5\/2021\/09\/SMOOTH-RENEW-BODY-LOTION-ecomm-1-1.png","@id":"https:\/\/monatglobal.com\/ca\/body-lotion\/?lang=fr\/#mainImage","width":641,"height":800},"primaryImageOfPage":{"@id":"https:\/\/monatglobal.com\/ca\/body-lotion\/?lang=fr#mainImage"},"datePublished":"2021-09-07T12:14:19-04:00","dateModified":"2026-01-19T15:11:33-05:00"},{"@type":"WebSite","@id":"https:\/\/monatglobal.com\/ca\/#website","url":"https:\/\/monatglobal.com\/ca\/","name":"Monat Canada English","description":"We Are Modern Nature","inLanguage":"en-US","publisher":{"@id":"https:\/\/monatglobal.com\/ca\/#organization"}}]},"og:locale":"en_US","og:site_name":"Monat Canada English - We Are Modern Nature","og:type":"article","og:title":"Lotion pour le corps lissante et renouvelante | MONAT BODY CARE\u2122 | Soins de la peau - Monat Canada English","og:description":"Lotion pour le corps lissante et renouvelante MONAT BODY CARE\u2122 \u00c0 la fois riche et l\u00e9g\u00e8re, cette lotion douce pour le corps adoucit et lisse la peau, la laissant renouvel\u00e9e. 208 ml \u212e 7 oz liq. Retail Price$00.00 (USD) VIP Customer Price$00.00 (USD) Pour en savoir plus sur la Lotion pour le corps lissante et renouvelante","og:url":"https:\/\/monatglobal.com\/ca\/body-lotion\/?lang=fr","article:published_time":"2021-09-07T16:14:19+00:00","article:modified_time":"2026-01-19T20:11:33+00:00","twitter:card":"summary_large_image","twitter:title":"Lotion pour le corps lissante et renouvelante | MONAT BODY CARE\u2122 | Soins de la peau - Monat Canada English","twitter:description":"Lotion pour le corps lissante et renouvelante MONAT BODY CARE\u2122 \u00c0 la fois riche et l\u00e9g\u00e8re, cette lotion douce pour le corps adoucit et lisse la peau, la laissant renouvel\u00e9e. 208 ml \u212e 7 oz liq. Retail Price$00.00 (USD) VIP Customer Price$00.00 (USD) Pour en savoir plus sur la Lotion pour le corps lissante et renouvelante"},"aioseo_meta_data":{"post_id":"63672","title":null,"description":null,"keywords":null,"keyphrases":null,"primary_term":null,"canonical_url":null,"og_title":null,"og_description":null,"og_object_type":"default","og_image_type":"default","og_image_url":null,"og_image_width":null,"og_image_height":null,"og_image_custom_url":null,"og_image_custom_fields":null,"og_video":null,"og_custom_url":null,"og_article_section":null,"og_article_tags":null,"twitter_use_og":false,"twitter_card":"default","twitter_image_type":"default","twitter_image_url":null,"twitter_image_custom_url":null,"twitter_image_custom_fields":null,"twitter_title":null,"twitter_description":null,"schema":{"blockGraphs":[],"customGraphs":[],"default":{"data":{"Article":[],"Course":[],"Dataset":[],"FAQPage":[],"Movie":[],"Person":[],"Product":[],"ProductReview":[],"Car":[],"Recipe":[],"Service":[],"SoftwareApplication":[],"WebPage":[]},"graphName":"WebPage","isEnabled":true},"graphs":[]},"schema_type":"default","schema_type_options":null,"pillar_content":false,"robots_default":true,"robots_noindex":false,"robots_noarchive":false,"robots_nosnippet":false,"robots_nofollow":false,"robots_noimageindex":false,"robots_noodp":false,"robots_notranslate":false,"robots_max_snippet":null,"robots_max_videopreview":null,"robots_max_imagepreview":"large","priority":null,"frequency":null,"local_seo":null,"seo_analyzer_scan_date":"2026-02-10 20:06:40","limit_modified_date":false,"reviewed_by":null,"open_ai":null,"ai":null,"created":"2023-07-26 12:58:52","updated":"2026-02-10 20:06:40"},"aioseo_breadcrumb":"<div class=\"aioseo-breadcrumbs\"><span class=\"aioseo-breadcrumb\">\n\t<a href=\"https:\/\/monatglobal.com\/ca\" title=\"Home\">Home<\/a>\n<\/span><span class=\"aioseo-breadcrumb-separator\">&raquo;<\/span><span class=\"aioseo-breadcrumb\">\n\tLotion pour le corps lissante et renouvelante | MONAT BODY CARE\u2122 | Soins de la peau\n<\/span><\/div>","aioseo_breadcrumb_json":[{"label":"Home","link":"https:\/\/monatglobal.com\/ca"},{"label":"Lotion pour le corps lissante et renouvelante | MONAT BODY CARE\u2122 | Soins de la peau","link":"https:\/\/monatglobal.com\/ca\/body-lotion\/?lang=fr"}],"_links":{"self":[{"href":"https:\/\/monatglobal.com\/ca\/wp-json\/wp\/v2\/pages\/63672","targetHints":{"allow":["GET"]}}],"collection":[{"href":"https:\/\/monatglobal.com\/ca\/wp-json\/wp\/v2\/pages"}],"about":[{"href":"https:\/\/monatglobal.com\/ca\/wp-json\/wp\/v2\/types\/page"}],"author":[{"embeddable":true,"href":"https:\/\/monatglobal.com\/ca\/wp-json\/wp\/v2\/users\/31"}],"replies":[{"embeddable":true,"href":"https:\/\/monatglobal.com\/ca\/wp-json\/wp\/v2\/comments?post=63672"}],"version-history":[{"count":35,"href":"https:\/\/monatglobal.com\/ca\/wp-json\/wp\/v2\/pages\/63672\/revisions"}],"predecessor-version":[{"id":110149,"href":"https:\/\/monatglobal.com\/ca\/wp-json\/wp\/v2\/pages\/63672\/revisions\/110149"}],"wp:featuredmedia":[{"embeddable":true,"href":"https:\/\/monatglobal.com\/ca\/wp-json\/wp\/v2\/media\/63922"}],"wp:attachment":[{"href":"https:\/\/monatglobal.com\/ca\/wp-json\/wp\/v2\/media?parent=63672"}],"wp:term":[{"taxonomy":"category","embeddable":true,"href":"https:\/\/monatglobal.com\/ca\/wp-json\/wp\/v2\/categories?post=63672"},{"taxonomy":"post_tag","embeddable":true,"href":"https:\/\/monatglobal.com\/ca\/wp-json\/wp\/v2\/tags?post=63672"}],"curies":[{"name":"wp","href":"https:\/\/api.w.org\/{rel}","templated":true}]}}