{"id":63555,"date":"2021-09-04T15:17:03","date_gmt":"2021-09-04T19:17:03","guid":{"rendered":"https:\/\/monatglobal.com\/ca\/?page_id=63555"},"modified":"2026-01-19T08:59:07","modified_gmt":"2026-01-19T13:59:07","slug":"hair-damage-repair","status":"publish","type":"page","link":"https:\/\/monatglobal.com\/ca\/hair-damage-repair\/?lang=fr","title":{"rendered":"Damage Repair Bond-Fortifying Hair Leave-In Cr\u00e8me"},"content":{"rendered":"\n\n\t<link rel=\"stylesheet\" href=\"https:\/\/unpkg.com\/swiper\/swiper-bundle.min.css\" \/>\n<link rel=\"stylesheet\" href=\"https:\/\/monatglobal.com\/wp-content\/creative_css\/product_styles_sheet.css\" \/>\n   <!--==================================================== ECOMM SECTION ====================================================-->\n      <!--==================================================== Ecomm image ====================================================-->\n      <img decoding=\"async\" src=\"https:\/\/monatglobal.com\/wp-content\/uploads\/2021\/09\/DR_Bond-Fortifying-Hair-.png\" alt=\"Cr\u00e8me sans rin\u00e7age renfor\u00e7ant la coh\u00e9sion R\u00e9paration des dommages\" loading=\"lazy\"\/>\n      <!--==================================================== Ecomm information  ====================================================-->\n         \n         <h1>Cr\u00e8me sans rin\u00e7age renfor\u00e7ant la coh\u00e9sion R\u00e9paration des&nbsp;dommages <\/h1>\n         \n         <p>Une riche cr\u00e8me sans rin\u00e7age qui nourrit, renforce et hydrate les cheveux&nbsp;ab\u00eem\u00e9s.<\/p>\n         <p>134 ml e 4,5 oz liq.<\/p>\n      <!--==================================================== pricing box ====================================================-->    \n   <p>Prix de d\u00e9tail<br \/>$00.00 $ CA<\/p>\n   <p>Prix de client VIP<br \/>$00.00 $ CA<\/p> \n        <!--==================================================== pricing box ====================================================-->    \n         <p>Pour en savoir plus sur la Cr\u00e8me sans rin\u00e7age renfor\u00e7ant la coh\u00e9sion R\u00e9paration des dommages, veuillez contacter votre partenaire de march\u00e9 MONAT.<\/p>\n            <a href=\"\" target=\"_blank\" role=\"button\" aria-label=\"\" rel=\"noopener\"><\/a>\n   <!--==================================================== \/ECOMM SECTION  ====================================================-->\n   <!--==================================================== Benefits image ====================================================-->\n   \n      <source media=\"(max-width: 700px)\" srcset=\"https:\/\/monatglobal.com\/wp-content\/uploads\/2021\/09\/Damage-Repair-Bond-fortifying-hair-leave-in-creme-mobile.jpg\" loading=\"lazy\"\/>\n      <img decoding=\"async\" src=\"https:\/\/monatglobal.com\/wp-content\/uploads\/2021\/09\/Damage-Repair-Bond-fortifying-hair-leave-in-creme-Benefits.jpg\" loading=\"lazy\"\/>\n   \n   <!--==================================================== Benefits text ====================================================-->\n         <h2>BIENFAITS<\/h2>\n         <h3>Elle prot\u00e8ge les cheveux contre les effets des outils chauffants et des facteurs \n         environnementaux tout en nourrissant les cuticules, en adoucissant et en lissant les cheveux, pour un \n         d\u00e9m\u00ealage et un coiffage&nbsp;faciles.<\/h3>\n         <p>Cette riche cr\u00e8me sans rin\u00e7age r\u00e9duit les cheveux cassants et prot\u00e8ge les cheveux contre les dommages&nbsp;\u00e9ventuels.<\/p>\n         <!--==================================================== features image  ====================================================-->\n         <img decoding=\"async\" src=\"https:\/\/monatglobal.com\/wp-content\/uploads\/2021\/09\/Damage-Repair-Bond-fortifying-hair-leave-in-creme-Features.jpg\" loading=\"lazy\"\/>\n      <!--==================================================== features text ====================================================-->\n            <h3>Ce soin sans rin\u00e7age nourrit en profondeur et fortifie les cheveux depuis l&#8217;int\u00e9rieur.<\/h3>\n               <p>\/ R\u00e9duit la cassure de 97 %* <\/p>\n               <p>\/ Restaure instantan\u00e9ment les liens faibles <\/p>\n               <p>\/ R\u00e9duit les frisottis de 79 % en conditions d&#8217;humidit\u00e9 \u00e9lev\u00e9e* <\/p>\n               <p>\/ Augmente la brillance de 75 %*<\/p>\n               <p> *Bas\u00e9 sur les tests instrumentaux men\u00e9s par un laboratoire tiers. <\/p>\n               <br \/>\n            Parfum \/ Son parfum s&#8217;inspire de la M\u00e9diterran\u00e9e avec des notes de n\u00e9roli, de fleur d&#8217;oranger, de \n            nectar de p\u00eache, de bois et de mousse. \n            <p> Texture \/ Riche cr\u00e8me <\/p>\n   <!--==================================================== composition image mobile ====================================================-->\n   <img decoding=\"async\" src=\"https:\/\/monatglobal.com\/wp-content\/uploads\/2021\/09\/Damage-Repair-Bond-fortifying-hair-leave-in-creme-Comp1.jpg\" loading=\"lazy\"\/>\n   <!--==================================================== Why it works text ====================================================-->\n      <h2>Une riche cr\u00e8me sans rin\u00e7age qui prot\u00e8ge instantan\u00e9ment les cheveux contre les dommages thermiques et&nbsp;environnementaux.<\/h2>\n      <h3>Cette riche cr\u00e8me sans rin\u00e7age traite, fortifie et nourrit les cheveux depuis l&#8217;int\u00e9rieur, pour faciliter le \n      d\u00e9m\u00ealage et le coiffage. Avec des notes de n\u00e9roli et de fleur d&#8217;oranger, elle prot\u00e8ge les cheveux contre les effets des outils chauffants et des facteurs \n      environnementaux tout en les laissant brillants. <\/h3>\n<!--==================================================== Composition section ====================================================-->\n      <img decoding=\"async\" src=\"https:\/\/monatglobal.com\/wp-content\/uploads\/2021\/09\/Damage-Repair-Bond-fortifying-hair-leave-in-creme-Comp1.jpg\" loading=\"lazy\"\/>\n      <img decoding=\"async\" src=\"https:\/\/monatglobal.com\/wp-content\/uploads\/2021\/09\/Comp-3-Damage-Repair-Bond-fortifying-hair-leave-in-creme.jpg\" loading=\"lazy\"\/>\n            <!--==================================================== Directions text ====================================================--> \n               <h3>Mode d&#8217;emploi<\/h3>\n               <p>\/ Appliquer sur cheveux propres et essor\u00e9s. <\/p>\n               <p>\/ Utiliser ensuite vos produits coiffants MONAT favoris. <\/p>\n            <!--==================================================== Directions video ====================================================-->\n      <p>Cr\u00e8me sans rin\u00e7age renfor\u00e7ant la <br \/>coh\u00e9sion R\u00e9paration des dommages <br \/>1:28<\/p>\n  <a href=\"\" target=\"_blank\" role=\"button\" aria-label=\"\" rel=\"noopener\"><\/a>\n   <!--==================================================== Ingredients section  ====================================================-->\n      <h2>INGR\u00c9DIENTS CL\u00c9S<\/h2>\n                <img decoding=\"async\" src=\"https:\/\/monatglobal.com\/wp-content\/uploads\/2022\/11\/REJUVABEADS\u00ae.svg\" alt=\"REJUVABEADS\u00ae\"\/>\n               <p>REJUVABEADS<sup>\u00ae<\/sup><\/p>\n\t\t\t<img decoding=\"async\" src=\"https:\/\/monatglobal.com\/wp-content\/uploads\/2022\/11\/Argan-oil.svg\" alt=\"Huile d'argan\"\/>\n               <p>Huile d&#8217;argan<\/p>\n\t\t\t\t<img decoding=\"async\" src=\"https:\/\/monatglobal.com\/wp-content\/uploads\/2022\/11\/Surface-Repair-Technology.svg\" alt=\"Technologie de r\u00e9paration de surface\"\/>\n               <p>Technologie de r\u00e9paration de surface (huile de ricin hydrog\u00e9n\u00e9e\/copolym\u00e8re d&#8217;acide s\u00e9bacique)<\/p>\n\t\t\t<img decoding=\"async\" src=\"https:\/\/monatglobal.com\/wp-content\/uploads\/2022\/11\/Red-Algae-Extract.svg\" alt=\"Extrait d'algue rouge\"\/>\n               <p>Extrait d&#8217;algue rouge <\/p>\n\t\t\t\t<img decoding=\"async\" src=\"https:\/\/monatglobal.com\/wp-content\/uploads\/2022\/11\/Vegetable-Derived-Keratin.svg\" alt=\"K\u00e9ratine d'origine v\u00e9g\u00e9tale \"\/>\n               <p>K\u00e9ratine d&#8217;origine v\u00e9g\u00e9tale  <\/p>\n        <button id=\"myBtn\" type=\"button\">LISTE D&#8217;INGR\u00c9DIENTS<\/button>\n      <!--==================================================== Modal content  ====================================================-->\n         &times;\n         Aqua\/Water\/Eau, Cetearyl Alcohol, Behentrimonium Chloride, Cetyl Alcohol, Dicaprylyl Ether, Lauryl Alcohol, Ethylhexyl Palmitate, Isoamyl \n         Laurate, Fragrance\/Parfum, Tetrasodium EDTA, Tocopheryl Acetate, Hydrogenated Castor Oil\/Sebacic Acid Copolymer, Astrocaryum Murumuru Seed Butter, Argania \n         Spinosa Kernel Oil, Hydrolyzed Pea Protein, Hydrolyzed Vegetable Protein, Butylene Glycol, Hypnea Musciformis Extract, Potassium Gluconate, Limnanthes \n         Alba (Meadowfoam) Seed Oil, Crambe Abyssinica Seed Oil, Camellia Oleifera Seed Oil, Solanum Lycopersicum (Tomato) Seed Oil, Daucus Carota Sativa (Carrot) \n         Seed Oil, Citrus Limon (Lemon) Peel Oil, Citrus Aurantifolia (Lime) Oil, Citrus Aurantium Bergamia (Bergamot) Fruit Oil, Adansonia Digitata Oil, Mauritia \n         Flexuosa Fruit Oil, Cocos Nucifera (Coconut) Oil, Gardenia Taitensis Flower Extract, Moringa Oleifera Seed Oil, Caryocar Brasiliense Fruit Oil, Helianthus \n         Annuus (Sunflower) Seed Oil, Caprylic\/Capric Triglyceride, Coco-Glucoside, Sorbitan Oleate, Algin, Guar Hydroxypropyltrimonium Chloride, Chitosan, Xanthan \n         Gum, Panthenol, Carrageenan, Ethylhexylglycerin, Benzyl Alcohol, Sodium Benzoate, Potassium Sorbate, Citric Acid, Tocopherol, Citral, Limonene, Linalool.\n   <!--==================================================== You might also like section ====================================================-->\n      <h2>VOUS POURRIEZ AUSSI AIMER<\/h2>\n      <!--==================================================== Slider YOU MIGHT ALSO LIKE ====================================================-->\n      <!---->\n      <!--   -->\n            <!--==================================================== Slides products ====================================================-->\n      <!--      -->\n      <!--         <a href=\"\/ca\/hair-damage-repair-shampoo\/?lang=fr\" aria-label=\"Go to Shampooing favorisant la coh\u00e9sion R\u00e9paration des dommages page\">-->\n      <!--            <img decoding=\"async\" src=\"https:\/\/monatglobal.com\/wp-content\/uploads\/2022\/12\/DR_Bond-Support-Shampoo.png\" alt=\"Shampooing favorisant la coh\u00e9sion R\u00e9paration des dommages\" loading=\"lazy\"\/>-->\n      <!--            <p>Shampooing favorisant <br \/> la coh\u00e9sion R\u00e9paration des dommages<\/p>-->\n      <!--         <\/a>-->\n      <!--      -->\n      <!--      -->\n      <!--         <a href=\"\/ca\/hair-damage-repair-treatment\/?lang=fr\" aria-label=\"Go to Traitement capillaire favorisant la coh\u00e9sion R\u00e9paration des dommages page\">-->\n      <!--            <img decoding=\"async\" src=\"https:\/\/monatglobal.com\/wp-content\/uploads\/2022\/12\/DR_Bond-Building-Hair-.png\" alt=\"Traitement capillaire favorisant la coh\u00e9sion R\u00e9paration des dommages\" loading=\"lazy\"\/>-->\n      <!--            <p>Traitement capillaire favorisant <br \/> la coh\u00e9sion R\u00e9paration des dommages  <\/p>-->\n      <!--         <\/a>-->\n      <!--      -->\n      <!--      -->\n      <!--         <a href=\"\/ca\/hair-damage-repair-masque\/?lang=fr\" aria-label=\"Go to Masque favorisant la coh\u00e9sion R\u00e9paration des dommages  page\">-->\n      <!--            <img decoding=\"async\" src=\"https:\/\/monatglobal.com\/wp-content\/uploads\/2022\/12\/DR_Bond-Support-Masque.png\" alt=\"Masque favorisant la coh\u00e9sion R\u00e9paration des dommages\" loading=\"lazy\"\/>-->\n      <!--            <p>Masque favorisant la coh\u00e9sion <br \/>R\u00e9paration des dommages <\/p>-->\n      <!--         <\/a>-->\n      <!--      -->\n      <!--   -->\n         <!--==================================================== If we need navigation buttons  ====================================================-->\n      <!--   -->\n      <!--   -->\n         <!--==================================================== If we need paginations  ====================================================-->\n      <!--   -->\n      <!---->\n             <!-- If we need navigation buttons -->\n             <!-- If we need paginations -->\n    <a href=\"\" aria-label=\"\"><\/a>\n<!--==================================================== this link has to go last for it to work   ====================================================-->\n\n","protected":false},"excerpt":{"rendered":"<p>Cr\u00e8me sans rin\u00e7age renfor\u00e7ant la coh\u00e9sion R\u00e9paration des&nbsp;dommages Une riche cr\u00e8me sans rin\u00e7age qui nourrit, renforce et hydrate les cheveux&nbsp;ab\u00eem\u00e9s. 134 ml e 4,5 oz liq. Prix de d\u00e9tail$00.00 $ CA Prix de client VIP$00.00 $ CA Pour en savoir plus sur la Cr\u00e8me sans rin\u00e7age renfor\u00e7ant la coh\u00e9sion R\u00e9paration des dommages, veuillez contacter votre&hellip;<\/p>\n","protected":false},"author":31,"featured_media":63923,"parent":0,"menu_order":0,"comment_status":"closed","ping_status":"closed","template":"","meta":{"inline_featured_image":false,"om_disable_all_campaigns":false,"_monsterinsights_skip_tracking":false,"_monsterinsights_sitenote_active":false,"_monsterinsights_sitenote_note":"","_monsterinsights_sitenote_category":0,"footnotes":""},"categories":[3629],"tags":[],"class_list":["post-63555","page","type-page","status-publish","has-post-thumbnail","hentry","category-product-fra"],"aioseo_notices":[],"aioseo_head":"\n\t\t<!-- All in One SEO Pro 4.9.6 - aioseo.com -->\n\t<meta name=\"description\" content=\"Cr\u00e8me sans rin\u00e7age renfor\u00e7ant la coh\u00e9sion R\u00e9paration des dommages Une riche cr\u00e8me sans rin\u00e7age qui nourrit, renforce et hydrate les cheveux ab\u00eem\u00e9s. 134 ml e 4,5 oz liq. Prix de d\u00e9tail$00.00 $ CA Prix de client VIP$00.00 $ CA Pour en savoir plus sur la Cr\u00e8me sans rin\u00e7age renfor\u00e7ant la coh\u00e9sion R\u00e9paration des dommages, veuillez contacter votre\" \/>\n\t<meta name=\"robots\" content=\"max-image-preview:large\" \/>\n\t<link rel=\"canonical\" href=\"https:\/\/monatglobal.com\/ca\/hair-damage-repair\/?lang=fr\" \/>\n\t<meta name=\"generator\" content=\"All in One SEO Pro (AIOSEO) 4.9.6\" \/>\n\t\t<meta property=\"og:locale\" content=\"en_US\" \/>\n\t\t<meta property=\"og:site_name\" content=\"Monat Canada English - We Are Modern Nature\" \/>\n\t\t<meta property=\"og:type\" content=\"article\" \/>\n\t\t<meta property=\"og:title\" content=\"Damage Repair Bond-Fortifying Hair Leave-In Cr\u00e8me - Monat Canada English\" \/>\n\t\t<meta property=\"og:description\" content=\"Cr\u00e8me sans rin\u00e7age renfor\u00e7ant la coh\u00e9sion R\u00e9paration des dommages Une riche cr\u00e8me sans rin\u00e7age qui nourrit, renforce et hydrate les cheveux ab\u00eem\u00e9s. 134 ml e 4,5 oz liq. Prix de d\u00e9tail$00.00 $ CA Prix de client VIP$00.00 $ CA Pour en savoir plus sur la Cr\u00e8me sans rin\u00e7age renfor\u00e7ant la coh\u00e9sion R\u00e9paration des dommages, veuillez contacter votre\" \/>\n\t\t<meta property=\"og:url\" content=\"https:\/\/monatglobal.com\/ca\/hair-damage-repair\/?lang=fr\" \/>\n\t\t<meta property=\"article:published_time\" content=\"2021-09-04T19:17:03+00:00\" \/>\n\t\t<meta property=\"article:modified_time\" content=\"2026-01-19T13:59:07+00:00\" \/>\n\t\t<meta name=\"twitter:card\" content=\"summary_large_image\" \/>\n\t\t<meta name=\"twitter:title\" content=\"Damage Repair Bond-Fortifying Hair Leave-In Cr\u00e8me - Monat Canada English\" \/>\n\t\t<meta name=\"twitter:description\" content=\"Cr\u00e8me sans rin\u00e7age renfor\u00e7ant la coh\u00e9sion R\u00e9paration des dommages Une riche cr\u00e8me sans rin\u00e7age qui nourrit, renforce et hydrate les cheveux ab\u00eem\u00e9s. 134 ml e 4,5 oz liq. Prix de d\u00e9tail$00.00 $ CA Prix de client VIP$00.00 $ CA Pour en savoir plus sur la Cr\u00e8me sans rin\u00e7age renfor\u00e7ant la coh\u00e9sion R\u00e9paration des dommages, veuillez contacter votre\" \/>\n\t\t<script type=\"application\/ld+json\" class=\"aioseo-schema\">\n\t\t\t{\"@context\":\"https:\\\/\\\/schema.org\",\"@graph\":[{\"@type\":\"BreadcrumbList\",\"@id\":\"https:\\\/\\\/monatglobal.com\\\/ca\\\/hair-damage-repair\\\/?lang=fr#breadcrumblist\",\"itemListElement\":[{\"@type\":\"ListItem\",\"@id\":\"https:\\\/\\\/monatglobal.com\\\/ca#listItem\",\"position\":1,\"name\":\"Home\",\"item\":\"https:\\\/\\\/monatglobal.com\\\/ca\",\"nextItem\":{\"@type\":\"ListItem\",\"@id\":\"https:\\\/\\\/monatglobal.com\\\/ca\\\/hair-damage-repair\\\/?lang=fr#listItem\",\"name\":\"Damage Repair Bond-Fortifying Hair Leave-In Cr\\u00e8me\"}},{\"@type\":\"ListItem\",\"@id\":\"https:\\\/\\\/monatglobal.com\\\/ca\\\/hair-damage-repair\\\/?lang=fr#listItem\",\"position\":2,\"name\":\"Damage Repair Bond-Fortifying Hair Leave-In Cr\\u00e8me\",\"previousItem\":{\"@type\":\"ListItem\",\"@id\":\"https:\\\/\\\/monatglobal.com\\\/ca#listItem\",\"name\":\"Home\"}}]},{\"@type\":\"Organization\",\"@id\":\"https:\\\/\\\/monatglobal.com\\\/ca\\\/#organization\",\"name\":\"Monat Canada English\",\"description\":\"We Are Modern Nature\",\"url\":\"https:\\\/\\\/monatglobal.com\\\/ca\\\/\"},{\"@type\":\"WebPage\",\"@id\":\"https:\\\/\\\/monatglobal.com\\\/ca\\\/hair-damage-repair\\\/?lang=fr#webpage\",\"url\":\"https:\\\/\\\/monatglobal.com\\\/ca\\\/hair-damage-repair\\\/?lang=fr\",\"name\":\"Damage Repair Bond-Fortifying Hair Leave-In Cr\\u00e8me - Monat Canada English\",\"description\":\"Cr\\u00e8me sans rin\\u00e7age renfor\\u00e7ant la coh\\u00e9sion R\\u00e9paration des dommages Une riche cr\\u00e8me sans rin\\u00e7age qui nourrit, renforce et hydrate les cheveux ab\\u00eem\\u00e9s. 134 ml e 4,5 oz liq. Prix de d\\u00e9tail$00.00 $ CA Prix de client VIP$00.00 $ CA Pour en savoir plus sur la Cr\\u00e8me sans rin\\u00e7age renfor\\u00e7ant la coh\\u00e9sion R\\u00e9paration des dommages, veuillez contacter votre\",\"inLanguage\":\"en-US\",\"isPartOf\":{\"@id\":\"https:\\\/\\\/monatglobal.com\\\/ca\\\/#website\"},\"breadcrumb\":{\"@id\":\"https:\\\/\\\/monatglobal.com\\\/ca\\\/hair-damage-repair\\\/?lang=fr#breadcrumblist\"},\"image\":{\"@type\":\"ImageObject\",\"url\":\"https:\\\/\\\/monatglobal.com\\\/ca\\\/wp-content\\\/uploads\\\/sites\\\/5\\\/2021\\\/09\\\/DR_Bond-Fortifying-Hair-.png\",\"@id\":\"https:\\\/\\\/monatglobal.com\\\/ca\\\/hair-damage-repair\\\/?lang=fr\\\/#mainImage\",\"width\":641,\"height\":800},\"primaryImageOfPage\":{\"@id\":\"https:\\\/\\\/monatglobal.com\\\/ca\\\/hair-damage-repair\\\/?lang=fr#mainImage\"},\"datePublished\":\"2021-09-04T15:17:03-04:00\",\"dateModified\":\"2026-01-19T08:59:07-05:00\"},{\"@type\":\"WebSite\",\"@id\":\"https:\\\/\\\/monatglobal.com\\\/ca\\\/#website\",\"url\":\"https:\\\/\\\/monatglobal.com\\\/ca\\\/\",\"name\":\"Monat Canada English\",\"description\":\"We Are Modern Nature\",\"inLanguage\":\"en-US\",\"publisher\":{\"@id\":\"https:\\\/\\\/monatglobal.com\\\/ca\\\/#organization\"}}]}\n\t\t<\/script>\n\t\t<!-- All in One SEO Pro -->\r\n\t\t<title>Damage Repair Bond-Fortifying Hair Leave-In Cr\u00e8me - Monat Canada English<\/title>\n\n","aioseo_head_json":{"title":"Damage Repair Bond-Fortifying Hair Leave-In Cr\u00e8me - Monat Canada English","description":"Cr\u00e8me sans rin\u00e7age renfor\u00e7ant la coh\u00e9sion R\u00e9paration des dommages Une riche cr\u00e8me sans rin\u00e7age qui nourrit, renforce et hydrate les cheveux ab\u00eem\u00e9s. 134 ml e 4,5 oz liq. Prix de d\u00e9tail$00.00 $ CA Prix de client VIP$00.00 $ CA Pour en savoir plus sur la Cr\u00e8me sans rin\u00e7age renfor\u00e7ant la coh\u00e9sion R\u00e9paration des dommages, veuillez contacter votre","canonical_url":"https:\/\/monatglobal.com\/ca\/hair-damage-repair\/?lang=fr","robots":"max-image-preview:large","keywords":"","webmasterTools":{"miscellaneous":""},"schema":{"@context":"https:\/\/schema.org","@graph":[{"@type":"BreadcrumbList","@id":"https:\/\/monatglobal.com\/ca\/hair-damage-repair\/?lang=fr#breadcrumblist","itemListElement":[{"@type":"ListItem","@id":"https:\/\/monatglobal.com\/ca#listItem","position":1,"name":"Home","item":"https:\/\/monatglobal.com\/ca","nextItem":{"@type":"ListItem","@id":"https:\/\/monatglobal.com\/ca\/hair-damage-repair\/?lang=fr#listItem","name":"Damage Repair Bond-Fortifying Hair Leave-In Cr\u00e8me"}},{"@type":"ListItem","@id":"https:\/\/monatglobal.com\/ca\/hair-damage-repair\/?lang=fr#listItem","position":2,"name":"Damage Repair Bond-Fortifying Hair Leave-In Cr\u00e8me","previousItem":{"@type":"ListItem","@id":"https:\/\/monatglobal.com\/ca#listItem","name":"Home"}}]},{"@type":"Organization","@id":"https:\/\/monatglobal.com\/ca\/#organization","name":"Monat Canada English","description":"We Are Modern Nature","url":"https:\/\/monatglobal.com\/ca\/"},{"@type":"WebPage","@id":"https:\/\/monatglobal.com\/ca\/hair-damage-repair\/?lang=fr#webpage","url":"https:\/\/monatglobal.com\/ca\/hair-damage-repair\/?lang=fr","name":"Damage Repair Bond-Fortifying Hair Leave-In Cr\u00e8me - Monat Canada English","description":"Cr\u00e8me sans rin\u00e7age renfor\u00e7ant la coh\u00e9sion R\u00e9paration des dommages Une riche cr\u00e8me sans rin\u00e7age qui nourrit, renforce et hydrate les cheveux ab\u00eem\u00e9s. 134 ml e 4,5 oz liq. Prix de d\u00e9tail$00.00 $ CA Prix de client VIP$00.00 $ CA Pour en savoir plus sur la Cr\u00e8me sans rin\u00e7age renfor\u00e7ant la coh\u00e9sion R\u00e9paration des dommages, veuillez contacter votre","inLanguage":"en-US","isPartOf":{"@id":"https:\/\/monatglobal.com\/ca\/#website"},"breadcrumb":{"@id":"https:\/\/monatglobal.com\/ca\/hair-damage-repair\/?lang=fr#breadcrumblist"},"image":{"@type":"ImageObject","url":"https:\/\/monatglobal.com\/ca\/wp-content\/uploads\/sites\/5\/2021\/09\/DR_Bond-Fortifying-Hair-.png","@id":"https:\/\/monatglobal.com\/ca\/hair-damage-repair\/?lang=fr\/#mainImage","width":641,"height":800},"primaryImageOfPage":{"@id":"https:\/\/monatglobal.com\/ca\/hair-damage-repair\/?lang=fr#mainImage"},"datePublished":"2021-09-04T15:17:03-04:00","dateModified":"2026-01-19T08:59:07-05:00"},{"@type":"WebSite","@id":"https:\/\/monatglobal.com\/ca\/#website","url":"https:\/\/monatglobal.com\/ca\/","name":"Monat Canada English","description":"We Are Modern Nature","inLanguage":"en-US","publisher":{"@id":"https:\/\/monatglobal.com\/ca\/#organization"}}]},"og:locale":"en_US","og:site_name":"Monat Canada English - We Are Modern Nature","og:type":"article","og:title":"Damage Repair Bond-Fortifying Hair Leave-In Cr\u00e8me - Monat Canada English","og:description":"Cr\u00e8me sans rin\u00e7age renfor\u00e7ant la coh\u00e9sion R\u00e9paration des dommages Une riche cr\u00e8me sans rin\u00e7age qui nourrit, renforce et hydrate les cheveux ab\u00eem\u00e9s. 134 ml e 4,5 oz liq. Prix de d\u00e9tail$00.00 $ CA Prix de client VIP$00.00 $ CA Pour en savoir plus sur la Cr\u00e8me sans rin\u00e7age renfor\u00e7ant la coh\u00e9sion R\u00e9paration des dommages, veuillez contacter votre","og:url":"https:\/\/monatglobal.com\/ca\/hair-damage-repair\/?lang=fr","article:published_time":"2021-09-04T19:17:03+00:00","article:modified_time":"2026-01-19T13:59:07+00:00","twitter:card":"summary_large_image","twitter:title":"Damage Repair Bond-Fortifying Hair Leave-In Cr\u00e8me - Monat Canada English","twitter:description":"Cr\u00e8me sans rin\u00e7age renfor\u00e7ant la coh\u00e9sion R\u00e9paration des dommages Une riche cr\u00e8me sans rin\u00e7age qui nourrit, renforce et hydrate les cheveux ab\u00eem\u00e9s. 134 ml e 4,5 oz liq. Prix de d\u00e9tail$00.00 $ CA Prix de client VIP$00.00 $ CA Pour en savoir plus sur la Cr\u00e8me sans rin\u00e7age renfor\u00e7ant la coh\u00e9sion R\u00e9paration des dommages, veuillez contacter votre"},"aioseo_meta_data":{"post_id":"63555","title":null,"description":null,"keywords":null,"keyphrases":null,"primary_term":null,"canonical_url":null,"og_title":null,"og_description":null,"og_object_type":"default","og_image_type":"default","og_image_url":null,"og_image_width":null,"og_image_height":null,"og_image_custom_url":null,"og_image_custom_fields":null,"og_video":null,"og_custom_url":null,"og_article_section":null,"og_article_tags":null,"twitter_use_og":false,"twitter_card":"default","twitter_image_type":"default","twitter_image_url":null,"twitter_image_custom_url":null,"twitter_image_custom_fields":null,"twitter_title":null,"twitter_description":null,"schema":{"blockGraphs":[],"customGraphs":[],"default":{"data":{"Article":[],"Course":[],"Dataset":[],"FAQPage":[],"Movie":[],"Person":[],"Product":[],"ProductReview":[],"Car":[],"Recipe":[],"Service":[],"SoftwareApplication":[],"WebPage":[]},"graphName":"WebPage","isEnabled":true},"graphs":[]},"schema_type":"default","schema_type_options":null,"pillar_content":false,"robots_default":true,"robots_noindex":false,"robots_noarchive":false,"robots_nosnippet":false,"robots_nofollow":false,"robots_noimageindex":false,"robots_noodp":false,"robots_notranslate":false,"robots_max_snippet":null,"robots_max_videopreview":null,"robots_max_imagepreview":"large","priority":null,"frequency":null,"local_seo":null,"seo_analyzer_scan_date":"2026-02-10 20:04:35","limit_modified_date":false,"reviewed_by":null,"open_ai":null,"ai":null,"created":"2023-07-26 12:58:52","updated":"2026-02-10 20:04:35"},"aioseo_breadcrumb":"<div class=\"aioseo-breadcrumbs\"><span class=\"aioseo-breadcrumb\">\n\t<a href=\"https:\/\/monatglobal.com\/ca\" title=\"Home\">Home<\/a>\n<\/span><span class=\"aioseo-breadcrumb-separator\">&raquo;<\/span><span class=\"aioseo-breadcrumb\">\n\tDamage Repair Bond-Fortifying Hair Leave-In Cr\u00e8me\n<\/span><\/div>","aioseo_breadcrumb_json":[{"label":"Home","link":"https:\/\/monatglobal.com\/ca"},{"label":"Damage Repair Bond-Fortifying Hair Leave-In Cr\u00e8me","link":"https:\/\/monatglobal.com\/ca\/hair-damage-repair\/?lang=fr"}],"_links":{"self":[{"href":"https:\/\/monatglobal.com\/ca\/wp-json\/wp\/v2\/pages\/63555","targetHints":{"allow":["GET"]}}],"collection":[{"href":"https:\/\/monatglobal.com\/ca\/wp-json\/wp\/v2\/pages"}],"about":[{"href":"https:\/\/monatglobal.com\/ca\/wp-json\/wp\/v2\/types\/page"}],"author":[{"embeddable":true,"href":"https:\/\/monatglobal.com\/ca\/wp-json\/wp\/v2\/users\/31"}],"replies":[{"embeddable":true,"href":"https:\/\/monatglobal.com\/ca\/wp-json\/wp\/v2\/comments?post=63555"}],"version-history":[{"count":47,"href":"https:\/\/monatglobal.com\/ca\/wp-json\/wp\/v2\/pages\/63555\/revisions"}],"predecessor-version":[{"id":110100,"href":"https:\/\/monatglobal.com\/ca\/wp-json\/wp\/v2\/pages\/63555\/revisions\/110100"}],"wp:featuredmedia":[{"embeddable":true,"href":"https:\/\/monatglobal.com\/ca\/wp-json\/wp\/v2\/media\/63923"}],"wp:attachment":[{"href":"https:\/\/monatglobal.com\/ca\/wp-json\/wp\/v2\/media?parent=63555"}],"wp:term":[{"taxonomy":"category","embeddable":true,"href":"https:\/\/monatglobal.com\/ca\/wp-json\/wp\/v2\/categories?post=63555"},{"taxonomy":"post_tag","embeddable":true,"href":"https:\/\/monatglobal.com\/ca\/wp-json\/wp\/v2\/tags?post=63555"}],"curies":[{"name":"wp","href":"https:\/\/api.w.org\/{rel}","templated":true}]}}