{"id":63464,"date":"2021-09-01T11:02:08","date_gmt":"2021-09-01T15:02:08","guid":{"rendered":"https:\/\/monatglobal.com\/ca\/?page_id=63464"},"modified":"2022-01-24T17:02:01","modified_gmt":"2022-01-24T22:02:01","slug":"directors-summit-2022","status":"publish","type":"page","link":"https:\/\/monatglobal.com\/ca\/directors-summit-2022\/?lang=fr","title":{"rendered":"Directors\u2019 Summit 2022"},"content":{"rendered":"\n\t<link rel='stylesheet' href='https:\/\/unpkg.com\/swiper\/swiper-bundle.min.css'>\n    <p>Nouvelles dates. Nouvelle destination.<\/p>\n<!-- Generator: Adobe Illustrator 24.2.1, SVG Export Plug-In . SVG Version: 6.00 Build 0)  -->\n        <p>MIAMI<\/p>\n    <p>Du 21 au 24 f\u00e9vrier 2022<\/p>\n        <p>Dates de la p\u00e9riode de qualification <br>Du 1er septembre 2021 au 31 janvier 2022 <br>Voir les crit\u00e8res de qualification ci-dessous!<\/p>\n                <p>Nous sommes agiles, r\u00e9actifs et pr\u00eats \u00e0 nous adapter \u00e0 l\u2019environnement dynamique&nbsp;actuel.<\/p>\n                Voil\u00e0 pourquoi, afin que le Sommet des directeurs soit plus s\u00e9curitaire, plus accessible et plus agr\u00e9able, nous avons choisi de nouvelles \n                dates ainsi qu\u2019une nouvelle destination, ici \u00e0 Miami, en&nbsp;Floride!\n            Voil\u00e0 pourquoi, afin que le Sommet des directeurs soit plus s\u00e9curitaire, plus accessible et plus agr\u00e9able, nous avons choisi de nouvelles \n            dates ainsi qu\u2019une nouvelle destination, ici \u00e0 Miami, en&nbsp;Floride!\n        Le leadership est un voyage et le Sommet des directeurs est une occasion de d\u00e9veloppement de leadership in\u00e9gal\u00e9e! \n        C\u2019est l\u00e0 que votre vision unique deviendra une strat\u00e9gie&nbsp;mondiale!\n        <p>Participez \u00e0 une formation d\u2019une valeur inestimable en mati\u00e8re de leadership, \u00e9changez des id\u00e9es avec d\u2019autres leaders MONAT et d\u00e9couvrez de nouvelles fa\u00e7ons de d\u00e9velopper votre \u00e9quipe dans un cadre&nbsp;idyllique!<\/p>\n            <img decoding=\"async\" src=\"https:\/\/monatglobal.com\/wp-content\/uploads\/2022\/01\/south-beach-watr-rooftop_pool-1.jpg\" \/>\n            <img decoding=\"async\" src=\"https:\/\/monatglobal.com\/wp-content\/uploads\/2022\/01\/main_pool_4.jpg\" \/>\n            <img decoding=\"async\" src=\"https:\/\/monatglobal.com\/wp-content\/uploads\/2022\/01\/gallery_2.jpg\"\/>\n            <img decoding=\"async\" src=\"https:\/\/monatglobal.com\/wp-content\/uploads\/2022\/01\/12_pool-sandbox.jpg\"\/>\n            <img decoding=\"async\" src=\"https:\/\/monatglobal.com\/wp-content\/uploads\/2022\/01\/1sb-061019-skypenthouse-terrace-13077-2.jpg\" \/>\n            <img decoding=\"async\" src=\"https:\/\/monatglobal.com\/wp-content\/uploads\/2022\/01\/1sb-061019-skypenthouse-livingroom-12143-2.jpg\"\/>\n            <img decoding=\"async\" src=\"https:\/\/monatglobal.com\/wp-content\/uploads\/2022\/01\/1_hotel_south_beach_high_res_10781.jpg\"\/>\n            <img decoding=\"async\" src=\"https:\/\/monatglobal.com\/wp-content\/uploads\/2022\/01\/1_hotel_plnthouse-282-hdrlores-3.jpg\" \/>\n            <img decoding=\"async\" src=\"https:\/\/monatglobal.com\/wp-content\/uploads\/2022\/01\/1_hotel_miami_beach_march_2015_103_0.jpg\"\/>\n        <p>Notre nouvelle destination est une merveille de&nbsp;l\u2019innovation!<\/p>\n        Le spectaculaire 1 Hotel South Beach est un concept impressionnant en mati\u00e8re de durabilit\u00e9 : \n        un h\u00f4tel fait \u00e0 partir de mat\u00e9riaux recycl\u00e9s! Les cintres sont faits de cahiers scolaires recycl\u00e9s, \n        les meubles sont faits de bois r\u00e9cup\u00e9r\u00e9 et les murs sont recouverts de mousse. Les ar\u00f4mes accueillants et les innovations g\u00e9niales&nbsp;abondent.\n              <img decoding=\"async\" src=\"https:\/\/monatglobal.com\/wp-content\/uploads\/2022\/01\/comp-directors-summit-2022.jpg\" alt=\"\">\n                Soyez \u00e9blouis par les magnifiques \u0153uvres d\u2019art et la superbe&nbsp;architecture&#8230;<br>\n                Soyez \u00e9merveill\u00e9s par la cuisine biologique cultiv\u00e9e&nbsp;localement&#8230;<br>\n                Soyez impressionn\u00e9s par le service chaleureux et de&nbsp;qualit\u00e9&#8230;\n                <p>&#8230; et n\u2019oubliez pas de vous rendre \u00e0 la piscine sur le toit pour une vue interrompue sur l\u2019oc\u00e9an&nbsp;Atlantique!<\/p>\n        <p>Prenez la prochaine \u00e9tape de votre parcours de leadership au Sommet des directeurs 2022 \u00e0&nbsp;Miami!<\/p>\n             <h2>Qui peut <br>y participer?<\/h2>\n             <p>Tous ceux au titre de carri\u00e8re de DEA ou plus haut en date du 1er septembre&nbsp;2021<\/p>\n             <p>Les partenaires de march\u00e9 qui atteignent le rang de DEA au plus tard le 31 d\u00e9cembre&nbsp;2021<\/p>\n            <h2>CRIT\u00c8RES DE QUALIFICATION<\/h2>\n            <p>MISE \u00c0 JOUR : Ceux au titre de carri\u00e8re de directeur ex\u00e9cutif associ\u00e9 en date du 1er septembre 2021&nbsp;::<\/p>\n            <p>Vous pouvez vous qualifier en \u00e9tant pay\u00e9 au rang de mentor de march\u00e9 gestionnaire 3 mois sur 5 pendant la p\u00e9riode de qualification (de septembre 2021 \u00e0 janvier&nbsp;2022)<\/p>\n            <p>Ceux qui montent en rang pour devenir DEA en d\u00e9cembre 2021&nbsp;:<\/p>\n            <p>Maintenez le rang pay\u00e9 de DEA en janvier 2022<\/p>\n              <p>Ceux au titre de carri\u00e8re de directeur ex\u00e9cutif ou directeur ex\u00e9cutif s\u00e9nior en date du 1er septembre 2021&nbsp;:<\/p>\n            <p>Maintenez le rang pay\u00e9 de DEA 4 mois sur 5 pendant la p\u00e9riode de qualification (de septembre 2021 \u00e0 janvier 2022)<\/p>\n            <h2>Partenaires de march\u00e9 qui atteignent le rang de DEA<\/h2>\n                <ul data-tabgroup=\"first-tab-group\">\n                  <li><a href=\"#tab1\">Septembre<\/a><\/li>\n                  <li><a href=\"#tab2\">Octobre <\/a><\/li>\n                  <li><a href=\"#tab3\">Novembre<\/a><\/li>\n                  <li><a href=\"#tab4\">D\u00e9cembre<\/a><\/li>\n                <\/ul>\n                <section id=\"first-tab-group\">\n                    <p>Maintenez le rang pay\u00e9 de DEA 3 mois sur 4 pendant la p\u00e9riode de qualification (d\u2019oct. 2021 \u00e0 janv. 2022)<\/p>\n                    <p>Maintenez le rang pay\u00e9 de DEA 2 mois sur 3 pendant la p\u00e9riode de qualification (de nov. 2021 \u00e0 janv. 2022)<\/p>\n                    <p>Maintenez le rang pay\u00e9 de DEA 1 mois sur 2 pendant la p\u00e9riode de qualification (de d\u00e9cembre 2021 \u00e0 janv. 2022)<\/p>\n                    <p>Maintenez le rang pay\u00e9 de DEA en janvier 2022<\/p>\n                <\/section>\n            <p>MISE \u00c0 JOUR : Ceux au titre de carri\u00e8re de directeur ex\u00e9cutif associ\u00e9, directeur ex\u00e9cutif ou directeur ex\u00e9cutif s\u00e9nior en date du 1er septembre 2021&nbsp;:<\/p>\n            <p>Aidez un PM \u00e0 atteindre le rang de mentor de march\u00e9 ou plus haut pour la premi\u00e8re fois en d\u00e9cembre 2021. Le nouveau MM ou rang sup\u00e9rieur et le directeur l\u2019ayant parrain\u00e9 doivent maintenir ou d\u00e9passer leur rang de d\u00e9cembre en janvier 2022. De plus, le directeur ayant parrain\u00e9 le PM qui est promu doit \u00eatre pay\u00e9 au m\u00eame rang ou \u00e0 un rang sup\u00e9rieur \u00e0 celui-ci.<\/p>\n            MISE \u00c0 JOUR : Obtenez un \u00ab mois de gr\u00e2ce additionnel \u00bb en accumulant un VG de 50 000 pendant la p\u00e9riode de qualification. \n             \n        <img decoding=\"async\" src=\"https:\/\/monatglobal.com\/wp-content\/uploads\/2022\/01\/beach-landscape-miami-directors-summit-22-optimized.jpg\" alt=\"\">\n            <img decoding=\"async\" src=\"https:\/\/monatglobal.com\/wp-content\/uploads\/2022\/01\/four-women-beach-directors-summit-optimized.jpg\" alt=\"\">\n                <h2>Qualification des nouveaux mentors de march\u00e9 gestionnaires&nbsp;:<\/h2>\n                <p>Les personnes au titre de carri\u00e8re de mentor de march\u00e9 ou un rang inf\u00e9rieur qui\u2026<\/p>\n                <p>Atteignent le rang de MMG pour la premi\u00e8re fois de septembre \u00e0 d\u00e9cembre 2021<\/p>\n                <p>Maintiennent le rang pay\u00e9 de MMG jusqu\u2019\u00e0 la fin de la p\u00e9riode de qualification<\/p>\n                <p>&#8230;seront qualifi\u00e9es!<\/p>\n                <h2>MISE \u00c0 JOUR : Qualification des nouveaux mentors de march\u00e9&nbsp;:<\/h2>\n                <p>Les personnes au titre de carri\u00e8re de mentor de march\u00e9 associ\u00e9 ou un rang inf\u00e9rieur qui\u2026<\/p>\n                <p>Atteignent le rang de MM pour la premi\u00e8re fois en d\u00e9cembre 2021<\/p>\n                <p>Maintiennent le rang pay\u00e9 de MM en janvier 2022<\/p>\n                <p>&#8230;seront qualifi\u00e9es<\/p>\n          <img decoding=\"async\" src=\"https:\/\/monatglobal.com\/wp-content\/uploads\/2022\/01\/ds-miami-beach-kiosk.jpg\" alt=\"\">\n        <!--<p>Obtenez un \u00ab mois de gr\u00e2ce \u00bb additionnel en accumulant un VG de 100 000 pendant la p\u00e9riode de&nbsp;qualification.<\/p>-->\n        <h2>LE VOYAGE COMPREND<\/h2>\n                <ul>\n                    <li>Du temps de r\u00e9seautage avec les plus grands leaders MONAT<\/li>\n                    <li>Des prix sp\u00e9ciaux et un \u00e9v\u00e8nement de reconnaissance<\/li>\n                    <li>La 6e \u00e9dition de la marche\/course 5K MONAT Gratitude<\/li>\n                    <li>Un aper\u00e7u exclusif des plans pour 2022<\/li>\n                    <li>3 nuits au 1 Hotel South Beach<\/li>\n                <\/ul>\n                <ul>\n                    <li>Billet d\u2019avion aller-retour \u00e0 l\u2019a\u00e9roport international de Miami<\/li>\n                    <li>Une journ\u00e9e libre<\/li>\n                    <li>L\u2019option d\u2019amener votre conjoint ou un invit\u00e9 sp\u00e9cial (des co\u00fbts et des conditions s\u2019appliquent)<\/li>\n                <\/ul>\n            <a href=\"https:\/\/monatglobal.com\/ca\/wp-content\/uploads\/sites\/5\/2022\/01\/CAN_DirectorSummit_Miami2022_FAQ_FR.pdf\" aria-label=\"\" target=\"_blank\">FAQ<\/a>\n            <a href=\"https:\/\/monatglobal.com\/ca\/wp-content\/uploads\/sites\/5\/2021\/09\/Global_Directors_Summit_2022_TermsConditions_081321_FR.pdf\" aria-label=\"\" target=\"_blank\">CONDITIONS G\u00c9N\u00c9RALES<\/a>\n","protected":false},"excerpt":{"rendered":"<p>Nouvelles dates. Nouvelle destination. MIAMI Du 21 au 24 f\u00e9vrier 2022 Dates de la p\u00e9riode de qualification Du 1er septembre 2021 au 31 janvier 2022 Voir les crit\u00e8res de qualification ci-dessous! Nous sommes agiles, r\u00e9actifs et pr\u00eats \u00e0 nous adapter \u00e0 l\u2019environnement dynamique&nbsp;actuel. Voil\u00e0 pourquoi, afin que le Sommet des directeurs soit plus s\u00e9curitaire, plus&hellip;<\/p>\n","protected":false},"author":33,"featured_media":0,"parent":0,"menu_order":0,"comment_status":"closed","ping_status":"closed","template":"template-full-custom.php","meta":{"inline_featured_image":false,"om_disable_all_campaigns":false,"_monsterinsights_skip_tracking":false,"_monsterinsights_sitenote_active":false,"_monsterinsights_sitenote_note":"","_monsterinsights_sitenote_category":0,"footnotes":""},"categories":[],"tags":[],"class_list":["post-63464","page","type-page","status-publish","hentry"],"aioseo_notices":[],"aioseo_head":"\n\t\t<!-- All in One SEO Pro 4.9.6 - aioseo.com -->\n\t<meta name=\"description\" content=\"Nouvelles dates. Nouvelle destination. MIAMI Du 21 au 24 f\u00e9vrier 2022 Dates de la p\u00e9riode de qualification Du 1er septembre 2021 au 31 janvier 2022 Voir les crit\u00e8res de qualification ci-dessous! Nous sommes agiles, r\u00e9actifs et pr\u00eats \u00e0 nous adapter \u00e0 l\u2019environnement dynamique actuel. Voil\u00e0 pourquoi, afin que le Sommet des directeurs soit plus s\u00e9curitaire, plus\" \/>\n\t<meta name=\"robots\" content=\"max-image-preview:large\" \/>\n\t<link rel=\"canonical\" href=\"https:\/\/monatglobal.com\/ca\/directors-summit-2022\/?lang=fr\" \/>\n\t<meta name=\"generator\" content=\"All in One SEO Pro (AIOSEO) 4.9.6\" \/>\n\t\t<meta property=\"og:locale\" content=\"en_US\" \/>\n\t\t<meta property=\"og:site_name\" content=\"Monat Canada English - We Are Modern Nature\" \/>\n\t\t<meta property=\"og:type\" content=\"article\" \/>\n\t\t<meta property=\"og:title\" content=\"Directors\u2019 Summit 2022 - Monat Canada English\" \/>\n\t\t<meta property=\"og:description\" content=\"Nouvelles dates. Nouvelle destination. MIAMI Du 21 au 24 f\u00e9vrier 2022 Dates de la p\u00e9riode de qualification Du 1er septembre 2021 au 31 janvier 2022 Voir les crit\u00e8res de qualification ci-dessous! Nous sommes agiles, r\u00e9actifs et pr\u00eats \u00e0 nous adapter \u00e0 l\u2019environnement dynamique actuel. Voil\u00e0 pourquoi, afin que le Sommet des directeurs soit plus s\u00e9curitaire, plus\" \/>\n\t\t<meta property=\"og:url\" content=\"https:\/\/monatglobal.com\/ca\/directors-summit-2022\/?lang=fr\" \/>\n\t\t<meta property=\"article:published_time\" content=\"2021-09-01T15:02:08+00:00\" \/>\n\t\t<meta property=\"article:modified_time\" content=\"2022-01-24T22:02:01+00:00\" \/>\n\t\t<meta name=\"twitter:card\" content=\"summary_large_image\" \/>\n\t\t<meta name=\"twitter:title\" content=\"Directors\u2019 Summit 2022 - Monat Canada English\" \/>\n\t\t<meta name=\"twitter:description\" content=\"Nouvelles dates. Nouvelle destination. MIAMI Du 21 au 24 f\u00e9vrier 2022 Dates de la p\u00e9riode de qualification Du 1er septembre 2021 au 31 janvier 2022 Voir les crit\u00e8res de qualification ci-dessous! Nous sommes agiles, r\u00e9actifs et pr\u00eats \u00e0 nous adapter \u00e0 l\u2019environnement dynamique actuel. Voil\u00e0 pourquoi, afin que le Sommet des directeurs soit plus s\u00e9curitaire, plus\" \/>\n\t\t<script type=\"application\/ld+json\" class=\"aioseo-schema\">\n\t\t\t{\"@context\":\"https:\\\/\\\/schema.org\",\"@graph\":[{\"@type\":\"BreadcrumbList\",\"@id\":\"https:\\\/\\\/monatglobal.com\\\/ca\\\/directors-summit-2022\\\/?lang=fr#breadcrumblist\",\"itemListElement\":[{\"@type\":\"ListItem\",\"@id\":\"https:\\\/\\\/monatglobal.com\\\/ca#listItem\",\"position\":1,\"name\":\"Home\",\"item\":\"https:\\\/\\\/monatglobal.com\\\/ca\",\"nextItem\":{\"@type\":\"ListItem\",\"@id\":\"https:\\\/\\\/monatglobal.com\\\/ca\\\/directors-summit-2022\\\/?lang=fr#listItem\",\"name\":\"Directors\\u2019 Summit 2022\"}},{\"@type\":\"ListItem\",\"@id\":\"https:\\\/\\\/monatglobal.com\\\/ca\\\/directors-summit-2022\\\/?lang=fr#listItem\",\"position\":2,\"name\":\"Directors\\u2019 Summit 2022\",\"previousItem\":{\"@type\":\"ListItem\",\"@id\":\"https:\\\/\\\/monatglobal.com\\\/ca#listItem\",\"name\":\"Home\"}}]},{\"@type\":\"Organization\",\"@id\":\"https:\\\/\\\/monatglobal.com\\\/ca\\\/#organization\",\"name\":\"Monat Canada English\",\"description\":\"We Are Modern Nature\",\"url\":\"https:\\\/\\\/monatglobal.com\\\/ca\\\/\"},{\"@type\":\"WebPage\",\"@id\":\"https:\\\/\\\/monatglobal.com\\\/ca\\\/directors-summit-2022\\\/?lang=fr#webpage\",\"url\":\"https:\\\/\\\/monatglobal.com\\\/ca\\\/directors-summit-2022\\\/?lang=fr\",\"name\":\"Directors\\u2019 Summit 2022 - Monat Canada English\",\"description\":\"Nouvelles dates. Nouvelle destination. MIAMI Du 21 au 24 f\\u00e9vrier 2022 Dates de la p\\u00e9riode de qualification Du 1er septembre 2021 au 31 janvier 2022 Voir les crit\\u00e8res de qualification ci-dessous! Nous sommes agiles, r\\u00e9actifs et pr\\u00eats \\u00e0 nous adapter \\u00e0 l\\u2019environnement dynamique actuel. Voil\\u00e0 pourquoi, afin que le Sommet des directeurs soit plus s\\u00e9curitaire, plus\",\"inLanguage\":\"en-US\",\"isPartOf\":{\"@id\":\"https:\\\/\\\/monatglobal.com\\\/ca\\\/#website\"},\"breadcrumb\":{\"@id\":\"https:\\\/\\\/monatglobal.com\\\/ca\\\/directors-summit-2022\\\/?lang=fr#breadcrumblist\"},\"datePublished\":\"2021-09-01T11:02:08-04:00\",\"dateModified\":\"2022-01-24T17:02:01-05:00\"},{\"@type\":\"WebSite\",\"@id\":\"https:\\\/\\\/monatglobal.com\\\/ca\\\/#website\",\"url\":\"https:\\\/\\\/monatglobal.com\\\/ca\\\/\",\"name\":\"Monat Canada English\",\"description\":\"We Are Modern Nature\",\"inLanguage\":\"en-US\",\"publisher\":{\"@id\":\"https:\\\/\\\/monatglobal.com\\\/ca\\\/#organization\"}}]}\n\t\t<\/script>\n\t\t<!-- All in One SEO Pro -->\r\n\t\t<title>Directors\u2019 Summit 2022 - Monat Canada English<\/title>\n\n","aioseo_head_json":{"title":"Directors\u2019 Summit 2022 - Monat Canada English","description":"Nouvelles dates. Nouvelle destination. MIAMI Du 21 au 24 f\u00e9vrier 2022 Dates de la p\u00e9riode de qualification Du 1er septembre 2021 au 31 janvier 2022 Voir les crit\u00e8res de qualification ci-dessous! Nous sommes agiles, r\u00e9actifs et pr\u00eats \u00e0 nous adapter \u00e0 l\u2019environnement dynamique actuel. Voil\u00e0 pourquoi, afin que le Sommet des directeurs soit plus s\u00e9curitaire, plus","canonical_url":"https:\/\/monatglobal.com\/ca\/directors-summit-2022\/?lang=fr","robots":"max-image-preview:large","keywords":"","webmasterTools":{"miscellaneous":""},"schema":{"@context":"https:\/\/schema.org","@graph":[{"@type":"BreadcrumbList","@id":"https:\/\/monatglobal.com\/ca\/directors-summit-2022\/?lang=fr#breadcrumblist","itemListElement":[{"@type":"ListItem","@id":"https:\/\/monatglobal.com\/ca#listItem","position":1,"name":"Home","item":"https:\/\/monatglobal.com\/ca","nextItem":{"@type":"ListItem","@id":"https:\/\/monatglobal.com\/ca\/directors-summit-2022\/?lang=fr#listItem","name":"Directors\u2019 Summit 2022"}},{"@type":"ListItem","@id":"https:\/\/monatglobal.com\/ca\/directors-summit-2022\/?lang=fr#listItem","position":2,"name":"Directors\u2019 Summit 2022","previousItem":{"@type":"ListItem","@id":"https:\/\/monatglobal.com\/ca#listItem","name":"Home"}}]},{"@type":"Organization","@id":"https:\/\/monatglobal.com\/ca\/#organization","name":"Monat Canada English","description":"We Are Modern Nature","url":"https:\/\/monatglobal.com\/ca\/"},{"@type":"WebPage","@id":"https:\/\/monatglobal.com\/ca\/directors-summit-2022\/?lang=fr#webpage","url":"https:\/\/monatglobal.com\/ca\/directors-summit-2022\/?lang=fr","name":"Directors\u2019 Summit 2022 - Monat Canada English","description":"Nouvelles dates. Nouvelle destination. MIAMI Du 21 au 24 f\u00e9vrier 2022 Dates de la p\u00e9riode de qualification Du 1er septembre 2021 au 31 janvier 2022 Voir les crit\u00e8res de qualification ci-dessous! Nous sommes agiles, r\u00e9actifs et pr\u00eats \u00e0 nous adapter \u00e0 l\u2019environnement dynamique actuel. Voil\u00e0 pourquoi, afin que le Sommet des directeurs soit plus s\u00e9curitaire, plus","inLanguage":"en-US","isPartOf":{"@id":"https:\/\/monatglobal.com\/ca\/#website"},"breadcrumb":{"@id":"https:\/\/monatglobal.com\/ca\/directors-summit-2022\/?lang=fr#breadcrumblist"},"datePublished":"2021-09-01T11:02:08-04:00","dateModified":"2022-01-24T17:02:01-05:00"},{"@type":"WebSite","@id":"https:\/\/monatglobal.com\/ca\/#website","url":"https:\/\/monatglobal.com\/ca\/","name":"Monat Canada English","description":"We Are Modern Nature","inLanguage":"en-US","publisher":{"@id":"https:\/\/monatglobal.com\/ca\/#organization"}}]},"og:locale":"en_US","og:site_name":"Monat Canada English - We Are Modern Nature","og:type":"article","og:title":"Directors\u2019 Summit 2022 - Monat Canada English","og:description":"Nouvelles dates. Nouvelle destination. MIAMI Du 21 au 24 f\u00e9vrier 2022 Dates de la p\u00e9riode de qualification Du 1er septembre 2021 au 31 janvier 2022 Voir les crit\u00e8res de qualification ci-dessous! Nous sommes agiles, r\u00e9actifs et pr\u00eats \u00e0 nous adapter \u00e0 l\u2019environnement dynamique actuel. Voil\u00e0 pourquoi, afin que le Sommet des directeurs soit plus s\u00e9curitaire, plus","og:url":"https:\/\/monatglobal.com\/ca\/directors-summit-2022\/?lang=fr","article:published_time":"2021-09-01T15:02:08+00:00","article:modified_time":"2022-01-24T22:02:01+00:00","twitter:card":"summary_large_image","twitter:title":"Directors\u2019 Summit 2022 - Monat Canada English","twitter:description":"Nouvelles dates. Nouvelle destination. MIAMI Du 21 au 24 f\u00e9vrier 2022 Dates de la p\u00e9riode de qualification Du 1er septembre 2021 au 31 janvier 2022 Voir les crit\u00e8res de qualification ci-dessous! Nous sommes agiles, r\u00e9actifs et pr\u00eats \u00e0 nous adapter \u00e0 l\u2019environnement dynamique actuel. Voil\u00e0 pourquoi, afin que le Sommet des directeurs soit plus s\u00e9curitaire, plus"},"aioseo_meta_data":{"post_id":"63464","title":null,"description":null,"keywords":null,"keyphrases":null,"primary_term":null,"canonical_url":null,"og_title":null,"og_description":null,"og_object_type":"default","og_image_type":"default","og_image_url":null,"og_image_width":null,"og_image_height":null,"og_image_custom_url":null,"og_image_custom_fields":null,"og_video":null,"og_custom_url":null,"og_article_section":null,"og_article_tags":null,"twitter_use_og":false,"twitter_card":"default","twitter_image_type":"default","twitter_image_url":null,"twitter_image_custom_url":null,"twitter_image_custom_fields":null,"twitter_title":null,"twitter_description":null,"schema":{"blockGraphs":[],"customGraphs":[],"default":{"data":{"Article":[],"Course":[],"Dataset":[],"FAQPage":[],"Movie":[],"Person":[],"Product":[],"ProductReview":[],"Car":[],"Recipe":[],"Service":[],"SoftwareApplication":[],"WebPage":[]},"graphName":"","isEnabled":true},"graphs":[]},"schema_type":"default","schema_type_options":null,"pillar_content":false,"robots_default":true,"robots_noindex":false,"robots_noarchive":false,"robots_nosnippet":false,"robots_nofollow":false,"robots_noimageindex":false,"robots_noodp":false,"robots_notranslate":false,"robots_max_snippet":null,"robots_max_videopreview":null,"robots_max_imagepreview":"large","priority":null,"frequency":null,"local_seo":null,"seo_analyzer_scan_date":"2026-02-10 19:59:00","limit_modified_date":false,"reviewed_by":null,"open_ai":null,"ai":null,"created":"2023-07-26 12:58:09","updated":"2026-02-10 19:59:00"},"aioseo_breadcrumb":"<div class=\"aioseo-breadcrumbs\"><span class=\"aioseo-breadcrumb\">\n\t<a href=\"https:\/\/monatglobal.com\/ca\" title=\"Home\">Home<\/a>\n<\/span><span class=\"aioseo-breadcrumb-separator\">&raquo;<\/span><span class=\"aioseo-breadcrumb\">\n\tDirectors\u2019 Summit 2022\n<\/span><\/div>","aioseo_breadcrumb_json":[{"label":"Home","link":"https:\/\/monatglobal.com\/ca"},{"label":"Directors\u2019 Summit 2022","link":"https:\/\/monatglobal.com\/ca\/directors-summit-2022\/?lang=fr"}],"_links":{"self":[{"href":"https:\/\/monatglobal.com\/ca\/wp-json\/wp\/v2\/pages\/63464","targetHints":{"allow":["GET"]}}],"collection":[{"href":"https:\/\/monatglobal.com\/ca\/wp-json\/wp\/v2\/pages"}],"about":[{"href":"https:\/\/monatglobal.com\/ca\/wp-json\/wp\/v2\/types\/page"}],"author":[{"embeddable":true,"href":"https:\/\/monatglobal.com\/ca\/wp-json\/wp\/v2\/users\/33"}],"replies":[{"embeddable":true,"href":"https:\/\/monatglobal.com\/ca\/wp-json\/wp\/v2\/comments?post=63464"}],"version-history":[{"count":18,"href":"https:\/\/monatglobal.com\/ca\/wp-json\/wp\/v2\/pages\/63464\/revisions"}],"predecessor-version":[{"id":67658,"href":"https:\/\/monatglobal.com\/ca\/wp-json\/wp\/v2\/pages\/63464\/revisions\/67658"}],"wp:attachment":[{"href":"https:\/\/monatglobal.com\/ca\/wp-json\/wp\/v2\/media?parent=63464"}],"wp:term":[{"taxonomy":"category","embeddable":true,"href":"https:\/\/monatglobal.com\/ca\/wp-json\/wp\/v2\/categories?post=63464"},{"taxonomy":"post_tag","embeddable":true,"href":"https:\/\/monatglobal.com\/ca\/wp-json\/wp\/v2\/tags?post=63464"}],"curies":[{"name":"wp","href":"https:\/\/api.w.org\/{rel}","templated":true}]}}