{"id":63229,"date":"2021-08-26T15:51:53","date_gmt":"2021-08-26T19:51:53","guid":{"rendered":"https:\/\/monatglobal.com\/ca\/?page_id=63229"},"modified":"2026-03-09T12:47:43","modified_gmt":"2026-03-09T16:47:43","slug":"flex-control-hairspray","status":"publish","type":"page","link":"https:\/\/monatglobal.com\/ca\/flex-control-hairspray\/?lang=fr","title":{"rendered":"Laque \u00e0 tenue flexible | MONAT STUDIO ONE\u2122| Produits coiffants"},"content":{"rendered":"\n\n\t<link rel=\"stylesheet\" href=\"https:\/\/unpkg.com\/swiper\/swiper-bundle.min.css\" \/>\n<link rel=\"stylesheet\" href=\"https:\/\/monatglobal.com\/public_html\/wp-content\/creative_css\/product_styles_sheet.css\" \/>  \n   <!--==================================================== ECOMM SECTION ====================================================-->\n   <p>MEILLEUR VENDEUR<\/p>\n      <!--==================================================== Ecomm image ====================================================-->\n      <img decoding=\"async\" src=\"https:\/\/monatglobal.com\/wp-content\/uploads\/2021\/08\/STUDIO-ONE-FLEX-CONTROL-HAIRSPRAY-_ecomm.png\" alt=\"Flex Control Hairspray\" loading=\"lazy\"\/>\n      <!--==================================================== Ecomm information  ====================================================-->\n         NEW\n         \n         <p>MEILLEUR VENDEUR<\/p>\n         <h1>Laque \u00e0<br \/>tenue flexible\u2122<\/h1>\n         <p> MONAT STUDIO ONE\u2122<\/p>\n         <p>Un fixatif offrant une tenue l\u00e9g\u00e8re \u00e0 moyenne pour un fini&nbsp;impeccable.<\/p>\n         <p>227 g\/8 oz \u212e 236 ml\/8 oz liq.<\/p>\n        <!--==================================================== pricing box ====================================================-->    \n   <p>Prix de d\u00e9tail<br \/>$00.00 $ CA<\/p>\n   <p>Prix de client VIP<br \/>$00.00 $ CA<\/p> \n       <!--==================================================== pricing box ====================================================-->    \n         <p>Pour en savoir plus sur la Laque \u00e0 tenue flexible\u2122 MONAT STUDIO ONE\u2122, veuillez contacter votre partenaire de march\u00e9&nbsp;MONAT.<\/p>\n         <a href=\"\" target=\"_blank\" role=\"button\" aria-label=\"\" rel=\"noopener\"><\/a>\n   <!--==================================================== \/ECOMM SECTION  ====================================================-->\n   <!--==================================================== Benefits image ====================================================-->\n   \n      <source media=\"(max-width: 700px)\" srcset=\"https:\/\/monatglobal.com\/wp-content\/uploads\/2021\/08\/Flex-control-hairspray-benefits-mobile.jpg\" loading=\"lazy\"\/>\n      <img decoding=\"async\" src=\"https:\/\/monatglobal.com\/wp-content\/uploads\/2021\/08\/Flex-control-hairspray-ECOM_benefits.jpg\" loading=\"lazy\"\/>\n   \n   <!--==================================================== Benefits text ====================================================-->\n         <h2>BIENFAITS<\/h2>\n         <h3>Pour des cheveux doux au toucher et faciles \u00e0&nbsp;brosser.<\/h3>\n         <p>Enrichi de REJUVENIQE<sup>\u00ae<\/sup> pour aider \u00e0 nourrir les cheveux tout en offrant de la tenue. Utilise un syst\u00e8me propulseur \u00e9cologique pour aider \u00e0 avoir un impact ultra-faible sur le r\u00e9chauffement&nbsp;climatique<\/p>\n         <!--==================================================== features image  ====================================================-->\n         <img decoding=\"async\" src=\"https:\/\/monatglobal.com\/wp-content\/uploads\/2021\/08\/Flex-control-hairspray-Features.jpg\" loading=\"lazy\"\/>\n      <!--==================================================== features text ====================================================-->\n            <h3>Caract\u00e9ristiques<\/h3>\n               <p>\/ Polyvalent, l\u00e9ger et&nbsp;superposable<\/p>\n               <p>\/ Offre une m\u00e9moire de forme et r\u00e9siste aux conditions d&#8217;humidit\u00e9&nbsp;\u00e9lev\u00e9e* <\/p>\n               <p>\/ Offre une tenue flexible, m\u00eame lors du&nbsp;brossage <\/p>\n               <p>\/ Un spray de finition offrant une fixation l\u00e9g\u00e8re \u00e0 moyenne, laissant les cheveux doux au&nbsp;toucher<\/p>\n               <p>\/ Une atomisation tr\u00e8s fine, \u00e0 s\u00e9chage&nbsp;rapide<\/p>\n               <p>*Bas\u00e9 sur le test&nbsp;instrumental<\/p>\n               <br \/>\n            <p>Parfum \/ Un parfum floral rafra\u00eechissant, rehauss\u00e9 de notes d&#8217;agrumes et d&#8217;herbes dont le jasmin, le citron Meyer, le n\u00e9roli et le th\u00e9&nbsp;vert.<\/p>\n            <p> Texture \/ Brume \u00e0&nbsp;vaporiser<\/p>\n   <!--==================================================== composition image mobile ====================================================-->\n   <img decoding=\"async\" src=\"https:\/\/monatglobal.com\/wp-content\/uploads\/2021\/08\/Flex-control-hairspray-comp-1-2.jpg\" loading=\"lazy\"\/>\n   <!--==================================================== Why it works text ====================================================-->\n      <h2>Un fixatif flexible offrant une tenue l\u00e9g\u00e8re \u00e0 moyenne, cr\u00e9ant un fini&nbsp;impeccable.<\/h2>\n      <h3>Ce l\u00e9ger spray de finition multifonction et superposable offre une tenue flexible, sans laisser de r\u00e9sidus ni&nbsp;d&#8217;accumulations.<\/h3>\n      <p>Enrichi de REJUVENIQE<sup>\u00ae<\/sup> pour aider \u00e0 nourrir les cheveux pour leur donner une allure et un aspect plus&nbsp;sains.<\/p> \n<!--==================================================== Composition section ====================================================-->\n      <img decoding=\"async\" src=\"https:\/\/monatglobal.com\/wp-content\/uploads\/2021\/08\/Flex-control-hairspray-comp-1-2.jpg\" loading=\"lazy\"\/>\n      <img decoding=\"async\" src=\"https:\/\/monatglobal.com\/wp-content\/uploads\/2021\/08\/Flex-control-hairspray-comp-3.jpg\" loading=\"lazy\"\/>\n            <!--==================================================== Directions text ====================================================--> \n               <h3>Mode d&#8217;emploi<\/h3>\n               <p>\/ Tenir \u00e0 une distance de 20 \u00e0 30 cm (8 \u00e0 12 po) des cheveux et vaporiser au&nbsp;besoin.<\/p>\n               <p>\/ Conseil coiffure : Vaporisez sur cheveux secs en faisant des mouvements fluides pour offrir une tenue superposable aux cheveux raides, ondul\u00e9s ou&nbsp;boucl\u00e9s.<\/p>\n            <!--==================================================== Directions video ====================================================-->\n      <p>MONAT STUDIO ONE\u2122 <br \/>Flex Control Hairspray<br \/><\/p>\n  <a href=\"\" target=\"_blank\" role=\"button\" aria-label=\"\" rel=\"noopener\"><\/a>\n   <!--==================================================== Ingredients section  ====================================================-->\n      <h2>INGR\u00c9DIENTS CL\u00c9S<\/h2>\n               <p>REJUVENIQE<sup>\u00ae<\/sup><\/p>\n               <p>Capixyl<sup>\u00ae<\/sup><\/p>\n               <p>Extrait de pois<\/p>\n               <p>Protecteur UV<\/p>\n        <button id=\"myBtn\" type=\"button\">LISTE D&#8217;INGR\u00c9DIENTS<\/button>\n      <!--==================================================== Modal content  ====================================================-->\n         &times;\n         <p>Tetrafluoropropene, Alcohol Denat., Heptyl Undecylenate, Diheptyl Succinate, Capryloyl Glycerin\/Sebacic Acid Copolymer, Picea Mariana Bark Extract, Pisum Sativum (Pea) Extract, Vitis Vinifera (Grape) Seed Oil, Prunus Amygdalus Dulcis (Sweet Almond) Oil, Argania Spinosa Kernel Oil, Limnanthes Alba (Meadowfoam) Seed Oil, Crambe Abyssinica Seed Oil, Camellia Oleifera Seed Oil, Solanum Lycopersicum (Tomato) Seed Oil, Daucus Carota Sativa (Carrot) Seed Oil, Citrus Limon (Lemon) Peel Oil, Citrus Aurantifolia (Lime) Oil, Citrus Aurantium Bergamia (Bergamot) Fruit Oil, Adansonia Digitata Oil, Mauritia Flexuosa Fruit Oil, Cocos Nucifera (Coconut) Oil, Gardenia Taitensis Flower Extract, Moringa Oleifera Seed Oil, Caryocar Brasiliense Fruit Oil, Helianthus Annuus (Sunflower) Seed Oil, Olea Europaea (Olive) Fruit Oil, Simmondsia Chinensis (Jojoba) Seed Extract, Glycerin, Aqua\/Water\/Eau, Fragrance\/Parfum, Benzyl Benzoate, Cinnamyl Alcohol, Citronellol, Limonene, Geraniol, Hexyl Cinnamal, Hydroxycitronellal, Linalool.<\/p>\n   <!--==================================================== You might also like section ====================================================-->\n      <h2>VOUS POURRIEZ AUSSI&nbsp;AIMER<\/h2>\n      <!--==================================================== Slider YOU MIGHT ALSO LIKE ====================================================-->\n      <!---->\n      <!--   -->\n            <!--==================================================== Slides products ====================================================-->\n      <!--      -->\n      <!--         <a href=\"\/ca\/flexible-hold-gel\/?lang=fr\" aria-label=\"Go toGEL \u00c0 TENUE FLEXIBLE MONAT STUDIO ONE\u2122 page\">-->\n      <!--            <img decoding=\"async\" src=\"https:\/\/monatglobal.com\/wp-content\/uploads\/2022\/12\/Flexible-hold-gel-e_comm-min.png\" alt=\"GEL \u00c0 TENUE FLEXIBLE MONAT STUDIO ONE\u2122\" loading=\"lazy\"\/>-->\n      <!--            <p>GEL \u00c0 TENUE FLEXIBLE<br \/>MONAT STUDIO ONE\u2122<\/p>-->\n      <!--         <\/a>-->\n      <!--      -->\n            <!---->\n            <!--   <a href=\"\/ca\/bb-creme\/?lang=fr#sand\" aria-label=\"Go to MONAT BB Cream SPF 40\u2122 page\">-->\n            <!--      <img decoding=\"async\" src=\"https:\/\/monatglobal.com\/wp-content\/uploads\/2022\/08\/bb-cream-sand-ecomm.png\" alt=\"MONAT BB Cream SPF 40\u2122\"\/>-->\n            <!--      <p>MONAT BB Cream<br \/>SPF 40\u2122<\/p>-->\n            <!--   <\/a>-->\n            <!---->\n      <!--      -->\n      <!--         <a href=\"\/ca\/blow-out-cream\/?lang=fr\" aria-label=\"Go to MONAT STUDIO ONE\u2122 BLOW OUT CREAM page\">-->\n      <!--            <img decoding=\"async\" src=\"https:\/\/monatglobal.com\/wp-content\/uploads\/2022\/12\/blow-out-cream-e-comm-min.png\" alt=\"MONAT STUDIO ONE\u2122 BLOW OUT CREAM\" loading=\"lazy\"\/>-->\n      <!--            <p>Cr\u00e8me pour brushing<br \/>MONAT STUDIO ONE\u2122<\/p>-->\n      <!--         <\/a>-->\n      <!--      -->\n      <!--   -->\n         <!--==================================================== If we need navigation buttons  ====================================================-->\n      <!--   -->\n      <!--   -->\n         <!--==================================================== If we need paginations  ====================================================-->\n      <!--   -->\n      <!---->\n             <!-- If we need navigation buttons -->\n             <!-- If we need paginations -->\n    <a href=\"\" aria-label=\"\"><\/a>\n<!--==================================================== this link has to go last for it to work   ====================================================-->\n\n","protected":false},"excerpt":{"rendered":"<p>MEILLEUR VENDEUR NEW MEILLEUR VENDEUR Laque \u00e0tenue flexible\u2122 MONAT STUDIO ONE\u2122 Un fixatif offrant une tenue l\u00e9g\u00e8re \u00e0 moyenne pour un fini&nbsp;impeccable. 227 g\/8 oz \u212e 236 ml\/8 oz liq. Prix de d\u00e9tail$00.00 $ CA Prix de client VIP$00.00 $ CA Pour en savoir plus sur la Laque \u00e0 tenue flexible\u2122 MONAT STUDIO ONE\u2122, veuillez&hellip;<\/p>\n","protected":false},"author":31,"featured_media":110340,"parent":0,"menu_order":0,"comment_status":"closed","ping_status":"closed","template":"","meta":{"inline_featured_image":false,"om_disable_all_campaigns":false,"_monsterinsights_skip_tracking":false,"_monsterinsights_sitenote_active":false,"_monsterinsights_sitenote_note":"","_monsterinsights_sitenote_category":0,"footnotes":""},"categories":[3629],"tags":[],"class_list":["post-63229","page","type-page","status-publish","has-post-thumbnail","hentry","category-product-fra"],"aioseo_notices":[],"aioseo_head":"\n\t\t<!-- All in One SEO Pro 4.9.6 - aioseo.com -->\n\t<meta name=\"description\" content=\"MEILLEUR VENDEUR NEW MEILLEUR VENDEUR Laque \u00e0tenue flexible\u2122 MONAT STUDIO ONE\u2122 Un fixatif offrant une tenue l\u00e9g\u00e8re \u00e0 moyenne pour un fini impeccable. 227 g\/8 oz \u212e 236 ml\/8 oz liq. Prix de d\u00e9tail$00.00 $ CA Prix de client VIP$00.00 $ CA Pour en savoir plus sur la Laque \u00e0 tenue flexible\u2122 MONAT STUDIO ONE\u2122, veuillez\" \/>\n\t<meta name=\"robots\" content=\"max-image-preview:large\" \/>\n\t<link rel=\"canonical\" href=\"https:\/\/monatglobal.com\/ca\/flex-control-hairspray\/?lang=fr\" \/>\n\t<meta name=\"generator\" content=\"All in One SEO Pro (AIOSEO) 4.9.6\" \/>\n\t\t<meta property=\"og:locale\" content=\"en_US\" \/>\n\t\t<meta property=\"og:site_name\" content=\"Monat Canada English - We Are Modern Nature\" \/>\n\t\t<meta property=\"og:type\" content=\"article\" \/>\n\t\t<meta property=\"og:title\" content=\"Laque \u00e0 tenue flexible | MONAT STUDIO ONE\u2122| Produits coiffants - Monat Canada English\" \/>\n\t\t<meta property=\"og:description\" content=\"MEILLEUR VENDEUR NEW MEILLEUR VENDEUR Laque \u00e0tenue flexible\u2122 MONAT STUDIO ONE\u2122 Un fixatif offrant une tenue l\u00e9g\u00e8re \u00e0 moyenne pour un fini impeccable. 227 g\/8 oz \u212e 236 ml\/8 oz liq. Prix de d\u00e9tail$00.00 $ CA Prix de client VIP$00.00 $ CA Pour en savoir plus sur la Laque \u00e0 tenue flexible\u2122 MONAT STUDIO ONE\u2122, veuillez\" \/>\n\t\t<meta property=\"og:url\" content=\"https:\/\/monatglobal.com\/ca\/flex-control-hairspray\/?lang=fr\" \/>\n\t\t<meta property=\"article:published_time\" content=\"2021-08-26T19:51:53+00:00\" \/>\n\t\t<meta property=\"article:modified_time\" content=\"2026-03-09T16:47:43+00:00\" \/>\n\t\t<meta name=\"twitter:card\" content=\"summary_large_image\" \/>\n\t\t<meta name=\"twitter:title\" content=\"Laque \u00e0 tenue flexible | MONAT STUDIO ONE\u2122| Produits coiffants - Monat Canada English\" \/>\n\t\t<meta name=\"twitter:description\" content=\"MEILLEUR VENDEUR NEW MEILLEUR VENDEUR Laque \u00e0tenue flexible\u2122 MONAT STUDIO ONE\u2122 Un fixatif offrant une tenue l\u00e9g\u00e8re \u00e0 moyenne pour un fini impeccable. 227 g\/8 oz \u212e 236 ml\/8 oz liq. Prix de d\u00e9tail$00.00 $ CA Prix de client VIP$00.00 $ CA Pour en savoir plus sur la Laque \u00e0 tenue flexible\u2122 MONAT STUDIO ONE\u2122, veuillez\" \/>\n\t\t<script type=\"application\/ld+json\" class=\"aioseo-schema\">\n\t\t\t{\"@context\":\"https:\\\/\\\/schema.org\",\"@graph\":[{\"@type\":\"BreadcrumbList\",\"@id\":\"https:\\\/\\\/monatglobal.com\\\/ca\\\/flex-control-hairspray\\\/?lang=fr#breadcrumblist\",\"itemListElement\":[{\"@type\":\"ListItem\",\"@id\":\"https:\\\/\\\/monatglobal.com\\\/ca#listItem\",\"position\":1,\"name\":\"Home\",\"item\":\"https:\\\/\\\/monatglobal.com\\\/ca\",\"nextItem\":{\"@type\":\"ListItem\",\"@id\":\"https:\\\/\\\/monatglobal.com\\\/ca\\\/flex-control-hairspray\\\/?lang=fr#listItem\",\"name\":\"Laque \\u00e0 tenue flexible | MONAT STUDIO ONE\\u2122| Produits coiffants\"}},{\"@type\":\"ListItem\",\"@id\":\"https:\\\/\\\/monatglobal.com\\\/ca\\\/flex-control-hairspray\\\/?lang=fr#listItem\",\"position\":2,\"name\":\"Laque \\u00e0 tenue flexible | MONAT STUDIO ONE\\u2122| Produits coiffants\",\"previousItem\":{\"@type\":\"ListItem\",\"@id\":\"https:\\\/\\\/monatglobal.com\\\/ca#listItem\",\"name\":\"Home\"}}]},{\"@type\":\"Organization\",\"@id\":\"https:\\\/\\\/monatglobal.com\\\/ca\\\/#organization\",\"name\":\"Monat Canada English\",\"description\":\"We Are Modern Nature\",\"url\":\"https:\\\/\\\/monatglobal.com\\\/ca\\\/\"},{\"@type\":\"WebPage\",\"@id\":\"https:\\\/\\\/monatglobal.com\\\/ca\\\/flex-control-hairspray\\\/?lang=fr#webpage\",\"url\":\"https:\\\/\\\/monatglobal.com\\\/ca\\\/flex-control-hairspray\\\/?lang=fr\",\"name\":\"Laque \\u00e0 tenue flexible | MONAT STUDIO ONE\\u2122| Produits coiffants - Monat Canada English\",\"description\":\"MEILLEUR VENDEUR NEW MEILLEUR VENDEUR Laque \\u00e0tenue flexible\\u2122 MONAT STUDIO ONE\\u2122 Un fixatif offrant une tenue l\\u00e9g\\u00e8re \\u00e0 moyenne pour un fini impeccable. 227 g\\\/8 oz \\u212e 236 ml\\\/8 oz liq. Prix de d\\u00e9tail$00.00 $ CA Prix de client VIP$00.00 $ CA Pour en savoir plus sur la Laque \\u00e0 tenue flexible\\u2122 MONAT STUDIO ONE\\u2122, veuillez\",\"inLanguage\":\"en-US\",\"isPartOf\":{\"@id\":\"https:\\\/\\\/monatglobal.com\\\/ca\\\/#website\"},\"breadcrumb\":{\"@id\":\"https:\\\/\\\/monatglobal.com\\\/ca\\\/flex-control-hairspray\\\/?lang=fr#breadcrumblist\"},\"image\":{\"@type\":\"ImageObject\",\"url\":\"https:\\\/\\\/monatglobal.com\\\/ca\\\/wp-content\\\/uploads\\\/sites\\\/5\\\/2026\\\/03\\\/Flex-control-hairspray-e_comm-min.png\",\"@id\":\"https:\\\/\\\/monatglobal.com\\\/ca\\\/flex-control-hairspray\\\/?lang=fr\\\/#mainImage\",\"width\":641,\"height\":800},\"primaryImageOfPage\":{\"@id\":\"https:\\\/\\\/monatglobal.com\\\/ca\\\/flex-control-hairspray\\\/?lang=fr#mainImage\"},\"datePublished\":\"2021-08-26T15:51:53-04:00\",\"dateModified\":\"2026-03-09T12:47:43-04:00\"},{\"@type\":\"WebSite\",\"@id\":\"https:\\\/\\\/monatglobal.com\\\/ca\\\/#website\",\"url\":\"https:\\\/\\\/monatglobal.com\\\/ca\\\/\",\"name\":\"Monat Canada English\",\"description\":\"We Are Modern Nature\",\"inLanguage\":\"en-US\",\"publisher\":{\"@id\":\"https:\\\/\\\/monatglobal.com\\\/ca\\\/#organization\"}}]}\n\t\t<\/script>\n\t\t<!-- All in One SEO Pro -->\r\n\t\t<title>Laque \u00e0 tenue flexible | MONAT STUDIO ONE\u2122| Produits coiffants - Monat Canada English<\/title>\n\n","aioseo_head_json":{"title":"Laque \u00e0 tenue flexible | MONAT STUDIO ONE\u2122| Produits coiffants - Monat Canada English","description":"MEILLEUR VENDEUR NEW MEILLEUR VENDEUR Laque \u00e0tenue flexible\u2122 MONAT STUDIO ONE\u2122 Un fixatif offrant une tenue l\u00e9g\u00e8re \u00e0 moyenne pour un fini impeccable. 227 g\/8 oz \u212e 236 ml\/8 oz liq. Prix de d\u00e9tail$00.00 $ CA Prix de client VIP$00.00 $ CA Pour en savoir plus sur la Laque \u00e0 tenue flexible\u2122 MONAT STUDIO ONE\u2122, veuillez","canonical_url":"https:\/\/monatglobal.com\/ca\/flex-control-hairspray\/?lang=fr","robots":"max-image-preview:large","keywords":"","webmasterTools":{"miscellaneous":""},"schema":{"@context":"https:\/\/schema.org","@graph":[{"@type":"BreadcrumbList","@id":"https:\/\/monatglobal.com\/ca\/flex-control-hairspray\/?lang=fr#breadcrumblist","itemListElement":[{"@type":"ListItem","@id":"https:\/\/monatglobal.com\/ca#listItem","position":1,"name":"Home","item":"https:\/\/monatglobal.com\/ca","nextItem":{"@type":"ListItem","@id":"https:\/\/monatglobal.com\/ca\/flex-control-hairspray\/?lang=fr#listItem","name":"Laque \u00e0 tenue flexible | MONAT STUDIO ONE\u2122| Produits coiffants"}},{"@type":"ListItem","@id":"https:\/\/monatglobal.com\/ca\/flex-control-hairspray\/?lang=fr#listItem","position":2,"name":"Laque \u00e0 tenue flexible | MONAT STUDIO ONE\u2122| Produits coiffants","previousItem":{"@type":"ListItem","@id":"https:\/\/monatglobal.com\/ca#listItem","name":"Home"}}]},{"@type":"Organization","@id":"https:\/\/monatglobal.com\/ca\/#organization","name":"Monat Canada English","description":"We Are Modern Nature","url":"https:\/\/monatglobal.com\/ca\/"},{"@type":"WebPage","@id":"https:\/\/monatglobal.com\/ca\/flex-control-hairspray\/?lang=fr#webpage","url":"https:\/\/monatglobal.com\/ca\/flex-control-hairspray\/?lang=fr","name":"Laque \u00e0 tenue flexible | MONAT STUDIO ONE\u2122| Produits coiffants - Monat Canada English","description":"MEILLEUR VENDEUR NEW MEILLEUR VENDEUR Laque \u00e0tenue flexible\u2122 MONAT STUDIO ONE\u2122 Un fixatif offrant une tenue l\u00e9g\u00e8re \u00e0 moyenne pour un fini impeccable. 227 g\/8 oz \u212e 236 ml\/8 oz liq. Prix de d\u00e9tail$00.00 $ CA Prix de client VIP$00.00 $ CA Pour en savoir plus sur la Laque \u00e0 tenue flexible\u2122 MONAT STUDIO ONE\u2122, veuillez","inLanguage":"en-US","isPartOf":{"@id":"https:\/\/monatglobal.com\/ca\/#website"},"breadcrumb":{"@id":"https:\/\/monatglobal.com\/ca\/flex-control-hairspray\/?lang=fr#breadcrumblist"},"image":{"@type":"ImageObject","url":"https:\/\/monatglobal.com\/ca\/wp-content\/uploads\/sites\/5\/2026\/03\/Flex-control-hairspray-e_comm-min.png","@id":"https:\/\/monatglobal.com\/ca\/flex-control-hairspray\/?lang=fr\/#mainImage","width":641,"height":800},"primaryImageOfPage":{"@id":"https:\/\/monatglobal.com\/ca\/flex-control-hairspray\/?lang=fr#mainImage"},"datePublished":"2021-08-26T15:51:53-04:00","dateModified":"2026-03-09T12:47:43-04:00"},{"@type":"WebSite","@id":"https:\/\/monatglobal.com\/ca\/#website","url":"https:\/\/monatglobal.com\/ca\/","name":"Monat Canada English","description":"We Are Modern Nature","inLanguage":"en-US","publisher":{"@id":"https:\/\/monatglobal.com\/ca\/#organization"}}]},"og:locale":"en_US","og:site_name":"Monat Canada English - We Are Modern Nature","og:type":"article","og:title":"Laque \u00e0 tenue flexible | MONAT STUDIO ONE\u2122| Produits coiffants - Monat Canada English","og:description":"MEILLEUR VENDEUR NEW MEILLEUR VENDEUR Laque \u00e0tenue flexible\u2122 MONAT STUDIO ONE\u2122 Un fixatif offrant une tenue l\u00e9g\u00e8re \u00e0 moyenne pour un fini impeccable. 227 g\/8 oz \u212e 236 ml\/8 oz liq. Prix de d\u00e9tail$00.00 $ CA Prix de client VIP$00.00 $ CA Pour en savoir plus sur la Laque \u00e0 tenue flexible\u2122 MONAT STUDIO ONE\u2122, veuillez","og:url":"https:\/\/monatglobal.com\/ca\/flex-control-hairspray\/?lang=fr","article:published_time":"2021-08-26T19:51:53+00:00","article:modified_time":"2026-03-09T16:47:43+00:00","twitter:card":"summary_large_image","twitter:title":"Laque \u00e0 tenue flexible | MONAT STUDIO ONE\u2122| Produits coiffants - Monat Canada English","twitter:description":"MEILLEUR VENDEUR NEW MEILLEUR VENDEUR Laque \u00e0tenue flexible\u2122 MONAT STUDIO ONE\u2122 Un fixatif offrant une tenue l\u00e9g\u00e8re \u00e0 moyenne pour un fini impeccable. 227 g\/8 oz \u212e 236 ml\/8 oz liq. Prix de d\u00e9tail$00.00 $ CA Prix de client VIP$00.00 $ CA Pour en savoir plus sur la Laque \u00e0 tenue flexible\u2122 MONAT STUDIO ONE\u2122, veuillez"},"aioseo_meta_data":{"post_id":"63229","title":null,"description":null,"keywords":null,"keyphrases":{"focus":{"keyphrase":"","score":0,"analysis":{"keyphraseInTitle":{"score":0,"maxScore":9,"error":1}}},"additional":[]},"primary_term":null,"canonical_url":null,"og_title":null,"og_description":null,"og_object_type":"default","og_image_type":"default","og_image_url":null,"og_image_width":null,"og_image_height":null,"og_image_custom_url":null,"og_image_custom_fields":null,"og_video":"","og_custom_url":null,"og_article_section":null,"og_article_tags":null,"twitter_use_og":false,"twitter_card":"default","twitter_image_type":"default","twitter_image_url":null,"twitter_image_custom_url":null,"twitter_image_custom_fields":null,"twitter_title":null,"twitter_description":null,"schema":{"blockGraphs":[],"customGraphs":[],"default":{"data":{"Article":[],"Course":[],"Dataset":[],"FAQPage":[],"Movie":[],"Person":[],"Product":[],"ProductReview":[],"Car":[],"Recipe":[],"Service":[],"SoftwareApplication":[],"WebPage":[]},"graphName":"WebPage","isEnabled":true},"graphs":[]},"schema_type":"default","schema_type_options":null,"pillar_content":false,"robots_default":true,"robots_noindex":false,"robots_noarchive":false,"robots_nosnippet":false,"robots_nofollow":false,"robots_noimageindex":false,"robots_noodp":false,"robots_notranslate":false,"robots_max_snippet":"-1","robots_max_videopreview":"-1","robots_max_imagepreview":"large","priority":null,"frequency":"default","local_seo":null,"seo_analyzer_scan_date":"2026-03-09 17:20:22","limit_modified_date":false,"reviewed_by":"0","open_ai":null,"ai":{"faqs":[],"keyPoints":[],"titles":[],"descriptions":[],"socialPosts":{"email":[],"linkedin":[],"twitter":[],"facebook":[],"instagram":[]}},"created":"2023-07-26 12:58:09","updated":"2026-03-09 17:22:12"},"aioseo_breadcrumb":"<div class=\"aioseo-breadcrumbs\"><span class=\"aioseo-breadcrumb\">\n\t<a href=\"https:\/\/monatglobal.com\/ca\" title=\"Home\">Home<\/a>\n<\/span><span class=\"aioseo-breadcrumb-separator\">&raquo;<\/span><span class=\"aioseo-breadcrumb\">\n\tLaque \u00e0 tenue flexible | MONAT STUDIO ONE\u2122| Produits coiffants\n<\/span><\/div>","aioseo_breadcrumb_json":[{"label":"Home","link":"https:\/\/monatglobal.com\/ca"},{"label":"Laque \u00e0 tenue flexible | MONAT STUDIO ONE\u2122| Produits coiffants","link":"https:\/\/monatglobal.com\/ca\/flex-control-hairspray\/?lang=fr"}],"_links":{"self":[{"href":"https:\/\/monatglobal.com\/ca\/wp-json\/wp\/v2\/pages\/63229","targetHints":{"allow":["GET"]}}],"collection":[{"href":"https:\/\/monatglobal.com\/ca\/wp-json\/wp\/v2\/pages"}],"about":[{"href":"https:\/\/monatglobal.com\/ca\/wp-json\/wp\/v2\/types\/page"}],"author":[{"embeddable":true,"href":"https:\/\/monatglobal.com\/ca\/wp-json\/wp\/v2\/users\/31"}],"replies":[{"embeddable":true,"href":"https:\/\/monatglobal.com\/ca\/wp-json\/wp\/v2\/comments?post=63229"}],"version-history":[{"count":48,"href":"https:\/\/monatglobal.com\/ca\/wp-json\/wp\/v2\/pages\/63229\/revisions"}],"predecessor-version":[{"id":110114,"href":"https:\/\/monatglobal.com\/ca\/wp-json\/wp\/v2\/pages\/63229\/revisions\/110114"}],"wp:featuredmedia":[{"embeddable":true,"href":"https:\/\/monatglobal.com\/ca\/wp-json\/wp\/v2\/media\/110340"}],"wp:attachment":[{"href":"https:\/\/monatglobal.com\/ca\/wp-json\/wp\/v2\/media?parent=63229"}],"wp:term":[{"taxonomy":"category","embeddable":true,"href":"https:\/\/monatglobal.com\/ca\/wp-json\/wp\/v2\/categories?post=63229"},{"taxonomy":"post_tag","embeddable":true,"href":"https:\/\/monatglobal.com\/ca\/wp-json\/wp\/v2\/tags?post=63229"}],"curies":[{"name":"wp","href":"https:\/\/api.w.org\/{rel}","templated":true}]}}