{"id":63200,"date":"2021-09-17T08:58:51","date_gmt":"2021-09-17T12:58:51","guid":{"rendered":"https:\/\/monatglobal.com\/ca\/?page_id=63200"},"modified":"2026-03-09T13:42:07","modified_gmt":"2026-03-09T17:42:07","slug":"collagen","status":"publish","type":"page","link":"https:\/\/monatglobal.com\/ca\/collagen\/?lang=fr","title":{"rendered":"MONAT Collagen Key\u2122\ufe0f | Soutient la formation du collag\u00e8ne |Bien-\u00eatre"},"content":{"rendered":"\n\n\t<p>MEILLEUR VENDEUR<\/p>\n\t\t\t\t<img loading=\"lazy\" decoding=\"async\" src=\"https:\/\/monatglobal.com\/ca\/wp-content\/uploads\/sites\/5\/2021\/08\/collagen-key-canada-ecomm.png\" alt=\"collagen-key-canada-ecomm\" itemprop=\"image\" height=\"800\" width=\"641\" title=\"collagen-key-canada-ecomm\" onerror=\"this.style.display='none'\"  \/>\n\t<p>MEILLEUR VENDEUR<\/p>\n<h1>\nCollagen \n<br \/>Key\u2122<\/h1>\n\t<h3>Un m\u00e9lange tout-en-un qui soutient la sant\u00e9 des cheveux, de la peau et des ongles.<\/h3>\n\t<p> 5,29 oz (150 g) 30 portions<\/p> \n\t<p> ON SALE Sunday, September 15 11a.m. EDT<\/p> \n   Prix de VIP\n   <p> 72,00 $ CA<\/p>\n      Prix de d\u00e9tail\n      <p> 85,00 $ CA<\/p>\n   Prix de VIP\n   <p> 77,00 $ CA<\/p>\n      Prix de d\u00e9tail\n      <p> 90,00 $ CA<\/p>\n\tPour en savoir plus sur le Collagen Key\u2122, veuillez contacter votre partenaire de march\u00e9 MONAT.\n\t\t\t<a href=\"#\" target=\"_self\" role=\"button\" rel=\"noopener\">\n\t\t\t\t\t\t\tSTOCKS \u00c9PUIS\u00c9\n\t\t\t\t\t<\/a>\n<h1>Prendre une mesure par jour soutient la beaut\u00e9 int\u00e9rieure. <\/h1>\n\t BIENFAITS\n\t<h1>Une formule unique tout-en-un qui aide \u00e0 soutenir la formation naturelle de collag\u00e8ne du corps pour maintenir la sant\u00e9 des os, du cartilage, \ndes dents et\/ou des gencives, en plus de soutenir la sant\u00e9 des cheveux, de la peau et des ongles gr\u00e2ce \u00e0 sa formule enti\u00e8rement&nbsp;v\u00e9g\u00e9talienne. <\/h1>\n\t <h1>Une source d&#8217;antioxydants et de vitamines.<\/h1>\n\t<h1>Il \u00e9limine le processus de d\u00e9composition en fournissant des acides amin\u00e9s d&#8217;origine v\u00e9g\u00e9tale ainsi que des ingr\u00e9dients comme la \nvitamine C qui aide \u00e0 la formation du collag\u00e8ne et soutient le maintien de la sant\u00e9 des os, du cartilage, des dents et\/ou des&nbsp;gencives.<\/h1>\n\t<h1>Caract\u00e9ristiques<\/h1>\n\t<p>\/ La vitamine C aide \u00e0 prot\u00e9ger les cellules contre et r\u00e9duire le dommage oxydatif caus\u00e9 par les radicaux libres<\/p>\n<p>\/ La biotine et le zinc soutiennent la sant\u00e9 des cheveux, de la peau et des ongles<\/p>\n<p>\/ Contient de la glycine, un acide amin\u00e9 non essentiel qui participe \u00e0 la synth\u00e8se des prot\u00e9ines musculaires<\/p>\n<p>\/ De puissants antioxydants dont le r\u00e9servatrol<\/p>\n<p>\/ Une formule v\u00e9g\u00e9talienne et sans sucre, \u00e0 l&#8217;ar\u00f4me naturel de p\u00eache et de baies<\/p>\n\t\t\t\t<img loading=\"lazy\" decoding=\"async\" src=\"https:\/\/monatglobal.com\/ca\/wp-content\/uploads\/sites\/5\/2021\/09\/collagen-key-canada.png\" alt=\"collagen key canada\" itemprop=\"image\" height=\"635\" width=\"494\" title=\"collagen key canada\" onerror=\"this.style.display='none'\"  \/>\n\t<h1>Mode d&#8217;emploi<\/h1>\n\t<p>\/ Une fois par jour, ajouter une mesure dans 235 \u00e0 355 ml d&#8217;eau et m\u00e9langer. <\/p>\n<p>\/ S&#8217;assurer de boire suffisamment de liquide avant, pendant et apr\u00e8s l&#8217;effort physique.<\/p>\n<p>\/ Prendre avec nourriture, quelques heures avant ou apr\u00e8s avoir pris d&#8217;autres m\u00e9dicaments ou produits de sant\u00e9 naturels. <\/p>\n<p>\/ Conserver \u00e0 temp\u00e9rature ambiante.<\/p>\n\t\t\t<a href=\"https:\/\/www.youtube.com\/watch?v=WYCEqQ0n3aE\" role=\"button\">\n\t\t\t\t\t\t\t<\/a>\n\tCollagen Key\u2122<br \/>\n0:34\n\t\t\t<a href=\"#\" target=\"_self\" role=\"button\" rel=\"noopener\">\n\t\t\t\t\t\t\tSTOCKS \u00c9PUIS\u00c9\n\t\t\t\t\t<\/a>\n\t INGR\u00c9DIENTS CL\u00c9S\n<!-- Generator: Adobe Illustrator 24.0.1, SVG Export Plug-In . SVG Version: 6.00 Build 0)  -->\n<p>Vitamine C<\/p>\n\n<!-- Generator: Adobe Illustrator 24.0.1, SVG Export Plug-In . SVG Version: 6.00 Build 0)  -->\n<p>Biotine<\/p>\n\n<!-- Generator: Adobe Illustrator 24.0.1, SVG Export Plug-In . SVG Version: 6.00 Build 0)  -->\n<p>Zinc<\/p>\n\n<!-- Generator: Adobe Illustrator 24.0.1, SVG Export Plug-In . SVG Version: 6.00 Build 0)  -->\n<p>R\u00e9servatrol<\/p>\n\n<!-- Generator: Adobe Illustrator 24.0.1, SVG Export Plug-In . SVG Version: 6.00 Build 0)  -->\n<p>Glycine<\/p>\n\n<!-- Generator: Adobe Illustrator 24.0.1, SVG Export Plug-In . SVG Version: 6.00 Build 0)  -->\n<p>M\u00e9lange de vitamine B<\/p>\n\n\t\t\t<a href=\"#\" role=\"button\">\n\t\t\t\t\t\t\tLISTE D&#8217;INGR\u00c9DIENTS\n\t\t\t\t\t<\/a>\n         Ingr\u00e9dients m\u00e9dicinaux \n      <hr \/>\n         <p>Chaque mesure contient :<\/p>\n      <hr \/>\n         \n            Glycine <br \/>\n            L-proline <br \/>\n            L-m\u00e9thionine<br \/>\n            Vitamine C (acide ascorbique)<br \/>\n            Vitamine B1 (hydrochlorure de thiamine)<br \/>\n            Vitamine B2 (riboflavine)<br \/>\n            Niacine (niacinamide) <br \/>\n            Vitamine B6 (hydrochlorure de pyridoxine)<br \/>\n            Folate (L-5-m\u00e9thyltetrahydrofolate)\t<br \/>\n            Vitamine B12 (m\u00e9thylcobalamin) <br \/>\n            Biotine<br \/>\n            Acide pantoth\u00e9nique (d-pantoth\u00e9nate de calcium)<br \/>\n            R\u00e9sveratrol (Reynoutria japonica, racine)<br \/>\n            Zinc (citrate de zinc)\n         \n         \n            999 mg<br \/>\n            0.5 mg<br \/>\n            0.5 mg<br \/>\n            180 mg<br \/>\n            1.2 mg<br \/>\n            1.3 mg<br \/>\n            16 mg<br \/>\n            1.7 mg<br \/>\n            400 mcg<br \/>\n            2.4 mcg<br \/>\n            5 mg<br \/>\n            5 mg<br \/>\n            100 mg<br \/>\n            1.5 mg\n         \n      <hr \/>\n        Ingr\u00e9dients non m\u00e9dicinaux : acide citrique, r\u00e9baudioside A, ar\u00f4me naturel, poudre de racine de betterave, \n        maltodextrine biologique\n\tConsulter un professionnel de la sant\u00e9 avant l&#8217;utilisation si vous \u00eates enceinte, vous allaitez ou vous prenez des \nm\u00e9dicaments sur ordonnance, car le r\u00e9servatrol pourrait alt\u00e9rer l&#8217;efficacit\u00e9 de ces m\u00e9dicaments.  Garder hors de port\u00e9e des enfants. \n\t<a href=\"https:\/\/monatglobal.com\/ca\/products\/?lang=fr&#038;line=produits-de-bien-etre\"><h1>Tous les produits de bien-\u00eatre<\/h1><\/a>\n\n","protected":false},"excerpt":{"rendered":"<p>MEILLEUR VENDEUR MEILLEUR VENDEUR Collagen Key\u2122 Un m\u00e9lange tout-en-un qui soutient la sant\u00e9 des cheveux, de la peau et des ongles. 5,29 oz (150 g) 30 portions ON SALE Sunday, September 15 11a.m. EDT Prix de VIP 72,00 $ CA Prix de d\u00e9tail 85,00 $ CA Prix de VIP 77,00 $ CA Prix de d\u00e9tail&hellip;<\/p>\n","protected":false},"author":31,"featured_media":110367,"parent":0,"menu_order":0,"comment_status":"closed","ping_status":"closed","template":"","meta":{"inline_featured_image":false,"om_disable_all_campaigns":false,"_monsterinsights_skip_tracking":false,"_monsterinsights_sitenote_active":false,"_monsterinsights_sitenote_note":"","_monsterinsights_sitenote_category":0,"footnotes":""},"categories":[3629],"tags":[],"class_list":["post-63200","page","type-page","status-publish","has-post-thumbnail","hentry","category-product-fra"],"aioseo_notices":[],"aioseo_head":"\n\t\t<!-- All in One SEO Pro 4.9.5.2 - aioseo.com -->\n\t<meta name=\"description\" content=\"MEILLEUR VENDEUR MEILLEUR VENDEUR Collagen Key\u2122 Un m\u00e9lange tout-en-un qui soutient la sant\u00e9 des cheveux, de la peau et des ongles. 5,29 oz (150 g) 30 portions ON SALE Sunday, September 15 11a.m. EDT Prix de VIP 72,00 $ CA Prix de d\u00e9tail 85,00 $ CA Prix de VIP 77,00 $ CA Prix de d\u00e9tail\" \/>\n\t<meta name=\"robots\" content=\"max-image-preview:large\" \/>\n\t<link rel=\"canonical\" href=\"https:\/\/monatglobal.com\/ca\/collagen\/?lang=fr\" \/>\n\t<meta name=\"generator\" content=\"All in One SEO Pro (AIOSEO) 4.9.5.2\" \/>\n\t\t<meta property=\"og:locale\" content=\"en_US\" \/>\n\t\t<meta property=\"og:site_name\" content=\"Monat Canada English - We Are Modern Nature\" \/>\n\t\t<meta property=\"og:type\" content=\"article\" \/>\n\t\t<meta property=\"og:title\" content=\"MONAT Collagen Key\u2122\ufe0f | Soutient la formation du collag\u00e8ne |Bien-\u00eatre - Monat Canada English\" \/>\n\t\t<meta property=\"og:description\" content=\"MEILLEUR VENDEUR MEILLEUR VENDEUR Collagen Key\u2122 Un m\u00e9lange tout-en-un qui soutient la sant\u00e9 des cheveux, de la peau et des ongles. 5,29 oz (150 g) 30 portions ON SALE Sunday, September 15 11a.m. EDT Prix de VIP 72,00 $ CA Prix de d\u00e9tail 85,00 $ CA Prix de VIP 77,00 $ CA Prix de d\u00e9tail\" \/>\n\t\t<meta property=\"og:url\" content=\"https:\/\/monatglobal.com\/ca\/collagen\/?lang=fr\" \/>\n\t\t<meta property=\"article:published_time\" content=\"2021-09-17T12:58:51+00:00\" \/>\n\t\t<meta property=\"article:modified_time\" content=\"2026-03-09T17:42:07+00:00\" \/>\n\t\t<meta name=\"twitter:card\" content=\"summary_large_image\" \/>\n\t\t<meta name=\"twitter:title\" content=\"MONAT Collagen Key\u2122\ufe0f | Soutient la formation du collag\u00e8ne |Bien-\u00eatre - Monat Canada English\" \/>\n\t\t<meta name=\"twitter:description\" content=\"MEILLEUR VENDEUR MEILLEUR VENDEUR Collagen Key\u2122 Un m\u00e9lange tout-en-un qui soutient la sant\u00e9 des cheveux, de la peau et des ongles. 5,29 oz (150 g) 30 portions ON SALE Sunday, September 15 11a.m. EDT Prix de VIP 72,00 $ CA Prix de d\u00e9tail 85,00 $ CA Prix de VIP 77,00 $ CA Prix de d\u00e9tail\" \/>\n\t\t<script type=\"application\/ld+json\" class=\"aioseo-schema\">\n\t\t\t{\"@context\":\"https:\\\/\\\/schema.org\",\"@graph\":[{\"@type\":\"BreadcrumbList\",\"@id\":\"https:\\\/\\\/monatglobal.com\\\/ca\\\/collagen\\\/?lang=fr#breadcrumblist\",\"itemListElement\":[{\"@type\":\"ListItem\",\"@id\":\"https:\\\/\\\/monatglobal.com\\\/ca#listItem\",\"position\":1,\"name\":\"Home\",\"item\":\"https:\\\/\\\/monatglobal.com\\\/ca\",\"nextItem\":{\"@type\":\"ListItem\",\"@id\":\"https:\\\/\\\/monatglobal.com\\\/ca\\\/collagen\\\/?lang=fr#listItem\",\"name\":\"MONAT Collagen Key\\u2122\\ufe0f | Soutient la formation du collag\\u00e8ne |Bien-\\u00eatre\"}},{\"@type\":\"ListItem\",\"@id\":\"https:\\\/\\\/monatglobal.com\\\/ca\\\/collagen\\\/?lang=fr#listItem\",\"position\":2,\"name\":\"MONAT Collagen Key\\u2122\\ufe0f | Soutient la formation du collag\\u00e8ne |Bien-\\u00eatre\",\"previousItem\":{\"@type\":\"ListItem\",\"@id\":\"https:\\\/\\\/monatglobal.com\\\/ca#listItem\",\"name\":\"Home\"}}]},{\"@type\":\"Organization\",\"@id\":\"https:\\\/\\\/monatglobal.com\\\/ca\\\/#organization\",\"name\":\"Monat Canada English\",\"description\":\"We Are Modern Nature\",\"url\":\"https:\\\/\\\/monatglobal.com\\\/ca\\\/\"},{\"@type\":\"WebPage\",\"@id\":\"https:\\\/\\\/monatglobal.com\\\/ca\\\/collagen\\\/?lang=fr#webpage\",\"url\":\"https:\\\/\\\/monatglobal.com\\\/ca\\\/collagen\\\/?lang=fr\",\"name\":\"MONAT Collagen Key\\u2122\\ufe0f | Soutient la formation du collag\\u00e8ne |Bien-\\u00eatre - Monat Canada English\",\"description\":\"MEILLEUR VENDEUR MEILLEUR VENDEUR Collagen Key\\u2122 Un m\\u00e9lange tout-en-un qui soutient la sant\\u00e9 des cheveux, de la peau et des ongles. 5,29 oz (150 g) 30 portions ON SALE Sunday, September 15 11a.m. EDT Prix de VIP 72,00 $ CA Prix de d\\u00e9tail 85,00 $ CA Prix de VIP 77,00 $ CA Prix de d\\u00e9tail\",\"inLanguage\":\"en-US\",\"isPartOf\":{\"@id\":\"https:\\\/\\\/monatglobal.com\\\/ca\\\/#website\"},\"breadcrumb\":{\"@id\":\"https:\\\/\\\/monatglobal.com\\\/ca\\\/collagen\\\/?lang=fr#breadcrumblist\"},\"image\":{\"@type\":\"ImageObject\",\"url\":\"https:\\\/\\\/monatglobal.com\\\/ca\\\/wp-content\\\/uploads\\\/sites\\\/5\\\/2026\\\/03\\\/collagen-key-AU-ecomm.png\",\"@id\":\"https:\\\/\\\/monatglobal.com\\\/ca\\\/collagen\\\/?lang=fr\\\/#mainImage\",\"width\":641,\"height\":800},\"primaryImageOfPage\":{\"@id\":\"https:\\\/\\\/monatglobal.com\\\/ca\\\/collagen\\\/?lang=fr#mainImage\"},\"datePublished\":\"2021-09-17T08:58:51-04:00\",\"dateModified\":\"2026-03-09T13:42:07-04:00\"},{\"@type\":\"WebSite\",\"@id\":\"https:\\\/\\\/monatglobal.com\\\/ca\\\/#website\",\"url\":\"https:\\\/\\\/monatglobal.com\\\/ca\\\/\",\"name\":\"Monat Canada English\",\"description\":\"We Are Modern Nature\",\"inLanguage\":\"en-US\",\"publisher\":{\"@id\":\"https:\\\/\\\/monatglobal.com\\\/ca\\\/#organization\"}}]}\n\t\t<\/script>\n\t\t<!-- All in One SEO Pro -->\r\n\t\t<title>MONAT Collagen Key\u2122\ufe0f | Soutient la formation du collag\u00e8ne |Bien-\u00eatre - Monat Canada English<\/title>\n\n","aioseo_head_json":{"title":"MONAT Collagen Key\u2122\ufe0f | Soutient la formation du collag\u00e8ne |Bien-\u00eatre - Monat Canada English","description":"MEILLEUR VENDEUR MEILLEUR VENDEUR Collagen Key\u2122 Un m\u00e9lange tout-en-un qui soutient la sant\u00e9 des cheveux, de la peau et des ongles. 5,29 oz (150 g) 30 portions ON SALE Sunday, September 15 11a.m. EDT Prix de VIP 72,00 $ CA Prix de d\u00e9tail 85,00 $ CA Prix de VIP 77,00 $ CA Prix de d\u00e9tail","canonical_url":"https:\/\/monatglobal.com\/ca\/collagen\/?lang=fr","robots":"max-image-preview:large","keywords":"","webmasterTools":{"miscellaneous":""},"schema":{"@context":"https:\/\/schema.org","@graph":[{"@type":"BreadcrumbList","@id":"https:\/\/monatglobal.com\/ca\/collagen\/?lang=fr#breadcrumblist","itemListElement":[{"@type":"ListItem","@id":"https:\/\/monatglobal.com\/ca#listItem","position":1,"name":"Home","item":"https:\/\/monatglobal.com\/ca","nextItem":{"@type":"ListItem","@id":"https:\/\/monatglobal.com\/ca\/collagen\/?lang=fr#listItem","name":"MONAT Collagen Key\u2122\ufe0f | Soutient la formation du collag\u00e8ne |Bien-\u00eatre"}},{"@type":"ListItem","@id":"https:\/\/monatglobal.com\/ca\/collagen\/?lang=fr#listItem","position":2,"name":"MONAT Collagen Key\u2122\ufe0f | Soutient la formation du collag\u00e8ne |Bien-\u00eatre","previousItem":{"@type":"ListItem","@id":"https:\/\/monatglobal.com\/ca#listItem","name":"Home"}}]},{"@type":"Organization","@id":"https:\/\/monatglobal.com\/ca\/#organization","name":"Monat Canada English","description":"We Are Modern Nature","url":"https:\/\/monatglobal.com\/ca\/"},{"@type":"WebPage","@id":"https:\/\/monatglobal.com\/ca\/collagen\/?lang=fr#webpage","url":"https:\/\/monatglobal.com\/ca\/collagen\/?lang=fr","name":"MONAT Collagen Key\u2122\ufe0f | Soutient la formation du collag\u00e8ne |Bien-\u00eatre - Monat Canada English","description":"MEILLEUR VENDEUR MEILLEUR VENDEUR Collagen Key\u2122 Un m\u00e9lange tout-en-un qui soutient la sant\u00e9 des cheveux, de la peau et des ongles. 5,29 oz (150 g) 30 portions ON SALE Sunday, September 15 11a.m. EDT Prix de VIP 72,00 $ CA Prix de d\u00e9tail 85,00 $ CA Prix de VIP 77,00 $ CA Prix de d\u00e9tail","inLanguage":"en-US","isPartOf":{"@id":"https:\/\/monatglobal.com\/ca\/#website"},"breadcrumb":{"@id":"https:\/\/monatglobal.com\/ca\/collagen\/?lang=fr#breadcrumblist"},"image":{"@type":"ImageObject","url":"https:\/\/monatglobal.com\/ca\/wp-content\/uploads\/sites\/5\/2026\/03\/collagen-key-AU-ecomm.png","@id":"https:\/\/monatglobal.com\/ca\/collagen\/?lang=fr\/#mainImage","width":641,"height":800},"primaryImageOfPage":{"@id":"https:\/\/monatglobal.com\/ca\/collagen\/?lang=fr#mainImage"},"datePublished":"2021-09-17T08:58:51-04:00","dateModified":"2026-03-09T13:42:07-04:00"},{"@type":"WebSite","@id":"https:\/\/monatglobal.com\/ca\/#website","url":"https:\/\/monatglobal.com\/ca\/","name":"Monat Canada English","description":"We Are Modern Nature","inLanguage":"en-US","publisher":{"@id":"https:\/\/monatglobal.com\/ca\/#organization"}}]},"og:locale":"en_US","og:site_name":"Monat Canada English - We Are Modern Nature","og:type":"article","og:title":"MONAT Collagen Key\u2122\ufe0f | Soutient la formation du collag\u00e8ne |Bien-\u00eatre - Monat Canada English","og:description":"MEILLEUR VENDEUR MEILLEUR VENDEUR Collagen Key\u2122 Un m\u00e9lange tout-en-un qui soutient la sant\u00e9 des cheveux, de la peau et des ongles. 5,29 oz (150 g) 30 portions ON SALE Sunday, September 15 11a.m. EDT Prix de VIP 72,00 $ CA Prix de d\u00e9tail 85,00 $ CA Prix de VIP 77,00 $ CA Prix de d\u00e9tail","og:url":"https:\/\/monatglobal.com\/ca\/collagen\/?lang=fr","article:published_time":"2021-09-17T12:58:51+00:00","article:modified_time":"2026-03-09T17:42:07+00:00","twitter:card":"summary_large_image","twitter:title":"MONAT Collagen Key\u2122\ufe0f | Soutient la formation du collag\u00e8ne |Bien-\u00eatre - Monat Canada English","twitter:description":"MEILLEUR VENDEUR MEILLEUR VENDEUR Collagen Key\u2122 Un m\u00e9lange tout-en-un qui soutient la sant\u00e9 des cheveux, de la peau et des ongles. 5,29 oz (150 g) 30 portions ON SALE Sunday, September 15 11a.m. EDT Prix de VIP 72,00 $ CA Prix de d\u00e9tail 85,00 $ CA Prix de VIP 77,00 $ CA Prix de d\u00e9tail"},"aioseo_meta_data":{"post_id":"63200","title":null,"description":null,"keywords":null,"keyphrases":{"focus":{"keyphrase":"","score":0,"analysis":{"keyphraseInTitle":{"score":0,"maxScore":9,"error":1}}},"additional":[]},"primary_term":null,"canonical_url":null,"og_title":null,"og_description":null,"og_object_type":"default","og_image_type":"default","og_image_url":null,"og_image_width":null,"og_image_height":null,"og_image_custom_url":null,"og_image_custom_fields":null,"og_video":"","og_custom_url":null,"og_article_section":null,"og_article_tags":null,"twitter_use_og":false,"twitter_card":"default","twitter_image_type":"default","twitter_image_url":null,"twitter_image_custom_url":null,"twitter_image_custom_fields":null,"twitter_title":null,"twitter_description":null,"schema":{"blockGraphs":[],"customGraphs":[],"default":{"data":{"Article":[],"Course":[],"Dataset":[],"FAQPage":[],"Movie":[],"Person":[],"Product":[],"ProductReview":[],"Car":[],"Recipe":[],"Service":[],"SoftwareApplication":[],"WebPage":[]},"graphName":"WebPage","isEnabled":true},"graphs":[]},"schema_type":"default","schema_type_options":null,"pillar_content":false,"robots_default":true,"robots_noindex":false,"robots_noarchive":false,"robots_nosnippet":false,"robots_nofollow":false,"robots_noimageindex":false,"robots_noodp":false,"robots_notranslate":false,"robots_max_snippet":"-1","robots_max_videopreview":"-1","robots_max_imagepreview":"large","priority":null,"frequency":"default","local_seo":null,"seo_analyzer_scan_date":"2026-03-09 18:24:28","limit_modified_date":false,"reviewed_by":"0","open_ai":null,"ai":{"faqs":[],"keyPoints":[],"titles":[],"descriptions":[],"socialPosts":{"email":[],"linkedin":[],"twitter":[],"facebook":[],"instagram":[]}},"created":"2023-07-26 13:00:52","updated":"2026-03-09 18:26:24"},"aioseo_breadcrumb":"<div class=\"aioseo-breadcrumbs\"><span class=\"aioseo-breadcrumb\">\n\t<a href=\"https:\/\/monatglobal.com\/ca\" title=\"Home\">Home<\/a>\n<\/span><span class=\"aioseo-breadcrumb-separator\">&raquo;<\/span><span class=\"aioseo-breadcrumb\">\n\tMONAT Collagen Key\u2122\ufe0f | Soutient la formation du collag\u00e8ne |Bien-\u00eatre\n<\/span><\/div>","aioseo_breadcrumb_json":[{"label":"Home","link":"https:\/\/monatglobal.com\/ca"},{"label":"MONAT Collagen Key\u2122\ufe0f | Soutient la formation du collag\u00e8ne |Bien-\u00eatre","link":"https:\/\/monatglobal.com\/ca\/collagen\/?lang=fr"}],"_links":{"self":[{"href":"https:\/\/monatglobal.com\/ca\/wp-json\/wp\/v2\/pages\/63200","targetHints":{"allow":["GET"]}}],"collection":[{"href":"https:\/\/monatglobal.com\/ca\/wp-json\/wp\/v2\/pages"}],"about":[{"href":"https:\/\/monatglobal.com\/ca\/wp-json\/wp\/v2\/types\/page"}],"author":[{"embeddable":true,"href":"https:\/\/monatglobal.com\/ca\/wp-json\/wp\/v2\/users\/31"}],"replies":[{"embeddable":true,"href":"https:\/\/monatglobal.com\/ca\/wp-json\/wp\/v2\/comments?post=63200"}],"version-history":[{"count":42,"href":"https:\/\/monatglobal.com\/ca\/wp-json\/wp\/v2\/pages\/63200\/revisions"}],"predecessor-version":[{"id":109788,"href":"https:\/\/monatglobal.com\/ca\/wp-json\/wp\/v2\/pages\/63200\/revisions\/109788"}],"wp:featuredmedia":[{"embeddable":true,"href":"https:\/\/monatglobal.com\/ca\/wp-json\/wp\/v2\/media\/110367"}],"wp:attachment":[{"href":"https:\/\/monatglobal.com\/ca\/wp-json\/wp\/v2\/media?parent=63200"}],"wp:term":[{"taxonomy":"category","embeddable":true,"href":"https:\/\/monatglobal.com\/ca\/wp-json\/wp\/v2\/categories?post=63200"},{"taxonomy":"post_tag","embeddable":true,"href":"https:\/\/monatglobal.com\/ca\/wp-json\/wp\/v2\/tags?post=63200"}],"curies":[{"name":"wp","href":"https:\/\/api.w.org\/{rel}","templated":true}]}}