{"id":63098,"date":"2021-08-24T09:40:55","date_gmt":"2021-08-24T13:40:55","guid":{"rendered":"https:\/\/monatglobal.com\/ca\/?page_id=63098"},"modified":"2026-01-19T15:19:02","modified_gmt":"2026-01-19T20:19:02","slug":"hand-cream","status":"publish","type":"page","link":"https:\/\/monatglobal.com\/ca\/hand-cream\/?lang=fr","title":{"rendered":"Cr\u00e8me hydratante pour les mains soyeuse et apaisante | Soins de la peau MONAT | Soins pour le corps"},"content":{"rendered":"\n\n\t<link rel=\"stylesheet\" href=\"https:\/\/unpkg.com\/swiper\/swiper-bundle.min.css\" \/>\n<link rel=\"stylesheet\" href=\"https:\/\/monatglobal.com\/wp-content\/creative_css\/product_styles_sheet.css\" \/>\n   <!--==================================================== ECOMM SECTION ====================================================-->\n      <!--==================================================== Ecomm image ====================================================-->\n      <img decoding=\"async\" src=\"https:\/\/monatglobal.com\/wp-content\/uploads\/2021\/08\/SILKY-SOOTHING-HAND-CREAM-ecomm.png\" alt=\"Cr\u00e8me hydratante pour les mains soyeuse et apaisante MONAT BODY CARE\u2122\" loading=\"lazy\"\/>\n      <!--==================================================== Ecomm information  ====================================================-->\n         \n         <h1>Cr\u00e8me hydratante pour les mains soyeuse et apaisante<\/h1>\n         <p>MONAT BODY CARE\u2122<\/p>\n         <p>\u00c0 base de REJUVENIQE S\u2122 et de beurre de karit\u00e9 hydratant, cette merveilleuse cr\u00e8me hydrate en profondeur et lutte contre la s\u00e9cheresse, laissant les mains douces et&nbsp;soyeuses.<\/p>\n         <p>74 ml  \u212e 2,5 oz liq.<\/p>\n       <!--==================================================== pricing box ====================================================-->  \n<p>Retail Price<br \/>$00.00 (USD)<\/p>\n<p>VIP Customer Price<br \/>$00.00 (USD)<\/p>\n       <!--==================================================== pricing box ====================================================-->  \n         <p>Pour en savoir plus sur la Cr\u00e8me hydratante pour les mains soyeuse et apaisante MONAT BODY CARE\u2122, veuillez contacter votre partenaire de march\u00e9 MONAT.<\/p>\n        <a href=\"\" target=\"_blank\" role=\"button\" aria-label=\"\" rel=\"noopener\"><\/a>\n   <!--==================================================== \/ECOMM SECTION  ====================================================-->\n   <!--==================================================== Benefits image ====================================================-->\n   \n      <source media=\"(max-width: 700px)\" srcset=\"https:\/\/monatglobal.com\/wp-content\/uploads\/2021\/09\/Silky-Soothing-Hand-Cream-benefits-mobile.jpg\" loading=\"lazy\"\/>\n      <img decoding=\"async\" src=\"https:\/\/monatglobal.com\/wp-content\/uploads\/2021\/09\/Silky-Soothing-Hand-Cream-benefits.jpg\" loading=\"lazy\"\/>\n   \n   <!--==================================================== Benefits text ====================================================-->\n         <h2>BIENFAITS<\/h2>\n         <h3>Cette cr\u00e8me pour les mains ultra hydratante s&#8217;absorbe rapidement et hydrate pour emprisonner l&#8217;humidit\u00e9 et am\u00e9liorer la texture, laissant un fini doux et soyeux, jamais&nbsp;graisseux.<\/h3>\n         <p>Am\u00e9liore consid\u00e9rablement le fonctionnement de la barri\u00e8re cutan\u00e9e jusqu&#8217;\u00e0 24 heures apr\u00e8s l&#8217;application.<\/p>\n         <!--==================================================== features image  ====================================================-->\n         <img decoding=\"async\" src=\"https:\/\/monatglobal.com\/wp-content\/uploads\/2021\/09\/Silky-Soothing-Hand-Cream-Features.jpg\" loading=\"lazy\"\/>\n      <!--==================================================== features text ====================================================-->\n            <h3>Un soin restaurateur qui hydrate les mains en&nbsp;profondeur<\/h3>\n               <p>\/ Procure une hydratation instantan\u00e9e, laissant la peau hydrat\u00e9e et&nbsp;nourrie<\/p>\n               <p>\/ Am\u00e9liore la texture pour une peau d&#8217;apparence plus&nbsp;saine<\/p>\n               <p>\/ Laisse la peau apais\u00e9e, douce et&nbsp;soyeuse<\/p>\n               <p>\/ Hydrate la peau pendant 24 heures apr\u00e8s&nbsp;l&#8217;application<\/p>\n               <br \/>\n            <p>Parfum \/ Pivoine et poivre rose<\/p>\n            <p> Texture \/ Une l\u00e9g\u00e8re cr\u00e8me ultra-hydratante <\/p>\n   <!--==================================================== composition image mobile ====================================================-->\n   <img decoding=\"async\" src=\"https:\/\/monatglobal.com\/wp-content\/uploads\/2021\/09\/Comp1-Silky-Soothing-Hand-Cream-benefits.jpg\" loading=\"lazy\"\/>\n   <!--==================================================== Why it works text ====================================================-->\n      <h2>Prot\u00e8ge, nourrit et hydrate, laissant les mains douces, lisses et surtout, non graisseuses!<\/h2>\n      <h3>\u00c0 base de REJUVENIQE S\u2122, d&#8217;huile de noix de coco hydratante et de beurre de karit\u00e9, \n      cette merveilleuse cr\u00e8me hydrate en profondeur et lutte contre la s\u00e9cheresse, laissant les mains douces et&nbsp;soyeuses.<\/h3>\n<!--==================================================== Composition section ====================================================-->\n      <img decoding=\"async\" src=\"https:\/\/monatglobal.com\/wp-content\/uploads\/2021\/09\/Comp1-Silky-Soothing-Hand-Cream-benefits.jpg\" loading=\"lazy\"\/>\n      <img decoding=\"async\" src=\"https:\/\/monatglobal.com\/wp-content\/uploads\/2021\/09\/Comp3-Silky-Soothing-Hand-Cream-.jpg\" loading=\"lazy\"\/>\n            <!--==================================================== Directions text ====================================================--> \n               <h3>Mode d&#8217;emploi<\/h3>\n               <p>\/ Appliquer sur les mains au besoin et masser en faisant des mouvements&nbsp;circulaires.<\/p>\n            <!--==================================================== Directions video ====================================================-->\n      <p>Cr\u00e8me hydratante pour les mains soyeuse et apaisante<br \/>MONAT BODY CARE\u2122<br \/>1:34<\/p>\n<a href=\"\" target=\"_blank\" role=\"button\" aria-label=\"\" rel=\"noopener\"><\/a>\n   <!--==================================================== Ingredients section  ====================================================-->\n      <h2>KEY ACTIVES<\/h2>\n               <p>Extrait d&#8217;enzyme de&nbsp;Lactococcus<\/p>\n               <p>Huile de noix de&nbsp;coco<\/p>\n               <p>Beurre de&nbsp;karit\u00e9<\/p>\n               <p>REJUVENIQE S\u2122<\/p>\n        <button id=\"myBtn\" type=\"button\">LISTE D&#8217;INGR\u00c9DIENTS<\/button>\n      <!--==================================================== Modal content  ====================================================-->\n         &times;\n         Aqua\/Water\/Eau, Cocos Nucifera (Coconut) Oil, Caprylic\/Capric Triglyceride, Cetearyl Alcohol, Butyrospermum Parkii \n         (Shea) Butter, Cetyl Alcohol, Glycerin, Isopropyl Myristate, Polyglyceryl-6 Distearate, Adansonia Digitata Oil, Caryocar Brasiliense \n         Fruit Oil, Gardenia Taitensis Flower Extract, Helianthus Annuus (Sunflower) Seed Oil, Mauritia Flexuosa Fruit Oil, Moringa Oleifera \n         Seed Oil, Simmondsia Chinensis (Jojoba) Seed Extract, Tocopherol, Citrus Aurantifolia (Lime) Oil, Citrus Aurantium Bergamia (Bergamot) \n         Fruit Oil, Lactic Acid, Camellia Oleifera Seed Oil, Olea Europaea (Olive) Fruit Oil, Citrus Limon (Lemon) Peel Oil, Daucus Carota \n         Sativa (Carrot) Seed Oil, Solanum Lycopersicum (Tomato) Seed Oil, Crambe Abyssinica Seed Oil, Limnanthes Alba (Meadowfoam) Seed Oil, \n         Lactococcus Ferment Extract, Disodium EDTA, Ethylhexylglycerin, Acrylates\/C10-30 Alkyl Acrylate Crosspolymer, Sodium Hydroxide, \n         Sodium Benzoate, Sodium Chloride, Benzyl Alcohol, Fragrance\/Parfum, Limonene, Citronellol, Hexyl Cinnamal, Hydroxycitronellal, \n         Linalool.\n   <!--==================================================== You might also like section ====================================================-->\n      <h2>VOUS POURRIEZ AUSSI AIMER<\/h2>\n      <!--==================================================== Slider YOU MIGHT ALSO LIKE ====================================================-->\n      <!---->\n      <!--   -->\n            <!--==================================================== Slides products ====================================================-->\n      <!--      -->\n      <!--         <a href=\"\/ca\/body-hydrate-serum\/?lang=fr\" aria-label=\"Go to S\u00e9rum pour le corps Hydratation et r\u00e9paration MONAT BODY CARE\u2122 page\">-->\n      <!--            <img decoding=\"async\" src=\"https:\/\/monatglobal.com\/wp-content\/uploads\/2022\/12\/HYDRATE-REPAIR-BODY-SERUM-ecomm-min.png\" alt=\"S\u00e9rum pour le corps Hydratation et r\u00e9paration MONAT BODY CARE\u2122\" loading=\"lazy\"\/>-->\n      <!--            <p>S\u00e9rum pour le corps <br \/>Hydratation et r\u00e9paration <br \/>MONAT BODY CARE\u2122<\/p>-->\n      <!--         <\/a>-->\n      <!--      -->\n      <!--      -->\n      <!--         <a href=\"\/ca\/body-lotion\/?lang=fr\" aria-label=\"Go to MONAT BODY CARE\u2122 Smooth & Renew Body Lotion page\">-->\n      <!--            <img decoding=\"async\" src=\"https:\/\/monatglobal.com\/wp-content\/uploads\/2022\/12\/SMOOTH-RENEW-BODY-LOTION-ecomm-1-min.png\" alt=\"Lotion pour le corps lissante et renouvelante MONAT BODY CARE\u2122\" loading=\"lazy\"\/>-->\n      <!--            <p>Lotion pour le corps <br \/>lissante et renouvelante <br \/>MONAT BODY CARE\u2122<\/p>-->\n      <!--         <\/a>-->\n      <!--      -->\n      <!--      -->\n      <!--         <a href=\"\/ca\/body-exfoliator\/?lang=fr\" aria-label=\"Go to Gommage pour le corps Exfoliation et affinement MONAT BODY CARE\u2122 page\">-->\n      <!--            <img decoding=\"async\" src=\"https:\/\/monatglobal.com\/wp-content\/uploads\/2022\/12\/exfoliate-refine-body-polish-ecomm-min.png\" alt=\"Gommage pour le corps Exfoliation et affinement MONAT BODY CARE\u2122\" loading=\"lazy\"\/>-->\n      <!--            <p>Gommage pour le corps <br \/>Exfoliation et affinement <br \/>MONAT BODY CARE\u2122<\/p>-->\n      <!--         <\/a>-->\n      <!--      -->\n      <!--   -->\n         <!--==================================================== If we need navigation buttons  ====================================================-->\n      <!--   -->\n      <!--   -->\n         <!--==================================================== If we need paginations  ====================================================-->\n      <!--   -->\n      <!---->\n<!-- If we need navigation buttons -->\n<!-- If we need paginations -->\n<a href=\"\" aria-label=\"\"><\/a>\n<!--==================================================== this link has to go last for it to work   ====================================================-->\n\n","protected":false},"excerpt":{"rendered":"<p>Cr\u00e8me hydratante pour les mains soyeuse et apaisante MONAT BODY CARE\u2122 \u00c0 base de REJUVENIQE S\u2122 et de beurre de karit\u00e9 hydratant, cette merveilleuse cr\u00e8me hydrate en profondeur et lutte contre la s\u00e9cheresse, laissant les mains douces et&nbsp;soyeuses. 74 ml \u212e 2,5 oz liq. Retail Price$00.00 (USD) VIP Customer Price$00.00 (USD) Pour en savoir plus&hellip;<\/p>\n","protected":false},"author":31,"featured_media":63132,"parent":0,"menu_order":0,"comment_status":"closed","ping_status":"closed","template":"","meta":{"inline_featured_image":false,"om_disable_all_campaigns":false,"_monsterinsights_skip_tracking":false,"_monsterinsights_sitenote_active":false,"_monsterinsights_sitenote_note":"","_monsterinsights_sitenote_category":0,"footnotes":""},"categories":[3629],"tags":[],"class_list":["post-63098","page","type-page","status-publish","has-post-thumbnail","hentry","category-product-fra"],"aioseo_notices":[],"aioseo_head":"\n\t\t<!-- All in One SEO Pro 4.9.6 - aioseo.com -->\n\t<meta name=\"description\" content=\"Cr\u00e8me hydratante pour les mains soyeuse et apaisante MONAT BODY CARE\u2122 \u00c0 base de REJUVENIQE S\u2122 et de beurre de karit\u00e9 hydratant, cette merveilleuse cr\u00e8me hydrate en profondeur et lutte contre la s\u00e9cheresse, laissant les mains douces et soyeuses. 74 ml \u212e 2,5 oz liq. Retail Price$00.00 (USD) VIP Customer Price$00.00 (USD) Pour en savoir plus\" \/>\n\t<meta name=\"robots\" content=\"max-image-preview:large\" \/>\n\t<link rel=\"canonical\" href=\"https:\/\/monatglobal.com\/ca\/hand-cream\/?lang=fr\" \/>\n\t<meta name=\"generator\" content=\"All in One SEO Pro (AIOSEO) 4.9.6\" \/>\n\t\t<meta property=\"og:locale\" content=\"en_US\" \/>\n\t\t<meta property=\"og:site_name\" content=\"Monat Canada English - We Are Modern Nature\" \/>\n\t\t<meta property=\"og:type\" content=\"article\" \/>\n\t\t<meta property=\"og:title\" content=\"Cr\u00e8me hydratante pour les mains soyeuse et apaisante | Soins de la peau MONAT | Soins pour le corps - Monat Canada English\" \/>\n\t\t<meta property=\"og:description\" content=\"Cr\u00e8me hydratante pour les mains soyeuse et apaisante MONAT BODY CARE\u2122 \u00c0 base de REJUVENIQE S\u2122 et de beurre de karit\u00e9 hydratant, cette merveilleuse cr\u00e8me hydrate en profondeur et lutte contre la s\u00e9cheresse, laissant les mains douces et soyeuses. 74 ml \u212e 2,5 oz liq. Retail Price$00.00 (USD) VIP Customer Price$00.00 (USD) Pour en savoir plus\" \/>\n\t\t<meta property=\"og:url\" content=\"https:\/\/monatglobal.com\/ca\/hand-cream\/?lang=fr\" \/>\n\t\t<meta property=\"article:published_time\" content=\"2021-08-24T13:40:55+00:00\" \/>\n\t\t<meta property=\"article:modified_time\" content=\"2026-01-19T20:19:02+00:00\" \/>\n\t\t<meta name=\"twitter:card\" content=\"summary_large_image\" \/>\n\t\t<meta name=\"twitter:title\" content=\"Cr\u00e8me hydratante pour les mains soyeuse et apaisante | Soins de la peau MONAT | Soins pour le corps - Monat Canada English\" \/>\n\t\t<meta name=\"twitter:description\" content=\"Cr\u00e8me hydratante pour les mains soyeuse et apaisante MONAT BODY CARE\u2122 \u00c0 base de REJUVENIQE S\u2122 et de beurre de karit\u00e9 hydratant, cette merveilleuse cr\u00e8me hydrate en profondeur et lutte contre la s\u00e9cheresse, laissant les mains douces et soyeuses. 74 ml \u212e 2,5 oz liq. Retail Price$00.00 (USD) VIP Customer Price$00.00 (USD) Pour en savoir plus\" \/>\n\t\t<script type=\"application\/ld+json\" class=\"aioseo-schema\">\n\t\t\t{\"@context\":\"https:\\\/\\\/schema.org\",\"@graph\":[{\"@type\":\"BreadcrumbList\",\"@id\":\"https:\\\/\\\/monatglobal.com\\\/ca\\\/hand-cream\\\/?lang=fr#breadcrumblist\",\"itemListElement\":[{\"@type\":\"ListItem\",\"@id\":\"https:\\\/\\\/monatglobal.com\\\/ca#listItem\",\"position\":1,\"name\":\"Home\",\"item\":\"https:\\\/\\\/monatglobal.com\\\/ca\",\"nextItem\":{\"@type\":\"ListItem\",\"@id\":\"https:\\\/\\\/monatglobal.com\\\/ca\\\/hand-cream\\\/?lang=fr#listItem\",\"name\":\"Cr\\u00e8me hydratante pour les mains soyeuse et apaisante | Soins de la peau MONAT | Soins pour le corps\"}},{\"@type\":\"ListItem\",\"@id\":\"https:\\\/\\\/monatglobal.com\\\/ca\\\/hand-cream\\\/?lang=fr#listItem\",\"position\":2,\"name\":\"Cr\\u00e8me hydratante pour les mains soyeuse et apaisante | Soins de la peau MONAT | Soins pour le corps\",\"previousItem\":{\"@type\":\"ListItem\",\"@id\":\"https:\\\/\\\/monatglobal.com\\\/ca#listItem\",\"name\":\"Home\"}}]},{\"@type\":\"Organization\",\"@id\":\"https:\\\/\\\/monatglobal.com\\\/ca\\\/#organization\",\"name\":\"Monat Canada English\",\"description\":\"We Are Modern Nature\",\"url\":\"https:\\\/\\\/monatglobal.com\\\/ca\\\/\"},{\"@type\":\"WebPage\",\"@id\":\"https:\\\/\\\/monatglobal.com\\\/ca\\\/hand-cream\\\/?lang=fr#webpage\",\"url\":\"https:\\\/\\\/monatglobal.com\\\/ca\\\/hand-cream\\\/?lang=fr\",\"name\":\"Cr\\u00e8me hydratante pour les mains soyeuse et apaisante | Soins de la peau MONAT | Soins pour le corps - Monat Canada English\",\"description\":\"Cr\\u00e8me hydratante pour les mains soyeuse et apaisante MONAT BODY CARE\\u2122 \\u00c0 base de REJUVENIQE S\\u2122 et de beurre de karit\\u00e9 hydratant, cette merveilleuse cr\\u00e8me hydrate en profondeur et lutte contre la s\\u00e9cheresse, laissant les mains douces et soyeuses. 74 ml \\u212e 2,5 oz liq. Retail Price$00.00 (USD) VIP Customer Price$00.00 (USD) Pour en savoir plus\",\"inLanguage\":\"en-US\",\"isPartOf\":{\"@id\":\"https:\\\/\\\/monatglobal.com\\\/ca\\\/#website\"},\"breadcrumb\":{\"@id\":\"https:\\\/\\\/monatglobal.com\\\/ca\\\/hand-cream\\\/?lang=fr#breadcrumblist\"},\"image\":{\"@type\":\"ImageObject\",\"url\":\"https:\\\/\\\/monatglobal.com\\\/ca\\\/wp-content\\\/uploads\\\/sites\\\/5\\\/2021\\\/08\\\/SILKY-SOOTHING-HAND-CREAM-ecomm.png\",\"@id\":\"https:\\\/\\\/monatglobal.com\\\/ca\\\/hand-cream\\\/?lang=fr\\\/#mainImage\",\"width\":641,\"height\":800},\"primaryImageOfPage\":{\"@id\":\"https:\\\/\\\/monatglobal.com\\\/ca\\\/hand-cream\\\/?lang=fr#mainImage\"},\"datePublished\":\"2021-08-24T09:40:55-04:00\",\"dateModified\":\"2026-01-19T15:19:02-05:00\"},{\"@type\":\"WebSite\",\"@id\":\"https:\\\/\\\/monatglobal.com\\\/ca\\\/#website\",\"url\":\"https:\\\/\\\/monatglobal.com\\\/ca\\\/\",\"name\":\"Monat Canada English\",\"description\":\"We Are Modern Nature\",\"inLanguage\":\"en-US\",\"publisher\":{\"@id\":\"https:\\\/\\\/monatglobal.com\\\/ca\\\/#organization\"}}]}\n\t\t<\/script>\n\t\t<!-- All in One SEO Pro -->\r\n\t\t<title>Cr\u00e8me hydratante pour les mains soyeuse et apaisante | Soins de la peau MONAT | Soins pour le corps - Monat Canada English<\/title>\n\n","aioseo_head_json":{"title":"Cr\u00e8me hydratante pour les mains soyeuse et apaisante | Soins de la peau MONAT | Soins pour le corps - Monat Canada English","description":"Cr\u00e8me hydratante pour les mains soyeuse et apaisante MONAT BODY CARE\u2122 \u00c0 base de REJUVENIQE S\u2122 et de beurre de karit\u00e9 hydratant, cette merveilleuse cr\u00e8me hydrate en profondeur et lutte contre la s\u00e9cheresse, laissant les mains douces et soyeuses. 74 ml \u212e 2,5 oz liq. Retail Price$00.00 (USD) VIP Customer Price$00.00 (USD) Pour en savoir plus","canonical_url":"https:\/\/monatglobal.com\/ca\/hand-cream\/?lang=fr","robots":"max-image-preview:large","keywords":"","webmasterTools":{"miscellaneous":""},"schema":{"@context":"https:\/\/schema.org","@graph":[{"@type":"BreadcrumbList","@id":"https:\/\/monatglobal.com\/ca\/hand-cream\/?lang=fr#breadcrumblist","itemListElement":[{"@type":"ListItem","@id":"https:\/\/monatglobal.com\/ca#listItem","position":1,"name":"Home","item":"https:\/\/monatglobal.com\/ca","nextItem":{"@type":"ListItem","@id":"https:\/\/monatglobal.com\/ca\/hand-cream\/?lang=fr#listItem","name":"Cr\u00e8me hydratante pour les mains soyeuse et apaisante | Soins de la peau MONAT | Soins pour le corps"}},{"@type":"ListItem","@id":"https:\/\/monatglobal.com\/ca\/hand-cream\/?lang=fr#listItem","position":2,"name":"Cr\u00e8me hydratante pour les mains soyeuse et apaisante | Soins de la peau MONAT | Soins pour le corps","previousItem":{"@type":"ListItem","@id":"https:\/\/monatglobal.com\/ca#listItem","name":"Home"}}]},{"@type":"Organization","@id":"https:\/\/monatglobal.com\/ca\/#organization","name":"Monat Canada English","description":"We Are Modern Nature","url":"https:\/\/monatglobal.com\/ca\/"},{"@type":"WebPage","@id":"https:\/\/monatglobal.com\/ca\/hand-cream\/?lang=fr#webpage","url":"https:\/\/monatglobal.com\/ca\/hand-cream\/?lang=fr","name":"Cr\u00e8me hydratante pour les mains soyeuse et apaisante | Soins de la peau MONAT | Soins pour le corps - Monat Canada English","description":"Cr\u00e8me hydratante pour les mains soyeuse et apaisante MONAT BODY CARE\u2122 \u00c0 base de REJUVENIQE S\u2122 et de beurre de karit\u00e9 hydratant, cette merveilleuse cr\u00e8me hydrate en profondeur et lutte contre la s\u00e9cheresse, laissant les mains douces et soyeuses. 74 ml \u212e 2,5 oz liq. Retail Price$00.00 (USD) VIP Customer Price$00.00 (USD) Pour en savoir plus","inLanguage":"en-US","isPartOf":{"@id":"https:\/\/monatglobal.com\/ca\/#website"},"breadcrumb":{"@id":"https:\/\/monatglobal.com\/ca\/hand-cream\/?lang=fr#breadcrumblist"},"image":{"@type":"ImageObject","url":"https:\/\/monatglobal.com\/ca\/wp-content\/uploads\/sites\/5\/2021\/08\/SILKY-SOOTHING-HAND-CREAM-ecomm.png","@id":"https:\/\/monatglobal.com\/ca\/hand-cream\/?lang=fr\/#mainImage","width":641,"height":800},"primaryImageOfPage":{"@id":"https:\/\/monatglobal.com\/ca\/hand-cream\/?lang=fr#mainImage"},"datePublished":"2021-08-24T09:40:55-04:00","dateModified":"2026-01-19T15:19:02-05:00"},{"@type":"WebSite","@id":"https:\/\/monatglobal.com\/ca\/#website","url":"https:\/\/monatglobal.com\/ca\/","name":"Monat Canada English","description":"We Are Modern Nature","inLanguage":"en-US","publisher":{"@id":"https:\/\/monatglobal.com\/ca\/#organization"}}]},"og:locale":"en_US","og:site_name":"Monat Canada English - We Are Modern Nature","og:type":"article","og:title":"Cr\u00e8me hydratante pour les mains soyeuse et apaisante | Soins de la peau MONAT | Soins pour le corps - Monat Canada English","og:description":"Cr\u00e8me hydratante pour les mains soyeuse et apaisante MONAT BODY CARE\u2122 \u00c0 base de REJUVENIQE S\u2122 et de beurre de karit\u00e9 hydratant, cette merveilleuse cr\u00e8me hydrate en profondeur et lutte contre la s\u00e9cheresse, laissant les mains douces et soyeuses. 74 ml \u212e 2,5 oz liq. Retail Price$00.00 (USD) VIP Customer Price$00.00 (USD) Pour en savoir plus","og:url":"https:\/\/monatglobal.com\/ca\/hand-cream\/?lang=fr","article:published_time":"2021-08-24T13:40:55+00:00","article:modified_time":"2026-01-19T20:19:02+00:00","twitter:card":"summary_large_image","twitter:title":"Cr\u00e8me hydratante pour les mains soyeuse et apaisante | Soins de la peau MONAT | Soins pour le corps - Monat Canada English","twitter:description":"Cr\u00e8me hydratante pour les mains soyeuse et apaisante MONAT BODY CARE\u2122 \u00c0 base de REJUVENIQE S\u2122 et de beurre de karit\u00e9 hydratant, cette merveilleuse cr\u00e8me hydrate en profondeur et lutte contre la s\u00e9cheresse, laissant les mains douces et soyeuses. 74 ml \u212e 2,5 oz liq. Retail Price$00.00 (USD) VIP Customer Price$00.00 (USD) Pour en savoir plus"},"aioseo_meta_data":{"post_id":"63098","title":null,"description":null,"keywords":null,"keyphrases":null,"primary_term":null,"canonical_url":null,"og_title":null,"og_description":null,"og_object_type":"default","og_image_type":"default","og_image_url":null,"og_image_width":null,"og_image_height":null,"og_image_custom_url":null,"og_image_custom_fields":null,"og_video":null,"og_custom_url":null,"og_article_section":null,"og_article_tags":null,"twitter_use_og":false,"twitter_card":"default","twitter_image_type":"default","twitter_image_url":null,"twitter_image_custom_url":null,"twitter_image_custom_fields":null,"twitter_title":null,"twitter_description":null,"schema":{"blockGraphs":[],"customGraphs":[],"default":{"data":{"Article":[],"Course":[],"Dataset":[],"FAQPage":[],"Movie":[],"Person":[],"Product":[],"ProductReview":[],"Car":[],"Recipe":[],"Service":[],"SoftwareApplication":[],"WebPage":[]},"graphName":"WebPage","isEnabled":true},"graphs":[]},"schema_type":"default","schema_type_options":null,"pillar_content":false,"robots_default":true,"robots_noindex":false,"robots_noarchive":false,"robots_nosnippet":false,"robots_nofollow":false,"robots_noimageindex":false,"robots_noodp":false,"robots_notranslate":false,"robots_max_snippet":null,"robots_max_videopreview":null,"robots_max_imagepreview":"large","priority":null,"frequency":null,"local_seo":null,"seo_analyzer_scan_date":"2026-02-10 19:57:24","limit_modified_date":false,"reviewed_by":null,"open_ai":null,"ai":null,"created":"2023-07-26 12:58:09","updated":"2026-02-10 19:57:24"},"aioseo_breadcrumb":"<div class=\"aioseo-breadcrumbs\"><span class=\"aioseo-breadcrumb\">\n\t<a href=\"https:\/\/monatglobal.com\/ca\" title=\"Home\">Home<\/a>\n<\/span><span class=\"aioseo-breadcrumb-separator\">&raquo;<\/span><span class=\"aioseo-breadcrumb\">\n\tCr\u00e8me hydratante pour les mains soyeuse et apaisante | Soins de la peau MONAT | Soins pour le corps\n<\/span><\/div>","aioseo_breadcrumb_json":[{"label":"Home","link":"https:\/\/monatglobal.com\/ca"},{"label":"Cr\u00e8me hydratante pour les mains soyeuse et apaisante | Soins de la peau MONAT | Soins pour le corps","link":"https:\/\/monatglobal.com\/ca\/hand-cream\/?lang=fr"}],"_links":{"self":[{"href":"https:\/\/monatglobal.com\/ca\/wp-json\/wp\/v2\/pages\/63098","targetHints":{"allow":["GET"]}}],"collection":[{"href":"https:\/\/monatglobal.com\/ca\/wp-json\/wp\/v2\/pages"}],"about":[{"href":"https:\/\/monatglobal.com\/ca\/wp-json\/wp\/v2\/types\/page"}],"author":[{"embeddable":true,"href":"https:\/\/monatglobal.com\/ca\/wp-json\/wp\/v2\/users\/31"}],"replies":[{"embeddable":true,"href":"https:\/\/monatglobal.com\/ca\/wp-json\/wp\/v2\/comments?post=63098"}],"version-history":[{"count":41,"href":"https:\/\/monatglobal.com\/ca\/wp-json\/wp\/v2\/pages\/63098\/revisions"}],"predecessor-version":[{"id":110153,"href":"https:\/\/monatglobal.com\/ca\/wp-json\/wp\/v2\/pages\/63098\/revisions\/110153"}],"wp:featuredmedia":[{"embeddable":true,"href":"https:\/\/monatglobal.com\/ca\/wp-json\/wp\/v2\/media\/63132"}],"wp:attachment":[{"href":"https:\/\/monatglobal.com\/ca\/wp-json\/wp\/v2\/media?parent=63098"}],"wp:term":[{"taxonomy":"category","embeddable":true,"href":"https:\/\/monatglobal.com\/ca\/wp-json\/wp\/v2\/categories?post=63098"},{"taxonomy":"post_tag","embeddable":true,"href":"https:\/\/monatglobal.com\/ca\/wp-json\/wp\/v2\/tags?post=63098"}],"curies":[{"name":"wp","href":"https:\/\/api.w.org\/{rel}","templated":true}]}}