{"id":63070,"date":"2021-08-23T16:21:57","date_gmt":"2021-08-23T20:21:57","guid":{"rendered":"https:\/\/monatglobal.com\/ca\/?page_id=63070"},"modified":"2026-01-19T15:13:08","modified_gmt":"2026-01-19T20:13:08","slug":"body-hydrate-serum","status":"publish","type":"page","link":"https:\/\/monatglobal.com\/ca\/body-hydrate-serum\/?lang=fr","title":{"rendered":"S\u00e9rum pour le corps Hydratation et r\u00e9paration | Soins de la peau MONAT | Soins pour le corps"},"content":{"rendered":"\n\n\t<link rel=\"stylesheet\" href=\"https:\/\/unpkg.com\/swiper\/swiper-bundle.min.css\" \/>\n<link rel=\"stylesheet\" href=\"https:\/\/monatglobal.com\/wp-content\/creative_css\/product_styles_sheet.css\" \/>\n   <!--==================================================== ECOMM SECTION ====================================================-->\n      <!--==================================================== Ecomm image ====================================================-->\n      <img decoding=\"async\" src=\"https:\/\/monatglobal.com\/wp-content\/uploads\/2021\/08\/HYDRATE-REPAIR-BODY-SERUM-ecomm.png\" alt=\"S\u00e9rum pour le corps <br\/>Hydratation et r\u00e9paration MONAT BODY CARE\u2122&#8221; loading=&#8221;lazy&#8221;>\n      <!--==================================================== Ecomm information  ====================================================-->\n         \n         <h1>S\u00e9rum pour le corps <br \/>Hydratation et r\u00e9paration<\/h1>\n         <p>MONAT BODY CARE\u2122<\/p>\n         <p>Un s\u00e9rum hautement concentr\u00e9 pour le corps qui hydrate et nourrit instantan\u00e9ment la&nbsp;peau.<\/p>\n         <p>178 ml \u212e 6 oz liq.<\/p>\n       <!--==================================================== pricing box ====================================================-->     \n<p>Retail Price<br \/>$00.00 (USD)<\/p>\n<p>VIP Customer Price<br \/>$00.00 (USD)<\/p>\n      <!--==================================================== pricing box ====================================================-->    \n         <p>Pour en savoir plus sur le S\u00e9rum pour le corps Hydratation et r\u00e9paration MONAT BODY CARE\u2122 , veuillez contacter votre partenaire de march\u00e9 MONAT.<\/p>\n         <a href=\"\" target=\"_blank\" role=\"button\" aria-label=\"\" rel=\"noopener\"><\/a>\n   <!--==================================================== \/ECOMM SECTION  ====================================================-->\n   <!--==================================================== Benefits image ====================================================-->\n   \n      <source media=\"(max-width: 700px)\" srcset=\"https:\/\/monatglobal.com\/wp-content\/uploads\/2021\/09\/Hydrate-Repair-Body-Serum-Benefits_mobile.jpg\" loading=\"lazy\"\/>\n      <img decoding=\"async\" src=\"https:\/\/monatglobal.com\/wp-content\/uploads\/2021\/09\/Hydrate-Repair-Body-Serum-Benefits.jpg\" loading=\"lazy\"\/>\n   \n   <!--==================================================== Benefits text ====================================================-->\n         <h2>BIENFAITS<\/h2>\n         <h3>Un s\u00e9rum \u00e0 absorption rapide fait \u00e0 partir d&#8217;acide hyaluronique, de vitamine B3 \n         et de prune de kakadu qui renouvelle et hydrate en profondeur, donnant une apparence plus lisse, plus repulp\u00e9e, plus \n         ferme et plus saine \u00e0 la peau.<\/h3>\n         \n         <!--==================================================== features image  ====================================================-->\n         <img decoding=\"async\" src=\"https:\/\/monatglobal.com\/wp-content\/uploads\/2021\/09\/Directions-Hydrate-Repair-Body-Serum.jpg\" loading=\"lazy\"\/>\n      <!--==================================================== features text ====================================================-->\n            <h3>Le puissant effet r\u00e9g\u00e9n\u00e9rateur de&nbsp;l&#8217;hydratation<\/h3>\n               <p>\/ Hydrate la peau jusqu&#8217;\u00e0  24 heures<\/p>\n               <p>\/  Laisse la peau plus douce et plus&nbsp;lisse<\/p>\n               <p>\/ Aide \u00e0 am\u00e9liorer l&#8217;apparence g\u00e9n\u00e9rale et l&#8217;\u00e9clat de la&nbsp;peau<\/p>\n               <p>\/ Aide \u00e0 am\u00e9liorer l&#8217;apparence g\u00e9n\u00e9rale du&nbsp;teint<\/p>\n               <p>\/ Aide \u00e0 donner une apparence resserr\u00e9e, ferme et repulp\u00e9e \u00e0 la&nbsp;peau<\/p>\n               <p>\/ R\u00e9duit l&#8217;aspect frip\u00e9 de la peau<\/p>\n               <br \/>\n            <p>Parfum \/ Pivoine et poivre rose<\/p>\n            <p> Texture \/ Non graisseux, l\u00e9ger et liquide<\/p>\n   <!--==================================================== composition image mobile ====================================================-->\n   <img decoding=\"async\" src=\"https:\/\/monatglobal.com\/wp-content\/uploads\/2021\/09\/Comp1-Hydrate-Repair-Body-Serum-.jpg\" loading=\"lazy\"\/>\n   <!--==================================================== Why it works text ====================================================-->\n      <h2>Une hydratation instantan\u00e9e. Des r\u00e9sultats qui&nbsp;durent.<\/h2>\n      <h3>Ce s\u00e9rum hautement concentr\u00e9 pour le corps hydrate et nourrit instantan\u00e9ment la peau. Un complexe \n      unique de probiotiques travaille en harmonie avec la niacinamide et l&#8217;acide hyaluronique pour aider avec le renouvellement de la peau et \n      favoriser une apparence saine et plus&nbsp;jeune. <\/h3>\n<!--==================================================== Composition section ====================================================-->\n      <img decoding=\"async\" src=\"https:\/\/monatglobal.com\/wp-content\/uploads\/2021\/09\/Comp1-Hydrate-Repair-Body-Serum-.jpg\" loading=\"lazy\"\/>\n      <img decoding=\"async\" src=\"https:\/\/monatglobal.com\/wp-content\/uploads\/2021\/09\/Comp3_Hydrate_-Repair-Body-Serum-.jpg\" loading=\"lazy\"\/>\n            <!--==================================================== Directions text ====================================================--> \n               <h3>Mode d&#8217;emploi<\/h3>\n               <p>\/ Appliquer une mince couche sur tout le&nbsp;corps.<\/p>\n               <p>\/ Masser doucement en faisant des mouvements circulaires jusqu&#8217;\u00e0 ce que le produit soit compl\u00e8tement&nbsp;absorb\u00e9.<\/p>\n               <p>\/ Compl\u00e9ter votre routine de soins pour le corps MONAT&nbsp;BODY&nbsp;CARE\u2122.<\/p>\n            <!--==================================================== Directions video ====================================================-->\n      <p>S\u00e9rum pour le corps Hydratation et r\u00e9paration<br \/>MONAT BODY CARE\u2122<br \/>1:34<\/p>\n<a href=\"\" target=\"_blank\" role=\"button\" aria-label=\"\" rel=\"noopener\"><\/a>\n   <!--==================================================== Ingredients section  ====================================================-->\n      <h2>Ingr\u00e9dients cl\u00e9s<\/h2>\n               <p>Extrait d&#8217;enzyme de&nbsp;Lactococcus<\/p>\n               <p>Prune de Kakadu<\/p>\n               <p>Squalane<\/p>\n               <p>Niacinamide<\/p>\n               <p>Acide lactique<\/p>\n               <p>Acide hyaluronique<\/p>\n        <button id=\"myBtn\" type=\"button\">LISTE D&#8217;INGR\u00c9DIENTS<\/button>\n      <!--==================================================== Modal content  ====================================================-->\n         &times;\n         Aqua\/Water\/Eau, Glycerin, Polyacrylate Crosspolymer-6, Caryocar Brasiliense Fruit Oil, Cocos Nucifera (Coconut) Oil, \n         Gardenia Taitensis Flower Extract, Helianthus Annuus (Sunflower) Seed Oil, Mauritia Flexuosa Fruit Oil, Moringa Oleifera Seed Oil, \n         Palmitoyl Hexapeptide-12, Adansonia Digitata Oil, Tocopherol, Simmondsia Chinensis (Jojoba) Seed Extract, Citrus Aurantifolia (Lime) \n         Oil, Citrus Aurantium Bergamia (Bergamot) Fruit Oil, Camellia Oleifera Seed Oil, Olea Europaea (Olive) Fruit Oil, Citrus Limon (Lemon) \n         Peel Oil, Daucus Carota Sativa (Carrot) Seed Oil, Solanum Lycopersicum (Tomato) Seed Oil, Terminalia Ferdinandiana Fruit Extract, \n         Hydrogenated Lecithin, Ceramide NG, Sodium Hyaluronate, Polysorbate 60, Crambe Abyssinica Seed Oil, CocoCaprylate\/Caprate, Euterpe \n         Oleracea Fruit Extract, Lycium Barbarum Fruit Extract, Squalane, Vaccinium Angustifolium (Blueberry) Fruit Extract, Vaccinium \n         Macrocarpon (Cranberry) Fruit Extract, Lactic Acid, Lactococcus Ferment Extract, Tribehenin, Limnanthes Alba (Meadowfoam) Seed Oil, \n         Ethylhexylglycerin, Niacinamide, Glycolic Acid, C12-15 Alkyl Benzoate, Coconut Alkanes, Hydroxyyethyl Acrylate\/Sodium Acryloyldimethyl \n         Taurate Copolymer, Sodium Lactate, Sorbitan Isostearate, Potassium Sorbate, Sodium Levulinate, Benzyl Alcohol, Sodium Benzoate, Sodium \n         Chloride, Limonene.\n   <!--==================================================== You might also like section ====================================================-->\n      <h2>VOUS POURRIEZ AUSSI AIMER<\/h2>\n      <!--==================================================== Slider YOU MIGHT ALSO LIKE ====================================================-->\n      <!---->\n      <!--   -->\n            <!--==================================================== Slides products ====================================================-->\n      <!--      -->\n      <!--         <a href=\"\/ca\/body-wash\/?lang=fr\" aria-label=\"Go to Soin nettoyant pour le corps Hydratation et renouvellement MONAT BODY CARE\u2122 page\">-->\n      <!--            <img decoding=\"async\" src=\"https:\/\/monatglobal.com\/wp-content\/uploads\/2022\/12\/Moistturizw-replenish-body-wash-ecomm-min.png\" alt=\"Soin nettoyant pour le corps Hydratation et renouvellement MONAT BODY CARE\u2122\" loading=\"lazy\"\/>-->\n      <!--            <p>Soin nettoyant pour le corps <br \/>Hydratation et renouvellement <br \/>MONAT BODY CARE\u2122<\/p>-->\n      <!--         <\/a>-->\n      <!--      -->\n      <!--      -->\n      <!--         <a href=\"\/ca\/body-lotion\/?lang=fr\" aria-label=\"Go to Lotion pour le corps lissante et renouvelante MONAT BODY CARE\u2122 page\">-->\n      <!--            <img decoding=\"async\" src=\"https:\/\/monatglobal.com\/wp-content\/uploads\/2022\/12\/SMOOTH-RENEW-BODY-LOTION-ecomm-1-min.png\" alt=\"Lotion pour le corps lissante et renouvelante MONAT BODY CARE\u2122\" loading=\"lazy\"\/>-->\n      <!--            <p>Lotion pour le corps <br \/>lissante et renouvelante <br \/>MONAT BODY CARE\u2122<\/p>-->\n      <!--         <\/a>-->\n      <!--      -->\n      <!--      -->\n      <!--         <a href=\"\/ca\/hand-cream\/?lang=fr\" aria-label=\"Go to MONAT BODY CARE\u2122 Cr\u00e8me hydratante pour les mains soyeuse et apaisante MONAT BODY CARE\u2122 page\">-->\n      <!--            <img decoding=\"async\" src=\"https:\/\/monatglobal.com\/wp-content\/uploads\/2022\/12\/SILKY-SOOTHING-HAND-CREAM-ecomm-min.png\" alt=\"Cr\u00e8me hydratante pour les mains soyeuse et apaisante MONAT BODY CARE\u2122\" loading=\"lazy\"\/>-->\n      <!--            <p>Cr\u00e8me hydratante pour les <br \/>mains soyeuse et apaisante <br \/>MONAT BODY CARE\u2122<\/p>-->\n      <!--         <\/a>-->\n      <!--      -->\n      <!--   -->\n         <!--==================================================== If we need navigation buttons  ====================================================-->\n      <!--   -->\n      <!--   -->\n         <!--==================================================== If we need paginations  ====================================================-->\n      <!--   -->\n      <!---->\n<!-- If we need navigation buttons -->\n<!-- If we need paginations -->\n<a href=\"\" aria-label=\"\"><\/a>\n<!--==================================================== this link has to go last for it to work   ====================================================-->\n\n","protected":false},"excerpt":{"rendered":"","protected":false},"author":31,"featured_media":63130,"parent":0,"menu_order":0,"comment_status":"closed","ping_status":"closed","template":"","meta":{"inline_featured_image":false,"om_disable_all_campaigns":false,"_monsterinsights_skip_tracking":false,"_monsterinsights_sitenote_active":false,"_monsterinsights_sitenote_note":"","_monsterinsights_sitenote_category":0,"footnotes":""},"categories":[3629],"tags":[],"class_list":["post-63070","page","type-page","status-publish","has-post-thumbnail","hentry","category-product-fra"],"aioseo_notices":[],"aioseo_head":"\n\t\t<!-- All in One SEO Pro 4.9.6 - aioseo.com -->\n\t<meta name=\"description\" content=\"Hydratation et r\u00e9paration MONAT BODY CARE\u2122&quot; loading=&quot;lazy&quot;&gt; S\u00e9rum pour le corps Hydratation et r\u00e9paration MONAT BODY CARE\u2122 Un s\u00e9rum hautement concentr\u00e9 pour le corps qui hydrate et nourrit instantan\u00e9ment la peau. 178 ml \u212e 6 oz liq. Retail Price$00.00 (USD) VIP Customer Price$00.00 (USD) Pour en savoir plus sur le S\u00e9rum pour le corps Hydratation et\" \/>\n\t<meta name=\"robots\" content=\"max-image-preview:large\" \/>\n\t<link rel=\"canonical\" href=\"https:\/\/monatglobal.com\/ca\/body-hydrate-serum\/?lang=fr\" \/>\n\t<meta name=\"generator\" content=\"All in One SEO Pro (AIOSEO) 4.9.6\" \/>\n\t\t<meta property=\"og:locale\" content=\"en_US\" \/>\n\t\t<meta property=\"og:site_name\" content=\"Monat Canada English - We Are Modern Nature\" \/>\n\t\t<meta property=\"og:type\" content=\"article\" \/>\n\t\t<meta property=\"og:title\" content=\"S\u00e9rum pour le corps Hydratation et r\u00e9paration | Soins de la peau MONAT | Soins pour le corps - Monat Canada English\" \/>\n\t\t<meta property=\"og:description\" content=\"Hydratation et r\u00e9paration MONAT BODY CARE\u2122&quot; loading=&quot;lazy&quot;&gt; S\u00e9rum pour le corps Hydratation et r\u00e9paration MONAT BODY CARE\u2122 Un s\u00e9rum hautement concentr\u00e9 pour le corps qui hydrate et nourrit instantan\u00e9ment la peau. 178 ml \u212e 6 oz liq. Retail Price$00.00 (USD) VIP Customer Price$00.00 (USD) Pour en savoir plus sur le S\u00e9rum pour le corps Hydratation et\" \/>\n\t\t<meta property=\"og:url\" content=\"https:\/\/monatglobal.com\/ca\/body-hydrate-serum\/?lang=fr\" \/>\n\t\t<meta property=\"article:published_time\" content=\"2021-08-23T20:21:57+00:00\" \/>\n\t\t<meta property=\"article:modified_time\" content=\"2026-01-19T20:13:08+00:00\" \/>\n\t\t<meta name=\"twitter:card\" content=\"summary_large_image\" \/>\n\t\t<meta name=\"twitter:title\" content=\"S\u00e9rum pour le corps Hydratation et r\u00e9paration | Soins de la peau MONAT | Soins pour le corps - Monat Canada English\" \/>\n\t\t<meta name=\"twitter:description\" content=\"Hydratation et r\u00e9paration MONAT BODY CARE\u2122&quot; loading=&quot;lazy&quot;&gt; S\u00e9rum pour le corps Hydratation et r\u00e9paration MONAT BODY CARE\u2122 Un s\u00e9rum hautement concentr\u00e9 pour le corps qui hydrate et nourrit instantan\u00e9ment la peau. 178 ml \u212e 6 oz liq. Retail Price$00.00 (USD) VIP Customer Price$00.00 (USD) Pour en savoir plus sur le S\u00e9rum pour le corps Hydratation et\" \/>\n\t\t<script type=\"application\/ld+json\" class=\"aioseo-schema\">\n\t\t\t{\"@context\":\"https:\\\/\\\/schema.org\",\"@graph\":[{\"@type\":\"BreadcrumbList\",\"@id\":\"https:\\\/\\\/monatglobal.com\\\/ca\\\/body-hydrate-serum\\\/?lang=fr#breadcrumblist\",\"itemListElement\":[{\"@type\":\"ListItem\",\"@id\":\"https:\\\/\\\/monatglobal.com\\\/ca#listItem\",\"position\":1,\"name\":\"Home\",\"item\":\"https:\\\/\\\/monatglobal.com\\\/ca\",\"nextItem\":{\"@type\":\"ListItem\",\"@id\":\"https:\\\/\\\/monatglobal.com\\\/ca\\\/body-hydrate-serum\\\/?lang=fr#listItem\",\"name\":\"S\\u00e9rum pour le corps Hydratation et r\\u00e9paration | Soins de la peau MONAT | Soins pour le corps\"}},{\"@type\":\"ListItem\",\"@id\":\"https:\\\/\\\/monatglobal.com\\\/ca\\\/body-hydrate-serum\\\/?lang=fr#listItem\",\"position\":2,\"name\":\"S\\u00e9rum pour le corps Hydratation et r\\u00e9paration | Soins de la peau MONAT | Soins pour le corps\",\"previousItem\":{\"@type\":\"ListItem\",\"@id\":\"https:\\\/\\\/monatglobal.com\\\/ca#listItem\",\"name\":\"Home\"}}]},{\"@type\":\"Organization\",\"@id\":\"https:\\\/\\\/monatglobal.com\\\/ca\\\/#organization\",\"name\":\"Monat Canada English\",\"description\":\"We Are Modern Nature\",\"url\":\"https:\\\/\\\/monatglobal.com\\\/ca\\\/\"},{\"@type\":\"WebPage\",\"@id\":\"https:\\\/\\\/monatglobal.com\\\/ca\\\/body-hydrate-serum\\\/?lang=fr#webpage\",\"url\":\"https:\\\/\\\/monatglobal.com\\\/ca\\\/body-hydrate-serum\\\/?lang=fr\",\"name\":\"S\\u00e9rum pour le corps Hydratation et r\\u00e9paration | Soins de la peau MONAT | Soins pour le corps - Monat Canada English\",\"description\":\"Hydratation et r\\u00e9paration MONAT BODY CARE\\u2122\\\" loading=\\\"lazy\\\"> S\\u00e9rum pour le corps Hydratation et r\\u00e9paration MONAT BODY CARE\\u2122 Un s\\u00e9rum hautement concentr\\u00e9 pour le corps qui hydrate et nourrit instantan\\u00e9ment la peau. 178 ml \\u212e 6 oz liq. Retail Price$00.00 (USD) VIP Customer Price$00.00 (USD) Pour en savoir plus sur le S\\u00e9rum pour le corps Hydratation et\",\"inLanguage\":\"en-US\",\"isPartOf\":{\"@id\":\"https:\\\/\\\/monatglobal.com\\\/ca\\\/#website\"},\"breadcrumb\":{\"@id\":\"https:\\\/\\\/monatglobal.com\\\/ca\\\/body-hydrate-serum\\\/?lang=fr#breadcrumblist\"},\"image\":{\"@type\":\"ImageObject\",\"url\":\"https:\\\/\\\/monatglobal.com\\\/ca\\\/wp-content\\\/uploads\\\/sites\\\/5\\\/2021\\\/08\\\/HYDRATE-REPAIR-BODY-SERUM-ecomm.png\",\"@id\":\"https:\\\/\\\/monatglobal.com\\\/ca\\\/body-hydrate-serum\\\/?lang=fr\\\/#mainImage\",\"width\":641,\"height\":800},\"primaryImageOfPage\":{\"@id\":\"https:\\\/\\\/monatglobal.com\\\/ca\\\/body-hydrate-serum\\\/?lang=fr#mainImage\"},\"datePublished\":\"2021-08-23T16:21:57-04:00\",\"dateModified\":\"2026-01-19T15:13:08-05:00\"},{\"@type\":\"WebSite\",\"@id\":\"https:\\\/\\\/monatglobal.com\\\/ca\\\/#website\",\"url\":\"https:\\\/\\\/monatglobal.com\\\/ca\\\/\",\"name\":\"Monat Canada English\",\"description\":\"We Are Modern Nature\",\"inLanguage\":\"en-US\",\"publisher\":{\"@id\":\"https:\\\/\\\/monatglobal.com\\\/ca\\\/#organization\"}}]}\n\t\t<\/script>\n\t\t<!-- All in One SEO Pro -->\r\n\t\t<title>S\u00e9rum pour le corps Hydratation et r\u00e9paration | Soins de la peau MONAT | Soins pour le corps - Monat Canada English<\/title>\n\n","aioseo_head_json":{"title":"S\u00e9rum pour le corps Hydratation et r\u00e9paration | Soins de la peau MONAT | Soins pour le corps - Monat Canada English","description":"Hydratation et r\u00e9paration MONAT BODY CARE\u2122\" loading=\"lazy\"> S\u00e9rum pour le corps Hydratation et r\u00e9paration MONAT BODY CARE\u2122 Un s\u00e9rum hautement concentr\u00e9 pour le corps qui hydrate et nourrit instantan\u00e9ment la peau. 178 ml \u212e 6 oz liq. Retail Price$00.00 (USD) VIP Customer Price$00.00 (USD) Pour en savoir plus sur le S\u00e9rum pour le corps Hydratation et","canonical_url":"https:\/\/monatglobal.com\/ca\/body-hydrate-serum\/?lang=fr","robots":"max-image-preview:large","keywords":"","webmasterTools":{"miscellaneous":""},"schema":{"@context":"https:\/\/schema.org","@graph":[{"@type":"BreadcrumbList","@id":"https:\/\/monatglobal.com\/ca\/body-hydrate-serum\/?lang=fr#breadcrumblist","itemListElement":[{"@type":"ListItem","@id":"https:\/\/monatglobal.com\/ca#listItem","position":1,"name":"Home","item":"https:\/\/monatglobal.com\/ca","nextItem":{"@type":"ListItem","@id":"https:\/\/monatglobal.com\/ca\/body-hydrate-serum\/?lang=fr#listItem","name":"S\u00e9rum pour le corps Hydratation et r\u00e9paration | Soins de la peau MONAT | Soins pour le corps"}},{"@type":"ListItem","@id":"https:\/\/monatglobal.com\/ca\/body-hydrate-serum\/?lang=fr#listItem","position":2,"name":"S\u00e9rum pour le corps Hydratation et r\u00e9paration | Soins de la peau MONAT | Soins pour le corps","previousItem":{"@type":"ListItem","@id":"https:\/\/monatglobal.com\/ca#listItem","name":"Home"}}]},{"@type":"Organization","@id":"https:\/\/monatglobal.com\/ca\/#organization","name":"Monat Canada English","description":"We Are Modern Nature","url":"https:\/\/monatglobal.com\/ca\/"},{"@type":"WebPage","@id":"https:\/\/monatglobal.com\/ca\/body-hydrate-serum\/?lang=fr#webpage","url":"https:\/\/monatglobal.com\/ca\/body-hydrate-serum\/?lang=fr","name":"S\u00e9rum pour le corps Hydratation et r\u00e9paration | Soins de la peau MONAT | Soins pour le corps - Monat Canada English","description":"Hydratation et r\u00e9paration MONAT BODY CARE\u2122\" loading=\"lazy\"> S\u00e9rum pour le corps Hydratation et r\u00e9paration MONAT BODY CARE\u2122 Un s\u00e9rum hautement concentr\u00e9 pour le corps qui hydrate et nourrit instantan\u00e9ment la peau. 178 ml \u212e 6 oz liq. Retail Price$00.00 (USD) VIP Customer Price$00.00 (USD) Pour en savoir plus sur le S\u00e9rum pour le corps Hydratation et","inLanguage":"en-US","isPartOf":{"@id":"https:\/\/monatglobal.com\/ca\/#website"},"breadcrumb":{"@id":"https:\/\/monatglobal.com\/ca\/body-hydrate-serum\/?lang=fr#breadcrumblist"},"image":{"@type":"ImageObject","url":"https:\/\/monatglobal.com\/ca\/wp-content\/uploads\/sites\/5\/2021\/08\/HYDRATE-REPAIR-BODY-SERUM-ecomm.png","@id":"https:\/\/monatglobal.com\/ca\/body-hydrate-serum\/?lang=fr\/#mainImage","width":641,"height":800},"primaryImageOfPage":{"@id":"https:\/\/monatglobal.com\/ca\/body-hydrate-serum\/?lang=fr#mainImage"},"datePublished":"2021-08-23T16:21:57-04:00","dateModified":"2026-01-19T15:13:08-05:00"},{"@type":"WebSite","@id":"https:\/\/monatglobal.com\/ca\/#website","url":"https:\/\/monatglobal.com\/ca\/","name":"Monat Canada English","description":"We Are Modern Nature","inLanguage":"en-US","publisher":{"@id":"https:\/\/monatglobal.com\/ca\/#organization"}}]},"og:locale":"en_US","og:site_name":"Monat Canada English - We Are Modern Nature","og:type":"article","og:title":"S\u00e9rum pour le corps Hydratation et r\u00e9paration | Soins de la peau MONAT | Soins pour le corps - Monat Canada English","og:description":"Hydratation et r\u00e9paration MONAT BODY CARE\u2122&quot; loading=&quot;lazy&quot;&gt; S\u00e9rum pour le corps Hydratation et r\u00e9paration MONAT BODY CARE\u2122 Un s\u00e9rum hautement concentr\u00e9 pour le corps qui hydrate et nourrit instantan\u00e9ment la peau. 178 ml \u212e 6 oz liq. Retail Price$00.00 (USD) VIP Customer Price$00.00 (USD) Pour en savoir plus sur le S\u00e9rum pour le corps Hydratation et","og:url":"https:\/\/monatglobal.com\/ca\/body-hydrate-serum\/?lang=fr","article:published_time":"2021-08-23T20:21:57+00:00","article:modified_time":"2026-01-19T20:13:08+00:00","twitter:card":"summary_large_image","twitter:title":"S\u00e9rum pour le corps Hydratation et r\u00e9paration | Soins de la peau MONAT | Soins pour le corps - Monat Canada English","twitter:description":"Hydratation et r\u00e9paration MONAT BODY CARE\u2122&quot; loading=&quot;lazy&quot;&gt; S\u00e9rum pour le corps Hydratation et r\u00e9paration MONAT BODY CARE\u2122 Un s\u00e9rum hautement concentr\u00e9 pour le corps qui hydrate et nourrit instantan\u00e9ment la peau. 178 ml \u212e 6 oz liq. Retail Price$00.00 (USD) VIP Customer Price$00.00 (USD) Pour en savoir plus sur le S\u00e9rum pour le corps Hydratation et"},"aioseo_meta_data":{"post_id":"63070","title":null,"description":null,"keywords":null,"keyphrases":null,"primary_term":null,"canonical_url":null,"og_title":null,"og_description":null,"og_object_type":"default","og_image_type":"default","og_image_url":null,"og_image_width":null,"og_image_height":null,"og_image_custom_url":null,"og_image_custom_fields":null,"og_video":null,"og_custom_url":null,"og_article_section":null,"og_article_tags":null,"twitter_use_og":false,"twitter_card":"default","twitter_image_type":"default","twitter_image_url":null,"twitter_image_custom_url":null,"twitter_image_custom_fields":null,"twitter_title":null,"twitter_description":null,"schema":{"blockGraphs":[],"customGraphs":[],"default":{"data":{"Article":[],"Course":[],"Dataset":[],"FAQPage":[],"Movie":[],"Person":[],"Product":[],"ProductReview":[],"Car":[],"Recipe":[],"Service":[],"SoftwareApplication":[],"WebPage":[]},"graphName":"WebPage","isEnabled":true},"graphs":[]},"schema_type":"default","schema_type_options":null,"pillar_content":false,"robots_default":true,"robots_noindex":false,"robots_noarchive":false,"robots_nosnippet":false,"robots_nofollow":false,"robots_noimageindex":false,"robots_noodp":false,"robots_notranslate":false,"robots_max_snippet":null,"robots_max_videopreview":null,"robots_max_imagepreview":"large","priority":null,"frequency":null,"local_seo":null,"seo_analyzer_scan_date":"2026-02-10 19:57:19","limit_modified_date":false,"reviewed_by":null,"open_ai":null,"ai":null,"created":"2023-07-26 12:58:09","updated":"2026-02-10 19:57:19"},"aioseo_breadcrumb":"<div class=\"aioseo-breadcrumbs\"><span class=\"aioseo-breadcrumb\">\n\t<a href=\"https:\/\/monatglobal.com\/ca\" title=\"Home\">Home<\/a>\n<\/span><span class=\"aioseo-breadcrumb-separator\">&raquo;<\/span><span class=\"aioseo-breadcrumb\">\n\tS\u00e9rum pour le corps Hydratation et r\u00e9paration | Soins de la peau MONAT | Soins pour le corps\n<\/span><\/div>","aioseo_breadcrumb_json":[{"label":"Home","link":"https:\/\/monatglobal.com\/ca"},{"label":"S\u00e9rum pour le corps Hydratation et r\u00e9paration | Soins de la peau MONAT | Soins pour le corps","link":"https:\/\/monatglobal.com\/ca\/body-hydrate-serum\/?lang=fr"}],"_links":{"self":[{"href":"https:\/\/monatglobal.com\/ca\/wp-json\/wp\/v2\/pages\/63070","targetHints":{"allow":["GET"]}}],"collection":[{"href":"https:\/\/monatglobal.com\/ca\/wp-json\/wp\/v2\/pages"}],"about":[{"href":"https:\/\/monatglobal.com\/ca\/wp-json\/wp\/v2\/types\/page"}],"author":[{"embeddable":true,"href":"https:\/\/monatglobal.com\/ca\/wp-json\/wp\/v2\/users\/31"}],"replies":[{"embeddable":true,"href":"https:\/\/monatglobal.com\/ca\/wp-json\/wp\/v2\/comments?post=63070"}],"version-history":[{"count":51,"href":"https:\/\/monatglobal.com\/ca\/wp-json\/wp\/v2\/pages\/63070\/revisions"}],"predecessor-version":[{"id":110151,"href":"https:\/\/monatglobal.com\/ca\/wp-json\/wp\/v2\/pages\/63070\/revisions\/110151"}],"wp:featuredmedia":[{"embeddable":true,"href":"https:\/\/monatglobal.com\/ca\/wp-json\/wp\/v2\/media\/63130"}],"wp:attachment":[{"href":"https:\/\/monatglobal.com\/ca\/wp-json\/wp\/v2\/media?parent=63070"}],"wp:term":[{"taxonomy":"category","embeddable":true,"href":"https:\/\/monatglobal.com\/ca\/wp-json\/wp\/v2\/categories?post=63070"},{"taxonomy":"post_tag","embeddable":true,"href":"https:\/\/monatglobal.com\/ca\/wp-json\/wp\/v2\/tags?post=63070"}],"curies":[{"name":"wp","href":"https:\/\/api.w.org\/{rel}","templated":true}]}}