{"id":63058,"date":"2021-08-23T15:23:19","date_gmt":"2021-08-23T19:23:19","guid":{"rendered":"https:\/\/monatglobal.com\/ca\/?page_id=63058"},"modified":"2026-01-19T15:10:00","modified_gmt":"2026-01-19T20:10:00","slug":"body-wash","status":"publish","type":"page","link":"https:\/\/monatglobal.com\/ca\/body-wash\/?lang=fr","title":{"rendered":"Soin nettoyant pour le corps | Soin nettoyant pour le corps Hydratation et renouvellement | Soins de la peau MONAT"},"content":{"rendered":"\n\n\t<link rel=\"stylesheet\" href=\"https:\/\/unpkg.com\/swiper\/swiper-bundle.min.css\" \/>\n<link rel=\"stylesheet\" href=\"https:\/\/monatglobal.com\/wp-content\/creative_css\/product_styles_sheet.css\" \/>\n   <!--==================================================== ECOMM SECTION ====================================================-->\n   <p>MEILLEUR VENDEUR<\/p>\n      <!--==================================================== Ecomm image ====================================================-->\n      <img decoding=\"async\" src=\"https:\/\/monatglobal.com\/wp-content\/uploads\/2021\/08\/Moistturizw-replenish-body-wash-ecomm.png\" alt=\"Soin nettoyant pour le corps Hydratation et renouvellement MONAT BODY CARE\u2122\" loading=\"lazy\"\/>\n      <!--==================================================== Ecomm information  ====================================================-->\n         \n         <p>MEILLEUR VENDEUR<\/p>\n         <h1>Soin nettoyant pour <br \/>le corps Hydratation et renouvellement<\/h1>\n         <p>MONAT BODY CARE\u2122<\/p>\n         <p>Un soin nettoyant pour le corps qui laisse la peau douce, souple et&nbsp;ressourc\u00e9e.<\/p>\n         <p>267 ml \u212e 9 oz liq.<\/p>\n        <!--==================================================== pricing box ====================================================-->  \n<p>Retail Price<br \/>$00.00 (USD)<\/p>\n<p>VIP Customer Price<br \/>$00.00 (USD)<\/p>\n       <!--==================================================== pricing box ====================================================-->  \n         <p>Pour en savoir plus sur le Soin nettoyant pour le corps Hydratation et renouvellement MONAT BODY CARE\u2122, veuillez contacter votre partenaire de march\u00e9 MONAT.<\/p>\n         <a href=\"\" target=\"_blank\" role=\"button\" aria-label=\"\" rel=\"noopener\"><\/a>\n   <!--==================================================== \/ECOMM SECTION  ====================================================-->\n   <!--==================================================== Benefits image ====================================================-->\n   \n      <source media=\"(max-width: 700px)\" srcset=\"https:\/\/monatglobal.com\/wp-content\/uploads\/2021\/09\/Moisturize-Replenish-Body-Wash-benefits_mobile.jpg\" loading=\"lazy\"\/>\n      <img decoding=\"async\" src=\"https:\/\/monatglobal.com\/wp-content\/uploads\/2021\/09\/Moisturize-Replenish-Body-Wash-benefits-.jpg\" loading=\"lazy\"\/>\n   \n   <!--==================================================== Benefits text ====================================================-->\n         <h2>BIENFAITS<\/h2>\n         <h3>Cette formule nourrissante nettoie doucement tout en offrant une hydratation de longue dur\u00e9e pour aider \u00e0 traiter la peau s\u00e8che \u00e0 la&nbsp;source.<\/h3>\n         <p>Enrichi d&#8217;ingr\u00e9dients actifs d&#8217;origine naturelle qui hydratent sans laisser de r\u00e9sidus. Laisse la peau douce et lisse, de la t\u00eate jusqu&#8217;aux&nbsp;pieds.<\/p>\n         <!--==================================================== features image  ====================================================-->\n         <img decoding=\"async\" src=\"https:\/\/monatglobal.com\/wp-content\/uploads\/2021\/09\/Moisturize-Replenish-Body-Wash-Features-.jpg\" loading=\"lazy\"\/>\n      <!--==================================================== features text ====================================================-->\n            <h3>Un nettoyant efficace et apaisant pour le&nbsp;corps<\/h3>\n               <p>\/ Nettoie doucement sans ass\u00e9cher ou d\u00e9cape la peau <\/p>\n               <p>\/ Laisse la peau instantan\u00e9ment hydrat\u00e9e, souple, ressourc\u00e9e et nourrie <\/p>\n               <p>\/ Hydrate pendant 24 heures <\/p>\n               <p>\/ Procure \u00e0 la peau une sensation de confort et d&#8217;apaisement<\/p>\n               <p>\/ Se rince compl\u00e8tement, laissant la peau douce et souple<\/p>\n               <br \/>\n            <p>Parfum \/ Pivoine et poivre rose<\/p>\n            <p> Texture \/ Gel l\u00e9ger<\/p>\n   <!--==================================================== composition image mobile ====================================================-->\n   <img decoding=\"async\" src=\"https:\/\/monatglobal.com\/wp-content\/uploads\/2021\/09\/comp1_Moisturize-Replenish-Body-Wash-.jpg\" loading=\"lazy\"\/>\n   <!--==================================================== Why it works text ====================================================-->\n      <h2>Il hydrate et nourrit en profondeur pour r\u00e9v\u00e9ler une belle peau d&#8217;apparence&nbsp;saine.<\/h2>\n      <h3>Offrez-vous une exp\u00e9rience de nettoyage revigorante et&nbsp;hydratante.<\/h3>\n      Les extraits de \n      fleurs revitalisants adoucissent et apaisent la peau s\u00e8che tandis que le REJUVENIQE S\u2122 et l&#8217;extrait de betterave aident \u00e0 \n      nourrir et \u00e0 renouveler la peau. La peau est laiss\u00e9e hydrat\u00e9e et propre, jamais&nbsp;dess\u00e9ch\u00e9e.\n<!--==================================================== Composition section ====================================================-->\n      <img decoding=\"async\" src=\"https:\/\/monatglobal.com\/wp-content\/uploads\/2021\/09\/comp1_Moisturize-Replenish-Body-Wash-.jpg\" loading=\"lazy\"\/>\n      <img decoding=\"async\" src=\"https:\/\/monatglobal.com\/wp-content\/uploads\/2021\/09\/comp3-Moisturize-Replenish-Body_Wash.jpg\" loading=\"lazy\"\/>\n            <!--==================================================== Directions text ====================================================--> \n               <h3>Mode d&#8217;emploi<\/h3>\n               <p>\/ Appliquer sur tout le corps, sur peau&nbsp;mouill\u00e9e. <\/p>\n               <p>\/ Masser pour cr\u00e9er une riche mousse et bien&nbsp;rincer.<\/p>\n               <p>\/ Compl\u00e9ter votre routine de soins pour le corps MONAT&nbsp;BODY&nbsp;CARE\u2122.<\/p>\n            <!--==================================================== Directions video ====================================================-->\n      <p>Soin nettoyant pour le corps Hydratation et renouvellement<br \/>MONAT BODY CARE\u2122<br \/>1:34<\/p>\n  <a href=\"\" target=\"_blank\" role=\"button\" aria-label=\"\" rel=\"noopener\"><\/a>\n   <!--==================================================== Ingredients section  ====================================================-->\n      <h2>Ingr\u00e9dients cl\u00e9s<\/h2>\n               <p>REJUVATERIC AMS\u2122<\/p>\n               <p>REJUVENIQE S\u2122<\/p>\n               <p>Acide glycolique<\/p>\n               <p>Niacinamide<\/p>\n               <p>Fructooligosaccharides<\/p>\n               <p>Eau de rose<\/p>\n        <button id=\"myBtn\" type=\"button\">LISTE D&#8217;INGR\u00c9DIENTS<\/button>\n      <!--==================================================== Modal content  ====================================================-->\n         &times;\n         Aqua\/Water\/Eau, Sodium Lauroyl Methyl Isethionate, Cocamidopropyl Betaine, Sodium Methyl Oleoyl Taurate, Sodium Cocoyl Isethionate, \n         Fragrance\/Parfum, Propanediol, Rosa Damascena Flower Water, Beta Vulgaris (Beet) Root Extract \/Beta Vulgaris\/Extrait de racine de betterave, \n         Fructooligosaccharides, Adansonia Digitata Oil, Caryocar Brasiliense Fruit Oil, Cocos Nucifera (Coconut) Oil, Gardenia Taitensis Flower Extract, \n         Helianthus Annuus (Sunflower) Seed Oil, Mauritia Flexuosa Fruit Oil, Moringa Oleifera Seed Oil, Simmondsia Chinensis (Jojoba) Seed Extract, Citrus \n         Aurantifolia (Lime) Oil, Citrus Aurantium Bergamia (Bergamot) Fruit Oil, Camellia Oleifera Seed Oil, Olea Europaea (Olive) Fruit Oil, Citrus Limon \n         (Lemon) Peel Oil, Daucus Carota Sativa (Carrot) Seed Oil, Solanum Lycopersicum (Tomato) Seed Oil, Crambe Abyssinica Seed Oil, Tocopherol, Limnanthes \n         Alba (Meadowfoam) Seed Oil, Lactic Acid, Citric Acid, Potassium Lactate, Sodium Chloride, Glycolic Acid, Trisodium Ethylenediamine Disuccinate, \n         Polyquaternium-7, Ethylhexylglycerin, Niacinamide, Polyquaternium-10, Cocamidopropyl Dimethylamine, Cocamidopropyl Hydroxysultaine, Glycerin, Abyssinian \n         \/Meadowfoamamidopropyl Hydroxysultaine, Potassium Sorbate, Sodium Benzoate, Benzyl Alcohol.\n   <!--==================================================== You might also like section ====================================================-->\n      <h2>VOUS POURRIEZ AUSSI AIMER<\/h2>\n      <!--==================================================== Slider YOU MIGHT ALSO LIKE ====================================================-->\n      <!---->\n      <!--   -->\n            <!--==================================================== Slides products ====================================================-->\n      <!--      -->\n      <!--         <a href=\"\/ca\/body-hydrate-serum\/?lang=fr\" aria-label=\"Go to S\u00e9rum pour le corps Hydratation et r\u00e9paration MONAT BODY CARE\u2122 page\">-->\n      <!--            <img decoding=\"async\" src=\"https:\/\/monatglobal.com\/wp-content\/uploads\/2022\/12\/HYDRATE-REPAIR-BODY-SERUM-ecomm-min.png\" alt=\"S\u00e9rum pour le corps Hydratation et r\u00e9paration MONAT BODY CARE\u2122\" loading=\"lazy\"\/>-->\n      <!--            <p>S\u00e9rum pour le corps <br \/>Hydratation et r\u00e9paration <br \/>MONAT BODY CARE\u2122<\/p>-->\n      <!--         <\/a>-->\n      <!--      -->\n      <!--      -->\n      <!--         <a href=\"\/ca\/body-lotion\/?lang=fr\" aria-label=\"Go to Lotion pour le corps lissante et renouvelante MONAT BODY CARE\u2122 page\">-->\n      <!--            <img decoding=\"async\" src=\"https:\/\/monatglobal.com\/wp-content\/uploads\/2022\/12\/SMOOTH-RENEW-BODY-LOTION-ecomm-1-min.png\" alt=\"Lotion pour le corps lissante et renouvelante MONAT BODY CARE\u2122\" loading=\"lazy\"\/>-->\n      <!--            <p>Lotion pour le corps <br \/>lissante et renouvelante <br \/>MONAT BODY CARE\u2122<\/p>-->\n      <!--         <\/a>-->\n      <!--      -->\n      <!--      -->\n      <!--         <a href=\"\/ca\/hand-cream\/?lang=fr\" aria-label=\"Go to Cr\u00e8me hydratante pour les mains soyeuse et apaisante MONAT BODY CARE\u2122 page\">-->\n      <!--            <img decoding=\"async\" src=\"https:\/\/monatglobal.com\/wp-content\/uploads\/2022\/12\/SILKY-SOOTHING-HAND-CREAM-ecomm-min.png\" alt=\"Cr\u00e8me hydratante pour les mains soyeuse et apaisante MONAT BODY CARE\u2122\" loading=\"lazy\"\/>-->\n      <!--            <p>Cr\u00e8me hydratante pour <br \/>les mains soyeuse et apaisante <br \/>MONAT BODY CARE\u2122<\/p>-->\n      <!--         <\/a>-->\n      <!--      -->\n      <!--   -->\n         <!--==================================================== If we need navigation buttons  ====================================================-->\n      <!--   -->\n      <!--   -->\n         <!--==================================================== If we need paginations  ====================================================-->\n      <!--   -->\n      <!---->\n<!-- If we need navigation buttons -->\n<!-- If we need paginations -->\n<a href=\"\" aria-label=\"\"><\/a>\n<!--==================================================== this link has to go last for it to work   ====================================================-->\n\n","protected":false},"excerpt":{"rendered":"<p>MEILLEUR VENDEUR MEILLEUR VENDEUR Soin nettoyant pour le corps Hydratation et renouvellement MONAT BODY CARE\u2122 Un soin nettoyant pour le corps qui laisse la peau douce, souple et&nbsp;ressourc\u00e9e. 267 ml \u212e 9 oz liq. Retail Price$00.00 (USD) VIP Customer Price$00.00 (USD) Pour en savoir plus sur le Soin nettoyant pour le corps Hydratation et renouvellement&hellip;<\/p>\n","protected":false},"author":31,"featured_media":63131,"parent":0,"menu_order":0,"comment_status":"closed","ping_status":"closed","template":"","meta":{"inline_featured_image":false,"om_disable_all_campaigns":false,"_monsterinsights_skip_tracking":false,"_monsterinsights_sitenote_active":false,"_monsterinsights_sitenote_note":"","_monsterinsights_sitenote_category":0,"footnotes":""},"categories":[3629],"tags":[],"class_list":["post-63058","page","type-page","status-publish","has-post-thumbnail","hentry","category-product-fra"],"aioseo_notices":[],"aioseo_head":"\n\t\t<!-- All in One SEO Pro 4.9.5.2 - aioseo.com -->\n\t<meta name=\"description\" content=\"MEILLEUR VENDEUR MEILLEUR VENDEUR Soin nettoyant pour le corps Hydratation et renouvellement MONAT BODY CARE\u2122 Un soin nettoyant pour le corps qui laisse la peau douce, souple et ressourc\u00e9e. 267 ml \u212e 9 oz liq. Retail Price$00.00 (USD) VIP Customer Price$00.00 (USD) Pour en savoir plus sur le Soin nettoyant pour le corps Hydratation et renouvellement\" \/>\n\t<meta name=\"robots\" content=\"max-image-preview:large\" \/>\n\t<link rel=\"canonical\" href=\"https:\/\/monatglobal.com\/ca\/body-wash\/?lang=fr\" \/>\n\t<meta name=\"generator\" content=\"All in One SEO Pro (AIOSEO) 4.9.5.2\" \/>\n\t\t<meta property=\"og:locale\" content=\"en_US\" \/>\n\t\t<meta property=\"og:site_name\" content=\"Monat Canada English - We Are Modern Nature\" \/>\n\t\t<meta property=\"og:type\" content=\"article\" \/>\n\t\t<meta property=\"og:title\" content=\"Soin nettoyant pour le corps | Soin nettoyant pour le corps Hydratation et renouvellement | Soins de la peau MONAT - Monat Canada English\" \/>\n\t\t<meta property=\"og:description\" content=\"MEILLEUR VENDEUR MEILLEUR VENDEUR Soin nettoyant pour le corps Hydratation et renouvellement MONAT BODY CARE\u2122 Un soin nettoyant pour le corps qui laisse la peau douce, souple et ressourc\u00e9e. 267 ml \u212e 9 oz liq. Retail Price$00.00 (USD) VIP Customer Price$00.00 (USD) Pour en savoir plus sur le Soin nettoyant pour le corps Hydratation et renouvellement\" \/>\n\t\t<meta property=\"og:url\" content=\"https:\/\/monatglobal.com\/ca\/body-wash\/?lang=fr\" \/>\n\t\t<meta property=\"article:published_time\" content=\"2021-08-23T19:23:19+00:00\" \/>\n\t\t<meta property=\"article:modified_time\" content=\"2026-01-19T20:10:00+00:00\" \/>\n\t\t<meta name=\"twitter:card\" content=\"summary_large_image\" \/>\n\t\t<meta name=\"twitter:title\" content=\"Soin nettoyant pour le corps | Soin nettoyant pour le corps Hydratation et renouvellement | Soins de la peau MONAT - Monat Canada English\" \/>\n\t\t<meta name=\"twitter:description\" content=\"MEILLEUR VENDEUR MEILLEUR VENDEUR Soin nettoyant pour le corps Hydratation et renouvellement MONAT BODY CARE\u2122 Un soin nettoyant pour le corps qui laisse la peau douce, souple et ressourc\u00e9e. 267 ml \u212e 9 oz liq. Retail Price$00.00 (USD) VIP Customer Price$00.00 (USD) Pour en savoir plus sur le Soin nettoyant pour le corps Hydratation et renouvellement\" \/>\n\t\t<script type=\"application\/ld+json\" class=\"aioseo-schema\">\n\t\t\t{\"@context\":\"https:\\\/\\\/schema.org\",\"@graph\":[{\"@type\":\"BreadcrumbList\",\"@id\":\"https:\\\/\\\/monatglobal.com\\\/ca\\\/body-wash\\\/?lang=fr#breadcrumblist\",\"itemListElement\":[{\"@type\":\"ListItem\",\"@id\":\"https:\\\/\\\/monatglobal.com\\\/ca#listItem\",\"position\":1,\"name\":\"Home\",\"item\":\"https:\\\/\\\/monatglobal.com\\\/ca\",\"nextItem\":{\"@type\":\"ListItem\",\"@id\":\"https:\\\/\\\/monatglobal.com\\\/ca\\\/body-wash\\\/?lang=fr#listItem\",\"name\":\"Soin nettoyant pour le corps | Soin nettoyant pour le corps Hydratation et renouvellement | Soins de la peau MONAT\"}},{\"@type\":\"ListItem\",\"@id\":\"https:\\\/\\\/monatglobal.com\\\/ca\\\/body-wash\\\/?lang=fr#listItem\",\"position\":2,\"name\":\"Soin nettoyant pour le corps | Soin nettoyant pour le corps Hydratation et renouvellement | Soins de la peau MONAT\",\"previousItem\":{\"@type\":\"ListItem\",\"@id\":\"https:\\\/\\\/monatglobal.com\\\/ca#listItem\",\"name\":\"Home\"}}]},{\"@type\":\"Organization\",\"@id\":\"https:\\\/\\\/monatglobal.com\\\/ca\\\/#organization\",\"name\":\"Monat Canada English\",\"description\":\"We Are Modern Nature\",\"url\":\"https:\\\/\\\/monatglobal.com\\\/ca\\\/\"},{\"@type\":\"WebPage\",\"@id\":\"https:\\\/\\\/monatglobal.com\\\/ca\\\/body-wash\\\/?lang=fr#webpage\",\"url\":\"https:\\\/\\\/monatglobal.com\\\/ca\\\/body-wash\\\/?lang=fr\",\"name\":\"Soin nettoyant pour le corps | Soin nettoyant pour le corps Hydratation et renouvellement | Soins de la peau MONAT - Monat Canada English\",\"description\":\"MEILLEUR VENDEUR MEILLEUR VENDEUR Soin nettoyant pour le corps Hydratation et renouvellement MONAT BODY CARE\\u2122 Un soin nettoyant pour le corps qui laisse la peau douce, souple et ressourc\\u00e9e. 267 ml \\u212e 9 oz liq. Retail Price$00.00 (USD) VIP Customer Price$00.00 (USD) Pour en savoir plus sur le Soin nettoyant pour le corps Hydratation et renouvellement\",\"inLanguage\":\"en-US\",\"isPartOf\":{\"@id\":\"https:\\\/\\\/monatglobal.com\\\/ca\\\/#website\"},\"breadcrumb\":{\"@id\":\"https:\\\/\\\/monatglobal.com\\\/ca\\\/body-wash\\\/?lang=fr#breadcrumblist\"},\"image\":{\"@type\":\"ImageObject\",\"url\":\"https:\\\/\\\/monatglobal.com\\\/ca\\\/wp-content\\\/uploads\\\/sites\\\/5\\\/2021\\\/08\\\/Moistturizw-replenish-body-wash-ecomm.png\",\"@id\":\"https:\\\/\\\/monatglobal.com\\\/ca\\\/body-wash\\\/?lang=fr\\\/#mainImage\",\"width\":641,\"height\":800},\"primaryImageOfPage\":{\"@id\":\"https:\\\/\\\/monatglobal.com\\\/ca\\\/body-wash\\\/?lang=fr#mainImage\"},\"datePublished\":\"2021-08-23T15:23:19-04:00\",\"dateModified\":\"2026-01-19T15:10:00-05:00\"},{\"@type\":\"WebSite\",\"@id\":\"https:\\\/\\\/monatglobal.com\\\/ca\\\/#website\",\"url\":\"https:\\\/\\\/monatglobal.com\\\/ca\\\/\",\"name\":\"Monat Canada English\",\"description\":\"We Are Modern Nature\",\"inLanguage\":\"en-US\",\"publisher\":{\"@id\":\"https:\\\/\\\/monatglobal.com\\\/ca\\\/#organization\"}}]}\n\t\t<\/script>\n\t\t<!-- All in One SEO Pro -->\r\n\t\t<title>Soin nettoyant pour le corps | Soin nettoyant pour le corps Hydratation et renouvellement | Soins de la peau MONAT - Monat Canada English<\/title>\n\n","aioseo_head_json":{"title":"Soin nettoyant pour le corps | Soin nettoyant pour le corps Hydratation et renouvellement | Soins de la peau MONAT - Monat Canada English","description":"MEILLEUR VENDEUR MEILLEUR VENDEUR Soin nettoyant pour le corps Hydratation et renouvellement MONAT BODY CARE\u2122 Un soin nettoyant pour le corps qui laisse la peau douce, souple et ressourc\u00e9e. 267 ml \u212e 9 oz liq. Retail Price$00.00 (USD) VIP Customer Price$00.00 (USD) Pour en savoir plus sur le Soin nettoyant pour le corps Hydratation et renouvellement","canonical_url":"https:\/\/monatglobal.com\/ca\/body-wash\/?lang=fr","robots":"max-image-preview:large","keywords":"","webmasterTools":{"miscellaneous":""},"schema":{"@context":"https:\/\/schema.org","@graph":[{"@type":"BreadcrumbList","@id":"https:\/\/monatglobal.com\/ca\/body-wash\/?lang=fr#breadcrumblist","itemListElement":[{"@type":"ListItem","@id":"https:\/\/monatglobal.com\/ca#listItem","position":1,"name":"Home","item":"https:\/\/monatglobal.com\/ca","nextItem":{"@type":"ListItem","@id":"https:\/\/monatglobal.com\/ca\/body-wash\/?lang=fr#listItem","name":"Soin nettoyant pour le corps | Soin nettoyant pour le corps Hydratation et renouvellement | Soins de la peau MONAT"}},{"@type":"ListItem","@id":"https:\/\/monatglobal.com\/ca\/body-wash\/?lang=fr#listItem","position":2,"name":"Soin nettoyant pour le corps | Soin nettoyant pour le corps Hydratation et renouvellement | Soins de la peau MONAT","previousItem":{"@type":"ListItem","@id":"https:\/\/monatglobal.com\/ca#listItem","name":"Home"}}]},{"@type":"Organization","@id":"https:\/\/monatglobal.com\/ca\/#organization","name":"Monat Canada English","description":"We Are Modern Nature","url":"https:\/\/monatglobal.com\/ca\/"},{"@type":"WebPage","@id":"https:\/\/monatglobal.com\/ca\/body-wash\/?lang=fr#webpage","url":"https:\/\/monatglobal.com\/ca\/body-wash\/?lang=fr","name":"Soin nettoyant pour le corps | Soin nettoyant pour le corps Hydratation et renouvellement | Soins de la peau MONAT - Monat Canada English","description":"MEILLEUR VENDEUR MEILLEUR VENDEUR Soin nettoyant pour le corps Hydratation et renouvellement MONAT BODY CARE\u2122 Un soin nettoyant pour le corps qui laisse la peau douce, souple et ressourc\u00e9e. 267 ml \u212e 9 oz liq. Retail Price$00.00 (USD) VIP Customer Price$00.00 (USD) Pour en savoir plus sur le Soin nettoyant pour le corps Hydratation et renouvellement","inLanguage":"en-US","isPartOf":{"@id":"https:\/\/monatglobal.com\/ca\/#website"},"breadcrumb":{"@id":"https:\/\/monatglobal.com\/ca\/body-wash\/?lang=fr#breadcrumblist"},"image":{"@type":"ImageObject","url":"https:\/\/monatglobal.com\/ca\/wp-content\/uploads\/sites\/5\/2021\/08\/Moistturizw-replenish-body-wash-ecomm.png","@id":"https:\/\/monatglobal.com\/ca\/body-wash\/?lang=fr\/#mainImage","width":641,"height":800},"primaryImageOfPage":{"@id":"https:\/\/monatglobal.com\/ca\/body-wash\/?lang=fr#mainImage"},"datePublished":"2021-08-23T15:23:19-04:00","dateModified":"2026-01-19T15:10:00-05:00"},{"@type":"WebSite","@id":"https:\/\/monatglobal.com\/ca\/#website","url":"https:\/\/monatglobal.com\/ca\/","name":"Monat Canada English","description":"We Are Modern Nature","inLanguage":"en-US","publisher":{"@id":"https:\/\/monatglobal.com\/ca\/#organization"}}]},"og:locale":"en_US","og:site_name":"Monat Canada English - We Are Modern Nature","og:type":"article","og:title":"Soin nettoyant pour le corps | Soin nettoyant pour le corps Hydratation et renouvellement | Soins de la peau MONAT - Monat Canada English","og:description":"MEILLEUR VENDEUR MEILLEUR VENDEUR Soin nettoyant pour le corps Hydratation et renouvellement MONAT BODY CARE\u2122 Un soin nettoyant pour le corps qui laisse la peau douce, souple et ressourc\u00e9e. 267 ml \u212e 9 oz liq. Retail Price$00.00 (USD) VIP Customer Price$00.00 (USD) Pour en savoir plus sur le Soin nettoyant pour le corps Hydratation et renouvellement","og:url":"https:\/\/monatglobal.com\/ca\/body-wash\/?lang=fr","article:published_time":"2021-08-23T19:23:19+00:00","article:modified_time":"2026-01-19T20:10:00+00:00","twitter:card":"summary_large_image","twitter:title":"Soin nettoyant pour le corps | Soin nettoyant pour le corps Hydratation et renouvellement | Soins de la peau MONAT - Monat Canada English","twitter:description":"MEILLEUR VENDEUR MEILLEUR VENDEUR Soin nettoyant pour le corps Hydratation et renouvellement MONAT BODY CARE\u2122 Un soin nettoyant pour le corps qui laisse la peau douce, souple et ressourc\u00e9e. 267 ml \u212e 9 oz liq. Retail Price$00.00 (USD) VIP Customer Price$00.00 (USD) Pour en savoir plus sur le Soin nettoyant pour le corps Hydratation et renouvellement"},"aioseo_meta_data":{"post_id":"63058","title":null,"description":null,"keywords":null,"keyphrases":null,"primary_term":null,"canonical_url":null,"og_title":null,"og_description":null,"og_object_type":"default","og_image_type":"default","og_image_url":null,"og_image_width":null,"og_image_height":null,"og_image_custom_url":null,"og_image_custom_fields":null,"og_video":null,"og_custom_url":null,"og_article_section":null,"og_article_tags":null,"twitter_use_og":false,"twitter_card":"default","twitter_image_type":"default","twitter_image_url":null,"twitter_image_custom_url":null,"twitter_image_custom_fields":null,"twitter_title":null,"twitter_description":null,"schema":{"blockGraphs":[],"customGraphs":[],"default":{"data":{"Article":[],"Course":[],"Dataset":[],"FAQPage":[],"Movie":[],"Person":[],"Product":[],"ProductReview":[],"Car":[],"Recipe":[],"Service":[],"SoftwareApplication":[],"WebPage":[]},"graphName":"WebPage","isEnabled":true},"graphs":[]},"schema_type":"default","schema_type_options":null,"pillar_content":false,"robots_default":true,"robots_noindex":false,"robots_noarchive":false,"robots_nosnippet":false,"robots_nofollow":false,"robots_noimageindex":false,"robots_noodp":false,"robots_notranslate":false,"robots_max_snippet":null,"robots_max_videopreview":null,"robots_max_imagepreview":"large","priority":null,"frequency":null,"local_seo":null,"seo_analyzer_scan_date":"2026-02-10 19:55:36","limit_modified_date":false,"reviewed_by":null,"open_ai":null,"ai":null,"created":"2023-07-26 12:56:50","updated":"2026-02-10 19:55:36"},"aioseo_breadcrumb":"<div class=\"aioseo-breadcrumbs\"><span class=\"aioseo-breadcrumb\">\n\t<a href=\"https:\/\/monatglobal.com\/ca\" title=\"Home\">Home<\/a>\n<\/span><span class=\"aioseo-breadcrumb-separator\">&raquo;<\/span><span class=\"aioseo-breadcrumb\">\n\tSoin nettoyant pour le corps | Soin nettoyant pour le corps Hydratation et renouvellement | Soins de la peau MONAT\n<\/span><\/div>","aioseo_breadcrumb_json":[{"label":"Home","link":"https:\/\/monatglobal.com\/ca"},{"label":"Soin nettoyant pour le corps | Soin nettoyant pour le corps Hydratation et renouvellement | Soins de la peau MONAT","link":"https:\/\/monatglobal.com\/ca\/body-wash\/?lang=fr"}],"_links":{"self":[{"href":"https:\/\/monatglobal.com\/ca\/wp-json\/wp\/v2\/pages\/63058","targetHints":{"allow":["GET"]}}],"collection":[{"href":"https:\/\/monatglobal.com\/ca\/wp-json\/wp\/v2\/pages"}],"about":[{"href":"https:\/\/monatglobal.com\/ca\/wp-json\/wp\/v2\/types\/page"}],"author":[{"embeddable":true,"href":"https:\/\/monatglobal.com\/ca\/wp-json\/wp\/v2\/users\/31"}],"replies":[{"embeddable":true,"href":"https:\/\/monatglobal.com\/ca\/wp-json\/wp\/v2\/comments?post=63058"}],"version-history":[{"count":64,"href":"https:\/\/monatglobal.com\/ca\/wp-json\/wp\/v2\/pages\/63058\/revisions"}],"predecessor-version":[{"id":110148,"href":"https:\/\/monatglobal.com\/ca\/wp-json\/wp\/v2\/pages\/63058\/revisions\/110148"}],"wp:featuredmedia":[{"embeddable":true,"href":"https:\/\/monatglobal.com\/ca\/wp-json\/wp\/v2\/media\/63131"}],"wp:attachment":[{"href":"https:\/\/monatglobal.com\/ca\/wp-json\/wp\/v2\/media?parent=63058"}],"wp:term":[{"taxonomy":"category","embeddable":true,"href":"https:\/\/monatglobal.com\/ca\/wp-json\/wp\/v2\/categories?post=63058"},{"taxonomy":"post_tag","embeddable":true,"href":"https:\/\/monatglobal.com\/ca\/wp-json\/wp\/v2\/tags?post=63058"}],"curies":[{"name":"wp","href":"https:\/\/api.w.org\/{rel}","templated":true}]}}