{"id":62682,"date":"2021-08-11T23:05:59","date_gmt":"2021-08-12T03:05:59","guid":{"rendered":"https:\/\/monatglobal.com\/ca\/?page_id=62682"},"modified":"2026-01-19T14:47:04","modified_gmt":"2026-01-19T19:47:04","slug":"face-mist","status":"publish","type":"page","link":"https:\/\/monatglobal.com\/ca\/face-mist\/?lang=fr","title":{"rendered":"MONAT Hydrate &#038; Refresh\u2122"},"content":{"rendered":"\n\n\t<link rel=\"stylesheet\" href=\"https:\/\/unpkg.com\/swiper\/swiper-bundle.min.css\" \/>\n<link rel=\"stylesheet\" href=\"https:\/\/monatglobal.com\/wp-content\/creative_css\/product_styles_sheet.css\" \/>\n   <!--==================================================== ECOMM SECTION ====================================================-->\n      <!--==================================================== Ecomm image ====================================================-->\n      <img decoding=\"async\" src=\"https:\/\/monatglobal.com\/wp-content\/uploads\/2021\/08\/MONAT_HYDRATE-REFRESH_ecomm-optimized.png\" alt=\"Advanced Hydrating Conditioner\" loading=\"lazy\"\/>\n      <!--==================================================== Ecomm information  ====================================================-->\n        <p>MONAT<\/p>\n         <h1> Hydrate &#038; <br \/>Refresh\u2122  <\/h1>\n         <p>Brume pour le visage<\/p>\n         <p>Hydratez votre peau \u00e0 tout moment de la journ\u00e9e. Appliquez-le avant ou apr\u00e8s le maquillage pour un petit remontant au parfum apaisant de noix de coco et de melon d&#8217;eau.<\/p>\n         <p>100 ml \u212e 3,4 oz liq.<\/p>\n     <!--==================================================== pricing box ====================================================-->  \n<p>Retail Price<br \/>$00.00 (USD)<\/p>\n<p>VIP Customer Price<br \/>$00.00 (USD)<\/p>\n     <!--==================================================== pricing box ====================================================-->  \n         <p>Pour en savoir plus sur le MONAT Hydrate &#038; Refresh\u2122, veuillez contacter votre partenaire de march\u00e9 MONAT. <\/p>\n        <a href=\"\" target=\"_blank\" role=\"button\" aria-label=\"\" rel=\"noopener\"><\/a>\n   <!--==================================================== \/ECOMM SECTION  ====================================================-->\n   <!--==================================================== Benefits image ====================================================-->\n   \n      <source media=\"(max-width: 700px)\" srcset=\"https:\/\/monatglobal.com\/wp-content\/uploads\/2021\/08\/MONAT-Hydrate-Refresh-benefits-mobile.jpg\" loading=\"lazy\"\/>\n      <img decoding=\"async\" src=\"https:\/\/monatglobal.com\/wp-content\/uploads\/2021\/08\/MONAT-Hydrate-Refresh-benefits.jpg\"\n      alt=\"Woman with freckles, smiling, while looking down holding MONAT's Hydrate &#038; Refresh product to her left.\" loading=\"lazy\"\/>\n   \n   <!--==================================================== Benefits text ====================================================-->\n         <h2>BIENFAITS<\/h2>\n         <h3>Cette brume ultra fine sans alcool illumine instantan\u00e9ment l&#8217;apparence de la peau terne. <\/h3>\n         <p>Les antioxydants d\u00e9riv\u00e9s de superfruits prot\u00e8gent contre les agresseurs environnementaux tandis que l&#8217;extrait de melon d&#8217;eau et l&#8217;eau de noix de coco donnent une lueur saine \u00e0 la peau.<\/p>\n         <!--==================================================== features image  ====================================================-->\n         <img decoding=\"async\" src=\"https:\/\/monatglobal.com\/ca\/wp-content\/uploads\/sites\/5\/2021\/08\/MONAT-Hydrate-Refresh-features.jpg\"\n         alt=\"Two MONAT Hydrate &#038; Refresh product bottles set over an artisanal chair with a white cloth.\" loading=\"lazy\"\/>\n      <!--==================================================== features text ====================================================-->\n            <h3>Ayez bonne mine tout au long de la journ\u00e9e.<\/h3>\n             <p>\/ Prot\u00e8ge la peau des agresseurs environnementaux<\/p>\n\t         <p>\/ Laisse la peau radieuse, fra\u00eeche et d&#8217;apparence saine<\/p>\n\t         <p>\/ La peau est rafra\u00eechie et calme tout au long de la journ\u00e9e<\/p>\n\t         <p>\/ Hydrate la peau jusqu&#8217;\u00e0 24 heures<\/p>\n\t         <p>\/ Aide \u00e0 ajuster ou \u00e0 fixer le maquillage sans le perturber<\/p>\n               <br \/>\n        <p>Parfum \/ Noix de coco et melon d&#8217;eau   <\/p>\n   <!--==================================================== composition image mobile ====================================================-->\n   <img decoding=\"async\" src=\"https:\/\/monatglobal.com\/ca\/wp-content\/uploads\/sites\/5\/2021\/08\/MONAT-Hydrate-Refresh-comp1.jpg\"\n   alt=\"MONAT Hydrate &#038; Refresh product is set over a pink water texture background and ripples.\" loading=\"lazy\"\/>\n   <!--==================================================== Why it works text ====================================================-->\n      <h2>Offre une dose quotidienne de nutriments pour augmenter le niveau d&#8217;hydratation.<\/h2>\n      <h3>Cette brume pour le visage ultra fine est sans alcool et regorge d&#8217;ingr\u00e9dients actifs hydratants qui prot\u00e8gent la peau contre la pollution et les agresseurs environnementaux. \n      <\/h3>\n      <p>Elle fournit une dose quotidienne de nutriments pour augmenter l&#8217;hydratation, restaurer l&#8217;hydratation et \u00e9quilibrer la peau sans d\u00e9ranger le maquillage.<\/p>\n<!--==================================================== Composition section ====================================================-->\n      <img decoding=\"async\" src=\"https:\/\/monatglobal.com\/ca\/wp-content\/uploads\/sites\/5\/2021\/08\/MONAT-Hydrate-Refresh-comp1.jpg\"\n      alt=\"MONAT Hydrate &#038; Refresh product is set over a pink water texture background and ripples.\" loading=\"lazy\"\/>\n      <img decoding=\"async\" src=\"https:\/\/monatglobal.com\/ca\/wp-content\/uploads\/sites\/5\/2021\/08\/MONAT-Hydrate-Refresh-comp3.jpg\"\n      alt=\"An african-american woman smiling, looking up, holding MONAT's Hydrate &#038; Refresh while enjoying a sunny day at the pool.\" loading=\"lazy\"\/>\n            <!--==================================================== Directions text ====================================================--> \n               <h3>Mode d&#8217;emploi<\/h3>\n               <p>\/ Tenir \u00e0 une distance de 8 \u00e0 10 pouces du visage.<\/p>\n               <p>\/ Les yeux ferm\u00e9s, vaporiser g\u00e9n\u00e9reusement sur le visage.<\/p>\n               <p>\/ Appliquer avant le maquillage pour apaiser et hydrater ou apr\u00e8s le maquillage pour le fixer.<\/p>\n               <p>\/ Mettre au r\u00e9frig\u00e9rateur pour augmenter l&#8217;effet rafra\u00eechissant.<\/p>\n            <!--==================================================== Directions video ====================================================-->\n      <p>Hydrate &#038; Refresh\u2122<br \/> de MONAT  <br \/>0:40<\/p>\n  <a href=\"\" target=\"_blank\" role=\"button\" aria-label=\"\" rel=\"noopener\"><\/a>\n   <!--==================================================== Ingredients section  ====================================================-->\n      <h2>INGR\u00c9DIENTS CL\u00c9S<\/h2>\n               <p>Eau de noix de coco<\/p>\n               <p>Acide hyaluronique<\/p>\n               <p>Algues marines<\/p>\n               <p>Vitamine B5<\/p>\n               <p>Jus d&#8217;alo\u00e8s<\/p>\n               <p>Extrait de melon d&#8217;eau<\/p>\n   <button id=\"myBtn\" type=\"button\">LISTE D&#8217;INGR\u00c9DIENTS<\/button>\n      <!--==================================================== Modal content  ====================================================-->\n         &times;\n         Aqua\/Water\/Eau, Cocos Nucifera (Coconut) Water, Propanediol, Aloe Barbadensis Leaf Juice, Cocos Nucifera (Coconut) Fruit Extract, Glycerin, Cucumis Sativus (Cucumber) Fruit Extract, Vitis Vinifera (Grape) Leaf Extract, Calendula Officinalis Flower Extract, Sodium Hyaluronate, Citrullus Lanatus (Watermelon) Fruit Extract, Padina Pavonica Thallus Extract, Punica Granatum Fruit Extract, Sodium Phytate, Citric Acid, Panthenol, Potassium Sorbate, Sodium Benzoate, Fragrance\/Parfum, Alcohol, Pentylene Glycol, Phenethyl Alcohol, Limonene.\n         \n   <!--==================================================== You might also like section ====================================================-->\n      <h2>VOUS POURRIEZ AUSSI AIMER<\/h2>\n      <!--==================================================== Slider YOU MIGHT ALSO LIKE ====================================================-->\n      <!---->\n      <!--   -->\n            <!--==================================================== Slides products ====================================================-->\n      <!--      -->\n      <!--         <a href=\"https:\/\/monatglobal.com\/ca\/hyaluronic-serum\/?lang=fr\" target=\"_blank\" aria-label=\"Go to Hydration Booster\u2122 page\" rel=\"noopener\">-->\n      <!--            <img decoding=\"async\" src=\"https:\/\/monatglobal.com\/wp-content\/uploads\/2022\/12\/Hydration-Booster-Hyaluronic-Serum-Plus_ecomm-min.png\" alt=\"Hydration Booster\u2122\" loading=\"lazy\"\/>-->\n      <!--            <p>Hydration Booster\u2122 <\/p>-->\n      <!--         <\/a>-->\n      <!--      -->\n      <!--      -->\n      <!--         <a href=\"https:\/\/monatglobal.com\/ca\/creamy-cleanser\/?lang=fr\" target=\"_blank\" aria-label=\"Go to Cr\u00e8me nettoyante Be Gentle\u2122 page\" rel=\"noopener\">-->\n      <!--            <img decoding=\"async\" src=\"https:\/\/monatglobal.com\/wp-content\/uploads\/2022\/12\/BE-GENTLE-Creamy-Cleanser-ecomm-2022-min.png\" alt=\"Cr\u00e8me nettoyante Be Gentle\u2122\" loading=\"lazy\"\/>-->\n      <!--            <p>Cr\u00e8me nettoyante Be Gentle\u2122<\/p>-->\n      <!--         <\/a>-->\n      <!--      -->\n      <!--      -->\n      <!--         <a href=\"https:\/\/monatglobal.com\/ca\/skin-revitalizing\/?lang=fr\" target=\"_blank\" aria-label=\"Go to Skin Revitalizing Essence\u2122 page\" rel=\"noopener\">-->\n      <!--            <img decoding=\"async\" src=\"https:\/\/monatglobal.com\/wp-content\/uploads\/2022\/12\/Skin-Revitalizing-Essence-ecomm-2022-min.png\" alt=\"Skin Revitalizing Essence\u2122\" loading=\"lazy\"\/>-->\n      <!--            <p>Skin Revitalizing Essence\u2122<\/p>-->\n      <!--         <\/a>-->\n      <!--      -->\n      <!--   -->\n         <!--==================================================== If we need navigation buttons  ====================================================-->\n      <!--   -->\n      <!--   -->\n         <!--==================================================== If we need paginations  ====================================================-->\n      <!--   -->\n      <!---->\n<!-- If we need navigation buttons -->\n<!-- If we need paginations -->\n<a href=\"\" aria-label=\"\"><\/a>\n<!--==================================================== this link has to go last for it to work   ====================================================-->\n\n","protected":false},"excerpt":{"rendered":"<p>MONAT Hydrate &#038; Refresh\u2122 Brume pour le visage Hydratez votre peau \u00e0 tout moment de la journ\u00e9e. Appliquez-le avant ou apr\u00e8s le maquillage pour un petit remontant au parfum apaisant de noix de coco et de melon d&#8217;eau. 100 ml \u212e 3,4 oz liq. Retail Price$00.00 (USD) VIP Customer Price$00.00 (USD) Pour en savoir plus&hellip;<\/p>\n","protected":false},"author":31,"featured_media":63006,"parent":0,"menu_order":0,"comment_status":"closed","ping_status":"closed","template":"","meta":{"inline_featured_image":false,"om_disable_all_campaigns":false,"_monsterinsights_skip_tracking":false,"_monsterinsights_sitenote_active":false,"_monsterinsights_sitenote_note":"","_monsterinsights_sitenote_category":0,"footnotes":""},"categories":[3629],"tags":[],"class_list":["post-62682","page","type-page","status-publish","has-post-thumbnail","hentry","category-product-fra"],"aioseo_notices":[],"aioseo_head":"\n\t\t<!-- All in One SEO Pro 4.9.6 - aioseo.com -->\n\t<meta name=\"description\" content=\"MONAT Hydrate &amp; Refresh\u2122 Brume pour le visage Hydratez votre peau \u00e0 tout moment de la journ\u00e9e. Appliquez-le avant ou apr\u00e8s le maquillage pour un petit remontant au parfum apaisant de noix de coco et de melon d&#039;eau. 100 ml \u212e 3,4 oz liq. Retail Price$00.00 (USD) VIP Customer Price$00.00 (USD) Pour en savoir plus\" \/>\n\t<meta name=\"robots\" content=\"max-image-preview:large\" \/>\n\t<link rel=\"canonical\" href=\"https:\/\/monatglobal.com\/ca\/face-mist\/?lang=fr\" \/>\n\t<meta name=\"generator\" content=\"All in One SEO Pro (AIOSEO) 4.9.6\" \/>\n\t\t<meta property=\"og:locale\" content=\"en_US\" \/>\n\t\t<meta property=\"og:site_name\" content=\"Monat Canada English - We Are Modern Nature\" \/>\n\t\t<meta property=\"og:type\" content=\"article\" \/>\n\t\t<meta property=\"og:title\" content=\"MONAT Hydrate &amp; Refresh\u2122 - Monat Canada English\" \/>\n\t\t<meta property=\"og:description\" content=\"MONAT Hydrate &amp; Refresh\u2122 Brume pour le visage Hydratez votre peau \u00e0 tout moment de la journ\u00e9e. Appliquez-le avant ou apr\u00e8s le maquillage pour un petit remontant au parfum apaisant de noix de coco et de melon d&#039;eau. 100 ml \u212e 3,4 oz liq. Retail Price$00.00 (USD) VIP Customer Price$00.00 (USD) Pour en savoir plus\" \/>\n\t\t<meta property=\"og:url\" content=\"https:\/\/monatglobal.com\/ca\/face-mist\/?lang=fr\" \/>\n\t\t<meta property=\"article:published_time\" content=\"2021-08-12T03:05:59+00:00\" \/>\n\t\t<meta property=\"article:modified_time\" content=\"2026-01-19T19:47:04+00:00\" \/>\n\t\t<meta name=\"twitter:card\" content=\"summary_large_image\" \/>\n\t\t<meta name=\"twitter:title\" content=\"MONAT Hydrate &amp; Refresh\u2122 - Monat Canada English\" \/>\n\t\t<meta name=\"twitter:description\" content=\"MONAT Hydrate &amp; Refresh\u2122 Brume pour le visage Hydratez votre peau \u00e0 tout moment de la journ\u00e9e. Appliquez-le avant ou apr\u00e8s le maquillage pour un petit remontant au parfum apaisant de noix de coco et de melon d&#039;eau. 100 ml \u212e 3,4 oz liq. Retail Price$00.00 (USD) VIP Customer Price$00.00 (USD) Pour en savoir plus\" \/>\n\t\t<script type=\"application\/ld+json\" class=\"aioseo-schema\">\n\t\t\t{\"@context\":\"https:\\\/\\\/schema.org\",\"@graph\":[{\"@type\":\"BreadcrumbList\",\"@id\":\"https:\\\/\\\/monatglobal.com\\\/ca\\\/face-mist\\\/?lang=fr#breadcrumblist\",\"itemListElement\":[{\"@type\":\"ListItem\",\"@id\":\"https:\\\/\\\/monatglobal.com\\\/ca#listItem\",\"position\":1,\"name\":\"Home\",\"item\":\"https:\\\/\\\/monatglobal.com\\\/ca\",\"nextItem\":{\"@type\":\"ListItem\",\"@id\":\"https:\\\/\\\/monatglobal.com\\\/ca\\\/face-mist\\\/?lang=fr#listItem\",\"name\":\"MONAT Hydrate &#038; Refresh\\u2122\"}},{\"@type\":\"ListItem\",\"@id\":\"https:\\\/\\\/monatglobal.com\\\/ca\\\/face-mist\\\/?lang=fr#listItem\",\"position\":2,\"name\":\"MONAT Hydrate &#038; Refresh\\u2122\",\"previousItem\":{\"@type\":\"ListItem\",\"@id\":\"https:\\\/\\\/monatglobal.com\\\/ca#listItem\",\"name\":\"Home\"}}]},{\"@type\":\"Organization\",\"@id\":\"https:\\\/\\\/monatglobal.com\\\/ca\\\/#organization\",\"name\":\"Monat Canada English\",\"description\":\"We Are Modern Nature\",\"url\":\"https:\\\/\\\/monatglobal.com\\\/ca\\\/\"},{\"@type\":\"WebPage\",\"@id\":\"https:\\\/\\\/monatglobal.com\\\/ca\\\/face-mist\\\/?lang=fr#webpage\",\"url\":\"https:\\\/\\\/monatglobal.com\\\/ca\\\/face-mist\\\/?lang=fr\",\"name\":\"MONAT Hydrate & Refresh\\u2122 - Monat Canada English\",\"description\":\"MONAT Hydrate & Refresh\\u2122 Brume pour le visage Hydratez votre peau \\u00e0 tout moment de la journ\\u00e9e. Appliquez-le avant ou apr\\u00e8s le maquillage pour un petit remontant au parfum apaisant de noix de coco et de melon d'eau. 100 ml \\u212e 3,4 oz liq. Retail Price$00.00 (USD) VIP Customer Price$00.00 (USD) Pour en savoir plus\",\"inLanguage\":\"en-US\",\"isPartOf\":{\"@id\":\"https:\\\/\\\/monatglobal.com\\\/ca\\\/#website\"},\"breadcrumb\":{\"@id\":\"https:\\\/\\\/monatglobal.com\\\/ca\\\/face-mist\\\/?lang=fr#breadcrumblist\"},\"image\":{\"@type\":\"ImageObject\",\"url\":\"https:\\\/\\\/monatglobal.com\\\/ca\\\/wp-content\\\/uploads\\\/sites\\\/5\\\/2021\\\/08\\\/MONAT_HYDRATE-REFRESH_ecomm-optimized.png\",\"@id\":\"https:\\\/\\\/monatglobal.com\\\/ca\\\/face-mist\\\/?lang=fr\\\/#mainImage\",\"width\":641,\"height\":800},\"primaryImageOfPage\":{\"@id\":\"https:\\\/\\\/monatglobal.com\\\/ca\\\/face-mist\\\/?lang=fr#mainImage\"},\"datePublished\":\"2021-08-11T23:05:59-04:00\",\"dateModified\":\"2026-01-19T14:47:04-05:00\"},{\"@type\":\"WebSite\",\"@id\":\"https:\\\/\\\/monatglobal.com\\\/ca\\\/#website\",\"url\":\"https:\\\/\\\/monatglobal.com\\\/ca\\\/\",\"name\":\"Monat Canada English\",\"description\":\"We Are Modern Nature\",\"inLanguage\":\"en-US\",\"publisher\":{\"@id\":\"https:\\\/\\\/monatglobal.com\\\/ca\\\/#organization\"}}]}\n\t\t<\/script>\n\t\t<!-- All in One SEO Pro -->\r\n\t\t<title>MONAT Hydrate &amp; Refresh\u2122 - Monat Canada English<\/title>\n\n","aioseo_head_json":{"title":"MONAT Hydrate & Refresh\u2122 - Monat Canada English","description":"MONAT Hydrate & Refresh\u2122 Brume pour le visage Hydratez votre peau \u00e0 tout moment de la journ\u00e9e. Appliquez-le avant ou apr\u00e8s le maquillage pour un petit remontant au parfum apaisant de noix de coco et de melon d'eau. 100 ml \u212e 3,4 oz liq. Retail Price$00.00 (USD) VIP Customer Price$00.00 (USD) Pour en savoir plus","canonical_url":"https:\/\/monatglobal.com\/ca\/face-mist\/?lang=fr","robots":"max-image-preview:large","keywords":"","webmasterTools":{"miscellaneous":""},"schema":{"@context":"https:\/\/schema.org","@graph":[{"@type":"BreadcrumbList","@id":"https:\/\/monatglobal.com\/ca\/face-mist\/?lang=fr#breadcrumblist","itemListElement":[{"@type":"ListItem","@id":"https:\/\/monatglobal.com\/ca#listItem","position":1,"name":"Home","item":"https:\/\/monatglobal.com\/ca","nextItem":{"@type":"ListItem","@id":"https:\/\/monatglobal.com\/ca\/face-mist\/?lang=fr#listItem","name":"MONAT Hydrate &#038; Refresh\u2122"}},{"@type":"ListItem","@id":"https:\/\/monatglobal.com\/ca\/face-mist\/?lang=fr#listItem","position":2,"name":"MONAT Hydrate &#038; Refresh\u2122","previousItem":{"@type":"ListItem","@id":"https:\/\/monatglobal.com\/ca#listItem","name":"Home"}}]},{"@type":"Organization","@id":"https:\/\/monatglobal.com\/ca\/#organization","name":"Monat Canada English","description":"We Are Modern Nature","url":"https:\/\/monatglobal.com\/ca\/"},{"@type":"WebPage","@id":"https:\/\/monatglobal.com\/ca\/face-mist\/?lang=fr#webpage","url":"https:\/\/monatglobal.com\/ca\/face-mist\/?lang=fr","name":"MONAT Hydrate & Refresh\u2122 - Monat Canada English","description":"MONAT Hydrate & Refresh\u2122 Brume pour le visage Hydratez votre peau \u00e0 tout moment de la journ\u00e9e. Appliquez-le avant ou apr\u00e8s le maquillage pour un petit remontant au parfum apaisant de noix de coco et de melon d'eau. 100 ml \u212e 3,4 oz liq. Retail Price$00.00 (USD) VIP Customer Price$00.00 (USD) Pour en savoir plus","inLanguage":"en-US","isPartOf":{"@id":"https:\/\/monatglobal.com\/ca\/#website"},"breadcrumb":{"@id":"https:\/\/monatglobal.com\/ca\/face-mist\/?lang=fr#breadcrumblist"},"image":{"@type":"ImageObject","url":"https:\/\/monatglobal.com\/ca\/wp-content\/uploads\/sites\/5\/2021\/08\/MONAT_HYDRATE-REFRESH_ecomm-optimized.png","@id":"https:\/\/monatglobal.com\/ca\/face-mist\/?lang=fr\/#mainImage","width":641,"height":800},"primaryImageOfPage":{"@id":"https:\/\/monatglobal.com\/ca\/face-mist\/?lang=fr#mainImage"},"datePublished":"2021-08-11T23:05:59-04:00","dateModified":"2026-01-19T14:47:04-05:00"},{"@type":"WebSite","@id":"https:\/\/monatglobal.com\/ca\/#website","url":"https:\/\/monatglobal.com\/ca\/","name":"Monat Canada English","description":"We Are Modern Nature","inLanguage":"en-US","publisher":{"@id":"https:\/\/monatglobal.com\/ca\/#organization"}}]},"og:locale":"en_US","og:site_name":"Monat Canada English - We Are Modern Nature","og:type":"article","og:title":"MONAT Hydrate &amp; Refresh\u2122 - Monat Canada English","og:description":"MONAT Hydrate &amp; Refresh\u2122 Brume pour le visage Hydratez votre peau \u00e0 tout moment de la journ\u00e9e. Appliquez-le avant ou apr\u00e8s le maquillage pour un petit remontant au parfum apaisant de noix de coco et de melon d'eau. 100 ml \u212e 3,4 oz liq. Retail Price$00.00 (USD) VIP Customer Price$00.00 (USD) Pour en savoir plus","og:url":"https:\/\/monatglobal.com\/ca\/face-mist\/?lang=fr","article:published_time":"2021-08-12T03:05:59+00:00","article:modified_time":"2026-01-19T19:47:04+00:00","twitter:card":"summary_large_image","twitter:title":"MONAT Hydrate &amp; Refresh\u2122 - Monat Canada English","twitter:description":"MONAT Hydrate &amp; Refresh\u2122 Brume pour le visage Hydratez votre peau \u00e0 tout moment de la journ\u00e9e. Appliquez-le avant ou apr\u00e8s le maquillage pour un petit remontant au parfum apaisant de noix de coco et de melon d'eau. 100 ml \u212e 3,4 oz liq. Retail Price$00.00 (USD) VIP Customer Price$00.00 (USD) Pour en savoir plus"},"aioseo_meta_data":{"post_id":"62682","title":null,"description":null,"keywords":null,"keyphrases":null,"primary_term":null,"canonical_url":null,"og_title":null,"og_description":null,"og_object_type":"default","og_image_type":"default","og_image_url":null,"og_image_width":null,"og_image_height":null,"og_image_custom_url":null,"og_image_custom_fields":null,"og_video":null,"og_custom_url":null,"og_article_section":null,"og_article_tags":null,"twitter_use_og":false,"twitter_card":"default","twitter_image_type":"default","twitter_image_url":null,"twitter_image_custom_url":null,"twitter_image_custom_fields":null,"twitter_title":null,"twitter_description":null,"schema":{"blockGraphs":[],"customGraphs":[],"default":{"data":{"Article":[],"Course":[],"Dataset":[],"FAQPage":[],"Movie":[],"Person":[],"Product":[],"ProductReview":[],"Car":[],"Recipe":[],"Service":[],"SoftwareApplication":[],"WebPage":[]},"graphName":"WebPage","isEnabled":true},"graphs":[]},"schema_type":"default","schema_type_options":null,"pillar_content":false,"robots_default":true,"robots_noindex":false,"robots_noarchive":false,"robots_nosnippet":false,"robots_nofollow":false,"robots_noimageindex":false,"robots_noodp":false,"robots_notranslate":false,"robots_max_snippet":null,"robots_max_videopreview":null,"robots_max_imagepreview":"large","priority":null,"frequency":null,"local_seo":null,"seo_analyzer_scan_date":"2026-02-10 19:55:31","limit_modified_date":false,"reviewed_by":null,"open_ai":null,"ai":null,"created":"2023-07-26 12:56:49","updated":"2026-02-10 19:55:31"},"aioseo_breadcrumb":"<div class=\"aioseo-breadcrumbs\"><span class=\"aioseo-breadcrumb\">\n\t<a href=\"https:\/\/monatglobal.com\/ca\" title=\"Home\">Home<\/a>\n<\/span><span class=\"aioseo-breadcrumb-separator\">&raquo;<\/span><span class=\"aioseo-breadcrumb\">\n\tMONAT Hydrate &amp; Refresh\u2122\n<\/span><\/div>","aioseo_breadcrumb_json":[{"label":"Home","link":"https:\/\/monatglobal.com\/ca"},{"label":"MONAT Hydrate &#038; Refresh\u2122","link":"https:\/\/monatglobal.com\/ca\/face-mist\/?lang=fr"}],"_links":{"self":[{"href":"https:\/\/monatglobal.com\/ca\/wp-json\/wp\/v2\/pages\/62682","targetHints":{"allow":["GET"]}}],"collection":[{"href":"https:\/\/monatglobal.com\/ca\/wp-json\/wp\/v2\/pages"}],"about":[{"href":"https:\/\/monatglobal.com\/ca\/wp-json\/wp\/v2\/types\/page"}],"author":[{"embeddable":true,"href":"https:\/\/monatglobal.com\/ca\/wp-json\/wp\/v2\/users\/31"}],"replies":[{"embeddable":true,"href":"https:\/\/monatglobal.com\/ca\/wp-json\/wp\/v2\/comments?post=62682"}],"version-history":[{"count":34,"href":"https:\/\/monatglobal.com\/ca\/wp-json\/wp\/v2\/pages\/62682\/revisions"}],"predecessor-version":[{"id":110146,"href":"https:\/\/monatglobal.com\/ca\/wp-json\/wp\/v2\/pages\/62682\/revisions\/110146"}],"wp:featuredmedia":[{"embeddable":true,"href":"https:\/\/monatglobal.com\/ca\/wp-json\/wp\/v2\/media\/63006"}],"wp:attachment":[{"href":"https:\/\/monatglobal.com\/ca\/wp-json\/wp\/v2\/media?parent=62682"}],"wp:term":[{"taxonomy":"category","embeddable":true,"href":"https:\/\/monatglobal.com\/ca\/wp-json\/wp\/v2\/categories?post=62682"},{"taxonomy":"post_tag","embeddable":true,"href":"https:\/\/monatglobal.com\/ca\/wp-json\/wp\/v2\/tags?post=62682"}],"curies":[{"name":"wp","href":"https:\/\/api.w.org\/{rel}","templated":true}]}}