{"id":61706,"date":"2021-06-21T20:33:52","date_gmt":"2021-06-21T20:33:52","guid":{"rendered":"https:\/\/monatglobal.com\/ca\/?page_id=61706"},"modified":"2021-07-19T04:11:32","modified_gmt":"2021-07-19T04:11:32","slug":"monathero2021","status":"publish","type":"page","link":"https:\/\/monatglobal.com\/ca\/monathero2021\/?lang=fr","title":{"rendered":"Nominations MONAT Chairman&#8217;s Award 2021"},"content":{"rendered":"\n\t<h1> La p\u00e9riode de nomination pour le Prix du pr\u00e9sident du conseil <\/h1>\n  est ouverte!\n<br>\n Du 24 juin au 16 juillet 2021\n\n\t <h1>Qui est votre H\u00e9ros de MONAT?<\/h1>\n\t<h2>Le Prix du pr\u00e9sident du conseil, aussi appel\u00e9 le prix H\u00e9ros de MONAT, est d\u00e9cern\u00e9 chaque ann\u00e9e \u00e0 un mentor de march\u00e9 ou un rang sup\u00e9rieur qui est mis en nomination par les autres partenaires de march\u00e9!<\/h2>\n\t\t\t\t<img loading=\"lazy\" decoding=\"async\" src=\"https:\/\/monatglobal.com\/wp-content\/uploads\/2021\/06\/chairman-award_2021.png\" alt=\"chairman-award_2021\" itemprop=\"image\" height=\"340\" width=\"300\" title=\"chairman-award_2021\"  \/>\n\tEn plus de d\u00e9velopper son entreprise et d\u2019agrandir son \u00e9quipe, ce h\u00e9ros consacre du temps et des \nefforts pour redonner \u00e0 la communaut\u00e9, parce que desservir les autres fait partie int\u00e9grante de ses \ncroyances. <br><br>Le laur\u00e9at refl\u00e8te vraiment les id\u00e9aux de MONAT : la gratitude, le service \ncommunautaire, l\u2019humilit\u00e9 et le leadership. C\u2019est quelqu\u2019un qui accorde la priorit\u00e9 au travail social \net \u00e0 l\u2019aide communautaire, et un leader MONAT qui est admir\u00e9 par les partenaires de march\u00e9.\n\n\tLe laur\u00e9at du Prix du pr\u00e9sident du conseil sera honor\u00e9 par le pr\u00e9sident du conseil \ndans le cadre de MONATions 2021 \u00e0 Atlanta, Georgia, devant les autres partenaires de march\u00e9 pendant le \nspectaculaire \u00e9v\u00e8nement Dream Bigger. \n\t<h3>C\u2019est l\u2019un des trois plus importants prix qui sont pr\u00e9sent\u00e9s chaque ann\u00e9e \u00e0 l\u2019\u00e9chelle mondiale!<\/h3>\n\t\t\t\t<img loading=\"lazy\" decoding=\"async\" src=\"https:\/\/monatglobal.com\/wp-content\/uploads\/2021\/06\/Hero-2020-MONAT.jpg\" alt=\"Hero-2020-MONAT\" itemprop=\"image\" height=\"659\" width=\"600\" title=\"Hero-2020-MONAT\"  \/>\n\t<h3>Qui est admissible \u00e0 devenir h\u00e9ros de MONAT?<\/h3>\n\t<p>Tout partenaire de march\u00e9 actif en r\u00e8gle ayant atteint le rang de mentor de march\u00e9 ou plus haut.<\/p>\n\t<h3>Qu\u2019est-ce qui d\u00e9finit<br> un h\u00e9ros de MONAT?<\/h3>\n\tUn h\u00e9ros de MONAT est plus qu\u2019un partenaire de march\u00e9 prosp\u00e8re \u2013 il fait une \ndiff\u00e9rence significative dans sa communaut\u00e9 et dans le monde. <br><br> \n Cette personne consacre son temps, son talent et ses ressources afin d\u2019avoir un impact positif. \n Le h\u00e9ros de MONAT devrait incarner ces caract\u00e9ristiques :\n\n\t<ul>\n<li>Service<\/li>\n<li>Engagement communautaire<\/li>\n<li>B\u00e9n\u00e9volat<\/li>\n<li>Altruisme et g\u00e9n\u00e9rosit\u00e9<\/li>\n<li>Gratitude<\/li>\n<li>Leadership<\/li>\n<li>Humilit\u00e9<\/li>\n<li>Bienveillance<\/li>\n<\/ul>\n\t<h3>JE SOUHAITE METTRE EN NOMINATION UN H\u00c9ROS DE MONAT!<\/h3>\n\t<h3>Remplissez le formulaire de mise en nomination \u00e9lectronique et assurez-vous d\u2019inclure le plus d\u00e9tails&nbsp;possible.<\/h3>\n\t<p>REMARQUE : Les auto-nominations sont aussi accept\u00e9es.<\/p>\n<a href=\"https:\/\/monatglobal.com\/special-annual-awards-2019\/\"> <h4>Apprenez davantage sur les laur\u00e9ats ant\u00e9rieurs!<\/h4><\/a>\n\t\t\t<a href=\"https:\/\/monatglobal.com\/special-annual-awards-2019\/\" target=\"_self\" role=\"button\">\n\t\t\t\t\t\t\tEN SAVOIR PLUS\n\t\t\t\t\t<\/a>\n<a href=\"https:\/\/monatglobal.com\/special-annual-awards-2019\/\"> <h4>Apprenez davantage sur les laur\u00e9ats ant\u00e9rieurs!<\/h4><\/a>\n\t\t\t<a href=\"https:\/\/monatglobal.com\/special-annual-awards-2019\/\" target=\"_self\" role=\"button\">\n\t\t\t\t\t\t\tEN SAVOIR PLUS\n\t\t\t\t\t<\/a>\n","protected":false},"excerpt":{"rendered":"<p>La p\u00e9riode de nomination pour le Prix du pr\u00e9sident du conseil est ouverte! Du 24 juin au 16 juillet 2021 Qui est votre H\u00e9ros de MONAT? Le Prix du pr\u00e9sident du conseil, aussi appel\u00e9 le prix H\u00e9ros de MONAT, est d\u00e9cern\u00e9 chaque ann\u00e9e \u00e0 un mentor de march\u00e9 ou un rang sup\u00e9rieur qui est mis&hellip;<\/p>\n","protected":false},"author":31,"featured_media":61761,"parent":0,"menu_order":0,"comment_status":"closed","ping_status":"closed","template":"template-full-custom.php","meta":{"inline_featured_image":false,"om_disable_all_campaigns":false,"_monsterinsights_skip_tracking":false,"_monsterinsights_sitenote_active":false,"_monsterinsights_sitenote_note":"","_monsterinsights_sitenote_category":0,"footnotes":""},"categories":[],"tags":[],"class_list":["post-61706","page","type-page","status-publish","has-post-thumbnail","hentry"],"aioseo_notices":[],"aioseo_head":"\n\t\t<!-- All in One SEO Pro 4.9.6 - aioseo.com -->\n\t<meta name=\"description\" content=\"La p\u00e9riode de nomination pour le Prix du pr\u00e9sident du conseil est ouverte! Du 24 juin au 16 juillet 2021 Qui est votre H\u00e9ros de MONAT? Le Prix du pr\u00e9sident du conseil, aussi appel\u00e9 le prix H\u00e9ros de MONAT, est d\u00e9cern\u00e9 chaque ann\u00e9e \u00e0 un mentor de march\u00e9 ou un rang sup\u00e9rieur qui est mis\" \/>\n\t<meta name=\"robots\" content=\"max-image-preview:large\" \/>\n\t<link rel=\"canonical\" href=\"https:\/\/monatglobal.com\/ca\/monathero2021\/?lang=fr\" \/>\n\t<meta name=\"generator\" content=\"All in One SEO Pro (AIOSEO) 4.9.6\" \/>\n\t\t<meta property=\"og:locale\" content=\"en_US\" \/>\n\t\t<meta property=\"og:site_name\" content=\"Monat Canada English - We Are Modern Nature\" \/>\n\t\t<meta property=\"og:type\" content=\"article\" \/>\n\t\t<meta property=\"og:title\" content=\"Nominations MONAT Chairman\u2019s Award 2021 - Monat Canada English\" \/>\n\t\t<meta property=\"og:description\" content=\"La p\u00e9riode de nomination pour le Prix du pr\u00e9sident du conseil est ouverte! Du 24 juin au 16 juillet 2021 Qui est votre H\u00e9ros de MONAT? Le Prix du pr\u00e9sident du conseil, aussi appel\u00e9 le prix H\u00e9ros de MONAT, est d\u00e9cern\u00e9 chaque ann\u00e9e \u00e0 un mentor de march\u00e9 ou un rang sup\u00e9rieur qui est mis\" \/>\n\t\t<meta property=\"og:url\" content=\"https:\/\/monatglobal.com\/ca\/monathero2021\/?lang=fr\" \/>\n\t\t<meta property=\"article:published_time\" content=\"2021-06-21T20:33:52+00:00\" \/>\n\t\t<meta property=\"article:modified_time\" content=\"2021-07-19T04:11:32+00:00\" \/>\n\t\t<meta name=\"twitter:card\" content=\"summary_large_image\" \/>\n\t\t<meta name=\"twitter:title\" content=\"Nominations MONAT Chairman\u2019s Award 2021 - Monat Canada English\" \/>\n\t\t<meta name=\"twitter:description\" content=\"La p\u00e9riode de nomination pour le Prix du pr\u00e9sident du conseil est ouverte! Du 24 juin au 16 juillet 2021 Qui est votre H\u00e9ros de MONAT? Le Prix du pr\u00e9sident du conseil, aussi appel\u00e9 le prix H\u00e9ros de MONAT, est d\u00e9cern\u00e9 chaque ann\u00e9e \u00e0 un mentor de march\u00e9 ou un rang sup\u00e9rieur qui est mis\" \/>\n\t\t<script type=\"application\/ld+json\" class=\"aioseo-schema\">\n\t\t\t{\"@context\":\"https:\\\/\\\/schema.org\",\"@graph\":[{\"@type\":\"BreadcrumbList\",\"@id\":\"https:\\\/\\\/monatglobal.com\\\/ca\\\/monathero2021\\\/?lang=fr#breadcrumblist\",\"itemListElement\":[{\"@type\":\"ListItem\",\"@id\":\"https:\\\/\\\/monatglobal.com\\\/ca#listItem\",\"position\":1,\"name\":\"Home\",\"item\":\"https:\\\/\\\/monatglobal.com\\\/ca\",\"nextItem\":{\"@type\":\"ListItem\",\"@id\":\"https:\\\/\\\/monatglobal.com\\\/ca\\\/monathero2021\\\/?lang=fr#listItem\",\"name\":\"Nominations MONAT Chairman&#8217;s Award 2021\"}},{\"@type\":\"ListItem\",\"@id\":\"https:\\\/\\\/monatglobal.com\\\/ca\\\/monathero2021\\\/?lang=fr#listItem\",\"position\":2,\"name\":\"Nominations MONAT Chairman&#8217;s Award 2021\",\"previousItem\":{\"@type\":\"ListItem\",\"@id\":\"https:\\\/\\\/monatglobal.com\\\/ca#listItem\",\"name\":\"Home\"}}]},{\"@type\":\"Organization\",\"@id\":\"https:\\\/\\\/monatglobal.com\\\/ca\\\/#organization\",\"name\":\"Monat Canada English\",\"description\":\"We Are Modern Nature\",\"url\":\"https:\\\/\\\/monatglobal.com\\\/ca\\\/\"},{\"@type\":\"WebPage\",\"@id\":\"https:\\\/\\\/monatglobal.com\\\/ca\\\/monathero2021\\\/?lang=fr#webpage\",\"url\":\"https:\\\/\\\/monatglobal.com\\\/ca\\\/monathero2021\\\/?lang=fr\",\"name\":\"Nominations MONAT Chairman\\u2019s Award 2021 - Monat Canada English\",\"description\":\"La p\\u00e9riode de nomination pour le Prix du pr\\u00e9sident du conseil est ouverte! Du 24 juin au 16 juillet 2021 Qui est votre H\\u00e9ros de MONAT? Le Prix du pr\\u00e9sident du conseil, aussi appel\\u00e9 le prix H\\u00e9ros de MONAT, est d\\u00e9cern\\u00e9 chaque ann\\u00e9e \\u00e0 un mentor de march\\u00e9 ou un rang sup\\u00e9rieur qui est mis\",\"inLanguage\":\"en-US\",\"isPartOf\":{\"@id\":\"https:\\\/\\\/monatglobal.com\\\/ca\\\/#website\"},\"breadcrumb\":{\"@id\":\"https:\\\/\\\/monatglobal.com\\\/ca\\\/monathero2021\\\/?lang=fr#breadcrumblist\"},\"image\":{\"@type\":\"ImageObject\",\"url\":\"https:\\\/\\\/monatglobal.com\\\/ca\\\/wp-content\\\/uploads\\\/sites\\\/5\\\/2021\\\/06\\\/Nominations-MONAT-Chairmans-Award-2021-now-open.jpg\",\"@id\":\"https:\\\/\\\/monatglobal.com\\\/ca\\\/monathero2021\\\/?lang=fr\\\/#mainImage\",\"width\":1000,\"height\":546,\"caption\":\"Prix du pr\\u00e9sident du conseil\"},\"primaryImageOfPage\":{\"@id\":\"https:\\\/\\\/monatglobal.com\\\/ca\\\/monathero2021\\\/?lang=fr#mainImage\"},\"datePublished\":\"2021-06-21T20:33:52-04:00\",\"dateModified\":\"2021-07-19T04:11:32-04:00\"},{\"@type\":\"WebSite\",\"@id\":\"https:\\\/\\\/monatglobal.com\\\/ca\\\/#website\",\"url\":\"https:\\\/\\\/monatglobal.com\\\/ca\\\/\",\"name\":\"Monat Canada English\",\"description\":\"We Are Modern Nature\",\"inLanguage\":\"en-US\",\"publisher\":{\"@id\":\"https:\\\/\\\/monatglobal.com\\\/ca\\\/#organization\"}}]}\n\t\t<\/script>\n\t\t<!-- All in One SEO Pro -->\r\n\t\t<title>Nominations MONAT Chairman\u2019s Award 2021 - Monat Canada English<\/title>\n\n","aioseo_head_json":{"title":"Nominations MONAT Chairman\u2019s Award 2021 - Monat Canada English","description":"La p\u00e9riode de nomination pour le Prix du pr\u00e9sident du conseil est ouverte! Du 24 juin au 16 juillet 2021 Qui est votre H\u00e9ros de MONAT? Le Prix du pr\u00e9sident du conseil, aussi appel\u00e9 le prix H\u00e9ros de MONAT, est d\u00e9cern\u00e9 chaque ann\u00e9e \u00e0 un mentor de march\u00e9 ou un rang sup\u00e9rieur qui est mis","canonical_url":"https:\/\/monatglobal.com\/ca\/monathero2021\/?lang=fr","robots":"max-image-preview:large","keywords":"","webmasterTools":{"miscellaneous":""},"schema":{"@context":"https:\/\/schema.org","@graph":[{"@type":"BreadcrumbList","@id":"https:\/\/monatglobal.com\/ca\/monathero2021\/?lang=fr#breadcrumblist","itemListElement":[{"@type":"ListItem","@id":"https:\/\/monatglobal.com\/ca#listItem","position":1,"name":"Home","item":"https:\/\/monatglobal.com\/ca","nextItem":{"@type":"ListItem","@id":"https:\/\/monatglobal.com\/ca\/monathero2021\/?lang=fr#listItem","name":"Nominations MONAT Chairman&#8217;s Award 2021"}},{"@type":"ListItem","@id":"https:\/\/monatglobal.com\/ca\/monathero2021\/?lang=fr#listItem","position":2,"name":"Nominations MONAT Chairman&#8217;s Award 2021","previousItem":{"@type":"ListItem","@id":"https:\/\/monatglobal.com\/ca#listItem","name":"Home"}}]},{"@type":"Organization","@id":"https:\/\/monatglobal.com\/ca\/#organization","name":"Monat Canada English","description":"We Are Modern Nature","url":"https:\/\/monatglobal.com\/ca\/"},{"@type":"WebPage","@id":"https:\/\/monatglobal.com\/ca\/monathero2021\/?lang=fr#webpage","url":"https:\/\/monatglobal.com\/ca\/monathero2021\/?lang=fr","name":"Nominations MONAT Chairman\u2019s Award 2021 - Monat Canada English","description":"La p\u00e9riode de nomination pour le Prix du pr\u00e9sident du conseil est ouverte! Du 24 juin au 16 juillet 2021 Qui est votre H\u00e9ros de MONAT? Le Prix du pr\u00e9sident du conseil, aussi appel\u00e9 le prix H\u00e9ros de MONAT, est d\u00e9cern\u00e9 chaque ann\u00e9e \u00e0 un mentor de march\u00e9 ou un rang sup\u00e9rieur qui est mis","inLanguage":"en-US","isPartOf":{"@id":"https:\/\/monatglobal.com\/ca\/#website"},"breadcrumb":{"@id":"https:\/\/monatglobal.com\/ca\/monathero2021\/?lang=fr#breadcrumblist"},"image":{"@type":"ImageObject","url":"https:\/\/monatglobal.com\/ca\/wp-content\/uploads\/sites\/5\/2021\/06\/Nominations-MONAT-Chairmans-Award-2021-now-open.jpg","@id":"https:\/\/monatglobal.com\/ca\/monathero2021\/?lang=fr\/#mainImage","width":1000,"height":546,"caption":"Prix du pr\u00e9sident du conseil"},"primaryImageOfPage":{"@id":"https:\/\/monatglobal.com\/ca\/monathero2021\/?lang=fr#mainImage"},"datePublished":"2021-06-21T20:33:52-04:00","dateModified":"2021-07-19T04:11:32-04:00"},{"@type":"WebSite","@id":"https:\/\/monatglobal.com\/ca\/#website","url":"https:\/\/monatglobal.com\/ca\/","name":"Monat Canada English","description":"We Are Modern Nature","inLanguage":"en-US","publisher":{"@id":"https:\/\/monatglobal.com\/ca\/#organization"}}]},"og:locale":"en_US","og:site_name":"Monat Canada English - We Are Modern Nature","og:type":"article","og:title":"Nominations MONAT Chairman\u2019s Award 2021 - Monat Canada English","og:description":"La p\u00e9riode de nomination pour le Prix du pr\u00e9sident du conseil est ouverte! Du 24 juin au 16 juillet 2021 Qui est votre H\u00e9ros de MONAT? Le Prix du pr\u00e9sident du conseil, aussi appel\u00e9 le prix H\u00e9ros de MONAT, est d\u00e9cern\u00e9 chaque ann\u00e9e \u00e0 un mentor de march\u00e9 ou un rang sup\u00e9rieur qui est mis","og:url":"https:\/\/monatglobal.com\/ca\/monathero2021\/?lang=fr","article:published_time":"2021-06-21T20:33:52+00:00","article:modified_time":"2021-07-19T04:11:32+00:00","twitter:card":"summary_large_image","twitter:title":"Nominations MONAT Chairman\u2019s Award 2021 - Monat Canada English","twitter:description":"La p\u00e9riode de nomination pour le Prix du pr\u00e9sident du conseil est ouverte! Du 24 juin au 16 juillet 2021 Qui est votre H\u00e9ros de MONAT? Le Prix du pr\u00e9sident du conseil, aussi appel\u00e9 le prix H\u00e9ros de MONAT, est d\u00e9cern\u00e9 chaque ann\u00e9e \u00e0 un mentor de march\u00e9 ou un rang sup\u00e9rieur qui est mis"},"aioseo_meta_data":{"post_id":"61706","title":null,"description":null,"keywords":null,"keyphrases":null,"primary_term":null,"canonical_url":null,"og_title":null,"og_description":null,"og_object_type":"default","og_image_type":"default","og_image_url":null,"og_image_width":null,"og_image_height":null,"og_image_custom_url":null,"og_image_custom_fields":null,"og_video":null,"og_custom_url":null,"og_article_section":null,"og_article_tags":null,"twitter_use_og":false,"twitter_card":"default","twitter_image_type":"default","twitter_image_url":null,"twitter_image_custom_url":null,"twitter_image_custom_fields":null,"twitter_title":null,"twitter_description":null,"schema":{"blockGraphs":[],"customGraphs":[],"default":{"data":{"Article":[],"Course":[],"Dataset":[],"FAQPage":[],"Movie":[],"Person":[],"Product":[],"ProductReview":[],"Car":[],"Recipe":[],"Service":[],"SoftwareApplication":[],"WebPage":[]},"graphName":"","isEnabled":true},"graphs":[]},"schema_type":"default","schema_type_options":null,"pillar_content":false,"robots_default":true,"robots_noindex":false,"robots_noarchive":false,"robots_nosnippet":false,"robots_nofollow":false,"robots_noimageindex":false,"robots_noodp":false,"robots_notranslate":false,"robots_max_snippet":null,"robots_max_videopreview":null,"robots_max_imagepreview":"large","priority":null,"frequency":null,"local_seo":null,"seo_analyzer_scan_date":"2026-02-10 19:51:47","limit_modified_date":false,"reviewed_by":null,"open_ai":null,"ai":null,"created":"2023-07-26 12:56:17","updated":"2026-02-10 19:51:47"},"aioseo_breadcrumb":"<div class=\"aioseo-breadcrumbs\"><span class=\"aioseo-breadcrumb\">\n\t<a href=\"https:\/\/monatglobal.com\/ca\" title=\"Home\">Home<\/a>\n<\/span><span class=\"aioseo-breadcrumb-separator\">&raquo;<\/span><span class=\"aioseo-breadcrumb\">\n\tNominations MONAT Chairman\u2019s Award 2021\n<\/span><\/div>","aioseo_breadcrumb_json":[{"label":"Home","link":"https:\/\/monatglobal.com\/ca"},{"label":"Nominations MONAT Chairman&#8217;s Award 2021","link":"https:\/\/monatglobal.com\/ca\/monathero2021\/?lang=fr"}],"_links":{"self":[{"href":"https:\/\/monatglobal.com\/ca\/wp-json\/wp\/v2\/pages\/61706","targetHints":{"allow":["GET"]}}],"collection":[{"href":"https:\/\/monatglobal.com\/ca\/wp-json\/wp\/v2\/pages"}],"about":[{"href":"https:\/\/monatglobal.com\/ca\/wp-json\/wp\/v2\/types\/page"}],"author":[{"embeddable":true,"href":"https:\/\/monatglobal.com\/ca\/wp-json\/wp\/v2\/users\/31"}],"replies":[{"embeddable":true,"href":"https:\/\/monatglobal.com\/ca\/wp-json\/wp\/v2\/comments?post=61706"}],"version-history":[{"count":8,"href":"https:\/\/monatglobal.com\/ca\/wp-json\/wp\/v2\/pages\/61706\/revisions"}],"predecessor-version":[{"id":62026,"href":"https:\/\/monatglobal.com\/ca\/wp-json\/wp\/v2\/pages\/61706\/revisions\/62026"}],"wp:featuredmedia":[{"embeddable":true,"href":"https:\/\/monatglobal.com\/ca\/wp-json\/wp\/v2\/media\/61761"}],"wp:attachment":[{"href":"https:\/\/monatglobal.com\/ca\/wp-json\/wp\/v2\/media?parent=61706"}],"wp:term":[{"taxonomy":"category","embeddable":true,"href":"https:\/\/monatglobal.com\/ca\/wp-json\/wp\/v2\/categories?post=61706"},{"taxonomy":"post_tag","embeddable":true,"href":"https:\/\/monatglobal.com\/ca\/wp-json\/wp\/v2\/tags?post=61706"}],"curies":[{"name":"wp","href":"https:\/\/api.w.org\/{rel}","templated":true}]}}