{"id":61051,"date":"2021-05-17T16:44:55","date_gmt":"2021-05-17T16:44:55","guid":{"rendered":"https:\/\/monatglobal.com\/ca\/?page_id=61051"},"modified":"2023-06-16T08:57:52","modified_gmt":"2023-06-16T12:57:52","slug":"income-disclosure-statement","status":"publish","type":"page","link":"https:\/\/monatglobal.com\/ca\/income-disclosure-statement\/?lang=fr","title":{"rendered":"D\u00e9claration de revenus"},"content":{"rendered":"\n\n        <hr \/>\n        <h1>D\u00e9claration de MONAT Canada 2022 concernant les revenus<\/h1><br \/>\n        <p>En 2022, le partenaire de march\u00e9 typique au Canada a gagn\u00e9 entre 0 et 200 $ en commissions et en primes, excluant les profits au&nbsp;d\u00e9tail.<\/p><br \/>\n        En 2022, les revenus mensuels moyens d&#8217;un partenaire de march\u00e9 canadien, tous rangs confondus (ce qui inclut les partenaires de march\u00e9 actifs et inactifs) \u00e9taient de 84 $ CA.\n        <br \/>\n        <br \/>\n        Les donn\u00e9es concernant les revenus dans le tableau ci-dessous comprennent les partenaires de march\u00e9 (\u00e0 la fois actifs et inactifs) qui se sont inscrits avant 2022. De plus, nous avons combin\u00e9 les rangs de partenaire de march\u00e9 et partenaire de march\u00e9 gestionnaire, parce qu&#8217;ils incluent au moins 50 % des participants. \n        <br \/>\n        <br \/>\n        Le rang d&#8217;un partenaire de march\u00e9 peut varier au cours d&#8217;une ann\u00e9e; pour les fins du tableau ci-dessous, le rang de chaque partenaire de march\u00e9 MONAT est bas\u00e9 sur le rang auquel il est pay\u00e9 chaque mois.\n        \n        <p>Revenus mensuels moyens par rang en 2022 (partenaires de march\u00e9 canadiens ACTIFS et INACTIFS)<\/p>\n                    Rang\n                    Partenaire de march\u00e9  et partenaire de march\u00e9 gestionnaire\n                    B\u00e2tisseur de march\u00e9 associ\u00e9\n                    B\u00e2tisseur de march\u00e9\n                    B\u00e2tisseur de march\u00e9 gestionnaire\n                    Mentor de march\u00e9 associ\u00e9\n                    Mentor de march\u00e9\n                    Mentor de march\u00e9 gestionnaire\n                    Directeur ex\u00e9cutif associ\u00e9\n                    Directeur ex\u00e9cutif \n                    Directeur ex\u00e9cutif s\u00e9nior\n                        % de partenaires de march\u00e9 ACTIFS et INACTIFS \u00e0 ce rang en 2022\n                        96,91 %\n                        1,21 %\n                        0,52 %\n                        0,68 %\n                        0,34 %\n                        0,21 %\n                        0,09 %\n                        0,02 %\n                        0,01 %\n                        0,002 %\n                        Revenus bruts mensuels moyens $&nbsp;CA\n                        20 $\n                        549 $\n                        868 $\n                        1 476 $\n                        3 060 $\n                        6 403 $\n                        11 676 $\n                        18 378 $\n                        34 693 $\n                        59 559 $\n                        Nombre de mois (en moyenne) pour atteindre ce rang\n                        2\n                        15\n                        18\n                        18\n                        22\n                        25\n                        31\n                        33\n                        34\n                        18\n                        Nombre de mois pour atteindre ce rang (m\u00e9diane)\n                        0\n                        12\n                        14\n                        16\n                        19\n                        24\n                        29\n                        27\n                        45\n                        18\n            <p>Ces chiffres ne repr\u00e9sentent pas une garantie ou une pr\u00e9vision de vos revenus ou profits actuels.  Les montants ci-dessus comprennent seulement les primes, les commissions et toute autre r\u00e9mun\u00e9ration pay\u00e9e aux partenaires de march\u00e9 par MONAT. Ils NE TIENNENT PAS COMPTE des d\u00e9penses encourues par les partenaires de march\u00e9s lors de l&#8217;exploitation de leur entreprise ou des pertes subies lorsque les produits sont revendus par les partenaires de march\u00e9. Les d\u00e9penses encourues lors de l&#8217;exploitation d&#8217;une entreprise MONAT ind\u00e9pendante peuvent inclure, mais sans s&#8217;y limiter, l&#8217;achat d&#8217;une trousse de d\u00e9part, le paiement des frais de renouv\u00e8lement, l&#8217;achat d&#8217;\u00e9chantillons ou de stocks, les frais de livraison et de transport, les d\u00e9penses li\u00e9es \u00e0 la formation et \u00e0 l&#8217;\u00e9ducation, ainsi que les frais de d\u00e9placement. Dans certains cas, ces co\u00fbts et d\u00e9penses peuvent d\u00e9passer les revenus gagn\u00e9s par les partenaires de march\u00e9 MONAT. MONAT ne garantit pas le succ\u00e8s sur le plan financier et vous pourriez perdre de l&#8217;argent. R\u00e9ussir avec MONAT d\u00e9pend d&#8217;efforts fructueux effectu\u00e9s au chapitre des ventes, ce qui exige beaucoup de travail, de diligence, de comp\u00e9tences, de pers\u00e9v\u00e9rance et de leadership. Votre r\u00e9ussite d\u00e9pend de la mesure dans laquelle vous poss\u00e9dez ces qualit\u00e9s.<\/p>\n\n","protected":false},"excerpt":{"rendered":"<p>D\u00e9claration de MONAT Canada 2022 concernant les revenus En 2022, le partenaire de march\u00e9 typique au Canada a gagn\u00e9 entre 0 et 200 $ en commissions et en primes, excluant les profits au&nbsp;d\u00e9tail. En 2022, les revenus mensuels moyens d&#8217;un partenaire de march\u00e9 canadien, tous rangs confondus (ce qui inclut les partenaires de march\u00e9 actifs&hellip;<\/p>\n","protected":false},"author":31,"featured_media":0,"parent":0,"menu_order":0,"comment_status":"closed","ping_status":"closed","template":"","meta":{"inline_featured_image":false,"om_disable_all_campaigns":false,"_monsterinsights_skip_tracking":false,"_monsterinsights_sitenote_active":false,"_monsterinsights_sitenote_note":"","_monsterinsights_sitenote_category":0,"footnotes":""},"categories":[],"tags":[],"class_list":["post-61051","page","type-page","status-publish","hentry"],"aioseo_notices":[],"aioseo_head":"\n\t\t<!-- All in One SEO Pro 4.9.6 - aioseo.com -->\n\t<meta name=\"description\" content=\"D\u00e9claration de MONAT Canada 2022 concernant les revenus En 2022, le partenaire de march\u00e9 typique au Canada a gagn\u00e9 entre 0 et 200 $ en commissions et en primes, excluant les profits au d\u00e9tail. En 2022, les revenus mensuels moyens d&#039;un partenaire de march\u00e9 canadien, tous rangs confondus (ce qui inclut les partenaires de march\u00e9 actifs\" \/>\n\t<meta name=\"robots\" content=\"max-image-preview:large\" \/>\n\t<link rel=\"canonical\" href=\"https:\/\/monatglobal.com\/ca\/income-disclosure-statement\/?lang=fr\" \/>\n\t<meta name=\"generator\" content=\"All in One SEO Pro (AIOSEO) 4.9.6\" \/>\n\t\t<meta property=\"og:locale\" content=\"en_US\" \/>\n\t\t<meta property=\"og:site_name\" content=\"Monat Canada English - We Are Modern Nature\" \/>\n\t\t<meta property=\"og:type\" content=\"article\" \/>\n\t\t<meta property=\"og:title\" content=\"D\u00e9claration de revenus - Monat Canada English\" \/>\n\t\t<meta property=\"og:description\" content=\"D\u00e9claration de MONAT Canada 2022 concernant les revenus En 2022, le partenaire de march\u00e9 typique au Canada a gagn\u00e9 entre 0 et 200 $ en commissions et en primes, excluant les profits au d\u00e9tail. En 2022, les revenus mensuels moyens d&#039;un partenaire de march\u00e9 canadien, tous rangs confondus (ce qui inclut les partenaires de march\u00e9 actifs\" \/>\n\t\t<meta property=\"og:url\" content=\"https:\/\/monatglobal.com\/ca\/income-disclosure-statement\/?lang=fr\" \/>\n\t\t<meta property=\"article:published_time\" content=\"2021-05-17T16:44:55+00:00\" \/>\n\t\t<meta property=\"article:modified_time\" content=\"2023-06-16T12:57:52+00:00\" \/>\n\t\t<meta name=\"twitter:card\" content=\"summary_large_image\" \/>\n\t\t<meta name=\"twitter:title\" content=\"D\u00e9claration de revenus - Monat Canada English\" \/>\n\t\t<meta name=\"twitter:description\" content=\"D\u00e9claration de MONAT Canada 2022 concernant les revenus En 2022, le partenaire de march\u00e9 typique au Canada a gagn\u00e9 entre 0 et 200 $ en commissions et en primes, excluant les profits au d\u00e9tail. En 2022, les revenus mensuels moyens d&#039;un partenaire de march\u00e9 canadien, tous rangs confondus (ce qui inclut les partenaires de march\u00e9 actifs\" \/>\n\t\t<script type=\"application\/ld+json\" class=\"aioseo-schema\">\n\t\t\t{\"@context\":\"https:\\\/\\\/schema.org\",\"@graph\":[{\"@type\":\"BreadcrumbList\",\"@id\":\"https:\\\/\\\/monatglobal.com\\\/ca\\\/income-disclosure-statement\\\/?lang=fr#breadcrumblist\",\"itemListElement\":[{\"@type\":\"ListItem\",\"@id\":\"https:\\\/\\\/monatglobal.com\\\/ca#listItem\",\"position\":1,\"name\":\"Home\",\"item\":\"https:\\\/\\\/monatglobal.com\\\/ca\",\"nextItem\":{\"@type\":\"ListItem\",\"@id\":\"https:\\\/\\\/monatglobal.com\\\/ca\\\/income-disclosure-statement\\\/?lang=fr#listItem\",\"name\":\"D\\u00e9claration de revenus\"}},{\"@type\":\"ListItem\",\"@id\":\"https:\\\/\\\/monatglobal.com\\\/ca\\\/income-disclosure-statement\\\/?lang=fr#listItem\",\"position\":2,\"name\":\"D\\u00e9claration de revenus\",\"previousItem\":{\"@type\":\"ListItem\",\"@id\":\"https:\\\/\\\/monatglobal.com\\\/ca#listItem\",\"name\":\"Home\"}}]},{\"@type\":\"Organization\",\"@id\":\"https:\\\/\\\/monatglobal.com\\\/ca\\\/#organization\",\"name\":\"Monat Canada English\",\"description\":\"We Are Modern Nature\",\"url\":\"https:\\\/\\\/monatglobal.com\\\/ca\\\/\"},{\"@type\":\"WebPage\",\"@id\":\"https:\\\/\\\/monatglobal.com\\\/ca\\\/income-disclosure-statement\\\/?lang=fr#webpage\",\"url\":\"https:\\\/\\\/monatglobal.com\\\/ca\\\/income-disclosure-statement\\\/?lang=fr\",\"name\":\"D\\u00e9claration de revenus - Monat Canada English\",\"description\":\"D\\u00e9claration de MONAT Canada 2022 concernant les revenus En 2022, le partenaire de march\\u00e9 typique au Canada a gagn\\u00e9 entre 0 et 200 $ en commissions et en primes, excluant les profits au d\\u00e9tail. En 2022, les revenus mensuels moyens d'un partenaire de march\\u00e9 canadien, tous rangs confondus (ce qui inclut les partenaires de march\\u00e9 actifs\",\"inLanguage\":\"en-US\",\"isPartOf\":{\"@id\":\"https:\\\/\\\/monatglobal.com\\\/ca\\\/#website\"},\"breadcrumb\":{\"@id\":\"https:\\\/\\\/monatglobal.com\\\/ca\\\/income-disclosure-statement\\\/?lang=fr#breadcrumblist\"},\"datePublished\":\"2021-05-17T16:44:55-04:00\",\"dateModified\":\"2023-06-16T08:57:52-04:00\"},{\"@type\":\"WebSite\",\"@id\":\"https:\\\/\\\/monatglobal.com\\\/ca\\\/#website\",\"url\":\"https:\\\/\\\/monatglobal.com\\\/ca\\\/\",\"name\":\"Monat Canada English\",\"description\":\"We Are Modern Nature\",\"inLanguage\":\"en-US\",\"publisher\":{\"@id\":\"https:\\\/\\\/monatglobal.com\\\/ca\\\/#organization\"}}]}\n\t\t<\/script>\n\t\t<!-- All in One SEO Pro -->\r\n\t\t<title>D\u00e9claration de revenus - Monat Canada English<\/title>\n\n","aioseo_head_json":{"title":"D\u00e9claration de revenus - Monat Canada English","description":"D\u00e9claration de MONAT Canada 2022 concernant les revenus En 2022, le partenaire de march\u00e9 typique au Canada a gagn\u00e9 entre 0 et 200 $ en commissions et en primes, excluant les profits au d\u00e9tail. En 2022, les revenus mensuels moyens d'un partenaire de march\u00e9 canadien, tous rangs confondus (ce qui inclut les partenaires de march\u00e9 actifs","canonical_url":"https:\/\/monatglobal.com\/ca\/income-disclosure-statement\/?lang=fr","robots":"max-image-preview:large","keywords":"","webmasterTools":{"miscellaneous":""},"schema":{"@context":"https:\/\/schema.org","@graph":[{"@type":"BreadcrumbList","@id":"https:\/\/monatglobal.com\/ca\/income-disclosure-statement\/?lang=fr#breadcrumblist","itemListElement":[{"@type":"ListItem","@id":"https:\/\/monatglobal.com\/ca#listItem","position":1,"name":"Home","item":"https:\/\/monatglobal.com\/ca","nextItem":{"@type":"ListItem","@id":"https:\/\/monatglobal.com\/ca\/income-disclosure-statement\/?lang=fr#listItem","name":"D\u00e9claration de revenus"}},{"@type":"ListItem","@id":"https:\/\/monatglobal.com\/ca\/income-disclosure-statement\/?lang=fr#listItem","position":2,"name":"D\u00e9claration de revenus","previousItem":{"@type":"ListItem","@id":"https:\/\/monatglobal.com\/ca#listItem","name":"Home"}}]},{"@type":"Organization","@id":"https:\/\/monatglobal.com\/ca\/#organization","name":"Monat Canada English","description":"We Are Modern Nature","url":"https:\/\/monatglobal.com\/ca\/"},{"@type":"WebPage","@id":"https:\/\/monatglobal.com\/ca\/income-disclosure-statement\/?lang=fr#webpage","url":"https:\/\/monatglobal.com\/ca\/income-disclosure-statement\/?lang=fr","name":"D\u00e9claration de revenus - Monat Canada English","description":"D\u00e9claration de MONAT Canada 2022 concernant les revenus En 2022, le partenaire de march\u00e9 typique au Canada a gagn\u00e9 entre 0 et 200 $ en commissions et en primes, excluant les profits au d\u00e9tail. En 2022, les revenus mensuels moyens d'un partenaire de march\u00e9 canadien, tous rangs confondus (ce qui inclut les partenaires de march\u00e9 actifs","inLanguage":"en-US","isPartOf":{"@id":"https:\/\/monatglobal.com\/ca\/#website"},"breadcrumb":{"@id":"https:\/\/monatglobal.com\/ca\/income-disclosure-statement\/?lang=fr#breadcrumblist"},"datePublished":"2021-05-17T16:44:55-04:00","dateModified":"2023-06-16T08:57:52-04:00"},{"@type":"WebSite","@id":"https:\/\/monatglobal.com\/ca\/#website","url":"https:\/\/monatglobal.com\/ca\/","name":"Monat Canada English","description":"We Are Modern Nature","inLanguage":"en-US","publisher":{"@id":"https:\/\/monatglobal.com\/ca\/#organization"}}]},"og:locale":"en_US","og:site_name":"Monat Canada English - We Are Modern Nature","og:type":"article","og:title":"D\u00e9claration de revenus - Monat Canada English","og:description":"D\u00e9claration de MONAT Canada 2022 concernant les revenus En 2022, le partenaire de march\u00e9 typique au Canada a gagn\u00e9 entre 0 et 200 $ en commissions et en primes, excluant les profits au d\u00e9tail. En 2022, les revenus mensuels moyens d'un partenaire de march\u00e9 canadien, tous rangs confondus (ce qui inclut les partenaires de march\u00e9 actifs","og:url":"https:\/\/monatglobal.com\/ca\/income-disclosure-statement\/?lang=fr","article:published_time":"2021-05-17T16:44:55+00:00","article:modified_time":"2023-06-16T12:57:52+00:00","twitter:card":"summary_large_image","twitter:title":"D\u00e9claration de revenus - Monat Canada English","twitter:description":"D\u00e9claration de MONAT Canada 2022 concernant les revenus En 2022, le partenaire de march\u00e9 typique au Canada a gagn\u00e9 entre 0 et 200 $ en commissions et en primes, excluant les profits au d\u00e9tail. En 2022, les revenus mensuels moyens d'un partenaire de march\u00e9 canadien, tous rangs confondus (ce qui inclut les partenaires de march\u00e9 actifs"},"aioseo_meta_data":{"post_id":"61051","title":null,"description":null,"keywords":null,"keyphrases":null,"primary_term":null,"canonical_url":null,"og_title":null,"og_description":null,"og_object_type":"default","og_image_type":"default","og_image_url":null,"og_image_width":null,"og_image_height":null,"og_image_custom_url":null,"og_image_custom_fields":null,"og_video":null,"og_custom_url":null,"og_article_section":null,"og_article_tags":null,"twitter_use_og":false,"twitter_card":"default","twitter_image_type":"default","twitter_image_url":null,"twitter_image_custom_url":null,"twitter_image_custom_fields":null,"twitter_title":null,"twitter_description":null,"schema":{"blockGraphs":[],"customGraphs":[],"default":{"data":{"Article":[],"Course":[],"Dataset":[],"FAQPage":[],"Movie":[],"Person":[],"Product":[],"ProductReview":[],"Car":[],"Recipe":[],"Service":[],"SoftwareApplication":[],"WebPage":[]},"graphName":"","isEnabled":true},"graphs":[]},"schema_type":"default","schema_type_options":null,"pillar_content":false,"robots_default":true,"robots_noindex":false,"robots_noarchive":false,"robots_nosnippet":false,"robots_nofollow":false,"robots_noimageindex":false,"robots_noodp":false,"robots_notranslate":false,"robots_max_snippet":null,"robots_max_videopreview":null,"robots_max_imagepreview":"large","priority":null,"frequency":null,"local_seo":null,"seo_analyzer_scan_date":"2026-02-10 19:51:42","limit_modified_date":false,"reviewed_by":null,"open_ai":null,"ai":null,"created":"2023-07-26 12:56:16","updated":"2026-02-10 19:51:42"},"aioseo_breadcrumb":"<div class=\"aioseo-breadcrumbs\"><span class=\"aioseo-breadcrumb\">\n\t<a href=\"https:\/\/monatglobal.com\/ca\" title=\"Home\">Home<\/a>\n<\/span><span class=\"aioseo-breadcrumb-separator\">&raquo;<\/span><span class=\"aioseo-breadcrumb\">\n\tD\u00e9claration de revenus\n<\/span><\/div>","aioseo_breadcrumb_json":[{"label":"Home","link":"https:\/\/monatglobal.com\/ca"},{"label":"D\u00e9claration de revenus","link":"https:\/\/monatglobal.com\/ca\/income-disclosure-statement\/?lang=fr"}],"_links":{"self":[{"href":"https:\/\/monatglobal.com\/ca\/wp-json\/wp\/v2\/pages\/61051","targetHints":{"allow":["GET"]}}],"collection":[{"href":"https:\/\/monatglobal.com\/ca\/wp-json\/wp\/v2\/pages"}],"about":[{"href":"https:\/\/monatglobal.com\/ca\/wp-json\/wp\/v2\/types\/page"}],"author":[{"embeddable":true,"href":"https:\/\/monatglobal.com\/ca\/wp-json\/wp\/v2\/users\/31"}],"replies":[{"embeddable":true,"href":"https:\/\/monatglobal.com\/ca\/wp-json\/wp\/v2\/comments?post=61051"}],"version-history":[{"count":8,"href":"https:\/\/monatglobal.com\/ca\/wp-json\/wp\/v2\/pages\/61051\/revisions"}],"predecessor-version":[{"id":78876,"href":"https:\/\/monatglobal.com\/ca\/wp-json\/wp\/v2\/pages\/61051\/revisions\/78876"}],"wp:attachment":[{"href":"https:\/\/monatglobal.com\/ca\/wp-json\/wp\/v2\/media?parent=61051"}],"wp:term":[{"taxonomy":"category","embeddable":true,"href":"https:\/\/monatglobal.com\/ca\/wp-json\/wp\/v2\/categories?post=61051"},{"taxonomy":"post_tag","embeddable":true,"href":"https:\/\/monatglobal.com\/ca\/wp-json\/wp\/v2\/tags?post=61051"}],"curies":[{"name":"wp","href":"https:\/\/api.w.org\/{rel}","templated":true}]}}