{"id":60961,"date":"2021-05-05T04:50:12","date_gmt":"2021-05-05T04:50:12","guid":{"rendered":"https:\/\/monatglobal.com\/ca\/?page_id=60961"},"modified":"2022-04-28T09:54:58","modified_gmt":"2022-04-28T13:54:58","slug":"elite-2022","status":"publish","type":"page","link":"https:\/\/monatglobal.com\/ca\/elite-2022\/?lang=fr","title":{"rendered":"Elite 2022"},"content":{"rendered":"\n\n<!-- Generator: Adobe Illustrator 24.0.1, SVG Export Plug-In . SVG Version: 6.00 Build 0)  -->\n           <a href=\"https:\/\/www.youtube.com\/embed\/s5fWeMyGlj8?autoplay=1&amp;color=ffffff&amp;title=0&amp;byline=0&amp;portrait=0\"><img loading=\"lazy\" decoding=\"async\" src=\"https:\/\/monatglobal.com\/wp-content\/uploads\/2020\/01\/play-btn-r.png\" height=\"55\" width=\"55\"\/> <\/a>\n  <img decoding=\"async\" src=\"https:\/\/monatglobal.com\/wp-content\/uploads\/2021\/05\/dubai-uae.png\"\/>\n\t<h2>\u00c9mir. ar. unis | 15-22 mai 2022<\/h2>\n\t<h1>D\u00e9couvrez votre oasis.<\/h1>\n<p>Du plus haut \u00e9difice au monde aux \u00e9normes dunes de sable du Quart Vide, des excellentes boutiques aux march\u00e9s traditionnels d&#8217;or et d&#8217;\u00e9pices, des modes de vie extravagants \u00e0 la chaleureuse hospitalit\u00e9 de cette destination de voyage, Duba\u00ef est dans une classe \u00e0 part. Faites partie du groupe exclusif de partenaires de march\u00e9 MONAT qui d\u00e9couvriront la destination id\u00e9ale pour un voyage Elite.<\/p>\n\t<h1>\u062f\u0628\u064a<\/h1>\n\t<h2>PR\u00c9PAREZ-VOUS AU VOYAGE MONAT ELITE 2022!<\/h2>\n\t P\u00c9RIODE DE QUALIFICATION\n<h1>Du 1er avril 2021 au 31 mars 2022<\/h1>\n\t\t\t\t<img loading=\"lazy\" decoding=\"async\" src=\"https:\/\/monatglobal.com\/wp-content\/uploads\/2021\/05\/oldcity-1.jpg\" alt=\"oldcity\" itemprop=\"image\" height=\"570\" width=\"423\" title=\"oldcity\" onerror=\"this.style.display='none'\"  \/>\n\t<h1>Qu&#8217;est-ce qui est inclus<\/h1>\n\t<ul>\n    <li>Billet d&#8217;avion aller-retour pour vous et votre conjoint ou invit\u00e9 non partenaire de march\u00e9<\/li>\n    <li>H\u00e9bergement de 6 nuits dans un h\u00f4tel 5 \u00e9toiles (occupation double)<\/li>\n    <li>Transport terrestre priv\u00e9 vers la destination<\/li>\n    <li>Gastronomie spectaculaire<\/li>\n<\/ul>\n\t<ul>\n    <li>Aventures, excursions et activit\u00e9s organis\u00e9es par MONAT<\/li>\n    <li>Acc\u00e8s Elite \u00e0 des \u00e9v\u00e8nements<\/li>\n    <li>Des surprises l\u00e9gendaires MONAT Elite<\/li>\n    <li>Service gants blancs d\u00e8s l&#8217;arriv\u00e9e jusqu&#8217;au d\u00e9part<\/li>\n<\/ul>\n\t\t\t<a href=\"https:\/\/monatglobal.com\/ca\/wp-content\/uploads\/sites\/5\/2021\/05\/CAN_MONATElite2022_FAQ_FR-1.pdf\" target=\"_blank\" role=\"button\" rel=\"noopener\">\n\t\t\t\t\t\t\tEN SAVOIR PLUS\n\t\t\t\t\t<\/a>\n\t  <a target=\"_blank\" href=\"https:\/\/monatglobal.com\/ca\/wp-content\/uploads\/sites\/5\/2022\/04\/CAN-ELITE_2022_Terms__Conds_FR.pdf\" rel=\"noopener\">Conditions g\u00e9n\u00e9rales<\/a>\n<!-- Generator: Adobe Illustrator 24.0.1, SVG Export Plug-In . SVG Version: 6.00 Build 0)  -->\n\n","protected":false},"excerpt":{"rendered":"<p>\u00c9mir. ar. unis | 15-22 mai 2022 D\u00e9couvrez votre oasis. Du plus haut \u00e9difice au monde aux \u00e9normes dunes de sable du Quart Vide, des excellentes boutiques aux march\u00e9s traditionnels d&#8217;or et d&#8217;\u00e9pices, des modes de vie extravagants \u00e0 la chaleureuse hospitalit\u00e9 de cette destination de voyage, Duba\u00ef est dans une classe \u00e0 part. Faites&hellip;<\/p>\n","protected":false},"author":33,"featured_media":60982,"parent":0,"menu_order":0,"comment_status":"closed","ping_status":"closed","template":"template-full-custom.php","meta":{"inline_featured_image":false,"om_disable_all_campaigns":false,"_monsterinsights_skip_tracking":false,"_monsterinsights_sitenote_active":false,"_monsterinsights_sitenote_note":"","_monsterinsights_sitenote_category":0,"footnotes":""},"categories":[],"tags":[],"class_list":["post-60961","page","type-page","status-publish","has-post-thumbnail","hentry"],"aioseo_notices":[],"aioseo_head":"\n\t\t<!-- All in One SEO Pro 4.9.6 - aioseo.com -->\n\t<meta name=\"description\" content=\"\u00c9mir. ar. unis | 15-22 mai 2022 D\u00e9couvrez votre oasis. Du plus haut \u00e9difice au monde aux \u00e9normes dunes de sable du Quart Vide, des excellentes boutiques aux march\u00e9s traditionnels d&#039;or et d&#039;\u00e9pices, des modes de vie extravagants \u00e0 la chaleureuse hospitalit\u00e9 de cette destination de voyage, Duba\u00ef est dans une classe \u00e0 part. Faites\" \/>\n\t<meta name=\"robots\" content=\"max-image-preview:large\" \/>\n\t<link rel=\"canonical\" href=\"https:\/\/monatglobal.com\/ca\/elite-2022\/?lang=fr\" \/>\n\t<meta name=\"generator\" content=\"All in One SEO Pro (AIOSEO) 4.9.6\" \/>\n\t\t<meta property=\"og:locale\" content=\"en_US\" \/>\n\t\t<meta property=\"og:site_name\" content=\"Monat Canada English - We Are Modern Nature\" \/>\n\t\t<meta property=\"og:type\" content=\"article\" \/>\n\t\t<meta property=\"og:title\" content=\"Elite 2022 - Monat Canada English\" \/>\n\t\t<meta property=\"og:description\" content=\"\u00c9mir. ar. unis | 15-22 mai 2022 D\u00e9couvrez votre oasis. Du plus haut \u00e9difice au monde aux \u00e9normes dunes de sable du Quart Vide, des excellentes boutiques aux march\u00e9s traditionnels d&#039;or et d&#039;\u00e9pices, des modes de vie extravagants \u00e0 la chaleureuse hospitalit\u00e9 de cette destination de voyage, Duba\u00ef est dans une classe \u00e0 part. Faites\" \/>\n\t\t<meta property=\"og:url\" content=\"https:\/\/monatglobal.com\/ca\/elite-2022\/?lang=fr\" \/>\n\t\t<meta property=\"article:published_time\" content=\"2021-05-05T04:50:12+00:00\" \/>\n\t\t<meta property=\"article:modified_time\" content=\"2022-04-28T13:54:58+00:00\" \/>\n\t\t<meta name=\"twitter:card\" content=\"summary_large_image\" \/>\n\t\t<meta name=\"twitter:title\" content=\"Elite 2022 - Monat Canada English\" \/>\n\t\t<meta name=\"twitter:description\" content=\"\u00c9mir. ar. unis | 15-22 mai 2022 D\u00e9couvrez votre oasis. Du plus haut \u00e9difice au monde aux \u00e9normes dunes de sable du Quart Vide, des excellentes boutiques aux march\u00e9s traditionnels d&#039;or et d&#039;\u00e9pices, des modes de vie extravagants \u00e0 la chaleureuse hospitalit\u00e9 de cette destination de voyage, Duba\u00ef est dans une classe \u00e0 part. Faites\" \/>\n\t\t<script type=\"application\/ld+json\" class=\"aioseo-schema\">\n\t\t\t{\"@context\":\"https:\\\/\\\/schema.org\",\"@graph\":[{\"@type\":\"BreadcrumbList\",\"@id\":\"https:\\\/\\\/monatglobal.com\\\/ca\\\/elite-2022\\\/?lang=fr#breadcrumblist\",\"itemListElement\":[{\"@type\":\"ListItem\",\"@id\":\"https:\\\/\\\/monatglobal.com\\\/ca#listItem\",\"position\":1,\"name\":\"Home\",\"item\":\"https:\\\/\\\/monatglobal.com\\\/ca\",\"nextItem\":{\"@type\":\"ListItem\",\"@id\":\"https:\\\/\\\/monatglobal.com\\\/ca\\\/elite-2022\\\/?lang=fr#listItem\",\"name\":\"Elite 2022\"}},{\"@type\":\"ListItem\",\"@id\":\"https:\\\/\\\/monatglobal.com\\\/ca\\\/elite-2022\\\/?lang=fr#listItem\",\"position\":2,\"name\":\"Elite 2022\",\"previousItem\":{\"@type\":\"ListItem\",\"@id\":\"https:\\\/\\\/monatglobal.com\\\/ca#listItem\",\"name\":\"Home\"}}]},{\"@type\":\"Organization\",\"@id\":\"https:\\\/\\\/monatglobal.com\\\/ca\\\/#organization\",\"name\":\"Monat Canada English\",\"description\":\"We Are Modern Nature\",\"url\":\"https:\\\/\\\/monatglobal.com\\\/ca\\\/\"},{\"@type\":\"WebPage\",\"@id\":\"https:\\\/\\\/monatglobal.com\\\/ca\\\/elite-2022\\\/?lang=fr#webpage\",\"url\":\"https:\\\/\\\/monatglobal.com\\\/ca\\\/elite-2022\\\/?lang=fr\",\"name\":\"Elite 2022 - Monat Canada English\",\"description\":\"\\u00c9mir. ar. unis | 15-22 mai 2022 D\\u00e9couvrez votre oasis. Du plus haut \\u00e9difice au monde aux \\u00e9normes dunes de sable du Quart Vide, des excellentes boutiques aux march\\u00e9s traditionnels d'or et d'\\u00e9pices, des modes de vie extravagants \\u00e0 la chaleureuse hospitalit\\u00e9 de cette destination de voyage, Duba\\u00ef est dans une classe \\u00e0 part. Faites\",\"inLanguage\":\"en-US\",\"isPartOf\":{\"@id\":\"https:\\\/\\\/monatglobal.com\\\/ca\\\/#website\"},\"breadcrumb\":{\"@id\":\"https:\\\/\\\/monatglobal.com\\\/ca\\\/elite-2022\\\/?lang=fr#breadcrumblist\"},\"image\":{\"@type\":\"ImageObject\",\"url\":\"https:\\\/\\\/monatglobal.com\\\/ca\\\/wp-content\\\/uploads\\\/sites\\\/5\\\/2021\\\/05\\\/monat-elite-2022-300x300.jpg\",\"@id\":\"https:\\\/\\\/monatglobal.com\\\/ca\\\/elite-2022\\\/?lang=fr\\\/#mainImage\",\"width\":300,\"height\":300},\"primaryImageOfPage\":{\"@id\":\"https:\\\/\\\/monatglobal.com\\\/ca\\\/elite-2022\\\/?lang=fr#mainImage\"},\"datePublished\":\"2021-05-05T04:50:12-04:00\",\"dateModified\":\"2022-04-28T09:54:58-04:00\"},{\"@type\":\"WebSite\",\"@id\":\"https:\\\/\\\/monatglobal.com\\\/ca\\\/#website\",\"url\":\"https:\\\/\\\/monatglobal.com\\\/ca\\\/\",\"name\":\"Monat Canada English\",\"description\":\"We Are Modern Nature\",\"inLanguage\":\"en-US\",\"publisher\":{\"@id\":\"https:\\\/\\\/monatglobal.com\\\/ca\\\/#organization\"}}]}\n\t\t<\/script>\n\t\t<!-- All in One SEO Pro -->\r\n\t\t<title>Elite 2022 - Monat Canada English<\/title>\n\n","aioseo_head_json":{"title":"Elite 2022 - Monat Canada English","description":"\u00c9mir. ar. unis | 15-22 mai 2022 D\u00e9couvrez votre oasis. Du plus haut \u00e9difice au monde aux \u00e9normes dunes de sable du Quart Vide, des excellentes boutiques aux march\u00e9s traditionnels d'or et d'\u00e9pices, des modes de vie extravagants \u00e0 la chaleureuse hospitalit\u00e9 de cette destination de voyage, Duba\u00ef est dans une classe \u00e0 part. Faites","canonical_url":"https:\/\/monatglobal.com\/ca\/elite-2022\/?lang=fr","robots":"max-image-preview:large","keywords":"","webmasterTools":{"miscellaneous":""},"schema":{"@context":"https:\/\/schema.org","@graph":[{"@type":"BreadcrumbList","@id":"https:\/\/monatglobal.com\/ca\/elite-2022\/?lang=fr#breadcrumblist","itemListElement":[{"@type":"ListItem","@id":"https:\/\/monatglobal.com\/ca#listItem","position":1,"name":"Home","item":"https:\/\/monatglobal.com\/ca","nextItem":{"@type":"ListItem","@id":"https:\/\/monatglobal.com\/ca\/elite-2022\/?lang=fr#listItem","name":"Elite 2022"}},{"@type":"ListItem","@id":"https:\/\/monatglobal.com\/ca\/elite-2022\/?lang=fr#listItem","position":2,"name":"Elite 2022","previousItem":{"@type":"ListItem","@id":"https:\/\/monatglobal.com\/ca#listItem","name":"Home"}}]},{"@type":"Organization","@id":"https:\/\/monatglobal.com\/ca\/#organization","name":"Monat Canada English","description":"We Are Modern Nature","url":"https:\/\/monatglobal.com\/ca\/"},{"@type":"WebPage","@id":"https:\/\/monatglobal.com\/ca\/elite-2022\/?lang=fr#webpage","url":"https:\/\/monatglobal.com\/ca\/elite-2022\/?lang=fr","name":"Elite 2022 - Monat Canada English","description":"\u00c9mir. ar. unis | 15-22 mai 2022 D\u00e9couvrez votre oasis. Du plus haut \u00e9difice au monde aux \u00e9normes dunes de sable du Quart Vide, des excellentes boutiques aux march\u00e9s traditionnels d'or et d'\u00e9pices, des modes de vie extravagants \u00e0 la chaleureuse hospitalit\u00e9 de cette destination de voyage, Duba\u00ef est dans une classe \u00e0 part. Faites","inLanguage":"en-US","isPartOf":{"@id":"https:\/\/monatglobal.com\/ca\/#website"},"breadcrumb":{"@id":"https:\/\/monatglobal.com\/ca\/elite-2022\/?lang=fr#breadcrumblist"},"image":{"@type":"ImageObject","url":"https:\/\/monatglobal.com\/ca\/wp-content\/uploads\/sites\/5\/2021\/05\/monat-elite-2022-300x300.jpg","@id":"https:\/\/monatglobal.com\/ca\/elite-2022\/?lang=fr\/#mainImage","width":300,"height":300},"primaryImageOfPage":{"@id":"https:\/\/monatglobal.com\/ca\/elite-2022\/?lang=fr#mainImage"},"datePublished":"2021-05-05T04:50:12-04:00","dateModified":"2022-04-28T09:54:58-04:00"},{"@type":"WebSite","@id":"https:\/\/monatglobal.com\/ca\/#website","url":"https:\/\/monatglobal.com\/ca\/","name":"Monat Canada English","description":"We Are Modern Nature","inLanguage":"en-US","publisher":{"@id":"https:\/\/monatglobal.com\/ca\/#organization"}}]},"og:locale":"en_US","og:site_name":"Monat Canada English - We Are Modern Nature","og:type":"article","og:title":"Elite 2022 - Monat Canada English","og:description":"\u00c9mir. ar. unis | 15-22 mai 2022 D\u00e9couvrez votre oasis. Du plus haut \u00e9difice au monde aux \u00e9normes dunes de sable du Quart Vide, des excellentes boutiques aux march\u00e9s traditionnels d'or et d'\u00e9pices, des modes de vie extravagants \u00e0 la chaleureuse hospitalit\u00e9 de cette destination de voyage, Duba\u00ef est dans une classe \u00e0 part. Faites","og:url":"https:\/\/monatglobal.com\/ca\/elite-2022\/?lang=fr","article:published_time":"2021-05-05T04:50:12+00:00","article:modified_time":"2022-04-28T13:54:58+00:00","twitter:card":"summary_large_image","twitter:title":"Elite 2022 - Monat Canada English","twitter:description":"\u00c9mir. ar. unis | 15-22 mai 2022 D\u00e9couvrez votre oasis. Du plus haut \u00e9difice au monde aux \u00e9normes dunes de sable du Quart Vide, des excellentes boutiques aux march\u00e9s traditionnels d'or et d'\u00e9pices, des modes de vie extravagants \u00e0 la chaleureuse hospitalit\u00e9 de cette destination de voyage, Duba\u00ef est dans une classe \u00e0 part. Faites"},"aioseo_meta_data":{"post_id":"60961","title":null,"description":null,"keywords":null,"keyphrases":null,"primary_term":null,"canonical_url":null,"og_title":null,"og_description":null,"og_object_type":"default","og_image_type":"default","og_image_url":null,"og_image_width":null,"og_image_height":null,"og_image_custom_url":null,"og_image_custom_fields":null,"og_video":null,"og_custom_url":null,"og_article_section":null,"og_article_tags":null,"twitter_use_og":false,"twitter_card":"default","twitter_image_type":"default","twitter_image_url":null,"twitter_image_custom_url":null,"twitter_image_custom_fields":null,"twitter_title":null,"twitter_description":null,"schema":{"blockGraphs":[],"customGraphs":[],"default":{"data":{"Article":[],"Course":[],"Dataset":[],"FAQPage":[],"Movie":[],"Person":[],"Product":[],"ProductReview":[],"Car":[],"Recipe":[],"Service":[],"SoftwareApplication":[],"WebPage":[]},"graphName":"","isEnabled":true},"graphs":[]},"schema_type":"default","schema_type_options":null,"pillar_content":false,"robots_default":true,"robots_noindex":false,"robots_noarchive":false,"robots_nosnippet":false,"robots_nofollow":false,"robots_noimageindex":false,"robots_noodp":false,"robots_notranslate":false,"robots_max_snippet":null,"robots_max_videopreview":null,"robots_max_imagepreview":"large","priority":null,"frequency":null,"local_seo":null,"seo_analyzer_scan_date":"2026-02-10 19:51:37","limit_modified_date":false,"reviewed_by":null,"open_ai":null,"ai":null,"created":"2023-07-26 12:56:16","updated":"2026-02-10 19:51:37"},"aioseo_breadcrumb":"<div class=\"aioseo-breadcrumbs\"><span class=\"aioseo-breadcrumb\">\n\t<a href=\"https:\/\/monatglobal.com\/ca\" title=\"Home\">Home<\/a>\n<\/span><span class=\"aioseo-breadcrumb-separator\">&raquo;<\/span><span class=\"aioseo-breadcrumb\">\n\tElite 2022\n<\/span><\/div>","aioseo_breadcrumb_json":[{"label":"Home","link":"https:\/\/monatglobal.com\/ca"},{"label":"Elite 2022","link":"https:\/\/monatglobal.com\/ca\/elite-2022\/?lang=fr"}],"_links":{"self":[{"href":"https:\/\/monatglobal.com\/ca\/wp-json\/wp\/v2\/pages\/60961","targetHints":{"allow":["GET"]}}],"collection":[{"href":"https:\/\/monatglobal.com\/ca\/wp-json\/wp\/v2\/pages"}],"about":[{"href":"https:\/\/monatglobal.com\/ca\/wp-json\/wp\/v2\/types\/page"}],"author":[{"embeddable":true,"href":"https:\/\/monatglobal.com\/ca\/wp-json\/wp\/v2\/users\/33"}],"replies":[{"embeddable":true,"href":"https:\/\/monatglobal.com\/ca\/wp-json\/wp\/v2\/comments?post=60961"}],"version-history":[{"count":8,"href":"https:\/\/monatglobal.com\/ca\/wp-json\/wp\/v2\/pages\/60961\/revisions"}],"predecessor-version":[{"id":69931,"href":"https:\/\/monatglobal.com\/ca\/wp-json\/wp\/v2\/pages\/60961\/revisions\/69931"}],"wp:featuredmedia":[{"embeddable":true,"href":"https:\/\/monatglobal.com\/ca\/wp-json\/wp\/v2\/media\/60982"}],"wp:attachment":[{"href":"https:\/\/monatglobal.com\/ca\/wp-json\/wp\/v2\/media?parent=60961"}],"wp:term":[{"taxonomy":"category","embeddable":true,"href":"https:\/\/monatglobal.com\/ca\/wp-json\/wp\/v2\/categories?post=60961"},{"taxonomy":"post_tag","embeddable":true,"href":"https:\/\/monatglobal.com\/ca\/wp-json\/wp\/v2\/tags?post=60961"}],"curies":[{"name":"wp","href":"https:\/\/api.w.org\/{rel}","templated":true}]}}