{"id":59914,"date":"2021-03-04T17:23:46","date_gmt":"2021-03-04T17:23:46","guid":{"rendered":"https:\/\/monatglobal.com\/ca\/?page_id=59914"},"modified":"2025-12-10T17:16:36","modified_gmt":"2025-12-10T22:16:36","slug":"volume-spray","status":"publish","type":"page","link":"https:\/\/monatglobal.com\/ca\/volume-spray\/?lang=fr","title":{"rendered":"Spray volumisant et amplifiant MONAT STUDIO ONE\u2122"},"content":{"rendered":"\n\n\t\t\t\t<img loading=\"lazy\" decoding=\"async\" src=\"https:\/\/monatglobal.com\/wp-content\/uploads\/2021\/02\/STUDIO-ONE-VOLUME-LIFT-SPRAY_876x1000.png\" alt=\"STUDIO-ONE-VOLUME-&amp;-LIFT-SPRAY_876x1000\" itemprop=\"image\" height=\"1000\" width=\"876\" title=\"STUDIO-ONE-VOLUME-&amp;-LIFT-SPRAY_876x1000\" onerror=\"this.style.display='none'\"  \/>\n<h1> Spray volumisant<br \/>et amplifiant<\/h1>\n MONAT STUDIO ONE\u2122\n\t<h3>Un puissant vaporisateur liquide regorgeant d&#8217;ingr\u00e9dients actifs qui soul\u00e8ve les cheveux \u00e0 la racine, ajoutant corps, volume et rebond de longue dur\u00e9e aux cheveux fins et plats, sans les alourdir.<\/h3>\n\t<p> 134 ml \u212e 4,5 oz liq.<\/p> \n   Prix de VIP\n   <p> 44,00 $ CA<\/p>\n      Prix de d\u00e9tail\n      <p> 52,00 $ CA<\/p>\n   Prix de VIP\n   <p> 48,00 $ CA<\/p>\n      Prix de d\u00e9tail\n      <p> 56,00 $ CA<\/p>\n   Prix de VIP\n   <p> 40,00 $ CA<\/p>\n      Prix de d\u00e9tail\n      <p> 47,00 $ CA<\/p>\n\t<p> ON SALE Sunday, September 15 11a.m. EDT<\/p> \n\tPour en savoir plus sur le Spray volumisant et amplifiant MONAT STUDIO ONE\u2122, veuillez contacter votre partenaire de march\u00e9 MONAT.\n\t\t\t<a href=\"\" target=\"_blank\" role=\"button\" rel=\"noopener\">\n\t\t\t\t\t\t\tSTOCKS \u00c9PUIS\u00c9\n\t\t\t\t\t<\/a>\n\t BIENFAITS\n\t<h1>Transforme les cheveux plats et sans vie en crini\u00e8re volumineuse et luxueuse.<\/h1>\n\t<p>Ce vaporisateur donne volume, corps et rebond sans alourdir les cheveux et sans rigidit\u00e9.<\/p>\n\t<h1>Ce l\u00e9ger vaporisateur donne corps et volume de longue dur\u00e9e aux cheveux fins et plats.<\/h1>\n\t<p>Transforme les cheveux plats et sans vie en crini\u00e8re volumineuse et luxueuse. Ce l\u00e9ger vaporisateur donne du volume et du corps aux cheveux sans les alourdir et sans rigidit\u00e9.<\/p>\n\t<h1>Donne corps, volume et rebond instantan\u00e9s aux cheveux.<\/h1>\n\t<p>\/ Soul\u00e8ve les racines et donne un volume de longue dur\u00e9e<\/p>\n<p>\/ Offre corps et volume, emp\u00eachant la chevelure de s&#8217;aplatir au cours de la journ\u00e9e<\/p>\n<p>\/ Am\u00e9liore la densit\u00e9 et la force des cheveux <\/p>\n<p>\/ Ajoute du volume \u00e0 la racine<\/p>\n<p>\/ Laisse les cheveux doux et pr\u00eats \u00e0 \u00eatre coiff\u00e9s<\/p>\n<p>\/ S\u00e9curitaire pour les cheveux color\u00e9s<\/p>\n\t<h1>Mode d&#8217;emploi<\/h1>\n\t<p>\/ Vaporiser sur cheveux humides, des racines jusqu&#8217;aux pointes.<\/p>\n<p>\/ Brosser pour assurer une distribution uniforme.<\/p>\n<p>\/ S\u00e9cher au s\u00e8che-cheveux et coiffer comme d&#8217;habitude.<\/p>\n\t\t\t<a href=\"https:\/\/www.youtube.com\/watch?v=7jT3MIOjxZo\" role=\"button\">\n\t\t\t\t\t\t\t<\/a>\n\t<p>Spray volumisant et amplifiant<br \/>MONAT STUDIO ONE\u2122<br \/>0:37<\/p>\n\t\t\t<a href=\"\" target=\"_blank\" role=\"button\" rel=\"noopener\">\n\t\t\t\t\t\t\tSTOCKS \u00c9PUIS\u00c9\n\t\t\t\t\t<\/a>\n\t INGR\u00c9DIENTS CL\u00c9S\n<p>REJUVENIQE S\u2122<\/p>\n\n<p>KeraMatch\u2122<\/p>\n\n<p>Alo\u00e8s panth\u00e9nol<\/p>\n\n<p>Extrait de melon d&#8217;eau<\/p>\n\n\t\t\t<a href=\"#\" role=\"button\">\n\t\t\t\t\t\t\tLISTE D&#8217;INGR\u00c9DIENTS\n\t\t\t\t\t<\/a>\n\t\t<p>Alcohol Denat., Aqua\/Water\/Eau, Polyimide-1, Fragrance\/Parfum, Polyurethane-14, Citrus Limon (Lemon) Peel Oil, Citrus Aurantifolia (Lime) Oil, Citrus Aurantium Bergamia (Bergamot) Fruit Oil, Adansonia Digitata Oil, Mauritia Flexuosa Fruit Oil, Cocos Nucifera (Coconut) Oil, Gardenia Taitensis Flower Extract, Moringa Oleifera Seed Oil, Caryocar Brasiliense Fruit Oil, Helianthus Annuus (Sunflower) Seed Oil, Simmondsia Chinensis (Jojoba) Seed Extract, Daucus Carota Sativa (Carrot) Seed Oil, Olea Europaea (Olive) Fruit Oil, Camellia Oleifera Seed Oil, Solanum Lycopersicum (Tomato) Seed Oil, Crambe Abyssinica Seed Oil, Limnanthes Alba (Meadowfoam) Seed Oil, Pisum Sativum (Pea) Sprout Extract, Aminomethyl Propanol, AMP-Acrylates Copolymer, Cinnamidopropyltrimonium Chloride, Isomalt, PEG-8 Dimethicone, Aloe Barbadensis Leaf Juice, Citric Acid, Glycerin, Citrullus Lanatus (Watermelon) Fruit Extract, Hydrolyzed Pea Protein, Hydrolyzed Vegetable Protein, Panthenol, Potassium Sorbate, Sodium Benzoate.<\/p>\t\n\t VOUS POURRIEZ AUSSI AIMER\n\t<link rel=\"stylesheet\" href=\"https:\/\/cdnjs.cloudflare.com\/ajax\/libs\/normalize\/5.0.0\/normalize.min.css\"\/>\n<link rel='stylesheet' href='https:\/\/cdnjs.cloudflare.com\/ajax\/libs\/Swiper\/3.3.1\/css\/swiper.min.css'\/><link rel=\"stylesheet\" href=\".\/style.css\"\/>\n<style>\n    .swiper-container {\n        width: 100%;\n        height: 350px;\n    } \n    .also_like_txt{\n        letter-spacing: 0.08em;\n        font-family: 'Suisseintl-light', Fallback, sans-serif !important;\n        font-weight: 300;\n        color: #2f294b;\n        text-transform: uppercase;\n        font-size: 1em !important;\n        text-align: center;\n        position: absolute !important;;\n        top:105%;\n    }\n    .swiper-slide {\n        background-size: contain;\n        background-repeat: no-repeat;\n        background-position: center;\n        \/* Center slide text vertically *\/\n        display: -webkit-box;\n        display: -ms-flexbox;\n        display: -webkit-flex;\n        display: flex;\n        -webkit-box-pack: center;\n        -ms-flex-pack: center;\n        -webkit-justify-content: center;\n        justify-content: center;\n        -webkit-box-align: center;\n        -ms-flex-align: center;\n        -webkit-align-items: center;\n        align-items: center;\n    }\n    .swiper-pagination-bullet-active {\n        background: #2e2a4a !important;\n    }\n    .revive {\n        background-image: url(\"https:\/\/monatglobal.com\/wp-content\/uploads\/2019\/06\/VOLUMIZING-REVIVE-SHAMPOO-500x438.png\");\n            height: 250px ;\n    }\n    .revitalize {\n        background-image: url(\"https:\/\/monatglobal.com\/wp-content\/uploads\/2019\/07\/VOLUMIZING-REVITALIZE-CONDITIONER-500x438.png\");\n            height: 250px ;\n    }\n    .champ {\n      background-image: url(\"https:\/\/monatglobal.com\/wp-content\/uploads\/2018\/12\/the-champ.png\");\n          height: 250px ;\n    }\n    .swiper-button-prev, .swiper-container-rtl .swiper-button-next\n    {\n        left: -1 !important;\n    }\n    .swiper-button-next, .swiper-container-rtl .swiper-button-prev {\n     right: -1 !important ;   \n    }\n    .swiper-button-next, .swiper-button-prev\n    {\n    background-size: 27px 24px !important;\n    }\n    <\/style>\n<!-- partial:index.partial.html -->\n<!-- Slider main container -->\n    <!-- Additional required wrapper -->\n        <!-- Slides -->\n        <!--Volumizing<br \/>Revive Shampoo-->\n        <a href=\"https:\/\/monatglobal.com\/ca\/volumizing-revive-shampoo\/?lang=fr\">SHAMPOOING<br \/>VOLUME BOOST\u00c9<\/a>\n        <a href=\"https:\/\/monatglobal.com\/ca\/volumizing-revitalize-conditioner\/?lang=fr\">APR\u00c8S-SHAMPOOING<br \/> REVITALISANT BOOST\u00c9<\/a>\n        <a href=\"https:\/\/monatglobal.com\/ca\/conditioning-dry-shampoo\/?lang=fr\">SHAMPOOING SEC MONAT<br \/>STUDIO ONE\u2122 THE CHAMP\u2122<\/a>\n    <!-- If we need pagination -->\n    <!-- If we need navigation buttons -->\n    <!-- If we need scrollbar -->\n<!--      -->\n<!-- partial -->\n\t<a href=\"https:\/\/monatglobal.com\/ca\/products\/?lang=fr&#038;line=soins-capillaires\"><h3>Tous les soins capillaires<\/h3><\/a>\n\n","protected":false},"excerpt":{"rendered":"<p>Spray volumisantet amplifiant MONAT STUDIO ONE\u2122 Un puissant vaporisateur liquide regorgeant d&#8217;ingr\u00e9dients actifs qui soul\u00e8ve les cheveux \u00e0 la racine, ajoutant corps, volume et rebond de longue dur\u00e9e aux cheveux fins et plats, sans les alourdir. 134 ml \u212e 4,5 oz liq. Prix de VIP 44,00 $ CA Prix de d\u00e9tail 52,00 $ CA Prix&hellip;<\/p>\n","protected":false},"author":33,"featured_media":59917,"parent":0,"menu_order":0,"comment_status":"closed","ping_status":"closed","template":"","meta":{"inline_featured_image":false,"om_disable_all_campaigns":false,"_monsterinsights_skip_tracking":false,"_monsterinsights_sitenote_active":false,"_monsterinsights_sitenote_note":"","_monsterinsights_sitenote_category":0,"footnotes":""},"categories":[],"tags":[],"class_list":["post-59914","page","type-page","status-publish","has-post-thumbnail","hentry"],"aioseo_notices":[],"aioseo_head":"\n\t\t<!-- All in One SEO Pro 4.9.6 - aioseo.com -->\n\t<meta name=\"description\" content=\"Spray volumisantet amplifiant MONAT STUDIO ONE\u2122 Un puissant vaporisateur liquide regorgeant d&#039;ingr\u00e9dients actifs qui soul\u00e8ve les cheveux \u00e0 la racine, ajoutant corps, volume et rebond de longue dur\u00e9e aux cheveux fins et plats, sans les alourdir. 134 ml \u212e 4,5 oz liq. Prix de VIP 44,00 $ CA Prix de d\u00e9tail 52,00 $ CA Prix\" \/>\n\t<meta name=\"robots\" content=\"max-image-preview:large\" \/>\n\t<link rel=\"canonical\" href=\"https:\/\/monatglobal.com\/ca\/volume-spray\/?lang=fr\" \/>\n\t<meta name=\"generator\" content=\"All in One SEO Pro (AIOSEO) 4.9.6\" \/>\n\t\t<meta property=\"og:locale\" content=\"en_US\" \/>\n\t\t<meta property=\"og:site_name\" content=\"Monat Canada English - We Are Modern Nature\" \/>\n\t\t<meta property=\"og:type\" content=\"article\" \/>\n\t\t<meta property=\"og:title\" content=\"Spray volumisant et amplifiant MONAT STUDIO ONE\u2122 - Monat Canada English\" \/>\n\t\t<meta property=\"og:description\" content=\"Spray volumisantet amplifiant MONAT STUDIO ONE\u2122 Un puissant vaporisateur liquide regorgeant d&#039;ingr\u00e9dients actifs qui soul\u00e8ve les cheveux \u00e0 la racine, ajoutant corps, volume et rebond de longue dur\u00e9e aux cheveux fins et plats, sans les alourdir. 134 ml \u212e 4,5 oz liq. Prix de VIP 44,00 $ CA Prix de d\u00e9tail 52,00 $ CA Prix\" \/>\n\t\t<meta property=\"og:url\" content=\"https:\/\/monatglobal.com\/ca\/volume-spray\/?lang=fr\" \/>\n\t\t<meta property=\"article:published_time\" content=\"2021-03-04T17:23:46+00:00\" \/>\n\t\t<meta property=\"article:modified_time\" content=\"2025-12-10T22:16:36+00:00\" \/>\n\t\t<meta name=\"twitter:card\" content=\"summary_large_image\" \/>\n\t\t<meta name=\"twitter:title\" content=\"Spray volumisant et amplifiant MONAT STUDIO ONE\u2122 - Monat Canada English\" \/>\n\t\t<meta name=\"twitter:description\" content=\"Spray volumisantet amplifiant MONAT STUDIO ONE\u2122 Un puissant vaporisateur liquide regorgeant d&#039;ingr\u00e9dients actifs qui soul\u00e8ve les cheveux \u00e0 la racine, ajoutant corps, volume et rebond de longue dur\u00e9e aux cheveux fins et plats, sans les alourdir. 134 ml \u212e 4,5 oz liq. Prix de VIP 44,00 $ CA Prix de d\u00e9tail 52,00 $ CA Prix\" \/>\n\t\t<script type=\"application\/ld+json\" class=\"aioseo-schema\">\n\t\t\t{\"@context\":\"https:\\\/\\\/schema.org\",\"@graph\":[{\"@type\":\"BreadcrumbList\",\"@id\":\"https:\\\/\\\/monatglobal.com\\\/ca\\\/volume-spray\\\/?lang=fr#breadcrumblist\",\"itemListElement\":[{\"@type\":\"ListItem\",\"@id\":\"https:\\\/\\\/monatglobal.com\\\/ca#listItem\",\"position\":1,\"name\":\"Home\",\"item\":\"https:\\\/\\\/monatglobal.com\\\/ca\",\"nextItem\":{\"@type\":\"ListItem\",\"@id\":\"https:\\\/\\\/monatglobal.com\\\/ca\\\/volume-spray\\\/?lang=fr#listItem\",\"name\":\"Spray volumisant et amplifiant MONAT STUDIO ONE\\u2122\"}},{\"@type\":\"ListItem\",\"@id\":\"https:\\\/\\\/monatglobal.com\\\/ca\\\/volume-spray\\\/?lang=fr#listItem\",\"position\":2,\"name\":\"Spray volumisant et amplifiant MONAT STUDIO ONE\\u2122\",\"previousItem\":{\"@type\":\"ListItem\",\"@id\":\"https:\\\/\\\/monatglobal.com\\\/ca#listItem\",\"name\":\"Home\"}}]},{\"@type\":\"Organization\",\"@id\":\"https:\\\/\\\/monatglobal.com\\\/ca\\\/#organization\",\"name\":\"Monat Canada English\",\"description\":\"We Are Modern Nature\",\"url\":\"https:\\\/\\\/monatglobal.com\\\/ca\\\/\"},{\"@type\":\"WebPage\",\"@id\":\"https:\\\/\\\/monatglobal.com\\\/ca\\\/volume-spray\\\/?lang=fr#webpage\",\"url\":\"https:\\\/\\\/monatglobal.com\\\/ca\\\/volume-spray\\\/?lang=fr\",\"name\":\"Spray volumisant et amplifiant MONAT STUDIO ONE\\u2122 - Monat Canada English\",\"description\":\"Spray volumisantet amplifiant MONAT STUDIO ONE\\u2122 Un puissant vaporisateur liquide regorgeant d'ingr\\u00e9dients actifs qui soul\\u00e8ve les cheveux \\u00e0 la racine, ajoutant corps, volume et rebond de longue dur\\u00e9e aux cheveux fins et plats, sans les alourdir. 134 ml \\u212e 4,5 oz liq. Prix de VIP 44,00 $ CA Prix de d\\u00e9tail 52,00 $ CA Prix\",\"inLanguage\":\"en-US\",\"isPartOf\":{\"@id\":\"https:\\\/\\\/monatglobal.com\\\/ca\\\/#website\"},\"breadcrumb\":{\"@id\":\"https:\\\/\\\/monatglobal.com\\\/ca\\\/volume-spray\\\/?lang=fr#breadcrumblist\"},\"image\":{\"@type\":\"ImageObject\",\"url\":\"https:\\\/\\\/monatglobal.com\\\/ca\\\/wp-content\\\/uploads\\\/sites\\\/5\\\/2021\\\/03\\\/STUDIO-ONE-VOLUME-LIFT-SPRAY_876x1000.png\",\"@id\":\"https:\\\/\\\/monatglobal.com\\\/ca\\\/volume-spray\\\/?lang=fr\\\/#mainImage\",\"width\":876,\"height\":1000},\"primaryImageOfPage\":{\"@id\":\"https:\\\/\\\/monatglobal.com\\\/ca\\\/volume-spray\\\/?lang=fr#mainImage\"},\"datePublished\":\"2021-03-04T17:23:46-05:00\",\"dateModified\":\"2025-12-10T17:16:36-05:00\"},{\"@type\":\"WebSite\",\"@id\":\"https:\\\/\\\/monatglobal.com\\\/ca\\\/#website\",\"url\":\"https:\\\/\\\/monatglobal.com\\\/ca\\\/\",\"name\":\"Monat Canada English\",\"description\":\"We Are Modern Nature\",\"inLanguage\":\"en-US\",\"publisher\":{\"@id\":\"https:\\\/\\\/monatglobal.com\\\/ca\\\/#organization\"}}]}\n\t\t<\/script>\n\t\t<!-- All in One SEO Pro -->\r\n\t\t<title>Spray volumisant et amplifiant MONAT STUDIO ONE\u2122 - Monat Canada English<\/title>\n\n","aioseo_head_json":{"title":"Spray volumisant et amplifiant MONAT STUDIO ONE\u2122 - Monat Canada English","description":"Spray volumisantet amplifiant MONAT STUDIO ONE\u2122 Un puissant vaporisateur liquide regorgeant d'ingr\u00e9dients actifs qui soul\u00e8ve les cheveux \u00e0 la racine, ajoutant corps, volume et rebond de longue dur\u00e9e aux cheveux fins et plats, sans les alourdir. 134 ml \u212e 4,5 oz liq. Prix de VIP 44,00 $ CA Prix de d\u00e9tail 52,00 $ CA Prix","canonical_url":"https:\/\/monatglobal.com\/ca\/volume-spray\/?lang=fr","robots":"max-image-preview:large","keywords":"","webmasterTools":{"miscellaneous":""},"schema":{"@context":"https:\/\/schema.org","@graph":[{"@type":"BreadcrumbList","@id":"https:\/\/monatglobal.com\/ca\/volume-spray\/?lang=fr#breadcrumblist","itemListElement":[{"@type":"ListItem","@id":"https:\/\/monatglobal.com\/ca#listItem","position":1,"name":"Home","item":"https:\/\/monatglobal.com\/ca","nextItem":{"@type":"ListItem","@id":"https:\/\/monatglobal.com\/ca\/volume-spray\/?lang=fr#listItem","name":"Spray volumisant et amplifiant MONAT STUDIO ONE\u2122"}},{"@type":"ListItem","@id":"https:\/\/monatglobal.com\/ca\/volume-spray\/?lang=fr#listItem","position":2,"name":"Spray volumisant et amplifiant MONAT STUDIO ONE\u2122","previousItem":{"@type":"ListItem","@id":"https:\/\/monatglobal.com\/ca#listItem","name":"Home"}}]},{"@type":"Organization","@id":"https:\/\/monatglobal.com\/ca\/#organization","name":"Monat Canada English","description":"We Are Modern Nature","url":"https:\/\/monatglobal.com\/ca\/"},{"@type":"WebPage","@id":"https:\/\/monatglobal.com\/ca\/volume-spray\/?lang=fr#webpage","url":"https:\/\/monatglobal.com\/ca\/volume-spray\/?lang=fr","name":"Spray volumisant et amplifiant MONAT STUDIO ONE\u2122 - Monat Canada English","description":"Spray volumisantet amplifiant MONAT STUDIO ONE\u2122 Un puissant vaporisateur liquide regorgeant d'ingr\u00e9dients actifs qui soul\u00e8ve les cheveux \u00e0 la racine, ajoutant corps, volume et rebond de longue dur\u00e9e aux cheveux fins et plats, sans les alourdir. 134 ml \u212e 4,5 oz liq. Prix de VIP 44,00 $ CA Prix de d\u00e9tail 52,00 $ CA Prix","inLanguage":"en-US","isPartOf":{"@id":"https:\/\/monatglobal.com\/ca\/#website"},"breadcrumb":{"@id":"https:\/\/monatglobal.com\/ca\/volume-spray\/?lang=fr#breadcrumblist"},"image":{"@type":"ImageObject","url":"https:\/\/monatglobal.com\/ca\/wp-content\/uploads\/sites\/5\/2021\/03\/STUDIO-ONE-VOLUME-LIFT-SPRAY_876x1000.png","@id":"https:\/\/monatglobal.com\/ca\/volume-spray\/?lang=fr\/#mainImage","width":876,"height":1000},"primaryImageOfPage":{"@id":"https:\/\/monatglobal.com\/ca\/volume-spray\/?lang=fr#mainImage"},"datePublished":"2021-03-04T17:23:46-05:00","dateModified":"2025-12-10T17:16:36-05:00"},{"@type":"WebSite","@id":"https:\/\/monatglobal.com\/ca\/#website","url":"https:\/\/monatglobal.com\/ca\/","name":"Monat Canada English","description":"We Are Modern Nature","inLanguage":"en-US","publisher":{"@id":"https:\/\/monatglobal.com\/ca\/#organization"}}]},"og:locale":"en_US","og:site_name":"Monat Canada English - We Are Modern Nature","og:type":"article","og:title":"Spray volumisant et amplifiant MONAT STUDIO ONE\u2122 - Monat Canada English","og:description":"Spray volumisantet amplifiant MONAT STUDIO ONE\u2122 Un puissant vaporisateur liquide regorgeant d'ingr\u00e9dients actifs qui soul\u00e8ve les cheveux \u00e0 la racine, ajoutant corps, volume et rebond de longue dur\u00e9e aux cheveux fins et plats, sans les alourdir. 134 ml \u212e 4,5 oz liq. Prix de VIP 44,00 $ CA Prix de d\u00e9tail 52,00 $ CA Prix","og:url":"https:\/\/monatglobal.com\/ca\/volume-spray\/?lang=fr","article:published_time":"2021-03-04T17:23:46+00:00","article:modified_time":"2025-12-10T22:16:36+00:00","twitter:card":"summary_large_image","twitter:title":"Spray volumisant et amplifiant MONAT STUDIO ONE\u2122 - Monat Canada English","twitter:description":"Spray volumisantet amplifiant MONAT STUDIO ONE\u2122 Un puissant vaporisateur liquide regorgeant d'ingr\u00e9dients actifs qui soul\u00e8ve les cheveux \u00e0 la racine, ajoutant corps, volume et rebond de longue dur\u00e9e aux cheveux fins et plats, sans les alourdir. 134 ml \u212e 4,5 oz liq. Prix de VIP 44,00 $ CA Prix de d\u00e9tail 52,00 $ CA Prix"},"aioseo_meta_data":{"post_id":"59914","title":null,"description":null,"keywords":null,"keyphrases":null,"primary_term":null,"canonical_url":null,"og_title":null,"og_description":null,"og_object_type":"default","og_image_type":"default","og_image_url":null,"og_image_width":null,"og_image_height":null,"og_image_custom_url":null,"og_image_custom_fields":null,"og_video":null,"og_custom_url":null,"og_article_section":null,"og_article_tags":null,"twitter_use_og":false,"twitter_card":"default","twitter_image_type":"default","twitter_image_url":null,"twitter_image_custom_url":null,"twitter_image_custom_fields":null,"twitter_title":null,"twitter_description":null,"schema":{"blockGraphs":[],"customGraphs":[],"default":{"data":{"Article":[],"Course":[],"Dataset":[],"FAQPage":[],"Movie":[],"Person":[],"Product":[],"ProductReview":[],"Car":[],"Recipe":[],"Service":[],"SoftwareApplication":[],"WebPage":[]},"graphName":"WebPage","isEnabled":true},"graphs":[]},"schema_type":"default","schema_type_options":null,"pillar_content":false,"robots_default":true,"robots_noindex":false,"robots_noarchive":false,"robots_nosnippet":false,"robots_nofollow":false,"robots_noimageindex":false,"robots_noodp":false,"robots_notranslate":false,"robots_max_snippet":null,"robots_max_videopreview":null,"robots_max_imagepreview":"large","priority":null,"frequency":null,"local_seo":null,"seo_analyzer_scan_date":"2026-02-10 19:45:29","limit_modified_date":false,"reviewed_by":null,"open_ai":null,"ai":null,"created":"2023-07-26 12:55:46","updated":"2026-02-10 19:45:29"},"aioseo_breadcrumb":"<div class=\"aioseo-breadcrumbs\"><span class=\"aioseo-breadcrumb\">\n\t<a href=\"https:\/\/monatglobal.com\/ca\" title=\"Home\">Home<\/a>\n<\/span><span class=\"aioseo-breadcrumb-separator\">&raquo;<\/span><span class=\"aioseo-breadcrumb\">\n\tSpray volumisant et amplifiant MONAT STUDIO ONE\u2122\n<\/span><\/div>","aioseo_breadcrumb_json":[{"label":"Home","link":"https:\/\/monatglobal.com\/ca"},{"label":"Spray volumisant et amplifiant MONAT STUDIO ONE\u2122","link":"https:\/\/monatglobal.com\/ca\/volume-spray\/?lang=fr"}],"_links":{"self":[{"href":"https:\/\/monatglobal.com\/ca\/wp-json\/wp\/v2\/pages\/59914","targetHints":{"allow":["GET"]}}],"collection":[{"href":"https:\/\/monatglobal.com\/ca\/wp-json\/wp\/v2\/pages"}],"about":[{"href":"https:\/\/monatglobal.com\/ca\/wp-json\/wp\/v2\/types\/page"}],"author":[{"embeddable":true,"href":"https:\/\/monatglobal.com\/ca\/wp-json\/wp\/v2\/users\/33"}],"replies":[{"embeddable":true,"href":"https:\/\/monatglobal.com\/ca\/wp-json\/wp\/v2\/comments?post=59914"}],"version-history":[{"count":24,"href":"https:\/\/monatglobal.com\/ca\/wp-json\/wp\/v2\/pages\/59914\/revisions"}],"predecessor-version":[{"id":109018,"href":"https:\/\/monatglobal.com\/ca\/wp-json\/wp\/v2\/pages\/59914\/revisions\/109018"}],"wp:featuredmedia":[{"embeddable":true,"href":"https:\/\/monatglobal.com\/ca\/wp-json\/wp\/v2\/media\/59917"}],"wp:attachment":[{"href":"https:\/\/monatglobal.com\/ca\/wp-json\/wp\/v2\/media?parent=59914"}],"wp:term":[{"taxonomy":"category","embeddable":true,"href":"https:\/\/monatglobal.com\/ca\/wp-json\/wp\/v2\/categories?post=59914"},{"taxonomy":"post_tag","embeddable":true,"href":"https:\/\/monatglobal.com\/ca\/wp-json\/wp\/v2\/tags?post=59914"}],"curies":[{"name":"wp","href":"https:\/\/api.w.org\/{rel}","templated":true}]}}