{"id":59357,"date":"2021-02-09T14:08:54","date_gmt":"2021-02-09T14:08:54","guid":{"rendered":"https:\/\/monatglobal.com\/ca\/?page_id=59357"},"modified":"2026-01-08T10:37:16","modified_gmt":"2026-01-08T15:37:16","slug":"skin-oil-free-moisturizer","status":"publish","type":"page","link":"https:\/\/monatglobal.com\/ca\/skin-oil-free-moisturizer\/?lang=fr","title":{"rendered":"Hydratant sans huile BE PURIFIED\u2122"},"content":{"rendered":"\n\n\t\t\t\t<img loading=\"lazy\" decoding=\"async\" src=\"https:\/\/monatglobal.com\/ca\/wp-content\/uploads\/sites\/5\/2021\/02\/be-pmois-1.png\" alt=\"be-pmois\" itemprop=\"image\" height=\"450\" width=\"341\" title=\"be-pmois\" onerror=\"this.style.display='none'\"  \/>\n<h1> Hydratant<br \/>sans huile<\/h1>\n BE PURIFIED\u2122 \n\t<h3>Un l\u00e9ger hydratant sans huile con\u00e7u pour r\u00e9duire la brillance tout en absorbant l&#8217;exc\u00e8s de s\u00e9bum, pour donner une apparence saine \u00e0 la peau.<\/h3>\n\t<p>45ml \u212e 1,52 oz liq.<\/p>\n   Prix de VIP\n   <p> 83,00 $ CA<\/p>\n      Prix de d\u00e9tail\n      <p> 98,00 $ CA<\/p>\n   Prix de VIP\n   <p> 88,00 $ CA<\/p>\n      Prix de d\u00e9tail\n      <p> 104,00 $ CA<\/p>\n   Prix de VIP\n   <p> 79,00 $ CA<\/p>\n      Prix de d\u00e9tail\n      <p> 93,00 $ CA<\/p>\n\t<p> ON SALE Sunday, September 15 11a.m. EDT<\/p> \n\tPour en savoir plus sur l&#8217;Hydratant sans huile BE PURIFIED\u2122, veuillez contacter votre partenaire de march\u00e9 MONAT.\n\t\t\t<a href=\"https:\/\/corp.mymonat.com\/shop\/products\/be-purified-oil-free-moisturizer\/?globallanguage=fr&#038;globalmarket=ca\" target=\"_blank\" role=\"button\" rel=\"noopener\">\n\t\t\t\t\t\t\tMAGASINEZ\n\t\t\t\t\t<\/a>\n\t BIENFAITS\n\t<h1>Con\u00e7ue pr\u00e9cis\u00e9ment pour la peau grasse, notre douce formule sans huile absorbe l&#8217;exc\u00e8s de s\u00e9bum, r\u00e9duisant le s\u00e9bum et la brillance, tout en hydratant la peau toute la journ\u00e9e.<\/h1>\n\t<h1>\nEnrichi d&#8217;argile blanche fran\u00e7aise, de th\u00e9 vert, de romarin, d&#8217;alo\u00e8s et d&#8217;argile riche en min\u00e9raux, cet hydratant sans huile a un effet matifiant naturel sur la peau tout en la purifiant, en l&#8217;hydratant et en la renouvelant.<\/h1>\n\t<h1>Caract\u00e9ristiques<\/h1>\n\t<p>\/ Garde la peau hydrat\u00e9e toute la journ\u00e9e<\/p>\n<p>\/ Formule \u00e0 absorption rapide<\/p>\n<p>\/ Aide \u00e0 apaiser la peau<\/p>\n<p>\/ Offre un effet matifiant, r\u00e9duisant la brillance jusqu&#8217;\u00e0 huit heures<\/p>\n<p>\/ R\u00e9tablit le taux d&#8217;humidit\u00e9 naturel de la peau<\/p>\n<p>\/ Hydrate pendant 24 heures<\/p>\n\t<h1>Mode d&#8217;emploi<\/h1>\n\t<p>\/ Utiliser la  spatule comprise pour retirer le produit du contenant.<\/p>\n<p>\/ Appliquer de fa\u00e7on uniforme sur le bout des doigts.<\/p>\n<p>\/ Masser sur le visage, le cou et le d\u00e9collet\u00e9.<\/p>\n<p>\/ Laisser le produit s&#8217;absorber compl\u00e8tement avant d&#8217;appliquer un produit \u00e0 FPS ou votre maquillage.<\/p>\n\t\t\t<a href=\"https:\/\/www.youtube.com\/watch?v=XESqSOmIXvM\" role=\"button\">\n\t\t\t\t\t\t\t<\/a>\n\t<p>Hydratant sans huile<br \/>BE PURIFIED\u2122<br \/>0:30<\/p>\n\t\t\t<a href=\"https:\/\/corp.mymonat.com\/shop\/products\/be-purified-oil-free-moisturizer\/?globallanguage=fr&#038;globalmarket=ca\" target=\"_blank\" role=\"button\" rel=\"noopener\">\n\t\t\t\t\t\t\tMAGASINEZ\n\t\t\t\t\t<\/a>\n\t INGR\u00c9DIENTS ACTIFS CL\u00c9S\n<p>Argile blanche fran\u00e7aise<\/p>\n\n<p>Extraits v\u00e9g\u00e9taux<\/p>\n\n<p>Extrait de chou palmiste<\/p>\n\n<p>Acide hyaluronique<\/p>\n\n\t\t\t<a href=\"#\" role=\"button\">\n\t\t\t\t\t\t\tLISTE D&#8217;INGR\u00c9DIENTS\n\t\t\t\t\t<\/a>\n\t\tAqua\/Water\/Eau, Kaolin, Cetearyl Alcohol, Bentonite, Charcoal Powder, Propanediol, Sodium Laurylglucosides Hydroxypropylsulfonate, Glycerin, Salicylic Acid, Lactic Acid, Menthol, Menthone, Maclura Cochinchinensis Leaf\nPrenylflavonoids, Sodium Cocoamphoacetate, Xanthan Gum, Cocamidopropyl Hydroxysultaine, Sodium Phytate, Pentylene Glycol, Phenethyl Alcohol, Alcohol.\t\n\t VOUS POURRIEZ AUSSI AIMER\n\t<link rel=\"stylesheet\" href=\"https:\/\/cdnjs.cloudflare.com\/ajax\/libs\/normalize\/5.0.0\/normalize.min.css\"\/>\n<link rel='stylesheet' href='https:\/\/cdnjs.cloudflare.com\/ajax\/libs\/Swiper\/3.3.1\/css\/swiper.min.css'\/><link rel=\"stylesheet\" href=\".\/style.css\"\/>\n<style>\n    .swiper-container {\n        width: 100%;\n        height: 350px;\n    } \n    .also_like_txt{\n        letter-spacing: 0.08em;\n        font-family: 'Suisseintl-light', Fallback, sans-serif !important;\n        font-weight: 300;\n        color: #2f294b;\n        text-transform: uppercase;\n        font-size: 1em !important;\n        text-align: center;\n        position: absolute !important;;\n        top:105%;\n    }\n    .swiper-slide {\n        background-size: contain;\n        background-repeat: no-repeat;\n        background-position: center;\n        \/* Center slide text vertically *\/\n        display: -webkit-box;\n        display: -ms-flexbox;\n        display: -webkit-flex;\n        display: flex;\n        -webkit-box-pack: center;\n        -ms-flex-pack: center;\n        -webkit-justify-content: center;\n        justify-content: center;\n        -webkit-box-align: center;\n        -ms-flex-align: center;\n        -webkit-align-items: center;\n        align-items: center;\n    }\n    .swiper-pagination-bullet-active {\n        background: #2e2a4a !important;\n    }\n    .cold {\n        background-image: url(\"https:\/\/monatglobal.com\/wp-content\/uploads\/2021\/02\/be-pcharcoal.png\");\n            height: 250px ;\n    }\n    .cleanser {\n        background-image: url(\"https:\/\/monatglobal.com\/wp-content\/uploads\/2021\/01\/be-pcc.png\");\n            height: 250px ;\n    }\n    .essence{\n      background-image: url(\"https:\/\/monatglobal.com\/wp-content\/uploads\/2019\/09\/sking-revitalizing-essence.png\");\n          height: 250px ;\n    }\n    .swiper-button-prev, .swiper-container-rtl .swiper-button-next\n    {\n        left: -1 !important;\n    }\n    .swiper-button-next, .swiper-container-rtl .swiper-button-prev {\n     right: -1 !important ;   \n    }\n    .swiper-button-next, .swiper-button-prev\n    {\n    background-size: 27px 24px !important;\n    }\n    <\/style>\n<!-- partial:index.partial.html -->\n<!-- Slider main container -->\n    <!-- Additional required wrapper -->\n        <!-- Slides -->\n        <a href=\"https:\/\/monatglobal.com\/ca\/skin-clarifying-cleanser\/?lang=fr\">Nettoyant clarifiant<br \/>BE PURIFIED\u2122<\/a>\n        <a href=\"https:\/\/monatglobal.com\/ca\/charcoal-mask\/?lang=fr\">Masque rafra\u00eechissant<br \/>au charbon<br \/>BE PURIFIED\u2122<\/a>\n        <a href=\"https:\/\/monatglobal.com\/ca\/skin-revitalizing-essence\/?lang=fr\">SKIN REVITALIZING ESSENCE\u2122<\/a>\n    <!-- If we need pagination -->\n    <!-- If we need navigation buttons -->\n    <!-- If we need scrollbar -->\n<!--      -->\n<!-- partial -->\n\t<a href=\"https:\/\/monatglobal.com\/ca\/products\/?lang=fr&#038;line=soins-de-la-peau\"><h1>Tous les produits de soins pour la peau\n<\/h1><\/a>\n\n","protected":false},"excerpt":{"rendered":"<p>Hydratantsans huile BE PURIFIED\u2122 Un l\u00e9ger hydratant sans huile con\u00e7u pour r\u00e9duire la brillance tout en absorbant l&#8217;exc\u00e8s de s\u00e9bum, pour donner une apparence saine \u00e0 la peau. 45ml \u212e 1,52 oz liq. Prix de VIP 83,00 $ CA Prix de d\u00e9tail 98,00 $ CA Prix de VIP 88,00 $ CA Prix de d\u00e9tail 104,00&hellip;<\/p>\n","protected":false},"author":33,"featured_media":59201,"parent":0,"menu_order":0,"comment_status":"closed","ping_status":"closed","template":"","meta":{"inline_featured_image":false,"om_disable_all_campaigns":false,"_monsterinsights_skip_tracking":false,"_monsterinsights_sitenote_active":false,"_monsterinsights_sitenote_note":"","_monsterinsights_sitenote_category":0,"footnotes":""},"categories":[3629],"tags":[],"class_list":["post-59357","page","type-page","status-publish","has-post-thumbnail","hentry","category-product-fra"],"aioseo_notices":[],"aioseo_head":"\n\t\t<!-- All in One SEO Pro 4.9.6 - aioseo.com -->\n\t<meta name=\"description\" content=\"Hydratantsans huile BE PURIFIED\u2122 Un l\u00e9ger hydratant sans huile con\u00e7u pour r\u00e9duire la brillance tout en absorbant l&#039;exc\u00e8s de s\u00e9bum, pour donner une apparence saine \u00e0 la peau. 45ml \u212e 1,52 oz liq. Prix de VIP 83,00 $ CA Prix de d\u00e9tail 98,00 $ CA Prix de VIP 88,00 $ CA Prix de d\u00e9tail 104,00\" \/>\n\t<meta name=\"robots\" content=\"max-image-preview:large\" \/>\n\t<link rel=\"canonical\" href=\"https:\/\/monatglobal.com\/ca\/skin-oil-free-moisturizer\/?lang=fr\" \/>\n\t<meta name=\"generator\" content=\"All in One SEO Pro (AIOSEO) 4.9.6\" \/>\n\t\t<meta property=\"og:locale\" content=\"en_US\" \/>\n\t\t<meta property=\"og:site_name\" content=\"Monat Canada English - We Are Modern Nature\" \/>\n\t\t<meta property=\"og:type\" content=\"article\" \/>\n\t\t<meta property=\"og:title\" content=\"Hydratant sans huile BE PURIFIED\u2122 - Monat Canada English\" \/>\n\t\t<meta property=\"og:description\" content=\"Hydratantsans huile BE PURIFIED\u2122 Un l\u00e9ger hydratant sans huile con\u00e7u pour r\u00e9duire la brillance tout en absorbant l&#039;exc\u00e8s de s\u00e9bum, pour donner une apparence saine \u00e0 la peau. 45ml \u212e 1,52 oz liq. Prix de VIP 83,00 $ CA Prix de d\u00e9tail 98,00 $ CA Prix de VIP 88,00 $ CA Prix de d\u00e9tail 104,00\" \/>\n\t\t<meta property=\"og:url\" content=\"https:\/\/monatglobal.com\/ca\/skin-oil-free-moisturizer\/?lang=fr\" \/>\n\t\t<meta property=\"article:published_time\" content=\"2021-02-09T14:08:54+00:00\" \/>\n\t\t<meta property=\"article:modified_time\" content=\"2026-01-08T15:37:16+00:00\" \/>\n\t\t<meta name=\"twitter:card\" content=\"summary_large_image\" \/>\n\t\t<meta name=\"twitter:title\" content=\"Hydratant sans huile BE PURIFIED\u2122 - Monat Canada English\" \/>\n\t\t<meta name=\"twitter:description\" content=\"Hydratantsans huile BE PURIFIED\u2122 Un l\u00e9ger hydratant sans huile con\u00e7u pour r\u00e9duire la brillance tout en absorbant l&#039;exc\u00e8s de s\u00e9bum, pour donner une apparence saine \u00e0 la peau. 45ml \u212e 1,52 oz liq. Prix de VIP 83,00 $ CA Prix de d\u00e9tail 98,00 $ CA Prix de VIP 88,00 $ CA Prix de d\u00e9tail 104,00\" \/>\n\t\t<script type=\"application\/ld+json\" class=\"aioseo-schema\">\n\t\t\t{\"@context\":\"https:\\\/\\\/schema.org\",\"@graph\":[{\"@type\":\"BreadcrumbList\",\"@id\":\"https:\\\/\\\/monatglobal.com\\\/ca\\\/skin-oil-free-moisturizer\\\/?lang=fr#breadcrumblist\",\"itemListElement\":[{\"@type\":\"ListItem\",\"@id\":\"https:\\\/\\\/monatglobal.com\\\/ca#listItem\",\"position\":1,\"name\":\"Home\",\"item\":\"https:\\\/\\\/monatglobal.com\\\/ca\",\"nextItem\":{\"@type\":\"ListItem\",\"@id\":\"https:\\\/\\\/monatglobal.com\\\/ca\\\/skin-oil-free-moisturizer\\\/?lang=fr#listItem\",\"name\":\"Hydratant sans huile BE PURIFIED\\u2122\"}},{\"@type\":\"ListItem\",\"@id\":\"https:\\\/\\\/monatglobal.com\\\/ca\\\/skin-oil-free-moisturizer\\\/?lang=fr#listItem\",\"position\":2,\"name\":\"Hydratant sans huile BE PURIFIED\\u2122\",\"previousItem\":{\"@type\":\"ListItem\",\"@id\":\"https:\\\/\\\/monatglobal.com\\\/ca#listItem\",\"name\":\"Home\"}}]},{\"@type\":\"Organization\",\"@id\":\"https:\\\/\\\/monatglobal.com\\\/ca\\\/#organization\",\"name\":\"Monat Canada English\",\"description\":\"We Are Modern Nature\",\"url\":\"https:\\\/\\\/monatglobal.com\\\/ca\\\/\"},{\"@type\":\"WebPage\",\"@id\":\"https:\\\/\\\/monatglobal.com\\\/ca\\\/skin-oil-free-moisturizer\\\/?lang=fr#webpage\",\"url\":\"https:\\\/\\\/monatglobal.com\\\/ca\\\/skin-oil-free-moisturizer\\\/?lang=fr\",\"name\":\"Hydratant sans huile BE PURIFIED\\u2122 - Monat Canada English\",\"description\":\"Hydratantsans huile BE PURIFIED\\u2122 Un l\\u00e9ger hydratant sans huile con\\u00e7u pour r\\u00e9duire la brillance tout en absorbant l'exc\\u00e8s de s\\u00e9bum, pour donner une apparence saine \\u00e0 la peau. 45ml \\u212e 1,52 oz liq. Prix de VIP 83,00 $ CA Prix de d\\u00e9tail 98,00 $ CA Prix de VIP 88,00 $ CA Prix de d\\u00e9tail 104,00\",\"inLanguage\":\"en-US\",\"isPartOf\":{\"@id\":\"https:\\\/\\\/monatglobal.com\\\/ca\\\/#website\"},\"breadcrumb\":{\"@id\":\"https:\\\/\\\/monatglobal.com\\\/ca\\\/skin-oil-free-moisturizer\\\/?lang=fr#breadcrumblist\"},\"image\":{\"@type\":\"ImageObject\",\"url\":\"https:\\\/\\\/monatglobal.com\\\/ca\\\/wp-content\\\/uploads\\\/sites\\\/5\\\/2021\\\/02\\\/Be-Purified-Moisturizer-500x438.png\",\"@id\":\"https:\\\/\\\/monatglobal.com\\\/ca\\\/skin-oil-free-moisturizer\\\/?lang=fr\\\/#mainImage\",\"width\":438,\"height\":500},\"primaryImageOfPage\":{\"@id\":\"https:\\\/\\\/monatglobal.com\\\/ca\\\/skin-oil-free-moisturizer\\\/?lang=fr#mainImage\"},\"datePublished\":\"2021-02-09T14:08:54-05:00\",\"dateModified\":\"2026-01-08T10:37:16-05:00\"},{\"@type\":\"WebSite\",\"@id\":\"https:\\\/\\\/monatglobal.com\\\/ca\\\/#website\",\"url\":\"https:\\\/\\\/monatglobal.com\\\/ca\\\/\",\"name\":\"Monat Canada English\",\"description\":\"We Are Modern Nature\",\"inLanguage\":\"en-US\",\"publisher\":{\"@id\":\"https:\\\/\\\/monatglobal.com\\\/ca\\\/#organization\"}}]}\n\t\t<\/script>\n\t\t<!-- All in One SEO Pro -->\r\n\t\t<title>Hydratant sans huile BE PURIFIED\u2122 - Monat Canada English<\/title>\n\n","aioseo_head_json":{"title":"Hydratant sans huile BE PURIFIED\u2122 - Monat Canada English","description":"Hydratantsans huile BE PURIFIED\u2122 Un l\u00e9ger hydratant sans huile con\u00e7u pour r\u00e9duire la brillance tout en absorbant l'exc\u00e8s de s\u00e9bum, pour donner une apparence saine \u00e0 la peau. 45ml \u212e 1,52 oz liq. Prix de VIP 83,00 $ CA Prix de d\u00e9tail 98,00 $ CA Prix de VIP 88,00 $ CA Prix de d\u00e9tail 104,00","canonical_url":"https:\/\/monatglobal.com\/ca\/skin-oil-free-moisturizer\/?lang=fr","robots":"max-image-preview:large","keywords":"","webmasterTools":{"miscellaneous":""},"schema":{"@context":"https:\/\/schema.org","@graph":[{"@type":"BreadcrumbList","@id":"https:\/\/monatglobal.com\/ca\/skin-oil-free-moisturizer\/?lang=fr#breadcrumblist","itemListElement":[{"@type":"ListItem","@id":"https:\/\/monatglobal.com\/ca#listItem","position":1,"name":"Home","item":"https:\/\/monatglobal.com\/ca","nextItem":{"@type":"ListItem","@id":"https:\/\/monatglobal.com\/ca\/skin-oil-free-moisturizer\/?lang=fr#listItem","name":"Hydratant sans huile BE PURIFIED\u2122"}},{"@type":"ListItem","@id":"https:\/\/monatglobal.com\/ca\/skin-oil-free-moisturizer\/?lang=fr#listItem","position":2,"name":"Hydratant sans huile BE PURIFIED\u2122","previousItem":{"@type":"ListItem","@id":"https:\/\/monatglobal.com\/ca#listItem","name":"Home"}}]},{"@type":"Organization","@id":"https:\/\/monatglobal.com\/ca\/#organization","name":"Monat Canada English","description":"We Are Modern Nature","url":"https:\/\/monatglobal.com\/ca\/"},{"@type":"WebPage","@id":"https:\/\/monatglobal.com\/ca\/skin-oil-free-moisturizer\/?lang=fr#webpage","url":"https:\/\/monatglobal.com\/ca\/skin-oil-free-moisturizer\/?lang=fr","name":"Hydratant sans huile BE PURIFIED\u2122 - Monat Canada English","description":"Hydratantsans huile BE PURIFIED\u2122 Un l\u00e9ger hydratant sans huile con\u00e7u pour r\u00e9duire la brillance tout en absorbant l'exc\u00e8s de s\u00e9bum, pour donner une apparence saine \u00e0 la peau. 45ml \u212e 1,52 oz liq. Prix de VIP 83,00 $ CA Prix de d\u00e9tail 98,00 $ CA Prix de VIP 88,00 $ CA Prix de d\u00e9tail 104,00","inLanguage":"en-US","isPartOf":{"@id":"https:\/\/monatglobal.com\/ca\/#website"},"breadcrumb":{"@id":"https:\/\/monatglobal.com\/ca\/skin-oil-free-moisturizer\/?lang=fr#breadcrumblist"},"image":{"@type":"ImageObject","url":"https:\/\/monatglobal.com\/ca\/wp-content\/uploads\/sites\/5\/2021\/02\/Be-Purified-Moisturizer-500x438.png","@id":"https:\/\/monatglobal.com\/ca\/skin-oil-free-moisturizer\/?lang=fr\/#mainImage","width":438,"height":500},"primaryImageOfPage":{"@id":"https:\/\/monatglobal.com\/ca\/skin-oil-free-moisturizer\/?lang=fr#mainImage"},"datePublished":"2021-02-09T14:08:54-05:00","dateModified":"2026-01-08T10:37:16-05:00"},{"@type":"WebSite","@id":"https:\/\/monatglobal.com\/ca\/#website","url":"https:\/\/monatglobal.com\/ca\/","name":"Monat Canada English","description":"We Are Modern Nature","inLanguage":"en-US","publisher":{"@id":"https:\/\/monatglobal.com\/ca\/#organization"}}]},"og:locale":"en_US","og:site_name":"Monat Canada English - We Are Modern Nature","og:type":"article","og:title":"Hydratant sans huile BE PURIFIED\u2122 - Monat Canada English","og:description":"Hydratantsans huile BE PURIFIED\u2122 Un l\u00e9ger hydratant sans huile con\u00e7u pour r\u00e9duire la brillance tout en absorbant l'exc\u00e8s de s\u00e9bum, pour donner une apparence saine \u00e0 la peau. 45ml \u212e 1,52 oz liq. Prix de VIP 83,00 $ CA Prix de d\u00e9tail 98,00 $ CA Prix de VIP 88,00 $ CA Prix de d\u00e9tail 104,00","og:url":"https:\/\/monatglobal.com\/ca\/skin-oil-free-moisturizer\/?lang=fr","article:published_time":"2021-02-09T14:08:54+00:00","article:modified_time":"2026-01-08T15:37:16+00:00","twitter:card":"summary_large_image","twitter:title":"Hydratant sans huile BE PURIFIED\u2122 - Monat Canada English","twitter:description":"Hydratantsans huile BE PURIFIED\u2122 Un l\u00e9ger hydratant sans huile con\u00e7u pour r\u00e9duire la brillance tout en absorbant l'exc\u00e8s de s\u00e9bum, pour donner une apparence saine \u00e0 la peau. 45ml \u212e 1,52 oz liq. Prix de VIP 83,00 $ CA Prix de d\u00e9tail 98,00 $ CA Prix de VIP 88,00 $ CA Prix de d\u00e9tail 104,00"},"aioseo_meta_data":{"post_id":"59357","title":null,"description":null,"keywords":null,"keyphrases":null,"primary_term":null,"canonical_url":null,"og_title":null,"og_description":null,"og_object_type":"default","og_image_type":"default","og_image_url":null,"og_image_width":null,"og_image_height":null,"og_image_custom_url":null,"og_image_custom_fields":null,"og_video":null,"og_custom_url":null,"og_article_section":null,"og_article_tags":null,"twitter_use_og":false,"twitter_card":"default","twitter_image_type":"default","twitter_image_url":null,"twitter_image_custom_url":null,"twitter_image_custom_fields":null,"twitter_title":null,"twitter_description":null,"schema":{"blockGraphs":[],"customGraphs":[],"default":{"data":{"Article":[],"Course":[],"Dataset":[],"FAQPage":[],"Movie":[],"Person":[],"Product":[],"ProductReview":[],"Car":[],"Recipe":[],"Service":[],"SoftwareApplication":[],"WebPage":[]},"graphName":"WebPage","isEnabled":true},"graphs":[]},"schema_type":"default","schema_type_options":null,"pillar_content":false,"robots_default":true,"robots_noindex":false,"robots_noarchive":false,"robots_nosnippet":false,"robots_nofollow":false,"robots_noimageindex":false,"robots_noodp":false,"robots_notranslate":false,"robots_max_snippet":null,"robots_max_videopreview":null,"robots_max_imagepreview":"large","priority":null,"frequency":null,"local_seo":null,"seo_analyzer_scan_date":"2026-02-10 19:43:03","limit_modified_date":false,"reviewed_by":null,"open_ai":null,"ai":null,"created":"2023-07-26 12:55:46","updated":"2026-02-10 19:43:03"},"aioseo_breadcrumb":"<div class=\"aioseo-breadcrumbs\"><span class=\"aioseo-breadcrumb\">\n\t<a href=\"https:\/\/monatglobal.com\/ca\" title=\"Home\">Home<\/a>\n<\/span><span class=\"aioseo-breadcrumb-separator\">&raquo;<\/span><span class=\"aioseo-breadcrumb\">\n\tHydratant sans huile BE PURIFIED\u2122\n<\/span><\/div>","aioseo_breadcrumb_json":[{"label":"Home","link":"https:\/\/monatglobal.com\/ca"},{"label":"Hydratant sans huile BE PURIFIED\u2122","link":"https:\/\/monatglobal.com\/ca\/skin-oil-free-moisturizer\/?lang=fr"}],"_links":{"self":[{"href":"https:\/\/monatglobal.com\/ca\/wp-json\/wp\/v2\/pages\/59357","targetHints":{"allow":["GET"]}}],"collection":[{"href":"https:\/\/monatglobal.com\/ca\/wp-json\/wp\/v2\/pages"}],"about":[{"href":"https:\/\/monatglobal.com\/ca\/wp-json\/wp\/v2\/types\/page"}],"author":[{"embeddable":true,"href":"https:\/\/monatglobal.com\/ca\/wp-json\/wp\/v2\/users\/33"}],"replies":[{"embeddable":true,"href":"https:\/\/monatglobal.com\/ca\/wp-json\/wp\/v2\/comments?post=59357"}],"version-history":[{"count":28,"href":"https:\/\/monatglobal.com\/ca\/wp-json\/wp\/v2\/pages\/59357\/revisions"}],"predecessor-version":[{"id":109766,"href":"https:\/\/monatglobal.com\/ca\/wp-json\/wp\/v2\/pages\/59357\/revisions\/109766"}],"wp:featuredmedia":[{"embeddable":true,"href":"https:\/\/monatglobal.com\/ca\/wp-json\/wp\/v2\/media\/59201"}],"wp:attachment":[{"href":"https:\/\/monatglobal.com\/ca\/wp-json\/wp\/v2\/media?parent=59357"}],"wp:term":[{"taxonomy":"category","embeddable":true,"href":"https:\/\/monatglobal.com\/ca\/wp-json\/wp\/v2\/categories?post=59357"},{"taxonomy":"post_tag","embeddable":true,"href":"https:\/\/monatglobal.com\/ca\/wp-json\/wp\/v2\/tags?post=59357"}],"curies":[{"name":"wp","href":"https:\/\/api.w.org\/{rel}","templated":true}]}}