{"id":58658,"date":"2021-01-20T17:22:13","date_gmt":"2021-01-20T17:22:13","guid":{"rendered":"https:\/\/monatglobal.com\/ca\/?page_id=58658"},"modified":"2026-01-08T10:42:39","modified_gmt":"2026-01-08T15:42:39","slug":"men-face-scrub","status":"publish","type":"page","link":"https:\/\/monatglobal.com\/ca\/men-face-scrub\/?lang=fr","title":{"rendered":"Exfoliant facial essentiel"},"content":{"rendered":"\n\n\t\t\t\t<img loading=\"lazy\" decoding=\"async\" src=\"https:\/\/monatglobal.com\/ca\/wp-content\/uploads\/sites\/5\/2021\/02\/MB-ESSENTIAL-FACE-SCRUB.png\" alt=\"MB ESSENTIAL FACE SCRUB\" itemprop=\"image\" height=\"546\" width=\"438\" title=\"MB ESSENTIAL FACE SCRUB\" onerror=\"this.style.display='none'\"  \/>\n<h1>Exfoliant<br \/> facial essentiel <\/h1>\n MONAT FOR MEN\u2122 \n\t<h3>Un exfoliant cr\u00e9meux pour le visage avec micro-exfoliants qui enl\u00e8ve les cellules de peau mortes.<\/h3>\n\t<p> 100 ml \u212e 3,4  oz liq.<\/p> \n   Prix de VIP\n   <p> 42,00 $ CA<\/p>\n      Prix de d\u00e9tail\n      <p> 49,00 $ CA<\/p>\n\t<p> ON SALE Sunday, September 15 11a.m. EDT<\/p> \n\tPour en savoir plus sur l&#8217;Exfoliant facial essentiel, veuillez contacter votre partenaire de march\u00e9 MONAT.  \n\t\t\t<a href=\"https:\/\/corp.mymonat.com\/shop\/products\/essential-face-scrub\/?globallanguage=fr&#038;globalmarket=ca\" target=\"_blank\" role=\"button\" rel=\"noopener\">\n\t\t\t\t\t\t\tMAGASINEZ\n\t\t\t\t\t<\/a>\n\t BIENFAITS\n\t<h1>Ce gommage pour le visage est cr\u00e9meux et multifonction : il enl\u00e8ve les cellules de peau mortes; il pr\u00e9pare la peau pour permettre un rasage lisse et pr\u00e8s du visage; et il laisse le teint plus radieux tout en dynamisant la peau et en offrant une exp\u00e9rience rafra\u00eechissante.<\/h1>\n\t<h1>\nCe gommage cr\u00e9meux est doux et efficace, et favorise un teint sant\u00e9 et lisse.<\/h1>\n\t<p>Fait avec des exfoliants naturels, \u00e9cologiques et biod\u00e9gradables dont les grains de caf\u00e9 Arabica et la poudre de coque de noix de coco, l&#8217;Exfoliant facial essentiel MONAT FOR MEN\u2122 s&#8217;utilise aussi comme exfoliant avant le rasage pour un rasage lisse et de pr\u00e8s. <\/p>\n\t<h1>Caract\u00e9ristiques<\/h1>\n\t<p>\/ Exfolie doucement pour enlever les cellules de peau mortes. <\/p>\n<p>\/ Pr\u00e9pare la peau, permettant un rasage de plus pr\u00e8s. <\/p>\n<p>\/ Contient des exfoliants naturels, \u00e9cologiques et biod\u00e9gradables. <\/p>\n<p>\/ Dynamise le teint. <\/p>\n<p>\/ Convient \u00e0 tous les hommes, peu importe leur type de peau, y compris la peau sensible. \t<\/p>\n\t<h1>Mode d&#8217;emploi<\/h1>\n\t<p>\/ Verser une petite quantit\u00e9 sur le bout des doigts. <\/p> \n<p>\/ Masser doucement sur peau humide par mouvements circulaires, en \u00e9vitant le contour des yeux.<\/p> \n<p>\/ Bien rincer \u00e0 l&#8217;eau ti\u00e8de et tamponner pour s\u00e9cher la peau. <\/p> \n<p>\/ Peut s&#8217;utiliser une ou deux fois par semaine. <\/p>\n<p>\/ Utiliser ensuite l&#8217;Hydratant facial essentiel MONAT FOR MEN\u2122.<\/p>\n\t\t\t<a href=\"https:\/\/www.youtube.com\/watch?v=gpNhu5bwsHw\" role=\"button\">\n\t\t\t\t\t\t\t<\/a>\n\t<p>Exfoliant facial essential <br \/>MONAT FOR MEN\u2122 <br \/>0:30<\/p>\n\t\t\t<a href=\"https:\/\/corp.mymonat.com\/shop\/products\/essential-face-scrub\/?globallanguage=fr&#038;globalmarket=ca\" target=\"_blank\" role=\"button\" rel=\"noopener\">\n\t\t\t\t\t\t\tMAGASINEZ\n\t\t\t\t\t<\/a>\n\t INGR\u00c9DIENTS ACTIFS CL\u00c9S\n<p>REJUVENIQE S\u2122<\/p>\n\n<p>\tGrains de caf\u00e9 Arabica<\/p>\n\n<p>Poudre de coque de<br \/> noix de coco<\/p>\n\n<p>Extrait de fleur de souci<\/p>\n\n<p>Complexe apaisant  <\/p>\n\n\t\t\t<a href=\"#\" role=\"button\">\n\t\t\t\t\t\t\tLISTE D&#8217;INGR\u00c9DIENTS\n\t\t\t\t\t<\/a>\n\t\t<p>Aqua\/Water\/Eau, Sodium Cocoyl Isethionate, C12-16 Alcohols, Cocos Nucifera (Coconut) Shell Powder, Glycerin, Lecithin, Palmitic Acid, Coffea Arabica (Coffee) Seed Powder, Xanthan Gum, Sclerotium Gum, Bisabolol, Pullulan, Menthol, Menthone, Calendula Officinalis Flower Extract, Caffeine, Coffea Arabica (Coffee) Seed Extract, Zingiber Officinale (Ginger) Root Extract, Limnanthes Alba (Meadowfoam) Seed Oil, Crambe Abyssinica Seed Oil, Camellia Oleifera Seed Oil, Solanum Lycopersicum (Tomato) Seed Oil, Daucus Carota Sativa (Carrot) Seed Oil, Citrus Limon (Lemon) Peel Oil, Citrus Aurantifolia (Lime) Oil, Citrus Aurantium Bergamia (Bergamot) Fruit Oil, Adansonia Digitata Oil, Mauritia Flexuosa Fruit Oil, Cocos Nucifera (Coconut) Oil, Gardenia Taitensis Flower Extract, Moringa Oleifera Seed Oil, Caryocar Brasiliense Fruit Oil, Helianthus Annuus (Sunflower) Seed Oil, Olea Europaea (Olive) Fruit Oil, Simmondsia Chinensis (Jojoba) Seed Extract, Disodium EDTA-Copper, Benzyl Alcohol, Ethylhexylglycerin, Tocopherol, Fragrance\/Parfum, Limonene, Linalool, Benzyl Benzoate.<\/p>\t\n\t<link rel=\"stylesheet\" href=\"https:\/\/unpkg.com\/swiper\/swiper-bundle.min.css\" \/>\n<link rel=\"stylesheet\" href=\"https:\/\/monatglobal.com\/wp-content\/creative_css\/product_styles_sheet.css\" \/>\n   <!--==================================================== You might also like section ====================================================-->\n      <h2>VOUS POURRIEZ AUSSI AIMER<\/h2>\n      <!--==================================================== Slider YOU MIGHT ALSO LIKE ====================================================-->\n            <!--==================================================== Slides products ====================================================-->\n               <a href=\"\/ca\/holidays-2021-gentleman\/\/?lang=fr\" aria-label=\"Go to The Perfect Gentleman page\">\n                  <img decoding=\"async\" src=\"https:\/\/monatglobal.com\/wp-content\/uploads\/2021\/10\/perfect-gentlemen-300x300-1.jpg\" alt=\"The Perfect Gentleman\"\/>\n                  <p>Le parfait gentilhomme<\/p>\n               <\/a>\n               <a href=\"\/men-face-wash\/?lang=fr\" aria-label=\"Go to MONAT FOR MEN\u2122 Essential Face Wash page\">\n                  <img decoding=\"async\" src=\"https:\/\/monatglobal.com\/wp-content\/uploads\/2021\/02\/MB-ESSENTIAL-FACE-WASH.png\" alt=\"MONAT FOR MEN\u2122 Essential Face Wash\"\/>\n                  <p>Nettoyant facial essentiel<br \/>MONAT FOR MEN\u2122<\/p>\n               <\/a>\n               <a href=\"\/ca\/men-face-moisturizer\/?lang=fr\" aria-label=\"Go to MONAT FOR MEN\u2122 Essential Face Moisturizer page\">\n                  <img decoding=\"async\" src=\"https:\/\/monatglobal.com\/wp-content\/uploads\/2021\/01\/MB-ESSENTIAL-FACE-MOISTURIZER-1.7oz_eccom-1.png\" alt=\"MONAT FOR MEN\u2122 Essential Face Moisturizer\"\/>\n                  <p>Hydratant facial essentiel<br \/>MONAT FOR MEN\u2122<\/p>\n               <\/a>\n         <!--==================================================== If we need navigation buttons  ====================================================-->\n         <!--==================================================== If we need paginations  ====================================================-->\n<!--==================================================== this link has to go last for it to work   ====================================================-->\n\t VOUS POURRIEZ AUSSI AIMER\n\t<link rel=\"stylesheet\" href=\"https:\/\/cdnjs.cloudflare.com\/ajax\/libs\/normalize\/5.0.0\/normalize.min.css\"\/>\n<link rel='stylesheet' href='https:\/\/cdnjs.cloudflare.com\/ajax\/libs\/Swiper\/3.3.1\/css\/swiper.min.css'\/><link rel=\"stylesheet\" href=\".\/style.css\"\/>\n<style>\n    .swiper-container {\n        width: 100%;\n        height: 350px;\n    } \n    .also_like_txt{\n        letter-spacing: 0.08em;\n        font-family: 'Suisseintl-light', Fallback, sans-serif !important;\n        font-weight: 300;\n        color: #2f294b;\n        text-transform: uppercase;\n        font-size: 1em !important;\n        text-align: center;\n        position: absolute !important;;\n        top:105%;\n    }\n    .swiper-slide {\n        background-size: contain;\n        background-repeat: no-repeat;\n        background-position: center;\n        \/* Center slide text vertically *\/\n        display: -webkit-box;\n        display: -ms-flexbox;\n        display: -webkit-flex;\n        display: flex;\n        -webkit-box-pack: center;\n        -ms-flex-pack: center;\n        -webkit-justify-content: center;\n        justify-content: center;\n        -webkit-box-align: center;\n        -ms-flex-align: center;\n        -webkit-align-items: center;\n        align-items: center;\n    }\n    .swiper-pagination-bullet-active {\n        background: #2e2a4a !important;\n    }\n    .shampoo {\n        background-image: url(\"https:\/\/monatglobal.com\/wp-content\/uploads\/2019\/07\/MB-SHAMPOO-CONDITIONER-2019-500x438-1.png\");\n            height: 250px ;\n    }\n    .moisturizer {\n        background-image: url(\"https:\/\/monatglobal.com\/wp-content\/uploads\/2021\/02\/MB-ESSENTIAL-FACE-MOISTURIZER-1-1.png\");\n            height: 250px ;\n    }\n    .wash{\n      background-image: url(\"https:\/\/monatglobal.com\/wp-content\/uploads\/2021\/02\/MB-ESSENTIAL-FACE-WASH.png\");\n          height: 250px ;\n    }\n    .swiper-button-prev, .swiper-container-rtl .swiper-button-next\n    {\n        left: -1 !important;\n    }\n    .swiper-button-next, .swiper-container-rtl .swiper-button-prev {\n     right: -1 !important ;   \n    }\n    .swiper-button-next, .swiper-button-prev\n    {\n    background-size: 27px 24px !important;\n    }\n    <\/style>\n<!-- partial:index.partial.html -->\n<!-- Slider main container -->\n    <!-- Additional required wrapper -->\n        <!-- Slides -->\n        <a href=\"https:\/\/monatglobal.com\/ca\/monat-black-shampoo-conditioner\/?lang=fr\">Shampooing + apr\u00e8s-shampooing<br \/> MONAT BLACK <\/a>\n        <a href=\"https:\/\/monatglobal.com\/ca\/men-face-moisturizer\/?lang=fr\/\"> Hydratant facial essentiel <br \/>  MONAT For Men\u2122 <\/a>\n        <a href=\"https:\/\/monatglobal.com\/ca\/men-face-wash\/?lang=fr\/\">Nettoyant facial essentiel <br \/> MONAT For Men\u2122   <\/a>\n    <!-- If we need pagination -->\n    <!-- If we need navigation buttons -->\n    <!-- If we need scrollbar -->\n<!--      -->\n<!-- partial -->\n\t<a href=\"https:\/\/monatglobal.com\/ca\/products\/?lang=fr&#038;line=soins-de-la-peau\"><h1>Tous les produits de soins pour la peau\n<\/h1><\/a>\n\n","protected":false},"excerpt":{"rendered":"<p>Exfoliant facial essentiel MONAT FOR MEN\u2122 Un exfoliant cr\u00e9meux pour le visage avec micro-exfoliants qui enl\u00e8ve les cellules de peau mortes. 100 ml \u212e 3,4 oz liq. Prix de VIP 42,00 $ CA Prix de d\u00e9tail 49,00 $ CA ON SALE Sunday, September 15 11a.m. EDT Pour en savoir plus sur l&#8217;Exfoliant facial essentiel, veuillez&hellip;<\/p>\n","protected":false},"author":31,"featured_media":58714,"parent":0,"menu_order":0,"comment_status":"closed","ping_status":"closed","template":"","meta":{"inline_featured_image":false,"om_disable_all_campaigns":false,"_monsterinsights_skip_tracking":false,"_monsterinsights_sitenote_active":false,"_monsterinsights_sitenote_note":"","_monsterinsights_sitenote_category":0,"footnotes":""},"categories":[3629],"tags":[],"class_list":["post-58658","page","type-page","status-publish","has-post-thumbnail","hentry","category-product-fra"],"aioseo_notices":[],"aioseo_head":"\n\t\t<!-- All in One SEO Pro 4.9.6 - aioseo.com -->\n\t<meta name=\"description\" content=\"Exfoliant facial essentiel MONAT FOR MEN\u2122 Un exfoliant cr\u00e9meux pour le visage avec micro-exfoliants qui enl\u00e8ve les cellules de peau mortes. 100 ml \u212e 3,4 oz liq. Prix de VIP 42,00 $ CA Prix de d\u00e9tail 49,00 $ CA ON SALE Sunday, September 15 11a.m. EDT Pour en savoir plus sur l&#039;Exfoliant facial essentiel, veuillez\" \/>\n\t<meta name=\"robots\" content=\"max-image-preview:large\" \/>\n\t<link rel=\"canonical\" href=\"https:\/\/monatglobal.com\/ca\/men-face-scrub\/?lang=fr\" \/>\n\t<meta name=\"generator\" content=\"All in One SEO Pro (AIOSEO) 4.9.6\" \/>\n\t\t<meta property=\"og:locale\" content=\"en_US\" \/>\n\t\t<meta property=\"og:site_name\" content=\"Monat Canada English - We Are Modern Nature\" \/>\n\t\t<meta property=\"og:type\" content=\"article\" \/>\n\t\t<meta property=\"og:title\" content=\"Exfoliant facial essentiel - Monat Canada English\" \/>\n\t\t<meta property=\"og:description\" content=\"Exfoliant facial essentiel MONAT FOR MEN\u2122 Un exfoliant cr\u00e9meux pour le visage avec micro-exfoliants qui enl\u00e8ve les cellules de peau mortes. 100 ml \u212e 3,4 oz liq. Prix de VIP 42,00 $ CA Prix de d\u00e9tail 49,00 $ CA ON SALE Sunday, September 15 11a.m. EDT Pour en savoir plus sur l&#039;Exfoliant facial essentiel, veuillez\" \/>\n\t\t<meta property=\"og:url\" content=\"https:\/\/monatglobal.com\/ca\/men-face-scrub\/?lang=fr\" \/>\n\t\t<meta property=\"article:published_time\" content=\"2021-01-20T17:22:13+00:00\" \/>\n\t\t<meta property=\"article:modified_time\" content=\"2026-01-08T15:42:39+00:00\" \/>\n\t\t<meta name=\"twitter:card\" content=\"summary_large_image\" \/>\n\t\t<meta name=\"twitter:title\" content=\"Exfoliant facial essentiel - Monat Canada English\" \/>\n\t\t<meta name=\"twitter:description\" content=\"Exfoliant facial essentiel MONAT FOR MEN\u2122 Un exfoliant cr\u00e9meux pour le visage avec micro-exfoliants qui enl\u00e8ve les cellules de peau mortes. 100 ml \u212e 3,4 oz liq. Prix de VIP 42,00 $ CA Prix de d\u00e9tail 49,00 $ CA ON SALE Sunday, September 15 11a.m. EDT Pour en savoir plus sur l&#039;Exfoliant facial essentiel, veuillez\" \/>\n\t\t<script type=\"application\/ld+json\" class=\"aioseo-schema\">\n\t\t\t{\"@context\":\"https:\\\/\\\/schema.org\",\"@graph\":[{\"@type\":\"BreadcrumbList\",\"@id\":\"https:\\\/\\\/monatglobal.com\\\/ca\\\/men-face-scrub\\\/?lang=fr#breadcrumblist\",\"itemListElement\":[{\"@type\":\"ListItem\",\"@id\":\"https:\\\/\\\/monatglobal.com\\\/ca#listItem\",\"position\":1,\"name\":\"Home\",\"item\":\"https:\\\/\\\/monatglobal.com\\\/ca\",\"nextItem\":{\"@type\":\"ListItem\",\"@id\":\"https:\\\/\\\/monatglobal.com\\\/ca\\\/men-face-scrub\\\/?lang=fr#listItem\",\"name\":\"Exfoliant facial essentiel\"}},{\"@type\":\"ListItem\",\"@id\":\"https:\\\/\\\/monatglobal.com\\\/ca\\\/men-face-scrub\\\/?lang=fr#listItem\",\"position\":2,\"name\":\"Exfoliant facial essentiel\",\"previousItem\":{\"@type\":\"ListItem\",\"@id\":\"https:\\\/\\\/monatglobal.com\\\/ca#listItem\",\"name\":\"Home\"}}]},{\"@type\":\"Organization\",\"@id\":\"https:\\\/\\\/monatglobal.com\\\/ca\\\/#organization\",\"name\":\"Monat Canada English\",\"description\":\"We Are Modern Nature\",\"url\":\"https:\\\/\\\/monatglobal.com\\\/ca\\\/\"},{\"@type\":\"WebPage\",\"@id\":\"https:\\\/\\\/monatglobal.com\\\/ca\\\/men-face-scrub\\\/?lang=fr#webpage\",\"url\":\"https:\\\/\\\/monatglobal.com\\\/ca\\\/men-face-scrub\\\/?lang=fr\",\"name\":\"Exfoliant facial essentiel - Monat Canada English\",\"description\":\"Exfoliant facial essentiel MONAT FOR MEN\\u2122 Un exfoliant cr\\u00e9meux pour le visage avec micro-exfoliants qui enl\\u00e8ve les cellules de peau mortes. 100 ml \\u212e 3,4 oz liq. Prix de VIP 42,00 $ CA Prix de d\\u00e9tail 49,00 $ CA ON SALE Sunday, September 15 11a.m. EDT Pour en savoir plus sur l'Exfoliant facial essentiel, veuillez\",\"inLanguage\":\"en-US\",\"isPartOf\":{\"@id\":\"https:\\\/\\\/monatglobal.com\\\/ca\\\/#website\"},\"breadcrumb\":{\"@id\":\"https:\\\/\\\/monatglobal.com\\\/ca\\\/men-face-scrub\\\/?lang=fr#breadcrumblist\"},\"image\":{\"@type\":\"ImageObject\",\"url\":\"https:\\\/\\\/monatglobal.com\\\/ca\\\/wp-content\\\/uploads\\\/sites\\\/5\\\/2021\\\/01\\\/MB-EFSCRUB-500x438.png\",\"@id\":\"https:\\\/\\\/monatglobal.com\\\/ca\\\/men-face-scrub\\\/?lang=fr\\\/#mainImage\",\"width\":438,\"height\":500},\"primaryImageOfPage\":{\"@id\":\"https:\\\/\\\/monatglobal.com\\\/ca\\\/men-face-scrub\\\/?lang=fr#mainImage\"},\"datePublished\":\"2021-01-20T17:22:13-05:00\",\"dateModified\":\"2026-01-08T10:42:39-05:00\"},{\"@type\":\"WebSite\",\"@id\":\"https:\\\/\\\/monatglobal.com\\\/ca\\\/#website\",\"url\":\"https:\\\/\\\/monatglobal.com\\\/ca\\\/\",\"name\":\"Monat Canada English\",\"description\":\"We Are Modern Nature\",\"inLanguage\":\"en-US\",\"publisher\":{\"@id\":\"https:\\\/\\\/monatglobal.com\\\/ca\\\/#organization\"}}]}\n\t\t<\/script>\n\t\t<!-- All in One SEO Pro -->\r\n\t\t<title>Exfoliant facial essentiel - Monat Canada English<\/title>\n\n","aioseo_head_json":{"title":"Exfoliant facial essentiel - Monat Canada English","description":"Exfoliant facial essentiel MONAT FOR MEN\u2122 Un exfoliant cr\u00e9meux pour le visage avec micro-exfoliants qui enl\u00e8ve les cellules de peau mortes. 100 ml \u212e 3,4 oz liq. Prix de VIP 42,00 $ CA Prix de d\u00e9tail 49,00 $ CA ON SALE Sunday, September 15 11a.m. EDT Pour en savoir plus sur l'Exfoliant facial essentiel, veuillez","canonical_url":"https:\/\/monatglobal.com\/ca\/men-face-scrub\/?lang=fr","robots":"max-image-preview:large","keywords":"","webmasterTools":{"miscellaneous":""},"schema":{"@context":"https:\/\/schema.org","@graph":[{"@type":"BreadcrumbList","@id":"https:\/\/monatglobal.com\/ca\/men-face-scrub\/?lang=fr#breadcrumblist","itemListElement":[{"@type":"ListItem","@id":"https:\/\/monatglobal.com\/ca#listItem","position":1,"name":"Home","item":"https:\/\/monatglobal.com\/ca","nextItem":{"@type":"ListItem","@id":"https:\/\/monatglobal.com\/ca\/men-face-scrub\/?lang=fr#listItem","name":"Exfoliant facial essentiel"}},{"@type":"ListItem","@id":"https:\/\/monatglobal.com\/ca\/men-face-scrub\/?lang=fr#listItem","position":2,"name":"Exfoliant facial essentiel","previousItem":{"@type":"ListItem","@id":"https:\/\/monatglobal.com\/ca#listItem","name":"Home"}}]},{"@type":"Organization","@id":"https:\/\/monatglobal.com\/ca\/#organization","name":"Monat Canada English","description":"We Are Modern Nature","url":"https:\/\/monatglobal.com\/ca\/"},{"@type":"WebPage","@id":"https:\/\/monatglobal.com\/ca\/men-face-scrub\/?lang=fr#webpage","url":"https:\/\/monatglobal.com\/ca\/men-face-scrub\/?lang=fr","name":"Exfoliant facial essentiel - Monat Canada English","description":"Exfoliant facial essentiel MONAT FOR MEN\u2122 Un exfoliant cr\u00e9meux pour le visage avec micro-exfoliants qui enl\u00e8ve les cellules de peau mortes. 100 ml \u212e 3,4 oz liq. Prix de VIP 42,00 $ CA Prix de d\u00e9tail 49,00 $ CA ON SALE Sunday, September 15 11a.m. EDT Pour en savoir plus sur l'Exfoliant facial essentiel, veuillez","inLanguage":"en-US","isPartOf":{"@id":"https:\/\/monatglobal.com\/ca\/#website"},"breadcrumb":{"@id":"https:\/\/monatglobal.com\/ca\/men-face-scrub\/?lang=fr#breadcrumblist"},"image":{"@type":"ImageObject","url":"https:\/\/monatglobal.com\/ca\/wp-content\/uploads\/sites\/5\/2021\/01\/MB-EFSCRUB-500x438.png","@id":"https:\/\/monatglobal.com\/ca\/men-face-scrub\/?lang=fr\/#mainImage","width":438,"height":500},"primaryImageOfPage":{"@id":"https:\/\/monatglobal.com\/ca\/men-face-scrub\/?lang=fr#mainImage"},"datePublished":"2021-01-20T17:22:13-05:00","dateModified":"2026-01-08T10:42:39-05:00"},{"@type":"WebSite","@id":"https:\/\/monatglobal.com\/ca\/#website","url":"https:\/\/monatglobal.com\/ca\/","name":"Monat Canada English","description":"We Are Modern Nature","inLanguage":"en-US","publisher":{"@id":"https:\/\/monatglobal.com\/ca\/#organization"}}]},"og:locale":"en_US","og:site_name":"Monat Canada English - We Are Modern Nature","og:type":"article","og:title":"Exfoliant facial essentiel - Monat Canada English","og:description":"Exfoliant facial essentiel MONAT FOR MEN\u2122 Un exfoliant cr\u00e9meux pour le visage avec micro-exfoliants qui enl\u00e8ve les cellules de peau mortes. 100 ml \u212e 3,4 oz liq. Prix de VIP 42,00 $ CA Prix de d\u00e9tail 49,00 $ CA ON SALE Sunday, September 15 11a.m. EDT Pour en savoir plus sur l'Exfoliant facial essentiel, veuillez","og:url":"https:\/\/monatglobal.com\/ca\/men-face-scrub\/?lang=fr","article:published_time":"2021-01-20T17:22:13+00:00","article:modified_time":"2026-01-08T15:42:39+00:00","twitter:card":"summary_large_image","twitter:title":"Exfoliant facial essentiel - Monat Canada English","twitter:description":"Exfoliant facial essentiel MONAT FOR MEN\u2122 Un exfoliant cr\u00e9meux pour le visage avec micro-exfoliants qui enl\u00e8ve les cellules de peau mortes. 100 ml \u212e 3,4 oz liq. Prix de VIP 42,00 $ CA Prix de d\u00e9tail 49,00 $ CA ON SALE Sunday, September 15 11a.m. EDT Pour en savoir plus sur l'Exfoliant facial essentiel, veuillez"},"aioseo_meta_data":{"post_id":"58658","title":null,"description":null,"keywords":null,"keyphrases":null,"primary_term":null,"canonical_url":null,"og_title":null,"og_description":null,"og_object_type":"default","og_image_type":"default","og_image_url":null,"og_image_width":null,"og_image_height":null,"og_image_custom_url":null,"og_image_custom_fields":null,"og_video":null,"og_custom_url":null,"og_article_section":null,"og_article_tags":null,"twitter_use_og":false,"twitter_card":"default","twitter_image_type":"default","twitter_image_url":null,"twitter_image_custom_url":null,"twitter_image_custom_fields":null,"twitter_title":null,"twitter_description":null,"schema":{"blockGraphs":[],"customGraphs":[],"default":{"data":{"Article":[],"Course":[],"Dataset":[],"FAQPage":[],"Movie":[],"Person":[],"Product":[],"ProductReview":[],"Car":[],"Recipe":[],"Service":[],"SoftwareApplication":[],"WebPage":[]},"graphName":"WebPage","isEnabled":true},"graphs":[]},"schema_type":"default","schema_type_options":null,"pillar_content":false,"robots_default":true,"robots_noindex":false,"robots_noarchive":false,"robots_nosnippet":false,"robots_nofollow":false,"robots_noimageindex":false,"robots_noodp":false,"robots_notranslate":false,"robots_max_snippet":null,"robots_max_videopreview":null,"robots_max_imagepreview":"large","priority":null,"frequency":null,"local_seo":null,"seo_analyzer_scan_date":"2026-02-10 19:29:18","limit_modified_date":false,"reviewed_by":null,"open_ai":null,"ai":null,"created":"2023-07-26 12:54:14","updated":"2026-02-10 19:29:18"},"aioseo_breadcrumb":"<div class=\"aioseo-breadcrumbs\"><span class=\"aioseo-breadcrumb\">\n\t<a href=\"https:\/\/monatglobal.com\/ca\" title=\"Home\">Home<\/a>\n<\/span><span class=\"aioseo-breadcrumb-separator\">&raquo;<\/span><span class=\"aioseo-breadcrumb\">\n\tExfoliant facial essentiel\n<\/span><\/div>","aioseo_breadcrumb_json":[{"label":"Home","link":"https:\/\/monatglobal.com\/ca"},{"label":"Exfoliant facial essentiel","link":"https:\/\/monatglobal.com\/ca\/men-face-scrub\/?lang=fr"}],"_links":{"self":[{"href":"https:\/\/monatglobal.com\/ca\/wp-json\/wp\/v2\/pages\/58658","targetHints":{"allow":["GET"]}}],"collection":[{"href":"https:\/\/monatglobal.com\/ca\/wp-json\/wp\/v2\/pages"}],"about":[{"href":"https:\/\/monatglobal.com\/ca\/wp-json\/wp\/v2\/types\/page"}],"author":[{"embeddable":true,"href":"https:\/\/monatglobal.com\/ca\/wp-json\/wp\/v2\/users\/31"}],"replies":[{"embeddable":true,"href":"https:\/\/monatglobal.com\/ca\/wp-json\/wp\/v2\/comments?post=58658"}],"version-history":[{"count":41,"href":"https:\/\/monatglobal.com\/ca\/wp-json\/wp\/v2\/pages\/58658\/revisions"}],"predecessor-version":[{"id":109782,"href":"https:\/\/monatglobal.com\/ca\/wp-json\/wp\/v2\/pages\/58658\/revisions\/109782"}],"wp:featuredmedia":[{"embeddable":true,"href":"https:\/\/monatglobal.com\/ca\/wp-json\/wp\/v2\/media\/58714"}],"wp:attachment":[{"href":"https:\/\/monatglobal.com\/ca\/wp-json\/wp\/v2\/media?parent=58658"}],"wp:term":[{"taxonomy":"category","embeddable":true,"href":"https:\/\/monatglobal.com\/ca\/wp-json\/wp\/v2\/categories?post=58658"},{"taxonomy":"post_tag","embeddable":true,"href":"https:\/\/monatglobal.com\/ca\/wp-json\/wp\/v2\/tags?post=58658"}],"curies":[{"name":"wp","href":"https:\/\/api.w.org\/{rel}","templated":true}]}}