{"id":58648,"date":"2021-01-20T15:58:18","date_gmt":"2021-01-20T15:58:18","guid":{"rendered":"https:\/\/monatglobal.com\/ca\/?page_id=58648"},"modified":"2026-01-08T10:41:28","modified_gmt":"2026-01-08T15:41:28","slug":"men-face-moisturizer","status":"publish","type":"page","link":"https:\/\/monatglobal.com\/ca\/men-face-moisturizer\/?lang=fr","title":{"rendered":"Hydratant facial essentiel | Soins de la peau pour hommes MONAT"},"content":{"rendered":"\n\n\t\t\t\t<img loading=\"lazy\" decoding=\"async\" src=\"https:\/\/monatglobal.com\/ca\/wp-content\/uploads\/sites\/5\/2021\/02\/MB-ESSENTIAL-FACE-MOISTURIZER-1-1.png\" alt=\"MB ESSENTIAL FACE MOISTURIZER 1 (1)\" itemprop=\"image\" height=\"546\" width=\"438\" title=\"MB ESSENTIAL FACE MOISTURIZER 1 (1)\" onerror=\"this.style.display='none'\"  \/>\n<h1>Hydratant <br \/>facial essentiel <br \/> <\/h1>\n MONAT FOR MEN\u2122\n\t<h3>Un l\u00e9ger hydratant \u00e9mollient et non graisseux qui hydrate et aide \u00e0 prot\u00e9ger contre les agresseurs environnementaux. \n<\/h3>\n\t<p> 50 ml \u212e 1,7 oz liq.<\/p> \n   Prix de VIP\n   <p> 49,00 $ CA<\/p>\n      Prix de d\u00e9tail\n      <p> 58,00 $ CA<\/p>\n\t<p> ON SALE Sunday, September 15 11a.m. EDT<\/p> \n\tPour en savoir plus sur l&#8217;Hydratant facial essentiel, veuillez contacter votre partenaire de march\u00e9 MONAT.\n\t\t\t<a href=\"https:\/\/corp.mymonat.com\/shop\/products\/essential-face-moisturizer\/?globallanguage=fr&#038;globalmarket=ca\" target=\"_blank\" role=\"button\" rel=\"noopener\">\n\t\t\t\t\t\t\tMAGASINEZ\n\t\t\t\t\t<\/a>\n\t BIENFAITS\n\t<h1>Cette formule apaisante \u00e0 absorption rapide offre une exp\u00e9rience rafra\u00eechissante tout en gardant la peau hydrat\u00e9e toute la journ\u00e9e. <\/h1>\n\t<p>Offre un effet matifiant en r\u00e9duisant la brillance et l&#8217;exc\u00e8s d&#8217;huiles. <\/p>\n\t<h1>Con\u00e7u pr\u00e9cis\u00e9ment pour la peau des hommes, ce l\u00e9ger hydratant offre une exp\u00e9rience rafra\u00eechissante pour un teint plus doux, plus lisse et vivifi\u00e9.\n<\/h1>\n\t<h1>Caract\u00e9ristiques<\/h1>\n\t<p>\/ Aide \u00e0 apaiser la peau. <\/p>\n<p>\/ Aide \u00e0 favoriser une peau plus lisse et plus douce.<\/p>\n<p>\/ Rafra\u00eechit la peau pour une apparence moins fatigu\u00e9e et terne. <\/p>\n<p>\/ Aide \u00e0 augmenter l&#8217;\u00e9lasticit\u00e9 de la peau. <\/p>\n<p>\/ Offre un effet matifiant en r\u00e9duisant la brillance. <\/p>\n<p>\/ Convient \u00e0 tous les hommes, peu importe leur type de peau, y compris la peau sensible. <\/p>\n\t<h1>Mode d&#8217;emploi<\/h1>\n\t<p>\/ Verser une petite quantit\u00e9 sur le bout des doigts. <\/p>\n<p>\/ Masser doucement sur peau propre et s\u00e8che. <\/p>\n<p>\/ Peut s&#8217;utiliser matin et soir. <\/p>\n<p>\/ Utiliser un \u00e9cran solaire \u00e0 FPS chaque jour pour la sant\u00e9 de votre peau.<\/p>\n\t\t\t<a href=\"https:\/\/www.youtube.com\/watch?v=mL4AjZKofi0\" role=\"button\">\n\t\t\t\t\t\t\t<\/a>\n\t<p>Hydratant facial essentiel<br \/>MONAT FOR MEN\u2122 <\/p>\n\t\t\t<a href=\"https:\/\/corp.mymonat.com\/shop\/products\/essential-face-moisturizer\/?globallanguage=fr&#038;globalmarket=ca\" target=\"_blank\" role=\"button\" rel=\"noopener\">\n\t\t\t\t\t\t\tMAGASINEZ\n\t\t\t\t\t<\/a>\n\t INGR\u00c9DIENTS ACTIFS CL\u00c9S\n<p>REJUVENIQE S\u2122<\/p>\n\n<p>AHA de fruits naturels<\/p>\n\n<p>Niacinamide vitamine B3<\/p>\n\n<p>Extrait de grains de Coffea Arabica<\/p>\n\n<p>Complexe apaisant<\/p>\n\n\t\t\t<a href=\"#\" role=\"button\">\n\t\t\t\t\t\t\tLISTE D&#8217;INGR\u00c9DIENTS\n\t\t\t\t\t<\/a>\n\t\t<p>Aqua\/Water\/Eau, Cetearyl Alcohol, Glyceryl Stearate SE, Heptyl Undecylenate, Caprylic\/Capric Triglyceride, Cetearyl Glucoside, Butyrospermum Parkii (Shea) Butter, Menthol, Menthone, Niacinamide, Limnanthes Alba (Meadowfoam) Seed Oil, Crambe Abyssinica Seed Oil, Camellia Oleifera Seed Oil, Solanum Lycopersicum (Tomato) Seed Oil, Daucus Carota Sativa (Carrot) Seed Oil, Citrus Limon (Lemon) Peel Oil, Citrus Aurantifolia (Lime) Oil, Citrus Aurantium Bergamia (Bergamot) Fruit Oil, Adansonia Digitata Oil, Mauritia Flexuosa Fruit Oil, Cocos Nucifera (Coconut) Oil, Gardenia Taitensis Flower Extract, Moringa Oleifera Seed Oil, Caryocar Brasiliense Fruit Oil, Helianthus Annuus (Sunflower) Seed Oil, Olea Europaea (Olive) Fruit Oil, Simmondsia Chinensis (Jojoba) Seed Extract, Glycerin, Mangifera Indica (Mango) Pulp Extract, Musa Sapientum (Banana) Pulp Extract, Saccharum Officinarum (Sugarcane) Extract, Glycolic Acid, Caffeine, Coffea Arabica (Coffee) Seed Extract, Lecithin, Bisabolol, Zingiber Officinale (Ginger) Root Extract, Calendula Officinalis Flower Extract, Disodium EDTA- Copper, Benzyl Alcohol, Ethylhexylglycerin, Tocopherol, Fragrance\/Parfum, Alpha-Isomethyl Ionone, Benzyl Benzoate, Citronellol, Coumarin, Limonene, Linalool, Geraniol, Hydroxycitronellal.<\/p>\t\n\t<link rel=\"stylesheet\" href=\"https:\/\/unpkg.com\/swiper\/swiper-bundle.min.css\" \/>\n<link rel=\"stylesheet\" href=\"https:\/\/monatglobal.com\/wp-content\/creative_css\/product_styles_sheet.css\" \/>\n   <!--==================================================== You might also like section ====================================================-->\n      <h2>VOUS POURRIEZ AUSSI AIMER<\/h2>\n      <!--==================================================== Slider YOU MIGHT ALSO LIKE ====================================================-->\n            <!--==================================================== Slides products ====================================================-->\n               <a href=\"\/ca\/holidays-2021-gentleman\/?lang=fr\" aria-label=\"Go to The Perfect Gentleman page\">\n                  <img decoding=\"async\" src=\"https:\/\/monatglobal.com\/wp-content\/uploads\/2021\/10\/perfect-gentlemen-300x300-1.jpg\" alt=\"The Perfect Gentleman\"\/>\n                  <p>The Perfect Gentleman<\/p>\n               <\/a>\n               <a href=\"\/ca\/men-face-wash\/?lang=fr\" aria-label=\"Go to MONAT FOR MEN\u2122 Essential Face Wash page\">\n                  <img decoding=\"async\" src=\"https:\/\/monatglobal.com\/wp-content\/uploads\/2021\/02\/MB-ESSENTIAL-FACE-WASH.png\" alt=\"MONAT FOR MEN\u2122 Essential Face Wash\"\/>\n                  <p>Nettoyant facial essentiel<br \/>MONAT FOR MEN\u2122 <\/p>\n               <\/a>\n               <a href=\"\/ca\/men-face-scrub\/?lang=fr\" aria-label=\"Go to MONAT FOR MEN\u2122 Essential Face Scrub page\">\n                  <img decoding=\"async\" src=\"https:\/\/monatglobal.com\/wp-content\/uploads\/2021\/02\/MB-ESSENTIAL-FACE-SCRUB.png\" alt=\"MONAT FOR MEN\u2122 Essential Face Scrub\"\/>\n                  <p>Exfoliant facial essentiel<br \/>MONAT FOR MEN\u2122<\/p>\n               <\/a>\n         <!--==================================================== If we need navigation buttons  ====================================================-->\n         <!--==================================================== If we need paginations  ====================================================-->\n<!--==================================================== this link has to go last for it to work   ====================================================-->\n\t<link rel=\"stylesheet\" href=\"https:\/\/unpkg.com\/swiper\/swiper-bundle.min.css\" \/>\n<link rel=\"stylesheet\" href=\"https:\/\/monatglobal.com\/wp-content\/creative_css\/product_styles_sheet.css\" \/>\n   <!--==================================================== You might also like section ====================================================-->\n      <h2>VOUS POURRIEZ AUSSI AIMER<\/h2>\n      <!--==================================================== Slider YOU MIGHT ALSO LIKE ====================================================-->\n            <!--==================================================== Slides products ====================================================-->\n               <a href=\"\/ca\/monat-black-shampoo-conditioner\/?lang=fr\" aria-label=\"Go to Shampooing + apr\u00e8s-shampooing MONAT BLACK page\">\n                  <img decoding=\"async\" src=\"https:\/\/monatglobal.com\/wp-content\/uploads\/2019\/07\/MB-SHAMPOO-CONDITIONER-2019-500x438-1.png\" alt=\"Shampooing + apr\u00e8s-shampooing MONAT BLACK\"\/>\n                  <p>Shampooing + apr\u00e8s-shampooing<br \/> MONAT BLACK<\/p>\n               <\/a>\n               <a href=\"\/ca\/men-face-scrub\/?lang=fr\" aria-label=\"Go to Exfoliant facial essentiel MONAT For Men\u2122 page\">\n                  <img decoding=\"async\" src=\"https:\/\/monatglobal.com\/wp-content\/uploads\/2021\/02\/MB-ESSENTIAL-FACE-SCRUB.png\" alt=\"Exfoliant facial essentiel MONAT For Men\u2122\"\/>\n                  <p>Exfoliant facial essentiel<br \/>MONAT For Men\u2122<\/p>\n               <\/a>\n               <a href=\"\/ca\/men-face-wash\/?lang=fr\" aria-label=\"Go to Nettoyant facial essentiel MONAT For Men\u2122 page\">\n                  <img decoding=\"async\" src=\"https:\/\/monatglobal.com\/wp-content\/uploads\/2021\/02\/MB-ESSENTIAL-FACE-WASH.png\" alt=\"\/>Nettoyant facial essentiel MONAT For Men\u2122&#8221;\/>\n                  <p>Nettoyant facial essentiel<br \/> MONAT For Men\u2122<\/p>\n               <\/a>\n         <!--==================================================== If we need navigation buttons  ====================================================-->\n         <!--==================================================== If we need paginations  ====================================================-->\n<!--==================================================== this link has to go last for it to work   ====================================================-->\n\t<a href=\"https:\/\/monatglobal.com\/ca\/products\/?lang=fr&#038;line=soins-de-la-peau\"><h1>Tous les produits de soins pour la peau\n<\/h1><\/a>\n\n","protected":false},"excerpt":{"rendered":"<p>Hydratant facial essentiel MONAT FOR MEN\u2122 Un l\u00e9ger hydratant \u00e9mollient et non graisseux qui hydrate et aide \u00e0 prot\u00e9ger contre les agresseurs environnementaux. 50 ml \u212e 1,7 oz liq. Prix de VIP 49,00 $ CA Prix de d\u00e9tail 58,00 $ CA ON SALE Sunday, September 15 11a.m. EDT Pour en savoir plus sur l&#8217;Hydratant facial&hellip;<\/p>\n","protected":false},"author":31,"featured_media":58979,"parent":0,"menu_order":0,"comment_status":"closed","ping_status":"closed","template":"","meta":{"inline_featured_image":false,"om_disable_all_campaigns":false,"_monsterinsights_skip_tracking":false,"_monsterinsights_sitenote_active":false,"_monsterinsights_sitenote_note":"","_monsterinsights_sitenote_category":0,"footnotes":""},"categories":[3629],"tags":[],"class_list":["post-58648","page","type-page","status-publish","has-post-thumbnail","hentry","category-product-fra"],"aioseo_notices":[],"aioseo_head":"\n\t\t<!-- All in One SEO Pro 4.9.6 - aioseo.com -->\n\t<meta name=\"description\" content=\"Hydratant facial essentiel MONAT FOR MEN\u2122 Un l\u00e9ger hydratant \u00e9mollient et non graisseux qui hydrate et aide \u00e0 prot\u00e9ger contre les agresseurs environnementaux. 50 ml \u212e 1,7 oz liq. Prix de VIP 49,00 $ CA Prix de d\u00e9tail 58,00 $ CA ON SALE Sunday, September 15 11a.m. EDT Pour en savoir plus sur l&#039;Hydratant facial\" \/>\n\t<meta name=\"robots\" content=\"max-image-preview:large\" \/>\n\t<link rel=\"canonical\" href=\"https:\/\/monatglobal.com\/ca\/men-face-moisturizer\/?lang=fr\" \/>\n\t<meta name=\"generator\" content=\"All in One SEO Pro (AIOSEO) 4.9.6\" \/>\n\t\t<meta property=\"og:locale\" content=\"en_US\" \/>\n\t\t<meta property=\"og:site_name\" content=\"Monat Canada English - We Are Modern Nature\" \/>\n\t\t<meta property=\"og:type\" content=\"article\" \/>\n\t\t<meta property=\"og:title\" content=\"Hydratant facial essentiel | Soins de la peau pour hommes MONAT - Monat Canada English\" \/>\n\t\t<meta property=\"og:description\" content=\"Hydratant facial essentiel MONAT FOR MEN\u2122 Un l\u00e9ger hydratant \u00e9mollient et non graisseux qui hydrate et aide \u00e0 prot\u00e9ger contre les agresseurs environnementaux. 50 ml \u212e 1,7 oz liq. Prix de VIP 49,00 $ CA Prix de d\u00e9tail 58,00 $ CA ON SALE Sunday, September 15 11a.m. EDT Pour en savoir plus sur l&#039;Hydratant facial\" \/>\n\t\t<meta property=\"og:url\" content=\"https:\/\/monatglobal.com\/ca\/men-face-moisturizer\/?lang=fr\" \/>\n\t\t<meta property=\"article:published_time\" content=\"2021-01-20T15:58:18+00:00\" \/>\n\t\t<meta property=\"article:modified_time\" content=\"2026-01-08T15:41:28+00:00\" \/>\n\t\t<meta name=\"twitter:card\" content=\"summary_large_image\" \/>\n\t\t<meta name=\"twitter:title\" content=\"Hydratant facial essentiel | Soins de la peau pour hommes MONAT - Monat Canada English\" \/>\n\t\t<meta name=\"twitter:description\" content=\"Hydratant facial essentiel MONAT FOR MEN\u2122 Un l\u00e9ger hydratant \u00e9mollient et non graisseux qui hydrate et aide \u00e0 prot\u00e9ger contre les agresseurs environnementaux. 50 ml \u212e 1,7 oz liq. Prix de VIP 49,00 $ CA Prix de d\u00e9tail 58,00 $ CA ON SALE Sunday, September 15 11a.m. EDT Pour en savoir plus sur l&#039;Hydratant facial\" \/>\n\t\t<script type=\"application\/ld+json\" class=\"aioseo-schema\">\n\t\t\t{\"@context\":\"https:\\\/\\\/schema.org\",\"@graph\":[{\"@type\":\"BreadcrumbList\",\"@id\":\"https:\\\/\\\/monatglobal.com\\\/ca\\\/men-face-moisturizer\\\/?lang=fr#breadcrumblist\",\"itemListElement\":[{\"@type\":\"ListItem\",\"@id\":\"https:\\\/\\\/monatglobal.com\\\/ca#listItem\",\"position\":1,\"name\":\"Home\",\"item\":\"https:\\\/\\\/monatglobal.com\\\/ca\",\"nextItem\":{\"@type\":\"ListItem\",\"@id\":\"https:\\\/\\\/monatglobal.com\\\/ca\\\/men-face-moisturizer\\\/?lang=fr#listItem\",\"name\":\"Hydratant facial essentiel | Soins de la peau pour hommes MONAT\"}},{\"@type\":\"ListItem\",\"@id\":\"https:\\\/\\\/monatglobal.com\\\/ca\\\/men-face-moisturizer\\\/?lang=fr#listItem\",\"position\":2,\"name\":\"Hydratant facial essentiel | Soins de la peau pour hommes MONAT\",\"previousItem\":{\"@type\":\"ListItem\",\"@id\":\"https:\\\/\\\/monatglobal.com\\\/ca#listItem\",\"name\":\"Home\"}}]},{\"@type\":\"Organization\",\"@id\":\"https:\\\/\\\/monatglobal.com\\\/ca\\\/#organization\",\"name\":\"Monat Canada English\",\"description\":\"We Are Modern Nature\",\"url\":\"https:\\\/\\\/monatglobal.com\\\/ca\\\/\"},{\"@type\":\"WebPage\",\"@id\":\"https:\\\/\\\/monatglobal.com\\\/ca\\\/men-face-moisturizer\\\/?lang=fr#webpage\",\"url\":\"https:\\\/\\\/monatglobal.com\\\/ca\\\/men-face-moisturizer\\\/?lang=fr\",\"name\":\"Hydratant facial essentiel | Soins de la peau pour hommes MONAT - Monat Canada English\",\"description\":\"Hydratant facial essentiel MONAT FOR MEN\\u2122 Un l\\u00e9ger hydratant \\u00e9mollient et non graisseux qui hydrate et aide \\u00e0 prot\\u00e9ger contre les agresseurs environnementaux. 50 ml \\u212e 1,7 oz liq. Prix de VIP 49,00 $ CA Prix de d\\u00e9tail 58,00 $ CA ON SALE Sunday, September 15 11a.m. EDT Pour en savoir plus sur l'Hydratant facial\",\"inLanguage\":\"en-US\",\"isPartOf\":{\"@id\":\"https:\\\/\\\/monatglobal.com\\\/ca\\\/#website\"},\"breadcrumb\":{\"@id\":\"https:\\\/\\\/monatglobal.com\\\/ca\\\/men-face-moisturizer\\\/?lang=fr#breadcrumblist\"},\"image\":{\"@type\":\"ImageObject\",\"url\":\"https:\\\/\\\/monatglobal.com\\\/ca\\\/wp-content\\\/uploads\\\/sites\\\/5\\\/2021\\\/02\\\/MB-ESSENTIAL-FACE-MOISTURIZER-1-1.png\",\"@id\":\"https:\\\/\\\/monatglobal.com\\\/ca\\\/men-face-moisturizer\\\/?lang=fr\\\/#mainImage\",\"width\":438,\"height\":546},\"primaryImageOfPage\":{\"@id\":\"https:\\\/\\\/monatglobal.com\\\/ca\\\/men-face-moisturizer\\\/?lang=fr#mainImage\"},\"datePublished\":\"2021-01-20T15:58:18-05:00\",\"dateModified\":\"2026-01-08T10:41:28-05:00\"},{\"@type\":\"WebSite\",\"@id\":\"https:\\\/\\\/monatglobal.com\\\/ca\\\/#website\",\"url\":\"https:\\\/\\\/monatglobal.com\\\/ca\\\/\",\"name\":\"Monat Canada English\",\"description\":\"We Are Modern Nature\",\"inLanguage\":\"en-US\",\"publisher\":{\"@id\":\"https:\\\/\\\/monatglobal.com\\\/ca\\\/#organization\"}}]}\n\t\t<\/script>\n\t\t<!-- All in One SEO Pro -->\r\n\t\t<title>Hydratant facial essentiel | Soins de la peau pour hommes MONAT - Monat Canada English<\/title>\n\n","aioseo_head_json":{"title":"Hydratant facial essentiel | Soins de la peau pour hommes MONAT - Monat Canada English","description":"Hydratant facial essentiel MONAT FOR MEN\u2122 Un l\u00e9ger hydratant \u00e9mollient et non graisseux qui hydrate et aide \u00e0 prot\u00e9ger contre les agresseurs environnementaux. 50 ml \u212e 1,7 oz liq. Prix de VIP 49,00 $ CA Prix de d\u00e9tail 58,00 $ CA ON SALE Sunday, September 15 11a.m. EDT Pour en savoir plus sur l'Hydratant facial","canonical_url":"https:\/\/monatglobal.com\/ca\/men-face-moisturizer\/?lang=fr","robots":"max-image-preview:large","keywords":"","webmasterTools":{"miscellaneous":""},"schema":{"@context":"https:\/\/schema.org","@graph":[{"@type":"BreadcrumbList","@id":"https:\/\/monatglobal.com\/ca\/men-face-moisturizer\/?lang=fr#breadcrumblist","itemListElement":[{"@type":"ListItem","@id":"https:\/\/monatglobal.com\/ca#listItem","position":1,"name":"Home","item":"https:\/\/monatglobal.com\/ca","nextItem":{"@type":"ListItem","@id":"https:\/\/monatglobal.com\/ca\/men-face-moisturizer\/?lang=fr#listItem","name":"Hydratant facial essentiel | Soins de la peau pour hommes MONAT"}},{"@type":"ListItem","@id":"https:\/\/monatglobal.com\/ca\/men-face-moisturizer\/?lang=fr#listItem","position":2,"name":"Hydratant facial essentiel | Soins de la peau pour hommes MONAT","previousItem":{"@type":"ListItem","@id":"https:\/\/monatglobal.com\/ca#listItem","name":"Home"}}]},{"@type":"Organization","@id":"https:\/\/monatglobal.com\/ca\/#organization","name":"Monat Canada English","description":"We Are Modern Nature","url":"https:\/\/monatglobal.com\/ca\/"},{"@type":"WebPage","@id":"https:\/\/monatglobal.com\/ca\/men-face-moisturizer\/?lang=fr#webpage","url":"https:\/\/monatglobal.com\/ca\/men-face-moisturizer\/?lang=fr","name":"Hydratant facial essentiel | Soins de la peau pour hommes MONAT - Monat Canada English","description":"Hydratant facial essentiel MONAT FOR MEN\u2122 Un l\u00e9ger hydratant \u00e9mollient et non graisseux qui hydrate et aide \u00e0 prot\u00e9ger contre les agresseurs environnementaux. 50 ml \u212e 1,7 oz liq. Prix de VIP 49,00 $ CA Prix de d\u00e9tail 58,00 $ CA ON SALE Sunday, September 15 11a.m. EDT Pour en savoir plus sur l'Hydratant facial","inLanguage":"en-US","isPartOf":{"@id":"https:\/\/monatglobal.com\/ca\/#website"},"breadcrumb":{"@id":"https:\/\/monatglobal.com\/ca\/men-face-moisturizer\/?lang=fr#breadcrumblist"},"image":{"@type":"ImageObject","url":"https:\/\/monatglobal.com\/ca\/wp-content\/uploads\/sites\/5\/2021\/02\/MB-ESSENTIAL-FACE-MOISTURIZER-1-1.png","@id":"https:\/\/monatglobal.com\/ca\/men-face-moisturizer\/?lang=fr\/#mainImage","width":438,"height":546},"primaryImageOfPage":{"@id":"https:\/\/monatglobal.com\/ca\/men-face-moisturizer\/?lang=fr#mainImage"},"datePublished":"2021-01-20T15:58:18-05:00","dateModified":"2026-01-08T10:41:28-05:00"},{"@type":"WebSite","@id":"https:\/\/monatglobal.com\/ca\/#website","url":"https:\/\/monatglobal.com\/ca\/","name":"Monat Canada English","description":"We Are Modern Nature","inLanguage":"en-US","publisher":{"@id":"https:\/\/monatglobal.com\/ca\/#organization"}}]},"og:locale":"en_US","og:site_name":"Monat Canada English - We Are Modern Nature","og:type":"article","og:title":"Hydratant facial essentiel | Soins de la peau pour hommes MONAT - Monat Canada English","og:description":"Hydratant facial essentiel MONAT FOR MEN\u2122 Un l\u00e9ger hydratant \u00e9mollient et non graisseux qui hydrate et aide \u00e0 prot\u00e9ger contre les agresseurs environnementaux. 50 ml \u212e 1,7 oz liq. Prix de VIP 49,00 $ CA Prix de d\u00e9tail 58,00 $ CA ON SALE Sunday, September 15 11a.m. EDT Pour en savoir plus sur l'Hydratant facial","og:url":"https:\/\/monatglobal.com\/ca\/men-face-moisturizer\/?lang=fr","article:published_time":"2021-01-20T15:58:18+00:00","article:modified_time":"2026-01-08T15:41:28+00:00","twitter:card":"summary_large_image","twitter:title":"Hydratant facial essentiel | Soins de la peau pour hommes MONAT - Monat Canada English","twitter:description":"Hydratant facial essentiel MONAT FOR MEN\u2122 Un l\u00e9ger hydratant \u00e9mollient et non graisseux qui hydrate et aide \u00e0 prot\u00e9ger contre les agresseurs environnementaux. 50 ml \u212e 1,7 oz liq. Prix de VIP 49,00 $ CA Prix de d\u00e9tail 58,00 $ CA ON SALE Sunday, September 15 11a.m. EDT Pour en savoir plus sur l'Hydratant facial"},"aioseo_meta_data":{"post_id":"58648","title":null,"description":null,"keywords":null,"keyphrases":null,"primary_term":null,"canonical_url":null,"og_title":null,"og_description":null,"og_object_type":"default","og_image_type":"default","og_image_url":null,"og_image_width":null,"og_image_height":null,"og_image_custom_url":null,"og_image_custom_fields":null,"og_video":null,"og_custom_url":null,"og_article_section":null,"og_article_tags":null,"twitter_use_og":false,"twitter_card":"default","twitter_image_type":"default","twitter_image_url":null,"twitter_image_custom_url":null,"twitter_image_custom_fields":null,"twitter_title":null,"twitter_description":null,"schema":{"blockGraphs":[],"customGraphs":[],"default":{"data":{"Article":[],"Course":[],"Dataset":[],"FAQPage":[],"Movie":[],"Person":[],"Product":[],"ProductReview":[],"Car":[],"Recipe":[],"Service":[],"SoftwareApplication":[],"WebPage":[]},"graphName":"WebPage","isEnabled":true},"graphs":[]},"schema_type":"default","schema_type_options":null,"pillar_content":false,"robots_default":true,"robots_noindex":false,"robots_noarchive":false,"robots_nosnippet":false,"robots_nofollow":false,"robots_noimageindex":false,"robots_noodp":false,"robots_notranslate":false,"robots_max_snippet":null,"robots_max_videopreview":null,"robots_max_imagepreview":"large","priority":null,"frequency":null,"local_seo":null,"seo_analyzer_scan_date":"2026-02-10 19:29:12","limit_modified_date":false,"reviewed_by":null,"open_ai":null,"ai":null,"created":"2023-07-26 12:53:14","updated":"2026-02-10 19:29:12"},"aioseo_breadcrumb":"<div class=\"aioseo-breadcrumbs\"><span class=\"aioseo-breadcrumb\">\n\t<a href=\"https:\/\/monatglobal.com\/ca\" title=\"Home\">Home<\/a>\n<\/span><span class=\"aioseo-breadcrumb-separator\">&raquo;<\/span><span class=\"aioseo-breadcrumb\">\n\tHydratant facial essentiel | Soins de la peau pour hommes MONAT\n<\/span><\/div>","aioseo_breadcrumb_json":[{"label":"Home","link":"https:\/\/monatglobal.com\/ca"},{"label":"Hydratant facial essentiel | Soins de la peau pour hommes MONAT","link":"https:\/\/monatglobal.com\/ca\/men-face-moisturizer\/?lang=fr"}],"_links":{"self":[{"href":"https:\/\/monatglobal.com\/ca\/wp-json\/wp\/v2\/pages\/58648","targetHints":{"allow":["GET"]}}],"collection":[{"href":"https:\/\/monatglobal.com\/ca\/wp-json\/wp\/v2\/pages"}],"about":[{"href":"https:\/\/monatglobal.com\/ca\/wp-json\/wp\/v2\/types\/page"}],"author":[{"embeddable":true,"href":"https:\/\/monatglobal.com\/ca\/wp-json\/wp\/v2\/users\/31"}],"replies":[{"embeddable":true,"href":"https:\/\/monatglobal.com\/ca\/wp-json\/wp\/v2\/comments?post=58648"}],"version-history":[{"count":49,"href":"https:\/\/monatglobal.com\/ca\/wp-json\/wp\/v2\/pages\/58648\/revisions"}],"predecessor-version":[{"id":109779,"href":"https:\/\/monatglobal.com\/ca\/wp-json\/wp\/v2\/pages\/58648\/revisions\/109779"}],"wp:featuredmedia":[{"embeddable":true,"href":"https:\/\/monatglobal.com\/ca\/wp-json\/wp\/v2\/media\/58979"}],"wp:attachment":[{"href":"https:\/\/monatglobal.com\/ca\/wp-json\/wp\/v2\/media?parent=58648"}],"wp:term":[{"taxonomy":"category","embeddable":true,"href":"https:\/\/monatglobal.com\/ca\/wp-json\/wp\/v2\/categories?post=58648"},{"taxonomy":"post_tag","embeddable":true,"href":"https:\/\/monatglobal.com\/ca\/wp-json\/wp\/v2\/tags?post=58648"}],"curies":[{"name":"wp","href":"https:\/\/api.w.org\/{rel}","templated":true}]}}