{"id":58347,"date":"2021-01-04T22:03:55","date_gmt":"2021-01-04T22:03:55","guid":{"rendered":"https:\/\/monatglobal.com\/ca\/?page_id=58347"},"modified":"2026-01-08T09:57:50","modified_gmt":"2026-01-08T14:57:50","slug":"vinegar-scrub-shampoo","status":"publish","type":"page","link":"https:\/\/monatglobal.com\/ca\/vinegar-scrub-shampoo\/?lang=fr","title":{"rendered":"Gommage pour cuir chevelu | Soins capillaires MONAT pour cuir chevelu et cheveux gras"},"content":{"rendered":"\n\n\t\t\t\t<img loading=\"lazy\" decoding=\"async\" src=\"https:\/\/monatglobal.com\/wp-content\/uploads\/2020\/12\/S-P-S-438-x-546.png\" alt=\"S-P-S-438-x-546\" itemprop=\"image\" height=\"546\" width=\"438\" title=\"S-P-S-438-x-546\" onerror=\"this.style.display='none'\"  \/>\n<h1>Gommage pour<br \/> cuir chevelu<\/h1>\n\t<h3>Nettoie en profondeur, purifie et apaise tout en laissant les cheveux propres et rafra\u00eechis.   \n<\/h3>\n\t<p> 134 ml \u212e 4,5 oz liq.<\/p> \n   Prix de client VIP\n   <p> 65,00 $ CA<\/p>\n      Prix de d\u00e9tail\n      <p> 76,00 $ CA<\/p>\n   Prix de client VIP\n   <p> 68,00 $ CA<\/p>\n      Prix de d\u00e9tail\n      <p> 80,00 $ CA<\/p>\n   Prix de client VIP\n   <p> 59,00 $ CA<\/p>\n      Prix de d\u00e9tail\n      <p> 69,00 $ CA<\/p>\n\t<p> ON SALE Sunday, September 15 11a.m. EDT<\/p> \n\tPour en savoir plus sur le Gommage pour cuir chevelu, veuillez contacter votre partenaire de march\u00e9 MONAT. \n\t\t\t<a href=\"https:\/\/corp.mymonat.com\/shop\/products\/scalp-purifying-scrub\/?globallanguage=fr&#038;globalmarket=ca\" target=\"_blank\" role=\"button\" rel=\"noopener\">\n\t\t\t\t\t\t\tMAGASINEZ\n\t\t\t\t\t<\/a>\n\t<h1>\nCe gommage et shampooing 2-en-1 innovateur aide \u00e0 dissoudre les cellules de peau mortes, les accumulations de produits tenaces et les polluants environnementaux qui rendent les cheveux ternes. <\/h1>\n\t<p>Avec REJUVENIQE<sup>\u00ae<\/sup> pour aider \u00e0 hydrater les cheveux, les laissant propres et rafra\u00eechis. <\/p>\n\t<h1>Caract\u00e9ristiques<\/h1>\n\t<p>\/ Exfolie la surface du cuir chevelu et des cheveux<\/p>\n<p>\/ Dissout le s\u00e9bum et les accumulations de produits tenaces<\/p> \n<p>\/ Nettoie et purifie<\/p>\n<p>\/ R\u00e9duit l&#8217;exc\u00e8s de s\u00e9bum et r\u00e9tablit l&#8217;\u00e9quilibre du cuir chevelu<\/p>\n<p>\/ Aide \u00e0 espacer les shampooings <\/p>\n\t<h1>Mode d&#8217;emploi<\/h1>\n\t<p>\/ \u00c9mulsionner dans les mains et appliquer sur cheveux et cuir chevelu mouill\u00e9s. <\/p>\n<p>\/ Masser le cuir chevelu pour exfolier doucement; faire mousser et masser sur toute la chevelure. <\/p>\n<p>\/ Rincer abondamment.<\/p>\n<p>\/ Utiliser ensuite votre revitalisant MONAT favori. <\/p>\n<p>\/ Utiliser une fois par semaine ou au besoin.<\/p>\n\t\t\t<a href=\"https:\/\/www.youtube.com\/watch?v=RpcFCPaghf4\" role=\"button\">\n\t\t\t\t\t\t\t<\/a>\n\t<p>Gommage pour <br \/>cuir chevelu<br \/>0:28<\/p>\n\t\t\t<a href=\"https:\/\/corp.mymonat.com\/shop\/products\/scalp-purifying-scrub\/?globallanguage=fr&#038;globalmarket=ca\" target=\"_blank\" role=\"button\" rel=\"noopener\">\n\t\t\t\t\t\t\tMAGASINEZ\n\t\t\t\t\t<\/a>\n\t INGR\u00c9DIENTS CL\u00c9S\n<p>AHA de superfruits<\/p>\n\n<p>Vinaigre de cidre de pomme<\/p>\n\n<p>Vitamine B6<\/p>\n\n<p>Argile rose<\/p>\n\n<p>REJUVENIQE<sup>\u00ae<\/sup><\/p>\n\n\n\t\t\t<a href=\"#\" role=\"button\">\n\t\t\t\t\t\t\tLISTE D&#8217;INGR\u00c9DIENTS\n\t\t\t\t\t<\/a>\n\t\t<p>Sucrose, Aqua\/Water\/Eau, Sodium C14-16 Olefin Sulfonate, Cocamidopropyl Betaine, Cocamide MIPA, Propanediol, Acetum\/Vinegar\/Vinaigre, PEG-150 Distearate, Glycerin, Glyceryl Stearate, Illite, PEG-100 Stearate, Adansonia Digitata Oil, Mauritia Flexuosa Fruit Oil, Cocos Nucifera (Coconut) Oil, Gardenia Taitensis Flower Extract, Moringa Oleifera Seed Oil, Caryocar Brasiliense Fruit Oil, Helianthus Annuus (Sunflower) Seed Oil, Solanum Lycopersicum (Tomato) Seed Oil, Citrus Aurantifolia (Lime) Oil, Citrus Aurantium Bergamia (Bergamot) Fruit Oil, Daucus Carota Sativa (Carrot) Seed Oil, Citrus Limon (Lemon) Peel Oil, Camellia Oleifera Seed Oil, Crambe Abyssinica Seed Oil, Limnanthes Alba (Meadowfoam) Seed Oil, Glycolic Acid, Maclura Cochinchinensis Leaf Prenylflavonoids, Saccharum Officinarum\/Sugar Cane Extract\/Extrait de canne \u00e0 sucre, Sodium Polyglutamate, Musa Sapientum (Banana) Pulp Extract, Mangifera Indica (Mango) Pulp Extract, Sodium Isethionate, Montmorillonite, Coconut Acid, Pyridoxine HCl, Hippophae Rhamnoides Oil, Menthol, Kaolin (CI 77004), PEG-120 Methyl Glucose Dioleate, Sodium Chloride, Sodium Cocoyl Isethionate, Potassium Sorbate, Benzyl Alcohol, Fragrance\/Parfum, Pentylene Glycol, Phenethyl Alcohol.<\/p>\t\n\t<link rel=\"stylesheet\" href=\"https:\/\/unpkg.com\/swiper\/swiper-bundle.min.css\" \/>\n<link rel=\"stylesheet\" href=\"https:\/\/monatglobal.com\/wp-content\/creative_css\/product_styles_sheet.css\" \/>\n   <!--==================================================== You might also like section ====================================================-->\n      <h2>VOUS POURRIEZ AUSSI AIMER<\/h2>\n      <!--==================================================== Slider YOU MIGHT ALSO LIKE ====================================================-->\n            <!--==================================================== Slides products ====================================================-->\n               <a href=\"\/ca\/holidays-2021-minis-mirror\" aria-label=\"Go to Magic Minis &#038; Mirror page\">\n                  <img decoding=\"async\" src=\"https:\/\/monatglobal.com\/wp-content\/uploads\/2021\/10\/magic-mini-mirror-300x300-1.jpg\" alt=\"Magic Minis &#038; Mirror\"\/>\n                  <p>Soins minis et magie miroir<\/p>\n               <\/a>\n               <a href=\"\/ca\/shampooing-purifiant-au-vinaigre\/?lang=fr\" aria-label=\"Go to Purifying Vinegar Shampoo page\">\n                  <img decoding=\"async\" src=\"https:\/\/monatglobal.com\/wp-content\/uploads\/2020\/12\/Purifying-Vinegar-Shampoo-1.png\" alt=\"Purifying Vinegar Shampoo\"\/>\n                  <p> Shampooing purifiant<br \/>au vinaigre<\/p>\n               <\/a>\n               <a href=\"\/ca\/revitalisant-hydratation-avancee\/?lang=fr\" aria-label=\"Go to ADVANCED HYDRATING CONDITIONER page\">\n                  <img decoding=\"async\" src=\"https:\/\/monatglobal.com\/wp-content\/uploads\/2018\/12\/ADVANCED-HYDRATING-CONDITIONER-500x438.png\" alt=\"ADVANCED HYDRATING CONDITIONER\"\/>\n                  <p>Revitalisant Hydratation avanc\u00e9e<\/p>\n               <\/a>\n         <!--==================================================== If we need navigation buttons  ====================================================-->\n         <!--==================================================== If we need paginations  ====================================================-->\n<!--==================================================== this link has to go last for it to work   ====================================================-->\n\t VOUS POURRIEZ AUSSI AIMER\n\t<link rel=\"stylesheet\" href=\"https:\/\/cdnjs.cloudflare.com\/ajax\/libs\/normalize\/5.0.0\/normalize.min.css\"\/>\n<link rel='stylesheet' href='https:\/\/cdnjs.cloudflare.com\/ajax\/libs\/Swiper\/3.3.1\/css\/swiper.min.css'\/><link rel=\"stylesheet\" href=\".\/style.css\"\/>\n<style>\n    .swiper-container {\n        width: 100%;\n        height: 350px;\n    } \n    .also_like_txt{\n        letter-spacing: 0.08em;\n        font-family: 'Suisseintl-light', Fallback, sans-serif !important;\n        font-weight: 300;\n        color: #2f294b;\n        text-transform: uppercase;\n        font-size: 1em !important;\n        text-align: center;\n        position: absolute !important;;\n        top:105%;\n    }\n    .swiper-slide {\n        background-size: contain;\n        background-repeat: no-repeat;\n        background-position: center;\n        \/* Center slide text vertically *\/\n        display: -webkit-box;\n        display: -ms-flexbox;\n        display: -webkit-flex;\n        display: flex;\n        -webkit-box-pack: center;\n        -ms-flex-pack: center;\n        -webkit-justify-content: center;\n        justify-content: center;\n        -webkit-box-align: center;\n        -ms-flex-align: center;\n        -webkit-align-items: center;\n        align-items: center;\n    }\n    .swiper-pagination-bullet-active {\n        background: #2e2a4a !important;\n    }\n    .advanced {\n        background-image: url(\"https:\/\/monatglobal.com\/wp-content\/uploads\/2020\/12\/ADVANCED-HYDRATING-CONDITIONER-438-x-546.png\");\n            height: 250px ;\n    }\n    .champ {\n        background-image: url(\"https:\/\/monatglobal.com\/ca\/wp-content\/uploads\/sites\/5\/2018\/12\/the-champ-studio-ca.png\");\n            height: 250px ;\n    }\n    .vinegar{\n      background-image: url(\"https:\/\/monatglobal.com\/wp-content\/uploads\/2020\/12\/Purifying-Vinegar-Shampoo-2.png\");\n          height: 250px ;\n    }\n    .swiper-button-prev, .swiper-container-rtl .swiper-button-next\n    {\n        left: -1 !important;\n    }\n    .swiper-button-next, .swiper-container-rtl .swiper-button-prev {\n     right: -1 !important ;   \n    }\n    .swiper-button-next, .swiper-button-prev\n    {\n    background-size: 27px 24px !important;\n    }\n    <\/style>\n<!-- partial:index.partial.html -->\n<!-- Slider main container -->\n    <!-- Additional required wrapper -->\n        <!-- Slides -->\n        <a href=\"https:\/\/monatglobal.com\/ca\/advanced-hydrating-conditioner\/?lang=fr\">Apr\u00e8s-shampooing<br \/>Hydratation avanc\u00e9e<\/a>\n        <a href=\"https:\/\/monatglobal.com\/ca\/conditioning-dry-shampoo\/?lang=fr\">Shampooing sec THE CHAMP <br \/>MONAT STUDIO ONE\u2122<\/a>\n        <a href=\"https:\/\/monatglobal.com\/ca\/vinegar-shampoo\/?lang=fr\">Shampooing purifiant<br \/> au vinaigre<\/a>\n    <!-- If we need pagination -->\n    <!-- If we need navigation buttons -->\n    <!-- If we need scrollbar -->\n<!--      -->\n<!-- partial -->\n\t<a href=\"https:\/\/monatglobal.com\/ca\/products\/?lang=fr&#038;line=soins-capillaires\"><h3>Tous les soins capillaires<\/h3><\/a>\n\n","protected":false},"excerpt":{"rendered":"<p>Gommage pour cuir chevelu Nettoie en profondeur, purifie et apaise tout en laissant les cheveux propres et rafra\u00eechis. 134 ml \u212e 4,5 oz liq. Prix de client VIP 65,00 $ CA Prix de d\u00e9tail 76,00 $ CA Prix de client VIP 68,00 $ CA Prix de d\u00e9tail 80,00 $ CA Prix de client VIP 59,00&hellip;<\/p>\n","protected":false},"author":31,"featured_media":58354,"parent":0,"menu_order":0,"comment_status":"closed","ping_status":"closed","template":"","meta":{"inline_featured_image":false,"om_disable_all_campaigns":false,"_monsterinsights_skip_tracking":false,"_monsterinsights_sitenote_active":false,"_monsterinsights_sitenote_note":"","_monsterinsights_sitenote_category":0,"footnotes":""},"categories":[3629],"tags":[],"class_list":["post-58347","page","type-page","status-publish","has-post-thumbnail","hentry","category-product-fra"],"aioseo_notices":[],"aioseo_head":"\n\t\t<!-- All in One SEO Pro 4.9.6 - aioseo.com -->\n\t<meta name=\"description\" content=\"Gommage pour cuir chevelu Nettoie en profondeur, purifie et apaise tout en laissant les cheveux propres et rafra\u00eechis. 134 ml \u212e 4,5 oz liq. Prix de client VIP 65,00 $ CA Prix de d\u00e9tail 76,00 $ CA Prix de client VIP 68,00 $ CA Prix de d\u00e9tail 80,00 $ CA Prix de client VIP 59,00\" \/>\n\t<meta name=\"robots\" content=\"max-image-preview:large\" \/>\n\t<link rel=\"canonical\" href=\"https:\/\/monatglobal.com\/ca\/vinegar-scrub-shampoo\/?lang=fr\" \/>\n\t<meta name=\"generator\" content=\"All in One SEO Pro (AIOSEO) 4.9.6\" \/>\n\t\t<meta property=\"og:locale\" content=\"en_US\" \/>\n\t\t<meta property=\"og:site_name\" content=\"Monat Canada English - We Are Modern Nature\" \/>\n\t\t<meta property=\"og:type\" content=\"article\" \/>\n\t\t<meta property=\"og:title\" content=\"Gommage pour cuir chevelu | Soins capillaires MONAT pour cuir chevelu et cheveux gras - Monat Canada English\" \/>\n\t\t<meta property=\"og:description\" content=\"Gommage pour cuir chevelu Nettoie en profondeur, purifie et apaise tout en laissant les cheveux propres et rafra\u00eechis. 134 ml \u212e 4,5 oz liq. Prix de client VIP 65,00 $ CA Prix de d\u00e9tail 76,00 $ CA Prix de client VIP 68,00 $ CA Prix de d\u00e9tail 80,00 $ CA Prix de client VIP 59,00\" \/>\n\t\t<meta property=\"og:url\" content=\"https:\/\/monatglobal.com\/ca\/vinegar-scrub-shampoo\/?lang=fr\" \/>\n\t\t<meta property=\"article:published_time\" content=\"2021-01-04T22:03:55+00:00\" \/>\n\t\t<meta property=\"article:modified_time\" content=\"2026-01-08T14:57:50+00:00\" \/>\n\t\t<meta name=\"twitter:card\" content=\"summary_large_image\" \/>\n\t\t<meta name=\"twitter:title\" content=\"Gommage pour cuir chevelu | Soins capillaires MONAT pour cuir chevelu et cheveux gras - Monat Canada English\" \/>\n\t\t<meta name=\"twitter:description\" content=\"Gommage pour cuir chevelu Nettoie en profondeur, purifie et apaise tout en laissant les cheveux propres et rafra\u00eechis. 134 ml \u212e 4,5 oz liq. Prix de client VIP 65,00 $ CA Prix de d\u00e9tail 76,00 $ CA Prix de client VIP 68,00 $ CA Prix de d\u00e9tail 80,00 $ CA Prix de client VIP 59,00\" \/>\n\t\t<script type=\"application\/ld+json\" class=\"aioseo-schema\">\n\t\t\t{\"@context\":\"https:\\\/\\\/schema.org\",\"@graph\":[{\"@type\":\"BreadcrumbList\",\"@id\":\"https:\\\/\\\/monatglobal.com\\\/ca\\\/vinegar-scrub-shampoo\\\/?lang=fr#breadcrumblist\",\"itemListElement\":[{\"@type\":\"ListItem\",\"@id\":\"https:\\\/\\\/monatglobal.com\\\/ca#listItem\",\"position\":1,\"name\":\"Home\",\"item\":\"https:\\\/\\\/monatglobal.com\\\/ca\",\"nextItem\":{\"@type\":\"ListItem\",\"@id\":\"https:\\\/\\\/monatglobal.com\\\/ca\\\/vinegar-scrub-shampoo\\\/?lang=fr#listItem\",\"name\":\"Gommage pour cuir chevelu | Soins capillaires MONAT pour cuir chevelu et cheveux gras\"}},{\"@type\":\"ListItem\",\"@id\":\"https:\\\/\\\/monatglobal.com\\\/ca\\\/vinegar-scrub-shampoo\\\/?lang=fr#listItem\",\"position\":2,\"name\":\"Gommage pour cuir chevelu | Soins capillaires MONAT pour cuir chevelu et cheveux gras\",\"previousItem\":{\"@type\":\"ListItem\",\"@id\":\"https:\\\/\\\/monatglobal.com\\\/ca#listItem\",\"name\":\"Home\"}}]},{\"@type\":\"Organization\",\"@id\":\"https:\\\/\\\/monatglobal.com\\\/ca\\\/#organization\",\"name\":\"Monat Canada English\",\"description\":\"We Are Modern Nature\",\"url\":\"https:\\\/\\\/monatglobal.com\\\/ca\\\/\"},{\"@type\":\"WebPage\",\"@id\":\"https:\\\/\\\/monatglobal.com\\\/ca\\\/vinegar-scrub-shampoo\\\/?lang=fr#webpage\",\"url\":\"https:\\\/\\\/monatglobal.com\\\/ca\\\/vinegar-scrub-shampoo\\\/?lang=fr\",\"name\":\"Gommage pour cuir chevelu | Soins capillaires MONAT pour cuir chevelu et cheveux gras - Monat Canada English\",\"description\":\"Gommage pour cuir chevelu Nettoie en profondeur, purifie et apaise tout en laissant les cheveux propres et rafra\\u00eechis. 134 ml \\u212e 4,5 oz liq. Prix de client VIP 65,00 $ CA Prix de d\\u00e9tail 76,00 $ CA Prix de client VIP 68,00 $ CA Prix de d\\u00e9tail 80,00 $ CA Prix de client VIP 59,00\",\"inLanguage\":\"en-US\",\"isPartOf\":{\"@id\":\"https:\\\/\\\/monatglobal.com\\\/ca\\\/#website\"},\"breadcrumb\":{\"@id\":\"https:\\\/\\\/monatglobal.com\\\/ca\\\/vinegar-scrub-shampoo\\\/?lang=fr#breadcrumblist\"},\"image\":{\"@type\":\"ImageObject\",\"url\":\"https:\\\/\\\/monatglobal.com\\\/ca\\\/wp-content\\\/uploads\\\/sites\\\/5\\\/2021\\\/01\\\/S-P-S-438-x-546.png\",\"@id\":\"https:\\\/\\\/monatglobal.com\\\/ca\\\/vinegar-scrub-shampoo\\\/?lang=fr\\\/#mainImage\",\"width\":438,\"height\":546},\"primaryImageOfPage\":{\"@id\":\"https:\\\/\\\/monatglobal.com\\\/ca\\\/vinegar-scrub-shampoo\\\/?lang=fr#mainImage\"},\"datePublished\":\"2021-01-04T22:03:55-05:00\",\"dateModified\":\"2026-01-08T09:57:50-05:00\"},{\"@type\":\"WebSite\",\"@id\":\"https:\\\/\\\/monatglobal.com\\\/ca\\\/#website\",\"url\":\"https:\\\/\\\/monatglobal.com\\\/ca\\\/\",\"name\":\"Monat Canada English\",\"description\":\"We Are Modern Nature\",\"inLanguage\":\"en-US\",\"publisher\":{\"@id\":\"https:\\\/\\\/monatglobal.com\\\/ca\\\/#organization\"}}]}\n\t\t<\/script>\n\t\t<!-- All in One SEO Pro -->\r\n\t\t<title>Gommage pour cuir chevelu | Soins capillaires MONAT pour cuir chevelu et cheveux gras - Monat Canada English<\/title>\n\n","aioseo_head_json":{"title":"Gommage pour cuir chevelu | Soins capillaires MONAT pour cuir chevelu et cheveux gras - Monat Canada English","description":"Gommage pour cuir chevelu Nettoie en profondeur, purifie et apaise tout en laissant les cheveux propres et rafra\u00eechis. 134 ml \u212e 4,5 oz liq. Prix de client VIP 65,00 $ CA Prix de d\u00e9tail 76,00 $ CA Prix de client VIP 68,00 $ CA Prix de d\u00e9tail 80,00 $ CA Prix de client VIP 59,00","canonical_url":"https:\/\/monatglobal.com\/ca\/vinegar-scrub-shampoo\/?lang=fr","robots":"max-image-preview:large","keywords":"","webmasterTools":{"miscellaneous":""},"schema":{"@context":"https:\/\/schema.org","@graph":[{"@type":"BreadcrumbList","@id":"https:\/\/monatglobal.com\/ca\/vinegar-scrub-shampoo\/?lang=fr#breadcrumblist","itemListElement":[{"@type":"ListItem","@id":"https:\/\/monatglobal.com\/ca#listItem","position":1,"name":"Home","item":"https:\/\/monatglobal.com\/ca","nextItem":{"@type":"ListItem","@id":"https:\/\/monatglobal.com\/ca\/vinegar-scrub-shampoo\/?lang=fr#listItem","name":"Gommage pour cuir chevelu | Soins capillaires MONAT pour cuir chevelu et cheveux gras"}},{"@type":"ListItem","@id":"https:\/\/monatglobal.com\/ca\/vinegar-scrub-shampoo\/?lang=fr#listItem","position":2,"name":"Gommage pour cuir chevelu | Soins capillaires MONAT pour cuir chevelu et cheveux gras","previousItem":{"@type":"ListItem","@id":"https:\/\/monatglobal.com\/ca#listItem","name":"Home"}}]},{"@type":"Organization","@id":"https:\/\/monatglobal.com\/ca\/#organization","name":"Monat Canada English","description":"We Are Modern Nature","url":"https:\/\/monatglobal.com\/ca\/"},{"@type":"WebPage","@id":"https:\/\/monatglobal.com\/ca\/vinegar-scrub-shampoo\/?lang=fr#webpage","url":"https:\/\/monatglobal.com\/ca\/vinegar-scrub-shampoo\/?lang=fr","name":"Gommage pour cuir chevelu | Soins capillaires MONAT pour cuir chevelu et cheveux gras - Monat Canada English","description":"Gommage pour cuir chevelu Nettoie en profondeur, purifie et apaise tout en laissant les cheveux propres et rafra\u00eechis. 134 ml \u212e 4,5 oz liq. Prix de client VIP 65,00 $ CA Prix de d\u00e9tail 76,00 $ CA Prix de client VIP 68,00 $ CA Prix de d\u00e9tail 80,00 $ CA Prix de client VIP 59,00","inLanguage":"en-US","isPartOf":{"@id":"https:\/\/monatglobal.com\/ca\/#website"},"breadcrumb":{"@id":"https:\/\/monatglobal.com\/ca\/vinegar-scrub-shampoo\/?lang=fr#breadcrumblist"},"image":{"@type":"ImageObject","url":"https:\/\/monatglobal.com\/ca\/wp-content\/uploads\/sites\/5\/2021\/01\/S-P-S-438-x-546.png","@id":"https:\/\/monatglobal.com\/ca\/vinegar-scrub-shampoo\/?lang=fr\/#mainImage","width":438,"height":546},"primaryImageOfPage":{"@id":"https:\/\/monatglobal.com\/ca\/vinegar-scrub-shampoo\/?lang=fr#mainImage"},"datePublished":"2021-01-04T22:03:55-05:00","dateModified":"2026-01-08T09:57:50-05:00"},{"@type":"WebSite","@id":"https:\/\/monatglobal.com\/ca\/#website","url":"https:\/\/monatglobal.com\/ca\/","name":"Monat Canada English","description":"We Are Modern Nature","inLanguage":"en-US","publisher":{"@id":"https:\/\/monatglobal.com\/ca\/#organization"}}]},"og:locale":"en_US","og:site_name":"Monat Canada English - We Are Modern Nature","og:type":"article","og:title":"Gommage pour cuir chevelu | Soins capillaires MONAT pour cuir chevelu et cheveux gras - Monat Canada English","og:description":"Gommage pour cuir chevelu Nettoie en profondeur, purifie et apaise tout en laissant les cheveux propres et rafra\u00eechis. 134 ml \u212e 4,5 oz liq. Prix de client VIP 65,00 $ CA Prix de d\u00e9tail 76,00 $ CA Prix de client VIP 68,00 $ CA Prix de d\u00e9tail 80,00 $ CA Prix de client VIP 59,00","og:url":"https:\/\/monatglobal.com\/ca\/vinegar-scrub-shampoo\/?lang=fr","article:published_time":"2021-01-04T22:03:55+00:00","article:modified_time":"2026-01-08T14:57:50+00:00","twitter:card":"summary_large_image","twitter:title":"Gommage pour cuir chevelu | Soins capillaires MONAT pour cuir chevelu et cheveux gras - Monat Canada English","twitter:description":"Gommage pour cuir chevelu Nettoie en profondeur, purifie et apaise tout en laissant les cheveux propres et rafra\u00eechis. 134 ml \u212e 4,5 oz liq. Prix de client VIP 65,00 $ CA Prix de d\u00e9tail 76,00 $ CA Prix de client VIP 68,00 $ CA Prix de d\u00e9tail 80,00 $ CA Prix de client VIP 59,00"},"aioseo_meta_data":{"post_id":"58347","title":null,"description":null,"keywords":null,"keyphrases":{"focus":{"keyphrase":"","score":0,"analysis":{"keyphraseInTitle":{"score":0,"maxScore":9,"error":1}}},"additional":[]},"primary_term":null,"canonical_url":null,"og_title":null,"og_description":null,"og_object_type":"default","og_image_type":"default","og_image_url":null,"og_image_width":null,"og_image_height":null,"og_image_custom_url":null,"og_image_custom_fields":null,"og_video":"","og_custom_url":null,"og_article_section":null,"og_article_tags":null,"twitter_use_og":false,"twitter_card":"default","twitter_image_type":"default","twitter_image_url":null,"twitter_image_custom_url":null,"twitter_image_custom_fields":null,"twitter_title":null,"twitter_description":null,"schema":{"blockGraphs":[],"customGraphs":[],"default":{"data":{"Article":[],"Course":[],"Dataset":[],"FAQPage":[],"Movie":[],"Person":[],"Product":[],"ProductReview":[],"Car":[],"Recipe":[],"Service":[],"SoftwareApplication":[],"WebPage":[]},"graphName":"WebPage","isEnabled":true},"graphs":[]},"schema_type":"default","schema_type_options":null,"pillar_content":false,"robots_default":true,"robots_noindex":false,"robots_noarchive":false,"robots_nosnippet":false,"robots_nofollow":false,"robots_noimageindex":false,"robots_noodp":false,"robots_notranslate":false,"robots_max_snippet":"-1","robots_max_videopreview":"-1","robots_max_imagepreview":"large","priority":null,"frequency":"default","local_seo":null,"seo_analyzer_scan_date":"2026-02-10 19:22:29","limit_modified_date":false,"reviewed_by":null,"open_ai":"{\"title\":{\"suggestions\":[],\"usage\":0},\"description\":{\"suggestions\":[],\"usage\":0}}","ai":null,"created":"2023-07-26 12:53:14","updated":"2026-02-10 19:22:29"},"aioseo_breadcrumb":"<div class=\"aioseo-breadcrumbs\"><span class=\"aioseo-breadcrumb\">\n\t<a href=\"https:\/\/monatglobal.com\/ca\" title=\"Home\">Home<\/a>\n<\/span><span class=\"aioseo-breadcrumb-separator\">&raquo;<\/span><span class=\"aioseo-breadcrumb\">\n\tGommage pour cuir chevelu | Soins capillaires MONAT pour cuir chevelu et cheveux gras\n<\/span><\/div>","aioseo_breadcrumb_json":[{"label":"Home","link":"https:\/\/monatglobal.com\/ca"},{"label":"Gommage pour cuir chevelu | Soins capillaires MONAT pour cuir chevelu et cheveux gras","link":"https:\/\/monatglobal.com\/ca\/vinegar-scrub-shampoo\/?lang=fr"}],"_links":{"self":[{"href":"https:\/\/monatglobal.com\/ca\/wp-json\/wp\/v2\/pages\/58347","targetHints":{"allow":["GET"]}}],"collection":[{"href":"https:\/\/monatglobal.com\/ca\/wp-json\/wp\/v2\/pages"}],"about":[{"href":"https:\/\/monatglobal.com\/ca\/wp-json\/wp\/v2\/types\/page"}],"author":[{"embeddable":true,"href":"https:\/\/monatglobal.com\/ca\/wp-json\/wp\/v2\/users\/31"}],"replies":[{"embeddable":true,"href":"https:\/\/monatglobal.com\/ca\/wp-json\/wp\/v2\/comments?post=58347"}],"version-history":[{"count":41,"href":"https:\/\/monatglobal.com\/ca\/wp-json\/wp\/v2\/pages\/58347\/revisions"}],"predecessor-version":[{"id":109699,"href":"https:\/\/monatglobal.com\/ca\/wp-json\/wp\/v2\/pages\/58347\/revisions\/109699"}],"wp:featuredmedia":[{"embeddable":true,"href":"https:\/\/monatglobal.com\/ca\/wp-json\/wp\/v2\/media\/58354"}],"wp:attachment":[{"href":"https:\/\/monatglobal.com\/ca\/wp-json\/wp\/v2\/media?parent=58347"}],"wp:term":[{"taxonomy":"category","embeddable":true,"href":"https:\/\/monatglobal.com\/ca\/wp-json\/wp\/v2\/categories?post=58347"},{"taxonomy":"post_tag","embeddable":true,"href":"https:\/\/monatglobal.com\/ca\/wp-json\/wp\/v2\/tags?post=58347"}],"curies":[{"name":"wp","href":"https:\/\/api.w.org\/{rel}","templated":true}]}}