{"id":57656,"date":"2020-11-24T03:51:41","date_gmt":"2020-11-24T03:51:41","guid":{"rendered":"https:\/\/monatglobal.com\/ca\/?page_id=57656"},"modified":"2025-12-19T10:58:15","modified_gmt":"2025-12-19T15:58:15","slug":"hair-thermal-protectant","status":"publish","type":"page","link":"https:\/\/monatglobal.com\/ca\/hair-thermal-protectant\/?lang=fr","title":{"rendered":"SPRAY THERMOPROTECTEUR MONAT STUDIO ONE\u2122"},"content":{"rendered":"\n\n\t<img decoding=\"async\" src=\"https:\/\/monatglobal.com\/wp-content\/uploads\/2018\/11\/studio-one-bar-1.png\" alt=\"MONAT-COLOR-ENHANCER\" width=\"135\" height=\"\" \/>\n\t<img loading=\"lazy\" decoding=\"async\" src=\"https:\/\/monatglobal.com\/wp-content\/uploads\/2020\/11\/Heat-Protectant-500x438.png\" alt=\"MONAT Studio One\" width=\"350\" height=\"400\" \/>\n<h1>SPRAY THERMOPROTECTEUR <strong>\nMONAT STUDIO ONE\u2122<\/strong>\n<\/h1>\n<hr \/>\n\t<p><em>Un vaporisateur de protection thermique qui renforce et prot\u00e8ge les cheveux fins et fragiles.<\/em><\/p>\n  134 ml e 4,5 oz liq.\n   <strong>Prix de client VIP<\/strong><br \/>\n    51,00 $ CA<br \/>\n     <strong>Prix de d\u00e9tail<\/strong><br \/>\n     60,00 $ CA<br \/>\n   <strong>Prix de client VIP<\/strong><br \/>\n    54,00 $ CA<br \/>\n     <strong>Prix de d\u00e9tail<\/strong><br \/>\n     63,00 $ CA<br \/>\n   <strong>Prix de client VIP<\/strong><br \/>\n    47,00 $ CA<br \/>\n     <strong>Prix de d\u00e9tail<\/strong><br \/>\n     55,00 $ CA<br \/>\n\t<p>Pour en savoir plus sur le Spray thermoprotecteur MONAT STUDIO ONE\u2122, veuillez contacter votre partenaire de march\u00e9 MONAT.<\/p>\n\t<a href=\"https:\/\/corp.mymonat.com\/shop\/products\/monat-studio-one-heat-protectant-spray\/?globallanguage=fr&#038;globalmarket=ca\" target=\"_blank\" role=\"button\" aria-label=\"Go to SPRAY THERMOPROTECTEUR MONAT STUDIO ONE\u2122 shop\" rel=\"noopener\">MAGASINEZ<\/a>\n<h2>\n\t\tCARACT\u00c9RISTIQUES\n\t<\/h2>\n\t<ul>\n<li>Prot\u00e8ge contre les temp\u00e9ratures \u00e9lev\u00e9es (450 \u00b0F\/ 232 \u00b0C) et les rayons UV pour pr\u00e9venir les dommages et la cassure<\/li>\n<li>Alternative naturelle aux silicones pour am\u00e9liorer la maniabilit\u00e9 et r\u00e9duire la friction pendant le coiffage<\/li>\n<li>S&#8217;applique sur cheveux mouill\u00e9s ou secs<\/li>\n<\/ul>\n<h2>\n\t\tPOURQUOI \u00c7A MARCHE\n\t<\/h2>\n\t<p>Ce l\u00e9ger produit coiffant protecteur renforce les cheveux, am\u00e9liore l&#8217;\u00e9lasticit\u00e9, aide \u00e0 r\u00e9parer la fibre capillaire et offre une protection in\u00e9gal\u00e9e contre la chaleur \u00e9lev\u00e9e g\u00e9n\u00e9r\u00e9e par les outils chauffants, tout en offrant une tenue impressionnante.  <\/p>\n<h2>\n\t\tCONSEILS D&#8217;UTILISATION\n\t<\/h2>\n\t<ol>\n<li>Appliquer sur cheveux propres et essor\u00e9s.<\/li>\n<li>S\u00e9cher au s\u00e8che-cheveux et coiffer comme d&#8217;habitude.<\/li>\n<\/ol>\n<p><small>*Peut aussi s&#8217;appliquer sur cheveux secs avant l&#8217;utilisation d&#8217;outils chauffants.<\/small><\/p>\n<h2>\n\t\tINGR\u00c9DIENTS CL\u00c9S\n\t<\/h2>\n\t<p><img loading=\"lazy\" decoding=\"async\" src=\"https:\/\/monatglobal.com\/wp-content\/uploads\/2018\/07\/REJUVENIQE-S.png\" alt=\"ingredient_rejuveniqe_s\" width=\"183\" height=\"174\" \/><\/p>\n\t<p><strong>PROT\u00c9INES V\u00c9G\u00c9TALES HYDROLYS\u00c9ES<\/strong><\/p>\n<p><strong>PROCATALINE\u2122<\/strong><\/p>\n\t<p><strong>CRODASORB\u2122<\/strong><\/p>\n<p><strong>D\u00c9RIV\u00c9 DES ALGUES<\/strong><\/p>\n<h2>\n\t\tLISTE D&#8217;INGR\u00c9DIENTS\n\t<\/h2>\n\t<p>Aqua\/Water\/Eau, Alcohol Denat., Fragrance\/Parfum, Laurdimonium Hydroxypropyl Hydrolyzed Barley Protein, Salvia Hispanica Seed Extract, Linum Usitatissimum (Linseed) Seed Extract, Pisum Sativum (Pea) Extract, Cystoseira Compressa Extract, Camellia Sinensis Leaf Extract, Panthenol, Cinnamidopropyltrimonium Chloride, Polyquartenium-39, Glycerin, Galactoarabinan, Trehalose, Xylitol, Sclerotium Gum, Zea Mays Starch, Polyacrylate-1 Crosspolymer, Sodium Phosphate, Citric Acid, Limonene, Linalool.<\/p>\n<h2>\n\t\tVOUS POURRIEZ AUSSI AIMER\n\t<\/h2>\n<h3>\n\t\t<a href=\"https:\/\/monatglobal.com\/ca\/products\/?lang=fr&#038;line=soins-capillaires\" title=\"TOUS LES SOINS CAPILLAIRES\" target=\"_self\" rel=\"noopener\">\n\t\tTOUS LES SOINS CAPILLAIRES\n\t\t<\/a>\n\t<\/h3>\n\n","protected":false},"excerpt":{"rendered":"<p>SPRAY THERMOPROTECTEUR MONAT STUDIO ONE\u2122 Un vaporisateur de protection thermique qui renforce et prot\u00e8ge les cheveux fins et fragiles. 134 ml e 4,5 oz liq. Prix de client VIP 51,00 $ CA Prix de d\u00e9tail 60,00 $ CA Prix de client VIP 54,00 $ CA Prix de d\u00e9tail 63,00 $ CA Prix de client VIP&hellip;<\/p>\n","protected":false},"author":33,"featured_media":57452,"parent":0,"menu_order":0,"comment_status":"closed","ping_status":"closed","template":"","meta":{"inline_featured_image":false,"om_disable_all_campaigns":false,"_monsterinsights_skip_tracking":false,"_monsterinsights_sitenote_active":false,"_monsterinsights_sitenote_note":"","_monsterinsights_sitenote_category":0,"footnotes":""},"categories":[],"tags":[],"class_list":["post-57656","page","type-page","status-publish","has-post-thumbnail","hentry"],"aioseo_notices":[],"aioseo_head":"\n\t\t<!-- All in One SEO Pro 4.9.6 - aioseo.com -->\n\t<meta name=\"description\" content=\"SPRAY THERMOPROTECTEUR MONAT STUDIO ONE\u2122 Un vaporisateur de protection thermique qui renforce et prot\u00e8ge les cheveux fins et fragiles. 134 ml e 4,5 oz liq. Prix de client VIP 51,00 $ CA Prix de d\u00e9tail 60,00 $ CA Prix de client VIP 54,00 $ CA Prix de d\u00e9tail 63,00 $ CA Prix de client VIP\" \/>\n\t<meta name=\"robots\" content=\"max-image-preview:large\" \/>\n\t<link rel=\"canonical\" href=\"https:\/\/monatglobal.com\/ca\/hair-thermal-protectant\/?lang=fr\" \/>\n\t<meta name=\"generator\" content=\"All in One SEO Pro (AIOSEO) 4.9.6\" \/>\n\t\t<meta property=\"og:locale\" content=\"en_US\" \/>\n\t\t<meta property=\"og:site_name\" content=\"Monat Canada English - We Are Modern Nature\" \/>\n\t\t<meta property=\"og:type\" content=\"article\" \/>\n\t\t<meta property=\"og:title\" content=\"SPRAY THERMOPROTECTEUR MONAT STUDIO ONE\u2122 - Monat Canada English\" \/>\n\t\t<meta property=\"og:description\" content=\"SPRAY THERMOPROTECTEUR MONAT STUDIO ONE\u2122 Un vaporisateur de protection thermique qui renforce et prot\u00e8ge les cheveux fins et fragiles. 134 ml e 4,5 oz liq. Prix de client VIP 51,00 $ CA Prix de d\u00e9tail 60,00 $ CA Prix de client VIP 54,00 $ CA Prix de d\u00e9tail 63,00 $ CA Prix de client VIP\" \/>\n\t\t<meta property=\"og:url\" content=\"https:\/\/monatglobal.com\/ca\/hair-thermal-protectant\/?lang=fr\" \/>\n\t\t<meta property=\"article:published_time\" content=\"2020-11-24T03:51:41+00:00\" \/>\n\t\t<meta property=\"article:modified_time\" content=\"2025-12-19T15:58:15+00:00\" \/>\n\t\t<meta name=\"twitter:card\" content=\"summary_large_image\" \/>\n\t\t<meta name=\"twitter:title\" content=\"SPRAY THERMOPROTECTEUR MONAT STUDIO ONE\u2122 - Monat Canada English\" \/>\n\t\t<meta name=\"twitter:description\" content=\"SPRAY THERMOPROTECTEUR MONAT STUDIO ONE\u2122 Un vaporisateur de protection thermique qui renforce et prot\u00e8ge les cheveux fins et fragiles. 134 ml e 4,5 oz liq. Prix de client VIP 51,00 $ CA Prix de d\u00e9tail 60,00 $ CA Prix de client VIP 54,00 $ CA Prix de d\u00e9tail 63,00 $ CA Prix de client VIP\" \/>\n\t\t<script type=\"application\/ld+json\" class=\"aioseo-schema\">\n\t\t\t{\"@context\":\"https:\\\/\\\/schema.org\",\"@graph\":[{\"@type\":\"BreadcrumbList\",\"@id\":\"https:\\\/\\\/monatglobal.com\\\/ca\\\/hair-thermal-protectant\\\/?lang=fr#breadcrumblist\",\"itemListElement\":[{\"@type\":\"ListItem\",\"@id\":\"https:\\\/\\\/monatglobal.com\\\/ca#listItem\",\"position\":1,\"name\":\"Home\",\"item\":\"https:\\\/\\\/monatglobal.com\\\/ca\",\"nextItem\":{\"@type\":\"ListItem\",\"@id\":\"https:\\\/\\\/monatglobal.com\\\/ca\\\/hair-thermal-protectant\\\/?lang=fr#listItem\",\"name\":\"SPRAY THERMOPROTECTEUR MONAT STUDIO ONE\\u2122\"}},{\"@type\":\"ListItem\",\"@id\":\"https:\\\/\\\/monatglobal.com\\\/ca\\\/hair-thermal-protectant\\\/?lang=fr#listItem\",\"position\":2,\"name\":\"SPRAY THERMOPROTECTEUR MONAT STUDIO ONE\\u2122\",\"previousItem\":{\"@type\":\"ListItem\",\"@id\":\"https:\\\/\\\/monatglobal.com\\\/ca#listItem\",\"name\":\"Home\"}}]},{\"@type\":\"Organization\",\"@id\":\"https:\\\/\\\/monatglobal.com\\\/ca\\\/#organization\",\"name\":\"Monat Canada English\",\"description\":\"We Are Modern Nature\",\"url\":\"https:\\\/\\\/monatglobal.com\\\/ca\\\/\"},{\"@type\":\"WebPage\",\"@id\":\"https:\\\/\\\/monatglobal.com\\\/ca\\\/hair-thermal-protectant\\\/?lang=fr#webpage\",\"url\":\"https:\\\/\\\/monatglobal.com\\\/ca\\\/hair-thermal-protectant\\\/?lang=fr\",\"name\":\"SPRAY THERMOPROTECTEUR MONAT STUDIO ONE\\u2122 - Monat Canada English\",\"description\":\"SPRAY THERMOPROTECTEUR MONAT STUDIO ONE\\u2122 Un vaporisateur de protection thermique qui renforce et prot\\u00e8ge les cheveux fins et fragiles. 134 ml e 4,5 oz liq. Prix de client VIP 51,00 $ CA Prix de d\\u00e9tail 60,00 $ CA Prix de client VIP 54,00 $ CA Prix de d\\u00e9tail 63,00 $ CA Prix de client VIP\",\"inLanguage\":\"en-US\",\"isPartOf\":{\"@id\":\"https:\\\/\\\/monatglobal.com\\\/ca\\\/#website\"},\"breadcrumb\":{\"@id\":\"https:\\\/\\\/monatglobal.com\\\/ca\\\/hair-thermal-protectant\\\/?lang=fr#breadcrumblist\"},\"image\":{\"@type\":\"ImageObject\",\"url\":\"https:\\\/\\\/monatglobal.com\\\/ca\\\/wp-content\\\/uploads\\\/sites\\\/5\\\/2020\\\/11\\\/heat-protectant-spray.png\",\"@id\":\"https:\\\/\\\/monatglobal.com\\\/ca\\\/hair-thermal-protectant\\\/?lang=fr\\\/#mainImage\",\"width\":438,\"height\":500},\"primaryImageOfPage\":{\"@id\":\"https:\\\/\\\/monatglobal.com\\\/ca\\\/hair-thermal-protectant\\\/?lang=fr#mainImage\"},\"datePublished\":\"2020-11-24T03:51:41-05:00\",\"dateModified\":\"2025-12-19T10:58:15-05:00\"},{\"@type\":\"WebSite\",\"@id\":\"https:\\\/\\\/monatglobal.com\\\/ca\\\/#website\",\"url\":\"https:\\\/\\\/monatglobal.com\\\/ca\\\/\",\"name\":\"Monat Canada English\",\"description\":\"We Are Modern Nature\",\"inLanguage\":\"en-US\",\"publisher\":{\"@id\":\"https:\\\/\\\/monatglobal.com\\\/ca\\\/#organization\"}}]}\n\t\t<\/script>\n\t\t<!-- All in One SEO Pro -->\r\n\t\t<title>SPRAY THERMOPROTECTEUR MONAT STUDIO ONE\u2122 - Monat Canada English<\/title>\n\n","aioseo_head_json":{"title":"SPRAY THERMOPROTECTEUR MONAT STUDIO ONE\u2122 - Monat Canada English","description":"SPRAY THERMOPROTECTEUR MONAT STUDIO ONE\u2122 Un vaporisateur de protection thermique qui renforce et prot\u00e8ge les cheveux fins et fragiles. 134 ml e 4,5 oz liq. Prix de client VIP 51,00 $ CA Prix de d\u00e9tail 60,00 $ CA Prix de client VIP 54,00 $ CA Prix de d\u00e9tail 63,00 $ CA Prix de client VIP","canonical_url":"https:\/\/monatglobal.com\/ca\/hair-thermal-protectant\/?lang=fr","robots":"max-image-preview:large","keywords":"","webmasterTools":{"miscellaneous":""},"schema":{"@context":"https:\/\/schema.org","@graph":[{"@type":"BreadcrumbList","@id":"https:\/\/monatglobal.com\/ca\/hair-thermal-protectant\/?lang=fr#breadcrumblist","itemListElement":[{"@type":"ListItem","@id":"https:\/\/monatglobal.com\/ca#listItem","position":1,"name":"Home","item":"https:\/\/monatglobal.com\/ca","nextItem":{"@type":"ListItem","@id":"https:\/\/monatglobal.com\/ca\/hair-thermal-protectant\/?lang=fr#listItem","name":"SPRAY THERMOPROTECTEUR MONAT STUDIO ONE\u2122"}},{"@type":"ListItem","@id":"https:\/\/monatglobal.com\/ca\/hair-thermal-protectant\/?lang=fr#listItem","position":2,"name":"SPRAY THERMOPROTECTEUR MONAT STUDIO ONE\u2122","previousItem":{"@type":"ListItem","@id":"https:\/\/monatglobal.com\/ca#listItem","name":"Home"}}]},{"@type":"Organization","@id":"https:\/\/monatglobal.com\/ca\/#organization","name":"Monat Canada English","description":"We Are Modern Nature","url":"https:\/\/monatglobal.com\/ca\/"},{"@type":"WebPage","@id":"https:\/\/monatglobal.com\/ca\/hair-thermal-protectant\/?lang=fr#webpage","url":"https:\/\/monatglobal.com\/ca\/hair-thermal-protectant\/?lang=fr","name":"SPRAY THERMOPROTECTEUR MONAT STUDIO ONE\u2122 - Monat Canada English","description":"SPRAY THERMOPROTECTEUR MONAT STUDIO ONE\u2122 Un vaporisateur de protection thermique qui renforce et prot\u00e8ge les cheveux fins et fragiles. 134 ml e 4,5 oz liq. Prix de client VIP 51,00 $ CA Prix de d\u00e9tail 60,00 $ CA Prix de client VIP 54,00 $ CA Prix de d\u00e9tail 63,00 $ CA Prix de client VIP","inLanguage":"en-US","isPartOf":{"@id":"https:\/\/monatglobal.com\/ca\/#website"},"breadcrumb":{"@id":"https:\/\/monatglobal.com\/ca\/hair-thermal-protectant\/?lang=fr#breadcrumblist"},"image":{"@type":"ImageObject","url":"https:\/\/monatglobal.com\/ca\/wp-content\/uploads\/sites\/5\/2020\/11\/heat-protectant-spray.png","@id":"https:\/\/monatglobal.com\/ca\/hair-thermal-protectant\/?lang=fr\/#mainImage","width":438,"height":500},"primaryImageOfPage":{"@id":"https:\/\/monatglobal.com\/ca\/hair-thermal-protectant\/?lang=fr#mainImage"},"datePublished":"2020-11-24T03:51:41-05:00","dateModified":"2025-12-19T10:58:15-05:00"},{"@type":"WebSite","@id":"https:\/\/monatglobal.com\/ca\/#website","url":"https:\/\/monatglobal.com\/ca\/","name":"Monat Canada English","description":"We Are Modern Nature","inLanguage":"en-US","publisher":{"@id":"https:\/\/monatglobal.com\/ca\/#organization"}}]},"og:locale":"en_US","og:site_name":"Monat Canada English - We Are Modern Nature","og:type":"article","og:title":"SPRAY THERMOPROTECTEUR MONAT STUDIO ONE\u2122 - Monat Canada English","og:description":"SPRAY THERMOPROTECTEUR MONAT STUDIO ONE\u2122 Un vaporisateur de protection thermique qui renforce et prot\u00e8ge les cheveux fins et fragiles. 134 ml e 4,5 oz liq. Prix de client VIP 51,00 $ CA Prix de d\u00e9tail 60,00 $ CA Prix de client VIP 54,00 $ CA Prix de d\u00e9tail 63,00 $ CA Prix de client VIP","og:url":"https:\/\/monatglobal.com\/ca\/hair-thermal-protectant\/?lang=fr","article:published_time":"2020-11-24T03:51:41+00:00","article:modified_time":"2025-12-19T15:58:15+00:00","twitter:card":"summary_large_image","twitter:title":"SPRAY THERMOPROTECTEUR MONAT STUDIO ONE\u2122 - Monat Canada English","twitter:description":"SPRAY THERMOPROTECTEUR MONAT STUDIO ONE\u2122 Un vaporisateur de protection thermique qui renforce et prot\u00e8ge les cheveux fins et fragiles. 134 ml e 4,5 oz liq. Prix de client VIP 51,00 $ CA Prix de d\u00e9tail 60,00 $ CA Prix de client VIP 54,00 $ CA Prix de d\u00e9tail 63,00 $ CA Prix de client VIP"},"aioseo_meta_data":{"post_id":"57656","title":null,"description":null,"keywords":null,"keyphrases":null,"primary_term":null,"canonical_url":null,"og_title":null,"og_description":null,"og_object_type":"default","og_image_type":"default","og_image_url":null,"og_image_width":null,"og_image_height":null,"og_image_custom_url":null,"og_image_custom_fields":null,"og_video":null,"og_custom_url":null,"og_article_section":null,"og_article_tags":null,"twitter_use_og":false,"twitter_card":"default","twitter_image_type":"default","twitter_image_url":null,"twitter_image_custom_url":null,"twitter_image_custom_fields":null,"twitter_title":null,"twitter_description":null,"schema":{"blockGraphs":[],"customGraphs":[],"default":{"data":{"Article":[],"Course":[],"Dataset":[],"FAQPage":[],"Movie":[],"Person":[],"Product":[],"ProductReview":[],"Car":[],"Recipe":[],"Service":[],"SoftwareApplication":[],"WebPage":[]},"graphName":"WebPage","isEnabled":true},"graphs":[]},"schema_type":"default","schema_type_options":null,"pillar_content":false,"robots_default":true,"robots_noindex":false,"robots_noarchive":false,"robots_nosnippet":false,"robots_nofollow":false,"robots_noimageindex":false,"robots_noodp":false,"robots_notranslate":false,"robots_max_snippet":null,"robots_max_videopreview":null,"robots_max_imagepreview":"large","priority":null,"frequency":null,"local_seo":null,"seo_analyzer_scan_date":"2026-02-10 19:15:55","limit_modified_date":false,"reviewed_by":null,"open_ai":null,"ai":null,"created":"2023-07-26 12:53:14","updated":"2026-02-10 19:15:55"},"aioseo_breadcrumb":"<div class=\"aioseo-breadcrumbs\"><span class=\"aioseo-breadcrumb\">\n\t<a href=\"https:\/\/monatglobal.com\/ca\" title=\"Home\">Home<\/a>\n<\/span><span class=\"aioseo-breadcrumb-separator\">&raquo;<\/span><span class=\"aioseo-breadcrumb\">\n\tSPRAY THERMOPROTECTEUR MONAT STUDIO ONE\u2122\n<\/span><\/div>","aioseo_breadcrumb_json":[{"label":"Home","link":"https:\/\/monatglobal.com\/ca"},{"label":"SPRAY THERMOPROTECTEUR MONAT STUDIO ONE\u2122","link":"https:\/\/monatglobal.com\/ca\/hair-thermal-protectant\/?lang=fr"}],"_links":{"self":[{"href":"https:\/\/monatglobal.com\/ca\/wp-json\/wp\/v2\/pages\/57656","targetHints":{"allow":["GET"]}}],"collection":[{"href":"https:\/\/monatglobal.com\/ca\/wp-json\/wp\/v2\/pages"}],"about":[{"href":"https:\/\/monatglobal.com\/ca\/wp-json\/wp\/v2\/types\/page"}],"author":[{"embeddable":true,"href":"https:\/\/monatglobal.com\/ca\/wp-json\/wp\/v2\/users\/33"}],"replies":[{"embeddable":true,"href":"https:\/\/monatglobal.com\/ca\/wp-json\/wp\/v2\/comments?post=57656"}],"version-history":[{"count":21,"href":"https:\/\/monatglobal.com\/ca\/wp-json\/wp\/v2\/pages\/57656\/revisions"}],"predecessor-version":[{"id":109088,"href":"https:\/\/monatglobal.com\/ca\/wp-json\/wp\/v2\/pages\/57656\/revisions\/109088"}],"wp:featuredmedia":[{"embeddable":true,"href":"https:\/\/monatglobal.com\/ca\/wp-json\/wp\/v2\/media\/57452"}],"wp:attachment":[{"href":"https:\/\/monatglobal.com\/ca\/wp-json\/wp\/v2\/media?parent=57656"}],"wp:term":[{"taxonomy":"category","embeddable":true,"href":"https:\/\/monatglobal.com\/ca\/wp-json\/wp\/v2\/categories?post=57656"},{"taxonomy":"post_tag","embeddable":true,"href":"https:\/\/monatglobal.com\/ca\/wp-json\/wp\/v2\/tags?post=57656"}],"curies":[{"name":"wp","href":"https:\/\/api.w.org\/{rel}","templated":true}]}}