{"id":55360,"date":"2020-10-06T21:31:14","date_gmt":"2020-10-06T21:31:14","guid":{"rendered":"https:\/\/monatglobal.com\/ca\/?page_id=55360"},"modified":"2026-04-21T11:17:50","modified_gmt":"2026-04-21T15:17:50","slug":"politique-de-remboursement-de-retour-et-dannulation-de-monat","status":"publish","type":"page","link":"https:\/\/monatglobal.com\/ca\/politique-de-remboursement-de-retour-et-dannulation-de-monat\/?lang=fr","title":{"rendered":"Politique de remboursement, de retour et d\u2019annulation de MONAT"},"content":{"rendered":"\n\n\t\t\t\t<img loading=\"lazy\" decoding=\"async\" src=\"https:\/\/monatglobal.com\/wp-content\/uploads\/2020\/08\/MONAT-Logos-grey-2_03.png\" alt=\"MONAT-Logos-grey-2_03\" itemprop=\"image\" height=\"231\" width=\"287\" title=\"MONAT-Logos-grey-2_03\" onerror=\"this.style.display='none'\"  \/>\n\t<h1>Politique de remboursement, de retour et d&#8217;annulation de MONAT<\/h1>\n<br \/>\n<p>Garantie de remboursement de 30 jours :<\/p><br \/> \nMONAT offre une garantie de de 30 jours (excluant les frais de livraison et de manutention).<br \/><br \/>\nSi, pour toute raison que ce soit, vous n&#8217;\u00eates pas satisfait de tout produit MONAT achet\u00e9, vous pouvez retourner la portion non utilis\u00e9e du produit \u00e0 MONAT dans les 30 jours afin de recevoir un remboursement complet du prix d&#8217;achat (moins les frais de livraison et de manutention). \n<br \/><br \/>\n<p>LIVRAISON, RETOURS ET REMBOURSEMENTS <\/p>\n<br \/>\n<p>Confirmation de la commande et d&#8217;exp\u00e9dition<\/p>\n<br \/>\n Vous recevrez un courriel de confirmation, avec votre num\u00e9ro de commande et la m\u00e9thode de livraison, quand votre commande a \u00e9t\u00e9 pass\u00e9e avec succ\u00e8s. Veuillez vous assurer que l&#8217;adresse d&#8217;exp\u00e9dition est exacte, car il nous sera impossible de rediriger le colis une fois qu&#8217;il est en route vers vous.\n<br \/>\n<br \/>\nLe traitement et l&#8217;exp\u00e9dition des commandes peut prendre de 5 \u00e0 7 jours ouvrables. Une fois que votre commande est pr\u00eate \u00e0 \u00eatre exp\u00e9di\u00e9e, vous recevrez un courriel de confirmation d&#8217;exp\u00e9dition avec les renseignements de suivi. \n<br \/><br \/>\n<p>Politique de retour<\/p>\n<br \/>\nChez MONAT, nous sommes confiants que vous aimerez tous les produits que vous achetez chez nous. Nous offrons une garantie de remboursement de 30 jours (moins les frais de livraison et de manutention) aux clients et aux partenaires de march\u00e9. Apr\u00e8s 30 jours, MONAT offre un remboursement de 90 % du prix d&#8217;achat (moins les frais de livraison et de manutention) sur tout produit retourn\u00e9, scell\u00e9 et non utilis\u00e9. Nous nous ferons un plaisir de rembourser le prix d&#8217;achat (moins les frais de livraison et de manutention) des articles achet\u00e9s selon le mode de paiement initial. Les retours au-del\u00e0 de 90 jours apr\u00e8s que la commande est re\u00e7ue par le client ou le partenaire de march\u00e9 ne seront pas accept\u00e9s.    \n\n<br \/>\n<br \/>\n\t\t<p><strong>POLITIQUE DE RETOUR ET DE REMBOURSEMENT POUR PARTENAIRES DE MARCH\u00c9<\/strong><\/p>\n\t\t<p>D\u00e9lai de retour<\/p>\n\t\t<p>Prix d&#8217;achat rembours\u00e9 <\/p>\n\t\t<p>Remboursement des frais de livraison et de manutention<\/p>\n\t\tLe partenaire de march\u00e9 est responsable du tarif d&#8217;exp\u00e9dition pour le retour\n<!-- end category  -->\n<!-- first row  -->\n\t\t<p>Commande retourn\u00e9e dans les 30 jours suivant la livraison<\/p>\n\t\t<p>COMPLET  <\/p>\n\t\t<p>NON<\/p>\n\t\tOUI\n<!-- first row  -->\n\t<!-- second  row  -->\n\t\t<p>Commande retourn\u00e9e plus de 30 jours apr\u00e8s la livraison initiale<\/p>\n\t\t<p>90 %<\/p>\n\t\t\t<p>NON<\/p>\n\t\tOUI\n<!-- second row  -->\n\t<!-- third  row  -->\n\t\t<p>Commande retourn\u00e9e dans les 90 jours suivant la livraison initiale<\/p>\n\t\t<p>NON <\/p>\n\t\t<p>NON<\/p>\n\t\tS.O.\n<!-- third row  -->\n\t\t<!-- fourth  row  -->\n\t\t<p>La trousse de d\u00e9part et\/ou l&#8217;ensemble de produits est retourn\u00e9 au cours de l&#8217;ann\u00e9e suivant la date de livraison initiale<\/p>\n\t\t<p>90 %<\/p>\n\t\t<p>NON<\/p>\n\t\tOUI\n<!-- fourth row  -->\n<br \/>\n<p>Remarque : Un retour peut \u00eatre une commande partielle ou int\u00e9grale. S&#8217;il est clairement indiqu\u00e9 sur le mat\u00e9riel de marketing que le produit et\/ou la commande promotionnelle achet\u00e9 par le client ne peut pas \u00eatre \u00e9chang\u00e9 ou rembours\u00e9, aucun remboursement ne sera accord\u00e9. S&#8217;il est clairement indiqu\u00e9 sur une commande promotionnelle que la commande int\u00e9grale doit \u00eatre retourn\u00e9e pour avoir droit \u00e0 un remboursement complet, et qu&#8217;elle n&#8217;est pas, le client ne recevra pas de remboursement.<\/p>\n<br \/>\n<br \/>\n<!-- vip table  -->\n<br \/><br \/>\n\t\t<p><strong>Politique de retour de de remboursement pour clients de d\u00e9tail et clients VIP<\/strong><\/p>\n\t\t<p>D\u00e9lai de retour<\/p>\n\t\t<p>Prix d&#8217;achat rembours\u00e9<\/p>\n\t\t<p>Remboursement des frais de livraison et de manutention<\/p>\n\t\tLe client est responsable du tarif d&#8217;exp\u00e9dition du retour\n<!-- end category  -->\n<!-- first row  -->\n\t\t<p>Commande retourn\u00e9e dans les 30 jours suivant la livraison<\/p>\n\t\t<p>COMPLET <\/p>\n\t\t<p>NON<\/p>\n\t\tOUI\n<!-- first row  -->\n\t<!-- second  row  -->\n\t\t<p>Commande retourn\u00e9e plus de 30 jours apr\u00e8s la livraison initiale<\/p>\n\t\t<p>90 %<\/p>\n\t\t\t<p>NON<\/p>\n\t\tOUI\n<!-- second row  -->\n\t<!-- third  row  -->\n\t\t<p>Commande retourn\u00e9e dans les 90 jours suivant la livraison initiale<\/p>\n\t\t<p>NON <\/p>\n\t\t<p>NON<\/p>\n\t\tS.O.\n<!-- third row  -->\n<br \/>\n<p>Remarque : Un retour peut \u00eatre une commande partielle ou int\u00e9grale. S&#8217;il est clairement indiqu\u00e9 sur le mat\u00e9riel de marketing que le produit et\/ou la commande promotionnelle achet\u00e9 par le client ne peut pas \u00eatre \u00e9chang\u00e9 ou rembours\u00e9, aucun remboursement ne sera accord\u00e9. S&#8217;il est clairement indiqu\u00e9 sur une commande promotionnelle que la commande int\u00e9grale doit \u00eatre retourn\u00e9e pour avoir droit \u00e0 un remboursement complet, et qu&#8217;elle n&#8217;est pas, le client ne recevra pas de remboursement.<\/p>\n<br \/>\n<br \/>\n<p>Articles ne pouvant pas \u00eatre retourn\u00e9s<\/p>\n<br \/>\n<p>Veuillez noter que nous n&#8217;acceptons pas les retours de ventes finales ou de produits indiqu\u00e9s comme \u00e9tant non retournables dans leur description, \u00e0 moins qu&#8217;ils soient d\u00e9fectueux. Toute exception \u00e0 cette politique sera list\u00e9e dans les d\u00e9tails du produit sur la page du produit.<\/p> \n<br \/>\n<br \/>\nComment retourner votre commande\n<br \/>\n<p>Les retours d&#8217;articles pouvant \u00eatre retourn\u00e9s seront accept\u00e9s dans les 90 jours suivant leur r\u00e9ception. Les articles retourn\u00e9s doivent \u00eatre non ouverts\/non utilis\u00e9s et dans leur emballage initial. Pour retourner un produit et recevoir un remboursement, vous devez retourner le produit directement \u00e0 MONAT et suivre les directives suivantes :<\/p>  \n<ol>\n    <li>Vous devez d&#8217;abord obtenir un num\u00e9ro d&#8217;autorisation de retour (RMA) en appelant le Service de soutien aux clients de MONAT, au (833) 750-4880, ou par courriel, \u00e0 :\n        <ul>\n            <li>CA anglais &#8211; <a href=\"mailto:Canadamonatsupport@monatglobal.com\">Canadamonatsupport@monatglobal.com<\/a><\/li>\n            <li>CA fran\u00e7ais &#8211; <a href=\"mailto:monatsupportfr@monatglobal.com\">monatsupportfr@monatglobal.com<\/a><\/li>\n        <\/ul>\n    Vous devrez fournir le num\u00e9ro de la commande et pr\u00e9ciser s&#8217;il s&#8217;agit d&#8217;un remboursement complet ou partiel.<\/li>\n    <li>Les produits qui sont retourn\u00e9s afin d&#8217;\u00eatre \u00e9chang\u00e9s doivent \u00eatre plac\u00e9s dans une bo\u00eete d&#8217;exp\u00e9dition et emball\u00e9s dans du mat\u00e9riel d&#8217;emballage. Tous les retours doivent \u00eatre pr\u00e9pay\u00e9s par le partenaire de march\u00e9 ou le client. MONAT n&#8217;accepte pas les colis dont les frais de livraison sont dus. Le risque de perte des produits en cours de livraison sera assum\u00e9 par le partenaire de march\u00e9 ou le client retournant les produits. Si le produit retourn\u00e9 n&#8217;est pas re\u00e7u au Centre de distribution de MONAT, c&#8217;est la responsabilit\u00e9 du partenaire de march\u00e9 ou du client de faire le suivi du colis.<\/li>\n    <li>Les articles doivent \u00eatre retourn\u00e9s \u00e0 MONAT dans les 90 jours suivant la date d&#8217;achat. Veuillez exp\u00e9dier les articles \u00e0 l&#8217;adresse suivante :<br \/><br \/>\n    MONAT Returns<br \/>\n    135 Sparks Ave., Toronto, ON  M2H 2S5<\/li>\n    <li>Toute marchandise clairement identifi\u00e9e au moment de la vente comme \u00e9tant impossible \u00e0 retourner, en fin de s\u00e9rie ou un article saisonnier ne peut pas \u00eatre retourn\u00e9e pour un remboursement.<\/li>\n<br \/>\n<p>Recevoir un remboursement<\/p><br \/>\nUn remboursement sera \u00e9mis une fois que nous avons re\u00e7u les articles que vous avez retourn\u00e9s. Tout article endommag\u00e9 que nous recevons ne sera pas rembours\u00e9. Les remboursements ne comprennent pas les frais de livraison ou de manutention, \u00e0 moins que l&#8217;article soit d\u00e9fectueux ou endommag\u00e9. Votre remboursement sera \u00e9mis selon le mode de paiement utilis\u00e9 pour la transaction initiale et sera le prix d&#8217;achat des produits moins les frais d&#8217;exp\u00e9dition et de manutention. \n<br \/> \n<br \/>\nVeuillez noter que le traitement des remboursements \u00e9mis sur carte de cr\u00e9dit peut prendre jusqu&#8217;\u00e0 10 jours ouvrables, selon le d\u00e9lai de traitement de votre institution. Ce d\u00e9lai varie beaucoup d&#8217;une compagnie de carte de cr\u00e9dit \u00e0 l&#8217;autre.\n<br \/>\n<br \/>\n<p>Vers o\u00f9 nous exp\u00e9dions<\/p>\n<br \/>\nPr\u00e9sentement, nous exp\u00e9dions aux adresses des \u00c9.-U., y compris l&#8217;Alaska, Hawa\u00ef et les territoires des \u00c9.-U. Nous n&#8217;exp\u00e9dions pas vers <strong>les bo\u00eetes postales ou les adresses FP.<\/strong>\n<br \/>\n<br \/>\nNous exp\u00e9dions aussi vers le Canada, le Royaume-Uni, l&#8217;Irlande, la Pologne et Guam, et d&#8217;autres pays seront bient\u00f4t ajout\u00e9s \u00e0 la liste. Veuillez noter que tous les produits ne peuvent pas \u00eatre exp\u00e9di\u00e9s vers tous les pays. L&#8217;admissibilit\u00e9 \u00e0 l&#8217;exp\u00e9dition \u00e0 l&#8217;ext\u00e9rieur des \u00c9.-U. est pr\u00e9cis\u00e9e sur la page d\u00e9crivant l&#8217;article. \n<br \/>\n<br \/>\n<strong>Veuiullez noter que MONAT interdit strictement l&#8217;exp\u00e9dition vers les entreprises de transport de fret.<\/strong>\n<br \/>\n<br \/>\n<p>Frais de livraison<\/p>\n<br \/>\n<p>Les frais d&#8217;exp\u00e9dition suivants s&#8217;appliqueront aux commandes des clients et des partenaires de march\u00e9 selon la valeur de la commande.<\/p>\n<br \/>\n<br \/>\n               <p>Valeur de la commande<\/p>\n               <p>Livraison terrestre standard<\/p>\n               <p>Jusqu&#8217;\u00e0 130 $<\/p>\n               <p>5,99 $<\/p>\n               <p>130 $+<\/p>\n               <p>SANS FRAIS!<\/p>\n       La livraison des commandes de 130 $ CA et plus est gratuite, peu importe le type de commande. Veuillez noter que la livraison express est offerte selon l&#8217;emplacement du client ou du partenaire de march\u00e9 et selon le total de la commande. Si cette option est offerte, elle s&#8217;affichera au moment de passer \u00e0 la caisse.\n       <br \/><br \/>\n       Des frais de manutention fixes de 5 $ s&#8217;appliquent \u00e0 chaque commande.\n    <br \/>\n    <br \/>\n    <p>Taxes <\/p>\n    <br \/>\n    MONAT per\u00e7oit les taxes de vente applicables sur toutes les commandes. Les taxes sont calcul\u00e9es selon l&#8217;adresse d&#8217;exp\u00e9dition et list\u00e9es sur la page R\u00e9sum\u00e9 de la commande.\n    \n    <br \/>\n    <p>Heures d&#8217;ouverture du Service de soutien aux clients anglophones :<\/p>\n    <p>Du lundi au vendredi : 10 h \u00e0 19 h, ET<\/p>\n    <br \/>\n    <br \/>\n<\/ol>\n","protected":false},"excerpt":{"rendered":"<p>Politique de remboursement, de retour et d&#8217;annulation de MONAT Garantie de remboursement de 30 jours : MONAT offre une garantie de de 30 jours (excluant les frais de livraison et de manutention). Si, pour toute raison que ce soit, vous n&#8217;\u00eates pas satisfait de tout produit MONAT achet\u00e9, vous pouvez retourner la portion non utilis\u00e9e&hellip;<\/p>\n","protected":false},"author":31,"featured_media":0,"parent":0,"menu_order":0,"comment_status":"closed","ping_status":"closed","template":"","meta":{"inline_featured_image":false,"om_disable_all_campaigns":false,"_monsterinsights_skip_tracking":false,"_monsterinsights_sitenote_active":false,"_monsterinsights_sitenote_note":"","_monsterinsights_sitenote_category":0,"footnotes":""},"categories":[],"tags":[],"class_list":["post-55360","page","type-page","status-publish","hentry"],"aioseo_notices":[],"aioseo_head":"\n\t\t<!-- All in One SEO Pro 4.9.6 - aioseo.com -->\n\t<meta name=\"description\" content=\"Politique de remboursement, de retour et d&#039;annulation de MONAT Garantie de remboursement de 30 jours : MONAT offre une garantie de de 30 jours (excluant les frais de livraison et de manutention). Si, pour toute raison que ce soit, vous n&#039;\u00eates pas satisfait de tout produit MONAT achet\u00e9, vous pouvez retourner la portion non utilis\u00e9e\" \/>\n\t<meta name=\"robots\" content=\"max-image-preview:large\" \/>\n\t<link rel=\"canonical\" href=\"https:\/\/monatglobal.com\/ca\/politique-de-remboursement-de-retour-et-dannulation-de-monat\/?lang=fr\" \/>\n\t<meta name=\"generator\" content=\"All in One SEO Pro (AIOSEO) 4.9.6\" \/>\n\t\t<meta property=\"og:locale\" content=\"en_US\" \/>\n\t\t<meta property=\"og:site_name\" content=\"Monat Canada English - We Are Modern Nature\" \/>\n\t\t<meta property=\"og:type\" content=\"article\" \/>\n\t\t<meta property=\"og:title\" content=\"Politique de remboursement, de retour et d\u2019annulation de MONAT - Monat Canada English\" \/>\n\t\t<meta property=\"og:description\" content=\"Politique de remboursement, de retour et d&#039;annulation de MONAT Garantie de remboursement de 30 jours : MONAT offre une garantie de de 30 jours (excluant les frais de livraison et de manutention). Si, pour toute raison que ce soit, vous n&#039;\u00eates pas satisfait de tout produit MONAT achet\u00e9, vous pouvez retourner la portion non utilis\u00e9e\" \/>\n\t\t<meta property=\"og:url\" content=\"https:\/\/monatglobal.com\/ca\/politique-de-remboursement-de-retour-et-dannulation-de-monat\/?lang=fr\" \/>\n\t\t<meta property=\"article:published_time\" content=\"2020-10-06T21:31:14+00:00\" \/>\n\t\t<meta property=\"article:modified_time\" content=\"2026-04-21T15:17:50+00:00\" \/>\n\t\t<meta name=\"twitter:card\" content=\"summary_large_image\" \/>\n\t\t<meta name=\"twitter:title\" content=\"Politique de remboursement, de retour et d\u2019annulation de MONAT - Monat Canada English\" \/>\n\t\t<meta name=\"twitter:description\" content=\"Politique de remboursement, de retour et d&#039;annulation de MONAT Garantie de remboursement de 30 jours : MONAT offre une garantie de de 30 jours (excluant les frais de livraison et de manutention). Si, pour toute raison que ce soit, vous n&#039;\u00eates pas satisfait de tout produit MONAT achet\u00e9, vous pouvez retourner la portion non utilis\u00e9e\" \/>\n\t\t<script type=\"application\/ld+json\" class=\"aioseo-schema\">\n\t\t\t{\"@context\":\"https:\\\/\\\/schema.org\",\"@graph\":[{\"@type\":\"BreadcrumbList\",\"@id\":\"https:\\\/\\\/monatglobal.com\\\/ca\\\/politique-de-remboursement-de-retour-et-dannulation-de-monat\\\/?lang=fr#breadcrumblist\",\"itemListElement\":[{\"@type\":\"ListItem\",\"@id\":\"https:\\\/\\\/monatglobal.com\\\/ca#listItem\",\"position\":1,\"name\":\"Home\",\"item\":\"https:\\\/\\\/monatglobal.com\\\/ca\",\"nextItem\":{\"@type\":\"ListItem\",\"@id\":\"https:\\\/\\\/monatglobal.com\\\/ca\\\/politique-de-remboursement-de-retour-et-dannulation-de-monat\\\/?lang=fr#listItem\",\"name\":\"Politique de remboursement, de retour et d\\u2019annulation de MONAT\"}},{\"@type\":\"ListItem\",\"@id\":\"https:\\\/\\\/monatglobal.com\\\/ca\\\/politique-de-remboursement-de-retour-et-dannulation-de-monat\\\/?lang=fr#listItem\",\"position\":2,\"name\":\"Politique de remboursement, de retour et d\\u2019annulation de MONAT\",\"previousItem\":{\"@type\":\"ListItem\",\"@id\":\"https:\\\/\\\/monatglobal.com\\\/ca#listItem\",\"name\":\"Home\"}}]},{\"@type\":\"Organization\",\"@id\":\"https:\\\/\\\/monatglobal.com\\\/ca\\\/#organization\",\"name\":\"Monat Canada English\",\"description\":\"We Are Modern Nature\",\"url\":\"https:\\\/\\\/monatglobal.com\\\/ca\\\/\"},{\"@type\":\"WebPage\",\"@id\":\"https:\\\/\\\/monatglobal.com\\\/ca\\\/politique-de-remboursement-de-retour-et-dannulation-de-monat\\\/?lang=fr#webpage\",\"url\":\"https:\\\/\\\/monatglobal.com\\\/ca\\\/politique-de-remboursement-de-retour-et-dannulation-de-monat\\\/?lang=fr\",\"name\":\"Politique de remboursement, de retour et d\\u2019annulation de MONAT - Monat Canada English\",\"description\":\"Politique de remboursement, de retour et d'annulation de MONAT Garantie de remboursement de 30 jours : MONAT offre une garantie de de 30 jours (excluant les frais de livraison et de manutention). Si, pour toute raison que ce soit, vous n'\\u00eates pas satisfait de tout produit MONAT achet\\u00e9, vous pouvez retourner la portion non utilis\\u00e9e\",\"inLanguage\":\"en-US\",\"isPartOf\":{\"@id\":\"https:\\\/\\\/monatglobal.com\\\/ca\\\/#website\"},\"breadcrumb\":{\"@id\":\"https:\\\/\\\/monatglobal.com\\\/ca\\\/politique-de-remboursement-de-retour-et-dannulation-de-monat\\\/?lang=fr#breadcrumblist\"},\"datePublished\":\"2020-10-06T21:31:14-04:00\",\"dateModified\":\"2026-04-21T11:17:50-04:00\"},{\"@type\":\"WebSite\",\"@id\":\"https:\\\/\\\/monatglobal.com\\\/ca\\\/#website\",\"url\":\"https:\\\/\\\/monatglobal.com\\\/ca\\\/\",\"name\":\"Monat Canada English\",\"description\":\"We Are Modern Nature\",\"inLanguage\":\"en-US\",\"publisher\":{\"@id\":\"https:\\\/\\\/monatglobal.com\\\/ca\\\/#organization\"}}]}\n\t\t<\/script>\n\t\t<!-- All in One SEO Pro -->\r\n\t\t<title>Politique de remboursement, de retour et d\u2019annulation de MONAT - Monat Canada English<\/title>\n\n","aioseo_head_json":{"title":"Politique de remboursement, de retour et d\u2019annulation de MONAT - Monat Canada English","description":"Politique de remboursement, de retour et d'annulation de MONAT Garantie de remboursement de 30 jours : MONAT offre une garantie de de 30 jours (excluant les frais de livraison et de manutention). Si, pour toute raison que ce soit, vous n'\u00eates pas satisfait de tout produit MONAT achet\u00e9, vous pouvez retourner la portion non utilis\u00e9e","canonical_url":"https:\/\/monatglobal.com\/ca\/politique-de-remboursement-de-retour-et-dannulation-de-monat\/?lang=fr","robots":"max-image-preview:large","keywords":"","webmasterTools":{"miscellaneous":""},"schema":{"@context":"https:\/\/schema.org","@graph":[{"@type":"BreadcrumbList","@id":"https:\/\/monatglobal.com\/ca\/politique-de-remboursement-de-retour-et-dannulation-de-monat\/?lang=fr#breadcrumblist","itemListElement":[{"@type":"ListItem","@id":"https:\/\/monatglobal.com\/ca#listItem","position":1,"name":"Home","item":"https:\/\/monatglobal.com\/ca","nextItem":{"@type":"ListItem","@id":"https:\/\/monatglobal.com\/ca\/politique-de-remboursement-de-retour-et-dannulation-de-monat\/?lang=fr#listItem","name":"Politique de remboursement, de retour et d\u2019annulation de MONAT"}},{"@type":"ListItem","@id":"https:\/\/monatglobal.com\/ca\/politique-de-remboursement-de-retour-et-dannulation-de-monat\/?lang=fr#listItem","position":2,"name":"Politique de remboursement, de retour et d\u2019annulation de MONAT","previousItem":{"@type":"ListItem","@id":"https:\/\/monatglobal.com\/ca#listItem","name":"Home"}}]},{"@type":"Organization","@id":"https:\/\/monatglobal.com\/ca\/#organization","name":"Monat Canada English","description":"We Are Modern Nature","url":"https:\/\/monatglobal.com\/ca\/"},{"@type":"WebPage","@id":"https:\/\/monatglobal.com\/ca\/politique-de-remboursement-de-retour-et-dannulation-de-monat\/?lang=fr#webpage","url":"https:\/\/monatglobal.com\/ca\/politique-de-remboursement-de-retour-et-dannulation-de-monat\/?lang=fr","name":"Politique de remboursement, de retour et d\u2019annulation de MONAT - Monat Canada English","description":"Politique de remboursement, de retour et d'annulation de MONAT Garantie de remboursement de 30 jours : MONAT offre une garantie de de 30 jours (excluant les frais de livraison et de manutention). Si, pour toute raison que ce soit, vous n'\u00eates pas satisfait de tout produit MONAT achet\u00e9, vous pouvez retourner la portion non utilis\u00e9e","inLanguage":"en-US","isPartOf":{"@id":"https:\/\/monatglobal.com\/ca\/#website"},"breadcrumb":{"@id":"https:\/\/monatglobal.com\/ca\/politique-de-remboursement-de-retour-et-dannulation-de-monat\/?lang=fr#breadcrumblist"},"datePublished":"2020-10-06T21:31:14-04:00","dateModified":"2026-04-21T11:17:50-04:00"},{"@type":"WebSite","@id":"https:\/\/monatglobal.com\/ca\/#website","url":"https:\/\/monatglobal.com\/ca\/","name":"Monat Canada English","description":"We Are Modern Nature","inLanguage":"en-US","publisher":{"@id":"https:\/\/monatglobal.com\/ca\/#organization"}}]},"og:locale":"en_US","og:site_name":"Monat Canada English - We Are Modern Nature","og:type":"article","og:title":"Politique de remboursement, de retour et d\u2019annulation de MONAT - Monat Canada English","og:description":"Politique de remboursement, de retour et d'annulation de MONAT Garantie de remboursement de 30 jours : MONAT offre une garantie de de 30 jours (excluant les frais de livraison et de manutention). Si, pour toute raison que ce soit, vous n'\u00eates pas satisfait de tout produit MONAT achet\u00e9, vous pouvez retourner la portion non utilis\u00e9e","og:url":"https:\/\/monatglobal.com\/ca\/politique-de-remboursement-de-retour-et-dannulation-de-monat\/?lang=fr","article:published_time":"2020-10-06T21:31:14+00:00","article:modified_time":"2026-04-21T15:17:50+00:00","twitter:card":"summary_large_image","twitter:title":"Politique de remboursement, de retour et d\u2019annulation de MONAT - Monat Canada English","twitter:description":"Politique de remboursement, de retour et d'annulation de MONAT Garantie de remboursement de 30 jours : MONAT offre une garantie de de 30 jours (excluant les frais de livraison et de manutention). Si, pour toute raison que ce soit, vous n'\u00eates pas satisfait de tout produit MONAT achet\u00e9, vous pouvez retourner la portion non utilis\u00e9e"},"aioseo_meta_data":{"post_id":"55360","title":null,"description":null,"keywords":null,"keyphrases":null,"primary_term":null,"canonical_url":null,"og_title":null,"og_description":null,"og_object_type":"default","og_image_type":"default","og_image_url":null,"og_image_width":null,"og_image_height":null,"og_image_custom_url":null,"og_image_custom_fields":null,"og_video":null,"og_custom_url":null,"og_article_section":null,"og_article_tags":null,"twitter_use_og":false,"twitter_card":"default","twitter_image_type":"default","twitter_image_url":null,"twitter_image_custom_url":null,"twitter_image_custom_fields":null,"twitter_title":null,"twitter_description":null,"schema":{"blockGraphs":[],"customGraphs":[],"default":{"data":{"Article":[],"Course":[],"Dataset":[],"FAQPage":[],"Movie":[],"Person":[],"Product":[],"ProductReview":[],"Car":[],"Recipe":[],"Service":[],"SoftwareApplication":[],"WebPage":[]},"graphName":"WebPage","isEnabled":true},"graphs":[]},"schema_type":"default","schema_type_options":null,"pillar_content":false,"robots_default":true,"robots_noindex":false,"robots_noarchive":false,"robots_nosnippet":false,"robots_nofollow":false,"robots_noimageindex":false,"robots_noodp":false,"robots_notranslate":false,"robots_max_snippet":null,"robots_max_videopreview":null,"robots_max_imagepreview":"large","priority":null,"frequency":null,"local_seo":null,"seo_analyzer_scan_date":null,"limit_modified_date":false,"reviewed_by":null,"open_ai":null,"ai":null,"created":"2023-07-26 12:51:33","updated":"2026-04-21 17:03:51"},"aioseo_breadcrumb":"<div class=\"aioseo-breadcrumbs\"><span class=\"aioseo-breadcrumb\">\n\t<a href=\"https:\/\/monatglobal.com\/ca\" title=\"Home\">Home<\/a>\n<\/span><span class=\"aioseo-breadcrumb-separator\">&raquo;<\/span><span class=\"aioseo-breadcrumb\">\n\tPolitique de remboursement, de retour et d\u2019annulation de MONAT\n<\/span><\/div>","aioseo_breadcrumb_json":[{"label":"Home","link":"https:\/\/monatglobal.com\/ca"},{"label":"Politique de remboursement, de retour et d\u2019annulation de MONAT","link":"https:\/\/monatglobal.com\/ca\/politique-de-remboursement-de-retour-et-dannulation-de-monat\/?lang=fr"}],"_links":{"self":[{"href":"https:\/\/monatglobal.com\/ca\/wp-json\/wp\/v2\/pages\/55360","targetHints":{"allow":["GET"]}}],"collection":[{"href":"https:\/\/monatglobal.com\/ca\/wp-json\/wp\/v2\/pages"}],"about":[{"href":"https:\/\/monatglobal.com\/ca\/wp-json\/wp\/v2\/types\/page"}],"author":[{"embeddable":true,"href":"https:\/\/monatglobal.com\/ca\/wp-json\/wp\/v2\/users\/31"}],"replies":[{"embeddable":true,"href":"https:\/\/monatglobal.com\/ca\/wp-json\/wp\/v2\/comments?post=55360"}],"version-history":[{"count":14,"href":"https:\/\/monatglobal.com\/ca\/wp-json\/wp\/v2\/pages\/55360\/revisions"}],"predecessor-version":[{"id":110480,"href":"https:\/\/monatglobal.com\/ca\/wp-json\/wp\/v2\/pages\/55360\/revisions\/110480"}],"wp:attachment":[{"href":"https:\/\/monatglobal.com\/ca\/wp-json\/wp\/v2\/media?parent=55360"}],"wp:term":[{"taxonomy":"category","embeddable":true,"href":"https:\/\/monatglobal.com\/ca\/wp-json\/wp\/v2\/categories?post=55360"},{"taxonomy":"post_tag","embeddable":true,"href":"https:\/\/monatglobal.com\/ca\/wp-json\/wp\/v2\/tags?post=55360"}],"curies":[{"name":"wp","href":"https:\/\/api.w.org\/{rel}","templated":true}]}}