{"id":54466,"date":"2020-09-09T19:16:43","date_gmt":"2020-09-09T19:16:43","guid":{"rendered":"https:\/\/monatglobal.com\/ca\/?page_id=54466"},"modified":"2021-02-09T22:18:29","modified_gmt":"2021-02-09T22:18:29","slug":"sommet-des-directeurs-2021","status":"publish","type":"page","link":"https:\/\/monatglobal.com\/ca\/sommet-des-directeurs-2021\/?lang=fr","title":{"rendered":"Sommet des directeurs 2021"},"content":{"rendered":"\r\n\t<link href=\"https:\/\/fonts.googleapis.com\/icon?family=Material+Icons\" rel=\"stylesheet\" \/>\r\n<style type=\"text\/css\">html {\r\n        scroll-behavior: smooth;\r\n    }\r\n    .wrapper {\r\n        display: grid;\r\n        grid-template-columns: repeat(14, minmax(1em, 1fr));\r\n        grid-auto-rows: minmax(1em, auto);\r\n        grid-gap: 1em;\r\n        margin: auto;\r\n        overflow: hidden;\r\n    }\r\n    @media only screen and (max-width: 600px) {\r\n        .main_banner_content {\r\n            grid-column: 2\/ span 6;\r\n        }\r\n    }\r\n    <\/style>\r\n<meta content=\"width=device-width, initial-scale=1\" name=\"viewport\" \/>\r\n\t<img decoding=\"async\" src=\"https:\/\/monatglobal.com\/wp-content\/uploads\/2021\/02\/directors-logo.png\">\r\n\t<img decoding=\"async\" src=\"https:\/\/monatglobal.com\/ca\/wp-content\/uploads\/sites\/5\/2021\/02\/virtual-fr.png\">\r\n\t<h1>Nous sommes ravis de VOUS inviter \u00e0 participer \u00e0 une exp\u00e9rience interactive d\u2019apprentissage et de d\u00e9veloppement du leadership!  <\/h1>\r\n<h3>Peu importe d\u2019o\u00f9 vous vous joindrez \u00e0 nous, vous entendrez des conf\u00e9renciers qui susciteront la r\u00e9flexion, vous d\u00e9couvrirez de nouvelles fa\u00e7ons de diriger et de d\u00e9velopper votre entreprise, et vous serez les premi\u00e8res personnes \u00e0 entendre des nouvelles int\u00e9ressantes!  <br>\r\n<\/h3>\r\n\t<img decoding=\"async\" src=\"https:\/\/monatglobal.com\/wp-content\/uploads\/2021\/02\/sparkle2.png\">\r\n\t<style>\r\n<\/style>\r\n         <h1>Voici ce \u00e0 quoi vous attendre :<\/h1>\r\n       <img decoding=\"async\" src=\"https:\/\/monatglobal.com\/wp-content\/uploads\/2021\/02\/John-Maxwell.png\">\r\n       <img decoding=\"async\" src=\"https:\/\/monatglobal.com\/wp-content\/uploads\/2021\/02\/Mel-Robins_.png\">\r\n<ul>\r\n  <li>Formation exclusive pour les directeurs par John Maxwell, le plus grand expert en mati\u00e8re de leadership\r\n<\/li>\r\n  <li>Conf\u00e9renci\u00e8re principale Mel Robbins\r\n<\/li>\r\n  <li>Mise \u00e0 jour sur les produits de bien-\u00eatre par le Dr Brent Agin, membre du comit\u00e9 consultatif scientifique de MONAT\r\n<\/li>\r\n  <li>Formation inspirante offerte par les leaders MONAT les plus performants\r\n<\/li>\r\n  <li>Lancement d\u2019un nouveau produit que vous ADOREREZ!\r\n<\/li>\r\n<\/ul>\r\n<ul >\r\n  <li>\u00c9dition VIRTUELLE du 5e 5K More Than A Race MONAT Gratitude<\/li>\r\n  <li>Reconnaissance sp\u00e9ciale des PLUS performants\r\n<\/li>\r\n  <li>\r\nAper\u00e7u de la vision et de la strat\u00e9gie produit 2021 offerte par les cadres de MONAT\r\n<\/li>\r\n  <li>Des annonces excitantes et beaucoup plus!\r\n<\/li>\r\n<\/ul>\r\n\t<img decoding=\"async\" src=\"https:\/\/monatglobal.com\/wp-content\/uploads\/2021\/02\/sparkle3.png\">\r\n<h1>CONF\u00c9RENCI\u00c8RE INVIT\u00c9E SP\u00c9CIALE<\/h1>\r\n<img decoding=\"async\" src=\"https:\/\/monatglobal.com\/wp-content\/uploads\/2021\/02\/Mel-Robbins-speaker.jpg\">\r\n<h3>CONF\u00c9RENCI\u00c8RE \u00c0 L\u2019\u00c9CHELLE MONDIALE<br>AUTEURE \u00c0 SUCC\u00c8S  <br>CONF\u00c9RENCI\u00c8RE TEDx<\/h3> \r\n<h3>Connue \u00e0 l\u2019\u00e9chelle mondiale, Mel Robbins est auteure \u00e0 succ\u00e8s, influenceur dans les m\u00e9dias sociaux et entrepreneure. Elle rejoint plus de 60 millions de personnes par mois par le biais de ses plateformes dans les r\u00e9seaux sociaux.<\/h3> \r\n<br>\r\nElle est l\u2019une des conf\u00e9renci\u00e8res motivantes les plus demand\u00e9es au monde, utilisant des strat\u00e9gies fond\u00e9es sur la science pour aider ceux qui doutent d\u2019eux-m\u00eames \u00e0 partager leurs id\u00e9es et leur passion avec conviction. <br><br> \r\n Son dernier livre,  <em>The 5 Second Rule,<\/em> a \u00e9t\u00e9 traduit en 29 langues et \u00e9tait le livre audio le plus populaire en 2019.\r\n\r\n\t<img decoding=\"async\" src=\"https:\/\/monatglobal.com\/wp-content\/uploads\/2021\/02\/sparks.png\">\r\n\t<style>\r\n<\/style>\r\n<h1>\r\n5K MORE THAN A RACE<br> MONAT GRATITUDE<\/h1>\r\n<!-- Generator: Adobe Illustrator 24.2.1, SVG Export Plug-In . SVG Version: 6.00 Build 0)  -->\r\n<p>D\u00e9couvrez votre superh\u00e9ros int\u00e9rieur et joignez-vous \u00e0 nous de VOTRE quartier! <\/p><br>\r\nLe 5K More Than a Race sera VIRTUEL, une excellente occasion de montrer \u00e0 votre \u00e9quipe que MONAT vie toujours avec gratitude! N\u2019oubliez pas de vous inscrire \u00e0 la course au plus tard le lundi 8 f\u00e9vrier \u00e0 18 h, HE.  \r\n <br><br>\r\nTous ceux qui se sont qualifi\u00e9s pour le Sommet et leur conjoint\/partenaire peuvent s\u2019inscrire, mais seulement les 450 PREMIERS INSCRITS recevront un SUPER sac-cadeau pour la journ\u00e9e de la course! \r\n<br><br>\r\nFaites vite!\r\n \r\n<img decoding=\"async\" src=\"https:\/\/monatglobal.com\/wp-content\/uploads\/2021\/02\/gratitude-race-5k.jpg\">\r\n<a href=\"https:\/\/sweattracker.com\/Registration\/MONAT\" target=\"_blank\"> \r\nS&#8217;inscrire maintenant<\/a>\r\n\t<img decoding=\"async\" src=\"https:\/\/monatglobal.com\/wp-content\/uploads\/2021\/02\/sparkle2.png\">\r\n\t<img decoding=\"async\" src=\"https:\/\/monatglobal.com\/wp-content\/uploads\/2021\/02\/sparkle3.png\">\r\n    <h1>Jetez un coup d&#8217;\u0153il au programme du Sommet et pr\u00e9voyez assister \u00e0 tous les \u00e9v\u00e8nements!\u00a0Les heures sont indiqu\u00e9es en heures normales de l\u2019Est (GMT +5).\u00a0\u00a0\r\n<\/h1>\r\n\t<img decoding=\"async\" src=\"https:\/\/monatglobal.com\/wp-content\/uploads\/2021\/02\/sparks.png\">\r\n\t<style>\r\n<\/style>\r\n    <h1>PROGRAMME<\/h1>\r\n        <!-- Generator: Adobe Illustrator 24.2.1, SVG Export Plug-In . SVG Version: 6.00 Build 0)  -->\r\n     MERCREDI 10 F\u00c9VRIER\r\n    <hr>\r\n     R\u00c9UNION DES DES (DES SEULEMENT)\r\n    <p>17 h \u00e0 19 h <\/p>\r\n    <hr>\r\n     JEUDI 11 F\u00c9VRIER\r\n    <hr>\r\n             PR\u00c9SENTATION<br> PR\u00c9-SPECTACLE <br>\r\n            <p>12 h 45  <\/p>\r\n             SESSION 1 <br>\r\n            <p>13 h \u00e0 15 h <\/p>\r\n    <hr>\r\n    C\u00c9R\u00c9MONIE D\u2019ACH\u00c8VEMENT <br>DU PROGRAMME DE CERTIFICATION<br> JOHN MAXWELL \r\n    <p>(SUR INVITATION SEULEMENT)<br>19 h \u00e0 20 h <\/p>\r\n    <hr>\r\n     VENDREDI 12 F\u00c9VRIER\r\n    <hr>\r\n             PR\u00c9SENTATION<br> PR\u00c9-SPECTACLE  <br>\r\n            <p>8 h 45 <\/p>\r\n             SESSION 2 <br>\r\n            <p>9 h \u00e0 11 h <\/p>\r\n    <hr>\r\n             PR\u00c9SENTATION<br> PR\u00c9-SPECTACLE  <br>\r\n            <p>12 h 45 <\/p>\r\n             SESSION 3 <br>\r\n            <p>13 h \u00e0 15 h <\/p>\r\n    <hr>\r\n             PR\u00c9SENTATION<br> PR\u00c9-SPECTACLE  <br>\r\n            <p>16 h 45 <\/p>\r\n             SESSION 4 <br>\r\n            <p>17 h \u00e0 19 h <\/p>\r\n    <hr>\r\n     LE SAMEDI 13 F\u00c9VRIER\r\n    <hr>\r\n    5K VIRTUEL MORE THAN A RACE\r\n    <p>7 h \u00e0 12 h<\/p>\r\n    <hr>\r\n             PR\u00c9SENTATION<br> PR\u00c9-SPECTACLE <br>\r\n            <p>13 h 45<\/p>\r\n             SESSION 5 <br>\r\n            <p>14 h \u00e0 15 h 30<\/p>\r\n    <hr>\r\n    <p>* Les heures et le contenu peuvent changer.<\/p>\r\n\t<img decoding=\"async\" src=\"https:\/\/monatglobal.com\/wp-content\/uploads\/2021\/02\/sparkle3.png\">\r\n\t<img decoding=\"async\" src=\"https:\/\/monatglobal.com\/wp-content\/uploads\/2021\/02\/sparkle4.png\">\r\n    <h1>CRIT\u00c8RES<br> DE QUALIFICATION<\/h1>\r\n        <!-- Generator: Adobe Illustrator 24.2.1, SVG Export Plug-In . SVG Version: 6.00 Build 0)  -->\r\n    <p>P\u00e9riode de qualification : De septembre 2020 \u00e0 janvier 2021<\/p>\r\n    <h1>Qui peut <br>y participer :<\/h1>\r\n            <ul>\r\n                <li>MAINTENANT OUVERT \u00e0 ceux qui ont \u00e9t\u00e9 pay\u00e9s \u00e0 titre de DEA ou un rang sup\u00e9rieur pendant au moins 1 mois de septembre 2020 \u00e0 janvier 2021 et \u00e0 tous ceux qui ont atteint le rang de MMG pour la premi\u00e8re fois en janvier 2021!\r\n                <\/li>\r\n                <li>Tous ceux au titre de carri\u00e8re de DEA ou plus haut en date du 1er septembre 2020\r\n                <\/li>\r\n                <li>Les partenaires de march\u00e9 qui atteignent le rang de DEA au plus tard le 31 d\u00e9cembre 2020\r\n                <\/li>\r\n            <\/ul>\r\n        <img decoding=\"async\" src=\"https:\/\/monatglobal.com\/wp-content\/uploads\/2021\/02\/participant.jpg\">\r\n\t<img decoding=\"async\" src=\"https:\/\/monatglobal.com\/wp-content\/uploads\/2021\/02\/sparkle2.png\">\r\n\t<img decoding=\"async\" src=\"https:\/\/monatglobal.com\/wp-content\/uploads\/2021\/02\/sparks.png\">\r\n\t<style>\r\n<\/style>\r\n    <h1>CRIT\u00c8RES <br> DE QUALIFICATION:\r\n    <\/h1>\r\n             Titre de carri\u00e8re de DEA, DE ou DES<br> en date du 1er <br>septembre 2020<br>\r\n            Maintenir le rang pay\u00e9 de DEA 4 mois sur 5 pendant la p\u00e9riode de qualification <br>(de sept. 2020 \u00e0 janv. 2021)\r\n            \r\n    <hr>\r\n            Promu DEA en <br>septembre 2020\r\n            <p>Maintenir le rang pay\u00e9 de DEA 3 mois sur 4 pendant la p\u00e9riode de qualification <br>(d\u2019octobre 2020 \u00e0 janvier 2021) <\/p>\r\n    <hr>\r\n      Promu DEA en <br>octobre 2020\r\n            <p>Maintenir le rang pay\u00e9 de DEA 2 mois sur 3 pendant la p\u00e9riode de qualification<br> (de novembre 2020 \u00e0 janvier 2021)<\/p>\r\n    <hr>\r\n                Promu DEA en <br>novembre 2020\r\n            <p>Maintenir le rang pay\u00e9 de DEA 1 mois sur 2 pendant la p\u00e9riode de qualification <br>(de d\u00e9cembre 2020 \u00e0 janvier 2021)<\/p>\r\n    <hr>\r\n            Promu DEA en<br> d\u00e9cembre 2020\r\n            <p>Maintenir le rang pay\u00e9 de DEA en janvier<\/p>\r\n    <hr>\r\n    <p>Obtenez un \u00ab\u00a0mois de gr\u00e2ce\u00a0\u00bb additionnel en accumulant un VG de 100\u00a0000 pendant la p\u00e9riode de qualification.<\/p>\r\n\t<img decoding=\"async\" src=\"https:\/\/monatglobal.com\/wp-content\/uploads\/2021\/02\/sparkle3.png\">\r\n\t<img decoding=\"async\" src=\"https:\/\/monatglobal.com\/wp-content\/uploads\/2021\/02\/sparkle4.png\">\r\n    <h1>Exigences de qualification<br> pour nouveaux MMG\r\n    <\/h1>\r\n        <!-- Generator: Adobe Illustrator 24.2.1, SVG Export Plug-In . SVG Version: 6.00 Build 0)  -->\r\n             Les titres de carri\u00e8re<br> de MM ou un rang inf\u00e9rieur qui&#8230;\r\n            <p>sont promus MMG entre septembre et d\u00e9cembre 2020<\/p>\r\n            <hr>\r\n            <p>et maintiennent le rang pay\u00e9 de MMG jusqu\u2019\u00e0 la fin de la p\u00e9riode de qualification  <\/p>\r\n    <hr>\r\n     &#8230; seront qualifi\u00e9s!<br>\r\n    <hr>\r\n    <p><em>Obtenez un \u00ab\u00a0mois de gr\u00e2ce\u00a0\u00bb additionnel en accumulant un VG de 100\u00a0000 pendant la p\u00e9riode de qualification.<\/em><\/p>\r\n    <hr>\r\n    <p>Si un membre de votre groupe personnel atteint le titre de carri\u00e8re de BMG ou plus haut pendant la p\u00e9riode de qualification ses r\u00e9sultats seront inclus dans vos exigences de qualification le mois de sa promotion et les mois restants de la p\u00e9riode de qualification.<\/p>\r\n\tConsulter la FAQ pour tous les d\u00e9tails. \r\n\t<a href=\"https:\/\/monatglobal.com\/ca\/wp-content\/uploads\/sites\/5\/2021\/02\/MONAT_DirectorsSummit2021VirtualEvent_FAQ_FR.pdf\" target=\"_blank\">faq<\/a>\r\n\t<img decoding=\"async\" src=\"https:\/\/monatglobal.com\/wp-content\/uploads\/2021\/02\/sparkle2.png\">\r\n","protected":false},"excerpt":{"rendered":"<p>Nous sommes ravis de VOUS inviter \u00e0 participer \u00e0 une exp\u00e9rience interactive d\u2019apprentissage et de d\u00e9veloppement du leadership! Peu importe d\u2019o\u00f9 vous vous joindrez \u00e0 nous, vous entendrez des conf\u00e9renciers qui susciteront la r\u00e9flexion, vous d\u00e9couvrirez de nouvelles fa\u00e7ons de diriger et de d\u00e9velopper votre entreprise, et vous serez les premi\u00e8res personnes \u00e0 entendre des&hellip;<\/p>\n","protected":false},"author":31,"featured_media":0,"parent":0,"menu_order":0,"comment_status":"closed","ping_status":"closed","template":"template-full-custom.php","meta":{"inline_featured_image":false,"om_disable_all_campaigns":false,"_monsterinsights_skip_tracking":false,"_monsterinsights_sitenote_active":false,"_monsterinsights_sitenote_note":"","_monsterinsights_sitenote_category":0,"footnotes":""},"categories":[],"tags":[],"class_list":["post-54466","page","type-page","status-publish","hentry"],"aioseo_notices":[],"aioseo_head":"\n\t\t<!-- All in One SEO Pro 4.9.6 - aioseo.com -->\n\t<meta name=\"description\" content=\"Nous sommes ravis de VOUS inviter \u00e0 participer \u00e0 une exp\u00e9rience interactive d\u2019apprentissage et de d\u00e9veloppement du leadership! Peu importe d\u2019o\u00f9 vous vous joindrez \u00e0 nous, vous entendrez des conf\u00e9renciers qui susciteront la r\u00e9flexion, vous d\u00e9couvrirez de nouvelles fa\u00e7ons de diriger et de d\u00e9velopper votre entreprise, et vous serez les premi\u00e8res personnes \u00e0 entendre des\" \/>\n\t<meta name=\"robots\" content=\"max-image-preview:large\" \/>\n\t<link rel=\"canonical\" href=\"https:\/\/monatglobal.com\/ca\/sommet-des-directeurs-2021\/?lang=fr\" \/>\n\t<meta name=\"generator\" content=\"All in One SEO Pro (AIOSEO) 4.9.6\" \/>\n\t\t<meta property=\"og:locale\" content=\"en_US\" \/>\n\t\t<meta property=\"og:site_name\" content=\"Monat Canada English - We Are Modern Nature\" \/>\n\t\t<meta property=\"og:type\" content=\"article\" \/>\n\t\t<meta property=\"og:title\" content=\"Sommet des directeurs 2021 - Monat Canada English\" \/>\n\t\t<meta property=\"og:description\" content=\"Nous sommes ravis de VOUS inviter \u00e0 participer \u00e0 une exp\u00e9rience interactive d\u2019apprentissage et de d\u00e9veloppement du leadership! Peu importe d\u2019o\u00f9 vous vous joindrez \u00e0 nous, vous entendrez des conf\u00e9renciers qui susciteront la r\u00e9flexion, vous d\u00e9couvrirez de nouvelles fa\u00e7ons de diriger et de d\u00e9velopper votre entreprise, et vous serez les premi\u00e8res personnes \u00e0 entendre des\" \/>\n\t\t<meta property=\"og:url\" content=\"https:\/\/monatglobal.com\/ca\/sommet-des-directeurs-2021\/?lang=fr\" \/>\n\t\t<meta property=\"article:published_time\" content=\"2020-09-09T19:16:43+00:00\" \/>\n\t\t<meta property=\"article:modified_time\" content=\"2021-02-09T22:18:29+00:00\" \/>\n\t\t<meta name=\"twitter:card\" content=\"summary_large_image\" \/>\n\t\t<meta name=\"twitter:title\" content=\"Sommet des directeurs 2021 - Monat Canada English\" \/>\n\t\t<meta name=\"twitter:description\" content=\"Nous sommes ravis de VOUS inviter \u00e0 participer \u00e0 une exp\u00e9rience interactive d\u2019apprentissage et de d\u00e9veloppement du leadership! Peu importe d\u2019o\u00f9 vous vous joindrez \u00e0 nous, vous entendrez des conf\u00e9renciers qui susciteront la r\u00e9flexion, vous d\u00e9couvrirez de nouvelles fa\u00e7ons de diriger et de d\u00e9velopper votre entreprise, et vous serez les premi\u00e8res personnes \u00e0 entendre des\" \/>\n\t\t<script type=\"application\/ld+json\" class=\"aioseo-schema\">\n\t\t\t{\"@context\":\"https:\\\/\\\/schema.org\",\"@graph\":[{\"@type\":\"BreadcrumbList\",\"@id\":\"https:\\\/\\\/monatglobal.com\\\/ca\\\/sommet-des-directeurs-2021\\\/?lang=fr#breadcrumblist\",\"itemListElement\":[{\"@type\":\"ListItem\",\"@id\":\"https:\\\/\\\/monatglobal.com\\\/ca#listItem\",\"position\":1,\"name\":\"Home\",\"item\":\"https:\\\/\\\/monatglobal.com\\\/ca\",\"nextItem\":{\"@type\":\"ListItem\",\"@id\":\"https:\\\/\\\/monatglobal.com\\\/ca\\\/sommet-des-directeurs-2021\\\/?lang=fr#listItem\",\"name\":\"Sommet des directeurs 2021\"}},{\"@type\":\"ListItem\",\"@id\":\"https:\\\/\\\/monatglobal.com\\\/ca\\\/sommet-des-directeurs-2021\\\/?lang=fr#listItem\",\"position\":2,\"name\":\"Sommet des directeurs 2021\",\"previousItem\":{\"@type\":\"ListItem\",\"@id\":\"https:\\\/\\\/monatglobal.com\\\/ca#listItem\",\"name\":\"Home\"}}]},{\"@type\":\"Organization\",\"@id\":\"https:\\\/\\\/monatglobal.com\\\/ca\\\/#organization\",\"name\":\"Monat Canada English\",\"description\":\"We Are Modern Nature\",\"url\":\"https:\\\/\\\/monatglobal.com\\\/ca\\\/\"},{\"@type\":\"WebPage\",\"@id\":\"https:\\\/\\\/monatglobal.com\\\/ca\\\/sommet-des-directeurs-2021\\\/?lang=fr#webpage\",\"url\":\"https:\\\/\\\/monatglobal.com\\\/ca\\\/sommet-des-directeurs-2021\\\/?lang=fr\",\"name\":\"Sommet des directeurs 2021 - Monat Canada English\",\"description\":\"Nous sommes ravis de VOUS inviter \\u00e0 participer \\u00e0 une exp\\u00e9rience interactive d\\u2019apprentissage et de d\\u00e9veloppement du leadership! Peu importe d\\u2019o\\u00f9 vous vous joindrez \\u00e0 nous, vous entendrez des conf\\u00e9renciers qui susciteront la r\\u00e9flexion, vous d\\u00e9couvrirez de nouvelles fa\\u00e7ons de diriger et de d\\u00e9velopper votre entreprise, et vous serez les premi\\u00e8res personnes \\u00e0 entendre des\",\"inLanguage\":\"en-US\",\"isPartOf\":{\"@id\":\"https:\\\/\\\/monatglobal.com\\\/ca\\\/#website\"},\"breadcrumb\":{\"@id\":\"https:\\\/\\\/monatglobal.com\\\/ca\\\/sommet-des-directeurs-2021\\\/?lang=fr#breadcrumblist\"},\"datePublished\":\"2020-09-09T19:16:43-04:00\",\"dateModified\":\"2021-02-09T22:18:29-05:00\"},{\"@type\":\"WebSite\",\"@id\":\"https:\\\/\\\/monatglobal.com\\\/ca\\\/#website\",\"url\":\"https:\\\/\\\/monatglobal.com\\\/ca\\\/\",\"name\":\"Monat Canada English\",\"description\":\"We Are Modern Nature\",\"inLanguage\":\"en-US\",\"publisher\":{\"@id\":\"https:\\\/\\\/monatglobal.com\\\/ca\\\/#organization\"}}]}\n\t\t<\/script>\n\t\t<!-- All in One SEO Pro -->\r\n\t\t<title>Sommet des directeurs 2021 - Monat Canada English<\/title>\n\n","aioseo_head_json":{"title":"Sommet des directeurs 2021 - Monat Canada English","description":"Nous sommes ravis de VOUS inviter \u00e0 participer \u00e0 une exp\u00e9rience interactive d\u2019apprentissage et de d\u00e9veloppement du leadership! Peu importe d\u2019o\u00f9 vous vous joindrez \u00e0 nous, vous entendrez des conf\u00e9renciers qui susciteront la r\u00e9flexion, vous d\u00e9couvrirez de nouvelles fa\u00e7ons de diriger et de d\u00e9velopper votre entreprise, et vous serez les premi\u00e8res personnes \u00e0 entendre des","canonical_url":"https:\/\/monatglobal.com\/ca\/sommet-des-directeurs-2021\/?lang=fr","robots":"max-image-preview:large","keywords":"","webmasterTools":{"miscellaneous":""},"schema":{"@context":"https:\/\/schema.org","@graph":[{"@type":"BreadcrumbList","@id":"https:\/\/monatglobal.com\/ca\/sommet-des-directeurs-2021\/?lang=fr#breadcrumblist","itemListElement":[{"@type":"ListItem","@id":"https:\/\/monatglobal.com\/ca#listItem","position":1,"name":"Home","item":"https:\/\/monatglobal.com\/ca","nextItem":{"@type":"ListItem","@id":"https:\/\/monatglobal.com\/ca\/sommet-des-directeurs-2021\/?lang=fr#listItem","name":"Sommet des directeurs 2021"}},{"@type":"ListItem","@id":"https:\/\/monatglobal.com\/ca\/sommet-des-directeurs-2021\/?lang=fr#listItem","position":2,"name":"Sommet des directeurs 2021","previousItem":{"@type":"ListItem","@id":"https:\/\/monatglobal.com\/ca#listItem","name":"Home"}}]},{"@type":"Organization","@id":"https:\/\/monatglobal.com\/ca\/#organization","name":"Monat Canada English","description":"We Are Modern Nature","url":"https:\/\/monatglobal.com\/ca\/"},{"@type":"WebPage","@id":"https:\/\/monatglobal.com\/ca\/sommet-des-directeurs-2021\/?lang=fr#webpage","url":"https:\/\/monatglobal.com\/ca\/sommet-des-directeurs-2021\/?lang=fr","name":"Sommet des directeurs 2021 - Monat Canada English","description":"Nous sommes ravis de VOUS inviter \u00e0 participer \u00e0 une exp\u00e9rience interactive d\u2019apprentissage et de d\u00e9veloppement du leadership! Peu importe d\u2019o\u00f9 vous vous joindrez \u00e0 nous, vous entendrez des conf\u00e9renciers qui susciteront la r\u00e9flexion, vous d\u00e9couvrirez de nouvelles fa\u00e7ons de diriger et de d\u00e9velopper votre entreprise, et vous serez les premi\u00e8res personnes \u00e0 entendre des","inLanguage":"en-US","isPartOf":{"@id":"https:\/\/monatglobal.com\/ca\/#website"},"breadcrumb":{"@id":"https:\/\/monatglobal.com\/ca\/sommet-des-directeurs-2021\/?lang=fr#breadcrumblist"},"datePublished":"2020-09-09T19:16:43-04:00","dateModified":"2021-02-09T22:18:29-05:00"},{"@type":"WebSite","@id":"https:\/\/monatglobal.com\/ca\/#website","url":"https:\/\/monatglobal.com\/ca\/","name":"Monat Canada English","description":"We Are Modern Nature","inLanguage":"en-US","publisher":{"@id":"https:\/\/monatglobal.com\/ca\/#organization"}}]},"og:locale":"en_US","og:site_name":"Monat Canada English - We Are Modern Nature","og:type":"article","og:title":"Sommet des directeurs 2021 - Monat Canada English","og:description":"Nous sommes ravis de VOUS inviter \u00e0 participer \u00e0 une exp\u00e9rience interactive d\u2019apprentissage et de d\u00e9veloppement du leadership! Peu importe d\u2019o\u00f9 vous vous joindrez \u00e0 nous, vous entendrez des conf\u00e9renciers qui susciteront la r\u00e9flexion, vous d\u00e9couvrirez de nouvelles fa\u00e7ons de diriger et de d\u00e9velopper votre entreprise, et vous serez les premi\u00e8res personnes \u00e0 entendre des","og:url":"https:\/\/monatglobal.com\/ca\/sommet-des-directeurs-2021\/?lang=fr","article:published_time":"2020-09-09T19:16:43+00:00","article:modified_time":"2021-02-09T22:18:29+00:00","twitter:card":"summary_large_image","twitter:title":"Sommet des directeurs 2021 - Monat Canada English","twitter:description":"Nous sommes ravis de VOUS inviter \u00e0 participer \u00e0 une exp\u00e9rience interactive d\u2019apprentissage et de d\u00e9veloppement du leadership! Peu importe d\u2019o\u00f9 vous vous joindrez \u00e0 nous, vous entendrez des conf\u00e9renciers qui susciteront la r\u00e9flexion, vous d\u00e9couvrirez de nouvelles fa\u00e7ons de diriger et de d\u00e9velopper votre entreprise, et vous serez les premi\u00e8res personnes \u00e0 entendre des"},"aioseo_meta_data":{"post_id":"54466","title":null,"description":null,"keywords":null,"keyphrases":null,"primary_term":null,"canonical_url":null,"og_title":null,"og_description":null,"og_object_type":"default","og_image_type":"default","og_image_url":null,"og_image_width":null,"og_image_height":null,"og_image_custom_url":null,"og_image_custom_fields":null,"og_video":null,"og_custom_url":null,"og_article_section":null,"og_article_tags":null,"twitter_use_og":false,"twitter_card":"default","twitter_image_type":"default","twitter_image_url":null,"twitter_image_custom_url":null,"twitter_image_custom_fields":null,"twitter_title":null,"twitter_description":null,"schema":{"blockGraphs":[],"customGraphs":[],"default":{"data":{"Article":[],"Course":[],"Dataset":[],"FAQPage":[],"Movie":[],"Person":[],"Product":[],"ProductReview":[],"Car":[],"Recipe":[],"Service":[],"SoftwareApplication":[],"WebPage":[]},"graphName":"","isEnabled":true},"graphs":[]},"schema_type":"default","schema_type_options":null,"pillar_content":false,"robots_default":true,"robots_noindex":false,"robots_noarchive":false,"robots_nosnippet":false,"robots_nofollow":false,"robots_noimageindex":false,"robots_noodp":false,"robots_notranslate":false,"robots_max_snippet":null,"robots_max_videopreview":null,"robots_max_imagepreview":"large","priority":null,"frequency":null,"local_seo":null,"seo_analyzer_scan_date":"2026-02-10 19:05:13","limit_modified_date":false,"reviewed_by":null,"open_ai":null,"ai":null,"created":"2023-07-26 12:50:05","updated":"2026-02-10 19:05:13"},"aioseo_breadcrumb":"<div class=\"aioseo-breadcrumbs\"><span class=\"aioseo-breadcrumb\">\n\t<a href=\"https:\/\/monatglobal.com\/ca\" title=\"Home\">Home<\/a>\n<\/span><span class=\"aioseo-breadcrumb-separator\">&raquo;<\/span><span class=\"aioseo-breadcrumb\">\n\tSommet des directeurs 2021\n<\/span><\/div>","aioseo_breadcrumb_json":[{"label":"Home","link":"https:\/\/monatglobal.com\/ca"},{"label":"Sommet des directeurs 2021","link":"https:\/\/monatglobal.com\/ca\/sommet-des-directeurs-2021\/?lang=fr"}],"_links":{"self":[{"href":"https:\/\/monatglobal.com\/ca\/wp-json\/wp\/v2\/pages\/54466","targetHints":{"allow":["GET"]}}],"collection":[{"href":"https:\/\/monatglobal.com\/ca\/wp-json\/wp\/v2\/pages"}],"about":[{"href":"https:\/\/monatglobal.com\/ca\/wp-json\/wp\/v2\/types\/page"}],"author":[{"embeddable":true,"href":"https:\/\/monatglobal.com\/ca\/wp-json\/wp\/v2\/users\/31"}],"replies":[{"embeddable":true,"href":"https:\/\/monatglobal.com\/ca\/wp-json\/wp\/v2\/comments?post=54466"}],"version-history":[{"count":19,"href":"https:\/\/monatglobal.com\/ca\/wp-json\/wp\/v2\/pages\/54466\/revisions"}],"predecessor-version":[{"id":59388,"href":"https:\/\/monatglobal.com\/ca\/wp-json\/wp\/v2\/pages\/54466\/revisions\/59388"}],"wp:attachment":[{"href":"https:\/\/monatglobal.com\/ca\/wp-json\/wp\/v2\/media?parent=54466"}],"wp:term":[{"taxonomy":"category","embeddable":true,"href":"https:\/\/monatglobal.com\/ca\/wp-json\/wp\/v2\/categories?post=54466"},{"taxonomy":"post_tag","embeddable":true,"href":"https:\/\/monatglobal.com\/ca\/wp-json\/wp\/v2\/tags?post=54466"}],"curies":[{"name":"wp","href":"https:\/\/api.w.org\/{rel}","templated":true}]}}