{"id":54230,"date":"2020-09-04T16:21:50","date_gmt":"2020-09-04T16:21:50","guid":{"rendered":"https:\/\/monatglobal.com\/ca\/?page_id=54230"},"modified":"2020-09-04T16:23:09","modified_gmt":"2020-09-04T16:23:09","slug":"politique-sur-les-temoins","status":"publish","type":"page","link":"https:\/\/monatglobal.com\/ca\/politique-sur-les-temoins\/?lang=fr","title":{"rendered":"politique-sur-les-temoins"},"content":{"rendered":"\n\t\t\t\t<img loading=\"lazy\" decoding=\"async\" src=\"https:\/\/monatglobal.com\/wp-content\/uploads\/2020\/08\/MONAT-Logos-grey-2_03.png\" alt=\"MONAT-Logos-grey-2_03\" itemprop=\"image\" height=\"231\" width=\"287\" title=\"MONAT-Logos-grey-2_03\"  \/>\n\t<p>POLITIQUE SUR LES T\u00c9MOINS<\/p> <br>\n<br>\n<br>\n<p>MONAT Global Corp<\/p>\n<br>\n<br>\nCanada ULC\n    <br>\n<br>\nMerci d\u2019avoir choisi de faire partie de la communaut\u00e9 de MONAT GlobalCanada ULC (\u00ab MONAT \u00bb, \u00ab Nous \u00bb, ou \u00ab Notre \u00bb. Nous nous engageons \u00e0 prot\u00e9ger vos renseignements personnels et votre droit \u00e0 la vie priv\u00e9e. Pour toute question ou inqui\u00e9tude concernant notre Politique ou nos pratiques concernant vos renseignements personnels, veuillez nous contacter \u00e0 <a href=\"mailto:dpo@monatglobal.com\">dpo@monatglobal.com<\/a> La pr\u00e9sente Politique sur les t\u00e9moins s\u2019applique \u00e0, sans toutefois s\u2019y limiter, tous les renseignements recueillis par nos sites Web, nos portails, nos applications mobiles, nos plateformes dans les m\u00e9dias sociaux et nos applications et\/ou les services, les ventes, le marketing et les \u00e9v\u00e8nements connexes (dans la pr\u00e9sente politique, nous les appelons \u00ab les Sites \u00bb).\n<br>\n<br>\n<p>TABLE  DES MATI\u00c8RES<\/p>\n<br>\n\n<a href=\"#1\">1.\tQU\u2019EST-CE QU\u2019UN T\u00c9MOIN?<\/a><br>\n<a href=\"#2\">2.\tCOMMENT LES T\u00c9MOINS SONT-ILS UTILIS\u00c9S SUR CE SITE ET QUELS RENSEIGNEMENTS SONT RECUEILLIS?<\/a><br>\n<a href=\"#3\">3.\tCOMMENT PUIS-JE ACTIVER OU D\u00c9SACTIVER LES T\u00c9MOINS?<\/a><br>\n<a href=\"#4\">4.\tQUELS SONT MES DROITS PAR RAPPORT \u00c0 MES RENSEIGNEMENTS PERSONNELS?<\/a><br>\n<a href=\"#5\">5.\tMISES \u00c0 JOUR<\/a><br>\n<a href=\"#6\">6.\tLOIS APPLICABLES, TRIBUNAUX COMP\u00c9TENTS ET LIEU D\u2019EX\u00c9CUTION<\/a><br>\n\n<br>\n<br>\nQU\u2019EST-CE QU\u2019UN T\u00c9MOIN?\n<br>\nUn t\u00e9moin est une cha\u00eene d\u2019information textuelles qu\u2019un site Web transf\u00e8re au fichier de t\u00e9moins du navigateur sur le disque dur de votre ordinateur pour que le site Web puisse se souvenir de qui vous \u00eates. Les t\u00e9moins peuvent aider un site Web \u00e0 organiser le contenu en fonction de vos int\u00e9r\u00eats pr\u00e9f\u00e9r\u00e9s plus rapidement. Certains t\u00e9moins peuvent nous permettre de recr\u00e9er et de rejouer des sessions d\u2019utilisateur sur nos Sites. La plupart des grands sites Web utilisent des t\u00e9moins.\n<br><br>\nUn t\u00e9moin contient g\u00e9n\u00e9ralement le nom du domaine dont provient le t\u00e9moin; la \u00ab dur\u00e9e de vie \u00bb du t\u00e9moin; et une valeur, g\u00e9n\u00e9ralement un nombre unique g\u00e9n\u00e9r\u00e9 de fa\u00e7on al\u00e9atoire.\n<br><br>\nMONAT utilise deux types de t\u00e9moins sur nos Sites :<br>\n<br>\n<ul>\n      <li>\tLes t\u00e9moins de session, qui sont des t\u00e9moins temporaires qui restent dans le fichier de t\u00e9moins de votre navigateur jusqu\u2019\u00e0 ce que vous quittiez le site.<\/li>\n      <li>  Les t\u00e9moins persistants, qui restent dans le fichier de t\u00e9moins de votre navigateur beaucoup plus longtemps (mais la dur\u00e9e d\u00e9pendra de la dur\u00e9e de vie du t\u00e9moin sp\u00e9cifique).<\/li>\n<\/ul><br>\n<br>\n COMMENT LES T\u00c9MOINS SONT-ILS UTILIS\u00c9S SUR CE SITE ET QUELS RENSEIGNEMENTS SONT RECUEILLIS?\n<br>\n\nT\u00e9moins de session<br>\nIls sont utilis\u00e9 aux fins suivantes :\n<br>\n<br>\n<ul>\n<li>\tpour nous permettre de partager vos renseignements sur les diff\u00e9rentes pages de notre site et vous \u00e9viter d\u2019avoir \u00e0 les entrer de nouveau; et <\/li>\n<li>\tlors du processus d\u2019inscription, pour vous permettre d\u2019acc\u00e9der aux donn\u00e9es stock\u00e9es. <\/li>\n<\/ul><br>\n<p>T\u00e9moins persistants<\/p><br>\n               Ils sont utilis\u00e9 aux fins suivantes :<br><br>\n                <ul>\n                    <li>  pour nous aider \u00e0 vous reconna\u00eetre comme utilisateur unique (\u00e0 l\u2019aide d\u2019un nombre) lorsque vous retournez sur notre site; <\/li><br>\n                     <li>  pour nous permettre d\u2019adapter le contenu ou les publicit\u00e9s \u00e0 vos int\u00e9r\u00eats pr\u00e9f\u00e9r\u00e9s ou pour \u00e9viter de vous montrer les m\u00eames annonces \u00e0 plusieurs reprises. <\/li><br>\n                      <li>\tpour compiler des statistiques globales qui nous permettent de comprendre comment les utilisateurs utilisent notre site et nous aident \u00e0 am\u00e9liorer la structure de notre site Web; <\/li><br><br>\n                       <li>\t pour identifier et r\u00e9soudre les probl\u00e8mes li\u00e9es \u00e0 l\u2019exp\u00e9rience de l\u2019utilisateur et am\u00e9liorer le fonctionnement du site Web; et<\/li><br>\n                        <li>  pour r\u00e9soudre les plaintes des membres et aider \u00e0 assurer la conformit\u00e9 des membres \u00e0 nos r\u00e8gles. <\/li><br>\n                <\/ul>    <br>\n                T\u00e9moins de tierces parties <br>\n                                 Les tierces parties peuvent aussi placer des t\u00e9moins sur un site. Ils sont utilis\u00e9 aux fins suivantes :\n<br>\n                 <ul>\n                    <li> \tpour adapter le contenu \u00e0 vos pr\u00e9f\u00e9rences;<\/li><br>\n                    <li> \tpour compter le nombre d\u2019utilisateurs sur notre site; et <\/li><br>\n                    <li> \tpour assurer la s\u00e9curit\u00e9 du panier de magasinage ou des transactions. <\/li><br>\n                    <\/ul>\n                <br>\n                  <br>\n \nPixels espions<br> \nCertaines de nos pages pourraient contenir des images \u00e9lectroniques appel\u00e9es des pixels espions qui nous permettent de compter le nombre de personnes qui ont visit\u00e9 ces pages. Les pixels espions recueillent seulement certaines informations : le num\u00e9ro du t\u00e9moin, l\u2019heure et la date auxquelles la page est vue, et une description de la page sur laquelle r\u00e9side le pixel espion. Il pourrait aussi y avoir des t\u00e9moins plac\u00e9s par des annonceurs tiers. Ces pixels espions sont seulement utilis\u00e9s pour surveiller l\u2019efficacit\u00e9 d\u2019une campagne pr\u00e9cise.\n<br>\n<br>\n<br>\n\nCOMMENT PUIS-JE ACTIVER OU D\u00c9SACTIVER LES T\u00c9MOINS?\n<br>\n Vous pouvez accepter ou refuser les t\u00e9moins en modifiant les param\u00e8tres de votre navigateur. Cependant, si les t\u00e9moins sont d\u00e9sactiv\u00e9s, il se peut que vous ne puissiez pas utiliser toutes les fonctions interactives de notre site. Si vous d\u00e9sirez \u00eatre avis\u00e9 avant qu\u2019un t\u00e9moin soit accept\u00e9 par votre disque dur, suivez les directives ci-dessous :\n\n<br>\n<ul>\n<li> <a href=\"https:\/\/support.microsoft.com\/fr-ca\/help\/17442\/windows-internet-explorer-delete-manage-cookies\" target=\"_blank\">Param\u00e8tres de t\u00e9moins dans Internet Explorer<\/a><\/li>  <br>   \n<li> <a href=\"https:\/\/support.mozilla.org\/fr\/kb\/cookies-informations-sites-enregistrent?redirectlocale=en-US&#038;redirectslug=Cookies\" target=\"_blank\">Param\u00e8tres de t\u00e9moins dans Firefox<\/a><\/li>     <br>\n<li> <a href=\"https:\/\/support.google.com\/accounts\/answer\/61416?co=GENIE.Platform%3DDesktop&#038;hl=fr\" target=\"_blank\">Param\u00e8tres de t\u00e9moins dans Chrome<\/a><\/li>   <br>\n<li> <a href=\"https:\/\/support.apple.com\/fr-ca\/guide\/safari\/sfri11471\/mac\" target=\"_blank\">Param\u00e8tres de t\u00e9moins dans Safari web et iOS.<\/a><\/li>    <br> \n<\/ul>\n<br> \n\nSupprimer les t\u00e9moins <br>\nVous pouvez facilement supprimer les t\u00e9moins qui ont \u00e9t\u00e9 install\u00e9s dans le fichier de t\u00e9moins de votre navigateur. Par exemple, si vous utilisez Windows Explorer de Microsoft :<br>\n <br>\n <ul>\n<li> Ouvrez \u00ab Windows Explorer \u00bb\t<\/li>   <br>  \n<li> Cliquez sur le bouton \u00ab Recherche \u00bb dans la barre de navigation<\/li><br>   \n<li> Entrez \u00ab t\u00e9moins \u00bb dans la bo\u00eete de recherche pour \u00ab Dossiers et fichiers \u00bb<\/li><br>  \n<li> S\u00e9lectionnez \u00ab Mon ordinateur \u00bb dans la bo\u00eete \u00ab Chercher dans \u00bb<\/li><br>    \n<li> Cliquez sur \u00ab Chercher maintenant \u00bb<\/li><br>\n<li> Double-cliquez sur les dossiers trouv\u00e9s.<\/li> <br> \n<li> S\u00e9lectionnez n\u2019importe quel fichier t\u00e9moin<\/li><br>\n<li> Appuyez sur le bouton Supprimer de votre clavier <\/li> <br>\n<\/ul>\n<br>\nSi vous n\u2019utilisez pas Windows Explorer de Microsoft, vous devriez entrer \u00ab t\u00e9moins \u00bb dans la fonction recherche pour d\u00e9couvrir comment trouver votre fichier de t\u00e9moins.\n\n<br>\n\nQUELS SONT MES DROITS PAR RAPPORT \u00c0 MES RENSEIGNEMENTS PERSONNELS?\n\n<br>\nVos droits par rapport \u00e0 vos renseignements personnels peuvent varier selon la loi applicable. Vous pourriez avoir le droit d&#8217;acc\u00e8s, de rectification, de restriction ou d\u2019objection au traitement de vos donn\u00e9es personnelles (y compris le traitement aux fins de marketing direct), ainsi que la portabilit\u00e9 des donn\u00e9es et leur \u00e9limination. Certains de nos Sites vous permettent d\u2019examiner et de mettre \u00e0 jour vos renseignements personnels. Si cette fonction n\u2019est pas disponible ou pour de l\u2019aide en ce qui concerne vos droits par rapport \u00e0 vos renseignements personnels,  veuillez contacter l\u2019agent de protection des donn\u00e9es de MONAT \u00e0 l\u2019adresse list\u00e9e ci-dessous.\n<br>\n<br>\n Veuillez noter que ces droits sont sujets aux limites d\u00e9finies par les lois pertinentes.<br><br>\n\nSi vous ne voulez pas recevoir de publicit\u00e9s par courriel ou par SMS, vous aurez l\u2019occasion de choisir les communications que vous voulez recevoir.<br><br>\nPour toute autre question au sujet de cette Politique sur les t\u00e9moins ou de nos pratiques, ou si vous avez une plainte li\u00e9e \u00e0 l\u2019utilisation de vos renseignements personnels par MONAT, veuillez nous contacter au :\n<br><br>\n\n    MONAT Global Canada ULC\n<br>\n\nAttn: Data Protection Officer <br>\n3470 NW 82 Avenue, Suite 910 <br>\nMiami, Florida 33122<br>\nOr by <br>\nCourriel:<a href=\"mailto:DPO@monatglobal.com\"> DPO@monatglobal.com<\/a><br>\n\n<br>\nPour les utilisateurs et les membres dans l\u2019Union europ\u00e9enne, si vous avez des inqui\u00e9tudes sur la collecte et l\u2019utilisation de vos renseignements personnels auxquelles MONAT n\u2019a pas pu r\u00e9pondre \u00e0 votre satisfaction, vous avez le droit de d\u00e9poser une plainte aupr\u00e8s de l\u2019autorit\u00e9 de surveillance appropri\u00e9e de votre r\u00e9gion.\n\n<br>\n<p>MONAT PEUT-ELLE MODIFIER LA PR\u00c9SENTE POLITIQUE SUR LES T\u00c9MOINS?<\/p><br>\nNous vous recommandons de visiter notre Site r\u00e9guli\u00e8rement afin d\u2019\u00eatre au courant de la version la plus r\u00e9cente de la pr\u00e9sente Politique sur les t\u00e9moins.\n\n<br>\nMISES \u00c0 JOUR<br>\nCette politique peut \u00eatre modifi\u00e9e et mise \u00e0 jour par MONAT de temps en temps, \u00e0 la seule discr\u00e9tion de MONAT. De telles modifications entreront en vigueur une fois publi\u00e9es par MONAT.  \n<br>\nLOIS APPLICABLES, TRIBUNAUX COMP\u00c9TENTS ET LIEU D\u2019EX\u00c9CUTION\n\n<br>\n\nCe site Web a \u00e9t\u00e9 cr\u00e9\u00e9 et est contr\u00f4l\u00e9 par nous en Ontario, Canada. Les lois de l\u2019Ontario, Canada, r\u00e9gissent ces Conditions d\u2019utilisation, qui s&#8217;appliquent sans \u00e9gard aux principes de conflits de lois.   Vous acceptez que toute action en justice ou en \u00e9quit\u00e9 d\u00e9coulant de ou se rapportant aux pr\u00e9sentes Conditions d&#8217;utilisation ou au site Web doit \u00eatre d\u00e9pos\u00e9e, et ce lieu se trouve uniquement devant les tribunaux provinciaux ou f\u00e9d\u00e9raux situ\u00e9s en Ontario, au Canada, et vous consentez par les pr\u00e9sentes et se soumettre \u00e0 la juridiction personnelle de ces tribunaux dans le but de plaider une telle action.\n\nDerni\u00e8re mise \u00e0 jour :\nLe 3 avril 2020\n\n","protected":false},"excerpt":{"rendered":"<p>POLITIQUE SUR LES T\u00c9MOINS MONAT Global Corp Canada ULC Merci d\u2019avoir choisi de faire partie de la communaut\u00e9 de MONAT GlobalCanada ULC (\u00ab MONAT \u00bb, \u00ab Nous \u00bb, ou \u00ab Notre \u00bb. Nous nous engageons \u00e0 prot\u00e9ger vos renseignements personnels et votre droit \u00e0 la vie priv\u00e9e. Pour toute question ou inqui\u00e9tude concernant notre Politique&hellip;<\/p>\n","protected":false},"author":31,"featured_media":0,"parent":0,"menu_order":0,"comment_status":"closed","ping_status":"closed","template":"template-full-custom.php","meta":{"inline_featured_image":false,"om_disable_all_campaigns":false,"_monsterinsights_skip_tracking":false,"_monsterinsights_sitenote_active":false,"_monsterinsights_sitenote_note":"","_monsterinsights_sitenote_category":0,"footnotes":""},"categories":[],"tags":[],"class_list":["post-54230","page","type-page","status-publish","hentry"],"aioseo_notices":[],"aioseo_head":"\n\t\t<!-- All in One SEO Pro 4.9.6 - aioseo.com -->\n\t<meta name=\"description\" content=\"POLITIQUE SUR LES T\u00c9MOINS MONAT Global Corp Canada ULC Merci d\u2019avoir choisi de faire partie de la communaut\u00e9 de MONAT GlobalCanada ULC (\u00ab MONAT \u00bb, \u00ab Nous \u00bb, ou \u00ab Notre \u00bb. Nous nous engageons \u00e0 prot\u00e9ger vos renseignements personnels et votre droit \u00e0 la vie priv\u00e9e. Pour toute question ou inqui\u00e9tude concernant notre Politique\" \/>\n\t<meta name=\"robots\" content=\"max-image-preview:large\" \/>\n\t<link rel=\"canonical\" href=\"https:\/\/monatglobal.com\/ca\/politique-sur-les-temoins\/?lang=fr\" \/>\n\t<meta name=\"generator\" content=\"All in One SEO Pro (AIOSEO) 4.9.6\" \/>\n\t\t<meta property=\"og:locale\" content=\"en_US\" \/>\n\t\t<meta property=\"og:site_name\" content=\"Monat Canada English - We Are Modern Nature\" \/>\n\t\t<meta property=\"og:type\" content=\"article\" \/>\n\t\t<meta property=\"og:title\" content=\"politique-sur-les-temoins - Monat Canada English\" \/>\n\t\t<meta property=\"og:description\" content=\"POLITIQUE SUR LES T\u00c9MOINS MONAT Global Corp Canada ULC Merci d\u2019avoir choisi de faire partie de la communaut\u00e9 de MONAT GlobalCanada ULC (\u00ab MONAT \u00bb, \u00ab Nous \u00bb, ou \u00ab Notre \u00bb. Nous nous engageons \u00e0 prot\u00e9ger vos renseignements personnels et votre droit \u00e0 la vie priv\u00e9e. Pour toute question ou inqui\u00e9tude concernant notre Politique\" \/>\n\t\t<meta property=\"og:url\" content=\"https:\/\/monatglobal.com\/ca\/politique-sur-les-temoins\/?lang=fr\" \/>\n\t\t<meta property=\"article:published_time\" content=\"2020-09-04T16:21:50+00:00\" \/>\n\t\t<meta property=\"article:modified_time\" content=\"2020-09-04T16:23:09+00:00\" \/>\n\t\t<meta name=\"twitter:card\" content=\"summary_large_image\" \/>\n\t\t<meta name=\"twitter:title\" content=\"politique-sur-les-temoins - Monat Canada English\" \/>\n\t\t<meta name=\"twitter:description\" content=\"POLITIQUE SUR LES T\u00c9MOINS MONAT Global Corp Canada ULC Merci d\u2019avoir choisi de faire partie de la communaut\u00e9 de MONAT GlobalCanada ULC (\u00ab MONAT \u00bb, \u00ab Nous \u00bb, ou \u00ab Notre \u00bb. Nous nous engageons \u00e0 prot\u00e9ger vos renseignements personnels et votre droit \u00e0 la vie priv\u00e9e. Pour toute question ou inqui\u00e9tude concernant notre Politique\" \/>\n\t\t<script type=\"application\/ld+json\" class=\"aioseo-schema\">\n\t\t\t{\"@context\":\"https:\\\/\\\/schema.org\",\"@graph\":[{\"@type\":\"BreadcrumbList\",\"@id\":\"https:\\\/\\\/monatglobal.com\\\/ca\\\/politique-sur-les-temoins\\\/?lang=fr#breadcrumblist\",\"itemListElement\":[{\"@type\":\"ListItem\",\"@id\":\"https:\\\/\\\/monatglobal.com\\\/ca#listItem\",\"position\":1,\"name\":\"Home\",\"item\":\"https:\\\/\\\/monatglobal.com\\\/ca\",\"nextItem\":{\"@type\":\"ListItem\",\"@id\":\"https:\\\/\\\/monatglobal.com\\\/ca\\\/politique-sur-les-temoins\\\/?lang=fr#listItem\",\"name\":\"politique-sur-les-temoins\"}},{\"@type\":\"ListItem\",\"@id\":\"https:\\\/\\\/monatglobal.com\\\/ca\\\/politique-sur-les-temoins\\\/?lang=fr#listItem\",\"position\":2,\"name\":\"politique-sur-les-temoins\",\"previousItem\":{\"@type\":\"ListItem\",\"@id\":\"https:\\\/\\\/monatglobal.com\\\/ca#listItem\",\"name\":\"Home\"}}]},{\"@type\":\"Organization\",\"@id\":\"https:\\\/\\\/monatglobal.com\\\/ca\\\/#organization\",\"name\":\"Monat Canada English\",\"description\":\"We Are Modern Nature\",\"url\":\"https:\\\/\\\/monatglobal.com\\\/ca\\\/\"},{\"@type\":\"WebPage\",\"@id\":\"https:\\\/\\\/monatglobal.com\\\/ca\\\/politique-sur-les-temoins\\\/?lang=fr#webpage\",\"url\":\"https:\\\/\\\/monatglobal.com\\\/ca\\\/politique-sur-les-temoins\\\/?lang=fr\",\"name\":\"politique-sur-les-temoins - Monat Canada English\",\"description\":\"POLITIQUE SUR LES T\\u00c9MOINS MONAT Global Corp Canada ULC Merci d\\u2019avoir choisi de faire partie de la communaut\\u00e9 de MONAT GlobalCanada ULC (\\u00ab MONAT \\u00bb, \\u00ab Nous \\u00bb, ou \\u00ab Notre \\u00bb. Nous nous engageons \\u00e0 prot\\u00e9ger vos renseignements personnels et votre droit \\u00e0 la vie priv\\u00e9e. Pour toute question ou inqui\\u00e9tude concernant notre Politique\",\"inLanguage\":\"en-US\",\"isPartOf\":{\"@id\":\"https:\\\/\\\/monatglobal.com\\\/ca\\\/#website\"},\"breadcrumb\":{\"@id\":\"https:\\\/\\\/monatglobal.com\\\/ca\\\/politique-sur-les-temoins\\\/?lang=fr#breadcrumblist\"},\"datePublished\":\"2020-09-04T16:21:50-04:00\",\"dateModified\":\"2020-09-04T16:23:09-04:00\"},{\"@type\":\"WebSite\",\"@id\":\"https:\\\/\\\/monatglobal.com\\\/ca\\\/#website\",\"url\":\"https:\\\/\\\/monatglobal.com\\\/ca\\\/\",\"name\":\"Monat Canada English\",\"description\":\"We Are Modern Nature\",\"inLanguage\":\"en-US\",\"publisher\":{\"@id\":\"https:\\\/\\\/monatglobal.com\\\/ca\\\/#organization\"}}]}\n\t\t<\/script>\n\t\t<!-- All in One SEO Pro -->\r\n\t\t<title>politique-sur-les-temoins - Monat Canada English<\/title>\n\n","aioseo_head_json":{"title":"politique-sur-les-temoins - Monat Canada English","description":"POLITIQUE SUR LES T\u00c9MOINS MONAT Global Corp Canada ULC Merci d\u2019avoir choisi de faire partie de la communaut\u00e9 de MONAT GlobalCanada ULC (\u00ab MONAT \u00bb, \u00ab Nous \u00bb, ou \u00ab Notre \u00bb. Nous nous engageons \u00e0 prot\u00e9ger vos renseignements personnels et votre droit \u00e0 la vie priv\u00e9e. Pour toute question ou inqui\u00e9tude concernant notre Politique","canonical_url":"https:\/\/monatglobal.com\/ca\/politique-sur-les-temoins\/?lang=fr","robots":"max-image-preview:large","keywords":"","webmasterTools":{"miscellaneous":""},"schema":{"@context":"https:\/\/schema.org","@graph":[{"@type":"BreadcrumbList","@id":"https:\/\/monatglobal.com\/ca\/politique-sur-les-temoins\/?lang=fr#breadcrumblist","itemListElement":[{"@type":"ListItem","@id":"https:\/\/monatglobal.com\/ca#listItem","position":1,"name":"Home","item":"https:\/\/monatglobal.com\/ca","nextItem":{"@type":"ListItem","@id":"https:\/\/monatglobal.com\/ca\/politique-sur-les-temoins\/?lang=fr#listItem","name":"politique-sur-les-temoins"}},{"@type":"ListItem","@id":"https:\/\/monatglobal.com\/ca\/politique-sur-les-temoins\/?lang=fr#listItem","position":2,"name":"politique-sur-les-temoins","previousItem":{"@type":"ListItem","@id":"https:\/\/monatglobal.com\/ca#listItem","name":"Home"}}]},{"@type":"Organization","@id":"https:\/\/monatglobal.com\/ca\/#organization","name":"Monat Canada English","description":"We Are Modern Nature","url":"https:\/\/monatglobal.com\/ca\/"},{"@type":"WebPage","@id":"https:\/\/monatglobal.com\/ca\/politique-sur-les-temoins\/?lang=fr#webpage","url":"https:\/\/monatglobal.com\/ca\/politique-sur-les-temoins\/?lang=fr","name":"politique-sur-les-temoins - Monat Canada English","description":"POLITIQUE SUR LES T\u00c9MOINS MONAT Global Corp Canada ULC Merci d\u2019avoir choisi de faire partie de la communaut\u00e9 de MONAT GlobalCanada ULC (\u00ab MONAT \u00bb, \u00ab Nous \u00bb, ou \u00ab Notre \u00bb. Nous nous engageons \u00e0 prot\u00e9ger vos renseignements personnels et votre droit \u00e0 la vie priv\u00e9e. Pour toute question ou inqui\u00e9tude concernant notre Politique","inLanguage":"en-US","isPartOf":{"@id":"https:\/\/monatglobal.com\/ca\/#website"},"breadcrumb":{"@id":"https:\/\/monatglobal.com\/ca\/politique-sur-les-temoins\/?lang=fr#breadcrumblist"},"datePublished":"2020-09-04T16:21:50-04:00","dateModified":"2020-09-04T16:23:09-04:00"},{"@type":"WebSite","@id":"https:\/\/monatglobal.com\/ca\/#website","url":"https:\/\/monatglobal.com\/ca\/","name":"Monat Canada English","description":"We Are Modern Nature","inLanguage":"en-US","publisher":{"@id":"https:\/\/monatglobal.com\/ca\/#organization"}}]},"og:locale":"en_US","og:site_name":"Monat Canada English - We Are Modern Nature","og:type":"article","og:title":"politique-sur-les-temoins - Monat Canada English","og:description":"POLITIQUE SUR LES T\u00c9MOINS MONAT Global Corp Canada ULC Merci d\u2019avoir choisi de faire partie de la communaut\u00e9 de MONAT GlobalCanada ULC (\u00ab MONAT \u00bb, \u00ab Nous \u00bb, ou \u00ab Notre \u00bb. Nous nous engageons \u00e0 prot\u00e9ger vos renseignements personnels et votre droit \u00e0 la vie priv\u00e9e. Pour toute question ou inqui\u00e9tude concernant notre Politique","og:url":"https:\/\/monatglobal.com\/ca\/politique-sur-les-temoins\/?lang=fr","article:published_time":"2020-09-04T16:21:50+00:00","article:modified_time":"2020-09-04T16:23:09+00:00","twitter:card":"summary_large_image","twitter:title":"politique-sur-les-temoins - Monat Canada English","twitter:description":"POLITIQUE SUR LES T\u00c9MOINS MONAT Global Corp Canada ULC Merci d\u2019avoir choisi de faire partie de la communaut\u00e9 de MONAT GlobalCanada ULC (\u00ab MONAT \u00bb, \u00ab Nous \u00bb, ou \u00ab Notre \u00bb. Nous nous engageons \u00e0 prot\u00e9ger vos renseignements personnels et votre droit \u00e0 la vie priv\u00e9e. Pour toute question ou inqui\u00e9tude concernant notre Politique"},"aioseo_meta_data":{"post_id":"54230","title":null,"description":null,"keywords":null,"keyphrases":null,"primary_term":null,"canonical_url":null,"og_title":null,"og_description":null,"og_object_type":"default","og_image_type":"default","og_image_url":null,"og_image_width":null,"og_image_height":null,"og_image_custom_url":null,"og_image_custom_fields":null,"og_video":null,"og_custom_url":null,"og_article_section":null,"og_article_tags":null,"twitter_use_og":false,"twitter_card":"default","twitter_image_type":"default","twitter_image_url":null,"twitter_image_custom_url":null,"twitter_image_custom_fields":null,"twitter_title":null,"twitter_description":null,"schema":{"blockGraphs":[],"customGraphs":[],"default":{"data":{"Article":[],"Course":[],"Dataset":[],"FAQPage":[],"Movie":[],"Person":[],"Product":[],"ProductReview":[],"Car":[],"Recipe":[],"Service":[],"SoftwareApplication":[],"WebPage":[]},"graphName":"","isEnabled":true},"graphs":[]},"schema_type":"default","schema_type_options":null,"pillar_content":false,"robots_default":true,"robots_noindex":false,"robots_noarchive":false,"robots_nosnippet":false,"robots_nofollow":false,"robots_noimageindex":false,"robots_noodp":false,"robots_notranslate":false,"robots_max_snippet":null,"robots_max_videopreview":null,"robots_max_imagepreview":"large","priority":null,"frequency":null,"local_seo":null,"seo_analyzer_scan_date":"2026-02-10 19:02:36","limit_modified_date":false,"reviewed_by":null,"open_ai":null,"ai":null,"created":"2023-07-26 12:50:05","updated":"2026-02-10 19:02:36"},"aioseo_breadcrumb":"<div class=\"aioseo-breadcrumbs\"><span class=\"aioseo-breadcrumb\">\n\t<a href=\"https:\/\/monatglobal.com\/ca\" title=\"Home\">Home<\/a>\n<\/span><span class=\"aioseo-breadcrumb-separator\">&raquo;<\/span><span class=\"aioseo-breadcrumb\">\n\tpolitique-sur-les-temoins\n<\/span><\/div>","aioseo_breadcrumb_json":[{"label":"Home","link":"https:\/\/monatglobal.com\/ca"},{"label":"politique-sur-les-temoins","link":"https:\/\/monatglobal.com\/ca\/politique-sur-les-temoins\/?lang=fr"}],"_links":{"self":[{"href":"https:\/\/monatglobal.com\/ca\/wp-json\/wp\/v2\/pages\/54230","targetHints":{"allow":["GET"]}}],"collection":[{"href":"https:\/\/monatglobal.com\/ca\/wp-json\/wp\/v2\/pages"}],"about":[{"href":"https:\/\/monatglobal.com\/ca\/wp-json\/wp\/v2\/types\/page"}],"author":[{"embeddable":true,"href":"https:\/\/monatglobal.com\/ca\/wp-json\/wp\/v2\/users\/31"}],"replies":[{"embeddable":true,"href":"https:\/\/monatglobal.com\/ca\/wp-json\/wp\/v2\/comments?post=54230"}],"version-history":[{"count":2,"href":"https:\/\/monatglobal.com\/ca\/wp-json\/wp\/v2\/pages\/54230\/revisions"}],"predecessor-version":[{"id":54232,"href":"https:\/\/monatglobal.com\/ca\/wp-json\/wp\/v2\/pages\/54230\/revisions\/54232"}],"wp:attachment":[{"href":"https:\/\/monatglobal.com\/ca\/wp-json\/wp\/v2\/media?parent=54230"}],"wp:term":[{"taxonomy":"category","embeddable":true,"href":"https:\/\/monatglobal.com\/ca\/wp-json\/wp\/v2\/categories?post=54230"},{"taxonomy":"post_tag","embeddable":true,"href":"https:\/\/monatglobal.com\/ca\/wp-json\/wp\/v2\/tags?post=54230"}],"curies":[{"name":"wp","href":"https:\/\/api.w.org\/{rel}","templated":true}]}}