{"id":52763,"date":"2020-07-21T15:52:53","date_gmt":"2020-07-21T15:52:53","guid":{"rendered":"https:\/\/monatglobal.com\/ca\/?page_id=52763"},"modified":"2021-10-22T14:46:45","modified_gmt":"2021-10-22T18:46:45","slug":"director-training-2021","status":"publish","type":"page","link":"https:\/\/monatglobal.com\/ca\/director-training-2021\/","title":{"rendered":"Director Training 2021"},"content":{"rendered":"\n<p>FAIRMONT LE<br>CH\u00c2TEAU<br> MONTEBELLO<\/p>\n<p>Montebello, Quebec<\/p>\n<p>December 13 &#8211; 15, 2021<\/p>\n<p>FAIRMONT LE<br>CH\u00c2TEAU<br> MONTEBELLO<\/p>\n<p>Montebello, Quebec<\/p>\n<p>December 13 &#8211; 15, 2021<\/p>\n<p>FAIRMONT LE<br>CH\u00c2TEAU<br> MONTEBELLO<\/p>\n<p>Montebello, Quebec<\/p>\n<p>December 13 &#8211; 15, 2021<\/p>\n\tJoin us at<br>\nthe 5th Annual Canadian<br>\nDirector Training\n    <a href=\"https:\/\/www.youtube.com\/embed\/fzkabtUIxns?autoplay=1&amp;color=ffffff&amp;title=0&amp;byline=0&amp;portrait=0\"><img loading=\"lazy\" decoding=\"async\" src=\"https:\/\/monatglobal.com\/ca\/wp-content\/uploads\/sites\/5\/2021\/06\/play-btn.png\" height=\"66\" width=\"66\"> <\/a>\n\t<h1>How do I Qualify?<\/h1>\n<h1>You must complete at least one of the below qualifications options to earn your way to the MONAT Canada\u2019s 2021 Canadian Director Training.\n<\/h1>\n\t<p>1.<\/p>\n<hr>\n<p>Rank advance to AED, ED or SED between December 1, 2020 and November 30, 2021 and you automatically earn your trip. <\/p>\n\t<p>or 2.<\/p>\n<hr>\n<p>All AED, ED or SEDs as of June 1, 2021 must be paid as their career rank for 1 of the 6 months in the qualification period and complete 1 Block (enroll 1 MP and 4 VIPs) cumulatively during the qualification period (June 1, 2021 \u2013 November 30, 2021).<\/p>\n\t<p>or 3.<\/p>\n<hr>\n<p>All EDs and SEDs as of June 1, 2021 must be paid as a Director (at least AED), for 3 of the 6 months in the qualification period and complete 1 Block (enroll 1 MP and 4 VIPs) cumulatively during the qualification period (June 1, 2021 \u2013 November 30, 2021).<\/p>\n\t\t\t<a href=\"https:\/\/monatglobal.com\/ca\/wp-content\/uploads\/sites\/5\/2021\/10\/CAN_CanadianDirectorTraining2021_FAQ_V5.pdf\" target=\"_blank\" role=\"button\" rel=\"noopener\">\n\t\t\t\t\t\t\tFAQ\n\t\t\t\t\t<\/a>\n\t<h1>What\u2019s Included?<\/h1>\n<p>Round trip Airfare<\/p>\n<p>for 1 Market Partner<\/p>\n<p>Hotel Accommodations<\/p>\n<p>for program nights (2 nights)<\/p>\n<p>All ground transportation<\/p>\n<p>Meals and excursions planned by MONAT<\/p>\n\t<h1>What\u2019s Included?<\/h1>\n<p>Round trip Airfare for 1 Market Partner<\/p>\n<p>Hotel Accommodations for program nights (2 nights)<\/p>\n<p>All ground transportation<\/p>\n<p>Meals and excursions planned by MONAT<\/p> \n\t<h1>What\u2019s Included?<\/h1>\n<p>Round trip Airfare for 1 Market Partner<\/p>\n<p>Hotel Accommodations for program nights (2 nights)<\/p>\n<p>All ground transportation<\/p>\n<p>Meals and excursions planned by MONAT<\/p>\n\tExperience MONAT Canada\u2019s<br>most coveted event.\n<br>\n<p>We hope to<br>see you there!<\/p>\n<br>\n#MONATCanadaDT\n","protected":false},"excerpt":{"rendered":"<p>FAIRMONT LECH\u00c2TEAU MONTEBELLO Montebello, Quebec December 13 &#8211; 15, 2021 FAIRMONT LECH\u00c2TEAU MONTEBELLO Montebello, Quebec December 13 &#8211; 15, 2021 FAIRMONT LECH\u00c2TEAU MONTEBELLO Montebello, Quebec December 13 &#8211; 15, 2021 Join us at the 5th Annual Canadian Director Training How do I Qualify? You must complete at least one of the below qualifications options to&hellip;<\/p>\n","protected":false},"author":33,"featured_media":61408,"parent":0,"menu_order":0,"comment_status":"closed","ping_status":"closed","template":"template-full-custom.php","meta":{"inline_featured_image":false,"om_disable_all_campaigns":false,"_monsterinsights_skip_tracking":false,"_monsterinsights_sitenote_active":false,"_monsterinsights_sitenote_note":"","_monsterinsights_sitenote_category":0,"footnotes":""},"categories":[],"tags":[],"class_list":["post-52763","page","type-page","status-publish","has-post-thumbnail","hentry"],"aioseo_notices":[],"aioseo_head":"\n\t\t<!-- All in One SEO Pro 4.9.6 - aioseo.com -->\n\t<meta name=\"description\" content=\"FAIRMONT LECH\u00c2TEAU MONTEBELLO Montebello, Quebec December 13 - 15, 2021 FAIRMONT LECH\u00c2TEAU MONTEBELLO Montebello, Quebec December 13 - 15, 2021 FAIRMONT LECH\u00c2TEAU MONTEBELLO Montebello, Quebec December 13 - 15, 2021 Join us at the 5th Annual Canadian Director Training How do I Qualify? You must complete at least one of the below qualifications options to\" \/>\n\t<meta name=\"robots\" content=\"max-image-preview:large\" \/>\n\t<link rel=\"canonical\" href=\"https:\/\/monatglobal.com\/ca\/director-training-2021\/\" \/>\n\t<meta name=\"generator\" content=\"All in One SEO Pro (AIOSEO) 4.9.6\" \/>\n\t\t<meta property=\"og:locale\" content=\"en_US\" \/>\n\t\t<meta property=\"og:site_name\" content=\"Monat Canada English - We Are Modern Nature\" \/>\n\t\t<meta property=\"og:type\" content=\"article\" \/>\n\t\t<meta property=\"og:title\" content=\"Director Training 2021 - Monat Canada English\" \/>\n\t\t<meta property=\"og:description\" content=\"FAIRMONT LECH\u00c2TEAU MONTEBELLO Montebello, Quebec December 13 - 15, 2021 FAIRMONT LECH\u00c2TEAU MONTEBELLO Montebello, Quebec December 13 - 15, 2021 FAIRMONT LECH\u00c2TEAU MONTEBELLO Montebello, Quebec December 13 - 15, 2021 Join us at the 5th Annual Canadian Director Training How do I Qualify? You must complete at least one of the below qualifications options to\" \/>\n\t\t<meta property=\"og:url\" content=\"https:\/\/monatglobal.com\/ca\/director-training-2021\/\" \/>\n\t\t<meta property=\"article:published_time\" content=\"2020-07-21T15:52:53+00:00\" \/>\n\t\t<meta property=\"article:modified_time\" content=\"2021-10-22T18:46:45+00:00\" \/>\n\t\t<meta name=\"twitter:card\" content=\"summary_large_image\" \/>\n\t\t<meta name=\"twitter:title\" content=\"Director Training 2021 - Monat Canada English\" \/>\n\t\t<meta name=\"twitter:description\" content=\"FAIRMONT LECH\u00c2TEAU MONTEBELLO Montebello, Quebec December 13 - 15, 2021 FAIRMONT LECH\u00c2TEAU MONTEBELLO Montebello, Quebec December 13 - 15, 2021 FAIRMONT LECH\u00c2TEAU MONTEBELLO Montebello, Quebec December 13 - 15, 2021 Join us at the 5th Annual Canadian Director Training How do I Qualify? You must complete at least one of the below qualifications options to\" \/>\n\t\t<script type=\"application\/ld+json\" class=\"aioseo-schema\">\n\t\t\t{\"@context\":\"https:\\\/\\\/schema.org\",\"@graph\":[{\"@type\":\"BreadcrumbList\",\"@id\":\"https:\\\/\\\/monatglobal.com\\\/ca\\\/director-training-2021\\\/#breadcrumblist\",\"itemListElement\":[{\"@type\":\"ListItem\",\"@id\":\"https:\\\/\\\/monatglobal.com\\\/ca#listItem\",\"position\":1,\"name\":\"Home\",\"item\":\"https:\\\/\\\/monatglobal.com\\\/ca\",\"nextItem\":{\"@type\":\"ListItem\",\"@id\":\"https:\\\/\\\/monatglobal.com\\\/ca\\\/director-training-2021\\\/#listItem\",\"name\":\"Director Training 2021\"}},{\"@type\":\"ListItem\",\"@id\":\"https:\\\/\\\/monatglobal.com\\\/ca\\\/director-training-2021\\\/#listItem\",\"position\":2,\"name\":\"Director Training 2021\",\"previousItem\":{\"@type\":\"ListItem\",\"@id\":\"https:\\\/\\\/monatglobal.com\\\/ca#listItem\",\"name\":\"Home\"}}]},{\"@type\":\"Organization\",\"@id\":\"https:\\\/\\\/monatglobal.com\\\/ca\\\/#organization\",\"name\":\"Monat Canada English\",\"description\":\"We Are Modern Nature\",\"url\":\"https:\\\/\\\/monatglobal.com\\\/ca\\\/\"},{\"@type\":\"WebPage\",\"@id\":\"https:\\\/\\\/monatglobal.com\\\/ca\\\/director-training-2021\\\/#webpage\",\"url\":\"https:\\\/\\\/monatglobal.com\\\/ca\\\/director-training-2021\\\/\",\"name\":\"Director Training 2021 - Monat Canada English\",\"description\":\"FAIRMONT LECH\\u00c2TEAU MONTEBELLO Montebello, Quebec December 13 - 15, 2021 FAIRMONT LECH\\u00c2TEAU MONTEBELLO Montebello, Quebec December 13 - 15, 2021 FAIRMONT LECH\\u00c2TEAU MONTEBELLO Montebello, Quebec December 13 - 15, 2021 Join us at the 5th Annual Canadian Director Training How do I Qualify? You must complete at least one of the below qualifications options to\",\"inLanguage\":\"en-US\",\"isPartOf\":{\"@id\":\"https:\\\/\\\/monatglobal.com\\\/ca\\\/#website\"},\"breadcrumb\":{\"@id\":\"https:\\\/\\\/monatglobal.com\\\/ca\\\/director-training-2021\\\/#breadcrumblist\"},\"image\":{\"@type\":\"ImageObject\",\"url\":\"https:\\\/\\\/monatglobal.com\\\/ca\\\/wp-content\\\/uploads\\\/sites\\\/5\\\/2021\\\/06\\\/cd-thumb.jpg\",\"@id\":\"https:\\\/\\\/monatglobal.com\\\/ca\\\/director-training-2021\\\/#mainImage\",\"width\":792,\"height\":612},\"primaryImageOfPage\":{\"@id\":\"https:\\\/\\\/monatglobal.com\\\/ca\\\/director-training-2021\\\/#mainImage\"},\"datePublished\":\"2020-07-21T15:52:53-04:00\",\"dateModified\":\"2021-10-22T14:46:45-04:00\"},{\"@type\":\"WebSite\",\"@id\":\"https:\\\/\\\/monatglobal.com\\\/ca\\\/#website\",\"url\":\"https:\\\/\\\/monatglobal.com\\\/ca\\\/\",\"name\":\"Monat Canada English\",\"description\":\"We Are Modern Nature\",\"inLanguage\":\"en-US\",\"publisher\":{\"@id\":\"https:\\\/\\\/monatglobal.com\\\/ca\\\/#organization\"}}]}\n\t\t<\/script>\n\t\t<!-- All in One SEO Pro -->\r\n\t\t<title>Director Training 2021 - Monat Canada English<\/title>\n\n","aioseo_head_json":{"title":"Director Training 2021 - Monat Canada English","description":"FAIRMONT LECH\u00c2TEAU MONTEBELLO Montebello, Quebec December 13 - 15, 2021 FAIRMONT LECH\u00c2TEAU MONTEBELLO Montebello, Quebec December 13 - 15, 2021 FAIRMONT LECH\u00c2TEAU MONTEBELLO Montebello, Quebec December 13 - 15, 2021 Join us at the 5th Annual Canadian Director Training How do I Qualify? You must complete at least one of the below qualifications options to","canonical_url":"https:\/\/monatglobal.com\/ca\/director-training-2021\/","robots":"max-image-preview:large","keywords":"","webmasterTools":{"miscellaneous":""},"schema":{"@context":"https:\/\/schema.org","@graph":[{"@type":"BreadcrumbList","@id":"https:\/\/monatglobal.com\/ca\/director-training-2021\/#breadcrumblist","itemListElement":[{"@type":"ListItem","@id":"https:\/\/monatglobal.com\/ca#listItem","position":1,"name":"Home","item":"https:\/\/monatglobal.com\/ca","nextItem":{"@type":"ListItem","@id":"https:\/\/monatglobal.com\/ca\/director-training-2021\/#listItem","name":"Director Training 2021"}},{"@type":"ListItem","@id":"https:\/\/monatglobal.com\/ca\/director-training-2021\/#listItem","position":2,"name":"Director Training 2021","previousItem":{"@type":"ListItem","@id":"https:\/\/monatglobal.com\/ca#listItem","name":"Home"}}]},{"@type":"Organization","@id":"https:\/\/monatglobal.com\/ca\/#organization","name":"Monat Canada English","description":"We Are Modern Nature","url":"https:\/\/monatglobal.com\/ca\/"},{"@type":"WebPage","@id":"https:\/\/monatglobal.com\/ca\/director-training-2021\/#webpage","url":"https:\/\/monatglobal.com\/ca\/director-training-2021\/","name":"Director Training 2021 - Monat Canada English","description":"FAIRMONT LECH\u00c2TEAU MONTEBELLO Montebello, Quebec December 13 - 15, 2021 FAIRMONT LECH\u00c2TEAU MONTEBELLO Montebello, Quebec December 13 - 15, 2021 FAIRMONT LECH\u00c2TEAU MONTEBELLO Montebello, Quebec December 13 - 15, 2021 Join us at the 5th Annual Canadian Director Training How do I Qualify? You must complete at least one of the below qualifications options to","inLanguage":"en-US","isPartOf":{"@id":"https:\/\/monatglobal.com\/ca\/#website"},"breadcrumb":{"@id":"https:\/\/monatglobal.com\/ca\/director-training-2021\/#breadcrumblist"},"image":{"@type":"ImageObject","url":"https:\/\/monatglobal.com\/ca\/wp-content\/uploads\/sites\/5\/2021\/06\/cd-thumb.jpg","@id":"https:\/\/monatglobal.com\/ca\/director-training-2021\/#mainImage","width":792,"height":612},"primaryImageOfPage":{"@id":"https:\/\/monatglobal.com\/ca\/director-training-2021\/#mainImage"},"datePublished":"2020-07-21T15:52:53-04:00","dateModified":"2021-10-22T14:46:45-04:00"},{"@type":"WebSite","@id":"https:\/\/monatglobal.com\/ca\/#website","url":"https:\/\/monatglobal.com\/ca\/","name":"Monat Canada English","description":"We Are Modern Nature","inLanguage":"en-US","publisher":{"@id":"https:\/\/monatglobal.com\/ca\/#organization"}}]},"og:locale":"en_US","og:site_name":"Monat Canada English - We Are Modern Nature","og:type":"article","og:title":"Director Training 2021 - Monat Canada English","og:description":"FAIRMONT LECH\u00c2TEAU MONTEBELLO Montebello, Quebec December 13 - 15, 2021 FAIRMONT LECH\u00c2TEAU MONTEBELLO Montebello, Quebec December 13 - 15, 2021 FAIRMONT LECH\u00c2TEAU MONTEBELLO Montebello, Quebec December 13 - 15, 2021 Join us at the 5th Annual Canadian Director Training How do I Qualify? You must complete at least one of the below qualifications options to","og:url":"https:\/\/monatglobal.com\/ca\/director-training-2021\/","article:published_time":"2020-07-21T15:52:53+00:00","article:modified_time":"2021-10-22T18:46:45+00:00","twitter:card":"summary_large_image","twitter:title":"Director Training 2021 - Monat Canada English","twitter:description":"FAIRMONT LECH\u00c2TEAU MONTEBELLO Montebello, Quebec December 13 - 15, 2021 FAIRMONT LECH\u00c2TEAU MONTEBELLO Montebello, Quebec December 13 - 15, 2021 FAIRMONT LECH\u00c2TEAU MONTEBELLO Montebello, Quebec December 13 - 15, 2021 Join us at the 5th Annual Canadian Director Training How do I Qualify? You must complete at least one of the below qualifications options to"},"aioseo_meta_data":{"post_id":"52763","title":null,"description":null,"keywords":null,"keyphrases":null,"primary_term":null,"canonical_url":null,"og_title":null,"og_description":null,"og_object_type":"default","og_image_type":"default","og_image_url":null,"og_image_width":null,"og_image_height":null,"og_image_custom_url":null,"og_image_custom_fields":null,"og_video":null,"og_custom_url":null,"og_article_section":null,"og_article_tags":null,"twitter_use_og":false,"twitter_card":"default","twitter_image_type":"default","twitter_image_url":null,"twitter_image_custom_url":null,"twitter_image_custom_fields":null,"twitter_title":null,"twitter_description":null,"schema":{"blockGraphs":[],"customGraphs":[],"default":{"data":{"Article":[],"Course":[],"Dataset":[],"FAQPage":[],"Movie":[],"Person":[],"Product":[],"ProductReview":[],"Car":[],"Recipe":[],"Service":[],"SoftwareApplication":[],"WebPage":[]},"graphName":"","isEnabled":true},"graphs":[]},"schema_type":"default","schema_type_options":null,"pillar_content":false,"robots_default":true,"robots_noindex":false,"robots_noarchive":false,"robots_nosnippet":false,"robots_nofollow":false,"robots_noimageindex":false,"robots_noodp":false,"robots_notranslate":false,"robots_max_snippet":null,"robots_max_videopreview":null,"robots_max_imagepreview":"large","priority":null,"frequency":null,"local_seo":null,"seo_analyzer_scan_date":"2026-02-10 18:49:44","limit_modified_date":false,"reviewed_by":null,"open_ai":null,"ai":null,"created":"2023-07-26 12:48:21","updated":"2026-02-10 18:49:44"},"aioseo_breadcrumb":"<div class=\"aioseo-breadcrumbs\"><span class=\"aioseo-breadcrumb\">\n\t<a href=\"https:\/\/monatglobal.com\/ca\" title=\"Home\">Home<\/a>\n<\/span><span class=\"aioseo-breadcrumb-separator\">&raquo;<\/span><span class=\"aioseo-breadcrumb\">\n\tDirector Training 2021\n<\/span><\/div>","aioseo_breadcrumb_json":[{"label":"Home","link":"https:\/\/monatglobal.com\/ca"},{"label":"Director Training 2021","link":"https:\/\/monatglobal.com\/ca\/director-training-2021\/"}],"_links":{"self":[{"href":"https:\/\/monatglobal.com\/ca\/wp-json\/wp\/v2\/pages\/52763","targetHints":{"allow":["GET"]}}],"collection":[{"href":"https:\/\/monatglobal.com\/ca\/wp-json\/wp\/v2\/pages"}],"about":[{"href":"https:\/\/monatglobal.com\/ca\/wp-json\/wp\/v2\/types\/page"}],"author":[{"embeddable":true,"href":"https:\/\/monatglobal.com\/ca\/wp-json\/wp\/v2\/users\/33"}],"replies":[{"embeddable":true,"href":"https:\/\/monatglobal.com\/ca\/wp-json\/wp\/v2\/comments?post=52763"}],"version-history":[{"count":79,"href":"https:\/\/monatglobal.com\/ca\/wp-json\/wp\/v2\/pages\/52763\/revisions"}],"predecessor-version":[{"id":65505,"href":"https:\/\/monatglobal.com\/ca\/wp-json\/wp\/v2\/pages\/52763\/revisions\/65505"}],"wp:featuredmedia":[{"embeddable":true,"href":"https:\/\/monatglobal.com\/ca\/wp-json\/wp\/v2\/media\/61408"}],"wp:attachment":[{"href":"https:\/\/monatglobal.com\/ca\/wp-json\/wp\/v2\/media?parent=52763"}],"wp:term":[{"taxonomy":"category","embeddable":true,"href":"https:\/\/monatglobal.com\/ca\/wp-json\/wp\/v2\/categories?post=52763"},{"taxonomy":"post_tag","embeddable":true,"href":"https:\/\/monatglobal.com\/ca\/wp-json\/wp\/v2\/tags?post=52763"}],"curies":[{"name":"wp","href":"https:\/\/api.w.org\/{rel}","templated":true}]}}