{"id":52587,"date":"2020-07-10T21:58:57","date_gmt":"2020-07-10T21:58:57","guid":{"rendered":"https:\/\/monatglobal.com\/ca\/?page_id=52587"},"modified":"2026-01-02T11:07:13","modified_gmt":"2026-01-02T16:07:13","slug":"flexible-hold-gel","status":"publish","type":"page","link":"https:\/\/monatglobal.com\/ca\/flexible-hold-gel\/?lang=fr","title":{"rendered":"Gel tenue flexible MONAT STUDIO ONE\u2122"},"content":{"rendered":"\n<img decoding=\"async\" src=\"https:\/\/monatglobal.com\/wp-content\/uploads\/2018\/11\/studio-one-bar-1.png\" alt=\"MONAT-COLOR-ENHANCER\" width=\"135\" height=\"\">\n\t<img loading=\"lazy\" decoding=\"async\" src=\"https:\/\/monatglobal.com\/ca\/wp-content\/uploads\/sites\/5\/2020\/08\/SO-Flexible-Hold-Gel-500x438.png\" alt=\"MONAT Studio One Gel Tenue Flexible\" width=\"350\" height=\"400\">\n    <h1>GEL TENUE FLEXIBLE<br><strong>\n    MONAT STUDIO ONE\u2122<\/strong><\/h1>\n    <hr>\n\t<p><em>Ce produit longue dur\u00e9e offre tenue et ma\u00eetrise les frisottis<\/em><\/p>\n148 ml e 5 oz liq.\n   <strong>Prix de client VIP<\/strong><br>\n  43,00 $ CA<br>\n     <strong>Prix de d\u00e9tail<\/strong><br>\n     50,00 $ CA<br>\n   <strong>Prix de client VIP<\/strong><br>\n  39,00 $ CA<br>\n     <strong>Prix de d\u00e9tail<\/strong><br>\n     46,00 $ CA<br>\n\t<p>Pour en savoir plus sur le Gel tenue flexible MONAT STUDIO ONE\u2122, veuillez contacter votre partenaire de march\u00e9 MONAT.<\/p>\n\t<a href=\"https:\/\/corp.mymonat.com\/shop\/products\/flexible-hold-gel-5-0-oz?taxon_id=21\/?globallanguage=fr&amp;globalmarket=ca\" target=\"_blank\" role=\"button\" aria-label=\"Go to GEL TENUE FLEXIBLE MONAT STUDIO ONE\u2122 shop\" rel=\"noopener\">MAGASINEZ<\/a>\n<h2>\n\t\tPOURQUOI \u00c7A MARCHE\n\t<\/h2>\n\t<p>Le Gel tenue flexible MONAT STUDIO ONE\u2122 ma\u00eetrise les frisottis et fixe les cheveux.<\/p>\n<p>Ce gel l\u00e9ger \u00e0 microcristaux et \u00e0 tenue forte contient une alternative d&#8217;origine v\u00e9g\u00e9tale aux silicones, qui ma\u00eetrise les cheveux sans laisser de pellicules, sans sacrifier la souplesse et sans alourdir les cheveux. La formule transparente de ce gel sans silicones offre une tenue flexible pour un effet naturel.<\/p>\n<h2>\n\t\tBIENFAITS\n\t<\/h2>\n\t<p>Offre une tenue forte et ma\u00eetrise les cheveux, permettant de cr\u00e9er plusieurs looks soign\u00e9s.  Il convient \u00e0 tous les types et toutes les textures de cheveux et il est s\u00e9curitaire pour les cheveux color\u00e9s. Ce produit est soumis \u00e0 des tests d&#8217;allergie et dermatologiques.<\/p>\n<h2>\n\t\tCONSEILS D&#8217;UTILISATION\n\t<\/h2>\n\t<ul>\n<li>Verser une petite quantit\u00e9 de gel dans la paume et frotter les mains ensemble.<\/li>\n<li>Appliquer de fa\u00e7on uniforme en passant les doigts dans les cheveux. <\/li>\n<li>Coiffer tel que d\u00e9sir\u00e9. <\/li>\n<\/ul>\n<h2>\n\t\tINGR\u00c9DIENTS CL\u00c9S \n\t<\/h2>\n\t<p><img loading=\"lazy\" decoding=\"async\" src=\"https:\/\/monatglobal.com\/wp-content\/uploads\/2018\/10\/ingredient_root_lifter-1.png\" alt=\"ingredient_root_lifter\" width=\"183\" height=\"174\"><\/p>\n\t<p><strong>AquaStyle\u2122 300 AF <\/strong><\/p>\n<p><strong>REJUVENIQE<sup>\u00ae<\/sup><\/strong><\/p>\n\t<p><strong>FISION KeraVeg18<\/strong><\/p>\n<p><strong>Panthenol<\/strong><\/p>\n<h2>\n\t\tLISTE D&#8217;INGR\u00c9DIENTS\n\t<\/h2>\n\t<p>Aqua\/Water\/Eau, Glycerin, Alcohol Denat, Caprylyl\/Capryl Glucoside, VP\/Dimethylaminoethylmethacrylate Copolymer, Polyglyceryl-10 Laurate, Polyquaternium-69, Panthenol, Limnanthes Alba (Meadowfoam) Seed Oil, Crambe Abyssinica Seed Oil, Camellia Oleifera Seed Oil, \tSolanum Lycopersicum (Tomato) Seed Oil, Daucus Carota Sativa (Carrot) Seed Oil, Citrus Limon (Lemon) Peel Oil, Citrus Aurantifolia (Lime) Oil, Citrus Aurantium Bergamia (Bergamot) Fruit Oil, Adansonia Digitata Oil, Mauritia Flexuosa Fruit Oil, Cocos Nucifera (Coconut) Oil, Gardenia Taitensis Flower Extract, Moringa Oleifera Seed Oil, Caryocar Brasiliense Fruit Oil, Helianthus Annuus (Sunflower) Seed Oil, Polyglyceryl-10 Oleate, Tetrasodium EDTA, Carbomer, Aminomethyl Propanol, Fragrance\/Parfum, Benzyl Alcohol, Ethylhexylglycerin, Tocopherol, Citral, Citronellol, Limonene, Hexyl Cinnamal, Linalool.<\/p>\n<h2>\n\t\tVOUS POURRIEZ AUSSI AIMER\n\t<\/h2>\n<h3>\n\t\t<a href=\"https:\/\/monatglobal.com\/ca\/products\/?lang=fr&#038;line=soins-capillaires\" title=\"TOUS LES SOINS CAPILLAIRES\" target=\"_self\" rel=\"noopener\">\n\t\tTOUS LES SOINS CAPILLAIRES\n\t\t<\/a>\n\t<\/h3>\n","protected":false},"excerpt":{"rendered":"<p>GEL TENUE FLEXIBLE MONAT STUDIO ONE\u2122 Ce produit longue dur\u00e9e offre tenue et ma\u00eetrise les frisottis 148 ml e 5 oz liq. Prix de client VIP 43,00 $ CA Prix de d\u00e9tail 50,00 $ CA Prix de client VIP 39,00 $ CA Prix de d\u00e9tail 46,00 $ CA Pour en savoir plus sur le Gel&hellip;<\/p>\n","protected":false},"author":31,"featured_media":53635,"parent":0,"menu_order":0,"comment_status":"closed","ping_status":"closed","template":"","meta":{"inline_featured_image":false,"om_disable_all_campaigns":false,"_monsterinsights_skip_tracking":false,"_monsterinsights_sitenote_active":false,"_monsterinsights_sitenote_note":"","_monsterinsights_sitenote_category":0,"footnotes":""},"categories":[3629],"tags":[],"class_list":["post-52587","page","type-page","status-publish","has-post-thumbnail","hentry","category-product-fra"],"aioseo_notices":[],"aioseo_head":"\n\t\t<!-- All in One SEO Pro 4.9.6 - aioseo.com -->\n\t<meta name=\"description\" content=\"GEL TENUE FLEXIBLE MONAT STUDIO ONE\u2122 Ce produit longue dur\u00e9e offre tenue et ma\u00eetrise les frisottis 148 ml e 5 oz liq. Prix de client VIP 43,00 $ CA Prix de d\u00e9tail 50,00 $ CA Prix de client VIP 39,00 $ CA Prix de d\u00e9tail 46,00 $ CA Pour en savoir plus sur le Gel\" \/>\n\t<meta name=\"robots\" content=\"max-image-preview:large\" \/>\n\t<link rel=\"canonical\" href=\"https:\/\/monatglobal.com\/ca\/flexible-hold-gel\/?lang=fr\" \/>\n\t<meta name=\"generator\" content=\"All in One SEO Pro (AIOSEO) 4.9.6\" \/>\n\t\t<meta property=\"og:locale\" content=\"en_US\" \/>\n\t\t<meta property=\"og:site_name\" content=\"Monat Canada English - We Are Modern Nature\" \/>\n\t\t<meta property=\"og:type\" content=\"article\" \/>\n\t\t<meta property=\"og:title\" content=\"Gel tenue flexible MONAT STUDIO ONE\u2122 - Monat Canada English\" \/>\n\t\t<meta property=\"og:description\" content=\"GEL TENUE FLEXIBLE MONAT STUDIO ONE\u2122 Ce produit longue dur\u00e9e offre tenue et ma\u00eetrise les frisottis 148 ml e 5 oz liq. Prix de client VIP 43,00 $ CA Prix de d\u00e9tail 50,00 $ CA Prix de client VIP 39,00 $ CA Prix de d\u00e9tail 46,00 $ CA Pour en savoir plus sur le Gel\" \/>\n\t\t<meta property=\"og:url\" content=\"https:\/\/monatglobal.com\/ca\/flexible-hold-gel\/?lang=fr\" \/>\n\t\t<meta property=\"article:published_time\" content=\"2020-07-10T21:58:57+00:00\" \/>\n\t\t<meta property=\"article:modified_time\" content=\"2026-01-02T16:07:13+00:00\" \/>\n\t\t<meta name=\"twitter:card\" content=\"summary_large_image\" \/>\n\t\t<meta name=\"twitter:title\" content=\"Gel tenue flexible MONAT STUDIO ONE\u2122 - Monat Canada English\" \/>\n\t\t<meta name=\"twitter:description\" content=\"GEL TENUE FLEXIBLE MONAT STUDIO ONE\u2122 Ce produit longue dur\u00e9e offre tenue et ma\u00eetrise les frisottis 148 ml e 5 oz liq. Prix de client VIP 43,00 $ CA Prix de d\u00e9tail 50,00 $ CA Prix de client VIP 39,00 $ CA Prix de d\u00e9tail 46,00 $ CA Pour en savoir plus sur le Gel\" \/>\n\t\t<script type=\"application\/ld+json\" class=\"aioseo-schema\">\n\t\t\t{\"@context\":\"https:\\\/\\\/schema.org\",\"@graph\":[{\"@type\":\"BreadcrumbList\",\"@id\":\"https:\\\/\\\/monatglobal.com\\\/ca\\\/flexible-hold-gel\\\/?lang=fr#breadcrumblist\",\"itemListElement\":[{\"@type\":\"ListItem\",\"@id\":\"https:\\\/\\\/monatglobal.com\\\/ca#listItem\",\"position\":1,\"name\":\"Home\",\"item\":\"https:\\\/\\\/monatglobal.com\\\/ca\",\"nextItem\":{\"@type\":\"ListItem\",\"@id\":\"https:\\\/\\\/monatglobal.com\\\/ca\\\/flexible-hold-gel\\\/?lang=fr#listItem\",\"name\":\"Gel tenue flexible MONAT STUDIO ONE\\u2122\"}},{\"@type\":\"ListItem\",\"@id\":\"https:\\\/\\\/monatglobal.com\\\/ca\\\/flexible-hold-gel\\\/?lang=fr#listItem\",\"position\":2,\"name\":\"Gel tenue flexible MONAT STUDIO ONE\\u2122\",\"previousItem\":{\"@type\":\"ListItem\",\"@id\":\"https:\\\/\\\/monatglobal.com\\\/ca#listItem\",\"name\":\"Home\"}}]},{\"@type\":\"Organization\",\"@id\":\"https:\\\/\\\/monatglobal.com\\\/ca\\\/#organization\",\"name\":\"Monat Canada English\",\"description\":\"We Are Modern Nature\",\"url\":\"https:\\\/\\\/monatglobal.com\\\/ca\\\/\"},{\"@type\":\"WebPage\",\"@id\":\"https:\\\/\\\/monatglobal.com\\\/ca\\\/flexible-hold-gel\\\/?lang=fr#webpage\",\"url\":\"https:\\\/\\\/monatglobal.com\\\/ca\\\/flexible-hold-gel\\\/?lang=fr\",\"name\":\"Gel tenue flexible MONAT STUDIO ONE\\u2122 - Monat Canada English\",\"description\":\"GEL TENUE FLEXIBLE MONAT STUDIO ONE\\u2122 Ce produit longue dur\\u00e9e offre tenue et ma\\u00eetrise les frisottis 148 ml e 5 oz liq. Prix de client VIP 43,00 $ CA Prix de d\\u00e9tail 50,00 $ CA Prix de client VIP 39,00 $ CA Prix de d\\u00e9tail 46,00 $ CA Pour en savoir plus sur le Gel\",\"inLanguage\":\"en-US\",\"isPartOf\":{\"@id\":\"https:\\\/\\\/monatglobal.com\\\/ca\\\/#website\"},\"breadcrumb\":{\"@id\":\"https:\\\/\\\/monatglobal.com\\\/ca\\\/flexible-hold-gel\\\/?lang=fr#breadcrumblist\"},\"image\":{\"@type\":\"ImageObject\",\"url\":\"https:\\\/\\\/monatglobal.com\\\/ca\\\/wp-content\\\/uploads\\\/sites\\\/5\\\/2020\\\/08\\\/SO-Flexible-Hold-Gel-500x438.png\",\"@id\":\"https:\\\/\\\/monatglobal.com\\\/ca\\\/flexible-hold-gel\\\/?lang=fr\\\/#mainImage\",\"width\":438,\"height\":500},\"primaryImageOfPage\":{\"@id\":\"https:\\\/\\\/monatglobal.com\\\/ca\\\/flexible-hold-gel\\\/?lang=fr#mainImage\"},\"datePublished\":\"2020-07-10T21:58:57-04:00\",\"dateModified\":\"2026-01-02T11:07:13-05:00\"},{\"@type\":\"WebSite\",\"@id\":\"https:\\\/\\\/monatglobal.com\\\/ca\\\/#website\",\"url\":\"https:\\\/\\\/monatglobal.com\\\/ca\\\/\",\"name\":\"Monat Canada English\",\"description\":\"We Are Modern Nature\",\"inLanguage\":\"en-US\",\"publisher\":{\"@id\":\"https:\\\/\\\/monatglobal.com\\\/ca\\\/#organization\"}}]}\n\t\t<\/script>\n\t\t<!-- All in One SEO Pro -->\r\n\t\t<title>Gel tenue flexible MONAT STUDIO ONE\u2122 - Monat Canada English<\/title>\n\n","aioseo_head_json":{"title":"Gel tenue flexible MONAT STUDIO ONE\u2122 - Monat Canada English","description":"GEL TENUE FLEXIBLE MONAT STUDIO ONE\u2122 Ce produit longue dur\u00e9e offre tenue et ma\u00eetrise les frisottis 148 ml e 5 oz liq. Prix de client VIP 43,00 $ CA Prix de d\u00e9tail 50,00 $ CA Prix de client VIP 39,00 $ CA Prix de d\u00e9tail 46,00 $ CA Pour en savoir plus sur le Gel","canonical_url":"https:\/\/monatglobal.com\/ca\/flexible-hold-gel\/?lang=fr","robots":"max-image-preview:large","keywords":"","webmasterTools":{"miscellaneous":""},"schema":{"@context":"https:\/\/schema.org","@graph":[{"@type":"BreadcrumbList","@id":"https:\/\/monatglobal.com\/ca\/flexible-hold-gel\/?lang=fr#breadcrumblist","itemListElement":[{"@type":"ListItem","@id":"https:\/\/monatglobal.com\/ca#listItem","position":1,"name":"Home","item":"https:\/\/monatglobal.com\/ca","nextItem":{"@type":"ListItem","@id":"https:\/\/monatglobal.com\/ca\/flexible-hold-gel\/?lang=fr#listItem","name":"Gel tenue flexible MONAT STUDIO ONE\u2122"}},{"@type":"ListItem","@id":"https:\/\/monatglobal.com\/ca\/flexible-hold-gel\/?lang=fr#listItem","position":2,"name":"Gel tenue flexible MONAT STUDIO ONE\u2122","previousItem":{"@type":"ListItem","@id":"https:\/\/monatglobal.com\/ca#listItem","name":"Home"}}]},{"@type":"Organization","@id":"https:\/\/monatglobal.com\/ca\/#organization","name":"Monat Canada English","description":"We Are Modern Nature","url":"https:\/\/monatglobal.com\/ca\/"},{"@type":"WebPage","@id":"https:\/\/monatglobal.com\/ca\/flexible-hold-gel\/?lang=fr#webpage","url":"https:\/\/monatglobal.com\/ca\/flexible-hold-gel\/?lang=fr","name":"Gel tenue flexible MONAT STUDIO ONE\u2122 - Monat Canada English","description":"GEL TENUE FLEXIBLE MONAT STUDIO ONE\u2122 Ce produit longue dur\u00e9e offre tenue et ma\u00eetrise les frisottis 148 ml e 5 oz liq. Prix de client VIP 43,00 $ CA Prix de d\u00e9tail 50,00 $ CA Prix de client VIP 39,00 $ CA Prix de d\u00e9tail 46,00 $ CA Pour en savoir plus sur le Gel","inLanguage":"en-US","isPartOf":{"@id":"https:\/\/monatglobal.com\/ca\/#website"},"breadcrumb":{"@id":"https:\/\/monatglobal.com\/ca\/flexible-hold-gel\/?lang=fr#breadcrumblist"},"image":{"@type":"ImageObject","url":"https:\/\/monatglobal.com\/ca\/wp-content\/uploads\/sites\/5\/2020\/08\/SO-Flexible-Hold-Gel-500x438.png","@id":"https:\/\/monatglobal.com\/ca\/flexible-hold-gel\/?lang=fr\/#mainImage","width":438,"height":500},"primaryImageOfPage":{"@id":"https:\/\/monatglobal.com\/ca\/flexible-hold-gel\/?lang=fr#mainImage"},"datePublished":"2020-07-10T21:58:57-04:00","dateModified":"2026-01-02T11:07:13-05:00"},{"@type":"WebSite","@id":"https:\/\/monatglobal.com\/ca\/#website","url":"https:\/\/monatglobal.com\/ca\/","name":"Monat Canada English","description":"We Are Modern Nature","inLanguage":"en-US","publisher":{"@id":"https:\/\/monatglobal.com\/ca\/#organization"}}]},"og:locale":"en_US","og:site_name":"Monat Canada English - We Are Modern Nature","og:type":"article","og:title":"Gel tenue flexible MONAT STUDIO ONE\u2122 - Monat Canada English","og:description":"GEL TENUE FLEXIBLE MONAT STUDIO ONE\u2122 Ce produit longue dur\u00e9e offre tenue et ma\u00eetrise les frisottis 148 ml e 5 oz liq. Prix de client VIP 43,00 $ CA Prix de d\u00e9tail 50,00 $ CA Prix de client VIP 39,00 $ CA Prix de d\u00e9tail 46,00 $ CA Pour en savoir plus sur le Gel","og:url":"https:\/\/monatglobal.com\/ca\/flexible-hold-gel\/?lang=fr","article:published_time":"2020-07-10T21:58:57+00:00","article:modified_time":"2026-01-02T16:07:13+00:00","twitter:card":"summary_large_image","twitter:title":"Gel tenue flexible MONAT STUDIO ONE\u2122 - Monat Canada English","twitter:description":"GEL TENUE FLEXIBLE MONAT STUDIO ONE\u2122 Ce produit longue dur\u00e9e offre tenue et ma\u00eetrise les frisottis 148 ml e 5 oz liq. Prix de client VIP 43,00 $ CA Prix de d\u00e9tail 50,00 $ CA Prix de client VIP 39,00 $ CA Prix de d\u00e9tail 46,00 $ CA Pour en savoir plus sur le Gel"},"aioseo_meta_data":{"post_id":"52587","title":null,"description":null,"keywords":null,"keyphrases":null,"primary_term":null,"canonical_url":null,"og_title":null,"og_description":null,"og_object_type":"default","og_image_type":"default","og_image_url":null,"og_image_width":null,"og_image_height":null,"og_image_custom_url":null,"og_image_custom_fields":null,"og_video":null,"og_custom_url":null,"og_article_section":null,"og_article_tags":null,"twitter_use_og":false,"twitter_card":"default","twitter_image_type":"default","twitter_image_url":null,"twitter_image_custom_url":null,"twitter_image_custom_fields":null,"twitter_title":null,"twitter_description":null,"schema":{"blockGraphs":[],"customGraphs":[],"default":{"data":{"Article":[],"Course":[],"Dataset":[],"FAQPage":[],"Movie":[],"Person":[],"Product":[],"ProductReview":[],"Car":[],"Recipe":[],"Service":[],"SoftwareApplication":[],"WebPage":[]},"graphName":"WebPage","isEnabled":true},"graphs":[]},"schema_type":"default","schema_type_options":null,"pillar_content":false,"robots_default":true,"robots_noindex":false,"robots_noarchive":false,"robots_nosnippet":false,"robots_nofollow":false,"robots_noimageindex":false,"robots_noodp":false,"robots_notranslate":false,"robots_max_snippet":null,"robots_max_videopreview":null,"robots_max_imagepreview":"large","priority":null,"frequency":null,"local_seo":null,"seo_analyzer_scan_date":"2026-02-10 18:49:40","limit_modified_date":false,"reviewed_by":null,"open_ai":null,"ai":null,"created":"2023-07-26 12:48:21","updated":"2026-02-10 19:03:05"},"aioseo_breadcrumb":"<div class=\"aioseo-breadcrumbs\"><span class=\"aioseo-breadcrumb\">\n\t<a href=\"https:\/\/monatglobal.com\/ca\" title=\"Home\">Home<\/a>\n<\/span><span class=\"aioseo-breadcrumb-separator\">&raquo;<\/span><span class=\"aioseo-breadcrumb\">\n\tGel tenue flexible MONAT STUDIO ONE\u2122\n<\/span><\/div>","aioseo_breadcrumb_json":[{"label":"Home","link":"https:\/\/monatglobal.com\/ca"},{"label":"Gel tenue flexible MONAT STUDIO ONE\u2122","link":"https:\/\/monatglobal.com\/ca\/flexible-hold-gel\/?lang=fr"}],"_links":{"self":[{"href":"https:\/\/monatglobal.com\/ca\/wp-json\/wp\/v2\/pages\/52587","targetHints":{"allow":["GET"]}}],"collection":[{"href":"https:\/\/monatglobal.com\/ca\/wp-json\/wp\/v2\/pages"}],"about":[{"href":"https:\/\/monatglobal.com\/ca\/wp-json\/wp\/v2\/types\/page"}],"author":[{"embeddable":true,"href":"https:\/\/monatglobal.com\/ca\/wp-json\/wp\/v2\/users\/31"}],"replies":[{"embeddable":true,"href":"https:\/\/monatglobal.com\/ca\/wp-json\/wp\/v2\/comments?post=52587"}],"version-history":[{"count":29,"href":"https:\/\/monatglobal.com\/ca\/wp-json\/wp\/v2\/pages\/52587\/revisions"}],"predecessor-version":[{"id":109305,"href":"https:\/\/monatglobal.com\/ca\/wp-json\/wp\/v2\/pages\/52587\/revisions\/109305"}],"wp:featuredmedia":[{"embeddable":true,"href":"https:\/\/monatglobal.com\/ca\/wp-json\/wp\/v2\/media\/53635"}],"wp:attachment":[{"href":"https:\/\/monatglobal.com\/ca\/wp-json\/wp\/v2\/media?parent=52587"}],"wp:term":[{"taxonomy":"category","embeddable":true,"href":"https:\/\/monatglobal.com\/ca\/wp-json\/wp\/v2\/categories?post=52587"},{"taxonomy":"post_tag","embeddable":true,"href":"https:\/\/monatglobal.com\/ca\/wp-json\/wp\/v2\/tags?post=52587"}],"curies":[{"name":"wp","href":"https:\/\/api.w.org\/{rel}","templated":true}]}}