{"id":52205,"date":"2020-06-22T14:32:03","date_gmt":"2020-06-22T14:32:03","guid":{"rendered":"https:\/\/monatglobal.com\/ca\/?page_id=52205"},"modified":"2020-07-13T04:02:29","modified_gmt":"2020-07-13T04:02:29","slug":"nominations-monat-hero-2020","status":"publish","type":"page","link":"https:\/\/monatglobal.com\/ca\/nominations-monat-hero-2020\/?lang=fr","title":{"rendered":"Nominations MONAT Chairman&#8217;s Award 2020"},"content":{"rendered":"\n\t\t\t\t<img loading=\"lazy\" decoding=\"async\" src=\"https:\/\/monatglobal.com\/ca\/wp-content\/uploads\/sites\/5\/2020\/06\/MONAT-hero-2020-FR.png\" alt=\"MONAT-hero-2020-FR\" itemprop=\"image\" height=\"341\" width=\"588\" title=\"MONAT-hero-2020-FR\"  \/>\n\t DU 25 JUIN AU 10 JUILLET\n \n\t\t\t\t<img loading=\"lazy\" decoding=\"async\" src=\"https:\/\/monatglobal.com\/ca\/wp-content\/uploads\/sites\/5\/2020\/06\/MONAT-hero-2020-FR.png\" alt=\"MONAT-hero-2020-FR\" itemprop=\"image\" height=\"341\" width=\"588\" title=\"MONAT-hero-2020-FR\"  \/>\n\t DU 25 JUIN AU 10 JUILLET\n\n\t <h1>P\u00e9riode de mise en nomination &#8211; du 22 juin au 10 juillet 2020 <\/h1>\n\t<h1>C\u2019est le temps de proposer vos nominations pour le Prix du pr\u00e9sident du conseil 2020!<br>\nChaque ann\u00e9e, le Prix du pr\u00e9sident du conseil est pr\u00e9sent\u00e9 \u00e0 un partenaire de march\u00e9 mis en nomination par ses pairs, le H\u00e9ros MONAT de l\u2019ann\u00e9e!<\/h1>\n\t\t\t\t<img loading=\"lazy\" decoding=\"async\" src=\"https:\/\/monatglobal.com\/wp-content\/uploads\/2020\/06\/chairman-award_2020.png\" alt=\"chairman-award_2020\" itemprop=\"image\" height=\"340\" width=\"300\" title=\"chairman-award_2020\"  \/>\n\t<p>Un h\u00e9ros de MONAT fait <strong>plus<\/strong> que d\u00e9velopper une entreprise et diriger son \u00e9quipe. Cette personne est un leader inspirant qui va toujours au-del\u00e0 des attentes dans tous les domaines. Surtout, elle a un impact positif sur sa communaut\u00e9. Elle joue un r\u00f4le important dans sa communaut\u00e9 en consacrant son temps, ses talents et ses ressources \u00e0 des causes valables. Un H\u00e9ros de MONAT incarne les valeurs des partenaires de march\u00e9. <\/p>\n\t<h1>Le laur\u00e9at du Prix du pr\u00e9sident du conseil sera honor\u00e9 pendant la semaine IMPACT MONATions 2020!<\/h1>\n\t<p>Le pr\u00e9sident du conseil, Sr Luis Urdaneta, pr\u00e9sentera le prix H\u00e9ros de MONAT 2020 au laur\u00e9at, qui sera reconnu devant ses pairs. <\/p>\n\t\t\t\t<img loading=\"lazy\" decoding=\"async\" src=\"https:\/\/monatglobal.com\/wp-content\/uploads\/2020\/06\/Hero-2019-MONAT.jpg\" alt=\"Hero-2019-MONAT\" itemprop=\"image\" height=\"659\" width=\"600\" title=\"Hero-2019-MONAT\"  \/>\n\t<h1>Qui est admissible \u00e0 devenir h\u00e9ros de MONAT?<\/h1>\n\tTout partenaire de march\u00e9 actif en r\u00e8gle ayant atteint le rang de mentor de march\u00e9 ou plus haut.\n\n\t<h1>Qu\u2019est-ce qui d\u00e9finit un h\u00e9ros de MONAT?\n<\/h1>\n\t<p>Un h\u00e9ros de MONAT est plus qu\u2019un partenaire de march\u00e9 prosp\u00e8re \u2013 il fait une diff\u00e9rence significative dans sa communaut\u00e9 et dans le monde.<\/p>\n<br><p>Le h\u00e9ros de MONAT devrait incarner ces caract\u00e9ristiques :<\/p>\n\t<ul>\n<li>Service communautaire et engagement communautaire<\/li>\n<li>Gratitude<\/li>\n<li>Leadership<\/li>\n<li>Humilit\u00e9<\/li>\n<li>Bonne volont\u00e9<\/li>\n<li>Altruisme et g\u00e9n\u00e9rosit\u00e9<\/li>\n<li>Gentillesse envers les autres<\/li>\n<\/ul>\n\t<h1>JE SOUHAITE METTRE EN NOMINATION UN H\u00c9ROS DE MONAT!\n<\/h1>\n<h1> Parfait!\n<\/h1>\n<h1> Vous n\u2019avez qu\u2019\u00e0 remplir le formulaire \u00e9lectronique et nous dire qui, d\u2019apr\u00e8s vous, devrait \u00eatre le h\u00e9ros de MONAT 2020! \n<\/h1>\n\tLe gagnant 2020 sera annonc\u00e9 en septembre dans le cadre de MONATions, pendant le GALA DREAM BIGGER. \n\n\t<a href=\"https:\/\/monatglobal.com\/special-annual-awards-2019\/\"><h1>Apprenez davantage sur les laur\u00e9ats ant\u00e9rieurs!\n <\/h1><\/a>\n\t\t\t<a href=\"https:\/\/monatglobal.com\/ca\/special-annual-awards-2019\/\" target=\"_self\" role=\"button\">\n\t\t\t\t\t\t\tEN SAVOIR PLUS\n\t\t\t\t\t<\/a>\n\t<a href=\"https:\/\/monatglobal.com\/special-annual-awards-2019\/\"><h1>Apprenez davantage sur les laur\u00e9ats ant\u00e9rieurs!\n <\/h1><\/a>\n\t\t\t<a href=\"https:\/\/monatglobal.com\/ca\/special-annual-awards-2019\/\" target=\"_self\" role=\"button\">\n\t\t\t\t\t\t\tEN SAVOIR PLUS\n\t\t\t\t\t<\/a>\n","protected":false},"excerpt":{"rendered":"<p>DU 25 JUIN AU 10 JUILLET DU 25 JUIN AU 10 JUILLET P\u00e9riode de mise en nomination &#8211; du 22 juin au 10 juillet 2020 C\u2019est le temps de proposer vos nominations pour le Prix du pr\u00e9sident du conseil 2020! Chaque ann\u00e9e, le Prix du pr\u00e9sident du conseil est pr\u00e9sent\u00e9 \u00e0 un partenaire de march\u00e9&hellip;<\/p>\n","protected":false},"author":31,"featured_media":52319,"parent":0,"menu_order":0,"comment_status":"closed","ping_status":"closed","template":"template-full-custom.php","meta":{"inline_featured_image":false,"om_disable_all_campaigns":false,"_monsterinsights_skip_tracking":false,"_monsterinsights_sitenote_active":false,"_monsterinsights_sitenote_note":"","_monsterinsights_sitenote_category":0,"footnotes":""},"categories":[],"tags":[],"class_list":["post-52205","page","type-page","status-publish","has-post-thumbnail","hentry"],"aioseo_notices":[],"aioseo_head":"\n\t\t<!-- All in One SEO Pro 4.9.5.2 - aioseo.com -->\n\t<meta name=\"description\" content=\"DU 25 JUIN AU 10 JUILLET DU 25 JUIN AU 10 JUILLET P\u00e9riode de mise en nomination - du 22 juin au 10 juillet 2020 C\u2019est le temps de proposer vos nominations pour le Prix du pr\u00e9sident du conseil 2020! Chaque ann\u00e9e, le Prix du pr\u00e9sident du conseil est pr\u00e9sent\u00e9 \u00e0 un partenaire de march\u00e9\" \/>\n\t<meta name=\"robots\" content=\"max-image-preview:large\" \/>\n\t<link rel=\"canonical\" href=\"https:\/\/monatglobal.com\/ca\/nominations-monat-hero-2020\/?lang=fr\" \/>\n\t<meta name=\"generator\" content=\"All in One SEO Pro (AIOSEO) 4.9.5.2\" \/>\n\t\t<meta property=\"og:locale\" content=\"en_US\" \/>\n\t\t<meta property=\"og:site_name\" content=\"Monat Canada English - We Are Modern Nature\" \/>\n\t\t<meta property=\"og:type\" content=\"article\" \/>\n\t\t<meta property=\"og:title\" content=\"Nominations MONAT Chairman\u2019s Award 2020 - Monat Canada English\" \/>\n\t\t<meta property=\"og:description\" content=\"DU 25 JUIN AU 10 JUILLET DU 25 JUIN AU 10 JUILLET P\u00e9riode de mise en nomination - du 22 juin au 10 juillet 2020 C\u2019est le temps de proposer vos nominations pour le Prix du pr\u00e9sident du conseil 2020! Chaque ann\u00e9e, le Prix du pr\u00e9sident du conseil est pr\u00e9sent\u00e9 \u00e0 un partenaire de march\u00e9\" \/>\n\t\t<meta property=\"og:url\" content=\"https:\/\/monatglobal.com\/ca\/nominations-monat-hero-2020\/?lang=fr\" \/>\n\t\t<meta property=\"article:published_time\" content=\"2020-06-22T14:32:03+00:00\" \/>\n\t\t<meta property=\"article:modified_time\" content=\"2020-07-13T04:02:29+00:00\" \/>\n\t\t<meta name=\"twitter:card\" content=\"summary_large_image\" \/>\n\t\t<meta name=\"twitter:title\" content=\"Nominations MONAT Chairman\u2019s Award 2020 - Monat Canada English\" \/>\n\t\t<meta name=\"twitter:description\" content=\"DU 25 JUIN AU 10 JUILLET DU 25 JUIN AU 10 JUILLET P\u00e9riode de mise en nomination - du 22 juin au 10 juillet 2020 C\u2019est le temps de proposer vos nominations pour le Prix du pr\u00e9sident du conseil 2020! Chaque ann\u00e9e, le Prix du pr\u00e9sident du conseil est pr\u00e9sent\u00e9 \u00e0 un partenaire de march\u00e9\" \/>\n\t\t<script type=\"application\/ld+json\" class=\"aioseo-schema\">\n\t\t\t{\"@context\":\"https:\\\/\\\/schema.org\",\"@graph\":[{\"@type\":\"BreadcrumbList\",\"@id\":\"https:\\\/\\\/monatglobal.com\\\/ca\\\/nominations-monat-hero-2020\\\/?lang=fr#breadcrumblist\",\"itemListElement\":[{\"@type\":\"ListItem\",\"@id\":\"https:\\\/\\\/monatglobal.com\\\/ca#listItem\",\"position\":1,\"name\":\"Home\",\"item\":\"https:\\\/\\\/monatglobal.com\\\/ca\",\"nextItem\":{\"@type\":\"ListItem\",\"@id\":\"https:\\\/\\\/monatglobal.com\\\/ca\\\/nominations-monat-hero-2020\\\/?lang=fr#listItem\",\"name\":\"Nominations MONAT Chairman&#8217;s Award 2020\"}},{\"@type\":\"ListItem\",\"@id\":\"https:\\\/\\\/monatglobal.com\\\/ca\\\/nominations-monat-hero-2020\\\/?lang=fr#listItem\",\"position\":2,\"name\":\"Nominations MONAT Chairman&#8217;s Award 2020\",\"previousItem\":{\"@type\":\"ListItem\",\"@id\":\"https:\\\/\\\/monatglobal.com\\\/ca#listItem\",\"name\":\"Home\"}}]},{\"@type\":\"Organization\",\"@id\":\"https:\\\/\\\/monatglobal.com\\\/ca\\\/#organization\",\"name\":\"Monat Canada English\",\"description\":\"We Are Modern Nature\",\"url\":\"https:\\\/\\\/monatglobal.com\\\/ca\\\/\"},{\"@type\":\"WebPage\",\"@id\":\"https:\\\/\\\/monatglobal.com\\\/ca\\\/nominations-monat-hero-2020\\\/?lang=fr#webpage\",\"url\":\"https:\\\/\\\/monatglobal.com\\\/ca\\\/nominations-monat-hero-2020\\\/?lang=fr\",\"name\":\"Nominations MONAT Chairman\\u2019s Award 2020 - Monat Canada English\",\"description\":\"DU 25 JUIN AU 10 JUILLET DU 25 JUIN AU 10 JUILLET P\\u00e9riode de mise en nomination - du 22 juin au 10 juillet 2020 C\\u2019est le temps de proposer vos nominations pour le Prix du pr\\u00e9sident du conseil 2020! Chaque ann\\u00e9e, le Prix du pr\\u00e9sident du conseil est pr\\u00e9sent\\u00e9 \\u00e0 un partenaire de march\\u00e9\",\"inLanguage\":\"en-US\",\"isPartOf\":{\"@id\":\"https:\\\/\\\/monatglobal.com\\\/ca\\\/#website\"},\"breadcrumb\":{\"@id\":\"https:\\\/\\\/monatglobal.com\\\/ca\\\/nominations-monat-hero-2020\\\/?lang=fr#breadcrumblist\"},\"image\":{\"@type\":\"ImageObject\",\"url\":\"https:\\\/\\\/monatglobal.com\\\/ca\\\/wp-content\\\/uploads\\\/sites\\\/5\\\/2020\\\/06\\\/Captura-de-pantalla-2020-06-25-a-las-7.46.47-a.m.-1.png\",\"@id\":\"https:\\\/\\\/monatglobal.com\\\/ca\\\/nominations-monat-hero-2020\\\/?lang=fr\\\/#mainImage\",\"width\":1087,\"height\":528},\"primaryImageOfPage\":{\"@id\":\"https:\\\/\\\/monatglobal.com\\\/ca\\\/nominations-monat-hero-2020\\\/?lang=fr#mainImage\"},\"datePublished\":\"2020-06-22T14:32:03-04:00\",\"dateModified\":\"2020-07-13T04:02:29-04:00\"},{\"@type\":\"WebSite\",\"@id\":\"https:\\\/\\\/monatglobal.com\\\/ca\\\/#website\",\"url\":\"https:\\\/\\\/monatglobal.com\\\/ca\\\/\",\"name\":\"Monat Canada English\",\"description\":\"We Are Modern Nature\",\"inLanguage\":\"en-US\",\"publisher\":{\"@id\":\"https:\\\/\\\/monatglobal.com\\\/ca\\\/#organization\"}}]}\n\t\t<\/script>\n\t\t<!-- All in One SEO Pro -->\r\n\t\t<title>Nominations MONAT Chairman\u2019s Award 2020 - Monat Canada English<\/title>\n\n","aioseo_head_json":{"title":"Nominations MONAT Chairman\u2019s Award 2020 - Monat Canada English","description":"DU 25 JUIN AU 10 JUILLET DU 25 JUIN AU 10 JUILLET P\u00e9riode de mise en nomination - du 22 juin au 10 juillet 2020 C\u2019est le temps de proposer vos nominations pour le Prix du pr\u00e9sident du conseil 2020! Chaque ann\u00e9e, le Prix du pr\u00e9sident du conseil est pr\u00e9sent\u00e9 \u00e0 un partenaire de march\u00e9","canonical_url":"https:\/\/monatglobal.com\/ca\/nominations-monat-hero-2020\/?lang=fr","robots":"max-image-preview:large","keywords":"","webmasterTools":{"miscellaneous":""},"schema":{"@context":"https:\/\/schema.org","@graph":[{"@type":"BreadcrumbList","@id":"https:\/\/monatglobal.com\/ca\/nominations-monat-hero-2020\/?lang=fr#breadcrumblist","itemListElement":[{"@type":"ListItem","@id":"https:\/\/monatglobal.com\/ca#listItem","position":1,"name":"Home","item":"https:\/\/monatglobal.com\/ca","nextItem":{"@type":"ListItem","@id":"https:\/\/monatglobal.com\/ca\/nominations-monat-hero-2020\/?lang=fr#listItem","name":"Nominations MONAT Chairman&#8217;s Award 2020"}},{"@type":"ListItem","@id":"https:\/\/monatglobal.com\/ca\/nominations-monat-hero-2020\/?lang=fr#listItem","position":2,"name":"Nominations MONAT Chairman&#8217;s Award 2020","previousItem":{"@type":"ListItem","@id":"https:\/\/monatglobal.com\/ca#listItem","name":"Home"}}]},{"@type":"Organization","@id":"https:\/\/monatglobal.com\/ca\/#organization","name":"Monat Canada English","description":"We Are Modern Nature","url":"https:\/\/monatglobal.com\/ca\/"},{"@type":"WebPage","@id":"https:\/\/monatglobal.com\/ca\/nominations-monat-hero-2020\/?lang=fr#webpage","url":"https:\/\/monatglobal.com\/ca\/nominations-monat-hero-2020\/?lang=fr","name":"Nominations MONAT Chairman\u2019s Award 2020 - Monat Canada English","description":"DU 25 JUIN AU 10 JUILLET DU 25 JUIN AU 10 JUILLET P\u00e9riode de mise en nomination - du 22 juin au 10 juillet 2020 C\u2019est le temps de proposer vos nominations pour le Prix du pr\u00e9sident du conseil 2020! Chaque ann\u00e9e, le Prix du pr\u00e9sident du conseil est pr\u00e9sent\u00e9 \u00e0 un partenaire de march\u00e9","inLanguage":"en-US","isPartOf":{"@id":"https:\/\/monatglobal.com\/ca\/#website"},"breadcrumb":{"@id":"https:\/\/monatglobal.com\/ca\/nominations-monat-hero-2020\/?lang=fr#breadcrumblist"},"image":{"@type":"ImageObject","url":"https:\/\/monatglobal.com\/ca\/wp-content\/uploads\/sites\/5\/2020\/06\/Captura-de-pantalla-2020-06-25-a-las-7.46.47-a.m.-1.png","@id":"https:\/\/monatglobal.com\/ca\/nominations-monat-hero-2020\/?lang=fr\/#mainImage","width":1087,"height":528},"primaryImageOfPage":{"@id":"https:\/\/monatglobal.com\/ca\/nominations-monat-hero-2020\/?lang=fr#mainImage"},"datePublished":"2020-06-22T14:32:03-04:00","dateModified":"2020-07-13T04:02:29-04:00"},{"@type":"WebSite","@id":"https:\/\/monatglobal.com\/ca\/#website","url":"https:\/\/monatglobal.com\/ca\/","name":"Monat Canada English","description":"We Are Modern Nature","inLanguage":"en-US","publisher":{"@id":"https:\/\/monatglobal.com\/ca\/#organization"}}]},"og:locale":"en_US","og:site_name":"Monat Canada English - We Are Modern Nature","og:type":"article","og:title":"Nominations MONAT Chairman\u2019s Award 2020 - Monat Canada English","og:description":"DU 25 JUIN AU 10 JUILLET DU 25 JUIN AU 10 JUILLET P\u00e9riode de mise en nomination - du 22 juin au 10 juillet 2020 C\u2019est le temps de proposer vos nominations pour le Prix du pr\u00e9sident du conseil 2020! Chaque ann\u00e9e, le Prix du pr\u00e9sident du conseil est pr\u00e9sent\u00e9 \u00e0 un partenaire de march\u00e9","og:url":"https:\/\/monatglobal.com\/ca\/nominations-monat-hero-2020\/?lang=fr","article:published_time":"2020-06-22T14:32:03+00:00","article:modified_time":"2020-07-13T04:02:29+00:00","twitter:card":"summary_large_image","twitter:title":"Nominations MONAT Chairman\u2019s Award 2020 - Monat Canada English","twitter:description":"DU 25 JUIN AU 10 JUILLET DU 25 JUIN AU 10 JUILLET P\u00e9riode de mise en nomination - du 22 juin au 10 juillet 2020 C\u2019est le temps de proposer vos nominations pour le Prix du pr\u00e9sident du conseil 2020! Chaque ann\u00e9e, le Prix du pr\u00e9sident du conseil est pr\u00e9sent\u00e9 \u00e0 un partenaire de march\u00e9"},"aioseo_meta_data":{"post_id":"52205","title":null,"description":null,"keywords":null,"keyphrases":null,"primary_term":null,"canonical_url":null,"og_title":null,"og_description":null,"og_object_type":"default","og_image_type":"default","og_image_url":null,"og_image_width":null,"og_image_height":null,"og_image_custom_url":null,"og_image_custom_fields":null,"og_video":null,"og_custom_url":null,"og_article_section":null,"og_article_tags":null,"twitter_use_og":false,"twitter_card":"default","twitter_image_type":"default","twitter_image_url":null,"twitter_image_custom_url":null,"twitter_image_custom_fields":null,"twitter_title":null,"twitter_description":null,"schema":{"blockGraphs":[],"customGraphs":[],"default":{"data":{"Article":[],"Course":[],"Dataset":[],"FAQPage":[],"Movie":[],"Person":[],"Product":[],"ProductReview":[],"Car":[],"Recipe":[],"Service":[],"SoftwareApplication":[],"WebPage":[]},"graphName":"","isEnabled":true},"graphs":[]},"schema_type":"default","schema_type_options":null,"pillar_content":false,"robots_default":true,"robots_noindex":false,"robots_noarchive":false,"robots_nosnippet":false,"robots_nofollow":false,"robots_noimageindex":false,"robots_noodp":false,"robots_notranslate":false,"robots_max_snippet":null,"robots_max_videopreview":null,"robots_max_imagepreview":"large","priority":null,"frequency":null,"local_seo":null,"seo_analyzer_scan_date":"2026-02-10 18:49:33","limit_modified_date":false,"reviewed_by":null,"open_ai":null,"ai":null,"created":"2023-07-26 12:48:21","updated":"2026-02-10 18:49:33"},"aioseo_breadcrumb":"<div class=\"aioseo-breadcrumbs\"><span class=\"aioseo-breadcrumb\">\n\t<a href=\"https:\/\/monatglobal.com\/ca\" title=\"Home\">Home<\/a>\n<\/span><span class=\"aioseo-breadcrumb-separator\">&raquo;<\/span><span class=\"aioseo-breadcrumb\">\n\tNominations MONAT Chairman\u2019s Award 2020\n<\/span><\/div>","aioseo_breadcrumb_json":[{"label":"Home","link":"https:\/\/monatglobal.com\/ca"},{"label":"Nominations MONAT Chairman&#8217;s Award 2020","link":"https:\/\/monatglobal.com\/ca\/nominations-monat-hero-2020\/?lang=fr"}],"_links":{"self":[{"href":"https:\/\/monatglobal.com\/ca\/wp-json\/wp\/v2\/pages\/52205","targetHints":{"allow":["GET"]}}],"collection":[{"href":"https:\/\/monatglobal.com\/ca\/wp-json\/wp\/v2\/pages"}],"about":[{"href":"https:\/\/monatglobal.com\/ca\/wp-json\/wp\/v2\/types\/page"}],"author":[{"embeddable":true,"href":"https:\/\/monatglobal.com\/ca\/wp-json\/wp\/v2\/users\/31"}],"replies":[{"embeddable":true,"href":"https:\/\/monatglobal.com\/ca\/wp-json\/wp\/v2\/comments?post=52205"}],"version-history":[{"count":11,"href":"https:\/\/monatglobal.com\/ca\/wp-json\/wp\/v2\/pages\/52205\/revisions"}],"predecessor-version":[{"id":52317,"href":"https:\/\/monatglobal.com\/ca\/wp-json\/wp\/v2\/pages\/52205\/revisions\/52317"}],"wp:featuredmedia":[{"embeddable":true,"href":"https:\/\/monatglobal.com\/ca\/wp-json\/wp\/v2\/media\/52319"}],"wp:attachment":[{"href":"https:\/\/monatglobal.com\/ca\/wp-json\/wp\/v2\/media?parent=52205"}],"wp:term":[{"taxonomy":"category","embeddable":true,"href":"https:\/\/monatglobal.com\/ca\/wp-json\/wp\/v2\/categories?post=52205"},{"taxonomy":"post_tag","embeddable":true,"href":"https:\/\/monatglobal.com\/ca\/wp-json\/wp\/v2\/tags?post=52205"}],"curies":[{"name":"wp","href":"https:\/\/api.w.org\/{rel}","templated":true}]}}