{"id":51770,"date":"2020-05-22T17:40:21","date_gmt":"2020-05-22T17:40:21","guid":{"rendered":"https:\/\/monatglobal.com\/ca\/?page_id=51770"},"modified":"2020-05-25T12:54:20","modified_gmt":"2020-05-25T12:54:20","slug":"gratefuleveryday","status":"publish","type":"page","link":"https:\/\/monatglobal.com\/ca\/gratefuleveryday\/?lang=fr","title":{"rendered":"Grateful everyday"},"content":{"rendered":"\r\n\t\t\t\t<img loading=\"lazy\" decoding=\"async\" src=\"https:\/\/monatglobal.com\/wp-content\/uploads\/2020\/05\/gratefull-everyday-set_web.png\" alt=\"gratefull-everyday-set_web\" itemprop=\"image\" height=\"489\" width=\"446\" title=\"gratefull-everyday-set_web\"  \/>\r\n\t \u00e9dition limit\u00e9e\r\n<h1>Le grand favori<br>\r\nMore than a Mist et un bracelet Gratitude sp\u00e9cial<\/h1>\r\n\t<h3>Con\u00e7u dans un esprit de redonner<\/h3>\r\n\t<p>67 ml \u212e 2.3 oz liq.<\/p> \r\n    Prix\r\n   <p> 34,00 $ CA<\/p>\r\n\t<p>En vigueur du 25 mai au 30 juin ou dans la limite des stocks.<\/p> \r\n\t<a href=\"https:\/\/monatglobal.com\/wp-content\/uploads\/2019\/12\/US_Berry-Refined-Scrub_Customer-Info-sheet_122019_v4-1.pdf\" target=\"_blank\">See Information Page  <sup>\u2335<\/sup><\/a>\r\n\tTo learn more about Berry Refined Scrub\u2122, please contact your MONAT Market Partner. \r\n\t\t\t<a href=\"https:\/\/corp.mymonat.com\/shop\/products\/grateful-every-day-set?globallanguage=fr&#038;globalmarket=ca\" target=\"_blank\" role=\"button\" rel=\"noopener\" >\r\n\t\t\t\t\t\t\tMAGASINEZ\r\n\t\t\t\t\t<\/a>\r\n\t<p> ON SALE Sunday, September 15 11a.m. EDT<\/p> \r\n\t CARACT\u00c9RISTIQUES\r\n\t<h1> Con\u00e7u dans un esprit de redonner, il comprend la brume More than a Mist et le Bracelet Gratitude.<\/h1>\r\n\tUne brume qui donne un merveilleux \u00e9clat aux cheveux tout en arrosant les cheveux et la peau de son doux parfum rafra\u00eechissant.<br> \r\n\r\n\t CARACT\u00c9RISTIQUES\r\n\t<h1> Con\u00e7u dans un esprit de redonner, il comprend la brume More than a Mist et le Bracelet Gratitude.<\/h1>\r\n\tUne brume qui donne un merveilleux \u00e9clat aux cheveux tout en arrosant les cheveux et la peau de son doux parfum rafra\u00eechissant.<br> \r\n\r\n\t <h1>Pourquoi \u00e7a marche <\/h1>\r\n\t<h1>Nous sommes plus forts ensemble. <br>Portez fi\u00e8rement votre bracelet Gratitude!\r\n<\/h1>\r\n\tQuand nous appuyons les premiers intervenants et les v\u00e9t\u00e9rans, nous remontons le moral de leurs familles. \r\n\r\n\t Bienfaits\r\n\t<h1>Cent pour cent des profits nets seront vers\u00e9s \u00e0 des organisations appuyant les v\u00e9t\u00e9rans et les premiers intervenants aux \u00c9.-U. et au Canada.\r\n<\/h1>\r\n\t<h1>Conseils<br>\r\nd&#8217;utilisation<\/h1>\r\n\t\/ Vaporiser sur les cheveux et la peau au besoin pour les rafra\u00eechir.\r\n  \r\n<br>\r\n\t\t\t<a href=\"\" role=\"button\">\r\n\t\t\t\t\t\t\t\t<\/a>\r\n\t\t\t<a href=\"https:\/\/corp.mymonat.com\/shop\/products\/grateful-every-day-set?globallanguage=fr&#038;globalmarket=ca\" target=\"_blank\" role=\"button\" rel=\"noopener\" >\r\n\t\t\t\t\t\t\tMAGASINEZ\r\n\t\t\t\t\t<\/a>\r\n\t INGR\u00c9DIENTS CL\u00c9S\r\n  <!-- Generator: Adobe Illustrator 23.0.3, SVG Export Plug-In . SVG Version: 6.00 Build 0)  -->\r\n<p>Huile intensive<br> REJUVENIQE\u2122 <\/p>\r\n\t\t\t<a href=\"#\" role=\"button\">\r\n\t\t\t\t\t\t\tLISTE D\u2019INGR\u00c9DIENTS\r\n\t\t\t\t\t<\/a>\r\n\t\tAlcohol Denat., Aqua\/Water\/Eau, Fragrance\/Parfum, Isopropyl Myristate, Limnanthes Alba (Meadowfoam) Seed Oil, Crambe Abyssinica Seed Oil, Camellia Oleifera Seed Oil, Solanum Lycopersicum (Tomato) Seed Oil, Daucus Carota Sativa (Carrot) Seed Oil, Citrus Limon (Lemon) Peel Oil, Citrus Aurantifolia (Lime) Oil, Citrus Aurantium Bergamia (Bergamot) Fruit Oil, Adansonia Digitata Oil, Mauritia Flexuosa Fruit Oil, Cocos Nucifera (Coconut) Oil, Gardenia Taitensis Flower Extract, Moringa Oleifera Seed Oil, Caryocar Brasiliense Fruit Oil, Helianthus Annuus (Sunflower) Seed Oil, Butylphenyl Methylpropional, Citral, Citronellol, Limonene, Eugenol, Hydroxycitronellal, Linalool\r\n\t\r\n\t<h1>Nous disons <br>\r\n\u00ab non \u00bb aux <br>ingr\u00e9dients toxiques.\r\n<\/h1>\r\n\t\/ Parab\u00e8nes<br>\r\n\/ SLS\/SLES<br> \r\n\/ Silicones cycliques<br> \r\n\/ BHT<br> \r\n\/ DEA\/MEA<br> \r\n\/ Phthalates<br> \r\n\/ Ph\u00e9noxy\u00e9thanol<br>  \r\n    \r\n\t\t\tVOIR LA LISTE COMPL\u00c8TE\r\n\t\t\/ P\u00e9trolatum<br \/>\r\n\/ Huiles min\u00e9rales<br \/>\r\n\/ Cire de paraffine<br \/>\r\n\/ Triclosan<br \/>\r\n\/ Microbilles de plastique<br \/>\r\n\/ Lib\u00e9rateurs de formald\u00e9hyde<br \/>\r\n\/ Colorants nocifs<br \/>\r\n\/ Parfums nocifs\r\n   Nous disons <strong>\u00ab non \u00bb aux tests sur les animaux<\/strong>. Nos produits sont v\u00e9g\u00e9taliens.\r\n    \r\n\t VOUS POURRIEZ AUSSI AIMER\r\n\t<a href=\"https:\/\/monatglobal.com\/ca\/tous-les-produits\/?lang=fr\"><h1>Tous les produits<\/h1><\/a>\r\n","protected":false},"excerpt":{"rendered":"<p>\u00e9dition limit\u00e9e Le grand favori More than a Mist et un bracelet Gratitude sp\u00e9cial Con\u00e7u dans un esprit de redonner 67 ml \u212e 2.3 oz liq. Prix 34,00 $ CA En vigueur du 25 mai au 30 juin ou dans la limite des stocks. See Information Page \u2335 To learn more about Berry Refined Scrub\u2122,&hellip;<\/p>\n","protected":false},"author":31,"featured_media":0,"parent":0,"menu_order":0,"comment_status":"closed","ping_status":"closed","template":"","meta":{"inline_featured_image":false,"om_disable_all_campaigns":false,"_monsterinsights_skip_tracking":false,"_monsterinsights_sitenote_active":false,"_monsterinsights_sitenote_note":"","_monsterinsights_sitenote_category":0,"footnotes":""},"categories":[],"tags":[],"class_list":["post-51770","page","type-page","status-publish","hentry"],"aioseo_notices":[],"aioseo_head":"\n\t\t<!-- All in One SEO Pro 4.9.6 - aioseo.com -->\n\t<meta name=\"description\" content=\"\u00e9dition limit\u00e9e Le grand favori More than a Mist et un bracelet Gratitude sp\u00e9cial Con\u00e7u dans un esprit de redonner 67 ml \u212e 2.3 oz liq. Prix 34,00 $ CA En vigueur du 25 mai au 30 juin ou dans la limite des stocks. See Information Page \u2335 To learn more about Berry Refined Scrub\u2122,\" \/>\n\t<meta name=\"robots\" content=\"max-image-preview:large\" \/>\n\t<link rel=\"canonical\" href=\"https:\/\/monatglobal.com\/ca\/gratefuleveryday\/?lang=fr\" \/>\n\t<meta name=\"generator\" content=\"All in One SEO Pro (AIOSEO) 4.9.6\" \/>\n\t\t<meta property=\"og:locale\" content=\"en_US\" \/>\n\t\t<meta property=\"og:site_name\" content=\"Monat Canada English - We Are Modern Nature\" \/>\n\t\t<meta property=\"og:type\" content=\"article\" \/>\n\t\t<meta property=\"og:title\" content=\"Grateful everyday - Monat Canada English\" \/>\n\t\t<meta property=\"og:description\" content=\"\u00e9dition limit\u00e9e Le grand favori More than a Mist et un bracelet Gratitude sp\u00e9cial Con\u00e7u dans un esprit de redonner 67 ml \u212e 2.3 oz liq. Prix 34,00 $ CA En vigueur du 25 mai au 30 juin ou dans la limite des stocks. See Information Page \u2335 To learn more about Berry Refined Scrub\u2122,\" \/>\n\t\t<meta property=\"og:url\" content=\"https:\/\/monatglobal.com\/ca\/gratefuleveryday\/?lang=fr\" \/>\n\t\t<meta property=\"article:published_time\" content=\"2020-05-22T17:40:21+00:00\" \/>\n\t\t<meta property=\"article:modified_time\" content=\"2020-05-25T12:54:20+00:00\" \/>\n\t\t<meta name=\"twitter:card\" content=\"summary_large_image\" \/>\n\t\t<meta name=\"twitter:title\" content=\"Grateful everyday - Monat Canada English\" \/>\n\t\t<meta name=\"twitter:description\" content=\"\u00e9dition limit\u00e9e Le grand favori More than a Mist et un bracelet Gratitude sp\u00e9cial Con\u00e7u dans un esprit de redonner 67 ml \u212e 2.3 oz liq. Prix 34,00 $ CA En vigueur du 25 mai au 30 juin ou dans la limite des stocks. See Information Page \u2335 To learn more about Berry Refined Scrub\u2122,\" \/>\n\t\t<script type=\"application\/ld+json\" class=\"aioseo-schema\">\n\t\t\t{\"@context\":\"https:\\\/\\\/schema.org\",\"@graph\":[{\"@type\":\"BreadcrumbList\",\"@id\":\"https:\\\/\\\/monatglobal.com\\\/ca\\\/gratefuleveryday\\\/?lang=fr#breadcrumblist\",\"itemListElement\":[{\"@type\":\"ListItem\",\"@id\":\"https:\\\/\\\/monatglobal.com\\\/ca#listItem\",\"position\":1,\"name\":\"Home\",\"item\":\"https:\\\/\\\/monatglobal.com\\\/ca\",\"nextItem\":{\"@type\":\"ListItem\",\"@id\":\"https:\\\/\\\/monatglobal.com\\\/ca\\\/gratefuleveryday\\\/?lang=fr#listItem\",\"name\":\"Grateful everyday\"}},{\"@type\":\"ListItem\",\"@id\":\"https:\\\/\\\/monatglobal.com\\\/ca\\\/gratefuleveryday\\\/?lang=fr#listItem\",\"position\":2,\"name\":\"Grateful everyday\",\"previousItem\":{\"@type\":\"ListItem\",\"@id\":\"https:\\\/\\\/monatglobal.com\\\/ca#listItem\",\"name\":\"Home\"}}]},{\"@type\":\"Organization\",\"@id\":\"https:\\\/\\\/monatglobal.com\\\/ca\\\/#organization\",\"name\":\"Monat Canada English\",\"description\":\"We Are Modern Nature\",\"url\":\"https:\\\/\\\/monatglobal.com\\\/ca\\\/\"},{\"@type\":\"WebPage\",\"@id\":\"https:\\\/\\\/monatglobal.com\\\/ca\\\/gratefuleveryday\\\/?lang=fr#webpage\",\"url\":\"https:\\\/\\\/monatglobal.com\\\/ca\\\/gratefuleveryday\\\/?lang=fr\",\"name\":\"Grateful everyday - Monat Canada English\",\"description\":\"\\u00e9dition limit\\u00e9e Le grand favori More than a Mist et un bracelet Gratitude sp\\u00e9cial Con\\u00e7u dans un esprit de redonner 67 ml \\u212e 2.3 oz liq. Prix 34,00 $ CA En vigueur du 25 mai au 30 juin ou dans la limite des stocks. See Information Page \\u2335 To learn more about Berry Refined Scrub\\u2122,\",\"inLanguage\":\"en-US\",\"isPartOf\":{\"@id\":\"https:\\\/\\\/monatglobal.com\\\/ca\\\/#website\"},\"breadcrumb\":{\"@id\":\"https:\\\/\\\/monatglobal.com\\\/ca\\\/gratefuleveryday\\\/?lang=fr#breadcrumblist\"},\"datePublished\":\"2020-05-22T17:40:21-04:00\",\"dateModified\":\"2020-05-25T12:54:20-04:00\"},{\"@type\":\"WebSite\",\"@id\":\"https:\\\/\\\/monatglobal.com\\\/ca\\\/#website\",\"url\":\"https:\\\/\\\/monatglobal.com\\\/ca\\\/\",\"name\":\"Monat Canada English\",\"description\":\"We Are Modern Nature\",\"inLanguage\":\"en-US\",\"publisher\":{\"@id\":\"https:\\\/\\\/monatglobal.com\\\/ca\\\/#organization\"}}]}\n\t\t<\/script>\n\t\t<!-- All in One SEO Pro -->\r\n\t\t<title>Grateful everyday - Monat Canada English<\/title>\n\n","aioseo_head_json":{"title":"Grateful everyday - Monat Canada English","description":"\u00e9dition limit\u00e9e Le grand favori More than a Mist et un bracelet Gratitude sp\u00e9cial Con\u00e7u dans un esprit de redonner 67 ml \u212e 2.3 oz liq. Prix 34,00 $ CA En vigueur du 25 mai au 30 juin ou dans la limite des stocks. See Information Page \u2335 To learn more about Berry Refined Scrub\u2122,","canonical_url":"https:\/\/monatglobal.com\/ca\/gratefuleveryday\/?lang=fr","robots":"max-image-preview:large","keywords":"","webmasterTools":{"miscellaneous":""},"schema":{"@context":"https:\/\/schema.org","@graph":[{"@type":"BreadcrumbList","@id":"https:\/\/monatglobal.com\/ca\/gratefuleveryday\/?lang=fr#breadcrumblist","itemListElement":[{"@type":"ListItem","@id":"https:\/\/monatglobal.com\/ca#listItem","position":1,"name":"Home","item":"https:\/\/monatglobal.com\/ca","nextItem":{"@type":"ListItem","@id":"https:\/\/monatglobal.com\/ca\/gratefuleveryday\/?lang=fr#listItem","name":"Grateful everyday"}},{"@type":"ListItem","@id":"https:\/\/monatglobal.com\/ca\/gratefuleveryday\/?lang=fr#listItem","position":2,"name":"Grateful everyday","previousItem":{"@type":"ListItem","@id":"https:\/\/monatglobal.com\/ca#listItem","name":"Home"}}]},{"@type":"Organization","@id":"https:\/\/monatglobal.com\/ca\/#organization","name":"Monat Canada English","description":"We Are Modern Nature","url":"https:\/\/monatglobal.com\/ca\/"},{"@type":"WebPage","@id":"https:\/\/monatglobal.com\/ca\/gratefuleveryday\/?lang=fr#webpage","url":"https:\/\/monatglobal.com\/ca\/gratefuleveryday\/?lang=fr","name":"Grateful everyday - Monat Canada English","description":"\u00e9dition limit\u00e9e Le grand favori More than a Mist et un bracelet Gratitude sp\u00e9cial Con\u00e7u dans un esprit de redonner 67 ml \u212e 2.3 oz liq. Prix 34,00 $ CA En vigueur du 25 mai au 30 juin ou dans la limite des stocks. See Information Page \u2335 To learn more about Berry Refined Scrub\u2122,","inLanguage":"en-US","isPartOf":{"@id":"https:\/\/monatglobal.com\/ca\/#website"},"breadcrumb":{"@id":"https:\/\/monatglobal.com\/ca\/gratefuleveryday\/?lang=fr#breadcrumblist"},"datePublished":"2020-05-22T17:40:21-04:00","dateModified":"2020-05-25T12:54:20-04:00"},{"@type":"WebSite","@id":"https:\/\/monatglobal.com\/ca\/#website","url":"https:\/\/monatglobal.com\/ca\/","name":"Monat Canada English","description":"We Are Modern Nature","inLanguage":"en-US","publisher":{"@id":"https:\/\/monatglobal.com\/ca\/#organization"}}]},"og:locale":"en_US","og:site_name":"Monat Canada English - We Are Modern Nature","og:type":"article","og:title":"Grateful everyday - Monat Canada English","og:description":"\u00e9dition limit\u00e9e Le grand favori More than a Mist et un bracelet Gratitude sp\u00e9cial Con\u00e7u dans un esprit de redonner 67 ml \u212e 2.3 oz liq. Prix 34,00 $ CA En vigueur du 25 mai au 30 juin ou dans la limite des stocks. See Information Page \u2335 To learn more about Berry Refined Scrub\u2122,","og:url":"https:\/\/monatglobal.com\/ca\/gratefuleveryday\/?lang=fr","article:published_time":"2020-05-22T17:40:21+00:00","article:modified_time":"2020-05-25T12:54:20+00:00","twitter:card":"summary_large_image","twitter:title":"Grateful everyday - Monat Canada English","twitter:description":"\u00e9dition limit\u00e9e Le grand favori More than a Mist et un bracelet Gratitude sp\u00e9cial Con\u00e7u dans un esprit de redonner 67 ml \u212e 2.3 oz liq. Prix 34,00 $ CA En vigueur du 25 mai au 30 juin ou dans la limite des stocks. See Information Page \u2335 To learn more about Berry Refined Scrub\u2122,"},"aioseo_meta_data":{"post_id":"51770","title":null,"description":null,"keywords":null,"keyphrases":null,"primary_term":null,"canonical_url":null,"og_title":null,"og_description":null,"og_object_type":"default","og_image_type":"default","og_image_url":null,"og_image_width":null,"og_image_height":null,"og_image_custom_url":null,"og_image_custom_fields":null,"og_video":null,"og_custom_url":null,"og_article_section":null,"og_article_tags":null,"twitter_use_og":false,"twitter_card":"default","twitter_image_type":"default","twitter_image_url":null,"twitter_image_custom_url":null,"twitter_image_custom_fields":null,"twitter_title":null,"twitter_description":null,"schema":{"blockGraphs":[],"customGraphs":[],"default":{"data":{"Article":[],"Course":[],"Dataset":[],"FAQPage":[],"Movie":[],"Person":[],"Product":[],"ProductReview":[],"Car":[],"Recipe":[],"Service":[],"SoftwareApplication":[],"WebPage":[]},"graphName":"","isEnabled":true},"graphs":[]},"schema_type":"default","schema_type_options":null,"pillar_content":false,"robots_default":true,"robots_noindex":false,"robots_noarchive":false,"robots_nosnippet":false,"robots_nofollow":false,"robots_noimageindex":false,"robots_noodp":false,"robots_notranslate":false,"robots_max_snippet":null,"robots_max_videopreview":null,"robots_max_imagepreview":"large","priority":null,"frequency":null,"local_seo":null,"seo_analyzer_scan_date":"2026-02-10 18:47:35","limit_modified_date":false,"reviewed_by":null,"open_ai":null,"ai":null,"created":"2023-07-26 12:48:20","updated":"2026-02-10 18:47:35"},"aioseo_breadcrumb":"<div class=\"aioseo-breadcrumbs\"><span class=\"aioseo-breadcrumb\">\n\t<a href=\"https:\/\/monatglobal.com\/ca\" title=\"Home\">Home<\/a>\n<\/span><span class=\"aioseo-breadcrumb-separator\">&raquo;<\/span><span class=\"aioseo-breadcrumb\">\n\tGrateful everyday\n<\/span><\/div>","aioseo_breadcrumb_json":[{"label":"Home","link":"https:\/\/monatglobal.com\/ca"},{"label":"Grateful everyday","link":"https:\/\/monatglobal.com\/ca\/gratefuleveryday\/?lang=fr"}],"_links":{"self":[{"href":"https:\/\/monatglobal.com\/ca\/wp-json\/wp\/v2\/pages\/51770","targetHints":{"allow":["GET"]}}],"collection":[{"href":"https:\/\/monatglobal.com\/ca\/wp-json\/wp\/v2\/pages"}],"about":[{"href":"https:\/\/monatglobal.com\/ca\/wp-json\/wp\/v2\/types\/page"}],"author":[{"embeddable":true,"href":"https:\/\/monatglobal.com\/ca\/wp-json\/wp\/v2\/users\/31"}],"replies":[{"embeddable":true,"href":"https:\/\/monatglobal.com\/ca\/wp-json\/wp\/v2\/comments?post=51770"}],"version-history":[{"count":15,"href":"https:\/\/monatglobal.com\/ca\/wp-json\/wp\/v2\/pages\/51770\/revisions"}],"predecessor-version":[{"id":51818,"href":"https:\/\/monatglobal.com\/ca\/wp-json\/wp\/v2\/pages\/51770\/revisions\/51818"}],"wp:attachment":[{"href":"https:\/\/monatglobal.com\/ca\/wp-json\/wp\/v2\/media?parent=51770"}],"wp:term":[{"taxonomy":"category","embeddable":true,"href":"https:\/\/monatglobal.com\/ca\/wp-json\/wp\/v2\/categories?post=51770"},{"taxonomy":"post_tag","embeddable":true,"href":"https:\/\/monatglobal.com\/ca\/wp-json\/wp\/v2\/tags?post=51770"}],"curies":[{"name":"wp","href":"https:\/\/api.w.org\/{rel}","templated":true}]}}