{"id":50941,"date":"2020-03-24T21:18:09","date_gmt":"2020-03-24T21:18:09","guid":{"rendered":"https:\/\/monatglobal.com\/ca\/?page_id=50941"},"modified":"2026-01-08T10:41:09","modified_gmt":"2026-01-08T15:41:09","slug":"makeup-vanishing-balm","status":"publish","type":"page","link":"https:\/\/monatglobal.com\/ca\/makeup-vanishing-balm\/?lang=fr","title":{"rendered":"Makeup Vanishing Balm | D\u00e9maquillant | Soins de la peau MONAT"},"content":{"rendered":"\n\n<h1>Makeup <br \/>Vanishing <br \/>Balm<sup>\u2122<\/sup><br \/>\n<\/h1>\n\t<h3>D\u00e9maquillant fondant <br \/>\nDissolve et adoucit \n <br \/>\nNourrit et hydrate gr\u00e2ce \u00e0 REJUVENIQE S\u2122\n<\/h3>\n\t89 ml \u212e 3 oz liq.\n \n   Prix de VIP\n   <p> 75,00 $ CA<\/p>\n      Prix de d\u00e9tail\n      <p> 88,00 $ CA<\/p>\n\t<p> ON SALE Sunday, September 15 11a.m. EDT<\/p> \n\t<a href=\"https:\/\/mcusercontent.com\/5b14e3c0bd6372e1d93e9a8f6\/files\/3a7f70d7-6a3b-4a9d-be61-bccb8b2d9a8a\/CAN_Makeup_Vanishing_Balm_Customer_Info_Sheet_FR_1_.pdf\" target=\"_blank\" rel=\"noopener\"> Voir la fiche de renseignements  <sup>\u2335<\/sup><\/a>\n\tPour en savoir plus sur le Makeup Vanishing Balm\u2122, veuillez contacter votre partenaire de march\u00e9 MONAT.\n\t\t\t<a href=\"https:\/\/corp.mymonat.com\/shop\/products\/makeup-vanishing-balm\/?globallanguage=fr&#038;globalmarket=ca\" target=\"_blank\" role=\"button\" rel=\"noopener\">\n\t\t\t\t\t\t\tMAGASINEZ\n\t\t\t\t\t<\/a>\n\t BIENFAITS\n\t<h1>Dites adieu aux d\u00e9maquillants rudes qui \u00e9liminent les huiles naturelles de la peau! <\/h1>\n\t<p>Le NOUVEAU Makeup Vanishing Balm\u2122 se fond dans la peau, dissolvant le maquillage tenace et laissant la peau douce, apais\u00e9e et nourrie, sans laisser de r\u00e9sidus gras. Ce baume fait table rase, cr\u00e9ant la base parfaite pour nettoyer en profondeur gr\u00e2ce \u00e0 votre routine de soins pour la peau MONAT.<\/p>\n\t <h1>Dissolve et adoucit <\/h1>\n\t<h1>Ce riche baume d\u00e9maquillant se transforme en lait et se rince compl\u00e8tement. Nettoyez sans effort et faites plaisir \u00e0 vous sens avec ce baume qui se transforme en huile. \n<\/h1>\n\t<h1>Conseils <br \/>d&#8217;utilisation<\/h1>\n<p>\/\tPrendre une petite quantit\u00e9 avec la spatule.<\/p>\n<p>\/\t\u00c9mulsionner dans la paume des mains et masser sur peau s\u00e8che. <\/p>\n<p>\/\tDu bout des doigts, masser d\u00e9licatement le baume sur peau s\u00e8che, y compris les l\u00e8vres et les yeux ferm\u00e9s, en faisant des mouvements circulaires.<\/p>\n<p>\/\tBien rincer \u00e0 l&#8217;eau ti\u00e8de ou essuyer avec une d\u00e9barbouillette.<\/p>\n<p>\/\tUtiliser ensuite votre nettoyant MONAT favori.<\/p>\n\t\t\t<a href=\"https:\/\/www.youtube.com\/watch?v=KcVThqgjZxk\" role=\"button\">\n\t\t\t\t\t\t\t<\/a>\n\tMakeup Vanishing Balm\u2122<br \/>\n0:31\n\t\t\t<a href=\"https:\/\/corp.mymonat.com\/shop\/products\/makeup-vanishing-balm\/?globallanguage=fr&#038;globalmarket=ca\" target=\"_blank\" role=\"button\" rel=\"noopener\">\n\t\t\t\t\t\t\tMAGASINEZ\n\t\t\t\t\t<\/a>\n\t Ingr\u00e9dients Cl\u00e9s\n  <!-- Generator: Adobe Illustrator 23.0.3, SVG Export Plug-In . SVG Version: 6.00 Build 0)  -->\n<p> REJUVENIQE S\u2122<\/p>\n<p>Hydrate et nourrit<\/p>\n<p> Acides de fruits naturels (AHA)<\/p>\n<p>Lissent et illuminent <\/p>\n\t\t\t<a href=\"#\" role=\"button\">\n\t\t\t\t\t\t\tLISTE D&#8217;INGR\u00c9DIENTS\n\t\t\t\t\t<\/a>\n\t\tCaprylic\/Capric Triglyceride, Isoamyl Laurate, C13-15 Alkane, PEG-20 Glyceryl Triisostearate, Polyethylene, Heptyl Undecylenate, Ethylhexyl Palmitate, Synthetic Wax, Calcium \nSilicate, Limnanthes Alba (Meadowfoam) Seed Oil, Crambe Abyssinica Seed Oil, Camellia Oleifera Seed Oil, Solanum Lycopersicum (Tomato) Seed Oil, Daucus Carota Sativa (Carrot) Seed Oil, Citrus Limon (Lemon) Peel Oil, Citrus Aurantifolia (Lime) Oil, Citrus Aurantium Bergamia (Bergamot) Fruit Oil, Adansonia Digitata Oil, Mauritia Flexuosa Fruit Oil, Cocos Nucifera (Coconut) Oil, Gardenia Taitensis Flower Extract, Moringa Oleifera Seed Oil, Caryocar Brasiliense Fruit Oil, Helianthus Annuus (Sunflower) Seed Oil, Olea Europaea (Olive) Fruit Oil, Simmondsia Chinensis (Jojoba) Seed Extract, Mangifera Indica (Mango) Pulp Extract, Musa Sapientum (Banana) Pulp Extract, Saccharum Officinarum (Sugarcane) Extract, Glycolic Acid, Myrica Cerifera (Bayberry) Fruit Wax, Glycerin, Tocopherol, Silica, Aqua\/Water\/Eau, Ethylhexylglycerin, Benzyl Alcohol.\n\t\n\t VOUS POURRIEZ AUSSI AIMER\n<h3>\n\t\t<a href=\"https:\/\/monatglobal.com\/ca\/products\/?lang=fr&#038;line=maquillage-soin\" title=\"TOUS LES PRODUITS DE MAQUILLAGE\" target=\"_self\" rel=\"noopener\">\n\t\tTOUS LES PRODUITS DE MAQUILLAGE\n\t\t<\/a>\n\t<\/h3>\n\n","protected":false},"excerpt":{"rendered":"<p>Makeup Vanishing Balm\u2122 D\u00e9maquillant fondant Dissolve et adoucit Nourrit et hydrate gr\u00e2ce \u00e0 REJUVENIQE S\u2122 89 ml \u212e 3 oz liq. Prix de VIP 75,00 $ CA Prix de d\u00e9tail 88,00 $ CA ON SALE Sunday, September 15 11a.m. EDT Voir la fiche de renseignements \u2335 Pour en savoir plus sur le Makeup Vanishing Balm\u2122,&hellip;<\/p>\n","protected":false},"author":31,"featured_media":50931,"parent":0,"menu_order":0,"comment_status":"closed","ping_status":"closed","template":"","meta":{"inline_featured_image":false,"om_disable_all_campaigns":false,"_monsterinsights_skip_tracking":false,"_monsterinsights_sitenote_active":false,"_monsterinsights_sitenote_note":"","_monsterinsights_sitenote_category":0,"footnotes":""},"categories":[3629],"tags":[],"class_list":["post-50941","page","type-page","status-publish","has-post-thumbnail","hentry","category-product-fra"],"aioseo_notices":[],"aioseo_head":"\n\t\t<!-- All in One SEO Pro 4.9.6 - aioseo.com -->\n\t<meta name=\"description\" content=\"Makeup Vanishing Balm\u2122 D\u00e9maquillant fondant Dissolve et adoucit Nourrit et hydrate gr\u00e2ce \u00e0 REJUVENIQE S\u2122 89 ml \u212e 3 oz liq. Prix de VIP 75,00 $ CA Prix de d\u00e9tail 88,00 $ CA ON SALE Sunday, September 15 11a.m. EDT Voir la fiche de renseignements \u2335 Pour en savoir plus sur le Makeup Vanishing Balm\u2122,\" \/>\n\t<meta name=\"robots\" content=\"max-image-preview:large\" \/>\n\t<link rel=\"canonical\" href=\"https:\/\/monatglobal.com\/ca\/makeup-vanishing-balm\/?lang=fr\" \/>\n\t<meta name=\"generator\" content=\"All in One SEO Pro (AIOSEO) 4.9.6\" \/>\n\t\t<meta property=\"og:locale\" content=\"en_US\" \/>\n\t\t<meta property=\"og:site_name\" content=\"Monat Canada English - We Are Modern Nature\" \/>\n\t\t<meta property=\"og:type\" content=\"article\" \/>\n\t\t<meta property=\"og:title\" content=\"Makeup Vanishing Balm | D\u00e9maquillant | Soins de la peau MONAT - Monat Canada English\" \/>\n\t\t<meta property=\"og:description\" content=\"Makeup Vanishing Balm\u2122 D\u00e9maquillant fondant Dissolve et adoucit Nourrit et hydrate gr\u00e2ce \u00e0 REJUVENIQE S\u2122 89 ml \u212e 3 oz liq. Prix de VIP 75,00 $ CA Prix de d\u00e9tail 88,00 $ CA ON SALE Sunday, September 15 11a.m. EDT Voir la fiche de renseignements \u2335 Pour en savoir plus sur le Makeup Vanishing Balm\u2122,\" \/>\n\t\t<meta property=\"og:url\" content=\"https:\/\/monatglobal.com\/ca\/makeup-vanishing-balm\/?lang=fr\" \/>\n\t\t<meta property=\"article:published_time\" content=\"2020-03-24T21:18:09+00:00\" \/>\n\t\t<meta property=\"article:modified_time\" content=\"2026-01-08T15:41:09+00:00\" \/>\n\t\t<meta name=\"twitter:card\" content=\"summary_large_image\" \/>\n\t\t<meta name=\"twitter:title\" content=\"Makeup Vanishing Balm | D\u00e9maquillant | Soins de la peau MONAT - Monat Canada English\" \/>\n\t\t<meta name=\"twitter:description\" content=\"Makeup Vanishing Balm\u2122 D\u00e9maquillant fondant Dissolve et adoucit Nourrit et hydrate gr\u00e2ce \u00e0 REJUVENIQE S\u2122 89 ml \u212e 3 oz liq. Prix de VIP 75,00 $ CA Prix de d\u00e9tail 88,00 $ CA ON SALE Sunday, September 15 11a.m. EDT Voir la fiche de renseignements \u2335 Pour en savoir plus sur le Makeup Vanishing Balm\u2122,\" \/>\n\t\t<script type=\"application\/ld+json\" class=\"aioseo-schema\">\n\t\t\t{\"@context\":\"https:\\\/\\\/schema.org\",\"@graph\":[{\"@type\":\"BreadcrumbList\",\"@id\":\"https:\\\/\\\/monatglobal.com\\\/ca\\\/makeup-vanishing-balm\\\/?lang=fr#breadcrumblist\",\"itemListElement\":[{\"@type\":\"ListItem\",\"@id\":\"https:\\\/\\\/monatglobal.com\\\/ca#listItem\",\"position\":1,\"name\":\"Home\",\"item\":\"https:\\\/\\\/monatglobal.com\\\/ca\",\"nextItem\":{\"@type\":\"ListItem\",\"@id\":\"https:\\\/\\\/monatglobal.com\\\/ca\\\/makeup-vanishing-balm\\\/?lang=fr#listItem\",\"name\":\"Makeup Vanishing Balm | D\\u00e9maquillant | Soins de la peau MONAT\"}},{\"@type\":\"ListItem\",\"@id\":\"https:\\\/\\\/monatglobal.com\\\/ca\\\/makeup-vanishing-balm\\\/?lang=fr#listItem\",\"position\":2,\"name\":\"Makeup Vanishing Balm | D\\u00e9maquillant | Soins de la peau MONAT\",\"previousItem\":{\"@type\":\"ListItem\",\"@id\":\"https:\\\/\\\/monatglobal.com\\\/ca#listItem\",\"name\":\"Home\"}}]},{\"@type\":\"Organization\",\"@id\":\"https:\\\/\\\/monatglobal.com\\\/ca\\\/#organization\",\"name\":\"Monat Canada English\",\"description\":\"We Are Modern Nature\",\"url\":\"https:\\\/\\\/monatglobal.com\\\/ca\\\/\"},{\"@type\":\"WebPage\",\"@id\":\"https:\\\/\\\/monatglobal.com\\\/ca\\\/makeup-vanishing-balm\\\/?lang=fr#webpage\",\"url\":\"https:\\\/\\\/monatglobal.com\\\/ca\\\/makeup-vanishing-balm\\\/?lang=fr\",\"name\":\"Makeup Vanishing Balm | D\\u00e9maquillant | Soins de la peau MONAT - Monat Canada English\",\"description\":\"Makeup Vanishing Balm\\u2122 D\\u00e9maquillant fondant Dissolve et adoucit Nourrit et hydrate gr\\u00e2ce \\u00e0 REJUVENIQE S\\u2122 89 ml \\u212e 3 oz liq. Prix de VIP 75,00 $ CA Prix de d\\u00e9tail 88,00 $ CA ON SALE Sunday, September 15 11a.m. EDT Voir la fiche de renseignements \\u2335 Pour en savoir plus sur le Makeup Vanishing Balm\\u2122,\",\"inLanguage\":\"en-US\",\"isPartOf\":{\"@id\":\"https:\\\/\\\/monatglobal.com\\\/ca\\\/#website\"},\"breadcrumb\":{\"@id\":\"https:\\\/\\\/monatglobal.com\\\/ca\\\/makeup-vanishing-balm\\\/?lang=fr#breadcrumblist\"},\"image\":{\"@type\":\"ImageObject\",\"url\":\"https:\\\/\\\/monatglobal.com\\\/ca\\\/wp-content\\\/uploads\\\/sites\\\/5\\\/2020\\\/03\\\/Makeup-Vanishing-Balm_web_desk.png\",\"@id\":\"https:\\\/\\\/monatglobal.com\\\/ca\\\/makeup-vanishing-balm\\\/?lang=fr\\\/#mainImage\",\"width\":435,\"height\":575,\"caption\":\"Makeup Vanishing Balm\"},\"primaryImageOfPage\":{\"@id\":\"https:\\\/\\\/monatglobal.com\\\/ca\\\/makeup-vanishing-balm\\\/?lang=fr#mainImage\"},\"datePublished\":\"2020-03-24T21:18:09-04:00\",\"dateModified\":\"2026-01-08T10:41:09-05:00\"},{\"@type\":\"WebSite\",\"@id\":\"https:\\\/\\\/monatglobal.com\\\/ca\\\/#website\",\"url\":\"https:\\\/\\\/monatglobal.com\\\/ca\\\/\",\"name\":\"Monat Canada English\",\"description\":\"We Are Modern Nature\",\"inLanguage\":\"en-US\",\"publisher\":{\"@id\":\"https:\\\/\\\/monatglobal.com\\\/ca\\\/#organization\"}}]}\n\t\t<\/script>\n\t\t<!-- All in One SEO Pro -->\r\n\t\t<title>Makeup Vanishing Balm | D\u00e9maquillant | Soins de la peau MONAT - Monat Canada English<\/title>\n\n","aioseo_head_json":{"title":"Makeup Vanishing Balm | D\u00e9maquillant | Soins de la peau MONAT - Monat Canada English","description":"Makeup Vanishing Balm\u2122 D\u00e9maquillant fondant Dissolve et adoucit Nourrit et hydrate gr\u00e2ce \u00e0 REJUVENIQE S\u2122 89 ml \u212e 3 oz liq. Prix de VIP 75,00 $ CA Prix de d\u00e9tail 88,00 $ CA ON SALE Sunday, September 15 11a.m. EDT Voir la fiche de renseignements \u2335 Pour en savoir plus sur le Makeup Vanishing Balm\u2122,","canonical_url":"https:\/\/monatglobal.com\/ca\/makeup-vanishing-balm\/?lang=fr","robots":"max-image-preview:large","keywords":"","webmasterTools":{"miscellaneous":""},"schema":{"@context":"https:\/\/schema.org","@graph":[{"@type":"BreadcrumbList","@id":"https:\/\/monatglobal.com\/ca\/makeup-vanishing-balm\/?lang=fr#breadcrumblist","itemListElement":[{"@type":"ListItem","@id":"https:\/\/monatglobal.com\/ca#listItem","position":1,"name":"Home","item":"https:\/\/monatglobal.com\/ca","nextItem":{"@type":"ListItem","@id":"https:\/\/monatglobal.com\/ca\/makeup-vanishing-balm\/?lang=fr#listItem","name":"Makeup Vanishing Balm | D\u00e9maquillant | Soins de la peau MONAT"}},{"@type":"ListItem","@id":"https:\/\/monatglobal.com\/ca\/makeup-vanishing-balm\/?lang=fr#listItem","position":2,"name":"Makeup Vanishing Balm | D\u00e9maquillant | Soins de la peau MONAT","previousItem":{"@type":"ListItem","@id":"https:\/\/monatglobal.com\/ca#listItem","name":"Home"}}]},{"@type":"Organization","@id":"https:\/\/monatglobal.com\/ca\/#organization","name":"Monat Canada English","description":"We Are Modern Nature","url":"https:\/\/monatglobal.com\/ca\/"},{"@type":"WebPage","@id":"https:\/\/monatglobal.com\/ca\/makeup-vanishing-balm\/?lang=fr#webpage","url":"https:\/\/monatglobal.com\/ca\/makeup-vanishing-balm\/?lang=fr","name":"Makeup Vanishing Balm | D\u00e9maquillant | Soins de la peau MONAT - Monat Canada English","description":"Makeup Vanishing Balm\u2122 D\u00e9maquillant fondant Dissolve et adoucit Nourrit et hydrate gr\u00e2ce \u00e0 REJUVENIQE S\u2122 89 ml \u212e 3 oz liq. Prix de VIP 75,00 $ CA Prix de d\u00e9tail 88,00 $ CA ON SALE Sunday, September 15 11a.m. EDT Voir la fiche de renseignements \u2335 Pour en savoir plus sur le Makeup Vanishing Balm\u2122,","inLanguage":"en-US","isPartOf":{"@id":"https:\/\/monatglobal.com\/ca\/#website"},"breadcrumb":{"@id":"https:\/\/monatglobal.com\/ca\/makeup-vanishing-balm\/?lang=fr#breadcrumblist"},"image":{"@type":"ImageObject","url":"https:\/\/monatglobal.com\/ca\/wp-content\/uploads\/sites\/5\/2020\/03\/Makeup-Vanishing-Balm_web_desk.png","@id":"https:\/\/monatglobal.com\/ca\/makeup-vanishing-balm\/?lang=fr\/#mainImage","width":435,"height":575,"caption":"Makeup Vanishing Balm"},"primaryImageOfPage":{"@id":"https:\/\/monatglobal.com\/ca\/makeup-vanishing-balm\/?lang=fr#mainImage"},"datePublished":"2020-03-24T21:18:09-04:00","dateModified":"2026-01-08T10:41:09-05:00"},{"@type":"WebSite","@id":"https:\/\/monatglobal.com\/ca\/#website","url":"https:\/\/monatglobal.com\/ca\/","name":"Monat Canada English","description":"We Are Modern Nature","inLanguage":"en-US","publisher":{"@id":"https:\/\/monatglobal.com\/ca\/#organization"}}]},"og:locale":"en_US","og:site_name":"Monat Canada English - We Are Modern Nature","og:type":"article","og:title":"Makeup Vanishing Balm | D\u00e9maquillant | Soins de la peau MONAT - Monat Canada English","og:description":"Makeup Vanishing Balm\u2122 D\u00e9maquillant fondant Dissolve et adoucit Nourrit et hydrate gr\u00e2ce \u00e0 REJUVENIQE S\u2122 89 ml \u212e 3 oz liq. Prix de VIP 75,00 $ CA Prix de d\u00e9tail 88,00 $ CA ON SALE Sunday, September 15 11a.m. EDT Voir la fiche de renseignements \u2335 Pour en savoir plus sur le Makeup Vanishing Balm\u2122,","og:url":"https:\/\/monatglobal.com\/ca\/makeup-vanishing-balm\/?lang=fr","article:published_time":"2020-03-24T21:18:09+00:00","article:modified_time":"2026-01-08T15:41:09+00:00","twitter:card":"summary_large_image","twitter:title":"Makeup Vanishing Balm | D\u00e9maquillant | Soins de la peau MONAT - Monat Canada English","twitter:description":"Makeup Vanishing Balm\u2122 D\u00e9maquillant fondant Dissolve et adoucit Nourrit et hydrate gr\u00e2ce \u00e0 REJUVENIQE S\u2122 89 ml \u212e 3 oz liq. Prix de VIP 75,00 $ CA Prix de d\u00e9tail 88,00 $ CA ON SALE Sunday, September 15 11a.m. EDT Voir la fiche de renseignements \u2335 Pour en savoir plus sur le Makeup Vanishing Balm\u2122,"},"aioseo_meta_data":{"post_id":"50941","title":null,"description":null,"keywords":null,"keyphrases":null,"primary_term":null,"canonical_url":null,"og_title":null,"og_description":null,"og_object_type":"default","og_image_type":"default","og_image_url":null,"og_image_width":null,"og_image_height":null,"og_image_custom_url":null,"og_image_custom_fields":null,"og_video":null,"og_custom_url":null,"og_article_section":null,"og_article_tags":null,"twitter_use_og":false,"twitter_card":"default","twitter_image_type":"default","twitter_image_url":null,"twitter_image_custom_url":null,"twitter_image_custom_fields":null,"twitter_title":null,"twitter_description":null,"schema":{"blockGraphs":[],"customGraphs":[],"default":{"data":{"Article":[],"Course":[],"Dataset":[],"FAQPage":[],"Movie":[],"Person":[],"Product":[],"ProductReview":[],"Car":[],"Recipe":[],"Service":[],"SoftwareApplication":[],"WebPage":[]},"graphName":"WebPage","isEnabled":true},"graphs":[]},"schema_type":"default","schema_type_options":null,"pillar_content":false,"robots_default":true,"robots_noindex":false,"robots_noarchive":false,"robots_nosnippet":false,"robots_nofollow":false,"robots_noimageindex":false,"robots_noodp":false,"robots_notranslate":false,"robots_max_snippet":null,"robots_max_videopreview":null,"robots_max_imagepreview":"large","priority":null,"frequency":null,"local_seo":null,"seo_analyzer_scan_date":"2026-02-10 18:47:32","limit_modified_date":false,"reviewed_by":null,"open_ai":null,"ai":null,"created":"2023-07-26 12:48:20","updated":"2026-02-10 19:02:54"},"aioseo_breadcrumb":"<div class=\"aioseo-breadcrumbs\"><span class=\"aioseo-breadcrumb\">\n\t<a href=\"https:\/\/monatglobal.com\/ca\" title=\"Home\">Home<\/a>\n<\/span><span class=\"aioseo-breadcrumb-separator\">&raquo;<\/span><span class=\"aioseo-breadcrumb\">\n\tMakeup Vanishing Balm | D\u00e9maquillant | Soins de la peau MONAT\n<\/span><\/div>","aioseo_breadcrumb_json":[{"label":"Home","link":"https:\/\/monatglobal.com\/ca"},{"label":"Makeup Vanishing Balm | D\u00e9maquillant | Soins de la peau MONAT","link":"https:\/\/monatglobal.com\/ca\/makeup-vanishing-balm\/?lang=fr"}],"_links":{"self":[{"href":"https:\/\/monatglobal.com\/ca\/wp-json\/wp\/v2\/pages\/50941","targetHints":{"allow":["GET"]}}],"collection":[{"href":"https:\/\/monatglobal.com\/ca\/wp-json\/wp\/v2\/pages"}],"about":[{"href":"https:\/\/monatglobal.com\/ca\/wp-json\/wp\/v2\/types\/page"}],"author":[{"embeddable":true,"href":"https:\/\/monatglobal.com\/ca\/wp-json\/wp\/v2\/users\/31"}],"replies":[{"embeddable":true,"href":"https:\/\/monatglobal.com\/ca\/wp-json\/wp\/v2\/comments?post=50941"}],"version-history":[{"count":35,"href":"https:\/\/monatglobal.com\/ca\/wp-json\/wp\/v2\/pages\/50941\/revisions"}],"predecessor-version":[{"id":109776,"href":"https:\/\/monatglobal.com\/ca\/wp-json\/wp\/v2\/pages\/50941\/revisions\/109776"}],"wp:featuredmedia":[{"embeddable":true,"href":"https:\/\/monatglobal.com\/ca\/wp-json\/wp\/v2\/media\/50931"}],"wp:attachment":[{"href":"https:\/\/monatglobal.com\/ca\/wp-json\/wp\/v2\/media?parent=50941"}],"wp:term":[{"taxonomy":"category","embeddable":true,"href":"https:\/\/monatglobal.com\/ca\/wp-json\/wp\/v2\/categories?post=50941"},{"taxonomy":"post_tag","embeddable":true,"href":"https:\/\/monatglobal.com\/ca\/wp-json\/wp\/v2\/tags?post=50941"}],"curies":[{"name":"wp","href":"https:\/\/api.w.org\/{rel}","templated":true}]}}