{"id":50271,"date":"2020-02-06T17:13:38","date_gmt":"2020-02-06T17:13:38","guid":{"rendered":"https:\/\/monatglobal.com\/ca\/?page_id=50271"},"modified":"2020-11-13T17:59:03","modified_gmt":"2020-11-13T17:59:03","slug":"passport-2020","status":"publish","type":"page","link":"https:\/\/monatglobal.com\/ca\/passport-2020\/?lang=fr","title":{"rendered":"Passport 2020"},"content":{"rendered":"\n\tEscapade sur la plage\nREPORT\u00c9E!\n\t <h1>Premi\u00e8re vague : du 4 au 7 f\u00e9vrier 2021<br\/>\nDeuxi\u00e8me vague : du 7 au 10 f\u00e9vrier 2021\n<\/h1>\n\t\t\t\t<img decoding=\"async\" src=\"https:\/\/monatglobal.com\/wp-content\/uploads\/2020\/02\/sky-passport.png\" alt=\"\" itemprop=\"image\"  \/>\n\t\t\t\t<img loading=\"lazy\" decoding=\"async\" src=\"https:\/\/monatglobal.com\/wp-content\/uploads\/2020\/02\/Punta-Cana-passport-.png\" alt=\"Punta-Cana-passport-\" itemprop=\"image\" height=\"262\" width=\"225\" title=\"Punta-Cana-passport-\"  \/>\n\t\t\t\t<img loading=\"lazy\" decoding=\"async\" src=\"https:\/\/monatglobal.com\/wp-content\/uploads\/2020\/02\/monat-passport-300x189.png\" alt=\"monat-passport\" itemprop=\"image\" height=\"189\" width=\"300\" title=\"monat-passport\"  \/>\n\t<h1>Barcel\u00f3 B\u00e1varo Grand Resort<br>\nPunta Cana, R\u00e9publique dominicaine\n<\/h1>\n\t<h1>3\n<\/h1>\n\t <h1>nuits dans les cara\u00efbes\n<\/h1>\n\t<h1>2 \n<\/h1>\n\t <h1>h\u00f4tels \u00e0 forfait tout compris\n<\/h1>\n\t<h1>1 \n<\/h1>\n\t <h1>exp\u00e9rience incomparable\n<\/h1>\n\t<h1>0\n<\/h1>\n\t <h1>soucis\n<\/h1>\n\t<h1>Entre la mer des Cara\u00efbes et l\u2019oc\u00e9an Atlantique se trouve le paradis sur terre :\n<\/h1>\n\t<h1>Punta Cana et B\u00e1varo\n<\/h1>\n\t <h1>Punta Cana and B\u00e1varo. \n<\/h1>\n\t<h1>Des plages de sable blanc, des eaux turquoise et d\u2019innombrables palmiers\ncr\u00e9ent un incroyable paysage idyllique.<\/h1>\n\t\t\t\t<img loading=\"lazy\" decoding=\"async\" src=\"https:\/\/monatglobal.com\/wp-content\/uploads\/2020\/02\/sand-tracks.png\" alt=\"sand-tracks\" itemprop=\"image\" height=\"99\" width=\"151\" title=\"sand-tracks\"  \/>\n\t<h1>Ici, au bord de deux plages certifi\u00e9es Blue Flag comme \u00e9tant parmi les meilleures au monde,\ndeux h\u00f4tels de luxe distinctes, le Barcel\u00f3 B\u00e1varo Palace et le Barcel\u00f3 B\u00e1varo Beach Resort, vous attendent pour de merveilleuses vacances.\n<\/h1>\n\t<h1>Bienvenue au voyage<br>\nMONAT Passport 2020.  \n<\/h1>\n\t <h5>\u00c9chelon\n<\/h5>\n<h5>Accumuler de f\u00e9vrier \u00e0 juillet :\n<\/h5>\n<h5>R\u00e9compense<\/h5>\n\t <h5 style=\" line-height: 1.1em;\n   text-align: center;\n    font-family: 'SurveyorDisplay-Book-Pro' !important;\n    color: #2f294b;\n    font-size: 2.6em;\" >1\n<\/h5>\n<h5>\n&bull;\tParrainage personnel : 3 PM, 9 VIP<br><br>\n&bull;\tParrainage personnel du groupe : 12 PM, 40 VIP<br><br>\n&bull;\tVolume de groupe  : VG de 45 000<br><br>\n&bull;\tRang pay\u00e9 le dernier mois de la p\u00e9riode de<br\/>qualification : BMG+<br>\n<\/h5><br>\n<h5>Voyage<\/h5>\n\t <h5 style=\" line-height: 1.1em;\n   text-align: center;\n    font-family: 'SurveyorDisplay-Book-Pro' !important;\n    color: #2f294b;\n    font-size: 2.6em;\" >2\n<\/h5>\n<h5 >\n&bull; Parrainage personnel : 6 *PM, 18 **VIP<br><br>\n&bull; Parrainage du groupe personnel : 24 PM, 80 VIP<br><br>\n&bull; Volume de groupe : VG de 60 000<br><br>\n&bull; Rang pay\u00e9 le dernier mois de la p\u00e9riode de<br>qualification : MMA+<br>\n<\/h5><br>\n<h5>Voyage + conjoint<\/h5>\n\t <h5 style=\" line-height: 1.1em;\n   text-align: center;\n    font-family: 'SurveyorDisplay-Book-Pro' !important;\n    color: #2f294b;\n    font-size: 2.6em;\" >3\n<\/h5>\n<h5 >\n&bull; Parrainage personnel : 10 PM, 30 VIP<br><br>\n&bull; Parrainage personnel du groupe : 40 PM, 120 VIP<br><br>\n&bull; Volume de groupe  : VG de 85 000<br><br>\n&bull; Rang pay\u00e9 le dernier mois de la p\u00e9riode de qualification : MM+<br>\n<\/h5><br>\n<h5>Voyage + conjoint + chambre de cat\u00e9gorie sup\u00e9rieure<\/h5>\n\t*Market Partner: with a Product Pack | **VIP: with Active Flexship\n\t<h5>Accumuler de f\u00e9vrier \u00e0 juillet :<br>\n<\/h5>\n<h5>R\u00e9compense<\/h5>\n         \u00c9chelon 1\n    <h5>\n&bull;\tParrainage personnel : 3 PM, 9 VIP<br><br>\n&bull;\tParrainage personnel du groupe : 12 PM, 40 VIP<br><br>\n&bull;\tVolume de groupe  : VG de 45 000<br><br>\n&bull;\tRang pay\u00e9 le dernier mois de la p\u00e9riode de qualification : BMG+<br>\n<\/h5><br>\n<h5>Voyage<\/h5>\n                 \u00c9chelon 2\n    <h5>\n&bull; Parrainage personnel : 6 *PM, 18 **VIP<br><br>\n&bull; Parrainage du groupe personnel : 24 PM, 80 VIP<br><br>\n&bull; Volume de groupe : VG de 60 000<br><br>\n&bull; Rang pay\u00e9 le dernier mois de la p\u00e9riode de<br>qualification : MMA+<br>\n<\/h5><br>\n<h5>Voyage + conjoint<\/h5>\n                 \u00c9chelon 3\n    <h5>\n&bull; Parrainage personnel : 10 PM, 30 VIP<br><br>\n&bull; Parrainage personnel du groupe : 40 PM, 120 VIP<br><br>\n&bull; Volume de groupe  : VG de 85 000<br><br>\n&bull; Rang pay\u00e9 le dernier mois de la p\u00e9riode de qualification : MM+<br>\n<\/h5><br>\n<h5>Voyage + conjoint + chambre de cat\u00e9gorie sup\u00e9rieure<\/h5>\n\t<h1>La qualification comprend\n<\/h1>\n\t <h1>Billet d&#8217;avion aller-retour en classe \u00e9conomique<br>\nH\u00e9bergement \u00e0 l\u2019h\u00f4tel (3 nuits)<br>\nAliments et boissons dans 13 restaurants et bars\n<\/h1>\n\t\t\t<a href=\"https:\/\/monatglobal.com\/wp-content\/uploads\/2020\/11\/CAN_Passport2020_Postponed_FAQs_FR.pdf\" target=\"_self\" role=\"button\">\n\t\t\t\t\t\t\tFAQs\n\t\t\t\t\t<\/a>\n\t*Veuillez consulter les <a href=\"https:\/\/monatglobal.com\/wp-content\/uploads\/2019\/07\/US-CA_Reunion-2020_Terms-and-Conditions_073119_v3.pdf\" target=\"_blank\"><strong>Conditions d\u2019acceptation<\/strong><\/a> du transport a\u00e9rien pay\u00e9 par MONAT.\n\tJ&#8217;accepte que MONAT se r\u00e9serve le droit de modifier les dates du voyage, les inclusions ou les sp\u00e9cificit\u00e9s du programme, \u00e0 tout moment, et m\u00eame d&#8217;annuler le voyage pour une raison hors du contr\u00f4le raisonnable de MONAT ou de la destination, y compris, mais sans s&#8217;y limiter, \u00ab Actes de Dieu \u00bb, troubles civils, guerre, perturbation des transports, intemp\u00e9ries ou urgence nationale, gr\u00e8ves du travail ou toute autre circonstance que MONAT ou le centre de vill\u00e9giature consid\u00e8re, \u00e0 leur enti\u00e8re discr\u00e9tion, comme rendant ce voyage irr\u00e9alisable, impossible ou dangereux. Si de telles circonstances n\u00e9cessitent l&#8217;annulation de cet \u00e9v\u00e9nement, MONAT ne pourra \u00eatre tenue pour responsable des dommages que je subirais, que MONAT soit ou non inform\u00e9e de la possibilit\u00e9 de tels dommages. MONAT ne sera pas non plus oblig\u00e9e de reporter cet \u00e9v\u00e9nement ou de fournir une compensation distincte ou suppl\u00e9mentaire de quelque nature que ce soit.\n","protected":false},"excerpt":{"rendered":"<p>Escapade sur la plage REPORT\u00c9E! Premi\u00e8re vague : du 4 au 7 f\u00e9vrier 2021 Deuxi\u00e8me vague : du 7 au 10 f\u00e9vrier 2021 Barcel\u00f3 B\u00e1varo Grand Resort Punta Cana, R\u00e9publique dominicaine 3 nuits dans les cara\u00efbes 2 h\u00f4tels \u00e0 forfait tout compris 1 exp\u00e9rience incomparable 0 soucis Entre la mer des Cara\u00efbes et l\u2019oc\u00e9an Atlantique&hellip;<\/p>\n","protected":false},"author":33,"featured_media":50276,"parent":0,"menu_order":0,"comment_status":"closed","ping_status":"closed","template":"template-full-custom.php","meta":{"inline_featured_image":false,"om_disable_all_campaigns":false,"_monsterinsights_skip_tracking":false,"_monsterinsights_sitenote_active":false,"_monsterinsights_sitenote_note":"","_monsterinsights_sitenote_category":0,"footnotes":""},"categories":[],"tags":[],"class_list":["post-50271","page","type-page","status-publish","has-post-thumbnail","hentry"],"aioseo_notices":[],"aioseo_head":"\n\t\t<!-- All in One SEO Pro 4.9.5.2 - aioseo.com -->\n\t<meta name=\"description\" content=\"Escapade sur la plage REPORT\u00c9E! Premi\u00e8re vague : du 4 au 7 f\u00e9vrier 2021 Deuxi\u00e8me vague : du 7 au 10 f\u00e9vrier 2021 Barcel\u00f3 B\u00e1varo Grand Resort Punta Cana, R\u00e9publique dominicaine 3 nuits dans les cara\u00efbes 2 h\u00f4tels \u00e0 forfait tout compris 1 exp\u00e9rience incomparable 0 soucis Entre la mer des Cara\u00efbes et l\u2019oc\u00e9an Atlantique\" \/>\n\t<meta name=\"robots\" content=\"max-image-preview:large\" \/>\n\t<link rel=\"canonical\" href=\"https:\/\/monatglobal.com\/ca\/passport-2020\/?lang=fr\" \/>\n\t<meta name=\"generator\" content=\"All in One SEO Pro (AIOSEO) 4.9.5.2\" \/>\n\t\t<meta property=\"og:locale\" content=\"en_US\" \/>\n\t\t<meta property=\"og:site_name\" content=\"Monat Canada English - We Are Modern Nature\" \/>\n\t\t<meta property=\"og:type\" content=\"article\" \/>\n\t\t<meta property=\"og:title\" content=\"Passport 2020 - Monat Canada English\" \/>\n\t\t<meta property=\"og:description\" content=\"Escapade sur la plage REPORT\u00c9E! Premi\u00e8re vague : du 4 au 7 f\u00e9vrier 2021 Deuxi\u00e8me vague : du 7 au 10 f\u00e9vrier 2021 Barcel\u00f3 B\u00e1varo Grand Resort Punta Cana, R\u00e9publique dominicaine 3 nuits dans les cara\u00efbes 2 h\u00f4tels \u00e0 forfait tout compris 1 exp\u00e9rience incomparable 0 soucis Entre la mer des Cara\u00efbes et l\u2019oc\u00e9an Atlantique\" \/>\n\t\t<meta property=\"og:url\" content=\"https:\/\/monatglobal.com\/ca\/passport-2020\/?lang=fr\" \/>\n\t\t<meta property=\"article:published_time\" content=\"2020-02-06T17:13:38+00:00\" \/>\n\t\t<meta property=\"article:modified_time\" content=\"2020-11-13T17:59:03+00:00\" \/>\n\t\t<meta name=\"twitter:card\" content=\"summary_large_image\" \/>\n\t\t<meta name=\"twitter:title\" content=\"Passport 2020 - Monat Canada English\" \/>\n\t\t<meta name=\"twitter:description\" content=\"Escapade sur la plage REPORT\u00c9E! Premi\u00e8re vague : du 4 au 7 f\u00e9vrier 2021 Deuxi\u00e8me vague : du 7 au 10 f\u00e9vrier 2021 Barcel\u00f3 B\u00e1varo Grand Resort Punta Cana, R\u00e9publique dominicaine 3 nuits dans les cara\u00efbes 2 h\u00f4tels \u00e0 forfait tout compris 1 exp\u00e9rience incomparable 0 soucis Entre la mer des Cara\u00efbes et l\u2019oc\u00e9an Atlantique\" \/>\n\t\t<script type=\"application\/ld+json\" class=\"aioseo-schema\">\n\t\t\t{\"@context\":\"https:\\\/\\\/schema.org\",\"@graph\":[{\"@type\":\"BreadcrumbList\",\"@id\":\"https:\\\/\\\/monatglobal.com\\\/ca\\\/passport-2020\\\/?lang=fr#breadcrumblist\",\"itemListElement\":[{\"@type\":\"ListItem\",\"@id\":\"https:\\\/\\\/monatglobal.com\\\/ca#listItem\",\"position\":1,\"name\":\"Home\",\"item\":\"https:\\\/\\\/monatglobal.com\\\/ca\",\"nextItem\":{\"@type\":\"ListItem\",\"@id\":\"https:\\\/\\\/monatglobal.com\\\/ca\\\/passport-2020\\\/?lang=fr#listItem\",\"name\":\"Passport 2020\"}},{\"@type\":\"ListItem\",\"@id\":\"https:\\\/\\\/monatglobal.com\\\/ca\\\/passport-2020\\\/?lang=fr#listItem\",\"position\":2,\"name\":\"Passport 2020\",\"previousItem\":{\"@type\":\"ListItem\",\"@id\":\"https:\\\/\\\/monatglobal.com\\\/ca#listItem\",\"name\":\"Home\"}}]},{\"@type\":\"Organization\",\"@id\":\"https:\\\/\\\/monatglobal.com\\\/ca\\\/#organization\",\"name\":\"Monat Canada English\",\"description\":\"We Are Modern Nature\",\"url\":\"https:\\\/\\\/monatglobal.com\\\/ca\\\/\"},{\"@type\":\"WebPage\",\"@id\":\"https:\\\/\\\/monatglobal.com\\\/ca\\\/passport-2020\\\/?lang=fr#webpage\",\"url\":\"https:\\\/\\\/monatglobal.com\\\/ca\\\/passport-2020\\\/?lang=fr\",\"name\":\"Passport 2020 - Monat Canada English\",\"description\":\"Escapade sur la plage REPORT\\u00c9E! Premi\\u00e8re vague : du 4 au 7 f\\u00e9vrier 2021 Deuxi\\u00e8me vague : du 7 au 10 f\\u00e9vrier 2021 Barcel\\u00f3 B\\u00e1varo Grand Resort Punta Cana, R\\u00e9publique dominicaine 3 nuits dans les cara\\u00efbes 2 h\\u00f4tels \\u00e0 forfait tout compris 1 exp\\u00e9rience incomparable 0 soucis Entre la mer des Cara\\u00efbes et l\\u2019oc\\u00e9an Atlantique\",\"inLanguage\":\"en-US\",\"isPartOf\":{\"@id\":\"https:\\\/\\\/monatglobal.com\\\/ca\\\/#website\"},\"breadcrumb\":{\"@id\":\"https:\\\/\\\/monatglobal.com\\\/ca\\\/passport-2020\\\/?lang=fr#breadcrumblist\"},\"image\":{\"@type\":\"ImageObject\",\"url\":\"https:\\\/\\\/monatglobal.com\\\/ca\\\/wp-content\\\/uploads\\\/sites\\\/5\\\/2020\\\/02\\\/thumb_passport2020.jpg\",\"@id\":\"https:\\\/\\\/monatglobal.com\\\/ca\\\/passport-2020\\\/?lang=fr\\\/#mainImage\",\"width\":400,\"height\":282},\"primaryImageOfPage\":{\"@id\":\"https:\\\/\\\/monatglobal.com\\\/ca\\\/passport-2020\\\/?lang=fr#mainImage\"},\"datePublished\":\"2020-02-06T17:13:38-05:00\",\"dateModified\":\"2020-11-13T17:59:03-05:00\"},{\"@type\":\"WebSite\",\"@id\":\"https:\\\/\\\/monatglobal.com\\\/ca\\\/#website\",\"url\":\"https:\\\/\\\/monatglobal.com\\\/ca\\\/\",\"name\":\"Monat Canada English\",\"description\":\"We Are Modern Nature\",\"inLanguage\":\"en-US\",\"publisher\":{\"@id\":\"https:\\\/\\\/monatglobal.com\\\/ca\\\/#organization\"}}]}\n\t\t<\/script>\n\t\t<!-- All in One SEO Pro -->\r\n\t\t<title>Passport 2020 - Monat Canada English<\/title>\n\n","aioseo_head_json":{"title":"Passport 2020 - Monat Canada English","description":"Escapade sur la plage REPORT\u00c9E! Premi\u00e8re vague : du 4 au 7 f\u00e9vrier 2021 Deuxi\u00e8me vague : du 7 au 10 f\u00e9vrier 2021 Barcel\u00f3 B\u00e1varo Grand Resort Punta Cana, R\u00e9publique dominicaine 3 nuits dans les cara\u00efbes 2 h\u00f4tels \u00e0 forfait tout compris 1 exp\u00e9rience incomparable 0 soucis Entre la mer des Cara\u00efbes et l\u2019oc\u00e9an Atlantique","canonical_url":"https:\/\/monatglobal.com\/ca\/passport-2020\/?lang=fr","robots":"max-image-preview:large","keywords":"","webmasterTools":{"miscellaneous":""},"schema":{"@context":"https:\/\/schema.org","@graph":[{"@type":"BreadcrumbList","@id":"https:\/\/monatglobal.com\/ca\/passport-2020\/?lang=fr#breadcrumblist","itemListElement":[{"@type":"ListItem","@id":"https:\/\/monatglobal.com\/ca#listItem","position":1,"name":"Home","item":"https:\/\/monatglobal.com\/ca","nextItem":{"@type":"ListItem","@id":"https:\/\/monatglobal.com\/ca\/passport-2020\/?lang=fr#listItem","name":"Passport 2020"}},{"@type":"ListItem","@id":"https:\/\/monatglobal.com\/ca\/passport-2020\/?lang=fr#listItem","position":2,"name":"Passport 2020","previousItem":{"@type":"ListItem","@id":"https:\/\/monatglobal.com\/ca#listItem","name":"Home"}}]},{"@type":"Organization","@id":"https:\/\/monatglobal.com\/ca\/#organization","name":"Monat Canada English","description":"We Are Modern Nature","url":"https:\/\/monatglobal.com\/ca\/"},{"@type":"WebPage","@id":"https:\/\/monatglobal.com\/ca\/passport-2020\/?lang=fr#webpage","url":"https:\/\/monatglobal.com\/ca\/passport-2020\/?lang=fr","name":"Passport 2020 - Monat Canada English","description":"Escapade sur la plage REPORT\u00c9E! Premi\u00e8re vague : du 4 au 7 f\u00e9vrier 2021 Deuxi\u00e8me vague : du 7 au 10 f\u00e9vrier 2021 Barcel\u00f3 B\u00e1varo Grand Resort Punta Cana, R\u00e9publique dominicaine 3 nuits dans les cara\u00efbes 2 h\u00f4tels \u00e0 forfait tout compris 1 exp\u00e9rience incomparable 0 soucis Entre la mer des Cara\u00efbes et l\u2019oc\u00e9an Atlantique","inLanguage":"en-US","isPartOf":{"@id":"https:\/\/monatglobal.com\/ca\/#website"},"breadcrumb":{"@id":"https:\/\/monatglobal.com\/ca\/passport-2020\/?lang=fr#breadcrumblist"},"image":{"@type":"ImageObject","url":"https:\/\/monatglobal.com\/ca\/wp-content\/uploads\/sites\/5\/2020\/02\/thumb_passport2020.jpg","@id":"https:\/\/monatglobal.com\/ca\/passport-2020\/?lang=fr\/#mainImage","width":400,"height":282},"primaryImageOfPage":{"@id":"https:\/\/monatglobal.com\/ca\/passport-2020\/?lang=fr#mainImage"},"datePublished":"2020-02-06T17:13:38-05:00","dateModified":"2020-11-13T17:59:03-05:00"},{"@type":"WebSite","@id":"https:\/\/monatglobal.com\/ca\/#website","url":"https:\/\/monatglobal.com\/ca\/","name":"Monat Canada English","description":"We Are Modern Nature","inLanguage":"en-US","publisher":{"@id":"https:\/\/monatglobal.com\/ca\/#organization"}}]},"og:locale":"en_US","og:site_name":"Monat Canada English - We Are Modern Nature","og:type":"article","og:title":"Passport 2020 - Monat Canada English","og:description":"Escapade sur la plage REPORT\u00c9E! Premi\u00e8re vague : du 4 au 7 f\u00e9vrier 2021 Deuxi\u00e8me vague : du 7 au 10 f\u00e9vrier 2021 Barcel\u00f3 B\u00e1varo Grand Resort Punta Cana, R\u00e9publique dominicaine 3 nuits dans les cara\u00efbes 2 h\u00f4tels \u00e0 forfait tout compris 1 exp\u00e9rience incomparable 0 soucis Entre la mer des Cara\u00efbes et l\u2019oc\u00e9an Atlantique","og:url":"https:\/\/monatglobal.com\/ca\/passport-2020\/?lang=fr","article:published_time":"2020-02-06T17:13:38+00:00","article:modified_time":"2020-11-13T17:59:03+00:00","twitter:card":"summary_large_image","twitter:title":"Passport 2020 - Monat Canada English","twitter:description":"Escapade sur la plage REPORT\u00c9E! Premi\u00e8re vague : du 4 au 7 f\u00e9vrier 2021 Deuxi\u00e8me vague : du 7 au 10 f\u00e9vrier 2021 Barcel\u00f3 B\u00e1varo Grand Resort Punta Cana, R\u00e9publique dominicaine 3 nuits dans les cara\u00efbes 2 h\u00f4tels \u00e0 forfait tout compris 1 exp\u00e9rience incomparable 0 soucis Entre la mer des Cara\u00efbes et l\u2019oc\u00e9an Atlantique"},"aioseo_meta_data":{"post_id":"50271","title":null,"description":null,"keywords":null,"keyphrases":null,"primary_term":null,"canonical_url":null,"og_title":null,"og_description":null,"og_object_type":"default","og_image_type":"default","og_image_url":null,"og_image_width":null,"og_image_height":null,"og_image_custom_url":null,"og_image_custom_fields":null,"og_video":null,"og_custom_url":null,"og_article_section":null,"og_article_tags":null,"twitter_use_og":false,"twitter_card":"default","twitter_image_type":"default","twitter_image_url":null,"twitter_image_custom_url":null,"twitter_image_custom_fields":null,"twitter_title":null,"twitter_description":null,"schema":{"blockGraphs":[],"customGraphs":[],"default":{"data":{"Article":[],"Course":[],"Dataset":[],"FAQPage":[],"Movie":[],"Person":[],"Product":[],"ProductReview":[],"Car":[],"Recipe":[],"Service":[],"SoftwareApplication":[],"WebPage":[]},"graphName":"","isEnabled":true},"graphs":[]},"schema_type":"default","schema_type_options":null,"pillar_content":false,"robots_default":true,"robots_noindex":false,"robots_noarchive":false,"robots_nosnippet":false,"robots_nofollow":false,"robots_noimageindex":false,"robots_noodp":false,"robots_notranslate":false,"robots_max_snippet":null,"robots_max_videopreview":null,"robots_max_imagepreview":"large","priority":null,"frequency":null,"local_seo":null,"seo_analyzer_scan_date":"2026-02-10 18:40:39","limit_modified_date":false,"reviewed_by":null,"open_ai":null,"ai":null,"created":"2023-07-26 12:47:13","updated":"2026-02-10 18:40:39"},"aioseo_breadcrumb":"<div class=\"aioseo-breadcrumbs\"><span class=\"aioseo-breadcrumb\">\n\t<a href=\"https:\/\/monatglobal.com\/ca\" title=\"Home\">Home<\/a>\n<\/span><span class=\"aioseo-breadcrumb-separator\">&raquo;<\/span><span class=\"aioseo-breadcrumb\">\n\tPassport 2020\n<\/span><\/div>","aioseo_breadcrumb_json":[{"label":"Home","link":"https:\/\/monatglobal.com\/ca"},{"label":"Passport 2020","link":"https:\/\/monatglobal.com\/ca\/passport-2020\/?lang=fr"}],"_links":{"self":[{"href":"https:\/\/monatglobal.com\/ca\/wp-json\/wp\/v2\/pages\/50271","targetHints":{"allow":["GET"]}}],"collection":[{"href":"https:\/\/monatglobal.com\/ca\/wp-json\/wp\/v2\/pages"}],"about":[{"href":"https:\/\/monatglobal.com\/ca\/wp-json\/wp\/v2\/types\/page"}],"author":[{"embeddable":true,"href":"https:\/\/monatglobal.com\/ca\/wp-json\/wp\/v2\/users\/33"}],"replies":[{"embeddable":true,"href":"https:\/\/monatglobal.com\/ca\/wp-json\/wp\/v2\/comments?post=50271"}],"version-history":[{"count":7,"href":"https:\/\/monatglobal.com\/ca\/wp-json\/wp\/v2\/pages\/50271\/revisions"}],"predecessor-version":[{"id":56520,"href":"https:\/\/monatglobal.com\/ca\/wp-json\/wp\/v2\/pages\/50271\/revisions\/56520"}],"wp:featuredmedia":[{"embeddable":true,"href":"https:\/\/monatglobal.com\/ca\/wp-json\/wp\/v2\/media\/50276"}],"wp:attachment":[{"href":"https:\/\/monatglobal.com\/ca\/wp-json\/wp\/v2\/media?parent=50271"}],"wp:term":[{"taxonomy":"category","embeddable":true,"href":"https:\/\/monatglobal.com\/ca\/wp-json\/wp\/v2\/categories?post=50271"},{"taxonomy":"post_tag","embeddable":true,"href":"https:\/\/monatglobal.com\/ca\/wp-json\/wp\/v2\/tags?post=50271"}],"curies":[{"name":"wp","href":"https:\/\/api.w.org\/{rel}","templated":true}]}}