{"id":49964,"date":"2020-01-24T20:44:41","date_gmt":"2020-01-24T20:44:41","guid":{"rendered":"https:\/\/monatglobal.com\/ca\/?page_id=49964"},"modified":"2026-01-08T10:00:48","modified_gmt":"2026-01-08T15:00:48","slug":"unknot-detangler","status":"publish","type":"page","link":"https:\/\/monatglobal.com\/ca\/unknot-detangler\/?lang=fr","title":{"rendered":"D\u00e9m\u00ealant \u00e9liminant les n\u0153uds"},"content":{"rendered":"\n\n\t<img loading=\"lazy\" decoding=\"async\" src=\"https:\/\/monatglobal.com\/ca\/wp-content\/uploads\/sites\/5\/2020\/06\/UNKNOT-DETANGLER-500x438-1.png\" alt=\"Unknot Detangler\" width=\"350\" height=\"400\" \/>\n    <h1><strong>SOIN<\/strong>\n    <br \/>D\u00c9M\u00caLANT<\/h1>\n    <hr \/>\n\t<em><br \/>\nUn l\u00e9ger d\u00e9m\u00ealant qui traite, renouv\u00e8le et adoucit les cheveux, tout en \u00e9liminant les n\u0153uds.<br \/>\n<\/em>\n   134 ml e 4,5 oz liq.\n<strong>Prix de client VIP <\/strong><br \/>\n43,00 $ CA\n<strong>Prix de d\u00e9tail <\/strong><br \/>\n50,00 $ CA\n<strong>Prix de client VIP <\/strong><br \/>\n46,00 $ CA\n<strong>Prix de d\u00e9tail <\/strong><br \/>\n54,00 $ CA\n<strong>Prix de client VIP <\/strong><br \/>\n38,00 $ CA\n<strong>Prix de d\u00e9tail <\/strong><br \/>\n45,00 $ CA\n\t<p>Pour en savoir plus sur le soin d\u00e9m\u00ealant, veuillez contacter votre partenaire de march\u00e9 MONAT.<\/p>\n\t<a href=\"https:\/\/corp.mymonat.com\/shop\/products\/unknot-detangler\/?globallanguage=fr&#038;globalmarket=ca\" target=\"_blank\" role=\"button\" aria-label=\"Go to SOIN D\u00c9M\u00caLANT shop\" rel=\"noopener\">MAGASINEZ<\/a>\n<h2>\n\t\tREVITALISE. ADOUCIT. RENFORCE.\n\t<\/h2>\n\t<p>Gagnez la bataille contre les n\u0153uds et cr\u00e9ez le look parfait. Le D\u00e9m\u00ealant \u00e9liminant les n\u0153uds laissera vos cheveux lisses et maniables. Dites adieu aux n\u0153uds et aux cheveux emm\u00eal\u00e9s. Avec REJUVENIQE S\u2122, ce produit multifonction sans rin\u00e7age renforce et traite les cheveux tout en \u00e9liminant instantan\u00e9ment les emm\u00ealements et les frisottis, laissant les cheveux et soyeux.  <\/p>\n<h2>\n\t\tCARACT\u00c9RISTIQUES\n\t<\/h2>\n\t<ul>\n<li>Sa formule l\u00e9g\u00e8re d\u00e9m\u00eale instantan\u00e9ment les cheveux sans les alourdir<\/li>\n<li>Aide \u00e0 renforcer les cheveux tout en maintenant l&#8217;hydratation et la douceur<\/li>\n<li>S\u00e9curitaire pour les cheveux color\u00e9s<\/li>\n<li>Convient \u00e0 tous les types et toutes les textures de cheveux<\/li>\n<li>Test\u00e9 par des dermatologues<\/li>\n<li>Non test\u00e9 sur les animaux<\/li>\n<li>V\u00e9g\u00e9talien<\/li>\n<\/ul>\n<h2>\n\t\tCONSEILS D&#8217;UTILISATION\n\t<\/h2>\n<ul>\n<li> Vaporiser sur cheveux essor\u00e9s, en insistant sur les emm\u00ealements.  <\/li>\n<li>  Peigner les cheveux et coiffer comme d&#8217;habitude. <\/li>\n<\/ul>\n<h2>\n\t\tINGR\u00c9DIENTS CL\u00c9S\n\t<\/h2>\n\t<p><img loading=\"lazy\" decoding=\"async\" src=\"https:\/\/monatglobal.com\/wp-content\/uploads\/2018\/10\/ingredient_root_lifter-1.png\" alt=\"ingredient_root_lifter\" width=\"183\" height=\"174\" \/><\/p>\n\t<p><strong> REJUVENIQE S\u2122 <\/strong><\/p>\n<p>L&#8217;huile active combine la puissance nourrissante et revitalisante des plus de 13 huiles et extraits v\u00e9g\u00e9taux de REJUVENIQE<sup>\u00ae<\/sup> et un m\u00e9lange d&#8217;huiles actives compos\u00e9e d&#8217;huile d&#8217;olive et d&#8217;extrait de graines de jojoba. Ce duo dynamique rehausse les cheveux en leur fournissant une hydratation intensive, la r\u00e9silience de la jeunesse et une luminosit\u00e9 instantan\u00e9e.<\/p>\n\t<p><strong> FIBER RESCUE\u2122 <\/strong><\/p>\n<p> Il a \u00e9t\u00e9 prouv\u00e9 que cette technologie \u00e0 base de lipoprot\u00e9ines v\u00e9g\u00e9tales p\u00e9n\u00e8tre le cortex du cheveu en profondeur pour cibler les dommages \u00e0 l&#8217;\u00e9chelle microscopique, des racines jusqu&#8217;aux pointes. Elle renforce les cheveux tout en les rendant plus maniables..<\/p>\n\t<p><strong> PROCATALINE\u2122 <\/strong><\/p>\n<p> Ce m\u00e9lange de pointe contenant l&#8217;extrait de pois soutient les cheveux sains et d&#8217;apparence plus jeune en aidant \u00e0 prot\u00e9ger vos cheveux des dommages caus\u00e9s par les rayons UV et les facteurs environnementaux. <\/p>\n\t<p><strong>CRODASORB\u2122<\/strong><\/p>\n<p> Un puissant ingr\u00e9dient qui aide \u00e0 pr\u00e9server la pigmentation naturelle des cheveux pour des cheveux prot\u00e9g\u00e9s et r\u00e9sistants. <\/p>\n\t<p><strong> REJUVASOFT\u2122 <\/strong><\/p>\n<p> Donne une texture \u00ab\u00a0hydrat\u00e9e\u00a0\u00bb aux cheveux tout en adoucissant la fibre, les laissant magnifiques et maniables. <\/p>\n<h2>\n\t\tLISTE D&#8217;INGR\u00c9DIENTS\n\t<\/h2>\n\t<p>Aqua\/Water\/Eau, Cetearyl Alcohol, Coconut Alkanes, Panthenol, Pisum Sativum (Pea) Extract, Prunus Amygdalus Dulcis (Sweet Almond) Protein, Limnanthes Alba (Meadowfoam) Seed Oil, Crambe Abyssinica Seed Oil, Camellia Oleifera Seed Oil, Solanum Lycopersicum (Tomato) Seed Oil, Daucus Carota Sativa (Carrot) Seed Oil, Citrus Limon (Lemon) Peel Oil, Citrus Aurantifolia (Lime) Oil, Citrus Aurantium Bergamia (Bergamot) Fruit Oil, Adansonia Digitata Oil, Mauritia Flexuosa Fruit Oil, Cocos Nucifera (Coconut) Oil, Gardenia Taitensis Flower Extract, Moringa Oleifera Seed Oil, Caryocar Brasiliense Fruit Oil, Helianthus Annuus (Sunflower) Seed Oil, Olea Europaea (Olive) Fruit Oil, Simmondsia Chinensis (Jojoba) Seed Extract, Tocopherol, Glycerin, Lauryl Glucoside, Myristyl Glucoside, Polyglyceryl-6 Laurate, Quaternium-91, Myristyl Myristate, Behentrimonium Chloride, Coco-Caprylate\/Caprate, Cinnamidopropyltrimonium Chloride, Sodium Palmitate, Fragrance\/Parfum, Ethylhexylglycerin, Benzyl Alcohol, Limonene, Linalool.<\/p>\n\t<link rel=\"stylesheet\" href=\"https:\/\/unpkg.com\/swiper\/swiper-bundle.min.css\" \/>\n<link rel=\"stylesheet\" href=\"https:\/\/monatglobal.com\/wp-content\/creative_css\/product_styles_sheet.css\" \/>\n   <!--==================================================== You might also like section ====================================================-->\n      <h2>VOUS POURRIEZ AUSSI AIMER<\/h2>\n      <!--==================================================== Slider YOU MIGHT ALSO LIKE ====================================================-->\n            <!--==================================================== Slides products ====================================================-->\n               <a href=\"\/ca\/holidays-2021-hair-set\/?lang=fr\" aria-label=\"Holiday Hair Anywhere\">\n                  <img decoding=\"async\" src=\"https:\/\/monatglobal.com\/wp-content\/uploads\/2021\/10\/hair-anywhere-300x300.jpg\" alt=\"Holiday Hair Anywhere\"\/>\n                  <p>Des coiffures festives<br \/>o\u00f9 que vous soyez<\/p>\n               <\/a>\n               <a href=\"\/ca\/holidays-2021-glam-hair\/?lang=fr\" aria-label=\"Go to Glitz &#038; Glam Holiday Hair page\">\n                  <img decoding=\"async\" src=\"https:\/\/monatglobal.com\/wp-content\/uploads\/2021\/10\/glitz-glam-300x300-1-1.jpg\" alt=\"Glitz &#038; Glam Holiday Hair\"\/>\n                  <p>Glamour et paillettes pour<br \/>les f\u00eates de fin d&#8217;ann\u00e9e<\/p>\n               <\/a>\n               <a href=\"\/ca\/shampooing-revive\/?lang=fr\" aria-label=\"Go to VOLUMIZING REVIVE SHAMPOO page\">\n                  <img decoding=\"async\" src=\"https:\/\/monatglobal.com\/wp-content\/uploads\/2019\/06\/VOLUMIZING-REVIVE-SHAMPOO-500x438-263x300.png\" alt=\"VOLUMIZING REVIVE SHAMPOO\"\/>\n                  <p>SHAMPOOING VOLUME BOOST\u00c9<\/p>\n               <\/a>\n         <!--==================================================== If we need navigation buttons  ====================================================-->\n         <!--==================================================== If we need paginations  ====================================================-->\n<!--==================================================== this link has to go last for it to work   ====================================================-->\n<h2>\n\t\tVOUS POURRIEZ AUSSI AIMER\n\t<\/h2>\n<h3>\n\t\t<a href=\"https:\/\/monatglobal.com\/ca\/products\/?lang=fr&#038;line=soins-capillaires\" title=\"TOUS LES SOINS CAPILLAIRES\" target=\"_self\" rel=\"noopener\">\n\t\tTOUS LES SOINS CAPILLAIRES\n\t\t<\/a>\n\t<\/h3>\n\n","protected":false},"excerpt":{"rendered":"<p>SOIN D\u00c9M\u00caLANT Un l\u00e9ger d\u00e9m\u00ealant qui traite, renouv\u00e8le et adoucit les cheveux, tout en \u00e9liminant les n\u0153uds. 134 ml e 4,5 oz liq. Prix de client VIP 43,00 $ CA Prix de d\u00e9tail 50,00 $ CA Prix de client VIP 46,00 $ CA Prix de d\u00e9tail 54,00 $ CA Prix de client VIP 38,00 $&hellip;<\/p>\n","protected":false},"author":31,"featured_media":51904,"parent":0,"menu_order":0,"comment_status":"closed","ping_status":"closed","template":"","meta":{"inline_featured_image":false,"om_disable_all_campaigns":false,"_monsterinsights_skip_tracking":false,"_monsterinsights_sitenote_active":false,"_monsterinsights_sitenote_note":"","_monsterinsights_sitenote_category":0,"footnotes":""},"categories":[3629],"tags":[],"class_list":["post-49964","page","type-page","status-publish","has-post-thumbnail","hentry","category-product-fra"],"aioseo_notices":[],"aioseo_head":"\n\t\t<!-- All in One SEO Pro 4.9.6 - aioseo.com -->\n\t<meta name=\"description\" content=\"SOIN D\u00c9M\u00caLANT Un l\u00e9ger d\u00e9m\u00ealant qui traite, renouv\u00e8le et adoucit les cheveux, tout en \u00e9liminant les n\u0153uds. 134 ml e 4,5 oz liq. Prix de client VIP 43,00 $ CA Prix de d\u00e9tail 50,00 $ CA Prix de client VIP 46,00 $ CA Prix de d\u00e9tail 54,00 $ CA Prix de client VIP 38,00 $\" \/>\n\t<meta name=\"robots\" content=\"max-image-preview:large\" \/>\n\t<link rel=\"canonical\" href=\"https:\/\/monatglobal.com\/ca\/unknot-detangler\/?lang=fr\" \/>\n\t<meta name=\"generator\" content=\"All in One SEO Pro (AIOSEO) 4.9.6\" \/>\n\t\t<meta property=\"og:locale\" content=\"en_US\" \/>\n\t\t<meta property=\"og:site_name\" content=\"Monat Canada English - We Are Modern Nature\" \/>\n\t\t<meta property=\"og:type\" content=\"article\" \/>\n\t\t<meta property=\"og:title\" content=\"D\u00e9m\u00ealant \u00e9liminant les n\u0153uds - Monat Canada English\" \/>\n\t\t<meta property=\"og:description\" content=\"SOIN D\u00c9M\u00caLANT Un l\u00e9ger d\u00e9m\u00ealant qui traite, renouv\u00e8le et adoucit les cheveux, tout en \u00e9liminant les n\u0153uds. 134 ml e 4,5 oz liq. Prix de client VIP 43,00 $ CA Prix de d\u00e9tail 50,00 $ CA Prix de client VIP 46,00 $ CA Prix de d\u00e9tail 54,00 $ CA Prix de client VIP 38,00 $\" \/>\n\t\t<meta property=\"og:url\" content=\"https:\/\/monatglobal.com\/ca\/unknot-detangler\/?lang=fr\" \/>\n\t\t<meta property=\"article:published_time\" content=\"2020-01-24T20:44:41+00:00\" \/>\n\t\t<meta property=\"article:modified_time\" content=\"2026-01-08T15:00:48+00:00\" \/>\n\t\t<meta name=\"twitter:card\" content=\"summary_large_image\" \/>\n\t\t<meta name=\"twitter:title\" content=\"D\u00e9m\u00ealant \u00e9liminant les n\u0153uds - Monat Canada English\" \/>\n\t\t<meta name=\"twitter:description\" content=\"SOIN D\u00c9M\u00caLANT Un l\u00e9ger d\u00e9m\u00ealant qui traite, renouv\u00e8le et adoucit les cheveux, tout en \u00e9liminant les n\u0153uds. 134 ml e 4,5 oz liq. Prix de client VIP 43,00 $ CA Prix de d\u00e9tail 50,00 $ CA Prix de client VIP 46,00 $ CA Prix de d\u00e9tail 54,00 $ CA Prix de client VIP 38,00 $\" \/>\n\t\t<script type=\"application\/ld+json\" class=\"aioseo-schema\">\n\t\t\t{\"@context\":\"https:\\\/\\\/schema.org\",\"@graph\":[{\"@type\":\"BreadcrumbList\",\"@id\":\"https:\\\/\\\/monatglobal.com\\\/ca\\\/unknot-detangler\\\/?lang=fr#breadcrumblist\",\"itemListElement\":[{\"@type\":\"ListItem\",\"@id\":\"https:\\\/\\\/monatglobal.com\\\/ca#listItem\",\"position\":1,\"name\":\"Home\",\"item\":\"https:\\\/\\\/monatglobal.com\\\/ca\",\"nextItem\":{\"@type\":\"ListItem\",\"@id\":\"https:\\\/\\\/monatglobal.com\\\/ca\\\/unknot-detangler\\\/?lang=fr#listItem\",\"name\":\"D\\u00e9m\\u00ealant \\u00e9liminant les n\\u0153uds\"}},{\"@type\":\"ListItem\",\"@id\":\"https:\\\/\\\/monatglobal.com\\\/ca\\\/unknot-detangler\\\/?lang=fr#listItem\",\"position\":2,\"name\":\"D\\u00e9m\\u00ealant \\u00e9liminant les n\\u0153uds\",\"previousItem\":{\"@type\":\"ListItem\",\"@id\":\"https:\\\/\\\/monatglobal.com\\\/ca#listItem\",\"name\":\"Home\"}}]},{\"@type\":\"Organization\",\"@id\":\"https:\\\/\\\/monatglobal.com\\\/ca\\\/#organization\",\"name\":\"Monat Canada English\",\"description\":\"We Are Modern Nature\",\"url\":\"https:\\\/\\\/monatglobal.com\\\/ca\\\/\"},{\"@type\":\"WebPage\",\"@id\":\"https:\\\/\\\/monatglobal.com\\\/ca\\\/unknot-detangler\\\/?lang=fr#webpage\",\"url\":\"https:\\\/\\\/monatglobal.com\\\/ca\\\/unknot-detangler\\\/?lang=fr\",\"name\":\"D\\u00e9m\\u00ealant \\u00e9liminant les n\\u0153uds - Monat Canada English\",\"description\":\"SOIN D\\u00c9M\\u00caLANT Un l\\u00e9ger d\\u00e9m\\u00ealant qui traite, renouv\\u00e8le et adoucit les cheveux, tout en \\u00e9liminant les n\\u0153uds. 134 ml e 4,5 oz liq. Prix de client VIP 43,00 $ CA Prix de d\\u00e9tail 50,00 $ CA Prix de client VIP 46,00 $ CA Prix de d\\u00e9tail 54,00 $ CA Prix de client VIP 38,00 $\",\"inLanguage\":\"en-US\",\"isPartOf\":{\"@id\":\"https:\\\/\\\/monatglobal.com\\\/ca\\\/#website\"},\"breadcrumb\":{\"@id\":\"https:\\\/\\\/monatglobal.com\\\/ca\\\/unknot-detangler\\\/?lang=fr#breadcrumblist\"},\"image\":{\"@type\":\"ImageObject\",\"url\":\"https:\\\/\\\/monatglobal.com\\\/ca\\\/wp-content\\\/uploads\\\/sites\\\/5\\\/2020\\\/06\\\/UNKNOT-DETANGLER-500x438-1.png\",\"@id\":\"https:\\\/\\\/monatglobal.com\\\/ca\\\/unknot-detangler\\\/?lang=fr\\\/#mainImage\",\"width\":438,\"height\":500},\"primaryImageOfPage\":{\"@id\":\"https:\\\/\\\/monatglobal.com\\\/ca\\\/unknot-detangler\\\/?lang=fr#mainImage\"},\"datePublished\":\"2020-01-24T20:44:41-05:00\",\"dateModified\":\"2026-01-08T10:00:48-05:00\"},{\"@type\":\"WebSite\",\"@id\":\"https:\\\/\\\/monatglobal.com\\\/ca\\\/#website\",\"url\":\"https:\\\/\\\/monatglobal.com\\\/ca\\\/\",\"name\":\"Monat Canada English\",\"description\":\"We Are Modern Nature\",\"inLanguage\":\"en-US\",\"publisher\":{\"@id\":\"https:\\\/\\\/monatglobal.com\\\/ca\\\/#organization\"}}]}\n\t\t<\/script>\n\t\t<!-- All in One SEO Pro -->\r\n\t\t<title>D\u00e9m\u00ealant \u00e9liminant les n\u0153uds - Monat Canada English<\/title>\n\n","aioseo_head_json":{"title":"D\u00e9m\u00ealant \u00e9liminant les n\u0153uds - Monat Canada English","description":"SOIN D\u00c9M\u00caLANT Un l\u00e9ger d\u00e9m\u00ealant qui traite, renouv\u00e8le et adoucit les cheveux, tout en \u00e9liminant les n\u0153uds. 134 ml e 4,5 oz liq. Prix de client VIP 43,00 $ CA Prix de d\u00e9tail 50,00 $ CA Prix de client VIP 46,00 $ CA Prix de d\u00e9tail 54,00 $ CA Prix de client VIP 38,00 $","canonical_url":"https:\/\/monatglobal.com\/ca\/unknot-detangler\/?lang=fr","robots":"max-image-preview:large","keywords":"","webmasterTools":{"miscellaneous":""},"schema":{"@context":"https:\/\/schema.org","@graph":[{"@type":"BreadcrumbList","@id":"https:\/\/monatglobal.com\/ca\/unknot-detangler\/?lang=fr#breadcrumblist","itemListElement":[{"@type":"ListItem","@id":"https:\/\/monatglobal.com\/ca#listItem","position":1,"name":"Home","item":"https:\/\/monatglobal.com\/ca","nextItem":{"@type":"ListItem","@id":"https:\/\/monatglobal.com\/ca\/unknot-detangler\/?lang=fr#listItem","name":"D\u00e9m\u00ealant \u00e9liminant les n\u0153uds"}},{"@type":"ListItem","@id":"https:\/\/monatglobal.com\/ca\/unknot-detangler\/?lang=fr#listItem","position":2,"name":"D\u00e9m\u00ealant \u00e9liminant les n\u0153uds","previousItem":{"@type":"ListItem","@id":"https:\/\/monatglobal.com\/ca#listItem","name":"Home"}}]},{"@type":"Organization","@id":"https:\/\/monatglobal.com\/ca\/#organization","name":"Monat Canada English","description":"We Are Modern Nature","url":"https:\/\/monatglobal.com\/ca\/"},{"@type":"WebPage","@id":"https:\/\/monatglobal.com\/ca\/unknot-detangler\/?lang=fr#webpage","url":"https:\/\/monatglobal.com\/ca\/unknot-detangler\/?lang=fr","name":"D\u00e9m\u00ealant \u00e9liminant les n\u0153uds - Monat Canada English","description":"SOIN D\u00c9M\u00caLANT Un l\u00e9ger d\u00e9m\u00ealant qui traite, renouv\u00e8le et adoucit les cheveux, tout en \u00e9liminant les n\u0153uds. 134 ml e 4,5 oz liq. Prix de client VIP 43,00 $ CA Prix de d\u00e9tail 50,00 $ CA Prix de client VIP 46,00 $ CA Prix de d\u00e9tail 54,00 $ CA Prix de client VIP 38,00 $","inLanguage":"en-US","isPartOf":{"@id":"https:\/\/monatglobal.com\/ca\/#website"},"breadcrumb":{"@id":"https:\/\/monatglobal.com\/ca\/unknot-detangler\/?lang=fr#breadcrumblist"},"image":{"@type":"ImageObject","url":"https:\/\/monatglobal.com\/ca\/wp-content\/uploads\/sites\/5\/2020\/06\/UNKNOT-DETANGLER-500x438-1.png","@id":"https:\/\/monatglobal.com\/ca\/unknot-detangler\/?lang=fr\/#mainImage","width":438,"height":500},"primaryImageOfPage":{"@id":"https:\/\/monatglobal.com\/ca\/unknot-detangler\/?lang=fr#mainImage"},"datePublished":"2020-01-24T20:44:41-05:00","dateModified":"2026-01-08T10:00:48-05:00"},{"@type":"WebSite","@id":"https:\/\/monatglobal.com\/ca\/#website","url":"https:\/\/monatglobal.com\/ca\/","name":"Monat Canada English","description":"We Are Modern Nature","inLanguage":"en-US","publisher":{"@id":"https:\/\/monatglobal.com\/ca\/#organization"}}]},"og:locale":"en_US","og:site_name":"Monat Canada English - We Are Modern Nature","og:type":"article","og:title":"D\u00e9m\u00ealant \u00e9liminant les n\u0153uds - Monat Canada English","og:description":"SOIN D\u00c9M\u00caLANT Un l\u00e9ger d\u00e9m\u00ealant qui traite, renouv\u00e8le et adoucit les cheveux, tout en \u00e9liminant les n\u0153uds. 134 ml e 4,5 oz liq. Prix de client VIP 43,00 $ CA Prix de d\u00e9tail 50,00 $ CA Prix de client VIP 46,00 $ CA Prix de d\u00e9tail 54,00 $ CA Prix de client VIP 38,00 $","og:url":"https:\/\/monatglobal.com\/ca\/unknot-detangler\/?lang=fr","article:published_time":"2020-01-24T20:44:41+00:00","article:modified_time":"2026-01-08T15:00:48+00:00","twitter:card":"summary_large_image","twitter:title":"D\u00e9m\u00ealant \u00e9liminant les n\u0153uds - Monat Canada English","twitter:description":"SOIN D\u00c9M\u00caLANT Un l\u00e9ger d\u00e9m\u00ealant qui traite, renouv\u00e8le et adoucit les cheveux, tout en \u00e9liminant les n\u0153uds. 134 ml e 4,5 oz liq. Prix de client VIP 43,00 $ CA Prix de d\u00e9tail 50,00 $ CA Prix de client VIP 46,00 $ CA Prix de d\u00e9tail 54,00 $ CA Prix de client VIP 38,00 $"},"aioseo_meta_data":{"post_id":"49964","title":null,"description":null,"keywords":null,"keyphrases":{"focus":{"keyphrase":"","score":0,"analysis":{"keyphraseInTitle":{"score":0,"maxScore":9,"error":1}}},"additional":[]},"primary_term":null,"canonical_url":null,"og_title":null,"og_description":null,"og_object_type":"default","og_image_type":"default","og_image_url":null,"og_image_width":null,"og_image_height":null,"og_image_custom_url":null,"og_image_custom_fields":null,"og_video":"","og_custom_url":null,"og_article_section":null,"og_article_tags":null,"twitter_use_og":false,"twitter_card":"default","twitter_image_type":"default","twitter_image_url":null,"twitter_image_custom_url":null,"twitter_image_custom_fields":null,"twitter_title":null,"twitter_description":null,"schema":{"blockGraphs":[],"customGraphs":[],"default":{"data":{"Article":[],"Course":[],"Dataset":[],"FAQPage":[],"Movie":[],"Person":[],"Product":[],"ProductReview":[],"Car":[],"Recipe":[],"Service":[],"SoftwareApplication":[],"WebPage":[]},"graphName":"WebPage","isEnabled":true},"graphs":[]},"schema_type":"default","schema_type_options":null,"pillar_content":false,"robots_default":true,"robots_noindex":false,"robots_noarchive":false,"robots_nosnippet":false,"robots_nofollow":false,"robots_noimageindex":false,"robots_noodp":false,"robots_notranslate":false,"robots_max_snippet":"-1","robots_max_videopreview":"-1","robots_max_imagepreview":"large","priority":null,"frequency":"default","local_seo":null,"seo_analyzer_scan_date":"2026-02-10 18:40:35","limit_modified_date":false,"reviewed_by":null,"open_ai":"{\"title\":{\"suggestions\":[],\"usage\":0},\"description\":{\"suggestions\":[],\"usage\":0}}","ai":null,"created":"2023-07-26 12:47:13","updated":"2026-02-10 19:02:42"},"aioseo_breadcrumb":"<div class=\"aioseo-breadcrumbs\"><span class=\"aioseo-breadcrumb\">\n\t<a href=\"https:\/\/monatglobal.com\/ca\" title=\"Home\">Home<\/a>\n<\/span><span class=\"aioseo-breadcrumb-separator\">&raquo;<\/span><span class=\"aioseo-breadcrumb\">\n\tD\u00e9m\u00ealant \u00e9liminant les n\u0153uds\n<\/span><\/div>","aioseo_breadcrumb_json":[{"label":"Home","link":"https:\/\/monatglobal.com\/ca"},{"label":"D\u00e9m\u00ealant \u00e9liminant les n\u0153uds","link":"https:\/\/monatglobal.com\/ca\/unknot-detangler\/?lang=fr"}],"_links":{"self":[{"href":"https:\/\/monatglobal.com\/ca\/wp-json\/wp\/v2\/pages\/49964","targetHints":{"allow":["GET"]}}],"collection":[{"href":"https:\/\/monatglobal.com\/ca\/wp-json\/wp\/v2\/pages"}],"about":[{"href":"https:\/\/monatglobal.com\/ca\/wp-json\/wp\/v2\/types\/page"}],"author":[{"embeddable":true,"href":"https:\/\/monatglobal.com\/ca\/wp-json\/wp\/v2\/users\/31"}],"replies":[{"embeddable":true,"href":"https:\/\/monatglobal.com\/ca\/wp-json\/wp\/v2\/comments?post=49964"}],"version-history":[{"count":36,"href":"https:\/\/monatglobal.com\/ca\/wp-json\/wp\/v2\/pages\/49964\/revisions"}],"predecessor-version":[{"id":109719,"href":"https:\/\/monatglobal.com\/ca\/wp-json\/wp\/v2\/pages\/49964\/revisions\/109719"}],"wp:featuredmedia":[{"embeddable":true,"href":"https:\/\/monatglobal.com\/ca\/wp-json\/wp\/v2\/media\/51904"}],"wp:attachment":[{"href":"https:\/\/monatglobal.com\/ca\/wp-json\/wp\/v2\/media?parent=49964"}],"wp:term":[{"taxonomy":"category","embeddable":true,"href":"https:\/\/monatglobal.com\/ca\/wp-json\/wp\/v2\/categories?post=49964"},{"taxonomy":"post_tag","embeddable":true,"href":"https:\/\/monatglobal.com\/ca\/wp-json\/wp\/v2\/tags?post=49964"}],"curies":[{"name":"wp","href":"https:\/\/api.w.org\/{rel}","templated":true}]}}