{"id":49360,"date":"2019-12-02T18:38:46","date_gmt":"2019-12-02T18:38:46","guid":{"rendered":"https:\/\/monatglobal.com\/ca\/?page_id=49360"},"modified":"2026-01-08T10:37:58","modified_gmt":"2026-01-08T15:37:58","slug":"skincare-duo","status":"publish","type":"page","link":"https:\/\/monatglobal.com\/ca\/skincare-duo\/?lang=fr","title":{"rendered":"Duo de soins pour la peau | Soins pour la peau MONAT"},"content":{"rendered":"\n\n\t\t\t\t<img loading=\"lazy\" decoding=\"async\" src=\"https:\/\/monatglobal.com\/wp-content\/uploads\/2019\/11\/Brighten-Recover-Duo-1.png\" alt=\"Brighten--Recover-Duo\" itemprop=\"image\" height=\"450\" width=\"402\" title=\"Brighten--Recover-Duo\" onerror=\"this.style.display='none'\"  \/>\n<h1>Duo Illuminer<br \/>et r\u00e9cup\u00e9rer<\/h1>\n\t<h3>Laisse la peau \u00e9clatante et l&#8217;embellit<br \/> \nTous les types de peau\n<\/h3>\n\t<p> ON SALE Sunday, September 15 11a.m. EDT<\/p> \n   Prix de client VIP\n   <p> 220,00 $ CA<\/p>\n      Prix de d\u00e9tail\n      <p> 259,00 $ CA<\/p>\n   Prix de client VIP\n   <p> 193,00 $ CA<\/p>\n      Prix de d\u00e9tail\n      <p> 228,00 $ CA<\/p>\n\t<a href=\"https:\/\/monatglobal.com\/wp-content\/uploads\/2020\/03\/MC_US-CAN-UK_Be-Gentle-Routine-Enhanced-with-Brighten-and-Recover-Duo_Customer_Info-Sheet_FR.pdf\"> \nSyst\u00e8me Be Gentle\u2122 am\u00e9lior\u00e9 avec Duo Illuminer et r\u00e9cup\u00e9rer <sup>\u2335<\/sup><\/a>\n\t<a href=\"https:\/\/monatglobal.com\/wp-content\/uploads\/2020\/03\/MC_US-CAN-UK_Be-Balanced-Routine-Enhanced-with-Brighten-and-Recover-Duo_Customer_Info-Sheet_FR.pdf\"> \nSyst\u00e8me Be Balanced\u2122 am\u00e9lior\u00e9 avec Duo Illuminer et r\u00e9cup\u00e9rer <sup>\u2335<\/sup><\/a>\n\tPour en savoir plus sur le duo Illuminer et r\u00e9cup\u00e9rer, veuillez contacter votre partenaire de march\u00e9 MONAT.\n\t\t\t<a href=\"https:\/\/corp.mymonat.com\/shop\/products\/brighten-recover-duo\/?globallanguage=fr&#038;globalmarket=ca\" target=\"_blank\" role=\"button\" rel=\"noopener\">\n\t\t\t\t\t\t\tMAGASINEZ\n\t\t\t\t\t<\/a>\n\t CARACT\u00c9RISTIQUES\n\t<h1>Faites passer votre routine de soins pour la peau MONAT au prochain niveau<\/h1>\n\t<p>avec le S\u00e9rum illuminant C. Radiance\u2122, \u00e0 15 % de vitamine C, et la Cr\u00e8me de nuit anti-\u00e2ge Night Haven\u2122, comprenant un m\u00e9lange hydratant de REJUVENIQE S\u2122 et de l&#8217;huile d&#8217;avocat.<\/p>\n\t<h1>Ce duo de r\u00eave rehausse votre routine de beaut\u00e9 jour et nuit pour que vous puissiez resplendir toute la journ\u00e9e!<\/h1>\n\t APER\u00c7U DU DUO ILLUMINER ET R\u00c9CUP\u00c9RER :\n\t\t\t\t<a href=\"https:\/\/monatglobal.com\/ca\/skincare-c-radiance\/?lang=fr\" target=\"_self\" itemprop=\"url\" rel=\"noopener\">\n\t\t\t\t<img decoding=\"async\" src=\"https:\/\/monatglobal.com\/wp-content\/uploads\/2019\/11\/c-radiance.png\" alt=\"\" itemprop=\"image\" onerror=\"this.style.display='none'\"  \/>\n\t\t\t\t<\/a>\n\t<a href=\"https:\/\/monatglobal.com\/ca\/skincare-c-radiance\/?lang=fr\"><p>S\u00e9rum illuminant<br \/>C Radiance\u2122<\/p><\/a>\n\t\t\t\t<a href=\"https:\/\/monatglobal.com\/ca\/skincare-night-age-control-cream\/?lang=fr\" target=\"_self\" itemprop=\"url\" rel=\"noopener\">\n\t\t\t\t<img decoding=\"async\" src=\"https:\/\/monatglobal.com\/wp-content\/uploads\/2019\/11\/night-haven.png\" alt=\"\" itemprop=\"image\" onerror=\"this.style.display='none'\"  \/>\n\t\t\t\t<\/a>\n\t<a href=\"https:\/\/monatglobal.com\/ca\/creme-de-nuit-anti-age\/?lang=fr\">Cr\u00e8me de nuit<br \/>anti-\u00e2ge Night Haven\u2122\n<\/a>\n\t BIENFAITS\n\t<p>\/ La peau est instantan\u00e9ment rafra\u00eechie, plus \u00e9clatante et plus radieuse.<\/p>\n<p>\/ R\u00e9duit l&#8217;apparence des photodommages, des taches brunes et des imperfections.<\/p>\n\t<p>\/ R\u00e9pare, renouv\u00e8le et nourrit pendant la nuit.<\/p> \n<p>\/ R\u00e9duit l&#8217;apparence des ridules et des rides.<\/p>\n<p>\/ Laisse la peau plus lisse, plus douce et plus souple, avec une \u00e9lasticit\u00e9 am\u00e9lior\u00e9e.<\/p>\n\t\t\t<a href=\"https:\/\/corp.mymonat.com\/shop\/products\/brighten-recover-duo\/?globallanguage=fr&#038;globalmarket=ca\" target=\"_blank\" role=\"button\" rel=\"noopener\">\n\t\t\t\t\t\t\tMAGASINEZ\n\t\t\t\t\t<\/a>\n\t<h1>Conseils d&#8217;utilisation<\/h1>\n\t<p> CIBLER <br \/>Application de jour <\/p><br \/>\n<p> Appliquer le S\u00e9rum illuminant C Radiance\u2122 chaque jour pour illuminer et embellir votre teint. <\/p><br \/>\n<p>\/ Utiliser chaque jour apr\u00e8s l&#8217;\u00e9tape de la pr\u00e9paration.<\/p>\n<p>\/ Appliquer 1 pompe du produit de fa\u00e7on uniforme sur le bout des doigts.<\/p>\n<p>\/ Presser doucement sur le front, les joues, le menton, le cou et le d\u00e9collet\u00e9.<\/p>\n<p>\/ Pour de meilleurs r\u00e9sultats, commencer au centre du cou et \u00e9tendre le produit vers l&#8217;ext\u00e9rieur et vers le haut.<\/p>\n<p>\/ Laisser le produit s&#8217;absorber compl\u00e8tement avant d&#8217;appliquer votre hydratant MONAT.<\/p>\n\t<p> RENOUVELER <br \/>Application de nuit<\/p><br \/>\n<p> Appliquer la Cr\u00e8me de nuit anti-\u00e2ge Night Haven\u2122 chaque nuit pour repulper et lisser la peau. <\/p><br \/>\n<p>\/ Utiliser chaque soir.<\/p>\n<p>\/ Appliquer apr\u00e8s que le Nectar anti-\u00e2ge Rewind\u2122 et la Cr\u00e8me yeux nourrissante Eye Smooth\u2122 soient compl\u00e8tement absorb\u00e9s.<\/p>  \n<p>\/ Retirer une petite quantit\u00e9 du produit \u00e0 l&#8217;aide de la spatule.<\/p>\n<p>\/ Appliquer de fa\u00e7on uniforme sur le bout de doigts.<\/p>\n<p>\/ Masser sur le visage, le cou et le d\u00e9collet\u00e9 avec des mouvements vers le haut pour dynamiser la peau.<\/p>\n\t\t\t<a href=\"https:\/\/corp.mymonat.com\/shop\/products\/brighten-recover-duo\/?globallanguage=fr&#038;globalmarket=ca\" target=\"_self\" role=\"button\" rel=\"noopener\">\n\t\t\t\t\t\t\tMAGASINEZ\n\t\t\t\t\t<\/a>\n\t<h1>Suggestion<\/h1>\n\t<p>\/ Votre peau est tr\u00e8s s\u00e8che? Verser 1 ou 2 gouttes de REJUVENIQE light by MONAT\u2122 dans la paume des mains et ajouter la Cr\u00e8me de nuit anti-\u00e2ge Night Haven\u2122.<\/p>\n\t   Ingr\u00e9dients actifs cl\u00e9s\n\t  S\u00e9rum illuminant<br \/>C Radiance\u2122\n<p> Complexe de prune de kakadu<\/p>\n<p>Illumine, apaise et prot\u00e8ge<\/p>\n<p>Antioxydants<\/p>\n<p>Prot\u00e8gent<\/p>\n<p> Acide hyaluronique<\/p>\n<p>Attire l&#8217;humidit\u00e9<\/p>\n<p>Acide f\u00e9rulique<\/p>\nEmbellit et renforce\n\n<p>Extrait de racine de r\u00e9glisse<\/p>\n<p>Illumine et tonifie<\/p>\n<p>Niacinamide<\/p>\n<p>Apaise et affine<\/p>\n\t Ingr\u00e9dients actifs cl\u00e9s\n\t Cr\u00e8me de nuit<br \/>anti-\u00e2ge Night Haven\u2122\n  <!-- Generator: Adobe Illustrator 23.0.3, SVG Export Plug-In . SVG Version: 6.00 Build 0)  -->\n<p> REJUVENIQE S\u2122<\/p>\n<p>Hydrate et nourrit<\/p>\n<p>C\u00e9ramides<\/p>\n<p>Soutiennent et hydratent la barri\u00e8re cutan\u00e9e<\/p>\n<p>Acide hyaluronique<\/p>\n<p>Attire l&#8217;humidit\u00e9<\/p>\n<p>Huile d&#8217;avocat<\/p>\n<p>Nourrit et apaise<\/p>\n<p>Beurre de karit\u00e9<\/p>\n<p>Hydrate et conditionne<\/p>\n\t\t\t<a href=\"#\" role=\"button\">\n\t\t\t\t\t\t\tLISTE D&#8217;INGR\u00c9DIENTS\n\t\t\t\t\t<\/a>\n<h1>C. Radiance\u2122  <br \/>Illuminating Serum \n<\/h1>Aqua\/Water\/Eau, Sodium Ascorbyl Phosphate, Glycerin, PEG-8 Dimethicone, Citric Acid,\nTerminalia Ferdinandiana Fruit Extract, Tetrahexyldecyl Ascorbate, Sodium Hyaluronate,\nFerulic Acid, Vaccinium Angustifolium (Blueberry) Fruit Extract, Vaccinium Macrocarpon\n(Cranberry) Fruit Extract, Lycium Barbarum Fruit Extract, Euterpe Oleracea Fruit Extract,\nGlycyrrhiza Glabra (Licorice) Root Extract, Niacinamide, Squalane, Tocopheryl Acetate,\nBetaine, Proline, Serine, Inositol, Tocopherol, Propanediol, Xanthan Gum, Lecithin,\nSclerotium Gum, Pullulan, Hydrogenated Lecithin, Polysorbate 20, Dimethicone, Dimethiconol,\nFragrance\/Parfum, Benzyl Alcohol, Ethylhexylglycerin.\n<br \/>\n<h1>Night Haven\u2122<br \/> Overnight Age Control Cream \n<\/h1>Aqua\/Water\/Eau, Trimethylolpropane Triisostearate, Ethyl Macadamiate, Hydrogenated Sunflower Seed Oil Polyglyceryl-3 Esters, Persea Gratissima (Avocado) Oil, Dimethicone, Helianthus Annuus (Sunflower) Seed Oil, Butyrospermum Parkii (Shea) Butter, Ceramide NP, Ceramide AP, Ceramide EOP, Sodium Hyaluronate, Bidens Pilosa Extract, Phytosphingosine, Glycyrrhiza Glabra (Licorice) Root Extract, Physalis Angulata Extract, Limnanthes\nAlba (Meadowfoam) Seed Oil, Crambe Abyssinica Seed Oil, Camellia Oleifera Seed Oil, Solanum Lycopersicum (Tomato) Seed Oil, Daucus Carota Sativa (Carrot) Seed Oil, Citrus Limon (Lemon) Peel Oil, Citrus Aurantifolia (Lime) Oil, Citrus Aurantium Bergamia (Bergamot) Fruit Oil, Adansonia Digitata Oil, Mauritia Flexuosa Fruit Oil, Cocos Nucifera (Coconut) Oil, Gardenia Taitensis Flower Extract, Moringa Oleifera Seed Oil, Caryocar Brasiliense Fruit Oil, Olea Europaea (Olive) Fruit Oil, Simmondsia Chinensis (Jojoba) Seed Extract, Gossypium Herbaceum (Cotton) Seed Oil, Linum Usitatissimum (Linseed) Seed Oil, Elaeis Guineensis (Palm) Oil, Glycerin, Tocopherol, Xanthan Gum, Sodium Polyacrylate, Xylitol, Caprylic Acid, Glyceryl Stearate, Caprylic\/Capric Triglyceride, Hydrogenated Sunflower Seed Oil Glyceryl Esters, Cetearyl Alcohol, Sodium Stearoyl Lactylate, Sodium Lauroyl Lactylate, Dimethiconol, Cholesterol, Carbomer, Fragrance\/Parfum, Ethylhexylglycerin, Benzyl Alcohol.\n<br \/>\n\t VOUS POURRIEZ AUSSI AIMER\n\t<a href=\"https:\/\/monatglobal.com\/ca\/products\/?lang=fr&#038;line=soins-de-la-peau\"><h1>Tous les produits de soins pour la peau\n<\/h1><\/a>\n\n","protected":false},"excerpt":{"rendered":"<p>Duo Illumineret r\u00e9cup\u00e9rer Laisse la peau \u00e9clatante et l&#8217;embellit Tous les types de peau ON SALE Sunday, September 15 11a.m. EDT Prix de client VIP 220,00 $ CA Prix de d\u00e9tail 259,00 $ CA Prix de client VIP 193,00 $ CA Prix de d\u00e9tail 228,00 $ CA Syst\u00e8me Be Gentle\u2122 am\u00e9lior\u00e9 avec Duo Illuminer et&hellip;<\/p>\n","protected":false},"author":33,"featured_media":49382,"parent":0,"menu_order":0,"comment_status":"closed","ping_status":"closed","template":"","meta":{"inline_featured_image":false,"om_disable_all_campaigns":false,"_monsterinsights_skip_tracking":false,"_monsterinsights_sitenote_active":false,"_monsterinsights_sitenote_note":"","_monsterinsights_sitenote_category":0,"footnotes":""},"categories":[3629],"tags":[],"class_list":["post-49360","page","type-page","status-publish","has-post-thumbnail","hentry","category-product-fra"],"aioseo_notices":[],"aioseo_head":"\n\t\t<!-- All in One SEO Pro 4.9.6 - aioseo.com -->\n\t<meta name=\"description\" content=\"Duo Illumineret r\u00e9cup\u00e9rer Laisse la peau \u00e9clatante et l&#039;embellit Tous les types de peau ON SALE Sunday, September 15 11a.m. EDT Prix de client VIP 220,00 $ CA Prix de d\u00e9tail 259,00 $ CA Prix de client VIP 193,00 $ CA Prix de d\u00e9tail 228,00 $ CA Syst\u00e8me Be Gentle\u2122 am\u00e9lior\u00e9 avec Duo Illuminer et\" \/>\n\t<meta name=\"robots\" content=\"max-image-preview:large\" \/>\n\t<link rel=\"canonical\" href=\"https:\/\/monatglobal.com\/ca\/skincare-duo\/?lang=fr\" \/>\n\t<meta name=\"generator\" content=\"All in One SEO Pro (AIOSEO) 4.9.6\" \/>\n\t\t<meta property=\"og:locale\" content=\"en_US\" \/>\n\t\t<meta property=\"og:site_name\" content=\"Monat Canada English - We Are Modern Nature\" \/>\n\t\t<meta property=\"og:type\" content=\"article\" \/>\n\t\t<meta property=\"og:title\" content=\"Duo de soins pour la peau | Soins pour la peau MONAT - Monat Canada English\" \/>\n\t\t<meta property=\"og:description\" content=\"Duo Illumineret r\u00e9cup\u00e9rer Laisse la peau \u00e9clatante et l&#039;embellit Tous les types de peau ON SALE Sunday, September 15 11a.m. EDT Prix de client VIP 220,00 $ CA Prix de d\u00e9tail 259,00 $ CA Prix de client VIP 193,00 $ CA Prix de d\u00e9tail 228,00 $ CA Syst\u00e8me Be Gentle\u2122 am\u00e9lior\u00e9 avec Duo Illuminer et\" \/>\n\t\t<meta property=\"og:url\" content=\"https:\/\/monatglobal.com\/ca\/skincare-duo\/?lang=fr\" \/>\n\t\t<meta property=\"article:published_time\" content=\"2019-12-02T18:38:46+00:00\" \/>\n\t\t<meta property=\"article:modified_time\" content=\"2026-01-08T15:37:58+00:00\" \/>\n\t\t<meta name=\"twitter:card\" content=\"summary_large_image\" \/>\n\t\t<meta name=\"twitter:title\" content=\"Duo de soins pour la peau | Soins pour la peau MONAT - Monat Canada English\" \/>\n\t\t<meta name=\"twitter:description\" content=\"Duo Illumineret r\u00e9cup\u00e9rer Laisse la peau \u00e9clatante et l&#039;embellit Tous les types de peau ON SALE Sunday, September 15 11a.m. EDT Prix de client VIP 220,00 $ CA Prix de d\u00e9tail 259,00 $ CA Prix de client VIP 193,00 $ CA Prix de d\u00e9tail 228,00 $ CA Syst\u00e8me Be Gentle\u2122 am\u00e9lior\u00e9 avec Duo Illuminer et\" \/>\n\t\t<script type=\"application\/ld+json\" class=\"aioseo-schema\">\n\t\t\t{\"@context\":\"https:\\\/\\\/schema.org\",\"@graph\":[{\"@type\":\"BreadcrumbList\",\"@id\":\"https:\\\/\\\/monatglobal.com\\\/ca\\\/skincare-duo\\\/?lang=fr#breadcrumblist\",\"itemListElement\":[{\"@type\":\"ListItem\",\"@id\":\"https:\\\/\\\/monatglobal.com\\\/ca#listItem\",\"position\":1,\"name\":\"Home\",\"item\":\"https:\\\/\\\/monatglobal.com\\\/ca\",\"nextItem\":{\"@type\":\"ListItem\",\"@id\":\"https:\\\/\\\/monatglobal.com\\\/ca\\\/skincare-duo\\\/?lang=fr#listItem\",\"name\":\"Duo de soins pour la peau | Soins pour la peau MONAT\"}},{\"@type\":\"ListItem\",\"@id\":\"https:\\\/\\\/monatglobal.com\\\/ca\\\/skincare-duo\\\/?lang=fr#listItem\",\"position\":2,\"name\":\"Duo de soins pour la peau | Soins pour la peau MONAT\",\"previousItem\":{\"@type\":\"ListItem\",\"@id\":\"https:\\\/\\\/monatglobal.com\\\/ca#listItem\",\"name\":\"Home\"}}]},{\"@type\":\"Organization\",\"@id\":\"https:\\\/\\\/monatglobal.com\\\/ca\\\/#organization\",\"name\":\"Monat Canada English\",\"description\":\"We Are Modern Nature\",\"url\":\"https:\\\/\\\/monatglobal.com\\\/ca\\\/\"},{\"@type\":\"WebPage\",\"@id\":\"https:\\\/\\\/monatglobal.com\\\/ca\\\/skincare-duo\\\/?lang=fr#webpage\",\"url\":\"https:\\\/\\\/monatglobal.com\\\/ca\\\/skincare-duo\\\/?lang=fr\",\"name\":\"Duo de soins pour la peau | Soins pour la peau MONAT - Monat Canada English\",\"description\":\"Duo Illumineret r\\u00e9cup\\u00e9rer Laisse la peau \\u00e9clatante et l'embellit Tous les types de peau ON SALE Sunday, September 15 11a.m. EDT Prix de client VIP 220,00 $ CA Prix de d\\u00e9tail 259,00 $ CA Prix de client VIP 193,00 $ CA Prix de d\\u00e9tail 228,00 $ CA Syst\\u00e8me Be Gentle\\u2122 am\\u00e9lior\\u00e9 avec Duo Illuminer et\",\"inLanguage\":\"en-US\",\"isPartOf\":{\"@id\":\"https:\\\/\\\/monatglobal.com\\\/ca\\\/#website\"},\"breadcrumb\":{\"@id\":\"https:\\\/\\\/monatglobal.com\\\/ca\\\/skincare-duo\\\/?lang=fr#breadcrumblist\"},\"image\":{\"@type\":\"ImageObject\",\"url\":\"https:\\\/\\\/monatglobal.com\\\/ca\\\/wp-content\\\/uploads\\\/sites\\\/5\\\/2019\\\/12\\\/Brighten-Recover-Duo-1.png\",\"@id\":\"https:\\\/\\\/monatglobal.com\\\/ca\\\/skincare-duo\\\/?lang=fr\\\/#mainImage\",\"width\":402,\"height\":450,\"caption\":\"Brighten & Recover Duo\"},\"primaryImageOfPage\":{\"@id\":\"https:\\\/\\\/monatglobal.com\\\/ca\\\/skincare-duo\\\/?lang=fr#mainImage\"},\"datePublished\":\"2019-12-02T18:38:46-05:00\",\"dateModified\":\"2026-01-08T10:37:58-05:00\"},{\"@type\":\"WebSite\",\"@id\":\"https:\\\/\\\/monatglobal.com\\\/ca\\\/#website\",\"url\":\"https:\\\/\\\/monatglobal.com\\\/ca\\\/\",\"name\":\"Monat Canada English\",\"description\":\"We Are Modern Nature\",\"inLanguage\":\"en-US\",\"publisher\":{\"@id\":\"https:\\\/\\\/monatglobal.com\\\/ca\\\/#organization\"}}]}\n\t\t<\/script>\n\t\t<!-- All in One SEO Pro -->\r\n\t\t<title>Duo de soins pour la peau | Soins pour la peau MONAT - Monat Canada English<\/title>\n\n","aioseo_head_json":{"title":"Duo de soins pour la peau | Soins pour la peau MONAT - Monat Canada English","description":"Duo Illumineret r\u00e9cup\u00e9rer Laisse la peau \u00e9clatante et l'embellit Tous les types de peau ON SALE Sunday, September 15 11a.m. EDT Prix de client VIP 220,00 $ CA Prix de d\u00e9tail 259,00 $ CA Prix de client VIP 193,00 $ CA Prix de d\u00e9tail 228,00 $ CA Syst\u00e8me Be Gentle\u2122 am\u00e9lior\u00e9 avec Duo Illuminer et","canonical_url":"https:\/\/monatglobal.com\/ca\/skincare-duo\/?lang=fr","robots":"max-image-preview:large","keywords":"","webmasterTools":{"miscellaneous":""},"schema":{"@context":"https:\/\/schema.org","@graph":[{"@type":"BreadcrumbList","@id":"https:\/\/monatglobal.com\/ca\/skincare-duo\/?lang=fr#breadcrumblist","itemListElement":[{"@type":"ListItem","@id":"https:\/\/monatglobal.com\/ca#listItem","position":1,"name":"Home","item":"https:\/\/monatglobal.com\/ca","nextItem":{"@type":"ListItem","@id":"https:\/\/monatglobal.com\/ca\/skincare-duo\/?lang=fr#listItem","name":"Duo de soins pour la peau | Soins pour la peau MONAT"}},{"@type":"ListItem","@id":"https:\/\/monatglobal.com\/ca\/skincare-duo\/?lang=fr#listItem","position":2,"name":"Duo de soins pour la peau | Soins pour la peau MONAT","previousItem":{"@type":"ListItem","@id":"https:\/\/monatglobal.com\/ca#listItem","name":"Home"}}]},{"@type":"Organization","@id":"https:\/\/monatglobal.com\/ca\/#organization","name":"Monat Canada English","description":"We Are Modern Nature","url":"https:\/\/monatglobal.com\/ca\/"},{"@type":"WebPage","@id":"https:\/\/monatglobal.com\/ca\/skincare-duo\/?lang=fr#webpage","url":"https:\/\/monatglobal.com\/ca\/skincare-duo\/?lang=fr","name":"Duo de soins pour la peau | Soins pour la peau MONAT - Monat Canada English","description":"Duo Illumineret r\u00e9cup\u00e9rer Laisse la peau \u00e9clatante et l'embellit Tous les types de peau ON SALE Sunday, September 15 11a.m. EDT Prix de client VIP 220,00 $ CA Prix de d\u00e9tail 259,00 $ CA Prix de client VIP 193,00 $ CA Prix de d\u00e9tail 228,00 $ CA Syst\u00e8me Be Gentle\u2122 am\u00e9lior\u00e9 avec Duo Illuminer et","inLanguage":"en-US","isPartOf":{"@id":"https:\/\/monatglobal.com\/ca\/#website"},"breadcrumb":{"@id":"https:\/\/monatglobal.com\/ca\/skincare-duo\/?lang=fr#breadcrumblist"},"image":{"@type":"ImageObject","url":"https:\/\/monatglobal.com\/ca\/wp-content\/uploads\/sites\/5\/2019\/12\/Brighten-Recover-Duo-1.png","@id":"https:\/\/monatglobal.com\/ca\/skincare-duo\/?lang=fr\/#mainImage","width":402,"height":450,"caption":"Brighten & Recover Duo"},"primaryImageOfPage":{"@id":"https:\/\/monatglobal.com\/ca\/skincare-duo\/?lang=fr#mainImage"},"datePublished":"2019-12-02T18:38:46-05:00","dateModified":"2026-01-08T10:37:58-05:00"},{"@type":"WebSite","@id":"https:\/\/monatglobal.com\/ca\/#website","url":"https:\/\/monatglobal.com\/ca\/","name":"Monat Canada English","description":"We Are Modern Nature","inLanguage":"en-US","publisher":{"@id":"https:\/\/monatglobal.com\/ca\/#organization"}}]},"og:locale":"en_US","og:site_name":"Monat Canada English - We Are Modern Nature","og:type":"article","og:title":"Duo de soins pour la peau | Soins pour la peau MONAT - Monat Canada English","og:description":"Duo Illumineret r\u00e9cup\u00e9rer Laisse la peau \u00e9clatante et l'embellit Tous les types de peau ON SALE Sunday, September 15 11a.m. EDT Prix de client VIP 220,00 $ CA Prix de d\u00e9tail 259,00 $ CA Prix de client VIP 193,00 $ CA Prix de d\u00e9tail 228,00 $ CA Syst\u00e8me Be Gentle\u2122 am\u00e9lior\u00e9 avec Duo Illuminer et","og:url":"https:\/\/monatglobal.com\/ca\/skincare-duo\/?lang=fr","article:published_time":"2019-12-02T18:38:46+00:00","article:modified_time":"2026-01-08T15:37:58+00:00","twitter:card":"summary_large_image","twitter:title":"Duo de soins pour la peau | Soins pour la peau MONAT - Monat Canada English","twitter:description":"Duo Illumineret r\u00e9cup\u00e9rer Laisse la peau \u00e9clatante et l'embellit Tous les types de peau ON SALE Sunday, September 15 11a.m. EDT Prix de client VIP 220,00 $ CA Prix de d\u00e9tail 259,00 $ CA Prix de client VIP 193,00 $ CA Prix de d\u00e9tail 228,00 $ CA Syst\u00e8me Be Gentle\u2122 am\u00e9lior\u00e9 avec Duo Illuminer et"},"aioseo_meta_data":{"post_id":"49360","title":null,"description":null,"keywords":null,"keyphrases":null,"primary_term":null,"canonical_url":null,"og_title":null,"og_description":null,"og_object_type":"default","og_image_type":"default","og_image_url":null,"og_image_width":null,"og_image_height":null,"og_image_custom_url":null,"og_image_custom_fields":null,"og_video":null,"og_custom_url":null,"og_article_section":null,"og_article_tags":null,"twitter_use_og":false,"twitter_card":"default","twitter_image_type":"default","twitter_image_url":null,"twitter_image_custom_url":null,"twitter_image_custom_fields":null,"twitter_title":null,"twitter_description":null,"schema":{"blockGraphs":[],"customGraphs":[],"default":{"data":{"Article":[],"Course":[],"Dataset":[],"FAQPage":[],"Movie":[],"Person":[],"Product":[],"ProductReview":[],"Car":[],"Recipe":[],"Service":[],"SoftwareApplication":[],"WebPage":[]},"graphName":"WebPage","isEnabled":true},"graphs":[]},"schema_type":"default","schema_type_options":null,"pillar_content":false,"robots_default":true,"robots_noindex":false,"robots_noarchive":false,"robots_nosnippet":false,"robots_nofollow":false,"robots_noimageindex":false,"robots_noodp":false,"robots_notranslate":false,"robots_max_snippet":null,"robots_max_videopreview":null,"robots_max_imagepreview":"large","priority":null,"frequency":null,"local_seo":null,"seo_analyzer_scan_date":"2026-02-10 18:34:13","limit_modified_date":false,"reviewed_by":null,"open_ai":null,"ai":null,"created":"2023-07-26 12:45:53","updated":"2026-02-10 19:02:29"},"aioseo_breadcrumb":"<div class=\"aioseo-breadcrumbs\"><span class=\"aioseo-breadcrumb\">\n\t<a href=\"https:\/\/monatglobal.com\/ca\" title=\"Home\">Home<\/a>\n<\/span><span class=\"aioseo-breadcrumb-separator\">&raquo;<\/span><span class=\"aioseo-breadcrumb\">\n\tDuo de soins pour la peau | Soins pour la peau MONAT\n<\/span><\/div>","aioseo_breadcrumb_json":[{"label":"Home","link":"https:\/\/monatglobal.com\/ca"},{"label":"Duo de soins pour la peau | Soins pour la peau MONAT","link":"https:\/\/monatglobal.com\/ca\/skincare-duo\/?lang=fr"}],"_links":{"self":[{"href":"https:\/\/monatglobal.com\/ca\/wp-json\/wp\/v2\/pages\/49360","targetHints":{"allow":["GET"]}}],"collection":[{"href":"https:\/\/monatglobal.com\/ca\/wp-json\/wp\/v2\/pages"}],"about":[{"href":"https:\/\/monatglobal.com\/ca\/wp-json\/wp\/v2\/types\/page"}],"author":[{"embeddable":true,"href":"https:\/\/monatglobal.com\/ca\/wp-json\/wp\/v2\/users\/33"}],"replies":[{"embeddable":true,"href":"https:\/\/monatglobal.com\/ca\/wp-json\/wp\/v2\/comments?post=49360"}],"version-history":[{"count":28,"href":"https:\/\/monatglobal.com\/ca\/wp-json\/wp\/v2\/pages\/49360\/revisions"}],"predecessor-version":[{"id":109769,"href":"https:\/\/monatglobal.com\/ca\/wp-json\/wp\/v2\/pages\/49360\/revisions\/109769"}],"wp:featuredmedia":[{"embeddable":true,"href":"https:\/\/monatglobal.com\/ca\/wp-json\/wp\/v2\/media\/49382"}],"wp:attachment":[{"href":"https:\/\/monatglobal.com\/ca\/wp-json\/wp\/v2\/media?parent=49360"}],"wp:term":[{"taxonomy":"category","embeddable":true,"href":"https:\/\/monatglobal.com\/ca\/wp-json\/wp\/v2\/categories?post=49360"},{"taxonomy":"post_tag","embeddable":true,"href":"https:\/\/monatglobal.com\/ca\/wp-json\/wp\/v2\/tags?post=49360"}],"curies":[{"name":"wp","href":"https:\/\/api.w.org\/{rel}","templated":true}]}}