{"id":49211,"date":"2019-11-27T17:28:25","date_gmt":"2019-11-27T17:28:25","guid":{"rendered":"https:\/\/monatglobal.com\/ca\/?page_id=49211"},"modified":"2026-01-08T10:03:39","modified_gmt":"2026-01-08T15:03:39","slug":"skincare-perfector","status":"publish","type":"page","link":"https:\/\/monatglobal.com\/ca\/skincare-perfector\/?lang=fr","title":{"rendered":"Skincare Perfecteur instantan\u00e9"},"content":{"rendered":"\n\n\t<p>MEILLEUR VENDEUR<\/p>\n\t\t\t\t<img loading=\"lazy\" decoding=\"async\" src=\"https:\/\/monatglobal.com\/wp-content\/uploads\/2019\/11\/30-second-miracle.png\" alt=\"30-second-miracle\" itemprop=\"image\" height=\"450\" width=\"341\" title=\"30-second-miracle\" onerror=\"this.style.display='none'\"  \/>\n\t<p>MEILLEUR VENDEUR<\/p>\n<h1>Perfecteur instantan\u00e9<br \/>30 Second Miracle<sup>\u2122<\/sup><\/h1>\n\t<h3>Resserre et efface<br \/>\nCorrige instantan\u00e9ment gr\u00e2ce au peptide et \u00e0 l&#8217;extrait de lis.\n<\/h3>\n\t<p>15 ml e 0,5 oz liq.<\/p> \n   Prix de client VIP\n   <p> 99,00 $ CA<\/p>\n      Prix de d\u00e9tail\n      <p> 117,00 $ CA<\/p>\n\t<p> ON SALE Sunday, September 15 11a.m. EDT<\/p> \n\t<a href=\"https:\/\/monatglobal.com\/ca\/wp-content\/uploads\/sites\/5\/2019\/12\/CAN_30-Second-Miracle_CustomerInfo-sheet_FR.pdf\"> Voir la page d&#8217;information  <sup>\u2335<\/sup><\/a>\n\tPour en savoir plus sur le Perfecteur instantan\u00e9 30 Second Miracle\u2122, veuillez contacter votre partenaire de march\u00e9 MONAT.\n\t\t\t<a href=\"https:\/\/corp.mymonat.com\/shop\/products\/30-second-miracle-instant-eye-protector\/?globallanguage=fr&#038;globalmarket=ca\" target=\"_blank\" role=\"button\" rel=\"noopener\">\n\t\t\t\t\t\t\tMAGASINEZ\n\t\t\t\t\t<\/a>\n\t CARACT\u00c9RISTIQUES\n\t<h1>Une remarquable solution temporaire qui resserre INSTANTAN\u00c9MENT et r\u00e9duit l&#8217;apparence des pattes d&#8217;oie, des ridules, des poches et des rides pour un regard rafra\u00eechi et d&#8217;apparence plus jeune, et ce, pendant des heures.<\/h1>\n\t <h1>Resserre et efface<\/h1>\n\t<h1>Notre s\u00e9rum ultra soyeux op\u00e8re sa magie en 30 secondes apr\u00e8s l&#8217;application pour resserrer et corriger les endroits probl\u00e9matiques et favoriser une apparence resserr\u00e9e, tonifi\u00e9e et lisse, sans interf\u00e9rer avec le maquillage.<\/h1>\n\t<p>Commencez la journ\u00e9e avec confiance, dominez vos r\u00e9unions ou affichez-vous lors des soir\u00e9es. Montrez-vous sous votre meilleur jour, quelle que soit l&#8217;occasion!<\/p>\n\t<h1>Mode d&#8217;emploi<\/h1>\n\t<p>\/ Secouer doucement le tube.<\/p>\n<p>\/ Presser l\u00e9g\u00e8rement pour faire sortir le produit. Il vaut son pesant d&#8217;or &#8211; une petite quantit\u00e9 suffit.<\/p>\n<p>\/ \u00c0 l&#8217;aide de l&#8217;annuaire ou d&#8217;une brosse \u00e0 maquillage propre, appliquer une petite quantit\u00e9 sur peau propre et s\u00e8che.<\/p>\n<p>\/ Vous constaterez ses effets au bout de 30 secondes. Essayez de rester sans expression pendant que le Second Miracle\u2122 s\u00e8che.<\/p>\n<p>\/ Appliquer trop de 30 Second Miracle\u2122 peut laisser une mince couche blanche. Vous n&#8217;avez qu&#8217;\u00e0 tamponner doucement la peau \u00e0 l&#8217;aide d&#8217;un coton-tige pour enlever l&#8217;exc\u00e8s.<\/p>\n<p>\/ Appliquer ensuite votre hydratant MONAT. Vous pouvez ensuite appliquer un fond de teint.<\/p>\n<p>\/ Apr\u00e8s l&#8217;utilisation, essuyer le bout afin d&#8217;\u00e9viter l&#8217;accumulation de produit.<\/p>\n\t\t\t<a href=\"https:\/\/www.youtube.com\/watch?v=37HVoM7WFvw\" role=\"button\">\n\t\t\t\t\t\t\t<\/a>\n\t30 Second Miracle\u2122<br \/>\n0:33\n\t\t\t<a href=\"https:\/\/corp.mymonat.com\/shop\/products\/30-second-miracle-instant-eye-protector\/?globallanguage=fr&#038;globalmarket=ca\" target=\"_blank\" role=\"button\" rel=\"noopener\">\n\t\t\t\t\t\t\tMAGASINEZ\n\t\t\t\t\t<\/a>\n\t<h1>Suggestion<\/h1>\n\t<p>\/ Faites quelques essais afin de perfectionner votre technique.<\/p>\n\t Ingr\u00e9dients actifs cl\u00e9s\n<p>Peptides<\/p>\n<p>Resserrent et repulpent<\/p>\n<p>Extrait de lis blanc<\/p>\n<p>Apaise et hydrate<\/p>\n<p>Extrait de graines de caf\u00e9<\/p>\n<p>Aide \u00e0 r\u00e9duire l&#8217;enflure et lisse la peau<\/p>\n\t\t\t<a href=\"#\" role=\"button\">\n\t\t\t\t\t\t\tLISTE D&#8217;INGR\u00c9DIENTS\n\t\t\t\t\t<\/a>\n\t\t<p>Aqua\/Water\/Eau, Sodium Silicate, Magnesium Aluminum Silicate, Acetyl Hexapeptide-8, Coffea Arabica (Coffee) Seed Extract, Lilium Candidum Flower Extract, Glycerin, Ethylhexylglycerin, Caprylyl Glycol.<\/p>\t\n\t VOUS POURRIEZ AUSSI AIMER\n\t<a href=\"https:\/\/monatglobal.com\/ca\/products\/?lang=fr&#038;line=soins-de-la-peau\"><h1>Tous les produits de soins pour la peau\n<\/h1><\/a>\n\n","protected":false},"excerpt":{"rendered":"<p>MEILLEUR VENDEUR MEILLEUR VENDEUR Perfecteur instantan\u00e930 Second Miracle\u2122 Resserre et efface Corrige instantan\u00e9ment gr\u00e2ce au peptide et \u00e0 l&#8217;extrait de lis. 15 ml e 0,5 oz liq. Prix de client VIP 99,00 $ CA Prix de d\u00e9tail 117,00 $ CA ON SALE Sunday, September 15 11a.m. EDT Voir la page d&#8217;information \u2335 Pour en savoir&hellip;<\/p>\n","protected":false},"author":33,"featured_media":55403,"parent":0,"menu_order":0,"comment_status":"closed","ping_status":"closed","template":"","meta":{"inline_featured_image":false,"om_disable_all_campaigns":false,"_monsterinsights_skip_tracking":false,"_monsterinsights_sitenote_active":false,"_monsterinsights_sitenote_note":"","_monsterinsights_sitenote_category":0,"footnotes":""},"categories":[3629],"tags":[],"class_list":["post-49211","page","type-page","status-publish","has-post-thumbnail","hentry","category-product-fra"],"aioseo_notices":[],"aioseo_head":"\n\t\t<!-- All in One SEO Pro 4.9.5.2 - aioseo.com -->\n\t<meta name=\"description\" content=\"MEILLEUR VENDEUR MEILLEUR VENDEUR Perfecteur instantan\u00e930 Second Miracle\u2122 Resserre et efface Corrige instantan\u00e9ment gr\u00e2ce au peptide et \u00e0 l&#039;extrait de lis. 15 ml e 0,5 oz liq. Prix de client VIP 99,00 $ CA Prix de d\u00e9tail 117,00 $ CA ON SALE Sunday, September 15 11a.m. EDT Voir la page d&#039;information \u2335 Pour en savoir\" \/>\n\t<meta name=\"robots\" content=\"max-image-preview:large\" \/>\n\t<link rel=\"canonical\" href=\"https:\/\/monatglobal.com\/ca\/skincare-perfector\/?lang=fr\" \/>\n\t<meta name=\"generator\" content=\"All in One SEO Pro (AIOSEO) 4.9.5.2\" \/>\n\t\t<meta property=\"og:locale\" content=\"en_US\" \/>\n\t\t<meta property=\"og:site_name\" content=\"Monat Canada English - We Are Modern Nature\" \/>\n\t\t<meta property=\"og:type\" content=\"article\" \/>\n\t\t<meta property=\"og:title\" content=\"Skincare Perfecteur instantan\u00e9 - Monat Canada English\" \/>\n\t\t<meta property=\"og:description\" content=\"MEILLEUR VENDEUR MEILLEUR VENDEUR Perfecteur instantan\u00e930 Second Miracle\u2122 Resserre et efface Corrige instantan\u00e9ment gr\u00e2ce au peptide et \u00e0 l&#039;extrait de lis. 15 ml e 0,5 oz liq. Prix de client VIP 99,00 $ CA Prix de d\u00e9tail 117,00 $ CA ON SALE Sunday, September 15 11a.m. EDT Voir la page d&#039;information \u2335 Pour en savoir\" \/>\n\t\t<meta property=\"og:url\" content=\"https:\/\/monatglobal.com\/ca\/skincare-perfector\/?lang=fr\" \/>\n\t\t<meta property=\"article:published_time\" content=\"2019-11-27T17:28:25+00:00\" \/>\n\t\t<meta property=\"article:modified_time\" content=\"2026-01-08T15:03:39+00:00\" \/>\n\t\t<meta name=\"twitter:card\" content=\"summary_large_image\" \/>\n\t\t<meta name=\"twitter:title\" content=\"Skincare Perfecteur instantan\u00e9 - Monat Canada English\" \/>\n\t\t<meta name=\"twitter:description\" content=\"MEILLEUR VENDEUR MEILLEUR VENDEUR Perfecteur instantan\u00e930 Second Miracle\u2122 Resserre et efface Corrige instantan\u00e9ment gr\u00e2ce au peptide et \u00e0 l&#039;extrait de lis. 15 ml e 0,5 oz liq. Prix de client VIP 99,00 $ CA Prix de d\u00e9tail 117,00 $ CA ON SALE Sunday, September 15 11a.m. EDT Voir la page d&#039;information \u2335 Pour en savoir\" \/>\n\t\t<script type=\"application\/ld+json\" class=\"aioseo-schema\">\n\t\t\t{\"@context\":\"https:\\\/\\\/schema.org\",\"@graph\":[{\"@type\":\"BreadcrumbList\",\"@id\":\"https:\\\/\\\/monatglobal.com\\\/ca\\\/skincare-perfector\\\/?lang=fr#breadcrumblist\",\"itemListElement\":[{\"@type\":\"ListItem\",\"@id\":\"https:\\\/\\\/monatglobal.com\\\/ca#listItem\",\"position\":1,\"name\":\"Home\",\"item\":\"https:\\\/\\\/monatglobal.com\\\/ca\",\"nextItem\":{\"@type\":\"ListItem\",\"@id\":\"https:\\\/\\\/monatglobal.com\\\/ca\\\/skincare-perfector\\\/?lang=fr#listItem\",\"name\":\"Skincare Perfecteur instantan\\u00e9\"}},{\"@type\":\"ListItem\",\"@id\":\"https:\\\/\\\/monatglobal.com\\\/ca\\\/skincare-perfector\\\/?lang=fr#listItem\",\"position\":2,\"name\":\"Skincare Perfecteur instantan\\u00e9\",\"previousItem\":{\"@type\":\"ListItem\",\"@id\":\"https:\\\/\\\/monatglobal.com\\\/ca#listItem\",\"name\":\"Home\"}}]},{\"@type\":\"Organization\",\"@id\":\"https:\\\/\\\/monatglobal.com\\\/ca\\\/#organization\",\"name\":\"Monat Canada English\",\"description\":\"We Are Modern Nature\",\"url\":\"https:\\\/\\\/monatglobal.com\\\/ca\\\/\"},{\"@type\":\"WebPage\",\"@id\":\"https:\\\/\\\/monatglobal.com\\\/ca\\\/skincare-perfector\\\/?lang=fr#webpage\",\"url\":\"https:\\\/\\\/monatglobal.com\\\/ca\\\/skincare-perfector\\\/?lang=fr\",\"name\":\"Skincare Perfecteur instantan\\u00e9 - Monat Canada English\",\"description\":\"MEILLEUR VENDEUR MEILLEUR VENDEUR Perfecteur instantan\\u00e930 Second Miracle\\u2122 Resserre et efface Corrige instantan\\u00e9ment gr\\u00e2ce au peptide et \\u00e0 l'extrait de lis. 15 ml e 0,5 oz liq. Prix de client VIP 99,00 $ CA Prix de d\\u00e9tail 117,00 $ CA ON SALE Sunday, September 15 11a.m. EDT Voir la page d'information \\u2335 Pour en savoir\",\"inLanguage\":\"en-US\",\"isPartOf\":{\"@id\":\"https:\\\/\\\/monatglobal.com\\\/ca\\\/#website\"},\"breadcrumb\":{\"@id\":\"https:\\\/\\\/monatglobal.com\\\/ca\\\/skincare-perfector\\\/?lang=fr#breadcrumblist\"},\"image\":{\"@type\":\"ImageObject\",\"url\":\"https:\\\/\\\/monatglobal.com\\\/ca\\\/wp-content\\\/uploads\\\/sites\\\/5\\\/2020\\\/10\\\/30-sec-miracle-500x438.png\",\"@id\":\"https:\\\/\\\/monatglobal.com\\\/ca\\\/skincare-perfector\\\/?lang=fr\\\/#mainImage\",\"width\":438,\"height\":500},\"primaryImageOfPage\":{\"@id\":\"https:\\\/\\\/monatglobal.com\\\/ca\\\/skincare-perfector\\\/?lang=fr#mainImage\"},\"datePublished\":\"2019-11-27T17:28:25-05:00\",\"dateModified\":\"2026-01-08T10:03:39-05:00\"},{\"@type\":\"WebSite\",\"@id\":\"https:\\\/\\\/monatglobal.com\\\/ca\\\/#website\",\"url\":\"https:\\\/\\\/monatglobal.com\\\/ca\\\/\",\"name\":\"Monat Canada English\",\"description\":\"We Are Modern Nature\",\"inLanguage\":\"en-US\",\"publisher\":{\"@id\":\"https:\\\/\\\/monatglobal.com\\\/ca\\\/#organization\"}}]}\n\t\t<\/script>\n\t\t<!-- All in One SEO Pro -->\r\n\t\t<title>Skincare Perfecteur instantan\u00e9 - Monat Canada English<\/title>\n\n","aioseo_head_json":{"title":"Skincare Perfecteur instantan\u00e9 - Monat Canada English","description":"MEILLEUR VENDEUR MEILLEUR VENDEUR Perfecteur instantan\u00e930 Second Miracle\u2122 Resserre et efface Corrige instantan\u00e9ment gr\u00e2ce au peptide et \u00e0 l'extrait de lis. 15 ml e 0,5 oz liq. Prix de client VIP 99,00 $ CA Prix de d\u00e9tail 117,00 $ CA ON SALE Sunday, September 15 11a.m. EDT Voir la page d'information \u2335 Pour en savoir","canonical_url":"https:\/\/monatglobal.com\/ca\/skincare-perfector\/?lang=fr","robots":"max-image-preview:large","keywords":"","webmasterTools":{"miscellaneous":""},"schema":{"@context":"https:\/\/schema.org","@graph":[{"@type":"BreadcrumbList","@id":"https:\/\/monatglobal.com\/ca\/skincare-perfector\/?lang=fr#breadcrumblist","itemListElement":[{"@type":"ListItem","@id":"https:\/\/monatglobal.com\/ca#listItem","position":1,"name":"Home","item":"https:\/\/monatglobal.com\/ca","nextItem":{"@type":"ListItem","@id":"https:\/\/monatglobal.com\/ca\/skincare-perfector\/?lang=fr#listItem","name":"Skincare Perfecteur instantan\u00e9"}},{"@type":"ListItem","@id":"https:\/\/monatglobal.com\/ca\/skincare-perfector\/?lang=fr#listItem","position":2,"name":"Skincare Perfecteur instantan\u00e9","previousItem":{"@type":"ListItem","@id":"https:\/\/monatglobal.com\/ca#listItem","name":"Home"}}]},{"@type":"Organization","@id":"https:\/\/monatglobal.com\/ca\/#organization","name":"Monat Canada English","description":"We Are Modern Nature","url":"https:\/\/monatglobal.com\/ca\/"},{"@type":"WebPage","@id":"https:\/\/monatglobal.com\/ca\/skincare-perfector\/?lang=fr#webpage","url":"https:\/\/monatglobal.com\/ca\/skincare-perfector\/?lang=fr","name":"Skincare Perfecteur instantan\u00e9 - Monat Canada English","description":"MEILLEUR VENDEUR MEILLEUR VENDEUR Perfecteur instantan\u00e930 Second Miracle\u2122 Resserre et efface Corrige instantan\u00e9ment gr\u00e2ce au peptide et \u00e0 l'extrait de lis. 15 ml e 0,5 oz liq. Prix de client VIP 99,00 $ CA Prix de d\u00e9tail 117,00 $ CA ON SALE Sunday, September 15 11a.m. EDT Voir la page d'information \u2335 Pour en savoir","inLanguage":"en-US","isPartOf":{"@id":"https:\/\/monatglobal.com\/ca\/#website"},"breadcrumb":{"@id":"https:\/\/monatglobal.com\/ca\/skincare-perfector\/?lang=fr#breadcrumblist"},"image":{"@type":"ImageObject","url":"https:\/\/monatglobal.com\/ca\/wp-content\/uploads\/sites\/5\/2020\/10\/30-sec-miracle-500x438.png","@id":"https:\/\/monatglobal.com\/ca\/skincare-perfector\/?lang=fr\/#mainImage","width":438,"height":500},"primaryImageOfPage":{"@id":"https:\/\/monatglobal.com\/ca\/skincare-perfector\/?lang=fr#mainImage"},"datePublished":"2019-11-27T17:28:25-05:00","dateModified":"2026-01-08T10:03:39-05:00"},{"@type":"WebSite","@id":"https:\/\/monatglobal.com\/ca\/#website","url":"https:\/\/monatglobal.com\/ca\/","name":"Monat Canada English","description":"We Are Modern Nature","inLanguage":"en-US","publisher":{"@id":"https:\/\/monatglobal.com\/ca\/#organization"}}]},"og:locale":"en_US","og:site_name":"Monat Canada English - We Are Modern Nature","og:type":"article","og:title":"Skincare Perfecteur instantan\u00e9 - Monat Canada English","og:description":"MEILLEUR VENDEUR MEILLEUR VENDEUR Perfecteur instantan\u00e930 Second Miracle\u2122 Resserre et efface Corrige instantan\u00e9ment gr\u00e2ce au peptide et \u00e0 l'extrait de lis. 15 ml e 0,5 oz liq. Prix de client VIP 99,00 $ CA Prix de d\u00e9tail 117,00 $ CA ON SALE Sunday, September 15 11a.m. EDT Voir la page d'information \u2335 Pour en savoir","og:url":"https:\/\/monatglobal.com\/ca\/skincare-perfector\/?lang=fr","article:published_time":"2019-11-27T17:28:25+00:00","article:modified_time":"2026-01-08T15:03:39+00:00","twitter:card":"summary_large_image","twitter:title":"Skincare Perfecteur instantan\u00e9 - Monat Canada English","twitter:description":"MEILLEUR VENDEUR MEILLEUR VENDEUR Perfecteur instantan\u00e930 Second Miracle\u2122 Resserre et efface Corrige instantan\u00e9ment gr\u00e2ce au peptide et \u00e0 l'extrait de lis. 15 ml e 0,5 oz liq. Prix de client VIP 99,00 $ CA Prix de d\u00e9tail 117,00 $ CA ON SALE Sunday, September 15 11a.m. EDT Voir la page d'information \u2335 Pour en savoir"},"aioseo_meta_data":{"post_id":"49211","title":null,"description":null,"keywords":null,"keyphrases":{"focus":{"keyphrase":"","score":0,"analysis":{"keyphraseInTitle":{"score":0,"maxScore":9,"error":1}}},"additional":[]},"primary_term":null,"canonical_url":null,"og_title":null,"og_description":null,"og_object_type":"default","og_image_type":"default","og_image_url":null,"og_image_width":null,"og_image_height":null,"og_image_custom_url":null,"og_image_custom_fields":null,"og_video":"","og_custom_url":null,"og_article_section":null,"og_article_tags":null,"twitter_use_og":false,"twitter_card":"default","twitter_image_type":"default","twitter_image_url":null,"twitter_image_custom_url":null,"twitter_image_custom_fields":null,"twitter_title":null,"twitter_description":null,"schema":{"blockGraphs":[],"customGraphs":[],"default":{"data":{"Article":[],"Course":[],"Dataset":[],"FAQPage":[],"Movie":[],"Person":[],"Product":[],"ProductReview":[],"Car":[],"Recipe":[],"Service":[],"SoftwareApplication":[],"WebPage":[]},"graphName":"WebPage","isEnabled":true},"graphs":[]},"schema_type":"default","schema_type_options":null,"pillar_content":false,"robots_default":true,"robots_noindex":false,"robots_noarchive":false,"robots_nosnippet":false,"robots_nofollow":false,"robots_noimageindex":false,"robots_noodp":false,"robots_notranslate":false,"robots_max_snippet":"-1","robots_max_videopreview":"-1","robots_max_imagepreview":"large","priority":null,"frequency":"default","local_seo":null,"seo_analyzer_scan_date":"2026-02-10 04:25:25","limit_modified_date":false,"reviewed_by":null,"open_ai":"{\"title\":{\"suggestions\":[],\"usage\":0},\"description\":{\"suggestions\":[],\"usage\":0}}","ai":null,"created":"2023-07-26 12:45:53","updated":"2026-02-10 18:58:29"},"aioseo_breadcrumb":"<div class=\"aioseo-breadcrumbs\"><span class=\"aioseo-breadcrumb\">\n\t<a href=\"https:\/\/monatglobal.com\/ca\" title=\"Home\">Home<\/a>\n<\/span><span class=\"aioseo-breadcrumb-separator\">&raquo;<\/span><span class=\"aioseo-breadcrumb\">\n\tSkincare Perfecteur instantan\u00e9\n<\/span><\/div>","aioseo_breadcrumb_json":[{"label":"Home","link":"https:\/\/monatglobal.com\/ca"},{"label":"Skincare Perfecteur instantan\u00e9","link":"https:\/\/monatglobal.com\/ca\/skincare-perfector\/?lang=fr"}],"_links":{"self":[{"href":"https:\/\/monatglobal.com\/ca\/wp-json\/wp\/v2\/pages\/49211","targetHints":{"allow":["GET"]}}],"collection":[{"href":"https:\/\/monatglobal.com\/ca\/wp-json\/wp\/v2\/pages"}],"about":[{"href":"https:\/\/monatglobal.com\/ca\/wp-json\/wp\/v2\/types\/page"}],"author":[{"embeddable":true,"href":"https:\/\/monatglobal.com\/ca\/wp-json\/wp\/v2\/users\/33"}],"replies":[{"embeddable":true,"href":"https:\/\/monatglobal.com\/ca\/wp-json\/wp\/v2\/comments?post=49211"}],"version-history":[{"count":22,"href":"https:\/\/monatglobal.com\/ca\/wp-json\/wp\/v2\/pages\/49211\/revisions"}],"predecessor-version":[{"id":109734,"href":"https:\/\/monatglobal.com\/ca\/wp-json\/wp\/v2\/pages\/49211\/revisions\/109734"}],"wp:featuredmedia":[{"embeddable":true,"href":"https:\/\/monatglobal.com\/ca\/wp-json\/wp\/v2\/media\/55403"}],"wp:attachment":[{"href":"https:\/\/monatglobal.com\/ca\/wp-json\/wp\/v2\/media?parent=49211"}],"wp:term":[{"taxonomy":"category","embeddable":true,"href":"https:\/\/monatglobal.com\/ca\/wp-json\/wp\/v2\/categories?post=49211"},{"taxonomy":"post_tag","embeddable":true,"href":"https:\/\/monatglobal.com\/ca\/wp-json\/wp\/v2\/tags?post=49211"}],"curies":[{"name":"wp","href":"https:\/\/api.w.org\/{rel}","templated":true}]}}