{"id":49204,"date":"2019-11-27T16:37:38","date_gmt":"2019-11-27T16:37:38","guid":{"rendered":"https:\/\/monatglobal.com\/ca\/?page_id=49204"},"modified":"2026-01-02T11:37:32","modified_gmt":"2026-01-02T16:37:32","slug":"skincare-c-radiance","status":"publish","type":"page","link":"https:\/\/monatglobal.com\/ca\/skincare-c-radiance\/?lang=fr","title":{"rendered":"C. Radiance\u2122 | Soins pour la peau MONAT"},"content":{"rendered":"\n<img loading=\"lazy\" decoding=\"async\" src=\"https:\/\/monatglobal.com\/wp-content\/uploads\/2019\/11\/c-radiance.png\" alt=\"c-radiance\" itemprop=\"image\" height=\"450\" width=\"341\" title=\"c-radiance\" onerror=\"this.style.display='none'\">\n<h1>S\u00e9rum illuminant<br>C. Radiance<sup>\u2122<\/sup><\/h1>\n\t<h3>Illumine et rehausse<br> \nAntioxydants et prune de kakadu pour un teint radieux\n<\/h3>\n\t<p>30 ml \u212e 1,0 oz liq.<\/p> \n   Prix de VIP\n   <p> 111,00 $ CA<\/p>\n      Prix de d\u00e9tail\n      <p> 130,00 $ CA<\/p>\n   Prix de VIP\n   <p> 116,00 $ CA<\/p>\n      Prix de d\u00e9tail\n      <p> 137,00 $ CA<\/p>\n   Prix de VIP\n   <p> 108,00 $ CA<\/p>\n      Prix de d\u00e9tail\n      <p> 127,00 $ CA<\/p>\n\t<p> ON SALE Sunday, September 15 11a.m. EDT<\/p> \n\t<a href=\"https:\/\/monatglobal.com\/ca\/wp-content\/uploads\/sites\/5\/2019\/12\/CAN_C-Radiance-Customer-Info-sheet_FR.pdf\"> Voir la page d&#8217;information  <sup>\u2335<\/sup><\/a>\n\tPour en savoir plus sur le S\u00e9rum illuminant C. Radiance\u2122, veuillez contacter votre partenaire de march\u00e9 MONAT.\n\t\t\t<a href=\"https:\/\/corp.mymonat.com\/shop\/products\/c-radiance-illuminating-serum\/?globallanguage=fr&amp;globalmarket=ca\" target=\"_blank\" role=\"button\" rel=\"noopener\">\n\t\t\t\t\t\t\tMAGASINEZ\n\t\t\t\t\t<\/a>\n\t CARACT\u00c9RISTIQUES\n\t<h1>Un puissant s\u00e9rum pour la peau, \u00e0 15 % de vitamine C et avec de puissants antioxydants, pour aider \u00e0 illuminer et \u00e0 embellir le teint.<\/h1>\n\t<p>Ce s\u00e9rum soyeux glisse parfaitement pour une application facile et une absorption rapide. Il laisse la peau radieuse et lui donne un aspect sain et jeune.<\/p>\n\t <h1>Illumine et rehausse<\/h1>\n\t<h1>Ce puissant s\u00e9rum de jour anti-\u00e2ge contient 15 % de vitamine C provenant du complexe de prune de kakadu de MONAT, de l&#8217;acide f\u00e9rulique, de la niacinamide et des antioxydants essentiels et protecteurs pour aider \u00e0 rendre la peau plus radieuse et \u00e9clatante.<\/h1>\n\t<h1>Mode d&#8217;emploi<\/h1>\n\t<p>\/ Utiliser chaque jour apr\u00e8s l&#8217;\u00e9tape de la pr\u00e9paration.<\/p>\n<p>\/ Appliquer 1 pompe du produit de fa\u00e7on uniforme sur le bout des doigts.<\/p>\n<p>\/ Presser doucement sur le front, les joues, le menton, le cou et le d\u00e9collet\u00e9.<\/p>\n<p>\/ Pour de meilleurs r\u00e9sultats, commencer au centre du cou et \u00e9tendre le produit vers l&#8217;ext\u00e9rieur et vers le haut.<\/p>\n<p>\/ Laisser le produit s&#8217;absorber compl\u00e8tement avant d&#8217;appliquer votre hydratant MONAT.<\/p>\n\t\t\t<a href=\"https:\/\/www.youtube.com\/watch?v=qsgd_Kzp9R8\" role=\"button\">\n\t\t\t\t\t\t\t<\/a>\n\tC. Radiance\u2122<br>\n0:31\n\t\t\t<a href=\"https:\/\/corp.mymonat.com\/shop\/products\/c-radiance-illuminating-serum\/?globallanguage=fr&amp;globalmarket=ca\" target=\"_blank\" role=\"button\" rel=\"noopener\">\n\t\t\t\t\t\t\tMAGASINEZ\n\t\t\t\t\t<\/a>\n\t<h1>Suggestion<\/h1>\n\t<p>\/ Conseil pour une peau saine : En plus de ce produit, utiliser un \u00e9cran solaire chaque jour.<\/p>\n\t Ingr\u00e9dients actifs cl\u00e9s\n<p>Complexe de prune de kakadu<\/p>\n<p>Illumine, apaise et prot\u00e8ge<\/p>\n<p>Antioxydants<\/p>\n<p>Prot\u00e8gent<\/p>\n<p>Acide hyaluronique<\/p>\n<p>Attire l&#8217;humidit\u00e9<\/p>\n<p>Acide f\u00e9rulique<\/p>\n<p>Embellit et renforce<\/p>\n<p>Extrait de racine de r\u00e9glisse<\/p>\n<p>Illumine et tonifie<\/p>\n<p>Niacinamide<\/p>\n<p>Apaise et affine<\/p>\n\t\t\t<a href=\"#\" role=\"button\">\n\t\t\t\t\t\t\tLISTE D&#8217;INGR\u00c9DIENTS\n\t\t\t\t\t<\/a>\n\t\tAqua\/Water\/Eau, Sodium Ascorbyl Phosphate, Glycerin, PEG-8 Dimethicone, Citric Acid,\nTerminalia Ferdinandiana Fruit Extract, Tetrahexyldecyl Ascorbate, Sodium Hyaluronate,\nFerulic Acid, Vaccinium Angustifolium (Blueberry) Fruit Extract, Vaccinium Macrocarpon\n(Cranberry) Fruit Extract, Lycium Barbarum Fruit Extract, Euterpe Oleracea Fruit Extract,\nGlycyrrhiza Glabra (Licorice) Root Extract, Niacinamide, Squalane, Tocopheryl Acetate,\nBetaine, Proline, Serine, Inositol, Tocopherol, Propanediol, Xanthan Gum, Lecithin,\nSclerotium Gum, Pullulan, Hydrogenated Lecithin, Polysorbate 20, Dimethicone, Dimethiconol,\nFragrance\/Parfum, Benzyl Alcohol, Ethylhexylglycerin\n.\n\t\n\t<link rel=\"stylesheet\" href=\"https:\/\/unpkg.com\/swiper\/swiper-bundle.min.css\">\n<link rel=\"stylesheet\" href=\"https:\/\/monatglobal.com\/wp-content\/creative_css\/product_styles_sheet.css\">\n   <!--==================================================== You might also like section ====================================================-->\n      <h2>VOUS POURRIEZ AUSSI AIMER<\/h2>\n      <!--==================================================== Slider YOU MIGHT ALSO LIKE ====================================================-->\n            <!--==================================================== Slides products ====================================================-->\n               <a href=\"https:\/\/monatglobal.com\/ca\/holidays-2021-minis-mirror\/?lang=fr\" aria-label=\"Go to Magic Minis &amp; Mirror page\">\n                  <img decoding=\"async\" src=\"https:\/\/monatglobal.com\/wp-content\/uploads\/2021\/10\/magic-mini-mirror-300x300-1.jpg\" alt=\"Magic Minis &amp; Mirror\">\n                  <p>Soins minis et magie miroir<\/p>\n               <\/a>\n               <a href=\"https:\/\/monatglobal.com\/ca\/skin-revitalizing-essence\/?lang=fr\" aria-label=\"Go to Skin Revitalizing Essence\u2122 page\">\n                  <img decoding=\"async\" src=\"https:\/\/monatglobal.com\/wp-content\/uploads\/2019\/09\/sking-revitalizing-essence.png\" alt=\"Skin Revitalizing Essence\u2122\">\n                  <p>Skin Revitalizing Essence\u2122<\/p>\n               <\/a>\n               <a href=\"\/ca\/hydratant-nourrissant-be-gentle\/?lang=fr\" aria-label=\"Go to BE GENTLE\u2122 Nourishing Moisturizer page\">\n                  <img decoding=\"async\" src=\"https:\/\/monatglobal.com\/wp-content\/uploads\/2019\/09\/be-gentle-nurishing-moisturizer-1-1.png\" alt=\"BE GENTLE\u2122 Nourishing Moisturizer\">\n                  <p>Hydratant nourrissant<br>BE GENTLE\u2122 <\/p>\n               <\/a>\n         <!--==================================================== If we need navigation buttons  ====================================================-->\n         <!--==================================================== If we need paginations  ====================================================-->\n<!--==================================================== this link has to go last for it to work   ====================================================-->\n\t VOUS POURRIEZ AUSSI AIMER\n\t<a href=\"https:\/\/monatglobal.com\/ca\/products\/?lang=fr&#038;line=soins-de-la-peau\"><h1>Tous les produits de soins pour la peau\n<\/h1><\/a>\n","protected":false},"excerpt":{"rendered":"<p>S\u00e9rum illuminantC. Radiance\u2122 Illumine et rehausse Antioxydants et prune de kakadu pour un teint radieux 30 ml \u212e 1,0 oz liq. Prix de VIP 111,00 $ CA Prix de d\u00e9tail 130,00 $ CA Prix de VIP 116,00 $ CA Prix de d\u00e9tail 137,00 $ CA Prix de VIP 108,00 $ CA Prix de d\u00e9tail 127,00&hellip;<\/p>\n","protected":false},"author":33,"featured_media":55405,"parent":0,"menu_order":0,"comment_status":"closed","ping_status":"closed","template":"","meta":{"inline_featured_image":false,"om_disable_all_campaigns":false,"_monsterinsights_skip_tracking":false,"_monsterinsights_sitenote_active":false,"_monsterinsights_sitenote_note":"","_monsterinsights_sitenote_category":0,"footnotes":""},"categories":[3629],"tags":[],"class_list":["post-49204","page","type-page","status-publish","has-post-thumbnail","hentry","category-product-fra"],"aioseo_notices":[],"aioseo_head":"\n\t\t<!-- All in One SEO Pro 4.9.6 - aioseo.com -->\n\t<meta name=\"description\" content=\"S\u00e9rum illuminantC. Radiance\u2122 Illumine et rehausse Antioxydants et prune de kakadu pour un teint radieux 30 ml \u212e 1,0 oz liq. Prix de VIP 111,00 $ CA Prix de d\u00e9tail 130,00 $ CA Prix de VIP 116,00 $ CA Prix de d\u00e9tail 137,00 $ CA Prix de VIP 108,00 $ CA Prix de d\u00e9tail 127,00\" \/>\n\t<meta name=\"robots\" content=\"max-image-preview:large\" \/>\n\t<link rel=\"canonical\" href=\"https:\/\/monatglobal.com\/ca\/skincare-c-radiance\/?lang=fr\" \/>\n\t<meta name=\"generator\" content=\"All in One SEO Pro (AIOSEO) 4.9.6\" \/>\n\t\t<meta property=\"og:locale\" content=\"en_US\" \/>\n\t\t<meta property=\"og:site_name\" content=\"Monat Canada English - We Are Modern Nature\" \/>\n\t\t<meta property=\"og:type\" content=\"article\" \/>\n\t\t<meta property=\"og:title\" content=\"C. Radiance\u2122 | Soins pour la peau MONAT - Monat Canada English\" \/>\n\t\t<meta property=\"og:description\" content=\"S\u00e9rum illuminantC. Radiance\u2122 Illumine et rehausse Antioxydants et prune de kakadu pour un teint radieux 30 ml \u212e 1,0 oz liq. Prix de VIP 111,00 $ CA Prix de d\u00e9tail 130,00 $ CA Prix de VIP 116,00 $ CA Prix de d\u00e9tail 137,00 $ CA Prix de VIP 108,00 $ CA Prix de d\u00e9tail 127,00\" \/>\n\t\t<meta property=\"og:url\" content=\"https:\/\/monatglobal.com\/ca\/skincare-c-radiance\/?lang=fr\" \/>\n\t\t<meta property=\"article:published_time\" content=\"2019-11-27T16:37:38+00:00\" \/>\n\t\t<meta property=\"article:modified_time\" content=\"2026-01-02T16:37:32+00:00\" \/>\n\t\t<meta name=\"twitter:card\" content=\"summary_large_image\" \/>\n\t\t<meta name=\"twitter:title\" content=\"C. Radiance\u2122 | Soins pour la peau MONAT - Monat Canada English\" \/>\n\t\t<meta name=\"twitter:description\" content=\"S\u00e9rum illuminantC. Radiance\u2122 Illumine et rehausse Antioxydants et prune de kakadu pour un teint radieux 30 ml \u212e 1,0 oz liq. Prix de VIP 111,00 $ CA Prix de d\u00e9tail 130,00 $ CA Prix de VIP 116,00 $ CA Prix de d\u00e9tail 137,00 $ CA Prix de VIP 108,00 $ CA Prix de d\u00e9tail 127,00\" \/>\n\t\t<script type=\"application\/ld+json\" class=\"aioseo-schema\">\n\t\t\t{\"@context\":\"https:\\\/\\\/schema.org\",\"@graph\":[{\"@type\":\"BreadcrumbList\",\"@id\":\"https:\\\/\\\/monatglobal.com\\\/ca\\\/skincare-c-radiance\\\/?lang=fr#breadcrumblist\",\"itemListElement\":[{\"@type\":\"ListItem\",\"@id\":\"https:\\\/\\\/monatglobal.com\\\/ca#listItem\",\"position\":1,\"name\":\"Home\",\"item\":\"https:\\\/\\\/monatglobal.com\\\/ca\",\"nextItem\":{\"@type\":\"ListItem\",\"@id\":\"https:\\\/\\\/monatglobal.com\\\/ca\\\/skincare-c-radiance\\\/?lang=fr#listItem\",\"name\":\"C. Radiance\\u2122 | Soins pour la peau MONAT\"}},{\"@type\":\"ListItem\",\"@id\":\"https:\\\/\\\/monatglobal.com\\\/ca\\\/skincare-c-radiance\\\/?lang=fr#listItem\",\"position\":2,\"name\":\"C. Radiance\\u2122 | Soins pour la peau MONAT\",\"previousItem\":{\"@type\":\"ListItem\",\"@id\":\"https:\\\/\\\/monatglobal.com\\\/ca#listItem\",\"name\":\"Home\"}}]},{\"@type\":\"Organization\",\"@id\":\"https:\\\/\\\/monatglobal.com\\\/ca\\\/#organization\",\"name\":\"Monat Canada English\",\"description\":\"We Are Modern Nature\",\"url\":\"https:\\\/\\\/monatglobal.com\\\/ca\\\/\"},{\"@type\":\"WebPage\",\"@id\":\"https:\\\/\\\/monatglobal.com\\\/ca\\\/skincare-c-radiance\\\/?lang=fr#webpage\",\"url\":\"https:\\\/\\\/monatglobal.com\\\/ca\\\/skincare-c-radiance\\\/?lang=fr\",\"name\":\"C. Radiance\\u2122 | Soins pour la peau MONAT - Monat Canada English\",\"description\":\"S\\u00e9rum illuminantC. Radiance\\u2122 Illumine et rehausse Antioxydants et prune de kakadu pour un teint radieux 30 ml \\u212e 1,0 oz liq. Prix de VIP 111,00 $ CA Prix de d\\u00e9tail 130,00 $ CA Prix de VIP 116,00 $ CA Prix de d\\u00e9tail 137,00 $ CA Prix de VIP 108,00 $ CA Prix de d\\u00e9tail 127,00\",\"inLanguage\":\"en-US\",\"isPartOf\":{\"@id\":\"https:\\\/\\\/monatglobal.com\\\/ca\\\/#website\"},\"breadcrumb\":{\"@id\":\"https:\\\/\\\/monatglobal.com\\\/ca\\\/skincare-c-radiance\\\/?lang=fr#breadcrumblist\"},\"image\":{\"@type\":\"ImageObject\",\"url\":\"https:\\\/\\\/monatglobal.com\\\/ca\\\/wp-content\\\/uploads\\\/sites\\\/5\\\/2020\\\/10\\\/c-radiance-500x438.png\",\"@id\":\"https:\\\/\\\/monatglobal.com\\\/ca\\\/skincare-c-radiance\\\/?lang=fr\\\/#mainImage\",\"width\":438,\"height\":500},\"primaryImageOfPage\":{\"@id\":\"https:\\\/\\\/monatglobal.com\\\/ca\\\/skincare-c-radiance\\\/?lang=fr#mainImage\"},\"datePublished\":\"2019-11-27T16:37:38-05:00\",\"dateModified\":\"2026-01-02T11:37:32-05:00\"},{\"@type\":\"WebSite\",\"@id\":\"https:\\\/\\\/monatglobal.com\\\/ca\\\/#website\",\"url\":\"https:\\\/\\\/monatglobal.com\\\/ca\\\/\",\"name\":\"Monat Canada English\",\"description\":\"We Are Modern Nature\",\"inLanguage\":\"en-US\",\"publisher\":{\"@id\":\"https:\\\/\\\/monatglobal.com\\\/ca\\\/#organization\"}}]}\n\t\t<\/script>\n\t\t<!-- All in One SEO Pro -->\r\n\t\t<title>C. Radiance\u2122 | Soins pour la peau MONAT - Monat Canada English<\/title>\n\n","aioseo_head_json":{"title":"C. Radiance\u2122 | Soins pour la peau MONAT - Monat Canada English","description":"S\u00e9rum illuminantC. Radiance\u2122 Illumine et rehausse Antioxydants et prune de kakadu pour un teint radieux 30 ml \u212e 1,0 oz liq. Prix de VIP 111,00 $ CA Prix de d\u00e9tail 130,00 $ CA Prix de VIP 116,00 $ CA Prix de d\u00e9tail 137,00 $ CA Prix de VIP 108,00 $ CA Prix de d\u00e9tail 127,00","canonical_url":"https:\/\/monatglobal.com\/ca\/skincare-c-radiance\/?lang=fr","robots":"max-image-preview:large","keywords":"","webmasterTools":{"miscellaneous":""},"schema":{"@context":"https:\/\/schema.org","@graph":[{"@type":"BreadcrumbList","@id":"https:\/\/monatglobal.com\/ca\/skincare-c-radiance\/?lang=fr#breadcrumblist","itemListElement":[{"@type":"ListItem","@id":"https:\/\/monatglobal.com\/ca#listItem","position":1,"name":"Home","item":"https:\/\/monatglobal.com\/ca","nextItem":{"@type":"ListItem","@id":"https:\/\/monatglobal.com\/ca\/skincare-c-radiance\/?lang=fr#listItem","name":"C. Radiance\u2122 | Soins pour la peau MONAT"}},{"@type":"ListItem","@id":"https:\/\/monatglobal.com\/ca\/skincare-c-radiance\/?lang=fr#listItem","position":2,"name":"C. Radiance\u2122 | Soins pour la peau MONAT","previousItem":{"@type":"ListItem","@id":"https:\/\/monatglobal.com\/ca#listItem","name":"Home"}}]},{"@type":"Organization","@id":"https:\/\/monatglobal.com\/ca\/#organization","name":"Monat Canada English","description":"We Are Modern Nature","url":"https:\/\/monatglobal.com\/ca\/"},{"@type":"WebPage","@id":"https:\/\/monatglobal.com\/ca\/skincare-c-radiance\/?lang=fr#webpage","url":"https:\/\/monatglobal.com\/ca\/skincare-c-radiance\/?lang=fr","name":"C. Radiance\u2122 | Soins pour la peau MONAT - Monat Canada English","description":"S\u00e9rum illuminantC. Radiance\u2122 Illumine et rehausse Antioxydants et prune de kakadu pour un teint radieux 30 ml \u212e 1,0 oz liq. Prix de VIP 111,00 $ CA Prix de d\u00e9tail 130,00 $ CA Prix de VIP 116,00 $ CA Prix de d\u00e9tail 137,00 $ CA Prix de VIP 108,00 $ CA Prix de d\u00e9tail 127,00","inLanguage":"en-US","isPartOf":{"@id":"https:\/\/monatglobal.com\/ca\/#website"},"breadcrumb":{"@id":"https:\/\/monatglobal.com\/ca\/skincare-c-radiance\/?lang=fr#breadcrumblist"},"image":{"@type":"ImageObject","url":"https:\/\/monatglobal.com\/ca\/wp-content\/uploads\/sites\/5\/2020\/10\/c-radiance-500x438.png","@id":"https:\/\/monatglobal.com\/ca\/skincare-c-radiance\/?lang=fr\/#mainImage","width":438,"height":500},"primaryImageOfPage":{"@id":"https:\/\/monatglobal.com\/ca\/skincare-c-radiance\/?lang=fr#mainImage"},"datePublished":"2019-11-27T16:37:38-05:00","dateModified":"2026-01-02T11:37:32-05:00"},{"@type":"WebSite","@id":"https:\/\/monatglobal.com\/ca\/#website","url":"https:\/\/monatglobal.com\/ca\/","name":"Monat Canada English","description":"We Are Modern Nature","inLanguage":"en-US","publisher":{"@id":"https:\/\/monatglobal.com\/ca\/#organization"}}]},"og:locale":"en_US","og:site_name":"Monat Canada English - We Are Modern Nature","og:type":"article","og:title":"C. Radiance\u2122 | Soins pour la peau MONAT - Monat Canada English","og:description":"S\u00e9rum illuminantC. Radiance\u2122 Illumine et rehausse Antioxydants et prune de kakadu pour un teint radieux 30 ml \u212e 1,0 oz liq. Prix de VIP 111,00 $ CA Prix de d\u00e9tail 130,00 $ CA Prix de VIP 116,00 $ CA Prix de d\u00e9tail 137,00 $ CA Prix de VIP 108,00 $ CA Prix de d\u00e9tail 127,00","og:url":"https:\/\/monatglobal.com\/ca\/skincare-c-radiance\/?lang=fr","article:published_time":"2019-11-27T16:37:38+00:00","article:modified_time":"2026-01-02T16:37:32+00:00","twitter:card":"summary_large_image","twitter:title":"C. Radiance\u2122 | Soins pour la peau MONAT - Monat Canada English","twitter:description":"S\u00e9rum illuminantC. Radiance\u2122 Illumine et rehausse Antioxydants et prune de kakadu pour un teint radieux 30 ml \u212e 1,0 oz liq. Prix de VIP 111,00 $ CA Prix de d\u00e9tail 130,00 $ CA Prix de VIP 116,00 $ CA Prix de d\u00e9tail 137,00 $ CA Prix de VIP 108,00 $ CA Prix de d\u00e9tail 127,00"},"aioseo_meta_data":{"post_id":"49204","title":null,"description":null,"keywords":null,"keyphrases":null,"primary_term":null,"canonical_url":null,"og_title":null,"og_description":null,"og_object_type":"default","og_image_type":"default","og_image_url":null,"og_image_width":null,"og_image_height":null,"og_image_custom_url":null,"og_image_custom_fields":null,"og_video":null,"og_custom_url":null,"og_article_section":null,"og_article_tags":null,"twitter_use_og":false,"twitter_card":"default","twitter_image_type":"default","twitter_image_url":null,"twitter_image_custom_url":null,"twitter_image_custom_fields":null,"twitter_title":null,"twitter_description":null,"schema":{"blockGraphs":[],"customGraphs":[],"default":{"data":{"Article":[],"Course":[],"Dataset":[],"FAQPage":[],"Movie":[],"Person":[],"Product":[],"ProductReview":[],"Car":[],"Recipe":[],"Service":[],"SoftwareApplication":[],"WebPage":[]},"graphName":"","isEnabled":true},"graphs":[]},"schema_type":"default","schema_type_options":null,"pillar_content":false,"robots_default":true,"robots_noindex":false,"robots_noarchive":false,"robots_nosnippet":false,"robots_nofollow":false,"robots_noimageindex":false,"robots_noodp":false,"robots_notranslate":false,"robots_max_snippet":null,"robots_max_videopreview":null,"robots_max_imagepreview":"large","priority":null,"frequency":null,"local_seo":null,"seo_analyzer_scan_date":"2026-02-10 04:23:47","limit_modified_date":false,"reviewed_by":null,"open_ai":null,"ai":null,"created":"2023-07-26 12:45:53","updated":"2026-02-10 18:58:19"},"aioseo_breadcrumb":"<div class=\"aioseo-breadcrumbs\"><span class=\"aioseo-breadcrumb\">\n\t<a href=\"https:\/\/monatglobal.com\/ca\" title=\"Home\">Home<\/a>\n<\/span><span class=\"aioseo-breadcrumb-separator\">&raquo;<\/span><span class=\"aioseo-breadcrumb\">\n\tC. Radiance\u2122 | Soins pour la peau MONAT\n<\/span><\/div>","aioseo_breadcrumb_json":[{"label":"Home","link":"https:\/\/monatglobal.com\/ca"},{"label":"C. Radiance\u2122 | Soins pour la peau MONAT","link":"https:\/\/monatglobal.com\/ca\/skincare-c-radiance\/?lang=fr"}],"_links":{"self":[{"href":"https:\/\/monatglobal.com\/ca\/wp-json\/wp\/v2\/pages\/49204","targetHints":{"allow":["GET"]}}],"collection":[{"href":"https:\/\/monatglobal.com\/ca\/wp-json\/wp\/v2\/pages"}],"about":[{"href":"https:\/\/monatglobal.com\/ca\/wp-json\/wp\/v2\/types\/page"}],"author":[{"embeddable":true,"href":"https:\/\/monatglobal.com\/ca\/wp-json\/wp\/v2\/users\/33"}],"replies":[{"embeddable":true,"href":"https:\/\/monatglobal.com\/ca\/wp-json\/wp\/v2\/comments?post=49204"}],"version-history":[{"count":25,"href":"https:\/\/monatglobal.com\/ca\/wp-json\/wp\/v2\/pages\/49204\/revisions"}],"predecessor-version":[{"id":109425,"href":"https:\/\/monatglobal.com\/ca\/wp-json\/wp\/v2\/pages\/49204\/revisions\/109425"}],"wp:featuredmedia":[{"embeddable":true,"href":"https:\/\/monatglobal.com\/ca\/wp-json\/wp\/v2\/media\/55405"}],"wp:attachment":[{"href":"https:\/\/monatglobal.com\/ca\/wp-json\/wp\/v2\/media?parent=49204"}],"wp:term":[{"taxonomy":"category","embeddable":true,"href":"https:\/\/monatglobal.com\/ca\/wp-json\/wp\/v2\/categories?post=49204"},{"taxonomy":"post_tag","embeddable":true,"href":"https:\/\/monatglobal.com\/ca\/wp-json\/wp\/v2\/tags?post=49204"}],"curies":[{"name":"wp","href":"https:\/\/api.w.org\/{rel}","templated":true}]}}