{"id":49197,"date":"2019-11-27T15:51:51","date_gmt":"2019-11-27T15:51:51","guid":{"rendered":"https:\/\/monatglobal.com\/ca\/?page_id=49197"},"modified":"2026-01-08T10:38:56","modified_gmt":"2026-01-08T15:38:56","slug":"skincare-night-age-control-cream","status":"publish","type":"page","link":"https:\/\/monatglobal.com\/ca\/skincare-night-age-control-cream\/?lang=fr","title":{"rendered":"Cr\u00e8me de nuit anti-\u00e2ge Night Haven\u2122 | Soins pour la peau MONAT"},"content":{"rendered":"\n\n\t\t\t\t<img loading=\"lazy\" decoding=\"async\" src=\"https:\/\/monatglobal.com\/wp-content\/uploads\/2019\/11\/night-haven-4.png\" alt=\"night-haven\" itemprop=\"image\" height=\"450\" width=\"341\" title=\"night-haven\" onerror=\"this.style.display='none'\"  \/>\n<h1>Cr\u00e8me de<br \/>nuit anti-\u00e2ge<br \/>Night Haven<sup>\u2122<\/sup><\/h1>\n\t<h3>\nRenouvelante et r\u00e9paratrice <br \/>\nAvec des c\u00e9ramides pour embellir la peau et REJUVENIQE S\u2122\n<\/h3>\n\t<p>50 ml \u212e 1,7 oz liq.<\/p> \n   Prix de VIP\n   <p> 96,00 $ CA<\/p>\n      Prix de d\u00e9tail\n      <p> 113,00 $ CA<\/p>\n   Prix de VIP\n   <p> 104,00 $ CA<\/p>\n      Prix de d\u00e9tail\n      <p> 122,00 $ CA<\/p>\n   Prix de VIP\n   <p> 92,00 $ CA<\/p>\n      Prix de d\u00e9tail\n      <p> 108,00 $ CA<\/p>\n\t<p> ON SALE Sunday, September 15 11a.m. EDT<\/p> \n\t<a href=\"https:\/\/monatglobal.com\/ca\/wp-content\/uploads\/sites\/5\/2019\/12\/CAN_Night-Haven_Customer-Info-sheet_FR.pdf\"> Voir la page d&#8217;information  <sup>\u2335<\/sup><\/a>\n\tPour en savoir plus sur Night Haven\u2122 Cr\u00e8me de nuit anti-\u00e2ge, veuillez contacter votre partenaire de march\u00e9 MONAT.\n\t\t\t<a href=\"https:\/\/corp.mymonat.com\/shop\/products\/night-heaven-overnight-age-control-cream\/?globallanguage=fr&#038;globalmarket=ca\" target=\"_blank\" role=\"button\" rel=\"noopener\">\n\t\t\t\t\t\t\tMAGASINEZ\n\t\t\t\t\t<\/a>\n\t CARACT\u00c9RISTIQUES\n\t<h1>Une luxueuse cr\u00e8me de nuit r\u00e9paratrice qui fond dans la peau, lui offrant des \u00e9l\u00e9ments nutritifs et une hydratation intense.<\/h1>\n\t<p>Le matin, la peau est rafra\u00eechie, \u00e9clatante et renouvel\u00e9e. Utiliser chaque soir pour une peau repulp\u00e9e et plus lisse avec une meilleure \u00e9lasticit\u00e9.<\/p>\n\t <h1>Renouvelante et r\u00e9paratrice<\/h1>\n\t<h1>Cet hydratant de nuit soyeux se fond dans la peau gr\u00e2ce aux ingr\u00e9dients con\u00e7us pour rehausser le processus de renouv\u00e8lement de la peau. Travaille toute la nuit pour repulper, resserrer, lisser, adoucir et am\u00e9liorer l&#8217;\u00e9lasticit\u00e9 de la peau pour un teint plus rafra\u00eechi, radieux et plus brillant.<\/h1>\n\t<h1>Mode d&#8217;emploi<\/h1>\n\t<p>\/ Utiliser chaque soir.<\/p>\n<p>\/ Appliquer une fois que votre s\u00e9rum de nuit et votre cr\u00e8me pour les yeux MONAT sont compl\u00e8tement absorb\u00e9s.<\/p>  \n<p>\/ Retirer une petite quantit\u00e9 du produit \u00e0 l&#8217;aide de la spatule.<\/p>\n<p>\/ Appliquer de fa\u00e7on uniforme sur le bout de doigts.<\/p>\n<p>\/ Masser sur le visage, le cou et le d\u00e9collet\u00e9 avec des mouvements vers le haut pour dynamiser la peau.<\/p>\n\t\t\t<a href=\"https:\/\/www.youtube.com\/watch?v=IpNJtpBjMl4\" role=\"button\">\n\t\t\t\t\t\t\t<\/a>\n\tNight Haven\u2122<br \/>\n0:27\n\t\t\t<a href=\"https:\/\/corp.mymonat.com\/shop\/products\/night-heaven-overnight-age-control-cream\/?globallanguage=fr&#038;globalmarket=ca\" target=\"_blank\" role=\"button\" rel=\"noopener\">\n\t\t\t\t\t\t\tMAGASINEZ\n\t\t\t\t\t<\/a>\n\t<h1>Suggestion<\/h1>\n\t<p>\/ La nuit est une p\u00e9riode de r\u00e9paration et de r\u00e9cup\u00e9ration, le moment parfait pour se concentrer sur l&#8217;alimentation et l&#8217;hydratation.<\/p>\n\t Ingr\u00e9dients actifs cl\u00e9s\n  <!-- Generator: Adobe Illustrator 23.0.3, SVG Export Plug-In . SVG Version: 6.00 Build 0)  -->\n<p> REJUVENIQE S\u2122<\/p>\n<p>Hydrate et nourrit<\/p>\n<p> C\u00e9ramides<\/p>\n<p>Soutiennent et hydratent la barri\u00e8re cutan\u00e9e<\/p>\n<p> Acide hyaluronique<\/p>\n<p> Attire l&#8217;humidit\u00e9<\/p>\n<p>Huile d&#8217;avocat<\/p>\n<p>Nourrit et apaise<\/p>\n<p>Beurre de karit\u00e9<\/p>\n<p>Hydrate et conditionne<\/p>\n\t\t\t<a href=\"#\" role=\"button\">\n\t\t\t\t\t\t\tLISTE D&#8217;INGR\u00c9DIENTS\n\t\t\t\t\t<\/a>\n\t\tAqua\/Water\/Eau, Trimethylolpropane Triisostearate, Ethyl Macadamiate, Hydrogenated Sunflower Seed Oil Polyglyceryl-3 Esters, Persea Gratissima (Avocado) Oil, Dimethicone, Helianthus Annuus (Sunflower) Seed Oil, Butyrospermum Parkii (Shea) Butter, Ceramide NP, Ceramide AP, Ceramide EOP, Sodium Hyaluronate, Bidens Pilosa Extract, Phytosphingosine, Glycyrrhiza Glabra (Licorice) Root Extract, Physalis Angulata Extract, Limnanthes\nAlba (Meadowfoam) Seed Oil, Crambe Abyssinica Seed Oil, Camellia Oleifera Seed Oil, Solanum Lycopersicum (Tomato) Seed Oil, Daucus Carota Sativa (Carrot) Seed Oil, Citrus Limon (Lemon) Peel Oil, Citrus Aurantifolia (Lime) Oil, Citrus Aurantium Bergamia (Bergamot) Fruit Oil, Adansonia Digitata Oil, Mauritia Flexuosa Fruit Oil, Cocos Nucifera (Coconut) Oil, Gardenia Taitensis Flower Extract, Moringa Oleifera Seed Oil, Caryocar Brasiliense Fruit Oil, Olea Europaea (Olive) Fruit Oil, Simmondsia Chinensis (Jojoba) Seed Extract, Gossypium Herbaceum (Cotton) Seed Oil, Linum Usitatissimum (Linseed) Seed Oil, Elaeis Guineensis (Palm) Oil, Glycerin, Tocopherol, Xanthan Gum, Sodium Polyacrylate, Xylitol, Caprylic Acid, Glyceryl Stearate, Caprylic\/Capric Triglyceride, Hydrogenated Sunflower Seed Oil Glyceryl Esters, Cetearyl Alcohol, Sodium Stearoyl Lactylate, Sodium Lauroyl Lactylate, Dimethiconol, Cholesterol, Carbomer, Fragrance\/Parfum, Ethylhexylglycerin, Benzyl Alcohol.\n\t\n\t<link rel=\"stylesheet\" href=\"https:\/\/unpkg.com\/swiper\/swiper-bundle.min.css\" \/>\n<link rel=\"stylesheet\" href=\"https:\/\/monatglobal.com\/wp-content\/creative_css\/product_styles_sheet.css\" \/>\n   <!--==================================================== You might also like section ====================================================-->\n      <h2>YOU MIGHT ALSO LIKE<\/h2>\n      <!--==================================================== Slider YOU MIGHT ALSO LIKE ====================================================-->\n            <!--==================================================== Slides products ====================================================-->\n               <a href=\"\/ca\/holidays-2021-minis-mirror\/?lang=fr\" aria-label=\"Go to Magic Minis &#038; Mirror page\">\n                  <img decoding=\"async\" src=\"https:\/\/monatglobal.com\/wp-content\/uploads\/2021\/10\/magic-mini-mirror-300x300-1.jpg\" alt=\"Magic Minis &#038; Mirror\"\/>\n                  <p>Soins minis et magie miroir<\/p>\n               <\/a>\n               <a href=\"\/ca\/age-control-nectar\/\" aria-label=\"Go to Rewind\u2122 Age Control Nectar page\">\n                  <img decoding=\"async\" src=\"https:\/\/monatglobal.com\/wp-content\/uploads\/2019\/09\/rewind-age-control-nectar-1.png\" alt=\"Rewind\u2122 Age Control Nectar\"\/>\n                  <p>Nectar anti-\u00e2ge<br \/>Rewind\u2122<\/p>\n               <\/a>\n               <a href=\"\/ca\/eye-smooth\/?lang=fr\" aria-label=\"Go to Eye Smooth\u2122 page\">\n                  <img decoding=\"async\" src=\"https:\/\/monatglobal.com\/wp-content\/uploads\/2020\/10\/eye-smooth-500x438.png\" alt=\"Eye Smooth\u2122\"\/>\n                  <p>Cr\u00e8me yeux nourrissante<br \/>&#8220;Eye SmoothTM&#8221;<\/p>\n               <\/a>\n         <!--==================================================== If we need navigation buttons  ====================================================-->\n         <!--==================================================== If we need paginations  ====================================================-->\n<!--==================================================== this link has to go last for it to work   ====================================================-->\n\t VOUS POURRIEZ AUSSI AIMER\n\t<a href=\"https:\/\/monatglobal.com\/ca\/products\/?lang=fr&#038;line=soins-de-la-peau\"><h1>Tous les produits de soins pour la peau\n<\/h1><\/a>\n\n","protected":false},"excerpt":{"rendered":"<p>Cr\u00e8me denuit anti-\u00e2geNight Haven\u2122 Renouvelante et r\u00e9paratrice Avec des c\u00e9ramides pour embellir la peau et REJUVENIQE S\u2122 50 ml \u212e 1,7 oz liq. Prix de VIP 96,00 $ CA Prix de d\u00e9tail 113,00 $ CA Prix de VIP 104,00 $ CA Prix de d\u00e9tail 122,00 $ CA Prix de VIP 92,00 $ CA Prix de&hellip;<\/p>\n","protected":false},"author":33,"featured_media":55410,"parent":0,"menu_order":0,"comment_status":"closed","ping_status":"closed","template":"","meta":{"inline_featured_image":false,"om_disable_all_campaigns":false,"_monsterinsights_skip_tracking":false,"_monsterinsights_sitenote_active":false,"_monsterinsights_sitenote_note":"","_monsterinsights_sitenote_category":0,"footnotes":""},"categories":[3629],"tags":[],"class_list":["post-49197","page","type-page","status-publish","has-post-thumbnail","hentry","category-product-fra"],"aioseo_notices":[],"aioseo_head":"\n\t\t<!-- All in One SEO Pro 4.9.5.2 - aioseo.com -->\n\t<meta name=\"description\" content=\"Cr\u00e8me denuit anti-\u00e2geNight Haven\u2122 Renouvelante et r\u00e9paratrice Avec des c\u00e9ramides pour embellir la peau et REJUVENIQE S\u2122 50 ml \u212e 1,7 oz liq. Prix de VIP 96,00 $ CA Prix de d\u00e9tail 113,00 $ CA Prix de VIP 104,00 $ CA Prix de d\u00e9tail 122,00 $ CA Prix de VIP 92,00 $ CA Prix de\" \/>\n\t<meta name=\"robots\" content=\"max-image-preview:large\" \/>\n\t<link rel=\"canonical\" href=\"https:\/\/monatglobal.com\/ca\/skincare-night-age-control-cream\/?lang=fr\" \/>\n\t<meta name=\"generator\" content=\"All in One SEO Pro (AIOSEO) 4.9.5.2\" \/>\n\t\t<meta property=\"og:locale\" content=\"en_US\" \/>\n\t\t<meta property=\"og:site_name\" content=\"Monat Canada English - We Are Modern Nature\" \/>\n\t\t<meta property=\"og:type\" content=\"article\" \/>\n\t\t<meta property=\"og:title\" content=\"Cr\u00e8me de nuit anti-\u00e2ge Night Haven\u2122 | Soins pour la peau MONAT - Monat Canada English\" \/>\n\t\t<meta property=\"og:description\" content=\"Cr\u00e8me denuit anti-\u00e2geNight Haven\u2122 Renouvelante et r\u00e9paratrice Avec des c\u00e9ramides pour embellir la peau et REJUVENIQE S\u2122 50 ml \u212e 1,7 oz liq. Prix de VIP 96,00 $ CA Prix de d\u00e9tail 113,00 $ CA Prix de VIP 104,00 $ CA Prix de d\u00e9tail 122,00 $ CA Prix de VIP 92,00 $ CA Prix de\" \/>\n\t\t<meta property=\"og:url\" content=\"https:\/\/monatglobal.com\/ca\/skincare-night-age-control-cream\/?lang=fr\" \/>\n\t\t<meta property=\"article:published_time\" content=\"2019-11-27T15:51:51+00:00\" \/>\n\t\t<meta property=\"article:modified_time\" content=\"2026-01-08T15:38:56+00:00\" \/>\n\t\t<meta name=\"twitter:card\" content=\"summary_large_image\" \/>\n\t\t<meta name=\"twitter:title\" content=\"Cr\u00e8me de nuit anti-\u00e2ge Night Haven\u2122 | Soins pour la peau MONAT - Monat Canada English\" \/>\n\t\t<meta name=\"twitter:description\" content=\"Cr\u00e8me denuit anti-\u00e2geNight Haven\u2122 Renouvelante et r\u00e9paratrice Avec des c\u00e9ramides pour embellir la peau et REJUVENIQE S\u2122 50 ml \u212e 1,7 oz liq. Prix de VIP 96,00 $ CA Prix de d\u00e9tail 113,00 $ CA Prix de VIP 104,00 $ CA Prix de d\u00e9tail 122,00 $ CA Prix de VIP 92,00 $ CA Prix de\" \/>\n\t\t<script type=\"application\/ld+json\" class=\"aioseo-schema\">\n\t\t\t{\"@context\":\"https:\\\/\\\/schema.org\",\"@graph\":[{\"@type\":\"BreadcrumbList\",\"@id\":\"https:\\\/\\\/monatglobal.com\\\/ca\\\/skincare-night-age-control-cream\\\/?lang=fr#breadcrumblist\",\"itemListElement\":[{\"@type\":\"ListItem\",\"@id\":\"https:\\\/\\\/monatglobal.com\\\/ca#listItem\",\"position\":1,\"name\":\"Home\",\"item\":\"https:\\\/\\\/monatglobal.com\\\/ca\",\"nextItem\":{\"@type\":\"ListItem\",\"@id\":\"https:\\\/\\\/monatglobal.com\\\/ca\\\/skincare-night-age-control-cream\\\/?lang=fr#listItem\",\"name\":\"Cr\\u00e8me de nuit anti-\\u00e2ge Night Haven\\u2122 | Soins pour la peau MONAT\"}},{\"@type\":\"ListItem\",\"@id\":\"https:\\\/\\\/monatglobal.com\\\/ca\\\/skincare-night-age-control-cream\\\/?lang=fr#listItem\",\"position\":2,\"name\":\"Cr\\u00e8me de nuit anti-\\u00e2ge Night Haven\\u2122 | Soins pour la peau MONAT\",\"previousItem\":{\"@type\":\"ListItem\",\"@id\":\"https:\\\/\\\/monatglobal.com\\\/ca#listItem\",\"name\":\"Home\"}}]},{\"@type\":\"Organization\",\"@id\":\"https:\\\/\\\/monatglobal.com\\\/ca\\\/#organization\",\"name\":\"Monat Canada English\",\"description\":\"We Are Modern Nature\",\"url\":\"https:\\\/\\\/monatglobal.com\\\/ca\\\/\"},{\"@type\":\"WebPage\",\"@id\":\"https:\\\/\\\/monatglobal.com\\\/ca\\\/skincare-night-age-control-cream\\\/?lang=fr#webpage\",\"url\":\"https:\\\/\\\/monatglobal.com\\\/ca\\\/skincare-night-age-control-cream\\\/?lang=fr\",\"name\":\"Cr\\u00e8me de nuit anti-\\u00e2ge Night Haven\\u2122 | Soins pour la peau MONAT - Monat Canada English\",\"description\":\"Cr\\u00e8me denuit anti-\\u00e2geNight Haven\\u2122 Renouvelante et r\\u00e9paratrice Avec des c\\u00e9ramides pour embellir la peau et REJUVENIQE S\\u2122 50 ml \\u212e 1,7 oz liq. Prix de VIP 96,00 $ CA Prix de d\\u00e9tail 113,00 $ CA Prix de VIP 104,00 $ CA Prix de d\\u00e9tail 122,00 $ CA Prix de VIP 92,00 $ CA Prix de\",\"inLanguage\":\"en-US\",\"isPartOf\":{\"@id\":\"https:\\\/\\\/monatglobal.com\\\/ca\\\/#website\"},\"breadcrumb\":{\"@id\":\"https:\\\/\\\/monatglobal.com\\\/ca\\\/skincare-night-age-control-cream\\\/?lang=fr#breadcrumblist\"},\"image\":{\"@type\":\"ImageObject\",\"url\":\"https:\\\/\\\/monatglobal.com\\\/ca\\\/wp-content\\\/uploads\\\/sites\\\/5\\\/2020\\\/10\\\/night-haven-500x438.png\",\"@id\":\"https:\\\/\\\/monatglobal.com\\\/ca\\\/skincare-night-age-control-cream\\\/?lang=fr\\\/#mainImage\",\"width\":438,\"height\":500},\"primaryImageOfPage\":{\"@id\":\"https:\\\/\\\/monatglobal.com\\\/ca\\\/skincare-night-age-control-cream\\\/?lang=fr#mainImage\"},\"datePublished\":\"2019-11-27T15:51:51-05:00\",\"dateModified\":\"2026-01-08T10:38:56-05:00\"},{\"@type\":\"WebSite\",\"@id\":\"https:\\\/\\\/monatglobal.com\\\/ca\\\/#website\",\"url\":\"https:\\\/\\\/monatglobal.com\\\/ca\\\/\",\"name\":\"Monat Canada English\",\"description\":\"We Are Modern Nature\",\"inLanguage\":\"en-US\",\"publisher\":{\"@id\":\"https:\\\/\\\/monatglobal.com\\\/ca\\\/#organization\"}}]}\n\t\t<\/script>\n\t\t<!-- All in One SEO Pro -->\r\n\t\t<title>Cr\u00e8me de nuit anti-\u00e2ge Night Haven\u2122 | Soins pour la peau MONAT - Monat Canada English<\/title>\n\n","aioseo_head_json":{"title":"Cr\u00e8me de nuit anti-\u00e2ge Night Haven\u2122 | Soins pour la peau MONAT - Monat Canada English","description":"Cr\u00e8me denuit anti-\u00e2geNight Haven\u2122 Renouvelante et r\u00e9paratrice Avec des c\u00e9ramides pour embellir la peau et REJUVENIQE S\u2122 50 ml \u212e 1,7 oz liq. Prix de VIP 96,00 $ CA Prix de d\u00e9tail 113,00 $ CA Prix de VIP 104,00 $ CA Prix de d\u00e9tail 122,00 $ CA Prix de VIP 92,00 $ CA Prix de","canonical_url":"https:\/\/monatglobal.com\/ca\/skincare-night-age-control-cream\/?lang=fr","robots":"max-image-preview:large","keywords":"","webmasterTools":{"miscellaneous":""},"schema":{"@context":"https:\/\/schema.org","@graph":[{"@type":"BreadcrumbList","@id":"https:\/\/monatglobal.com\/ca\/skincare-night-age-control-cream\/?lang=fr#breadcrumblist","itemListElement":[{"@type":"ListItem","@id":"https:\/\/monatglobal.com\/ca#listItem","position":1,"name":"Home","item":"https:\/\/monatglobal.com\/ca","nextItem":{"@type":"ListItem","@id":"https:\/\/monatglobal.com\/ca\/skincare-night-age-control-cream\/?lang=fr#listItem","name":"Cr\u00e8me de nuit anti-\u00e2ge Night Haven\u2122 | Soins pour la peau MONAT"}},{"@type":"ListItem","@id":"https:\/\/monatglobal.com\/ca\/skincare-night-age-control-cream\/?lang=fr#listItem","position":2,"name":"Cr\u00e8me de nuit anti-\u00e2ge Night Haven\u2122 | Soins pour la peau MONAT","previousItem":{"@type":"ListItem","@id":"https:\/\/monatglobal.com\/ca#listItem","name":"Home"}}]},{"@type":"Organization","@id":"https:\/\/monatglobal.com\/ca\/#organization","name":"Monat Canada English","description":"We Are Modern Nature","url":"https:\/\/monatglobal.com\/ca\/"},{"@type":"WebPage","@id":"https:\/\/monatglobal.com\/ca\/skincare-night-age-control-cream\/?lang=fr#webpage","url":"https:\/\/monatglobal.com\/ca\/skincare-night-age-control-cream\/?lang=fr","name":"Cr\u00e8me de nuit anti-\u00e2ge Night Haven\u2122 | Soins pour la peau MONAT - Monat Canada English","description":"Cr\u00e8me denuit anti-\u00e2geNight Haven\u2122 Renouvelante et r\u00e9paratrice Avec des c\u00e9ramides pour embellir la peau et REJUVENIQE S\u2122 50 ml \u212e 1,7 oz liq. Prix de VIP 96,00 $ CA Prix de d\u00e9tail 113,00 $ CA Prix de VIP 104,00 $ CA Prix de d\u00e9tail 122,00 $ CA Prix de VIP 92,00 $ CA Prix de","inLanguage":"en-US","isPartOf":{"@id":"https:\/\/monatglobal.com\/ca\/#website"},"breadcrumb":{"@id":"https:\/\/monatglobal.com\/ca\/skincare-night-age-control-cream\/?lang=fr#breadcrumblist"},"image":{"@type":"ImageObject","url":"https:\/\/monatglobal.com\/ca\/wp-content\/uploads\/sites\/5\/2020\/10\/night-haven-500x438.png","@id":"https:\/\/monatglobal.com\/ca\/skincare-night-age-control-cream\/?lang=fr\/#mainImage","width":438,"height":500},"primaryImageOfPage":{"@id":"https:\/\/monatglobal.com\/ca\/skincare-night-age-control-cream\/?lang=fr#mainImage"},"datePublished":"2019-11-27T15:51:51-05:00","dateModified":"2026-01-08T10:38:56-05:00"},{"@type":"WebSite","@id":"https:\/\/monatglobal.com\/ca\/#website","url":"https:\/\/monatglobal.com\/ca\/","name":"Monat Canada English","description":"We Are Modern Nature","inLanguage":"en-US","publisher":{"@id":"https:\/\/monatglobal.com\/ca\/#organization"}}]},"og:locale":"en_US","og:site_name":"Monat Canada English - We Are Modern Nature","og:type":"article","og:title":"Cr\u00e8me de nuit anti-\u00e2ge Night Haven\u2122 | Soins pour la peau MONAT - Monat Canada English","og:description":"Cr\u00e8me denuit anti-\u00e2geNight Haven\u2122 Renouvelante et r\u00e9paratrice Avec des c\u00e9ramides pour embellir la peau et REJUVENIQE S\u2122 50 ml \u212e 1,7 oz liq. Prix de VIP 96,00 $ CA Prix de d\u00e9tail 113,00 $ CA Prix de VIP 104,00 $ CA Prix de d\u00e9tail 122,00 $ CA Prix de VIP 92,00 $ CA Prix de","og:url":"https:\/\/monatglobal.com\/ca\/skincare-night-age-control-cream\/?lang=fr","article:published_time":"2019-11-27T15:51:51+00:00","article:modified_time":"2026-01-08T15:38:56+00:00","twitter:card":"summary_large_image","twitter:title":"Cr\u00e8me de nuit anti-\u00e2ge Night Haven\u2122 | Soins pour la peau MONAT - Monat Canada English","twitter:description":"Cr\u00e8me denuit anti-\u00e2geNight Haven\u2122 Renouvelante et r\u00e9paratrice Avec des c\u00e9ramides pour embellir la peau et REJUVENIQE S\u2122 50 ml \u212e 1,7 oz liq. Prix de VIP 96,00 $ CA Prix de d\u00e9tail 113,00 $ CA Prix de VIP 104,00 $ CA Prix de d\u00e9tail 122,00 $ CA Prix de VIP 92,00 $ CA Prix de"},"aioseo_meta_data":{"post_id":"49197","title":null,"description":null,"keywords":null,"keyphrases":{"focus":{"keyphrase":"","score":0,"analysis":{"keyphraseInTitle":{"score":0,"maxScore":9,"error":1}}},"additional":[]},"primary_term":null,"canonical_url":null,"og_title":null,"og_description":null,"og_object_type":"default","og_image_type":"default","og_image_url":null,"og_image_width":null,"og_image_height":null,"og_image_custom_url":null,"og_image_custom_fields":null,"og_video":"","og_custom_url":null,"og_article_section":null,"og_article_tags":null,"twitter_use_og":false,"twitter_card":"default","twitter_image_type":"default","twitter_image_url":null,"twitter_image_custom_url":null,"twitter_image_custom_fields":null,"twitter_title":null,"twitter_description":null,"schema":{"blockGraphs":[],"customGraphs":[],"default":{"data":{"Article":[],"Course":[],"Dataset":[],"FAQPage":[],"Movie":[],"Person":[],"Product":[],"ProductReview":[],"Car":[],"Recipe":[],"Service":[],"SoftwareApplication":[],"WebPage":[]},"graphName":"WebPage","isEnabled":true},"graphs":[]},"schema_type":"default","schema_type_options":null,"pillar_content":false,"robots_default":true,"robots_noindex":false,"robots_noarchive":false,"robots_nosnippet":false,"robots_nofollow":false,"robots_noimageindex":false,"robots_noodp":false,"robots_notranslate":false,"robots_max_snippet":"-1","robots_max_videopreview":"-1","robots_max_imagepreview":"large","priority":null,"frequency":"default","local_seo":null,"seo_analyzer_scan_date":"2026-02-10 04:23:42","limit_modified_date":false,"reviewed_by":null,"open_ai":"{\"title\":{\"suggestions\":[],\"usage\":0},\"description\":{\"suggestions\":[],\"usage\":0}}","ai":null,"created":"2023-07-26 12:45:53","updated":"2026-02-10 18:58:05"},"aioseo_breadcrumb":"<div class=\"aioseo-breadcrumbs\"><span class=\"aioseo-breadcrumb\">\n\t<a href=\"https:\/\/monatglobal.com\/ca\" title=\"Home\">Home<\/a>\n<\/span><span class=\"aioseo-breadcrumb-separator\">&raquo;<\/span><span class=\"aioseo-breadcrumb\">\n\tCr\u00e8me de nuit anti-\u00e2ge Night Haven\u2122 | Soins pour la peau MONAT\n<\/span><\/div>","aioseo_breadcrumb_json":[{"label":"Home","link":"https:\/\/monatglobal.com\/ca"},{"label":"Cr\u00e8me de nuit anti-\u00e2ge Night Haven\u2122 | Soins pour la peau MONAT","link":"https:\/\/monatglobal.com\/ca\/skincare-night-age-control-cream\/?lang=fr"}],"_links":{"self":[{"href":"https:\/\/monatglobal.com\/ca\/wp-json\/wp\/v2\/pages\/49197","targetHints":{"allow":["GET"]}}],"collection":[{"href":"https:\/\/monatglobal.com\/ca\/wp-json\/wp\/v2\/pages"}],"about":[{"href":"https:\/\/monatglobal.com\/ca\/wp-json\/wp\/v2\/types\/page"}],"author":[{"embeddable":true,"href":"https:\/\/monatglobal.com\/ca\/wp-json\/wp\/v2\/users\/33"}],"replies":[{"embeddable":true,"href":"https:\/\/monatglobal.com\/ca\/wp-json\/wp\/v2\/comments?post=49197"}],"version-history":[{"count":30,"href":"https:\/\/monatglobal.com\/ca\/wp-json\/wp\/v2\/pages\/49197\/revisions"}],"predecessor-version":[{"id":109773,"href":"https:\/\/monatglobal.com\/ca\/wp-json\/wp\/v2\/pages\/49197\/revisions\/109773"}],"wp:featuredmedia":[{"embeddable":true,"href":"https:\/\/monatglobal.com\/ca\/wp-json\/wp\/v2\/media\/55410"}],"wp:attachment":[{"href":"https:\/\/monatglobal.com\/ca\/wp-json\/wp\/v2\/media?parent=49197"}],"wp:term":[{"taxonomy":"category","embeddable":true,"href":"https:\/\/monatglobal.com\/ca\/wp-json\/wp\/v2\/categories?post=49197"},{"taxonomy":"post_tag","embeddable":true,"href":"https:\/\/monatglobal.com\/ca\/wp-json\/wp\/v2\/tags?post=49197"}],"curies":[{"name":"wp","href":"https:\/\/api.w.org\/{rel}","templated":true}]}}